{"id":992,"date":"2020-12-30T15:18:29","date_gmt":"2020-12-30T15:18:29","guid":{"rendered":"https:\/\/pldistribucion.com.ar\/web\/?post_type=product&#038;p=992"},"modified":"2022-06-30T13:05:21","modified_gmt":"2022-06-30T13:05:21","slug":"atf-sintetico-all","status":"publish","type":"product","link":"https:\/\/pldistribucion.com.ar\/web\/producto\/atf-sintetico-all\/","title":{"rendered":"YPF ATF SINT\u00c9TICO ALL"},"content":{"rendered":"<h1><span style=\"font-size: 75%;\"><em><strong>YPF ATF SINT\u00c9TICO ALL \/ <span style=\"color: #000080;\"><a style=\"color: #000080;\" href=\"https:\/\/www.ypf.com\/productosyservicios\/Descargas\/ATF-Sintetico-ALL.PDF\" target=\"_blank\" rel=\"noopener\">Ver ficha t\u00e9cnica<\/a><\/span><\/strong><\/em><\/span><\/h1>\n<h3><span style=\"font-size: 80%; background-color: #99ccff;\"><strong>DESCRIPCI\u00d3N DEL PRODUCTO<\/strong><\/span><\/h3>\n<p><span style=\"color: #000000;\">YPF ATF SINT\u00c9TICO ALL\u00a0 es un lubricante Premium para cajas autom\u00e1ticas utilizadas en veh\u00edculos de trabajo y comerciales. Las bases sint\u00e9ticas y aditivos que forman parte de su formulaci\u00f3n le confieren un alto desempe\u00f1o durante el servicio y una extensi\u00f3n del per\u00edodo de drenaje frente a otros productos convencionales.<\/span><\/p>\n<h3><span style=\"font-size: 80%; background-color: #99ccff;\"><strong>PROPIEDADES Y BENEFICIOS<\/strong><\/span><\/h3>\n<ul>\n<li><span style=\"color: #000000;\">Drenaje extendido frente a otros fluidos ATF convencionales.<\/span><\/li>\n<li><span style=\"color: #000000;\">Excelente control en la formaci\u00f3n de dep\u00f3sitos, gracias a su estabilidad t\u00e9rmica y alta resistencia a la oxidaci\u00f3n.<\/span><\/li>\n<li><span style=\"color: #000000;\">Optima capacidad para modificar la fricci\u00f3n, asegurando una adecuada protecci\u00f3n frente al desgaste y prolongando as\u00ed la vida \u00fatil de la transmisi\u00f3n.<\/span><\/li>\n<li><span style=\"color: #000000;\">Efectivas propiedades para controlar la corrosi\u00f3n del mecanismo por m\u00e1s tiempo.<\/span><\/li>\n<li><span style=\"color: #000000;\">Alto \u00edndice de viscosidad, lo cual asegura su buena performance tanto a baja como a alta temperatura ambiente.<\/span><\/li>\n<li><span style=\"color: #000000;\">Compatibilidad y mejor desempe\u00f1o en cajas donde la Allison TES 389 es recomendada.<\/span><\/li>\n<\/ul>\n<h3><span style=\"font-size: 80%; background-color: #99ccff;\"><strong>APLICACIONES<\/strong><\/span><\/h3>\n<p><span style=\"color: #000000;\">YPF SINTETICO ALL es especialmente recomendado para trasmisiones autom\u00e1ticas de utilitarios, buses y camiones equipados con cajas Allison Serie 2000 y 3000 donde la especificaci\u00f3n ALLISON TES 295 es requerida.<\/span><\/p>\n<hr \/>\n<p><span style=\"color: #000080;\"><strong><a style=\"color: #000080;\" href=\"https:\/\/pldistribucion.com.ar\/web\/wp-content\/uploads\/FDS-ATF-SINTETICO-ALL.pdf\" target=\"_blank\" rel=\"noopener\">Ver hoja de seguridad<\/a><\/strong><\/span><\/p>\n<p><strong><span style=\"color: #000080;\"><a style=\"color: #000080;\" href=\"https:\/\/pldistribucion.com.ar\/web\/productos\/?filter_marcas=ypf\">Ver m\u00e1s productos YPF<\/a><\/span><\/strong><\/p>\n<p><span style=\"color: #000000;\">( YPF es la mayor empresa de Argentina y la quinta petrolera m\u00e1s grande de la regi\u00f3n, <sup id=\"cite_ref-5\" class=\"reference separada\"><\/sup>empleando directa o indirectamente a m\u00e1s de 72.000 personas de todo el pa\u00eds. En la lista Forbes Global 2000 de 2020, YPF fue clasificada como la 1360a empresa m\u00e1s grande del mundo. Adem\u00e1s posee noventa y dos bloques productivos distribuidos en cuencas de todo el territorio argentino y cuarenta y ocho bloques exploratorios&#8230;)<\/span><\/p>\n<p><span style=\"color: #000080;\"><strong><a style=\"color: #000080;\" href=\"https:\/\/www.ypf.com\/YPFHoy\/YPFSalaPrensa\/Paginas\/Noticias\/90-a%C3%B1os.aspx\" target=\"_blank\" rel=\"noopener\">Conoce m\u00e1s sobre YPF<\/a><\/strong><\/span><\/p>\n","protected":false},"excerpt":{"rendered":"<p><img loading=\"lazy\" decoding=\"async\" class=\"alignnone size-medium wp-image-876\" src=\"https:\/\/pldistribucion.com.ar\/web\/wp-content\/uploads\/f385fd1b3c80b60047a0659ecb2bd268-300x222.jpg\" alt=\"\" width=\"300\" height=\"222\" srcset=\"https:\/\/pldistribucion.com.ar\/web\/wp-content\/uploads\/f385fd1b3c80b60047a0659ecb2bd268-300x222.jpg 300w, https:\/\/pldistribucion.com.ar\/web\/wp-content\/uploads\/f385fd1b3c80b60047a0659ecb2bd268.jpg 540w\" sizes=\"(max-width: 300px) 100vw, 300px\" \/><\/p>\n<p>YPF\u200b\u200b es una empresa argentina\u200b de energ\u00eda dedicada a la exploraci\u00f3n, explotaci\u00f3n, destilaci\u00f3n, distribuci\u00f3n y producci\u00f3n de energ\u00eda el\u00e9ctrica, gas, petr\u00f3leo y derivados de los hidrocarburos y venta de combustibles, lubricantes, fertilizantes, pl\u00e1sticos y otros productos relacionados con la industria. Por otro lado es el mayor productor de bases lubricantes en la Argentina. Las mismas son provenientes de crudos paraf\u00ednicos y son sometidas a severos tratamientos de refino, que les confieren un alto \u00edndice de viscosidad y una excelente estabilidad a la oxidaci\u00f3n.<\/p>\n","protected":false},"featured_media":953,"comment_status":"open","ping_status":"closed","template":"","meta":[],"product_cat":[16,35],"product_tag":[],"yoast_head":"<!-- This site is optimized with the Yoast SEO plugin v23.0 - https:\/\/yoast.com\/wordpress\/plugins\/seo\/ -->\n<title>YPF ATF SINT\u00c9TICO ALL - Perfomance Lube - Lubricantes<\/title>\n<meta name=\"description\" content=\"Distribuidor de lubricantes YPF, l\u00ednea ELAION de diferentes aplicaciones. Env\u00edos a todo el pa\u00eds. Variedad de productos y stock disponible.\" \/>\n<meta name=\"robots\" content=\"index, follow, max-snippet:-1, max-image-preview:large, max-video-preview:-1\" \/>\n<link rel=\"canonical\" href=\"https:\/\/pldistribucion.com.ar\/web\/producto\/atf-sintetico-all\/\" \/>\n<meta property=\"og:locale\" content=\"es_ES\" \/>\n<meta property=\"og:type\" content=\"article\" \/>\n<meta property=\"og:title\" content=\"YPF ATF SINT\u00c9TICO ALL - Perfomance Lube - Lubricantes\" \/>\n<meta property=\"og:description\" content=\"Distribuidor de lubricantes YPF, l\u00ednea ELAION de diferentes aplicaciones. Env\u00edos a todo el pa\u00eds. Variedad de productos y stock disponible.\" \/>\n<meta property=\"og:url\" content=\"https:\/\/pldistribucion.com.ar\/web\/producto\/atf-sintetico-all\/\" \/>\n<meta property=\"og:site_name\" content=\"Perfomance Lube\" \/>\n<meta property=\"article:modified_time\" content=\"2022-06-30T13:05:21+00:00\" \/>\n<meta property=\"og:image\" content=\"https:\/\/pldistribucion.com.ar\/web\/wp-content\/uploads\/SUPLEMENTO.jpg\" \/>\n\t<meta property=\"og:image:width\" content=\"1200\" \/>\n\t<meta property=\"og:image:height\" content=\"1200\" \/>\n\t<meta property=\"og:image:type\" content=\"image\/jpeg\" \/>\n<meta name=\"twitter:card\" content=\"summary_large_image\" \/>\n<meta name=\"twitter:label1\" content=\"Tiempo de lectura\" \/>\n\t<meta name=\"twitter:data1\" content=\"2 minutos\" \/>\n<script type=\"application\/ld+json\" class=\"yoast-schema-graph\">{\"@context\":\"https:\/\/schema.org\",\"@graph\":[{\"@type\":\"WebPage\",\"@id\":\"https:\/\/pldistribucion.com.ar\/web\/producto\/atf-sintetico-all\/\",\"url\":\"https:\/\/pldistribucion.com.ar\/web\/producto\/atf-sintetico-all\/\",\"name\":\"YPF ATF SINT\u00c9TICO ALL - Perfomance Lube - Lubricantes\",\"isPartOf\":{\"@id\":\"https:\/\/pldistribucion.com.ar\/web\/#website\"},\"primaryImageOfPage\":{\"@id\":\"https:\/\/pldistribucion.com.ar\/web\/producto\/atf-sintetico-all\/#primaryimage\"},\"image\":{\"@id\":\"https:\/\/pldistribucion.com.ar\/web\/producto\/atf-sintetico-all\/#primaryimage\"},\"thumbnailUrl\":\"https:\/\/pldistribucion.com.ar\/web\/wp-content\/uploads\/SUPLEMENTO.jpg\",\"datePublished\":\"2020-12-30T15:18:29+00:00\",\"dateModified\":\"2022-06-30T13:05:21+00:00\",\"description\":\"Distribuidor de lubricantes YPF, l\u00ednea ELAION de diferentes aplicaciones. Env\u00edos a todo el pa\u00eds. Variedad de productos y stock disponible.\",\"breadcrumb\":{\"@id\":\"https:\/\/pldistribucion.com.ar\/web\/producto\/atf-sintetico-all\/#breadcrumb\"},\"inLanguage\":\"es\",\"potentialAction\":[{\"@type\":\"ReadAction\",\"target\":[\"https:\/\/pldistribucion.com.ar\/web\/producto\/atf-sintetico-all\/\"]}]},{\"@type\":\"ImageObject\",\"inLanguage\":\"es\",\"@id\":\"https:\/\/pldistribucion.com.ar\/web\/producto\/atf-sintetico-all\/#primaryimage\",\"url\":\"https:\/\/pldistribucion.com.ar\/web\/wp-content\/uploads\/SUPLEMENTO.jpg\",\"contentUrl\":\"https:\/\/pldistribucion.com.ar\/web\/wp-content\/uploads\/SUPLEMENTO.jpg\",\"width\":1200,\"height\":1200,\"caption\":\"YPF NORMAL\"},{\"@type\":\"BreadcrumbList\",\"@id\":\"https:\/\/pldistribucion.com.ar\/web\/producto\/atf-sintetico-all\/#breadcrumb\",\"itemListElement\":[{\"@type\":\"ListItem\",\"position\":1,\"name\":\"Portada\",\"item\":\"https:\/\/pldistribucion.com.ar\/web\/\"},{\"@type\":\"ListItem\",\"position\":2,\"name\":\"Productos\",\"item\":\"https:\/\/pldistribucion.com.ar\/web\/productos\/\"},{\"@type\":\"ListItem\",\"position\":3,\"name\":\"YPF ATF SINT\u00c9TICO ALL\"}]},{\"@type\":\"WebSite\",\"@id\":\"https:\/\/pldistribucion.com.ar\/web\/#website\",\"url\":\"https:\/\/pldistribucion.com.ar\/web\/\",\"name\":\"Perfomance Lube\",\"description\":\"\",\"publisher\":{\"@id\":\"https:\/\/pldistribucion.com.ar\/web\/#organization\"},\"potentialAction\":[{\"@type\":\"SearchAction\",\"target\":{\"@type\":\"EntryPoint\",\"urlTemplate\":\"https:\/\/pldistribucion.com.ar\/web\/?s={search_term_string}\"},\"query-input\":\"required name=search_term_string\"}],\"inLanguage\":\"es\"},{\"@type\":\"Organization\",\"@id\":\"https:\/\/pldistribucion.com.ar\/web\/#organization\",\"name\":\"PERFORMANCE LUBE\",\"url\":\"https:\/\/pldistribucion.com.ar\/web\/\",\"logo\":{\"@type\":\"ImageObject\",\"inLanguage\":\"es\",\"@id\":\"https:\/\/pldistribucion.com.ar\/web\/#\/schema\/logo\/image\/\",\"url\":\"https:\/\/pldistribucion.com.ar\/web\/wp-content\/uploads\/pld_logo_GB-removebg-preview.png\",\"contentUrl\":\"https:\/\/pldistribucion.com.ar\/web\/wp-content\/uploads\/pld_logo_GB-removebg-preview.png\",\"width\":787,\"height\":317,\"caption\":\"PERFORMANCE LUBE\"},\"image\":{\"@id\":\"https:\/\/pldistribucion.com.ar\/web\/#\/schema\/logo\/image\/\"}}]}<\/script>\n<!-- \/ Yoast SEO plugin. -->","yoast_head_json":{"title":"YPF ATF SINT\u00c9TICO ALL - Perfomance Lube - Lubricantes","description":"Distribuidor de lubricantes YPF, l\u00ednea ELAION de diferentes aplicaciones. Env\u00edos a todo el pa\u00eds. Variedad de productos y stock disponible.","robots":{"index":"index","follow":"follow","max-snippet":"max-snippet:-1","max-image-preview":"max-image-preview:large","max-video-preview":"max-video-preview:-1"},"canonical":"https:\/\/pldistribucion.com.ar\/web\/producto\/atf-sintetico-all\/","og_locale":"es_ES","og_type":"article","og_title":"YPF ATF SINT\u00c9TICO ALL - Perfomance Lube - Lubricantes","og_description":"Distribuidor de lubricantes YPF, l\u00ednea ELAION de diferentes aplicaciones. Env\u00edos a todo el pa\u00eds. Variedad de productos y stock disponible.","og_url":"https:\/\/pldistribucion.com.ar\/web\/producto\/atf-sintetico-all\/","og_site_name":"Perfomance Lube","article_modified_time":"2022-06-30T13:05:21+00:00","og_image":[{"width":1200,"height":1200,"url":"https:\/\/pldistribucion.com.ar\/web\/wp-content\/uploads\/SUPLEMENTO.jpg","type":"image\/jpeg"}],"twitter_card":"summary_large_image","twitter_misc":{"Tiempo de lectura":"2 minutos"},"schema":{"@context":"https:\/\/schema.org","@graph":[{"@type":"WebPage","@id":"https:\/\/pldistribucion.com.ar\/web\/producto\/atf-sintetico-all\/","url":"https:\/\/pldistribucion.com.ar\/web\/producto\/atf-sintetico-all\/","name":"YPF ATF SINT\u00c9TICO ALL - Perfomance Lube - Lubricantes","isPartOf":{"@id":"https:\/\/pldistribucion.com.ar\/web\/#website"},"primaryImageOfPage":{"@id":"https:\/\/pldistribucion.com.ar\/web\/producto\/atf-sintetico-all\/#primaryimage"},"image":{"@id":"https:\/\/pldistribucion.com.ar\/web\/producto\/atf-sintetico-all\/#primaryimage"},"thumbnailUrl":"https:\/\/pldistribucion.com.ar\/web\/wp-content\/uploads\/SUPLEMENTO.jpg","datePublished":"2020-12-30T15:18:29+00:00","dateModified":"2022-06-30T13:05:21+00:00","description":"Distribuidor de lubricantes YPF, l\u00ednea ELAION de diferentes aplicaciones. Env\u00edos a todo el pa\u00eds. Variedad de productos y stock disponible.","breadcrumb":{"@id":"https:\/\/pldistribucion.com.ar\/web\/producto\/atf-sintetico-all\/#breadcrumb"},"inLanguage":"es","potentialAction":[{"@type":"ReadAction","target":["https:\/\/pldistribucion.com.ar\/web\/producto\/atf-sintetico-all\/"]}]},{"@type":"ImageObject","inLanguage":"es","@id":"https:\/\/pldistribucion.com.ar\/web\/producto\/atf-sintetico-all\/#primaryimage","url":"https:\/\/pldistribucion.com.ar\/web\/wp-content\/uploads\/SUPLEMENTO.jpg","contentUrl":"https:\/\/pldistribucion.com.ar\/web\/wp-content\/uploads\/SUPLEMENTO.jpg","width":1200,"height":1200,"caption":"YPF NORMAL"},{"@type":"BreadcrumbList","@id":"https:\/\/pldistribucion.com.ar\/web\/producto\/atf-sintetico-all\/#breadcrumb","itemListElement":[{"@type":"ListItem","position":1,"name":"Portada","item":"https:\/\/pldistribucion.com.ar\/web\/"},{"@type":"ListItem","position":2,"name":"Productos","item":"https:\/\/pldistribucion.com.ar\/web\/productos\/"},{"@type":"ListItem","position":3,"name":"YPF ATF SINT\u00c9TICO ALL"}]},{"@type":"WebSite","@id":"https:\/\/pldistribucion.com.ar\/web\/#website","url":"https:\/\/pldistribucion.com.ar\/web\/","name":"Perfomance Lube","description":"","publisher":{"@id":"https:\/\/pldistribucion.com.ar\/web\/#organization"},"potentialAction":[{"@type":"SearchAction","target":{"@type":"EntryPoint","urlTemplate":"https:\/\/pldistribucion.com.ar\/web\/?s={search_term_string}"},"query-input":"required name=search_term_string"}],"inLanguage":"es"},{"@type":"Organization","@id":"https:\/\/pldistribucion.com.ar\/web\/#organization","name":"PERFORMANCE LUBE","url":"https:\/\/pldistribucion.com.ar\/web\/","logo":{"@type":"ImageObject","inLanguage":"es","@id":"https:\/\/pldistribucion.com.ar\/web\/#\/schema\/logo\/image\/","url":"https:\/\/pldistribucion.com.ar\/web\/wp-content\/uploads\/pld_logo_GB-removebg-preview.png","contentUrl":"https:\/\/pldistribucion.com.ar\/web\/wp-content\/uploads\/pld_logo_GB-removebg-preview.png","width":787,"height":317,"caption":"PERFORMANCE LUBE"},"image":{"@id":"https:\/\/pldistribucion.com.ar\/web\/#\/schema\/logo\/image\/"}}]}},"_links":{"self":[{"href":"https:\/\/pldistribucion.com.ar\/web\/wp-json\/wp\/v2\/product\/992"}],"collection":[{"href":"https:\/\/pldistribucion.com.ar\/web\/wp-json\/wp\/v2\/product"}],"about":[{"href":"https:\/\/pldistribucion.com.ar\/web\/wp-json\/wp\/v2\/types\/product"}],"replies":[{"embeddable":true,"href":"https:\/\/pldistribucion.com.ar\/web\/wp-json\/wp\/v2\/comments?post=992"}],"wp:featuredmedia":[{"embeddable":true,"href":"https:\/\/pldistribucion.com.ar\/web\/wp-json\/wp\/v2\/media\/953"}],"wp:attachment":[{"href":"https:\/\/pldistribucion.com.ar\/web\/wp-json\/wp\/v2\/media?parent=992"}],"wp:term":[{"taxonomy":"product_cat","embeddable":true,"href":"https:\/\/pldistribucion.com.ar\/web\/wp-json\/wp\/v2\/product_cat?post=992"},{"taxonomy":"product_tag","embeddable":true,"href":"https:\/\/pldistribucion.com.ar\/web\/wp-json\/wp\/v2\/product_tag?post=992"}],"curies":[{"name":"wp","href":"https:\/\/api.w.org\/{rel}","templated":true}]}}