{"id":990,"date":"2020-12-30T14:38:30","date_gmt":"2020-12-30T14:38:30","guid":{"rendered":"https:\/\/pldistribucion.com.ar\/web\/?post_type=product&#038;p=990"},"modified":"2022-04-28T11:15:36","modified_gmt":"2022-04-28T11:15:36","slug":"ypf-hidro-atf","status":"publish","type":"product","link":"https:\/\/pldistribucion.com.ar\/web\/producto\/ypf-hidro-atf\/","title":{"rendered":"YPF HIDRO ATF"},"content":{"rendered":"<h1><em><strong><span style=\"font-size: 80%;\">YPF HIDRO ATF<\/span><\/strong><\/em><\/h1>\n<h3><span style=\"font-size: 80%; background-color: #99ccff;\"><strong>DESCRIPCI\u00d3N DEL PRODUCTO<\/strong><\/span><\/h3>\n<p><span style=\"color: #000000;\">YPF HIDRO ATF &#8211; Lubricante hidr\u00e1ulico con alto \u00edndice de viscosidad y adecuada resistencia al desgaste dise\u00f1ado para cumplir con los exigentes requerimientos de ciertas transmisiones automotrices que requieren estas propiedades.<\/span>.<\/p>\n<h3><span style=\"font-size: 80%; background-color: #99ccff;\"><strong>PROPIEDADES Y BENEFICIOS<\/strong><\/span><\/h3>\n<ul>\n<li><span style=\"color: #000000;\">Excelente resistencia a la oxidaci\u00f3n. <\/span><\/li>\n<li><span style=\"color: #000000;\">Estabilidad t\u00e9rmica \u00f3ptima. <\/span><\/li>\n<li><span style=\"color: #000000;\">Totalmente compatible con diferentes tipos de sellos. <\/span><\/li>\n<li><span style=\"color: #000000;\">Alta protecci\u00f3n contra el desgaste.<\/span><\/li>\n<li><span style=\"color: #000000;\"> Comportamiento adecuado a bajas temperaturas.<\/span><\/li>\n<li><span style=\"color: #000000;\"> Evita la formaci\u00f3n de barnices y lodos y protege el sistema de lubricaci\u00f3n.<\/span><\/li>\n<\/ul>\n<h3><span style=\"font-size: 80%; background-color: #99ccff;\"><strong>APLICACIONES<\/strong><\/span><\/h3>\n<p><span style=\"color: #000000;\">Cajas de velocidades autom\u00e1ticas, convertidores de torque, determinadas cajas manuales, direcciones hidr\u00e1ulicas, etc.<\/span><\/p>\n<table>\n<tbody>\n<tr class=\"ztXv9\">\n<th>Propiedad<\/th>\n<th><\/th>\n<\/tr>\n<tr>\n<td>Punto de inflamaci\u00f3n, copa abierta Cleveland, \u00b0C, ASTM D92<\/td>\n<td>200<\/td>\n<\/tr>\n<tr>\n<td><b>Viscosidad<\/b>\u00a0cinem\u00e1tica @ 100 C, mm2\/s, ASTM D445<\/td>\n<td>7,0<\/td>\n<\/tr>\n<tr>\n<td><b>Viscosidad<\/b>\u00a0cinem\u00e1tica @ 40 C, mm2\/s, ASTM D445<\/td>\n<td>37,0<\/td>\n<\/tr>\n<tr>\n<td>Punto de fluidez, \u00b0C, ASTM D97<\/td>\n<td>-44<\/td>\n<\/tr>\n<\/tbody>\n<\/table>\n<p>&nbsp;<\/p>\n<h1><strong>Presentaciones\u00a0 \u27a2\u00a0<span style=\"color: #800080;\"><a style=\"color: #800080;\" href=\"https:\/\/performancelube.mercadoshops.com.ar\/\" target=\"_blank\" rel=\"noopener\">TIENDA SHOPS<\/a><\/span><\/strong><\/h1>\n<p><strong>\u00a0 \u00a0 \u00a0 \u00a0 \u00a0 \u00a0 \u00a0 \u00a0 \u00a0 \u00a0 \u00a0 \u00a0 \u00a0 \u00a0 \u00a0 \u00a0 \u00a0 \u00a0 \u00a0 \u00a0 \u00a0 \u00a0 \u00a0 \u00a0 \u00a0 (SELECCION\u00c1 PARA REALIZAR TU COMPRA)<\/strong><\/p>\n<hr \/>\n<p class=\"uppercase thin-font lead\"><span style=\"color: #69314d;\"><strong><span style=\"font-size: 100%;\">bid\u00f3n x 1l\u00a0 \u00a0 \u00a0 \u279c \u00a0 <\/span><\/strong><\/span><\/p>\n<hr \/>\n<p class=\"uppercase thin-font lead\"><span style=\"color: #69314d;\"><strong><span style=\"font-size: 100%;\">Bid\u00f3n x 4l\u00a0 \u00a0 \u00a0 \u279c <\/span><\/strong><\/span><strong style=\"font-size: 14.4px;\">\u00a0<\/strong><\/p>\n<hr \/>\n<p class=\"uppercase thin-font lead\"><span style=\"color: #69314d;\"><strong><span style=\"font-size: 100%;\">BALDE x 20L\u00a0 \u00a0 <\/span><\/strong><strong><span style=\"font-size: 100%;\">\u279c <strong style=\"font-size: 14.4px;\">\u00a0<\/strong><a href=\"https:\/\/performancelube.mercadoshops.com.ar\/MLA-622567646-ypf-aceite-hidro-atf-balde-20-litros-hidraulico-_JM#position=8&amp;search_layout=stack&amp;type=item&amp;tracking_id=0df862ea-41a1-4df0-986c-06028d756b35\" target=\"_blank\" rel=\"noopener\"><strong style=\"font-size: 14.4px; color: #0000ff;\"><img loading=\"lazy\" decoding=\"async\" class=\"alignnone wp-image-3792 \" src=\"https:\/\/pldistribucion.com.ar\/web\/wp-content\/uploads\/CALIDA-300x123.jpeg\" alt=\"\" width=\"122\" height=\"50\" srcset=\"https:\/\/pldistribucion.com.ar\/web\/wp-content\/uploads\/CALIDA-300x123.jpeg 300w, https:\/\/pldistribucion.com.ar\/web\/wp-content\/uploads\/CALIDA-1024x418.jpeg 1024w, https:\/\/pldistribucion.com.ar\/web\/wp-content\/uploads\/CALIDA-768x314.jpeg 768w, https:\/\/pldistribucion.com.ar\/web\/wp-content\/uploads\/CALIDA-1536x627.jpeg 1536w, https:\/\/pldistribucion.com.ar\/web\/wp-content\/uploads\/CALIDA-2048x836.jpeg 2048w, https:\/\/pldistribucion.com.ar\/web\/wp-content\/uploads\/CALIDA-600x245.jpeg 600w\" sizes=\"(max-width: 122px) 100vw, 122px\" \/><\/strong><\/a><\/span><\/strong><\/span><\/p>\n<hr \/>\n<p class=\"uppercase thin-font lead\"><span style=\"color: #69314d;\"><strong><span style=\"font-size: 100%;\">BALDE x 205L\u00a0 \u279c <strong style=\"font-size: 14.4px;\">\u00a0<\/strong><\/span><\/strong><\/span><\/p>\n<hr \/>\n<p><strong style=\"color: #000080; font-size: 14.4px;\"><a style=\"color: #000080;\" href=\"https:\/\/www.ypf.com\/productosyservicios\/Descargas\/Hidro-ATF.pdf\" target=\"_blank\" rel=\"noopener\">Ver ficha t\u00e9cnica<\/a><\/strong><\/p>\n<p><strong><span style=\"color: #000080;\"><a style=\"color: #000080;\" href=\"https:\/\/pldistribucion.com.ar\/web\/productos\/?filter_marcas=ypf\">Ver m\u00e1s productos YPF<\/a><\/span><\/strong><\/p>\n<p><span style=\"color: #000000;\">( YPF es la mayor empresa de Argentina y la quinta petrolera m\u00e1s grande de la regi\u00f3n, <sup id=\"cite_ref-5\" class=\"reference separada\"><\/sup>empleando directa o indirectamente a m\u00e1s de 72.000 personas de todo el pa\u00eds. En la lista Forbes Global 2000 de 2020, YPF fue clasificada como la 1360a empresa m\u00e1s grande del mundo. Adem\u00e1s posee noventa y dos bloques productivos distribuidos en cuencas de todo el territorio argentino y cuarenta y ocho bloques exploratorios&#8230;)<\/span><\/p>\n<p><span style=\"color: #000080;\"><strong><a style=\"color: #000080;\" href=\"https:\/\/www.ypf.com\/YPFHoy\/YPFSalaPrensa\/Paginas\/Noticias\/90-a%C3%B1os.aspx\" target=\"_blank\" rel=\"noopener\">Conoce m\u00e1s sobre YPF<\/a><\/strong><\/span><\/p>\n","protected":false},"excerpt":{"rendered":"<p><img loading=\"lazy\" decoding=\"async\" class=\"alignnone size-medium wp-image-876\" src=\"https:\/\/pldistribucion.com.ar\/web\/wp-content\/uploads\/f385fd1b3c80b60047a0659ecb2bd268-300x222.jpg\" alt=\"\" width=\"300\" height=\"222\" srcset=\"https:\/\/pldistribucion.com.ar\/web\/wp-content\/uploads\/f385fd1b3c80b60047a0659ecb2bd268-300x222.jpg 300w, https:\/\/pldistribucion.com.ar\/web\/wp-content\/uploads\/f385fd1b3c80b60047a0659ecb2bd268.jpg 540w\" sizes=\"(max-width: 300px) 100vw, 300px\" \/><\/p>\n<p>YPF\u200b\u200b es una empresa argentina\u200b de energ\u00eda dedicada a la exploraci\u00f3n, explotaci\u00f3n, destilaci\u00f3n, distribuci\u00f3n y producci\u00f3n de energ\u00eda el\u00e9ctrica, gas, petr\u00f3leo y derivados de los hidrocarburos y venta de combustibles, lubricantes, fertilizantes, pl\u00e1sticos y otros productos relacionados con la industria. Por otro lado es el mayor productor de bases lubricantes en la Argentina. Las mismas son provenientes de crudos paraf\u00ednicos y son sometidas a severos tratamientos de refino, que les confieren un alto \u00edndice de viscosidad y una excelente estabilidad a la oxidaci\u00f3n.<\/p>\n","protected":false},"featured_media":953,"comment_status":"open","ping_status":"closed","template":"","meta":[],"product_cat":[16,35],"product_tag":[],"yoast_head":"<!-- This site is optimized with the Yoast SEO plugin v23.0 - https:\/\/yoast.com\/wordpress\/plugins\/seo\/ -->\n<title>YPF HIDRO ATF - Perfomance Lube - Lubricantes<\/title>\n<meta name=\"description\" content=\"Distribuidor de lubricantes YPF, l\u00ednea ELAION de diferentes aplicaciones. Env\u00edos a todo el pa\u00eds. Variedad de productos y stock disponible.YPF HIDRO ATF\" \/>\n<meta name=\"robots\" content=\"index, follow, max-snippet:-1, max-image-preview:large, max-video-preview:-1\" \/>\n<link rel=\"canonical\" href=\"https:\/\/pldistribucion.com.ar\/web\/producto\/ypf-hidro-atf\/\" \/>\n<meta property=\"og:locale\" content=\"es_ES\" \/>\n<meta property=\"og:type\" content=\"article\" \/>\n<meta property=\"og:title\" content=\"YPF HIDRO ATF - Perfomance Lube - Lubricantes\" \/>\n<meta property=\"og:description\" content=\"Distribuidor de lubricantes YPF, l\u00ednea ELAION de diferentes aplicaciones. Env\u00edos a todo el pa\u00eds. Variedad de productos y stock disponible.YPF HIDRO ATF\" \/>\n<meta property=\"og:url\" content=\"https:\/\/pldistribucion.com.ar\/web\/producto\/ypf-hidro-atf\/\" \/>\n<meta property=\"og:site_name\" content=\"Perfomance Lube\" \/>\n<meta property=\"article:modified_time\" content=\"2022-04-28T11:15:36+00:00\" \/>\n<meta property=\"og:image\" content=\"https:\/\/pldistribucion.com.ar\/web\/wp-content\/uploads\/SUPLEMENTO.jpg\" \/>\n\t<meta property=\"og:image:width\" content=\"1200\" \/>\n\t<meta property=\"og:image:height\" content=\"1200\" \/>\n\t<meta property=\"og:image:type\" content=\"image\/jpeg\" \/>\n<meta name=\"twitter:card\" content=\"summary_large_image\" \/>\n<meta name=\"twitter:label1\" content=\"Tiempo de lectura\" \/>\n\t<meta name=\"twitter:data1\" content=\"1 minuto\" \/>\n<script type=\"application\/ld+json\" class=\"yoast-schema-graph\">{\"@context\":\"https:\/\/schema.org\",\"@graph\":[{\"@type\":\"WebPage\",\"@id\":\"https:\/\/pldistribucion.com.ar\/web\/producto\/ypf-hidro-atf\/\",\"url\":\"https:\/\/pldistribucion.com.ar\/web\/producto\/ypf-hidro-atf\/\",\"name\":\"YPF HIDRO ATF - Perfomance Lube - Lubricantes\",\"isPartOf\":{\"@id\":\"https:\/\/pldistribucion.com.ar\/web\/#website\"},\"primaryImageOfPage\":{\"@id\":\"https:\/\/pldistribucion.com.ar\/web\/producto\/ypf-hidro-atf\/#primaryimage\"},\"image\":{\"@id\":\"https:\/\/pldistribucion.com.ar\/web\/producto\/ypf-hidro-atf\/#primaryimage\"},\"thumbnailUrl\":\"https:\/\/pldistribucion.com.ar\/web\/wp-content\/uploads\/SUPLEMENTO.jpg\",\"datePublished\":\"2020-12-30T14:38:30+00:00\",\"dateModified\":\"2022-04-28T11:15:36+00:00\",\"description\":\"Distribuidor de lubricantes YPF, l\u00ednea ELAION de diferentes aplicaciones. Env\u00edos a todo el pa\u00eds. Variedad de productos y stock disponible.YPF HIDRO ATF\",\"breadcrumb\":{\"@id\":\"https:\/\/pldistribucion.com.ar\/web\/producto\/ypf-hidro-atf\/#breadcrumb\"},\"inLanguage\":\"es\",\"potentialAction\":[{\"@type\":\"ReadAction\",\"target\":[\"https:\/\/pldistribucion.com.ar\/web\/producto\/ypf-hidro-atf\/\"]}]},{\"@type\":\"ImageObject\",\"inLanguage\":\"es\",\"@id\":\"https:\/\/pldistribucion.com.ar\/web\/producto\/ypf-hidro-atf\/#primaryimage\",\"url\":\"https:\/\/pldistribucion.com.ar\/web\/wp-content\/uploads\/SUPLEMENTO.jpg\",\"contentUrl\":\"https:\/\/pldistribucion.com.ar\/web\/wp-content\/uploads\/SUPLEMENTO.jpg\",\"width\":1200,\"height\":1200,\"caption\":\"YPF NORMAL\"},{\"@type\":\"BreadcrumbList\",\"@id\":\"https:\/\/pldistribucion.com.ar\/web\/producto\/ypf-hidro-atf\/#breadcrumb\",\"itemListElement\":[{\"@type\":\"ListItem\",\"position\":1,\"name\":\"Portada\",\"item\":\"https:\/\/pldistribucion.com.ar\/web\/\"},{\"@type\":\"ListItem\",\"position\":2,\"name\":\"Productos\",\"item\":\"https:\/\/pldistribucion.com.ar\/web\/productos\/\"},{\"@type\":\"ListItem\",\"position\":3,\"name\":\"YPF HIDRO ATF\"}]},{\"@type\":\"WebSite\",\"@id\":\"https:\/\/pldistribucion.com.ar\/web\/#website\",\"url\":\"https:\/\/pldistribucion.com.ar\/web\/\",\"name\":\"Perfomance Lube\",\"description\":\"\",\"publisher\":{\"@id\":\"https:\/\/pldistribucion.com.ar\/web\/#organization\"},\"potentialAction\":[{\"@type\":\"SearchAction\",\"target\":{\"@type\":\"EntryPoint\",\"urlTemplate\":\"https:\/\/pldistribucion.com.ar\/web\/?s={search_term_string}\"},\"query-input\":\"required name=search_term_string\"}],\"inLanguage\":\"es\"},{\"@type\":\"Organization\",\"@id\":\"https:\/\/pldistribucion.com.ar\/web\/#organization\",\"name\":\"PERFORMANCE LUBE\",\"url\":\"https:\/\/pldistribucion.com.ar\/web\/\",\"logo\":{\"@type\":\"ImageObject\",\"inLanguage\":\"es\",\"@id\":\"https:\/\/pldistribucion.com.ar\/web\/#\/schema\/logo\/image\/\",\"url\":\"https:\/\/pldistribucion.com.ar\/web\/wp-content\/uploads\/pld_logo_GB-removebg-preview.png\",\"contentUrl\":\"https:\/\/pldistribucion.com.ar\/web\/wp-content\/uploads\/pld_logo_GB-removebg-preview.png\",\"width\":787,\"height\":317,\"caption\":\"PERFORMANCE LUBE\"},\"image\":{\"@id\":\"https:\/\/pldistribucion.com.ar\/web\/#\/schema\/logo\/image\/\"}}]}<\/script>\n<!-- \/ Yoast SEO plugin. -->","yoast_head_json":{"title":"YPF HIDRO ATF - Perfomance Lube - Lubricantes","description":"Distribuidor de lubricantes YPF, l\u00ednea ELAION de diferentes aplicaciones. Env\u00edos a todo el pa\u00eds. Variedad de productos y stock disponible.YPF HIDRO ATF","robots":{"index":"index","follow":"follow","max-snippet":"max-snippet:-1","max-image-preview":"max-image-preview:large","max-video-preview":"max-video-preview:-1"},"canonical":"https:\/\/pldistribucion.com.ar\/web\/producto\/ypf-hidro-atf\/","og_locale":"es_ES","og_type":"article","og_title":"YPF HIDRO ATF - Perfomance Lube - Lubricantes","og_description":"Distribuidor de lubricantes YPF, l\u00ednea ELAION de diferentes aplicaciones. Env\u00edos a todo el pa\u00eds. Variedad de productos y stock disponible.YPF HIDRO ATF","og_url":"https:\/\/pldistribucion.com.ar\/web\/producto\/ypf-hidro-atf\/","og_site_name":"Perfomance Lube","article_modified_time":"2022-04-28T11:15:36+00:00","og_image":[{"width":1200,"height":1200,"url":"https:\/\/pldistribucion.com.ar\/web\/wp-content\/uploads\/SUPLEMENTO.jpg","type":"image\/jpeg"}],"twitter_card":"summary_large_image","twitter_misc":{"Tiempo de lectura":"1 minuto"},"schema":{"@context":"https:\/\/schema.org","@graph":[{"@type":"WebPage","@id":"https:\/\/pldistribucion.com.ar\/web\/producto\/ypf-hidro-atf\/","url":"https:\/\/pldistribucion.com.ar\/web\/producto\/ypf-hidro-atf\/","name":"YPF HIDRO ATF - Perfomance Lube - Lubricantes","isPartOf":{"@id":"https:\/\/pldistribucion.com.ar\/web\/#website"},"primaryImageOfPage":{"@id":"https:\/\/pldistribucion.com.ar\/web\/producto\/ypf-hidro-atf\/#primaryimage"},"image":{"@id":"https:\/\/pldistribucion.com.ar\/web\/producto\/ypf-hidro-atf\/#primaryimage"},"thumbnailUrl":"https:\/\/pldistribucion.com.ar\/web\/wp-content\/uploads\/SUPLEMENTO.jpg","datePublished":"2020-12-30T14:38:30+00:00","dateModified":"2022-04-28T11:15:36+00:00","description":"Distribuidor de lubricantes YPF, l\u00ednea ELAION de diferentes aplicaciones. Env\u00edos a todo el pa\u00eds. Variedad de productos y stock disponible.YPF HIDRO ATF","breadcrumb":{"@id":"https:\/\/pldistribucion.com.ar\/web\/producto\/ypf-hidro-atf\/#breadcrumb"},"inLanguage":"es","potentialAction":[{"@type":"ReadAction","target":["https:\/\/pldistribucion.com.ar\/web\/producto\/ypf-hidro-atf\/"]}]},{"@type":"ImageObject","inLanguage":"es","@id":"https:\/\/pldistribucion.com.ar\/web\/producto\/ypf-hidro-atf\/#primaryimage","url":"https:\/\/pldistribucion.com.ar\/web\/wp-content\/uploads\/SUPLEMENTO.jpg","contentUrl":"https:\/\/pldistribucion.com.ar\/web\/wp-content\/uploads\/SUPLEMENTO.jpg","width":1200,"height":1200,"caption":"YPF NORMAL"},{"@type":"BreadcrumbList","@id":"https:\/\/pldistribucion.com.ar\/web\/producto\/ypf-hidro-atf\/#breadcrumb","itemListElement":[{"@type":"ListItem","position":1,"name":"Portada","item":"https:\/\/pldistribucion.com.ar\/web\/"},{"@type":"ListItem","position":2,"name":"Productos","item":"https:\/\/pldistribucion.com.ar\/web\/productos\/"},{"@type":"ListItem","position":3,"name":"YPF HIDRO ATF"}]},{"@type":"WebSite","@id":"https:\/\/pldistribucion.com.ar\/web\/#website","url":"https:\/\/pldistribucion.com.ar\/web\/","name":"Perfomance Lube","description":"","publisher":{"@id":"https:\/\/pldistribucion.com.ar\/web\/#organization"},"potentialAction":[{"@type":"SearchAction","target":{"@type":"EntryPoint","urlTemplate":"https:\/\/pldistribucion.com.ar\/web\/?s={search_term_string}"},"query-input":"required name=search_term_string"}],"inLanguage":"es"},{"@type":"Organization","@id":"https:\/\/pldistribucion.com.ar\/web\/#organization","name":"PERFORMANCE LUBE","url":"https:\/\/pldistribucion.com.ar\/web\/","logo":{"@type":"ImageObject","inLanguage":"es","@id":"https:\/\/pldistribucion.com.ar\/web\/#\/schema\/logo\/image\/","url":"https:\/\/pldistribucion.com.ar\/web\/wp-content\/uploads\/pld_logo_GB-removebg-preview.png","contentUrl":"https:\/\/pldistribucion.com.ar\/web\/wp-content\/uploads\/pld_logo_GB-removebg-preview.png","width":787,"height":317,"caption":"PERFORMANCE LUBE"},"image":{"@id":"https:\/\/pldistribucion.com.ar\/web\/#\/schema\/logo\/image\/"}}]}},"_links":{"self":[{"href":"https:\/\/pldistribucion.com.ar\/web\/wp-json\/wp\/v2\/product\/990"}],"collection":[{"href":"https:\/\/pldistribucion.com.ar\/web\/wp-json\/wp\/v2\/product"}],"about":[{"href":"https:\/\/pldistribucion.com.ar\/web\/wp-json\/wp\/v2\/types\/product"}],"replies":[{"embeddable":true,"href":"https:\/\/pldistribucion.com.ar\/web\/wp-json\/wp\/v2\/comments?post=990"}],"wp:featuredmedia":[{"embeddable":true,"href":"https:\/\/pldistribucion.com.ar\/web\/wp-json\/wp\/v2\/media\/953"}],"wp:attachment":[{"href":"https:\/\/pldistribucion.com.ar\/web\/wp-json\/wp\/v2\/media?parent=990"}],"wp:term":[{"taxonomy":"product_cat","embeddable":true,"href":"https:\/\/pldistribucion.com.ar\/web\/wp-json\/wp\/v2\/product_cat?post=990"},{"taxonomy":"product_tag","embeddable":true,"href":"https:\/\/pldistribucion.com.ar\/web\/wp-json\/wp\/v2\/product_tag?post=990"}],"curies":[{"name":"wp","href":"https:\/\/api.w.org\/{rel}","templated":true}]}}