{"id":986,"date":"2020-12-30T14:23:46","date_gmt":"2020-12-30T14:23:46","guid":{"rendered":"https:\/\/pldistribucion.com.ar\/web\/?post_type=product&#038;p=986"},"modified":"2022-05-02T13:02:27","modified_gmt":"2022-05-02T13:02:27","slug":"ypf-atf-diii","status":"publish","type":"product","link":"https:\/\/pldistribucion.com.ar\/web\/producto\/ypf-atf-diii\/","title":{"rendered":"YPF ATF-DIII"},"content":{"rendered":"<h1><span style=\"font-size: 80%;\"><em><strong>YPF ATF-DIII<\/strong><\/em><\/span><\/h1>\n<h3><span style=\"font-size: 80%; background-color: #99ccff;\"><strong>DESCRIPCI\u00d3N DEL PRODUCTO<\/strong><\/span><\/h3>\n<p><span style=\"color: #000000;\"> YPF ATF-DIII es un lubricante para transmisiones autom\u00e1ticas, elaborado con bases no convencionales y aditivos seleccionados. Para el dise\u00f1o de este producto se contemplaron las especificaciones de los principales fabricantes de estos equipos en la industria automotriz.<\/span><\/p>\n<h3><span style=\"font-size: 80%; background-color: #99ccff;\"><strong>PROPIEDADES Y BENEFICIOS<\/strong><\/span><\/h3>\n<ul>\n<li><span style=\"color: #000000;\">Alta Resistencia a la oxidaci\u00f3n y estabilidad t\u00e9rmica obteniendo una excelente performance para largos periodos de tiempo.<\/span><\/li>\n<li><span style=\"color: #000000;\">Optima capacidad para modificar la fricci\u00f3n permitiendo un mejor rendimiento del mecanismo.<\/span><\/li>\n<li><span style=\"color: #000000;\">Excelente protecci\u00f3n frente al desgaste.<\/span><\/li>\n<li><span style=\"color: #000000;\">Buena fluidez a bajas temperaturas.<\/span><\/li>\n<li><span style=\"color: #000000;\">Compatibilidad con sellos.<\/span><\/li>\n<li><span style=\"color: #000000;\">Efectivas propiedades para control de espuma.<\/span><\/li>\n<\/ul>\n<h3><span style=\"font-size: 80%; background-color: #99ccff;\"><strong>APLICACIONES<\/strong><\/span><\/h3>\n<p><span style=\"color: #000000;\">Recomendado para trasmisiones autom\u00e1ticas que requieran un fluido de alta resistencia a la temperatura y al cizallado.<\/span><br \/>\n<span style=\"color: #000000;\">El perfecto equilibrio de sus caracter\u00edsticas f\u00edsico-qu\u00edmicas le confiere al mismo una excelente alternativa de uso en otro tipo de mecanismos, como determinadas cajas manuales, direcciones hidr\u00e1ulicas, etc.<\/span><\/p>\n<h1><strong>Presentaciones\u00a0 \u27a2\u00a0<span style=\"color: #800080;\"><a style=\"color: #800080;\" href=\"https:\/\/performancelube.mercadoshops.com.ar\/\" target=\"_blank\" rel=\"noopener\">TIENDA SHOPS<\/a><\/span><\/strong><\/h1>\n<p><strong>\u00a0 \u00a0 \u00a0 \u00a0 \u00a0 \u00a0 \u00a0 \u00a0 \u00a0 \u00a0 \u00a0 \u00a0 \u00a0 \u00a0 \u00a0 \u00a0 \u00a0 \u00a0 \u00a0 \u00a0 \u00a0 \u00a0 \u00a0 \u00a0 \u00a0 (SELECCION\u00c1 PARA REALIZAR TU COMPRA)<\/strong><\/p>\n<hr \/>\n<p class=\"uppercase thin-font lead\"><span style=\"color: #69314d;\"><strong><span style=\"font-size: 100%;\">bid\u00f3n x 1l\u00a0 \u00a0 \u00a0 \u00a0 \u00a0 \u00a0 \u279c \u00a0 <\/span><\/strong><\/span><\/p>\n<hr \/>\n<p class=\"uppercase thin-font lead\"><span style=\"color: #69314d;\"><strong><span style=\"font-size: 100%;\">balde x 20l\u00a0 \u00a0 \u00a0 \u00a0 \u00a0\u279c <\/span><\/strong><\/span><strong style=\"font-size: 14.4px;\">\u00a0<\/strong><\/p>\n<hr \/>\n<p class=\"uppercase thin-font lead\"><span style=\"color: #69314d;\"><strong><span style=\"font-size: 100%;\">tambor x 205L\u00a0 \u00a0 <\/span><\/strong><strong><span style=\"font-size: 100%;\">\u279c <\/span><\/strong><\/span><\/p>\n<hr \/>\n<p><strong><span style=\"color: #000080;\"><a style=\"color: #000080;\" href=\"https:\/\/www.ypf.com\/productosyservicios\/Descargas\/ATF-Dlll.pdf\" target=\"_blank\" rel=\"noopener\">Ver ficha t\u00e9cnica<\/a><\/span><\/strong><\/p>\n<p><strong><span style=\"color: #000080;\"><a style=\"color: #000080;\" href=\"https:\/\/pldistribucion.com.ar\/web\/productos\/?filter_marcas=ypf\">Ver m\u00e1s productos YPF<\/a><\/span><\/strong><\/p>\n<p><span style=\"color: #000000;\">( YPF es la mayor empresa de Argentina y la quinta petrolera m\u00e1s grande de la regi\u00f3n, <sup id=\"cite_ref-5\" class=\"reference separada\"><\/sup>empleando directa o indirectamente a m\u00e1s de 72.000 personas de todo el pa\u00eds. En la lista Forbes Global 2000 de 2020, YPF fue clasificada como la 1360a empresa m\u00e1s grande del mundo. Adem\u00e1s posee noventa y dos bloques productivos distribuidos en cuencas de todo el territorio argentino y cuarenta y ocho bloques exploratorios&#8230;)<\/span><\/p>\n<p><span style=\"color: #000080;\"><strong><a style=\"color: #000080;\" href=\"https:\/\/www.ypf.com\/YPFHoy\/YPFSalaPrensa\/Paginas\/Noticias\/90-a%C3%B1os.aspx\" target=\"_blank\" rel=\"noopener\">Conoce m\u00e1s sobre YPF<\/a><\/strong><\/span><\/p>\n","protected":false},"excerpt":{"rendered":"<p><img loading=\"lazy\" decoding=\"async\" class=\"alignnone size-medium wp-image-876\" src=\"https:\/\/pldistribucion.com.ar\/web\/wp-content\/uploads\/f385fd1b3c80b60047a0659ecb2bd268-300x222.jpg\" alt=\"\" width=\"300\" height=\"222\" srcset=\"https:\/\/pldistribucion.com.ar\/web\/wp-content\/uploads\/f385fd1b3c80b60047a0659ecb2bd268-300x222.jpg 300w, https:\/\/pldistribucion.com.ar\/web\/wp-content\/uploads\/f385fd1b3c80b60047a0659ecb2bd268.jpg 540w\" sizes=\"(max-width: 300px) 100vw, 300px\" \/><\/p>\n<p>YPF\u200b\u200b es una empresa argentina\u200b de energ\u00eda dedicada a la exploraci\u00f3n, explotaci\u00f3n, destilaci\u00f3n, distribuci\u00f3n y producci\u00f3n de energ\u00eda el\u00e9ctrica, gas, petr\u00f3leo y derivados de los hidrocarburos y venta de combustibles, lubricantes, fertilizantes, pl\u00e1sticos y otros productos relacionados con la industria. Por otro lado es el mayor productor de bases lubricantes en la Argentina. Las mismas son provenientes de crudos paraf\u00ednicos y son sometidas a severos tratamientos de refino, que les confieren un alto \u00edndice de viscosidad y una excelente estabilidad a la oxidaci\u00f3n.<\/p>\n","protected":false},"featured_media":987,"comment_status":"open","ping_status":"closed","template":"","meta":[],"product_cat":[16,35],"product_tag":[],"yoast_head":"<!-- This site is optimized with the Yoast SEO plugin v23.0 - https:\/\/yoast.com\/wordpress\/plugins\/seo\/ -->\n<title>YPF ATF-DIII - Perfomance Lube - Lubricantes YPF<\/title>\n<meta name=\"description\" content=\"Distribuidor de lubricantes YPF, l\u00ednea ELAION de diferentes aplicaciones. Env\u00edos a todo el pa\u00eds. Variedad de productos y stock disponible.YPF ATF-DIII\" \/>\n<meta name=\"robots\" content=\"index, follow, max-snippet:-1, max-image-preview:large, max-video-preview:-1\" \/>\n<link rel=\"canonical\" href=\"https:\/\/pldistribucion.com.ar\/web\/producto\/ypf-atf-diii\/\" \/>\n<meta property=\"og:locale\" content=\"es_ES\" \/>\n<meta property=\"og:type\" content=\"article\" \/>\n<meta property=\"og:title\" content=\"YPF ATF-DIII - Perfomance Lube - Lubricantes YPF\" \/>\n<meta property=\"og:description\" content=\"Distribuidor de lubricantes YPF, l\u00ednea ELAION de diferentes aplicaciones. Env\u00edos a todo el pa\u00eds. Variedad de productos y stock disponible.YPF ATF-DIII\" \/>\n<meta property=\"og:url\" content=\"https:\/\/pldistribucion.com.ar\/web\/producto\/ypf-atf-diii\/\" \/>\n<meta property=\"og:site_name\" content=\"Perfomance Lube\" \/>\n<meta property=\"article:modified_time\" content=\"2022-05-02T13:02:27+00:00\" \/>\n<meta property=\"og:image\" content=\"https:\/\/pldistribucion.com.ar\/web\/wp-content\/uploads\/5df79647ca94524ba346f7959.png\" \/>\n\t<meta property=\"og:image:width\" content=\"1000\" \/>\n\t<meta property=\"og:image:height\" content=\"1000\" \/>\n\t<meta property=\"og:image:type\" content=\"image\/png\" \/>\n<meta name=\"twitter:card\" content=\"summary_large_image\" \/>\n<meta name=\"twitter:label1\" content=\"Tiempo de lectura\" \/>\n\t<meta name=\"twitter:data1\" content=\"1 minuto\" \/>\n<script type=\"application\/ld+json\" class=\"yoast-schema-graph\">{\"@context\":\"https:\/\/schema.org\",\"@graph\":[{\"@type\":\"WebPage\",\"@id\":\"https:\/\/pldistribucion.com.ar\/web\/producto\/ypf-atf-diii\/\",\"url\":\"https:\/\/pldistribucion.com.ar\/web\/producto\/ypf-atf-diii\/\",\"name\":\"YPF ATF-DIII - Perfomance Lube - Lubricantes YPF\",\"isPartOf\":{\"@id\":\"https:\/\/pldistribucion.com.ar\/web\/#website\"},\"primaryImageOfPage\":{\"@id\":\"https:\/\/pldistribucion.com.ar\/web\/producto\/ypf-atf-diii\/#primaryimage\"},\"image\":{\"@id\":\"https:\/\/pldistribucion.com.ar\/web\/producto\/ypf-atf-diii\/#primaryimage\"},\"thumbnailUrl\":\"https:\/\/pldistribucion.com.ar\/web\/wp-content\/uploads\/5df79647ca94524ba346f7959.png\",\"datePublished\":\"2020-12-30T14:23:46+00:00\",\"dateModified\":\"2022-05-02T13:02:27+00:00\",\"description\":\"Distribuidor de lubricantes YPF, l\u00ednea ELAION de diferentes aplicaciones. Env\u00edos a todo el pa\u00eds. Variedad de productos y stock disponible.YPF ATF-DIII\",\"breadcrumb\":{\"@id\":\"https:\/\/pldistribucion.com.ar\/web\/producto\/ypf-atf-diii\/#breadcrumb\"},\"inLanguage\":\"es\",\"potentialAction\":[{\"@type\":\"ReadAction\",\"target\":[\"https:\/\/pldistribucion.com.ar\/web\/producto\/ypf-atf-diii\/\"]}]},{\"@type\":\"ImageObject\",\"inLanguage\":\"es\",\"@id\":\"https:\/\/pldistribucion.com.ar\/web\/producto\/ypf-atf-diii\/#primaryimage\",\"url\":\"https:\/\/pldistribucion.com.ar\/web\/wp-content\/uploads\/5df79647ca94524ba346f7959.png\",\"contentUrl\":\"https:\/\/pldistribucion.com.ar\/web\/wp-content\/uploads\/5df79647ca94524ba346f7959.png\",\"width\":1000,\"height\":1000,\"caption\":\"YPF ATF-DIII\"},{\"@type\":\"BreadcrumbList\",\"@id\":\"https:\/\/pldistribucion.com.ar\/web\/producto\/ypf-atf-diii\/#breadcrumb\",\"itemListElement\":[{\"@type\":\"ListItem\",\"position\":1,\"name\":\"Portada\",\"item\":\"https:\/\/pldistribucion.com.ar\/web\/\"},{\"@type\":\"ListItem\",\"position\":2,\"name\":\"Productos\",\"item\":\"https:\/\/pldistribucion.com.ar\/web\/productos\/\"},{\"@type\":\"ListItem\",\"position\":3,\"name\":\"YPF ATF-DIII\"}]},{\"@type\":\"WebSite\",\"@id\":\"https:\/\/pldistribucion.com.ar\/web\/#website\",\"url\":\"https:\/\/pldistribucion.com.ar\/web\/\",\"name\":\"Perfomance Lube\",\"description\":\"\",\"publisher\":{\"@id\":\"https:\/\/pldistribucion.com.ar\/web\/#organization\"},\"potentialAction\":[{\"@type\":\"SearchAction\",\"target\":{\"@type\":\"EntryPoint\",\"urlTemplate\":\"https:\/\/pldistribucion.com.ar\/web\/?s={search_term_string}\"},\"query-input\":\"required name=search_term_string\"}],\"inLanguage\":\"es\"},{\"@type\":\"Organization\",\"@id\":\"https:\/\/pldistribucion.com.ar\/web\/#organization\",\"name\":\"PERFORMANCE LUBE\",\"url\":\"https:\/\/pldistribucion.com.ar\/web\/\",\"logo\":{\"@type\":\"ImageObject\",\"inLanguage\":\"es\",\"@id\":\"https:\/\/pldistribucion.com.ar\/web\/#\/schema\/logo\/image\/\",\"url\":\"https:\/\/pldistribucion.com.ar\/web\/wp-content\/uploads\/pld_logo_GB-removebg-preview.png\",\"contentUrl\":\"https:\/\/pldistribucion.com.ar\/web\/wp-content\/uploads\/pld_logo_GB-removebg-preview.png\",\"width\":787,\"height\":317,\"caption\":\"PERFORMANCE LUBE\"},\"image\":{\"@id\":\"https:\/\/pldistribucion.com.ar\/web\/#\/schema\/logo\/image\/\"}}]}<\/script>\n<!-- \/ Yoast SEO plugin. -->","yoast_head_json":{"title":"YPF ATF-DIII - Perfomance Lube - Lubricantes YPF","description":"Distribuidor de lubricantes YPF, l\u00ednea ELAION de diferentes aplicaciones. Env\u00edos a todo el pa\u00eds. Variedad de productos y stock disponible.YPF ATF-DIII","robots":{"index":"index","follow":"follow","max-snippet":"max-snippet:-1","max-image-preview":"max-image-preview:large","max-video-preview":"max-video-preview:-1"},"canonical":"https:\/\/pldistribucion.com.ar\/web\/producto\/ypf-atf-diii\/","og_locale":"es_ES","og_type":"article","og_title":"YPF ATF-DIII - Perfomance Lube - Lubricantes YPF","og_description":"Distribuidor de lubricantes YPF, l\u00ednea ELAION de diferentes aplicaciones. Env\u00edos a todo el pa\u00eds. Variedad de productos y stock disponible.YPF ATF-DIII","og_url":"https:\/\/pldistribucion.com.ar\/web\/producto\/ypf-atf-diii\/","og_site_name":"Perfomance Lube","article_modified_time":"2022-05-02T13:02:27+00:00","og_image":[{"width":1000,"height":1000,"url":"https:\/\/pldistribucion.com.ar\/web\/wp-content\/uploads\/5df79647ca94524ba346f7959.png","type":"image\/png"}],"twitter_card":"summary_large_image","twitter_misc":{"Tiempo de lectura":"1 minuto"},"schema":{"@context":"https:\/\/schema.org","@graph":[{"@type":"WebPage","@id":"https:\/\/pldistribucion.com.ar\/web\/producto\/ypf-atf-diii\/","url":"https:\/\/pldistribucion.com.ar\/web\/producto\/ypf-atf-diii\/","name":"YPF ATF-DIII - Perfomance Lube - Lubricantes YPF","isPartOf":{"@id":"https:\/\/pldistribucion.com.ar\/web\/#website"},"primaryImageOfPage":{"@id":"https:\/\/pldistribucion.com.ar\/web\/producto\/ypf-atf-diii\/#primaryimage"},"image":{"@id":"https:\/\/pldistribucion.com.ar\/web\/producto\/ypf-atf-diii\/#primaryimage"},"thumbnailUrl":"https:\/\/pldistribucion.com.ar\/web\/wp-content\/uploads\/5df79647ca94524ba346f7959.png","datePublished":"2020-12-30T14:23:46+00:00","dateModified":"2022-05-02T13:02:27+00:00","description":"Distribuidor de lubricantes YPF, l\u00ednea ELAION de diferentes aplicaciones. Env\u00edos a todo el pa\u00eds. Variedad de productos y stock disponible.YPF ATF-DIII","breadcrumb":{"@id":"https:\/\/pldistribucion.com.ar\/web\/producto\/ypf-atf-diii\/#breadcrumb"},"inLanguage":"es","potentialAction":[{"@type":"ReadAction","target":["https:\/\/pldistribucion.com.ar\/web\/producto\/ypf-atf-diii\/"]}]},{"@type":"ImageObject","inLanguage":"es","@id":"https:\/\/pldistribucion.com.ar\/web\/producto\/ypf-atf-diii\/#primaryimage","url":"https:\/\/pldistribucion.com.ar\/web\/wp-content\/uploads\/5df79647ca94524ba346f7959.png","contentUrl":"https:\/\/pldistribucion.com.ar\/web\/wp-content\/uploads\/5df79647ca94524ba346f7959.png","width":1000,"height":1000,"caption":"YPF ATF-DIII"},{"@type":"BreadcrumbList","@id":"https:\/\/pldistribucion.com.ar\/web\/producto\/ypf-atf-diii\/#breadcrumb","itemListElement":[{"@type":"ListItem","position":1,"name":"Portada","item":"https:\/\/pldistribucion.com.ar\/web\/"},{"@type":"ListItem","position":2,"name":"Productos","item":"https:\/\/pldistribucion.com.ar\/web\/productos\/"},{"@type":"ListItem","position":3,"name":"YPF ATF-DIII"}]},{"@type":"WebSite","@id":"https:\/\/pldistribucion.com.ar\/web\/#website","url":"https:\/\/pldistribucion.com.ar\/web\/","name":"Perfomance Lube","description":"","publisher":{"@id":"https:\/\/pldistribucion.com.ar\/web\/#organization"},"potentialAction":[{"@type":"SearchAction","target":{"@type":"EntryPoint","urlTemplate":"https:\/\/pldistribucion.com.ar\/web\/?s={search_term_string}"},"query-input":"required name=search_term_string"}],"inLanguage":"es"},{"@type":"Organization","@id":"https:\/\/pldistribucion.com.ar\/web\/#organization","name":"PERFORMANCE LUBE","url":"https:\/\/pldistribucion.com.ar\/web\/","logo":{"@type":"ImageObject","inLanguage":"es","@id":"https:\/\/pldistribucion.com.ar\/web\/#\/schema\/logo\/image\/","url":"https:\/\/pldistribucion.com.ar\/web\/wp-content\/uploads\/pld_logo_GB-removebg-preview.png","contentUrl":"https:\/\/pldistribucion.com.ar\/web\/wp-content\/uploads\/pld_logo_GB-removebg-preview.png","width":787,"height":317,"caption":"PERFORMANCE LUBE"},"image":{"@id":"https:\/\/pldistribucion.com.ar\/web\/#\/schema\/logo\/image\/"}}]}},"_links":{"self":[{"href":"https:\/\/pldistribucion.com.ar\/web\/wp-json\/wp\/v2\/product\/986"}],"collection":[{"href":"https:\/\/pldistribucion.com.ar\/web\/wp-json\/wp\/v2\/product"}],"about":[{"href":"https:\/\/pldistribucion.com.ar\/web\/wp-json\/wp\/v2\/types\/product"}],"replies":[{"embeddable":true,"href":"https:\/\/pldistribucion.com.ar\/web\/wp-json\/wp\/v2\/comments?post=986"}],"wp:featuredmedia":[{"embeddable":true,"href":"https:\/\/pldistribucion.com.ar\/web\/wp-json\/wp\/v2\/media\/987"}],"wp:attachment":[{"href":"https:\/\/pldistribucion.com.ar\/web\/wp-json\/wp\/v2\/media?parent=986"}],"wp:term":[{"taxonomy":"product_cat","embeddable":true,"href":"https:\/\/pldistribucion.com.ar\/web\/wp-json\/wp\/v2\/product_cat?post=986"},{"taxonomy":"product_tag","embeddable":true,"href":"https:\/\/pldistribucion.com.ar\/web\/wp-json\/wp\/v2\/product_tag?post=986"}],"curies":[{"name":"wp","href":"https:\/\/api.w.org\/{rel}","templated":true}]}}