{"id":963,"date":"2020-12-18T14:37:16","date_gmt":"2020-12-18T14:37:16","guid":{"rendered":"https:\/\/pldistribucion.com.ar\/web\/?post_type=product&#038;p=963"},"modified":"2022-05-02T15:04:47","modified_gmt":"2022-05-02T15:04:47","slug":"ypf-extravida-xv500","status":"publish","type":"product","link":"https:\/\/pldistribucion.com.ar\/web\/producto\/ypf-extravida-xv500\/","title":{"rendered":"YPF EXTRAVIDA XV-500"},"content":{"rendered":"<h1><em><strong><span style=\"font-size: 80%;\">YPF EXTRAVIDA XV-500<\/span><\/strong><\/em><\/h1>\n<h3><span style=\"font-size: 80%; background-color: #99ccff;\"><strong>DESCRIPCI\u00d3N DEL PRODUCTO<\/strong><\/span><\/h3>\n<p><span style=\"color: #000000;\">YPF EXTRAVIDA XV-500 pertenece a una linea de lubricantes minerales, semisint\u00e9ticos y sint\u00e9ticos para motores Diesel pesados que operan en el agro, la industria y el transporte.<\/span><\/p>\n<p><span style=\"color: #000000;\">Su dise\u00f1o surge a partir de las diversas tecnolog\u00edas Euro para motores, que incorporan los m\u00e1s modernos sistemas de postratamiento de gases de escape.<\/span><\/p>\n<p><span style=\"color: #000000;\">Por un lado est\u00e1n los sistemas que requieren el uso de Urea grado automotriz (SCR), y por otro aquellos equipados con filtro de part\u00edculas (DPF).<\/span><\/p>\n<p><span style=\"color: #000000;\">La l\u00ednea Extravida XV cuenta con una amplia gama de productos, la cual incluye cada una de las tecnolog\u00edas mencionadas, permitiendo optar por el m\u00e1s adecuado atento al tipo de servicio.<\/span><\/p>\n<p><span style=\"color: #000000;\">Adem\u00e1s, dicha l\u00ednea satisface los \u00faltimos requerimientos de calidad establecidos tanto en el mercado<\/span><br \/>\n<span style=\"color: #000000;\">americano como europeo.<\/span><\/p>\n<h3><span style=\"font-size: 80%; background-color: #99ccff;\"><strong>PROPIEDADES Y BENEFICIOS<\/strong><\/span><\/h3>\n<ul>\n<li><span style=\"color: #000000;\">La l\u00ednea Extravida XV combina excelentes propiedades de dispersancia y detergencia para la adecuada limpieza del motor.<\/span><\/li>\n<li><span style=\"color: #000000;\">Neutraliza eficazmente los \u00e1cidos formados durante la combusti\u00f3n, evitando la corrosi\u00f3n y el desgaste que los mismos provocan.<\/span><\/li>\n<li><span style=\"color: #000000;\">Eficaz control del holl\u00edn, tolerando mayores cantidades de este contaminante en suspensi\u00f3n y evitando los efectos nocivos que provoca el mismo.<\/span><\/li>\n<li><span style=\"color: #000000;\">Excelente control de dep\u00f3sitos en los pistones, evitando as\u00ed el pulido de la camisa y por ende disminuyendo el consumo de aceite que este tipo de desgaste genera.<\/span><\/li>\n<li><span style=\"color: #000000;\">Gran resistencia a la oxidaci\u00f3n frente a elevadas temperaturas, controlando el aumento de viscosidad y asegurando de esta forma su perfecta fluidez.<\/span><\/li>\n<li><span style=\"color: #000000;\">La elecci\u00f3n del lubricante adecuado permitir\u00e1 acceder a intervalos de cambio m\u00e1s prolongados.<\/span><\/li>\n<\/ul>\n<h1><strong>Presentaciones\u00a0 \u27a2\u00a0<span style=\"color: #800080;\"><a style=\"color: #800080;\" href=\"https:\/\/performancelube.mercadoshops.com.ar\/\" target=\"_blank\" rel=\"noopener\">TIENDA SHOPS<\/a><\/span><\/strong><\/h1>\n<p><strong>\u00a0 \u00a0 \u00a0 \u00a0 \u00a0 \u00a0 \u00a0 \u00a0 \u00a0 \u00a0 \u00a0 \u00a0 \u00a0 \u00a0 \u00a0 \u00a0 \u00a0 \u00a0 \u00a0 \u00a0 \u00a0 \u00a0 \u00a0 \u00a0 \u00a0 (SELECCION\u00c1 PARA REALIZAR TU COMPRA)<\/strong><\/p>\n<hr \/>\n<p><strong>EXTRAVIDA XV500 5W-30<\/strong><\/p>\n<p class=\"uppercase thin-font lead\"><span style=\"color: #69314d;\"><strong><span style=\"font-size: 100%;\">balde x 20l\u00a0 \u00a0 \u00a0 \u00a0 \u00a0 \u279c \u00a0<a href=\"https:\/\/performancelube.mercadoshops.com.ar\/MLA-837054632-aceite-ypf-extravida-xv500-5w30-x-20-litros-_JM#position=3&amp;search_layout=stack&amp;type=item&amp;tracking_id=c5d80cd1-d156-4ea5-af65-0a70f4452287\" target=\"_blank\" rel=\"noopener\"><strong style=\"font-size: 14.4px; color: #0000ff;\"><img loading=\"lazy\" decoding=\"async\" class=\"alignnone wp-image-3792 \" src=\"https:\/\/pldistribucion.com.ar\/web\/wp-content\/uploads\/CALIDA-300x123.jpeg\" alt=\"\" width=\"122\" height=\"50\" srcset=\"https:\/\/pldistribucion.com.ar\/web\/wp-content\/uploads\/CALIDA-300x123.jpeg 300w, https:\/\/pldistribucion.com.ar\/web\/wp-content\/uploads\/CALIDA-1024x418.jpeg 1024w, https:\/\/pldistribucion.com.ar\/web\/wp-content\/uploads\/CALIDA-768x314.jpeg 768w, https:\/\/pldistribucion.com.ar\/web\/wp-content\/uploads\/CALIDA-1536x627.jpeg 1536w, https:\/\/pldistribucion.com.ar\/web\/wp-content\/uploads\/CALIDA-2048x836.jpeg 2048w, https:\/\/pldistribucion.com.ar\/web\/wp-content\/uploads\/CALIDA-600x245.jpeg 600w\" sizes=\"(max-width: 122px) 100vw, 122px\" \/><\/strong><\/a><\/span><\/strong><\/span><\/p>\n<hr \/>\n<p><strong>EXTRAVIDA XV500 5W-30<\/strong><\/p>\n<p class=\"uppercase thin-font lead\"><span style=\"color: #69314d;\"><strong><span style=\"font-size: 100%;\">tambor x 205l\u00a0 \u00a0 \u279c <\/span><\/strong><\/span><strong style=\"font-size: 14.4px;\">\u00a0<\/strong><a href=\"https:\/\/performancelube.mercadoshops.com.ar\/MLA-803032375-ypf-extravida-xv500-5w30-x205l-tambor-_JM#position=2&amp;search_layout=stack&amp;type=item&amp;tracking_id=c5d80cd1-d156-4ea5-af65-0a70f4452287\" target=\"_blank\" rel=\"noopener\"><strong style=\"font-size: 14.4px; color: #0000ff;\"><img loading=\"lazy\" decoding=\"async\" class=\"alignnone wp-image-3792 \" src=\"https:\/\/pldistribucion.com.ar\/web\/wp-content\/uploads\/CALIDA-300x123.jpeg\" alt=\"\" width=\"122\" height=\"50\" srcset=\"https:\/\/pldistribucion.com.ar\/web\/wp-content\/uploads\/CALIDA-300x123.jpeg 300w, https:\/\/pldistribucion.com.ar\/web\/wp-content\/uploads\/CALIDA-1024x418.jpeg 1024w, https:\/\/pldistribucion.com.ar\/web\/wp-content\/uploads\/CALIDA-768x314.jpeg 768w, https:\/\/pldistribucion.com.ar\/web\/wp-content\/uploads\/CALIDA-1536x627.jpeg 1536w, https:\/\/pldistribucion.com.ar\/web\/wp-content\/uploads\/CALIDA-2048x836.jpeg 2048w, https:\/\/pldistribucion.com.ar\/web\/wp-content\/uploads\/CALIDA-600x245.jpeg 600w\" sizes=\"(max-width: 122px) 100vw, 122px\" \/><\/strong><\/a><\/p>\n<hr \/>\n<p><em><strong>EXTRA VIDA XV500 205 10w40.<\/strong><\/em><\/p>\n<p class=\"uppercase thin-font lead\"><span style=\"color: #69314d;\"><strong><span style=\"font-size: 100%;\">tambor x 205l\u00a0 \u00a0 \u279c <a href=\"https:\/\/performancelube.mercadoshops.com.ar\/MLA-803032375-ypf-extravida-xv500-5w30-x205l-tambor-_JM#position=2&amp;search_layout=stack&amp;type=item&amp;tracking_id=c5d80cd1-d156-4ea5-af65-0a70f4452287\" target=\"_blank\" rel=\"noopener\"><strong style=\"font-size: 14.4px; color: #0000ff;\"><img loading=\"lazy\" decoding=\"async\" class=\"alignnone wp-image-3792 \" src=\"https:\/\/pldistribucion.com.ar\/web\/wp-content\/uploads\/CALIDA-300x123.jpeg\" alt=\"\" width=\"122\" height=\"50\" srcset=\"https:\/\/pldistribucion.com.ar\/web\/wp-content\/uploads\/CALIDA-300x123.jpeg 300w, https:\/\/pldistribucion.com.ar\/web\/wp-content\/uploads\/CALIDA-1024x418.jpeg 1024w, https:\/\/pldistribucion.com.ar\/web\/wp-content\/uploads\/CALIDA-768x314.jpeg 768w, https:\/\/pldistribucion.com.ar\/web\/wp-content\/uploads\/CALIDA-1536x627.jpeg 1536w, https:\/\/pldistribucion.com.ar\/web\/wp-content\/uploads\/CALIDA-2048x836.jpeg 2048w, https:\/\/pldistribucion.com.ar\/web\/wp-content\/uploads\/CALIDA-600x245.jpeg 600w\" sizes=\"(max-width: 122px) 100vw, 122px\" \/><\/strong><\/a><\/span><\/strong><\/span><\/p>\n<hr \/>\n<p><strong><span style=\"color: #000080;\"><span style=\"color: #000080;\"><a style=\"color: #000080;\" href=\"https:\/\/www.ypfagro.com.ar\/img\/documentos\/5df573f89e3cfa6be853a242b.pdf\" target=\"_blank\" rel=\"noopener\">Ver ficha t\u00e9cnica \/ <\/a><a style=\"color: #000080;\" href=\"https:\/\/pldistribucion.com.ar\/web\/wp-content\/uploads\/EXTRAVIDA-XV-500-LD-FDS.pdf\" target=\"_blank\" rel=\"noopener\">Ver hoja de seguridad<\/a><\/span><\/span><\/strong><\/p>\n<p><strong><span style=\"color: #000080;\"><a style=\"color: #000080;\" href=\"https:\/\/pldistribucion.com.ar\/web\/productos\/?filter_marcas=ypf\">Ver m\u00e1s productos YPF<\/a><\/span><\/strong><\/p>\n<p><span style=\"color: #000000;\">( YPF es la mayor empresa de Argentina y la quinta petrolera m\u00e1s grande de la regi\u00f3n, <sup id=\"cite_ref-5\" class=\"reference separada\"><\/sup>empleando directa o indirectamente a m\u00e1s de 72.000 personas de todo el pa\u00eds. En la lista Forbes Global 2000 de 2020, YPF fue clasificada como la 1360a empresa m\u00e1s grande del mundo. Adem\u00e1s posee noventa y dos bloques productivos distribuidos en cuencas de todo el territorio argentino y cuarenta y ocho bloques exploratorios&#8230;)<\/span><\/p>\n<p><span style=\"color: #000080;\"><strong><a style=\"color: #000080;\" href=\"https:\/\/www.ypf.com\/YPFHoy\/YPFSalaPrensa\/Paginas\/Noticias\/90-a%C3%B1os.aspx\" target=\"_blank\" rel=\"noopener\">Conoce m\u00e1s sobre YPF<\/a><\/strong><\/span><\/p>\n","protected":false},"excerpt":{"rendered":"<p><img loading=\"lazy\" decoding=\"async\" class=\"alignnone size-medium wp-image-843\" src=\"https:\/\/pldistribucion.com.ar\/web\/wp-content\/uploads\/captura_de_pantalla_2014-10-29_a_las_09.45.10-300x250.png\" alt=\"\" width=\"300\" height=\"250\" \/><\/p>\n<p>YPF\u200b\u200b es una empresa argentina\u200b de energ\u00eda dedicada a la exploraci\u00f3n, explotaci\u00f3n, destilaci\u00f3n, distribuci\u00f3n y producci\u00f3n de energ\u00eda el\u00e9ctrica, gas, petr\u00f3leo y derivados de los hidrocarburos y venta de combustibles, lubricantes, fertilizantes, pl\u00e1sticos y otros productos relacionados con la industria. Por otro lado es el mayor productor de bases lubricantes en la Argentina. Las mismas son provenientes de crudos paraf\u00ednicos y son sometidas a severos tratamientos de refino, que les confieren un alto \u00edndice de viscosidad y una excelente estabilidad a la oxidaci\u00f3n.<\/p>\n","protected":false},"featured_media":964,"comment_status":"open","ping_status":"closed","template":"","meta":[],"product_cat":[16,36],"product_tag":[],"yoast_head":"<!-- This site is optimized with the Yoast SEO plugin v23.0 - https:\/\/yoast.com\/wordpress\/plugins\/seo\/ -->\n<title>YPF EXTRAVIDA XV-500 - Perfomance Lube - Lubricantes<\/title>\n<meta name=\"description\" content=\"Distribuidor de lubricantes YPF, l\u00ednea ELAION de diferentes aplicaciones. Env\u00edos a todo el pa\u00eds. Variedad de productos y stock disponible.\" \/>\n<meta name=\"robots\" content=\"index, follow, max-snippet:-1, max-image-preview:large, max-video-preview:-1\" \/>\n<link rel=\"canonical\" href=\"https:\/\/pldistribucion.com.ar\/web\/producto\/ypf-extravida-xv500\/\" \/>\n<meta property=\"og:locale\" content=\"es_ES\" \/>\n<meta property=\"og:type\" content=\"article\" \/>\n<meta property=\"og:title\" content=\"YPF EXTRAVIDA XV-500 - Perfomance Lube - Lubricantes\" \/>\n<meta property=\"og:description\" content=\"Distribuidor de lubricantes YPF, l\u00ednea ELAION de diferentes aplicaciones. Env\u00edos a todo el pa\u00eds. Variedad de productos y stock disponible.\" \/>\n<meta property=\"og:url\" content=\"https:\/\/pldistribucion.com.ar\/web\/producto\/ypf-extravida-xv500\/\" \/>\n<meta property=\"og:site_name\" content=\"Perfomance Lube\" \/>\n<meta property=\"article:modified_time\" content=\"2022-05-02T15:04:47+00:00\" \/>\n<meta property=\"og:image\" content=\"https:\/\/pldistribucion.com.ar\/web\/wp-content\/uploads\/5df7917bbfc5900d636d083a0.png\" \/>\n\t<meta property=\"og:image:width\" content=\"1000\" \/>\n\t<meta property=\"og:image:height\" content=\"1000\" \/>\n\t<meta property=\"og:image:type\" content=\"image\/png\" \/>\n<meta name=\"twitter:card\" content=\"summary_large_image\" \/>\n<meta name=\"twitter:label1\" content=\"Tiempo de lectura\" \/>\n\t<meta name=\"twitter:data1\" content=\"2 minutos\" \/>\n<script type=\"application\/ld+json\" class=\"yoast-schema-graph\">{\"@context\":\"https:\/\/schema.org\",\"@graph\":[{\"@type\":\"WebPage\",\"@id\":\"https:\/\/pldistribucion.com.ar\/web\/producto\/ypf-extravida-xv500\/\",\"url\":\"https:\/\/pldistribucion.com.ar\/web\/producto\/ypf-extravida-xv500\/\",\"name\":\"YPF EXTRAVIDA XV-500 - Perfomance Lube - Lubricantes\",\"isPartOf\":{\"@id\":\"https:\/\/pldistribucion.com.ar\/web\/#website\"},\"primaryImageOfPage\":{\"@id\":\"https:\/\/pldistribucion.com.ar\/web\/producto\/ypf-extravida-xv500\/#primaryimage\"},\"image\":{\"@id\":\"https:\/\/pldistribucion.com.ar\/web\/producto\/ypf-extravida-xv500\/#primaryimage\"},\"thumbnailUrl\":\"https:\/\/pldistribucion.com.ar\/web\/wp-content\/uploads\/5df7917bbfc5900d636d083a0.png\",\"datePublished\":\"2020-12-18T14:37:16+00:00\",\"dateModified\":\"2022-05-02T15:04:47+00:00\",\"description\":\"Distribuidor de lubricantes YPF, l\u00ednea ELAION de diferentes aplicaciones. Env\u00edos a todo el pa\u00eds. Variedad de productos y stock disponible.\",\"breadcrumb\":{\"@id\":\"https:\/\/pldistribucion.com.ar\/web\/producto\/ypf-extravida-xv500\/#breadcrumb\"},\"inLanguage\":\"es\",\"potentialAction\":[{\"@type\":\"ReadAction\",\"target\":[\"https:\/\/pldistribucion.com.ar\/web\/producto\/ypf-extravida-xv500\/\"]}]},{\"@type\":\"ImageObject\",\"inLanguage\":\"es\",\"@id\":\"https:\/\/pldistribucion.com.ar\/web\/producto\/ypf-extravida-xv500\/#primaryimage\",\"url\":\"https:\/\/pldistribucion.com.ar\/web\/wp-content\/uploads\/5df7917bbfc5900d636d083a0.png\",\"contentUrl\":\"https:\/\/pldistribucion.com.ar\/web\/wp-content\/uploads\/5df7917bbfc5900d636d083a0.png\",\"width\":1000,\"height\":1000,\"caption\":\"YPF EXTRAVIDA XV-500\"},{\"@type\":\"BreadcrumbList\",\"@id\":\"https:\/\/pldistribucion.com.ar\/web\/producto\/ypf-extravida-xv500\/#breadcrumb\",\"itemListElement\":[{\"@type\":\"ListItem\",\"position\":1,\"name\":\"Portada\",\"item\":\"https:\/\/pldistribucion.com.ar\/web\/\"},{\"@type\":\"ListItem\",\"position\":2,\"name\":\"Productos\",\"item\":\"https:\/\/pldistribucion.com.ar\/web\/productos\/\"},{\"@type\":\"ListItem\",\"position\":3,\"name\":\"YPF EXTRAVIDA XV-500\"}]},{\"@type\":\"WebSite\",\"@id\":\"https:\/\/pldistribucion.com.ar\/web\/#website\",\"url\":\"https:\/\/pldistribucion.com.ar\/web\/\",\"name\":\"Perfomance Lube\",\"description\":\"\",\"publisher\":{\"@id\":\"https:\/\/pldistribucion.com.ar\/web\/#organization\"},\"potentialAction\":[{\"@type\":\"SearchAction\",\"target\":{\"@type\":\"EntryPoint\",\"urlTemplate\":\"https:\/\/pldistribucion.com.ar\/web\/?s={search_term_string}\"},\"query-input\":\"required name=search_term_string\"}],\"inLanguage\":\"es\"},{\"@type\":\"Organization\",\"@id\":\"https:\/\/pldistribucion.com.ar\/web\/#organization\",\"name\":\"PERFORMANCE LUBE\",\"url\":\"https:\/\/pldistribucion.com.ar\/web\/\",\"logo\":{\"@type\":\"ImageObject\",\"inLanguage\":\"es\",\"@id\":\"https:\/\/pldistribucion.com.ar\/web\/#\/schema\/logo\/image\/\",\"url\":\"https:\/\/pldistribucion.com.ar\/web\/wp-content\/uploads\/pld_logo_GB-removebg-preview.png\",\"contentUrl\":\"https:\/\/pldistribucion.com.ar\/web\/wp-content\/uploads\/pld_logo_GB-removebg-preview.png\",\"width\":787,\"height\":317,\"caption\":\"PERFORMANCE LUBE\"},\"image\":{\"@id\":\"https:\/\/pldistribucion.com.ar\/web\/#\/schema\/logo\/image\/\"}}]}<\/script>\n<!-- \/ Yoast SEO plugin. -->","yoast_head_json":{"title":"YPF EXTRAVIDA XV-500 - Perfomance Lube - Lubricantes","description":"Distribuidor de lubricantes YPF, l\u00ednea ELAION de diferentes aplicaciones. Env\u00edos a todo el pa\u00eds. Variedad de productos y stock disponible.","robots":{"index":"index","follow":"follow","max-snippet":"max-snippet:-1","max-image-preview":"max-image-preview:large","max-video-preview":"max-video-preview:-1"},"canonical":"https:\/\/pldistribucion.com.ar\/web\/producto\/ypf-extravida-xv500\/","og_locale":"es_ES","og_type":"article","og_title":"YPF EXTRAVIDA XV-500 - Perfomance Lube - Lubricantes","og_description":"Distribuidor de lubricantes YPF, l\u00ednea ELAION de diferentes aplicaciones. Env\u00edos a todo el pa\u00eds. Variedad de productos y stock disponible.","og_url":"https:\/\/pldistribucion.com.ar\/web\/producto\/ypf-extravida-xv500\/","og_site_name":"Perfomance Lube","article_modified_time":"2022-05-02T15:04:47+00:00","og_image":[{"width":1000,"height":1000,"url":"https:\/\/pldistribucion.com.ar\/web\/wp-content\/uploads\/5df7917bbfc5900d636d083a0.png","type":"image\/png"}],"twitter_card":"summary_large_image","twitter_misc":{"Tiempo de lectura":"2 minutos"},"schema":{"@context":"https:\/\/schema.org","@graph":[{"@type":"WebPage","@id":"https:\/\/pldistribucion.com.ar\/web\/producto\/ypf-extravida-xv500\/","url":"https:\/\/pldistribucion.com.ar\/web\/producto\/ypf-extravida-xv500\/","name":"YPF EXTRAVIDA XV-500 - Perfomance Lube - Lubricantes","isPartOf":{"@id":"https:\/\/pldistribucion.com.ar\/web\/#website"},"primaryImageOfPage":{"@id":"https:\/\/pldistribucion.com.ar\/web\/producto\/ypf-extravida-xv500\/#primaryimage"},"image":{"@id":"https:\/\/pldistribucion.com.ar\/web\/producto\/ypf-extravida-xv500\/#primaryimage"},"thumbnailUrl":"https:\/\/pldistribucion.com.ar\/web\/wp-content\/uploads\/5df7917bbfc5900d636d083a0.png","datePublished":"2020-12-18T14:37:16+00:00","dateModified":"2022-05-02T15:04:47+00:00","description":"Distribuidor de lubricantes YPF, l\u00ednea ELAION de diferentes aplicaciones. Env\u00edos a todo el pa\u00eds. Variedad de productos y stock disponible.","breadcrumb":{"@id":"https:\/\/pldistribucion.com.ar\/web\/producto\/ypf-extravida-xv500\/#breadcrumb"},"inLanguage":"es","potentialAction":[{"@type":"ReadAction","target":["https:\/\/pldistribucion.com.ar\/web\/producto\/ypf-extravida-xv500\/"]}]},{"@type":"ImageObject","inLanguage":"es","@id":"https:\/\/pldistribucion.com.ar\/web\/producto\/ypf-extravida-xv500\/#primaryimage","url":"https:\/\/pldistribucion.com.ar\/web\/wp-content\/uploads\/5df7917bbfc5900d636d083a0.png","contentUrl":"https:\/\/pldistribucion.com.ar\/web\/wp-content\/uploads\/5df7917bbfc5900d636d083a0.png","width":1000,"height":1000,"caption":"YPF EXTRAVIDA XV-500"},{"@type":"BreadcrumbList","@id":"https:\/\/pldistribucion.com.ar\/web\/producto\/ypf-extravida-xv500\/#breadcrumb","itemListElement":[{"@type":"ListItem","position":1,"name":"Portada","item":"https:\/\/pldistribucion.com.ar\/web\/"},{"@type":"ListItem","position":2,"name":"Productos","item":"https:\/\/pldistribucion.com.ar\/web\/productos\/"},{"@type":"ListItem","position":3,"name":"YPF EXTRAVIDA XV-500"}]},{"@type":"WebSite","@id":"https:\/\/pldistribucion.com.ar\/web\/#website","url":"https:\/\/pldistribucion.com.ar\/web\/","name":"Perfomance Lube","description":"","publisher":{"@id":"https:\/\/pldistribucion.com.ar\/web\/#organization"},"potentialAction":[{"@type":"SearchAction","target":{"@type":"EntryPoint","urlTemplate":"https:\/\/pldistribucion.com.ar\/web\/?s={search_term_string}"},"query-input":"required name=search_term_string"}],"inLanguage":"es"},{"@type":"Organization","@id":"https:\/\/pldistribucion.com.ar\/web\/#organization","name":"PERFORMANCE LUBE","url":"https:\/\/pldistribucion.com.ar\/web\/","logo":{"@type":"ImageObject","inLanguage":"es","@id":"https:\/\/pldistribucion.com.ar\/web\/#\/schema\/logo\/image\/","url":"https:\/\/pldistribucion.com.ar\/web\/wp-content\/uploads\/pld_logo_GB-removebg-preview.png","contentUrl":"https:\/\/pldistribucion.com.ar\/web\/wp-content\/uploads\/pld_logo_GB-removebg-preview.png","width":787,"height":317,"caption":"PERFORMANCE LUBE"},"image":{"@id":"https:\/\/pldistribucion.com.ar\/web\/#\/schema\/logo\/image\/"}}]}},"_links":{"self":[{"href":"https:\/\/pldistribucion.com.ar\/web\/wp-json\/wp\/v2\/product\/963"}],"collection":[{"href":"https:\/\/pldistribucion.com.ar\/web\/wp-json\/wp\/v2\/product"}],"about":[{"href":"https:\/\/pldistribucion.com.ar\/web\/wp-json\/wp\/v2\/types\/product"}],"replies":[{"embeddable":true,"href":"https:\/\/pldistribucion.com.ar\/web\/wp-json\/wp\/v2\/comments?post=963"}],"wp:featuredmedia":[{"embeddable":true,"href":"https:\/\/pldistribucion.com.ar\/web\/wp-json\/wp\/v2\/media\/964"}],"wp:attachment":[{"href":"https:\/\/pldistribucion.com.ar\/web\/wp-json\/wp\/v2\/media?parent=963"}],"wp:term":[{"taxonomy":"product_cat","embeddable":true,"href":"https:\/\/pldistribucion.com.ar\/web\/wp-json\/wp\/v2\/product_cat?post=963"},{"taxonomy":"product_tag","embeddable":true,"href":"https:\/\/pldistribucion.com.ar\/web\/wp-json\/wp\/v2\/product_tag?post=963"}],"curies":[{"name":"wp","href":"https:\/\/api.w.org\/{rel}","templated":true}]}}