{"id":889,"date":"2020-11-12T13:35:59","date_gmt":"2020-11-12T13:35:59","guid":{"rendered":"https:\/\/pldistribucion.com.ar\/web\/?post_type=product&#038;p=889"},"modified":"2022-05-03T13:28:53","modified_gmt":"2022-05-03T13:28:53","slug":"ypf-elaion-f50-dpf-50w-30","status":"publish","type":"product","link":"https:\/\/pldistribucion.com.ar\/web\/producto\/ypf-elaion-f50-dpf-50w-30\/","title":{"rendered":"YPF ELAION F50 DPF 50W-30"},"content":{"rendered":"<h1><span style=\"font-size: 80%;\"><em><strong>YPF ELAION F50 DPF 50W-30<\/strong><\/em><\/span><\/h1>\n<h3><span style=\"font-size: 80%; background-color: #99ccff;\"><strong>DESCRIPCI\u00d3N DEL PRODUCTO<\/strong><\/span><\/h3>\n<p><span style=\"color: #000000;\">YPF ELAION F50 DPF 50W-30\u00a0es un lubricante 100% sint\u00e9tico, especialmente dise\u00f1ado para proteger aquellos dispositivos que tratan los gases de la combusti\u00f3n en los nuevos motores que hoy se incorporan al mercado. Si bien su formulaci\u00f3n contempla ambas motorizaciones, la principal raz\u00f3n de su uso radica en aquellos motores Diesel que poseen filtro de part\u00edculas, tambi\u00e9n conocido como DPF (Diesel Particulate Filter).<\/span><\/p>\n<h3><span style=\"font-size: 80%; background-color: #99ccff;\"><strong>PROPIEDADES Y BENEFICIOS<\/strong><\/span><\/h3>\n<p><span style=\"color: #000000;\">Toda la l\u00ednea ELAION se destaca por la compatibilidad con cualquier tipo de combustible, nafta, gasoil, GNC y Biocombustibles con distintas proporciones de Etanol o FAME (sujetas a normativas gubernamentales).<\/span><\/p>\n<p><span style=\"color: #000000;\">\u2022 Su exclusiva Tecnolog\u00eda Anti-Stress TAS\u00ae contempla:<\/span><\/p>\n<ul>\n<li><span style=\"color: #000000;\">Econom\u00eda de combustible<\/span><\/li>\n<li><span style=\"color: #000000;\">Protecci\u00f3n de dispositivos que hacen al cuidado del medio ambiente gracias a su formulaci\u00f3n de baja cenizas<\/span><\/li>\n<li><span style=\"color: #000000;\">M\u00e1xima protecci\u00f3n contra el desgaste en las zonas de alta presi\u00f3n de contacto.<\/span><\/li>\n<li><span style=\"color: #000000;\">M\u00e1xima resistencia a los fen\u00f3menos de oxidaci\u00f3n, manteniendo por m\u00e1s tiempo las propiedades del aceite.<\/span><\/li>\n<li><span style=\"color: #000000;\">\u00d3ptima fluidez durante el arranque en fr\u00edo, minimizando el desgaste al momento de la puesta en marcha.<\/span><\/li>\n<li><span style=\"color: #000000;\">M\u00e1ximo poder de neutralizaci\u00f3n de los \u00e1cidos generados por la combusti\u00f3n, evitando as\u00ed la corrosi\u00f3n del motor.<\/span><\/li>\n<li><span style=\"color: #000000;\">Excelente capacidad para retardar la formaci\u00f3n de barros negros y mantener en suspensi\u00f3n el holl\u00edn.<\/span><\/li>\n<li><span style=\"color: #000000;\">\u00d3ptima resistencia de la pel\u00edcula lubricante en condiciones severas.<\/span><\/li>\n<li><span style=\"color: #000000;\">Excelente capacidad de limpieza.<\/span><\/li>\n<\/ul>\n<h3><span style=\"font-size: 80%; background-color: #99ccff;\"><strong>APLICACIONES<\/strong><\/span><\/h3>\n<p><span style=\"color: #000000;\">Motores nafteros y Diesel 4 tiempos que requieran el cumplimiento de las especificaciones VW mencionadas en la ficha t\u00e9cnica<\/span>.<\/p>\n<h1><strong>Presentaciones\u00a0 \u27a2\u00a0<span style=\"color: #800080;\"><a style=\"color: #800080;\" href=\"https:\/\/performancelube.mercadoshops.com.ar\/\" target=\"_blank\" rel=\"noopener\">TIENDA SHOPS<\/a><\/span><\/strong><\/h1>\n<p><strong>\u00a0 \u00a0 \u00a0 \u00a0 \u00a0 \u00a0 \u00a0 \u00a0 \u00a0 \u00a0 \u00a0 \u00a0 \u00a0 \u00a0 \u00a0 \u00a0 \u00a0 \u00a0 \u00a0 \u00a0 \u00a0 \u00a0 \u00a0 \u00a0 \u00a0 (SELECCION\u00c1 PARA REALIZAR TU COMPRA)<\/strong><\/p>\n<hr \/>\n<p class=\"uppercase thin-font lead\"><span style=\"color: #69314d;\"><strong><span style=\"font-size: 100%;\">bid\u00f3n x 1l\u00a0 \u00a0 \u00a0\u279c<\/span><\/strong><\/span><\/p>\n<hr \/>\n<p class=\"uppercase thin-font lead\"><span style=\"color: #69314d;\"><strong><span style=\"font-size: 100%;\">bid\u00f3n x 4l\u00a0 \u00a0 \u00a0\u279c \u00a0<\/span><\/strong><\/span><\/p>\n<hr \/>\n<p><span style=\"color: #000080;\"><strong><a style=\"color: #000080;\" href=\"https:\/\/www.ypf.com\/productosyservicios\/Descargas\/Elaion-F50-DPF.PDF\" target=\"_blank\" rel=\"noopener\">Ver ficha t\u00e9cnica \/ <\/a><a style=\"color: #000080;\" href=\"https:\/\/pldistribucion.com.ar\/web\/wp-content\/uploads\/s2-11.pdf\" target=\"_blank\" rel=\"noopener\">Ver hoja de seguridad<\/a><\/strong><\/span><\/p>\n<p><strong><span style=\"color: #000080;\"><a style=\"color: #000080;\" href=\"https:\/\/pldistribucion.com.ar\/web\/productos\/?filter_marcas=ypf\">Ver m\u00e1s productos YPF<\/a><\/span><\/strong><\/p>\n<p><span style=\"color: #000000;\">( YPF es la mayor empresa de Argentina y la quinta petrolera m\u00e1s grande de la regi\u00f3n, <sup id=\"cite_ref-5\" class=\"reference separada\"><\/sup>empleando directa o indirectamente a m\u00e1s de 72.000 personas de todo el pa\u00eds. En la lista Forbes Global 2000 de 2020, YPF fue clasificada como la 1360a empresa m\u00e1s grande del mundo. Adem\u00e1s posee noventa y dos bloques productivos distribuidos en cuencas de todo el territorio argentino y cuarenta y ocho bloques exploratorios&#8230;)<\/span><\/p>\n<p><span style=\"color: #000080;\"><strong><a style=\"color: #000080;\" href=\"https:\/\/www.ypf.com\/YPFHoy\/YPFSalaPrensa\/Paginas\/Noticias\/90-a%C3%B1os.aspx\" target=\"_blank\" rel=\"noopener\">Conoce m\u00e1s sobre YPF<\/a><\/strong><\/span><\/p>\n","protected":false},"excerpt":{"rendered":"<p><img loading=\"lazy\" decoding=\"async\" class=\"alignnone size-medium wp-image-864\" src=\"https:\/\/pldistribucion.com.ar\/web\/wp-content\/uploads\/1024px-Logo_de_YPF.svg-300x118.png\" alt=\"\" width=\"300\" height=\"118\" srcset=\"https:\/\/pldistribucion.com.ar\/web\/wp-content\/uploads\/1024px-Logo_de_YPF.svg-300x118.png 300w, https:\/\/pldistribucion.com.ar\/web\/wp-content\/uploads\/1024px-Logo_de_YPF.svg-768x302.png 768w, https:\/\/pldistribucion.com.ar\/web\/wp-content\/uploads\/1024px-Logo_de_YPF.svg.png 1024w, https:\/\/pldistribucion.com.ar\/web\/wp-content\/uploads\/1024px-Logo_de_YPF.svg-600x236.png 600w\" sizes=\"(max-width: 300px) 100vw, 300px\" \/><\/p>\n<p>YPF\u200b\u200b es una empresa argentina\u200b de energ\u00eda dedicada a la exploraci\u00f3n, explotaci\u00f3n, destilaci\u00f3n, distribuci\u00f3n y producci\u00f3n de energ\u00eda el\u00e9ctrica, gas, petr\u00f3leo y derivados de los hidrocarburos y venta de combustibles, lubricantes, fertilizantes, pl\u00e1sticos y otros productos relacionados con la industria. Por otro lado es el mayor productor de bases lubricantes en la Argentina. Las mismas son provenientes de crudos paraf\u00ednicos y son sometidas a severos tratamientos de refino, que les confieren un alto \u00edndice de viscosidad y una excelente estabilidad a la oxidaci\u00f3n.<\/p>\n","protected":false},"featured_media":943,"comment_status":"open","ping_status":"closed","template":"","meta":[],"product_cat":[16,35],"product_tag":[],"yoast_head":"<!-- This site is optimized with the Yoast SEO plugin v23.0 - https:\/\/yoast.com\/wordpress\/plugins\/seo\/ -->\n<title>YPF ELAION F50 DPF 50W-30 - Perfomance Lube Lubricantes<\/title>\n<meta name=\"description\" content=\"Distribuidor de lubricantes YPF, l\u00ednea ELAION de diferentes aplicaciones. Env\u00edos a todo el pa\u00eds. Variedad de productos y stock disponible.\" \/>\n<meta name=\"robots\" content=\"index, follow, max-snippet:-1, max-image-preview:large, max-video-preview:-1\" \/>\n<link rel=\"canonical\" href=\"https:\/\/pldistribucion.com.ar\/web\/producto\/ypf-elaion-f50-dpf-50w-30\/\" \/>\n<meta property=\"og:locale\" content=\"es_ES\" \/>\n<meta property=\"og:type\" content=\"article\" \/>\n<meta property=\"og:title\" content=\"YPF ELAION F50 DPF 50W-30 - Perfomance Lube Lubricantes\" \/>\n<meta property=\"og:description\" content=\"Distribuidor de lubricantes YPF, l\u00ednea ELAION de diferentes aplicaciones. Env\u00edos a todo el pa\u00eds. Variedad de productos y stock disponible.\" \/>\n<meta property=\"og:url\" content=\"https:\/\/pldistribucion.com.ar\/web\/producto\/ypf-elaion-f50-dpf-50w-30\/\" \/>\n<meta property=\"og:site_name\" content=\"Perfomance Lube\" \/>\n<meta property=\"article:modified_time\" content=\"2022-05-03T13:28:53+00:00\" \/>\n<meta property=\"og:image\" content=\"https:\/\/pldistribucion.com.ar\/web\/wp-content\/uploads\/elaion11.jpg\" \/>\n\t<meta property=\"og:image:width\" content=\"1200\" \/>\n\t<meta property=\"og:image:height\" content=\"1200\" \/>\n\t<meta property=\"og:image:type\" content=\"image\/jpeg\" \/>\n<meta name=\"twitter:card\" content=\"summary_large_image\" \/>\n<meta name=\"twitter:label1\" content=\"Tiempo de lectura\" \/>\n\t<meta name=\"twitter:data1\" content=\"2 minutos\" \/>\n<script type=\"application\/ld+json\" class=\"yoast-schema-graph\">{\"@context\":\"https:\/\/schema.org\",\"@graph\":[{\"@type\":\"WebPage\",\"@id\":\"https:\/\/pldistribucion.com.ar\/web\/producto\/ypf-elaion-f50-dpf-50w-30\/\",\"url\":\"https:\/\/pldistribucion.com.ar\/web\/producto\/ypf-elaion-f50-dpf-50w-30\/\",\"name\":\"YPF ELAION F50 DPF 50W-30 - Perfomance Lube Lubricantes\",\"isPartOf\":{\"@id\":\"https:\/\/pldistribucion.com.ar\/web\/#website\"},\"primaryImageOfPage\":{\"@id\":\"https:\/\/pldistribucion.com.ar\/web\/producto\/ypf-elaion-f50-dpf-50w-30\/#primaryimage\"},\"image\":{\"@id\":\"https:\/\/pldistribucion.com.ar\/web\/producto\/ypf-elaion-f50-dpf-50w-30\/#primaryimage\"},\"thumbnailUrl\":\"https:\/\/pldistribucion.com.ar\/web\/wp-content\/uploads\/elaion11.jpg\",\"datePublished\":\"2020-11-12T13:35:59+00:00\",\"dateModified\":\"2022-05-03T13:28:53+00:00\",\"description\":\"Distribuidor de lubricantes YPF, l\u00ednea ELAION de diferentes aplicaciones. Env\u00edos a todo el pa\u00eds. Variedad de productos y stock disponible.\",\"breadcrumb\":{\"@id\":\"https:\/\/pldistribucion.com.ar\/web\/producto\/ypf-elaion-f50-dpf-50w-30\/#breadcrumb\"},\"inLanguage\":\"es\",\"potentialAction\":[{\"@type\":\"ReadAction\",\"target\":[\"https:\/\/pldistribucion.com.ar\/web\/producto\/ypf-elaion-f50-dpf-50w-30\/\"]}]},{\"@type\":\"ImageObject\",\"inLanguage\":\"es\",\"@id\":\"https:\/\/pldistribucion.com.ar\/web\/producto\/ypf-elaion-f50-dpf-50w-30\/#primaryimage\",\"url\":\"https:\/\/pldistribucion.com.ar\/web\/wp-content\/uploads\/elaion11.jpg\",\"contentUrl\":\"https:\/\/pldistribucion.com.ar\/web\/wp-content\/uploads\/elaion11.jpg\",\"width\":1200,\"height\":1200,\"caption\":\"YPF ELAION F50 DPF 50W-30\"},{\"@type\":\"BreadcrumbList\",\"@id\":\"https:\/\/pldistribucion.com.ar\/web\/producto\/ypf-elaion-f50-dpf-50w-30\/#breadcrumb\",\"itemListElement\":[{\"@type\":\"ListItem\",\"position\":1,\"name\":\"Portada\",\"item\":\"https:\/\/pldistribucion.com.ar\/web\/\"},{\"@type\":\"ListItem\",\"position\":2,\"name\":\"Productos\",\"item\":\"https:\/\/pldistribucion.com.ar\/web\/productos\/\"},{\"@type\":\"ListItem\",\"position\":3,\"name\":\"YPF ELAION F50 DPF 50W-30\"}]},{\"@type\":\"WebSite\",\"@id\":\"https:\/\/pldistribucion.com.ar\/web\/#website\",\"url\":\"https:\/\/pldistribucion.com.ar\/web\/\",\"name\":\"Perfomance Lube\",\"description\":\"\",\"publisher\":{\"@id\":\"https:\/\/pldistribucion.com.ar\/web\/#organization\"},\"potentialAction\":[{\"@type\":\"SearchAction\",\"target\":{\"@type\":\"EntryPoint\",\"urlTemplate\":\"https:\/\/pldistribucion.com.ar\/web\/?s={search_term_string}\"},\"query-input\":\"required name=search_term_string\"}],\"inLanguage\":\"es\"},{\"@type\":\"Organization\",\"@id\":\"https:\/\/pldistribucion.com.ar\/web\/#organization\",\"name\":\"PERFORMANCE LUBE\",\"url\":\"https:\/\/pldistribucion.com.ar\/web\/\",\"logo\":{\"@type\":\"ImageObject\",\"inLanguage\":\"es\",\"@id\":\"https:\/\/pldistribucion.com.ar\/web\/#\/schema\/logo\/image\/\",\"url\":\"https:\/\/pldistribucion.com.ar\/web\/wp-content\/uploads\/pld_logo_GB-removebg-preview.png\",\"contentUrl\":\"https:\/\/pldistribucion.com.ar\/web\/wp-content\/uploads\/pld_logo_GB-removebg-preview.png\",\"width\":787,\"height\":317,\"caption\":\"PERFORMANCE LUBE\"},\"image\":{\"@id\":\"https:\/\/pldistribucion.com.ar\/web\/#\/schema\/logo\/image\/\"}}]}<\/script>\n<!-- \/ Yoast SEO plugin. -->","yoast_head_json":{"title":"YPF ELAION F50 DPF 50W-30 - Perfomance Lube Lubricantes","description":"Distribuidor de lubricantes YPF, l\u00ednea ELAION de diferentes aplicaciones. Env\u00edos a todo el pa\u00eds. Variedad de productos y stock disponible.","robots":{"index":"index","follow":"follow","max-snippet":"max-snippet:-1","max-image-preview":"max-image-preview:large","max-video-preview":"max-video-preview:-1"},"canonical":"https:\/\/pldistribucion.com.ar\/web\/producto\/ypf-elaion-f50-dpf-50w-30\/","og_locale":"es_ES","og_type":"article","og_title":"YPF ELAION F50 DPF 50W-30 - Perfomance Lube Lubricantes","og_description":"Distribuidor de lubricantes YPF, l\u00ednea ELAION de diferentes aplicaciones. Env\u00edos a todo el pa\u00eds. Variedad de productos y stock disponible.","og_url":"https:\/\/pldistribucion.com.ar\/web\/producto\/ypf-elaion-f50-dpf-50w-30\/","og_site_name":"Perfomance Lube","article_modified_time":"2022-05-03T13:28:53+00:00","og_image":[{"width":1200,"height":1200,"url":"https:\/\/pldistribucion.com.ar\/web\/wp-content\/uploads\/elaion11.jpg","type":"image\/jpeg"}],"twitter_card":"summary_large_image","twitter_misc":{"Tiempo de lectura":"2 minutos"},"schema":{"@context":"https:\/\/schema.org","@graph":[{"@type":"WebPage","@id":"https:\/\/pldistribucion.com.ar\/web\/producto\/ypf-elaion-f50-dpf-50w-30\/","url":"https:\/\/pldistribucion.com.ar\/web\/producto\/ypf-elaion-f50-dpf-50w-30\/","name":"YPF ELAION F50 DPF 50W-30 - Perfomance Lube Lubricantes","isPartOf":{"@id":"https:\/\/pldistribucion.com.ar\/web\/#website"},"primaryImageOfPage":{"@id":"https:\/\/pldistribucion.com.ar\/web\/producto\/ypf-elaion-f50-dpf-50w-30\/#primaryimage"},"image":{"@id":"https:\/\/pldistribucion.com.ar\/web\/producto\/ypf-elaion-f50-dpf-50w-30\/#primaryimage"},"thumbnailUrl":"https:\/\/pldistribucion.com.ar\/web\/wp-content\/uploads\/elaion11.jpg","datePublished":"2020-11-12T13:35:59+00:00","dateModified":"2022-05-03T13:28:53+00:00","description":"Distribuidor de lubricantes YPF, l\u00ednea ELAION de diferentes aplicaciones. Env\u00edos a todo el pa\u00eds. Variedad de productos y stock disponible.","breadcrumb":{"@id":"https:\/\/pldistribucion.com.ar\/web\/producto\/ypf-elaion-f50-dpf-50w-30\/#breadcrumb"},"inLanguage":"es","potentialAction":[{"@type":"ReadAction","target":["https:\/\/pldistribucion.com.ar\/web\/producto\/ypf-elaion-f50-dpf-50w-30\/"]}]},{"@type":"ImageObject","inLanguage":"es","@id":"https:\/\/pldistribucion.com.ar\/web\/producto\/ypf-elaion-f50-dpf-50w-30\/#primaryimage","url":"https:\/\/pldistribucion.com.ar\/web\/wp-content\/uploads\/elaion11.jpg","contentUrl":"https:\/\/pldistribucion.com.ar\/web\/wp-content\/uploads\/elaion11.jpg","width":1200,"height":1200,"caption":"YPF ELAION F50 DPF 50W-30"},{"@type":"BreadcrumbList","@id":"https:\/\/pldistribucion.com.ar\/web\/producto\/ypf-elaion-f50-dpf-50w-30\/#breadcrumb","itemListElement":[{"@type":"ListItem","position":1,"name":"Portada","item":"https:\/\/pldistribucion.com.ar\/web\/"},{"@type":"ListItem","position":2,"name":"Productos","item":"https:\/\/pldistribucion.com.ar\/web\/productos\/"},{"@type":"ListItem","position":3,"name":"YPF ELAION F50 DPF 50W-30"}]},{"@type":"WebSite","@id":"https:\/\/pldistribucion.com.ar\/web\/#website","url":"https:\/\/pldistribucion.com.ar\/web\/","name":"Perfomance Lube","description":"","publisher":{"@id":"https:\/\/pldistribucion.com.ar\/web\/#organization"},"potentialAction":[{"@type":"SearchAction","target":{"@type":"EntryPoint","urlTemplate":"https:\/\/pldistribucion.com.ar\/web\/?s={search_term_string}"},"query-input":"required name=search_term_string"}],"inLanguage":"es"},{"@type":"Organization","@id":"https:\/\/pldistribucion.com.ar\/web\/#organization","name":"PERFORMANCE LUBE","url":"https:\/\/pldistribucion.com.ar\/web\/","logo":{"@type":"ImageObject","inLanguage":"es","@id":"https:\/\/pldistribucion.com.ar\/web\/#\/schema\/logo\/image\/","url":"https:\/\/pldistribucion.com.ar\/web\/wp-content\/uploads\/pld_logo_GB-removebg-preview.png","contentUrl":"https:\/\/pldistribucion.com.ar\/web\/wp-content\/uploads\/pld_logo_GB-removebg-preview.png","width":787,"height":317,"caption":"PERFORMANCE LUBE"},"image":{"@id":"https:\/\/pldistribucion.com.ar\/web\/#\/schema\/logo\/image\/"}}]}},"_links":{"self":[{"href":"https:\/\/pldistribucion.com.ar\/web\/wp-json\/wp\/v2\/product\/889"}],"collection":[{"href":"https:\/\/pldistribucion.com.ar\/web\/wp-json\/wp\/v2\/product"}],"about":[{"href":"https:\/\/pldistribucion.com.ar\/web\/wp-json\/wp\/v2\/types\/product"}],"replies":[{"embeddable":true,"href":"https:\/\/pldistribucion.com.ar\/web\/wp-json\/wp\/v2\/comments?post=889"}],"wp:featuredmedia":[{"embeddable":true,"href":"https:\/\/pldistribucion.com.ar\/web\/wp-json\/wp\/v2\/media\/943"}],"wp:attachment":[{"href":"https:\/\/pldistribucion.com.ar\/web\/wp-json\/wp\/v2\/media?parent=889"}],"wp:term":[{"taxonomy":"product_cat","embeddable":true,"href":"https:\/\/pldistribucion.com.ar\/web\/wp-json\/wp\/v2\/product_cat?post=889"},{"taxonomy":"product_tag","embeddable":true,"href":"https:\/\/pldistribucion.com.ar\/web\/wp-json\/wp\/v2\/product_tag?post=889"}],"curies":[{"name":"wp","href":"https:\/\/api.w.org\/{rel}","templated":true}]}}