{"id":838,"date":"2020-03-17T20:21:58","date_gmt":"2020-03-17T20:21:58","guid":{"rendered":"https:\/\/pldistribucion.com.ar\/web\/?post_type=product&#038;p=838"},"modified":"2020-03-17T20:57:06","modified_gmt":"2020-03-17T20:57:06","slug":"urea-liquida-arla-32","status":"publish","type":"product","link":"https:\/\/pldistribucion.com.ar\/web\/producto\/urea-liquida-arla-32\/","title":{"rendered":"UREA ARLA 32"},"content":{"rendered":"<p><span class=\"tipogrande\"><strong>ARLA 32\u00ae\u00a0<\/strong>es utilizado en todos los motores Diesel equipados con sistema de Reducci\u00f3n Catal\u00edtica Selectiva (SCR = Selective Catalytic Reduction). Le permite reducir significativamente los contaminaci\u00f3n emitida por los motores.<\/span><\/p>\n<p>&nbsp;<\/p>\n<div class=\"borde tipochico\"><strong>IMPORTANTE:\u00a0<\/strong>El manejo inadecuado del producto, as\u00ed como de productos con bajo nivel de pureza pueden da\u00f1ar los equipos de SCR.<\/div>\n<p>&nbsp;<\/p>\n<p><strong class=\"color\">BENEFICIOS<\/strong><br \/>\n<img loading=\"lazy\" decoding=\"async\" src=\"https:\/\/ecoblue.com.ar\/imgs\/p.png\" alt=\"-\" width=\"6\" height=\"6\" \/>\u00a0Reduce las emisiones de \u00d3xidos de Nitr\u00f3geno (NOx )<\/p>\n<p><img loading=\"lazy\" decoding=\"async\" src=\"https:\/\/ecoblue.com.ar\/imgs\/p.png\" alt=\"-\" width=\"6\" height=\"6\" \/>\u00a0No es toxico.<\/p>\n<p><img loading=\"lazy\" decoding=\"async\" src=\"https:\/\/ecoblue.com.ar\/imgs\/p.png\" alt=\"-\" width=\"6\" height=\"6\" \/>\u00a0No es inflamable, ni explosivo.<\/p>\n<p><img loading=\"lazy\" decoding=\"async\" src=\"https:\/\/ecoblue.com.ar\/imgs\/p.png\" alt=\"-\" width=\"6\" height=\"6\" \/>\u00a0Regulado a nivel internacional a trav\u00e9s de la norma:<br \/>\nISO 22241-1:2006<\/p>\n<p><img loading=\"lazy\" decoding=\"async\" src=\"https:\/\/ecoblue.com.ar\/imgs\/p.png\" alt=\"-\" width=\"6\" height=\"6\" \/>\u00a0Producto listo para usarse, de f\u00e1cil aplicaci\u00f3n.<\/p>\n<p><img loading=\"lazy\" decoding=\"async\" src=\"https:\/\/ecoblue.com.ar\/imgs\/p.png\" alt=\"-\" width=\"6\" height=\"6\" \/>\u00a0Su vida \u00fatil es de aproximadamente 12 meses.<\/p>\n<p><img loading=\"lazy\" decoding=\"async\" src=\"https:\/\/ecoblue.com.ar\/imgs\/p.png\" alt=\"-\" width=\"6\" height=\"6\" \/>\u00a0No est\u00e1 clasificado como material peligroso, ni para<br \/>\nlas personas, ni para el medio ambiente.<\/p>\n<p>&nbsp;<\/p>\n<p><strong class=\"color\">ESPECIFICACIONES<\/strong><br \/>\n<strong>ARLA 32\u00ae es elaborado atento a:<\/strong><br \/>\nRequerimientos de calidad del Instituto Alem\u00e1n de Normalizaci\u00f3n (DIN).<br \/>\nDIN 70070:2005.<\/p>\n<p><strong>Requerimientos de calidad del Est\u00e1ndar Internacional:<\/strong><br \/>\nISO 22241-1:2006 (NOX reduction agent AUS 32).<\/p>\n<p>&nbsp;<\/p>\n<p><strong>PRESENTACION<\/strong><\/p>\n<p>BIN 1000 LITROS<\/p>\n<p>TAMBOR 200 LITROS<\/p>\n<p>&nbsp;<\/p>\n","protected":false},"excerpt":{"rendered":"<p>ARLA 32\u00ae\u00a0es utilizado en todos los motores Diesel equipados con sistema de Reducci\u00f3n Catal\u00edtica Selectiva (SCR = Selective Catalytic Reduction). Le permite reducir significativamente los contaminaci\u00f3n emitida por los motores. &nbsp; IMPORTANTE:\u00a0El manejo inadecuado del producto, as\u00ed como de productos con bajo nivel de pureza pueden da\u00f1ar los equipos de SCR. &nbsp; BENEFICIOS \u00a0Reduce las [Leer m\u00e1s]\n","protected":false},"featured_media":840,"comment_status":"open","ping_status":"closed","template":"","meta":[],"product_cat":[36,32],"product_tag":[],"yoast_head":"<!-- This site is optimized with the Yoast SEO plugin v23.0 - https:\/\/yoast.com\/wordpress\/plugins\/seo\/ -->\n<title>UREA ARLA 32 - Perfomance Lube<\/title>\n<meta name=\"robots\" content=\"index, follow, max-snippet:-1, max-image-preview:large, max-video-preview:-1\" \/>\n<link rel=\"canonical\" href=\"https:\/\/pldistribucion.com.ar\/web\/producto\/urea-liquida-arla-32\/\" \/>\n<meta property=\"og:locale\" content=\"es_ES\" \/>\n<meta property=\"og:type\" content=\"article\" \/>\n<meta property=\"og:title\" content=\"UREA ARLA 32 - Perfomance Lube\" \/>\n<meta property=\"og:description\" content=\"ARLA 32\u00ae\u00a0es utilizado en todos los motores Diesel equipados con sistema de Reducci\u00f3n Catal\u00edtica Selectiva (SCR = Selective Catalytic Reduction). Le permite reducir significativamente los contaminaci\u00f3n emitida por los motores. &nbsp; IMPORTANTE:\u00a0El manejo inadecuado del producto, as\u00ed como de productos con bajo nivel de pureza pueden da\u00f1ar los equipos de SCR. &nbsp; BENEFICIOS \u00a0Reduce las [Leer m\u00e1s]\" \/>\n<meta property=\"og:url\" content=\"https:\/\/pldistribucion.com.ar\/web\/producto\/urea-liquida-arla-32\/\" \/>\n<meta property=\"og:site_name\" content=\"Perfomance Lube\" \/>\n<meta property=\"article:modified_time\" content=\"2020-03-17T20:57:06+00:00\" \/>\n<meta property=\"og:image\" content=\"https:\/\/pldistribucion.com.ar\/web\/wp-content\/uploads\/descarga-6.jpg\" \/>\n\t<meta property=\"og:image:width\" content=\"224\" \/>\n\t<meta property=\"og:image:height\" content=\"225\" \/>\n\t<meta property=\"og:image:type\" content=\"image\/jpeg\" \/>\n<meta name=\"twitter:card\" content=\"summary_large_image\" \/>\n<meta name=\"twitter:label1\" content=\"Tiempo de lectura\" \/>\n\t<meta name=\"twitter:data1\" content=\"1 minuto\" \/>\n<script type=\"application\/ld+json\" class=\"yoast-schema-graph\">{\"@context\":\"https:\/\/schema.org\",\"@graph\":[{\"@type\":\"WebPage\",\"@id\":\"https:\/\/pldistribucion.com.ar\/web\/producto\/urea-liquida-arla-32\/\",\"url\":\"https:\/\/pldistribucion.com.ar\/web\/producto\/urea-liquida-arla-32\/\",\"name\":\"UREA ARLA 32 - Perfomance Lube\",\"isPartOf\":{\"@id\":\"https:\/\/pldistribucion.com.ar\/web\/#website\"},\"primaryImageOfPage\":{\"@id\":\"https:\/\/pldistribucion.com.ar\/web\/producto\/urea-liquida-arla-32\/#primaryimage\"},\"image\":{\"@id\":\"https:\/\/pldistribucion.com.ar\/web\/producto\/urea-liquida-arla-32\/#primaryimage\"},\"thumbnailUrl\":\"https:\/\/pldistribucion.com.ar\/web\/wp-content\/uploads\/descarga-6.jpg\",\"datePublished\":\"2020-03-17T20:21:58+00:00\",\"dateModified\":\"2020-03-17T20:57:06+00:00\",\"breadcrumb\":{\"@id\":\"https:\/\/pldistribucion.com.ar\/web\/producto\/urea-liquida-arla-32\/#breadcrumb\"},\"inLanguage\":\"es\",\"potentialAction\":[{\"@type\":\"ReadAction\",\"target\":[\"https:\/\/pldistribucion.com.ar\/web\/producto\/urea-liquida-arla-32\/\"]}]},{\"@type\":\"ImageObject\",\"inLanguage\":\"es\",\"@id\":\"https:\/\/pldistribucion.com.ar\/web\/producto\/urea-liquida-arla-32\/#primaryimage\",\"url\":\"https:\/\/pldistribucion.com.ar\/web\/wp-content\/uploads\/descarga-6.jpg\",\"contentUrl\":\"https:\/\/pldistribucion.com.ar\/web\/wp-content\/uploads\/descarga-6.jpg\",\"width\":224,\"height\":225},{\"@type\":\"BreadcrumbList\",\"@id\":\"https:\/\/pldistribucion.com.ar\/web\/producto\/urea-liquida-arla-32\/#breadcrumb\",\"itemListElement\":[{\"@type\":\"ListItem\",\"position\":1,\"name\":\"Portada\",\"item\":\"https:\/\/pldistribucion.com.ar\/web\/\"},{\"@type\":\"ListItem\",\"position\":2,\"name\":\"Productos\",\"item\":\"https:\/\/pldistribucion.com.ar\/web\/productos\/\"},{\"@type\":\"ListItem\",\"position\":3,\"name\":\"UREA ARLA 32\"}]},{\"@type\":\"WebSite\",\"@id\":\"https:\/\/pldistribucion.com.ar\/web\/#website\",\"url\":\"https:\/\/pldistribucion.com.ar\/web\/\",\"name\":\"Perfomance Lube\",\"description\":\"\",\"publisher\":{\"@id\":\"https:\/\/pldistribucion.com.ar\/web\/#organization\"},\"potentialAction\":[{\"@type\":\"SearchAction\",\"target\":{\"@type\":\"EntryPoint\",\"urlTemplate\":\"https:\/\/pldistribucion.com.ar\/web\/?s={search_term_string}\"},\"query-input\":\"required name=search_term_string\"}],\"inLanguage\":\"es\"},{\"@type\":\"Organization\",\"@id\":\"https:\/\/pldistribucion.com.ar\/web\/#organization\",\"name\":\"PERFORMANCE LUBE\",\"url\":\"https:\/\/pldistribucion.com.ar\/web\/\",\"logo\":{\"@type\":\"ImageObject\",\"inLanguage\":\"es\",\"@id\":\"https:\/\/pldistribucion.com.ar\/web\/#\/schema\/logo\/image\/\",\"url\":\"https:\/\/pldistribucion.com.ar\/web\/wp-content\/uploads\/pld_logo_GB-removebg-preview.png\",\"contentUrl\":\"https:\/\/pldistribucion.com.ar\/web\/wp-content\/uploads\/pld_logo_GB-removebg-preview.png\",\"width\":787,\"height\":317,\"caption\":\"PERFORMANCE LUBE\"},\"image\":{\"@id\":\"https:\/\/pldistribucion.com.ar\/web\/#\/schema\/logo\/image\/\"}}]}<\/script>\n<!-- \/ Yoast SEO plugin. -->","yoast_head_json":{"title":"UREA ARLA 32 - Perfomance Lube","robots":{"index":"index","follow":"follow","max-snippet":"max-snippet:-1","max-image-preview":"max-image-preview:large","max-video-preview":"max-video-preview:-1"},"canonical":"https:\/\/pldistribucion.com.ar\/web\/producto\/urea-liquida-arla-32\/","og_locale":"es_ES","og_type":"article","og_title":"UREA ARLA 32 - Perfomance Lube","og_description":"ARLA 32\u00ae\u00a0es utilizado en todos los motores Diesel equipados con sistema de Reducci\u00f3n Catal\u00edtica Selectiva (SCR = Selective Catalytic Reduction). Le permite reducir significativamente los contaminaci\u00f3n emitida por los motores. &nbsp; IMPORTANTE:\u00a0El manejo inadecuado del producto, as\u00ed como de productos con bajo nivel de pureza pueden da\u00f1ar los equipos de SCR. &nbsp; BENEFICIOS \u00a0Reduce las [Leer m\u00e1s]","og_url":"https:\/\/pldistribucion.com.ar\/web\/producto\/urea-liquida-arla-32\/","og_site_name":"Perfomance Lube","article_modified_time":"2020-03-17T20:57:06+00:00","og_image":[{"width":224,"height":225,"url":"https:\/\/pldistribucion.com.ar\/web\/wp-content\/uploads\/descarga-6.jpg","type":"image\/jpeg"}],"twitter_card":"summary_large_image","twitter_misc":{"Tiempo de lectura":"1 minuto"},"schema":{"@context":"https:\/\/schema.org","@graph":[{"@type":"WebPage","@id":"https:\/\/pldistribucion.com.ar\/web\/producto\/urea-liquida-arla-32\/","url":"https:\/\/pldistribucion.com.ar\/web\/producto\/urea-liquida-arla-32\/","name":"UREA ARLA 32 - Perfomance Lube","isPartOf":{"@id":"https:\/\/pldistribucion.com.ar\/web\/#website"},"primaryImageOfPage":{"@id":"https:\/\/pldistribucion.com.ar\/web\/producto\/urea-liquida-arla-32\/#primaryimage"},"image":{"@id":"https:\/\/pldistribucion.com.ar\/web\/producto\/urea-liquida-arla-32\/#primaryimage"},"thumbnailUrl":"https:\/\/pldistribucion.com.ar\/web\/wp-content\/uploads\/descarga-6.jpg","datePublished":"2020-03-17T20:21:58+00:00","dateModified":"2020-03-17T20:57:06+00:00","breadcrumb":{"@id":"https:\/\/pldistribucion.com.ar\/web\/producto\/urea-liquida-arla-32\/#breadcrumb"},"inLanguage":"es","potentialAction":[{"@type":"ReadAction","target":["https:\/\/pldistribucion.com.ar\/web\/producto\/urea-liquida-arla-32\/"]}]},{"@type":"ImageObject","inLanguage":"es","@id":"https:\/\/pldistribucion.com.ar\/web\/producto\/urea-liquida-arla-32\/#primaryimage","url":"https:\/\/pldistribucion.com.ar\/web\/wp-content\/uploads\/descarga-6.jpg","contentUrl":"https:\/\/pldistribucion.com.ar\/web\/wp-content\/uploads\/descarga-6.jpg","width":224,"height":225},{"@type":"BreadcrumbList","@id":"https:\/\/pldistribucion.com.ar\/web\/producto\/urea-liquida-arla-32\/#breadcrumb","itemListElement":[{"@type":"ListItem","position":1,"name":"Portada","item":"https:\/\/pldistribucion.com.ar\/web\/"},{"@type":"ListItem","position":2,"name":"Productos","item":"https:\/\/pldistribucion.com.ar\/web\/productos\/"},{"@type":"ListItem","position":3,"name":"UREA ARLA 32"}]},{"@type":"WebSite","@id":"https:\/\/pldistribucion.com.ar\/web\/#website","url":"https:\/\/pldistribucion.com.ar\/web\/","name":"Perfomance Lube","description":"","publisher":{"@id":"https:\/\/pldistribucion.com.ar\/web\/#organization"},"potentialAction":[{"@type":"SearchAction","target":{"@type":"EntryPoint","urlTemplate":"https:\/\/pldistribucion.com.ar\/web\/?s={search_term_string}"},"query-input":"required name=search_term_string"}],"inLanguage":"es"},{"@type":"Organization","@id":"https:\/\/pldistribucion.com.ar\/web\/#organization","name":"PERFORMANCE LUBE","url":"https:\/\/pldistribucion.com.ar\/web\/","logo":{"@type":"ImageObject","inLanguage":"es","@id":"https:\/\/pldistribucion.com.ar\/web\/#\/schema\/logo\/image\/","url":"https:\/\/pldistribucion.com.ar\/web\/wp-content\/uploads\/pld_logo_GB-removebg-preview.png","contentUrl":"https:\/\/pldistribucion.com.ar\/web\/wp-content\/uploads\/pld_logo_GB-removebg-preview.png","width":787,"height":317,"caption":"PERFORMANCE LUBE"},"image":{"@id":"https:\/\/pldistribucion.com.ar\/web\/#\/schema\/logo\/image\/"}}]}},"_links":{"self":[{"href":"https:\/\/pldistribucion.com.ar\/web\/wp-json\/wp\/v2\/product\/838"}],"collection":[{"href":"https:\/\/pldistribucion.com.ar\/web\/wp-json\/wp\/v2\/product"}],"about":[{"href":"https:\/\/pldistribucion.com.ar\/web\/wp-json\/wp\/v2\/types\/product"}],"replies":[{"embeddable":true,"href":"https:\/\/pldistribucion.com.ar\/web\/wp-json\/wp\/v2\/comments?post=838"}],"wp:featuredmedia":[{"embeddable":true,"href":"https:\/\/pldistribucion.com.ar\/web\/wp-json\/wp\/v2\/media\/840"}],"wp:attachment":[{"href":"https:\/\/pldistribucion.com.ar\/web\/wp-json\/wp\/v2\/media?parent=838"}],"wp:term":[{"taxonomy":"product_cat","embeddable":true,"href":"https:\/\/pldistribucion.com.ar\/web\/wp-json\/wp\/v2\/product_cat?post=838"},{"taxonomy":"product_tag","embeddable":true,"href":"https:\/\/pldistribucion.com.ar\/web\/wp-json\/wp\/v2\/product_tag?post=838"}],"curies":[{"name":"wp","href":"https:\/\/api.w.org\/{rel}","templated":true}]}}