{"id":834,"date":"2020-03-17T19:58:12","date_gmt":"2020-03-17T19:58:12","guid":{"rendered":"https:\/\/pldistribucion.com.ar\/web\/?post_type=product&#038;p=834"},"modified":"2020-03-17T20:00:11","modified_gmt":"2020-03-17T20:00:11","slug":"filtros-fram","status":"publish","type":"product","link":"https:\/\/pldistribucion.com.ar\/web\/producto\/filtros-fram\/","title":{"rendered":"FILTROS FRAM"},"content":{"rendered":"<p>Para satisfacer las exigencias de los motores actuales hace falta una marca de filtros que ofrezca prestaciones excelentes y los m\u00e1s altos niveles de calidad, dise\u00f1o y fabricaci\u00f3n. Con una de las gamas de productos de filtrado m\u00e1s amplias del mundo, que incluye filtros de aceite, aire, di\u00e9sel, gasolina y de habit\u00e1culo para aplicaciones automovil\u00edsticas, FRAM\u00ae es la marca preferida por los clientes m\u00e1s exigentes de todo el mundo.<\/p>\n<p>Conocida y elegida por su calidad e historia, la marca FRAM\u00aees lider en el mercado argentino de los repuestos.<\/p>\n<p>Los filtros FRAM\u00ae se benefician de la fuerte presencia de Sogefi como principal proveedor de sistemas de filtrado a nivel mundial.<\/p>\n<h3>Nuestras Certificaciones<\/h3>\n<p>La confianza depositada en FRAM\u00ae por la mayor\u00eda de las terminales automotr\u00edces es un claro indicador de la muy alta calidad de sus productos. Sumado a ello, la mejora cont\u00ednua aplicada, tanto a sus productos como a sus procesos de fabricaci\u00f3n, hacen de FRAM\u00ae la marca tecnol\u00f3gicamente l\u00edder en el campo de la filtraci\u00f3n de flu\u00eddos aplicada a veh\u00edculos automotores.<\/p>\n<p>La certificaci\u00f3n de la norma ISO TS 16949\u00b409 certifican el compromiso de FRAM\u00ae con la calidad.<\/p>\n<p><img decoding=\"async\" class=\"img-responsive\" src=\"https:\/\/catalogo.fram.com.ar\/images\/certification.png\" alt=\"Certificaciones\" \/><\/p>\n<h3>Garant\u00eda<\/h3>\n<p>Los filtros FRAM\u00ae est\u00e1n garantizados contra defectos de dise\u00f1o, materiales y mano de obra de fabricaci\u00f3n. Esta garant\u00eda es v\u00e1lida cuando se cumplan las indicaciones de instalaci\u00f3n y se reemplace el filtro en los per\u00edodos indicados por el fabricante del veh\u00edculo. V\u00e1lida en Argentina.<\/p>\n<h3>Certificaciones de nuestros clientes<\/h3>\n<ul>\n<li>VW &#8211; FORMEL Q LEVEL A<\/li>\n<li>GM &#8211; QSB<\/li>\n<li>FORD &#8211; Q1 2002; MMOG\/LE 2009<\/li>\n<li>FIAT &#8211; PROCESS AUDIT LEVEL A<\/li>\n<li>JOHN DEERE &#8211; PROCESS AUDIT LEVEL HIGHLY DEVELOPED QUIALITY SISTEM<\/li>\n<\/ul>\n<h3>Premios<\/h3>\n<ul>\n<li>VW &#8211; 2010<\/li>\n<li>GM &#8211; Merito 2002<\/li>\n<li>FIAT &#8211; QUALITAS 2004 \/ 2005 \/ 2007 \/ 2008<\/li>\n<li>JOHN DEERE &#8211; KEY<\/li>\n<\/ul>\n<p>Los procesos industriales se realizan conforme a las normas internacionales de Cuidado del Medio Ambiente.<\/p>\n<p><img loading=\"lazy\" decoding=\"async\" class=\"size-full wp-image-835 alignright\" src=\"https:\/\/pldistribucion.com.ar\/web\/wp-content\/uploads\/descarga-5.jpg\" alt=\"\" width=\"290\" height=\"174\" \/><\/p>\n","protected":false},"excerpt":{"rendered":"<p>Para satisfacer las exigencias de los motores actuales hace falta una marca de filtros que ofrezca prestaciones excelentes y los m\u00e1s altos niveles de calidad, dise\u00f1o y fabricaci\u00f3n. Con una de las gamas de productos de filtrado m\u00e1s amplias del mundo, que incluye filtros de aceite, aire, di\u00e9sel, gasolina y de habit\u00e1culo para aplicaciones automovil\u00edsticas, [Leer m\u00e1s]\n","protected":false},"featured_media":836,"comment_status":"open","ping_status":"closed","template":"","meta":[],"product_cat":[19],"product_tag":[],"yoast_head":"<!-- This site is optimized with the Yoast SEO plugin v23.0 - https:\/\/yoast.com\/wordpress\/plugins\/seo\/ -->\n<title>FILTROS FRAM - Perfomance Lube<\/title>\n<meta name=\"robots\" content=\"index, follow, max-snippet:-1, max-image-preview:large, max-video-preview:-1\" \/>\n<link rel=\"canonical\" href=\"https:\/\/pldistribucion.com.ar\/web\/producto\/filtros-fram\/\" \/>\n<meta property=\"og:locale\" content=\"es_ES\" \/>\n<meta property=\"og:type\" content=\"article\" \/>\n<meta property=\"og:title\" content=\"FILTROS FRAM - Perfomance Lube\" \/>\n<meta property=\"og:description\" content=\"Para satisfacer las exigencias de los motores actuales hace falta una marca de filtros que ofrezca prestaciones excelentes y los m\u00e1s altos niveles de calidad, dise\u00f1o y fabricaci\u00f3n. Con una de las gamas de productos de filtrado m\u00e1s amplias del mundo, que incluye filtros de aceite, aire, di\u00e9sel, gasolina y de habit\u00e1culo para aplicaciones automovil\u00edsticas, [Leer m\u00e1s]\" \/>\n<meta property=\"og:url\" content=\"https:\/\/pldistribucion.com.ar\/web\/producto\/filtros-fram\/\" \/>\n<meta property=\"og:site_name\" content=\"Perfomance Lube\" \/>\n<meta property=\"article:modified_time\" content=\"2020-03-17T20:00:11+00:00\" \/>\n<meta property=\"og:image\" content=\"https:\/\/pldistribucion.com.ar\/web\/wp-content\/uploads\/FRAM.jpg\" \/>\n\t<meta property=\"og:image:width\" content=\"400\" \/>\n\t<meta property=\"og:image:height\" content=\"400\" \/>\n\t<meta property=\"og:image:type\" content=\"image\/jpeg\" \/>\n<meta name=\"twitter:card\" content=\"summary_large_image\" \/>\n<meta name=\"twitter:label1\" content=\"Tiempo de lectura\" \/>\n\t<meta name=\"twitter:data1\" content=\"2 minutos\" \/>\n<script type=\"application\/ld+json\" class=\"yoast-schema-graph\">{\"@context\":\"https:\/\/schema.org\",\"@graph\":[{\"@type\":\"WebPage\",\"@id\":\"https:\/\/pldistribucion.com.ar\/web\/producto\/filtros-fram\/\",\"url\":\"https:\/\/pldistribucion.com.ar\/web\/producto\/filtros-fram\/\",\"name\":\"FILTROS FRAM - Perfomance Lube\",\"isPartOf\":{\"@id\":\"https:\/\/pldistribucion.com.ar\/web\/#website\"},\"primaryImageOfPage\":{\"@id\":\"https:\/\/pldistribucion.com.ar\/web\/producto\/filtros-fram\/#primaryimage\"},\"image\":{\"@id\":\"https:\/\/pldistribucion.com.ar\/web\/producto\/filtros-fram\/#primaryimage\"},\"thumbnailUrl\":\"https:\/\/pldistribucion.com.ar\/web\/wp-content\/uploads\/FRAM.jpg\",\"datePublished\":\"2020-03-17T19:58:12+00:00\",\"dateModified\":\"2020-03-17T20:00:11+00:00\",\"breadcrumb\":{\"@id\":\"https:\/\/pldistribucion.com.ar\/web\/producto\/filtros-fram\/#breadcrumb\"},\"inLanguage\":\"es\",\"potentialAction\":[{\"@type\":\"ReadAction\",\"target\":[\"https:\/\/pldistribucion.com.ar\/web\/producto\/filtros-fram\/\"]}]},{\"@type\":\"ImageObject\",\"inLanguage\":\"es\",\"@id\":\"https:\/\/pldistribucion.com.ar\/web\/producto\/filtros-fram\/#primaryimage\",\"url\":\"https:\/\/pldistribucion.com.ar\/web\/wp-content\/uploads\/FRAM.jpg\",\"contentUrl\":\"https:\/\/pldistribucion.com.ar\/web\/wp-content\/uploads\/FRAM.jpg\",\"width\":400,\"height\":400},{\"@type\":\"BreadcrumbList\",\"@id\":\"https:\/\/pldistribucion.com.ar\/web\/producto\/filtros-fram\/#breadcrumb\",\"itemListElement\":[{\"@type\":\"ListItem\",\"position\":1,\"name\":\"Portada\",\"item\":\"https:\/\/pldistribucion.com.ar\/web\/\"},{\"@type\":\"ListItem\",\"position\":2,\"name\":\"Productos\",\"item\":\"https:\/\/pldistribucion.com.ar\/web\/productos\/\"},{\"@type\":\"ListItem\",\"position\":3,\"name\":\"FILTROS FRAM\"}]},{\"@type\":\"WebSite\",\"@id\":\"https:\/\/pldistribucion.com.ar\/web\/#website\",\"url\":\"https:\/\/pldistribucion.com.ar\/web\/\",\"name\":\"Perfomance Lube\",\"description\":\"\",\"publisher\":{\"@id\":\"https:\/\/pldistribucion.com.ar\/web\/#organization\"},\"potentialAction\":[{\"@type\":\"SearchAction\",\"target\":{\"@type\":\"EntryPoint\",\"urlTemplate\":\"https:\/\/pldistribucion.com.ar\/web\/?s={search_term_string}\"},\"query-input\":\"required name=search_term_string\"}],\"inLanguage\":\"es\"},{\"@type\":\"Organization\",\"@id\":\"https:\/\/pldistribucion.com.ar\/web\/#organization\",\"name\":\"PERFORMANCE LUBE\",\"url\":\"https:\/\/pldistribucion.com.ar\/web\/\",\"logo\":{\"@type\":\"ImageObject\",\"inLanguage\":\"es\",\"@id\":\"https:\/\/pldistribucion.com.ar\/web\/#\/schema\/logo\/image\/\",\"url\":\"https:\/\/pldistribucion.com.ar\/web\/wp-content\/uploads\/pld_logo_GB-removebg-preview.png\",\"contentUrl\":\"https:\/\/pldistribucion.com.ar\/web\/wp-content\/uploads\/pld_logo_GB-removebg-preview.png\",\"width\":787,\"height\":317,\"caption\":\"PERFORMANCE LUBE\"},\"image\":{\"@id\":\"https:\/\/pldistribucion.com.ar\/web\/#\/schema\/logo\/image\/\"}}]}<\/script>\n<!-- \/ Yoast SEO plugin. -->","yoast_head_json":{"title":"FILTROS FRAM - Perfomance Lube","robots":{"index":"index","follow":"follow","max-snippet":"max-snippet:-1","max-image-preview":"max-image-preview:large","max-video-preview":"max-video-preview:-1"},"canonical":"https:\/\/pldistribucion.com.ar\/web\/producto\/filtros-fram\/","og_locale":"es_ES","og_type":"article","og_title":"FILTROS FRAM - Perfomance Lube","og_description":"Para satisfacer las exigencias de los motores actuales hace falta una marca de filtros que ofrezca prestaciones excelentes y los m\u00e1s altos niveles de calidad, dise\u00f1o y fabricaci\u00f3n. Con una de las gamas de productos de filtrado m\u00e1s amplias del mundo, que incluye filtros de aceite, aire, di\u00e9sel, gasolina y de habit\u00e1culo para aplicaciones automovil\u00edsticas, [Leer m\u00e1s]","og_url":"https:\/\/pldistribucion.com.ar\/web\/producto\/filtros-fram\/","og_site_name":"Perfomance Lube","article_modified_time":"2020-03-17T20:00:11+00:00","og_image":[{"width":400,"height":400,"url":"https:\/\/pldistribucion.com.ar\/web\/wp-content\/uploads\/FRAM.jpg","type":"image\/jpeg"}],"twitter_card":"summary_large_image","twitter_misc":{"Tiempo de lectura":"2 minutos"},"schema":{"@context":"https:\/\/schema.org","@graph":[{"@type":"WebPage","@id":"https:\/\/pldistribucion.com.ar\/web\/producto\/filtros-fram\/","url":"https:\/\/pldistribucion.com.ar\/web\/producto\/filtros-fram\/","name":"FILTROS FRAM - Perfomance Lube","isPartOf":{"@id":"https:\/\/pldistribucion.com.ar\/web\/#website"},"primaryImageOfPage":{"@id":"https:\/\/pldistribucion.com.ar\/web\/producto\/filtros-fram\/#primaryimage"},"image":{"@id":"https:\/\/pldistribucion.com.ar\/web\/producto\/filtros-fram\/#primaryimage"},"thumbnailUrl":"https:\/\/pldistribucion.com.ar\/web\/wp-content\/uploads\/FRAM.jpg","datePublished":"2020-03-17T19:58:12+00:00","dateModified":"2020-03-17T20:00:11+00:00","breadcrumb":{"@id":"https:\/\/pldistribucion.com.ar\/web\/producto\/filtros-fram\/#breadcrumb"},"inLanguage":"es","potentialAction":[{"@type":"ReadAction","target":["https:\/\/pldistribucion.com.ar\/web\/producto\/filtros-fram\/"]}]},{"@type":"ImageObject","inLanguage":"es","@id":"https:\/\/pldistribucion.com.ar\/web\/producto\/filtros-fram\/#primaryimage","url":"https:\/\/pldistribucion.com.ar\/web\/wp-content\/uploads\/FRAM.jpg","contentUrl":"https:\/\/pldistribucion.com.ar\/web\/wp-content\/uploads\/FRAM.jpg","width":400,"height":400},{"@type":"BreadcrumbList","@id":"https:\/\/pldistribucion.com.ar\/web\/producto\/filtros-fram\/#breadcrumb","itemListElement":[{"@type":"ListItem","position":1,"name":"Portada","item":"https:\/\/pldistribucion.com.ar\/web\/"},{"@type":"ListItem","position":2,"name":"Productos","item":"https:\/\/pldistribucion.com.ar\/web\/productos\/"},{"@type":"ListItem","position":3,"name":"FILTROS FRAM"}]},{"@type":"WebSite","@id":"https:\/\/pldistribucion.com.ar\/web\/#website","url":"https:\/\/pldistribucion.com.ar\/web\/","name":"Perfomance Lube","description":"","publisher":{"@id":"https:\/\/pldistribucion.com.ar\/web\/#organization"},"potentialAction":[{"@type":"SearchAction","target":{"@type":"EntryPoint","urlTemplate":"https:\/\/pldistribucion.com.ar\/web\/?s={search_term_string}"},"query-input":"required name=search_term_string"}],"inLanguage":"es"},{"@type":"Organization","@id":"https:\/\/pldistribucion.com.ar\/web\/#organization","name":"PERFORMANCE LUBE","url":"https:\/\/pldistribucion.com.ar\/web\/","logo":{"@type":"ImageObject","inLanguage":"es","@id":"https:\/\/pldistribucion.com.ar\/web\/#\/schema\/logo\/image\/","url":"https:\/\/pldistribucion.com.ar\/web\/wp-content\/uploads\/pld_logo_GB-removebg-preview.png","contentUrl":"https:\/\/pldistribucion.com.ar\/web\/wp-content\/uploads\/pld_logo_GB-removebg-preview.png","width":787,"height":317,"caption":"PERFORMANCE LUBE"},"image":{"@id":"https:\/\/pldistribucion.com.ar\/web\/#\/schema\/logo\/image\/"}}]}},"_links":{"self":[{"href":"https:\/\/pldistribucion.com.ar\/web\/wp-json\/wp\/v2\/product\/834"}],"collection":[{"href":"https:\/\/pldistribucion.com.ar\/web\/wp-json\/wp\/v2\/product"}],"about":[{"href":"https:\/\/pldistribucion.com.ar\/web\/wp-json\/wp\/v2\/types\/product"}],"replies":[{"embeddable":true,"href":"https:\/\/pldistribucion.com.ar\/web\/wp-json\/wp\/v2\/comments?post=834"}],"wp:featuredmedia":[{"embeddable":true,"href":"https:\/\/pldistribucion.com.ar\/web\/wp-json\/wp\/v2\/media\/836"}],"wp:attachment":[{"href":"https:\/\/pldistribucion.com.ar\/web\/wp-json\/wp\/v2\/media?parent=834"}],"wp:term":[{"taxonomy":"product_cat","embeddable":true,"href":"https:\/\/pldistribucion.com.ar\/web\/wp-json\/wp\/v2\/product_cat?post=834"},{"taxonomy":"product_tag","embeddable":true,"href":"https:\/\/pldistribucion.com.ar\/web\/wp-json\/wp\/v2\/product_tag?post=834"}],"curies":[{"name":"wp","href":"https:\/\/api.w.org\/{rel}","templated":true}]}}