{"id":707,"date":"2020-02-19T18:51:32","date_gmt":"2020-02-19T18:51:32","guid":{"rendered":"https:\/\/pldistribucion.com.ar\/web\/?post_type=product&#038;p=707"},"modified":"2023-01-30T14:38:08","modified_gmt":"2023-01-30T14:38:08","slug":"aceite-shell-spirax-s2-als-85w140","status":"publish","type":"product","link":"https:\/\/pldistribucion.com.ar\/web\/producto\/aceite-shell-spirax-s2-als-85w140\/","title":{"rendered":"SHELL SPIRAX S2 ALS 85W140"},"content":{"rendered":"<h1><strong style=\"font-size: 80%;\">SHELL SPIRAX S2 ALS 85W140 \/Aceite de alta calidad para transmisi\u00f3n, para diferenciales de deslizamiento limitado GL-5\u00a0<\/strong><\/h1>\n<h2><span style=\"font-size: 75%; color: #ff0000;\"><strong>Nombre previo: Shell Spirax A 85W140 LS.<\/strong><\/span><\/h2>\n<h4><span style=\"font-size: 110%;\"><strong><span style=\"background-color: #fcf56d;\">DESCRIPCI\u00d3N DEL PRODUCTO<\/span><\/strong><\/span><\/h4>\n<p><span style=\"color: #000000;\">El aceite Shell Spirax S2 ALS 80W-90 (antes Shell Spirax A 85w140) es una mezcla para usar en una amplia variedad de transmisiones automotrices<\/span><br \/>\n<span style=\"color: #000000;\">con diferenciales de deslizamiento limitado. C<\/span><span style=\"color: #000000;\">ontiene aditivos especialmente seleccionados que le confieren buenas caracter\u00edsticas anti-desgaste, anticorrosivas y estabilidad a la oxidaci\u00f3n. <\/span><\/p>\n<p><span style=\"color: #000000;\">Adem\u00e1s tiene b<\/span><span style=\"color: #000000;\">ases lubricantes de alta calidad para<\/span><span style=\"color: #000000;\">\u00a0el rango de temperaturas dise\u00f1ado mantiene el flujo a bajas temperaturas, resiste la oxidaci\u00f3n y mantiene la pel\u00edcula lubricante entre los engranajes.<\/span><\/p>\n<h4><span style=\"font-size: 110%;\"><strong><span style=\"background-color: #fcf56d;\">APLICACIONES<\/span><\/strong><\/span><\/h4>\n<ul>\n<li><span style=\"color: #000000;\">Transmisiones automotrices.<\/span><br \/>\n<span style=\"color: #000000;\">Es adecuado para veh\u00edculos de servicio pesado, incluyendo maquinarias de construcci\u00f3n, autobuses y autom\u00f3viles equipados con diferenciales de deslizamiento limitado. Puede ser usado en otras transmisiones de engranaje hipoidales de carga moderada a pesada que permitan el uso de modificadores de fricci\u00f3n.<\/span><\/li>\n<\/ul>\n<hr \/>\n<p><span style=\"color: #000080;\"><strong><a style=\"color: #000080;\" href=\"https:\/\/pldistribucion.com.ar\/web\/wp-content\/uploads\/FICHA-1-19.pdf\" target=\"_blank\" rel=\"noopener\">Ver ficha t\u00e9cnica \/ <\/a><a style=\"color: #000080;\" href=\"https:\/\/pldistribucion.com.ar\/web\/wp-content\/uploads\/SEGURIDAD-1-2.pdf\" target=\"_blank\" rel=\"noopener\">Ver hoja de seguridad<\/a><\/strong><\/span><\/p>\n<p><span style=\"color: #000080;\"><strong><a style=\"color: #000080;\" href=\"https:\/\/pldistribucion.com.ar\/web\/categoria-producto\/lubricantes\/?filter_marcas=shell\" target=\"_blank\" rel=\"noopener\">Ver m\u00e1s productos SHELL<\/a><\/strong><\/span><\/p>\n<p><span style=\"color: #000000;\">(Shell fabrica y comercializa lubricantes y grasas para uso en motos, veh\u00edculos de transporte, construcci\u00f3n, agricultura e industria. Constantemente reaccionamos a las necesidades cambiantes de cada sector para que usted disponga de los lubricantes de calidad que le permitan optimizar la eficiencia de sus equipos y a\u00f1adir valor a su negocio).<\/span><\/p>\n<p><span style=\"color: #000080;\"><strong><a style=\"color: #000080;\" href=\"https:\/\/www.shell.com.ar\/acerca-de-shell\/la-marca-shell.html#:~:text=La%20palabra%20Shell%20se%20utiliz%C3%B3,conchas%20marinas%20procedentes%20de%20Oriente.\" target=\"_blank\" rel=\"noopener\">Conoce m\u00e1s sobre SHELL<\/a><\/strong><\/span><\/p>\n","protected":false},"excerpt":{"rendered":"<p><img loading=\"lazy\" decoding=\"async\" class=\"alignnone size-full wp-image-159\" src=\"https:\/\/pldistribucion.com.ar\/web\/wp-content\/uploads\/shell.jpg\" alt=\"\" width=\"200\" height=\"200\" \/><\/p>\n<h1>Shell Lubricantes<\/h1>\n<p>Shell vende una amplia variedad de lubricantes para satisfacer las necesidades de los clientes a trav\u00e9s de una gama de productos para el autom\u00f3vil de calle, el transporte pesado, la miner\u00eda, la generaci\u00f3n de energ\u00eda y la ingenier\u00eda general. La cartera de productos de lubricantes Shell incluye Shell Helix, Shell Rimula y Shell Spirax. Con 70 plantas en todo el mundo, somos productores de aceites que se distribuyen, comercializan y venden en m\u00e1s de 100 pa\u00edses.<\/p>\n","protected":false},"featured_media":3193,"comment_status":"open","ping_status":"closed","template":"","meta":[],"product_cat":[16,35,36],"product_tag":[],"yoast_head":"<!-- This site is optimized with the Yoast SEO plugin v23.0 - https:\/\/yoast.com\/wordpress\/plugins\/seo\/ -->\n<title>SHELL SPIRAX S2 ALS 85W140 - Perfomance Lube - Lubricantes<\/title>\n<meta name=\"description\" content=\"Distribuidor de lubricantes SHELL de diferentes aplicaciones. Env\u00edos a todo el pa\u00eds. Variedad de productos y stock disponible.\" \/>\n<meta name=\"robots\" content=\"index, follow, max-snippet:-1, max-image-preview:large, max-video-preview:-1\" \/>\n<link rel=\"canonical\" href=\"https:\/\/pldistribucion.com.ar\/web\/producto\/aceite-shell-spirax-s2-als-85w140\/\" \/>\n<meta property=\"og:locale\" content=\"es_ES\" \/>\n<meta property=\"og:type\" content=\"article\" \/>\n<meta property=\"og:title\" content=\"SHELL SPIRAX S2 ALS 85W140 - Perfomance Lube - Lubricantes\" \/>\n<meta property=\"og:description\" content=\"Distribuidor de lubricantes SHELL de diferentes aplicaciones. Env\u00edos a todo el pa\u00eds. Variedad de productos y stock disponible.\" \/>\n<meta property=\"og:url\" content=\"https:\/\/pldistribucion.com.ar\/web\/producto\/aceite-shell-spirax-s2-als-85w140\/\" \/>\n<meta property=\"og:site_name\" content=\"Perfomance Lube\" \/>\n<meta property=\"article:modified_time\" content=\"2023-01-30T14:38:08+00:00\" \/>\n<meta property=\"og:image\" content=\"https:\/\/pldistribucion.com.ar\/web\/wp-content\/uploads\/FOTO-1-8.png\" \/>\n\t<meta property=\"og:image:width\" content=\"300\" \/>\n\t<meta property=\"og:image:height\" content=\"300\" \/>\n\t<meta property=\"og:image:type\" content=\"image\/png\" \/>\n<meta name=\"twitter:card\" content=\"summary_large_image\" \/>\n<meta name=\"twitter:label1\" content=\"Tiempo de lectura\" \/>\n\t<meta name=\"twitter:data1\" content=\"1 minuto\" \/>\n<script type=\"application\/ld+json\" class=\"yoast-schema-graph\">{\"@context\":\"https:\/\/schema.org\",\"@graph\":[{\"@type\":\"WebPage\",\"@id\":\"https:\/\/pldistribucion.com.ar\/web\/producto\/aceite-shell-spirax-s2-als-85w140\/\",\"url\":\"https:\/\/pldistribucion.com.ar\/web\/producto\/aceite-shell-spirax-s2-als-85w140\/\",\"name\":\"SHELL SPIRAX S2 ALS 85W140 - Perfomance Lube - Lubricantes\",\"isPartOf\":{\"@id\":\"https:\/\/pldistribucion.com.ar\/web\/#website\"},\"primaryImageOfPage\":{\"@id\":\"https:\/\/pldistribucion.com.ar\/web\/producto\/aceite-shell-spirax-s2-als-85w140\/#primaryimage\"},\"image\":{\"@id\":\"https:\/\/pldistribucion.com.ar\/web\/producto\/aceite-shell-spirax-s2-als-85w140\/#primaryimage\"},\"thumbnailUrl\":\"https:\/\/pldistribucion.com.ar\/web\/wp-content\/uploads\/FOTO-1-8.png\",\"datePublished\":\"2020-02-19T18:51:32+00:00\",\"dateModified\":\"2023-01-30T14:38:08+00:00\",\"description\":\"Distribuidor de lubricantes SHELL de diferentes aplicaciones. Env\u00edos a todo el pa\u00eds. Variedad de productos y stock disponible.\",\"breadcrumb\":{\"@id\":\"https:\/\/pldistribucion.com.ar\/web\/producto\/aceite-shell-spirax-s2-als-85w140\/#breadcrumb\"},\"inLanguage\":\"es\",\"potentialAction\":[{\"@type\":\"ReadAction\",\"target\":[\"https:\/\/pldistribucion.com.ar\/web\/producto\/aceite-shell-spirax-s2-als-85w140\/\"]}]},{\"@type\":\"ImageObject\",\"inLanguage\":\"es\",\"@id\":\"https:\/\/pldistribucion.com.ar\/web\/producto\/aceite-shell-spirax-s2-als-85w140\/#primaryimage\",\"url\":\"https:\/\/pldistribucion.com.ar\/web\/wp-content\/uploads\/FOTO-1-8.png\",\"contentUrl\":\"https:\/\/pldistribucion.com.ar\/web\/wp-content\/uploads\/FOTO-1-8.png\",\"width\":300,\"height\":300,\"caption\":\"SHELL SPIRAX S2 ALS 85W140\"},{\"@type\":\"BreadcrumbList\",\"@id\":\"https:\/\/pldistribucion.com.ar\/web\/producto\/aceite-shell-spirax-s2-als-85w140\/#breadcrumb\",\"itemListElement\":[{\"@type\":\"ListItem\",\"position\":1,\"name\":\"Portada\",\"item\":\"https:\/\/pldistribucion.com.ar\/web\/\"},{\"@type\":\"ListItem\",\"position\":2,\"name\":\"Productos\",\"item\":\"https:\/\/pldistribucion.com.ar\/web\/productos\/\"},{\"@type\":\"ListItem\",\"position\":3,\"name\":\"SHELL SPIRAX S2 ALS 85W140\"}]},{\"@type\":\"WebSite\",\"@id\":\"https:\/\/pldistribucion.com.ar\/web\/#website\",\"url\":\"https:\/\/pldistribucion.com.ar\/web\/\",\"name\":\"Perfomance Lube\",\"description\":\"\",\"publisher\":{\"@id\":\"https:\/\/pldistribucion.com.ar\/web\/#organization\"},\"potentialAction\":[{\"@type\":\"SearchAction\",\"target\":{\"@type\":\"EntryPoint\",\"urlTemplate\":\"https:\/\/pldistribucion.com.ar\/web\/?s={search_term_string}\"},\"query-input\":\"required name=search_term_string\"}],\"inLanguage\":\"es\"},{\"@type\":\"Organization\",\"@id\":\"https:\/\/pldistribucion.com.ar\/web\/#organization\",\"name\":\"PERFORMANCE LUBE\",\"url\":\"https:\/\/pldistribucion.com.ar\/web\/\",\"logo\":{\"@type\":\"ImageObject\",\"inLanguage\":\"es\",\"@id\":\"https:\/\/pldistribucion.com.ar\/web\/#\/schema\/logo\/image\/\",\"url\":\"https:\/\/pldistribucion.com.ar\/web\/wp-content\/uploads\/pld_logo_GB-removebg-preview.png\",\"contentUrl\":\"https:\/\/pldistribucion.com.ar\/web\/wp-content\/uploads\/pld_logo_GB-removebg-preview.png\",\"width\":787,\"height\":317,\"caption\":\"PERFORMANCE LUBE\"},\"image\":{\"@id\":\"https:\/\/pldistribucion.com.ar\/web\/#\/schema\/logo\/image\/\"}}]}<\/script>\n<!-- \/ Yoast SEO plugin. -->","yoast_head_json":{"title":"SHELL SPIRAX S2 ALS 85W140 - Perfomance Lube - Lubricantes","description":"Distribuidor de lubricantes SHELL de diferentes aplicaciones. Env\u00edos a todo el pa\u00eds. Variedad de productos y stock disponible.","robots":{"index":"index","follow":"follow","max-snippet":"max-snippet:-1","max-image-preview":"max-image-preview:large","max-video-preview":"max-video-preview:-1"},"canonical":"https:\/\/pldistribucion.com.ar\/web\/producto\/aceite-shell-spirax-s2-als-85w140\/","og_locale":"es_ES","og_type":"article","og_title":"SHELL SPIRAX S2 ALS 85W140 - Perfomance Lube - Lubricantes","og_description":"Distribuidor de lubricantes SHELL de diferentes aplicaciones. Env\u00edos a todo el pa\u00eds. Variedad de productos y stock disponible.","og_url":"https:\/\/pldistribucion.com.ar\/web\/producto\/aceite-shell-spirax-s2-als-85w140\/","og_site_name":"Perfomance Lube","article_modified_time":"2023-01-30T14:38:08+00:00","og_image":[{"width":300,"height":300,"url":"https:\/\/pldistribucion.com.ar\/web\/wp-content\/uploads\/FOTO-1-8.png","type":"image\/png"}],"twitter_card":"summary_large_image","twitter_misc":{"Tiempo de lectura":"1 minuto"},"schema":{"@context":"https:\/\/schema.org","@graph":[{"@type":"WebPage","@id":"https:\/\/pldistribucion.com.ar\/web\/producto\/aceite-shell-spirax-s2-als-85w140\/","url":"https:\/\/pldistribucion.com.ar\/web\/producto\/aceite-shell-spirax-s2-als-85w140\/","name":"SHELL SPIRAX S2 ALS 85W140 - Perfomance Lube - Lubricantes","isPartOf":{"@id":"https:\/\/pldistribucion.com.ar\/web\/#website"},"primaryImageOfPage":{"@id":"https:\/\/pldistribucion.com.ar\/web\/producto\/aceite-shell-spirax-s2-als-85w140\/#primaryimage"},"image":{"@id":"https:\/\/pldistribucion.com.ar\/web\/producto\/aceite-shell-spirax-s2-als-85w140\/#primaryimage"},"thumbnailUrl":"https:\/\/pldistribucion.com.ar\/web\/wp-content\/uploads\/FOTO-1-8.png","datePublished":"2020-02-19T18:51:32+00:00","dateModified":"2023-01-30T14:38:08+00:00","description":"Distribuidor de lubricantes SHELL de diferentes aplicaciones. Env\u00edos a todo el pa\u00eds. Variedad de productos y stock disponible.","breadcrumb":{"@id":"https:\/\/pldistribucion.com.ar\/web\/producto\/aceite-shell-spirax-s2-als-85w140\/#breadcrumb"},"inLanguage":"es","potentialAction":[{"@type":"ReadAction","target":["https:\/\/pldistribucion.com.ar\/web\/producto\/aceite-shell-spirax-s2-als-85w140\/"]}]},{"@type":"ImageObject","inLanguage":"es","@id":"https:\/\/pldistribucion.com.ar\/web\/producto\/aceite-shell-spirax-s2-als-85w140\/#primaryimage","url":"https:\/\/pldistribucion.com.ar\/web\/wp-content\/uploads\/FOTO-1-8.png","contentUrl":"https:\/\/pldistribucion.com.ar\/web\/wp-content\/uploads\/FOTO-1-8.png","width":300,"height":300,"caption":"SHELL SPIRAX S2 ALS 85W140"},{"@type":"BreadcrumbList","@id":"https:\/\/pldistribucion.com.ar\/web\/producto\/aceite-shell-spirax-s2-als-85w140\/#breadcrumb","itemListElement":[{"@type":"ListItem","position":1,"name":"Portada","item":"https:\/\/pldistribucion.com.ar\/web\/"},{"@type":"ListItem","position":2,"name":"Productos","item":"https:\/\/pldistribucion.com.ar\/web\/productos\/"},{"@type":"ListItem","position":3,"name":"SHELL SPIRAX S2 ALS 85W140"}]},{"@type":"WebSite","@id":"https:\/\/pldistribucion.com.ar\/web\/#website","url":"https:\/\/pldistribucion.com.ar\/web\/","name":"Perfomance Lube","description":"","publisher":{"@id":"https:\/\/pldistribucion.com.ar\/web\/#organization"},"potentialAction":[{"@type":"SearchAction","target":{"@type":"EntryPoint","urlTemplate":"https:\/\/pldistribucion.com.ar\/web\/?s={search_term_string}"},"query-input":"required name=search_term_string"}],"inLanguage":"es"},{"@type":"Organization","@id":"https:\/\/pldistribucion.com.ar\/web\/#organization","name":"PERFORMANCE LUBE","url":"https:\/\/pldistribucion.com.ar\/web\/","logo":{"@type":"ImageObject","inLanguage":"es","@id":"https:\/\/pldistribucion.com.ar\/web\/#\/schema\/logo\/image\/","url":"https:\/\/pldistribucion.com.ar\/web\/wp-content\/uploads\/pld_logo_GB-removebg-preview.png","contentUrl":"https:\/\/pldistribucion.com.ar\/web\/wp-content\/uploads\/pld_logo_GB-removebg-preview.png","width":787,"height":317,"caption":"PERFORMANCE LUBE"},"image":{"@id":"https:\/\/pldistribucion.com.ar\/web\/#\/schema\/logo\/image\/"}}]}},"_links":{"self":[{"href":"https:\/\/pldistribucion.com.ar\/web\/wp-json\/wp\/v2\/product\/707"}],"collection":[{"href":"https:\/\/pldistribucion.com.ar\/web\/wp-json\/wp\/v2\/product"}],"about":[{"href":"https:\/\/pldistribucion.com.ar\/web\/wp-json\/wp\/v2\/types\/product"}],"replies":[{"embeddable":true,"href":"https:\/\/pldistribucion.com.ar\/web\/wp-json\/wp\/v2\/comments?post=707"}],"wp:featuredmedia":[{"embeddable":true,"href":"https:\/\/pldistribucion.com.ar\/web\/wp-json\/wp\/v2\/media\/3193"}],"wp:attachment":[{"href":"https:\/\/pldistribucion.com.ar\/web\/wp-json\/wp\/v2\/media?parent=707"}],"wp:term":[{"taxonomy":"product_cat","embeddable":true,"href":"https:\/\/pldistribucion.com.ar\/web\/wp-json\/wp\/v2\/product_cat?post=707"},{"taxonomy":"product_tag","embeddable":true,"href":"https:\/\/pldistribucion.com.ar\/web\/wp-json\/wp\/v2\/product_tag?post=707"}],"curies":[{"name":"wp","href":"https:\/\/api.w.org\/{rel}","templated":true}]}}