{"id":6819,"date":"2023-07-12T13:15:04","date_gmt":"2023-07-12T13:15:04","guid":{"rendered":"https:\/\/pldistribucion.com.ar\/web\/?post_type=product&#038;p=6819"},"modified":"2023-07-12T13:15:04","modified_gmt":"2023-07-12T13:15:04","slug":"edta-polvo-liquido","status":"publish","type":"product","link":"https:\/\/pldistribucion.com.ar\/web\/producto\/edta-polvo-liquido\/","title":{"rendered":"EDTA POLVO\/LIQUIDO"},"content":{"rendered":"<h1><span style=\"font-size: 80%;\"><strong>EDTA POLVO\/LIQUIDO &#8211; <\/strong><\/span><span style=\"font-size: 80%;\"><strong>QUELANTES.<\/strong><\/span><\/h1>\n<h3><span style=\"font-size: 80%; color: #f99b1c;\"><strong>DESCRIPCI\u00d3N:<\/strong><\/span><\/h3>\n<p><span style=\"color: #000000;\">EDTA POLVO\/LIQUIDO\u00a0(\u00e1cido etilendiaminotetraac\u00e9tico) es un compuesto quelante ampliamente utilizado en diversas aplicaciones industriales y cient\u00edficas. Se presenta en forma de polvo cristalino o en forma l\u00edquida como una soluci\u00f3n acuosa. Es conocido por su alta capacidad quelante, lo que significa que tiene la capacidad de formar complejos estables con iones met\u00e1licos.<\/span><\/p>\n<p><span style=\"color: #000000;\">Tiene una estructura molecular que permite la uni\u00f3n a iones met\u00e1licos a trav\u00e9s de sus grupos \u00e1cidos carbox\u00edlicos y aminas. Estos grupos forman enlaces fuertes con los iones met\u00e1licos, lo que da como resultado complejos quelatos altamente estables. Adem\u00e1s, el EDTA es soluble en agua, lo que facilita su uso y aplicaci\u00f3n en diferentes procesos.<\/span><\/p>\n<h3><span style=\"font-size: 80%; color: #f99b1c;\"><strong>APLICACIONES:<\/strong><\/span><\/h3>\n<p><span style=\"color: #000000;\">Una de las principales aplicaciones es en la industria de productos qu\u00edmicos. Se utiliza en la eliminaci\u00f3n y control de iones met\u00e1licos indeseables en diversos procesos industriales, como la fabricaci\u00f3n de productos qu\u00edmicos, la purificaci\u00f3n de aguas residuales y el tratamiento de superficies met\u00e1licas. El EDTA act\u00faa quelando los iones met\u00e1licos, evitando as\u00ed su interacci\u00f3n no deseada con otros compuestos qu\u00edmicos o su precipitaci\u00f3n.<\/span><\/p>\n<p><span style=\"color: #000000;\">En la industria alimentaria, se utiliza como aditivo para estabilizar colores, sabores y nutrientes en los alimentos procesados. Adem\u00e1s, se utiliza para mejorar la calidad de productos c\u00e1rnicos, productos de panader\u00eda y productos l\u00e1cteos al prevenir la degradaci\u00f3n causada por la presencia de iones met\u00e1licos.<\/span><\/p>\n<p><span style=\"color: #000000;\">Tambi\u00e9n se utiliza en la terapia de quelaci\u00f3n m\u00e9dica para tratar la intoxicaci\u00f3n por metales pesados. Se administra por v\u00eda intravenosa y ayuda a eliminar metales pesados t\u00f3xicos, como el plomo, el mercurio y el cadmio, del cuerpo al formar quelatos estables que se pueden excretar a trav\u00e9s de la orina.<\/span><\/p>\n<p><span style=\"color: #000000;\">Adem\u00e1s, encuentra aplicaciones en la industria cosm\u00e9tica, especialmente en productos para el cuidado de la piel y el cabello. Act\u00faa como agente quelante, estabilizando las formulaciones cosm\u00e9ticas y mejorando la eficacia de los ingredientes activos.<\/span><\/p>\n<hr \/>\n<p><span style=\"color: #000080;\"><strong><a style=\"color: #000080;\" href=\"https:\/\/pldistribucion.com.ar\/web\/categoria-producto\/petroquimicos\/\" target=\"_blank\" rel=\"noopener\">Ver m\u00e1s petroqu\u00edmicos\u00a0<\/a><\/strong><\/span><\/p>\n","protected":false},"excerpt":{"rendered":"<p><img loading=\"lazy\" decoding=\"async\" class=\"wp-image-6236 alignleft\" src=\"https:\/\/pldistribucion.com.ar\/web\/wp-content\/uploads\/pld5-1-300x257.jpg\" alt=\"\" width=\"216\" height=\"185\" srcset=\"https:\/\/pldistribucion.com.ar\/web\/wp-content\/uploads\/pld5-1-300x257.jpg 300w, https:\/\/pldistribucion.com.ar\/web\/wp-content\/uploads\/pld5-1-768x658.jpg 768w, https:\/\/pldistribucion.com.ar\/web\/wp-content\/uploads\/pld5-1-600x514.jpg 600w, https:\/\/pldistribucion.com.ar\/web\/wp-content\/uploads\/pld5-1.jpg 827w\" sizes=\"(max-width: 216px) 100vw, 216px\" \/><\/p>\n<h2 style=\"text-align: left;\"><span style=\"font-size: 75%;\"><strong><a rel=\"noopener noreferrer\" href=\"https:\/\/performancelube.mercadoshops.com.ar\/listado\/accesorios-vehiculos\/#position=1&#038;search_layout=stack&#038;type=item&#038;tracking_id=bbc8064c-7b0a-4bdf-bbd3-38c8c93e73bd\" target=\"_blank\" class=\"button primary\"  >\n    <span>VER TIENDA ONLINE ?<\/span>\n  <\/a>\n<span style=\"color: #69314d;\">\u00a0<\/span><\/strong><\/span><\/h2>\n","protected":false},"featured_media":6822,"comment_status":"open","ping_status":"closed","template":"","meta":[],"product_cat":[31],"product_tag":[],"yoast_head":"<!-- This site is optimized with the Yoast SEO plugin v23.0 - https:\/\/yoast.com\/wordpress\/plugins\/seo\/ -->\n<title>EDTA POLVO\/LIQUIDO - Perfomance Lube - Lubricantes<\/title>\n<meta name=\"description\" content=\"Distribuidor de lubricantes de diferentes aplicaciones. Env\u00edos a todo el pa\u00eds. Variedad de productos y stock disponible.EDTA POLVO\/LIQUIDO\" \/>\n<meta name=\"robots\" content=\"index, follow, max-snippet:-1, max-image-preview:large, max-video-preview:-1\" \/>\n<link rel=\"canonical\" href=\"https:\/\/pldistribucion.com.ar\/web\/producto\/edta-polvo-liquido\/\" \/>\n<meta property=\"og:locale\" content=\"es_ES\" \/>\n<meta property=\"og:type\" content=\"article\" \/>\n<meta property=\"og:title\" content=\"EDTA POLVO\/LIQUIDO - Perfomance Lube - Lubricantes\" \/>\n<meta property=\"og:description\" content=\"Distribuidor de lubricantes de diferentes aplicaciones. Env\u00edos a todo el pa\u00eds. Variedad de productos y stock disponible.EDTA POLVO\/LIQUIDO\" \/>\n<meta property=\"og:url\" content=\"https:\/\/pldistribucion.com.ar\/web\/producto\/edta-polvo-liquido\/\" \/>\n<meta property=\"og:site_name\" content=\"Perfomance Lube\" \/>\n<meta property=\"og:image\" content=\"https:\/\/pldistribucion.com.ar\/web\/wp-content\/uploads\/Diseno-sin-titulo-30-1.png\" \/>\n\t<meta property=\"og:image:width\" content=\"1200\" \/>\n\t<meta property=\"og:image:height\" content=\"800\" \/>\n\t<meta property=\"og:image:type\" content=\"image\/png\" \/>\n<meta name=\"twitter:card\" content=\"summary_large_image\" \/>\n<meta name=\"twitter:label1\" content=\"Tiempo de lectura\" \/>\n\t<meta name=\"twitter:data1\" content=\"2 minutos\" \/>\n<script type=\"application\/ld+json\" class=\"yoast-schema-graph\">{\"@context\":\"https:\/\/schema.org\",\"@graph\":[{\"@type\":\"WebPage\",\"@id\":\"https:\/\/pldistribucion.com.ar\/web\/producto\/edta-polvo-liquido\/\",\"url\":\"https:\/\/pldistribucion.com.ar\/web\/producto\/edta-polvo-liquido\/\",\"name\":\"EDTA POLVO\/LIQUIDO - Perfomance Lube - Lubricantes\",\"isPartOf\":{\"@id\":\"https:\/\/pldistribucion.com.ar\/web\/#website\"},\"primaryImageOfPage\":{\"@id\":\"https:\/\/pldistribucion.com.ar\/web\/producto\/edta-polvo-liquido\/#primaryimage\"},\"image\":{\"@id\":\"https:\/\/pldistribucion.com.ar\/web\/producto\/edta-polvo-liquido\/#primaryimage\"},\"thumbnailUrl\":\"https:\/\/pldistribucion.com.ar\/web\/wp-content\/uploads\/Diseno-sin-titulo-30-1.png\",\"datePublished\":\"2023-07-12T13:15:04+00:00\",\"dateModified\":\"2023-07-12T13:15:04+00:00\",\"description\":\"Distribuidor de lubricantes de diferentes aplicaciones. Env\u00edos a todo el pa\u00eds. Variedad de productos y stock disponible.EDTA POLVO\/LIQUIDO\",\"breadcrumb\":{\"@id\":\"https:\/\/pldistribucion.com.ar\/web\/producto\/edta-polvo-liquido\/#breadcrumb\"},\"inLanguage\":\"es\",\"potentialAction\":[{\"@type\":\"ReadAction\",\"target\":[\"https:\/\/pldistribucion.com.ar\/web\/producto\/edta-polvo-liquido\/\"]}]},{\"@type\":\"ImageObject\",\"inLanguage\":\"es\",\"@id\":\"https:\/\/pldistribucion.com.ar\/web\/producto\/edta-polvo-liquido\/#primaryimage\",\"url\":\"https:\/\/pldistribucion.com.ar\/web\/wp-content\/uploads\/Diseno-sin-titulo-30-1.png\",\"contentUrl\":\"https:\/\/pldistribucion.com.ar\/web\/wp-content\/uploads\/Diseno-sin-titulo-30-1.png\",\"width\":1200,\"height\":800,\"caption\":\"EDTA POLVO\/LIQUIDO\"},{\"@type\":\"BreadcrumbList\",\"@id\":\"https:\/\/pldistribucion.com.ar\/web\/producto\/edta-polvo-liquido\/#breadcrumb\",\"itemListElement\":[{\"@type\":\"ListItem\",\"position\":1,\"name\":\"Portada\",\"item\":\"https:\/\/pldistribucion.com.ar\/web\/\"},{\"@type\":\"ListItem\",\"position\":2,\"name\":\"Productos\",\"item\":\"https:\/\/pldistribucion.com.ar\/web\/productos\/\"},{\"@type\":\"ListItem\",\"position\":3,\"name\":\"EDTA POLVO\/LIQUIDO\"}]},{\"@type\":\"WebSite\",\"@id\":\"https:\/\/pldistribucion.com.ar\/web\/#website\",\"url\":\"https:\/\/pldistribucion.com.ar\/web\/\",\"name\":\"Perfomance Lube\",\"description\":\"\",\"publisher\":{\"@id\":\"https:\/\/pldistribucion.com.ar\/web\/#organization\"},\"potentialAction\":[{\"@type\":\"SearchAction\",\"target\":{\"@type\":\"EntryPoint\",\"urlTemplate\":\"https:\/\/pldistribucion.com.ar\/web\/?s={search_term_string}\"},\"query-input\":\"required name=search_term_string\"}],\"inLanguage\":\"es\"},{\"@type\":\"Organization\",\"@id\":\"https:\/\/pldistribucion.com.ar\/web\/#organization\",\"name\":\"PERFORMANCE LUBE\",\"url\":\"https:\/\/pldistribucion.com.ar\/web\/\",\"logo\":{\"@type\":\"ImageObject\",\"inLanguage\":\"es\",\"@id\":\"https:\/\/pldistribucion.com.ar\/web\/#\/schema\/logo\/image\/\",\"url\":\"https:\/\/pldistribucion.com.ar\/web\/wp-content\/uploads\/pld_logo_GB-removebg-preview.png\",\"contentUrl\":\"https:\/\/pldistribucion.com.ar\/web\/wp-content\/uploads\/pld_logo_GB-removebg-preview.png\",\"width\":787,\"height\":317,\"caption\":\"PERFORMANCE LUBE\"},\"image\":{\"@id\":\"https:\/\/pldistribucion.com.ar\/web\/#\/schema\/logo\/image\/\"}}]}<\/script>\n<!-- \/ Yoast SEO plugin. -->","yoast_head_json":{"title":"EDTA POLVO\/LIQUIDO - Perfomance Lube - Lubricantes","description":"Distribuidor de lubricantes de diferentes aplicaciones. Env\u00edos a todo el pa\u00eds. Variedad de productos y stock disponible.EDTA POLVO\/LIQUIDO","robots":{"index":"index","follow":"follow","max-snippet":"max-snippet:-1","max-image-preview":"max-image-preview:large","max-video-preview":"max-video-preview:-1"},"canonical":"https:\/\/pldistribucion.com.ar\/web\/producto\/edta-polvo-liquido\/","og_locale":"es_ES","og_type":"article","og_title":"EDTA POLVO\/LIQUIDO - Perfomance Lube - Lubricantes","og_description":"Distribuidor de lubricantes de diferentes aplicaciones. Env\u00edos a todo el pa\u00eds. Variedad de productos y stock disponible.EDTA POLVO\/LIQUIDO","og_url":"https:\/\/pldistribucion.com.ar\/web\/producto\/edta-polvo-liquido\/","og_site_name":"Perfomance Lube","og_image":[{"width":1200,"height":800,"url":"https:\/\/pldistribucion.com.ar\/web\/wp-content\/uploads\/Diseno-sin-titulo-30-1.png","type":"image\/png"}],"twitter_card":"summary_large_image","twitter_misc":{"Tiempo de lectura":"2 minutos"},"schema":{"@context":"https:\/\/schema.org","@graph":[{"@type":"WebPage","@id":"https:\/\/pldistribucion.com.ar\/web\/producto\/edta-polvo-liquido\/","url":"https:\/\/pldistribucion.com.ar\/web\/producto\/edta-polvo-liquido\/","name":"EDTA POLVO\/LIQUIDO - Perfomance Lube - Lubricantes","isPartOf":{"@id":"https:\/\/pldistribucion.com.ar\/web\/#website"},"primaryImageOfPage":{"@id":"https:\/\/pldistribucion.com.ar\/web\/producto\/edta-polvo-liquido\/#primaryimage"},"image":{"@id":"https:\/\/pldistribucion.com.ar\/web\/producto\/edta-polvo-liquido\/#primaryimage"},"thumbnailUrl":"https:\/\/pldistribucion.com.ar\/web\/wp-content\/uploads\/Diseno-sin-titulo-30-1.png","datePublished":"2023-07-12T13:15:04+00:00","dateModified":"2023-07-12T13:15:04+00:00","description":"Distribuidor de lubricantes de diferentes aplicaciones. Env\u00edos a todo el pa\u00eds. Variedad de productos y stock disponible.EDTA POLVO\/LIQUIDO","breadcrumb":{"@id":"https:\/\/pldistribucion.com.ar\/web\/producto\/edta-polvo-liquido\/#breadcrumb"},"inLanguage":"es","potentialAction":[{"@type":"ReadAction","target":["https:\/\/pldistribucion.com.ar\/web\/producto\/edta-polvo-liquido\/"]}]},{"@type":"ImageObject","inLanguage":"es","@id":"https:\/\/pldistribucion.com.ar\/web\/producto\/edta-polvo-liquido\/#primaryimage","url":"https:\/\/pldistribucion.com.ar\/web\/wp-content\/uploads\/Diseno-sin-titulo-30-1.png","contentUrl":"https:\/\/pldistribucion.com.ar\/web\/wp-content\/uploads\/Diseno-sin-titulo-30-1.png","width":1200,"height":800,"caption":"EDTA POLVO\/LIQUIDO"},{"@type":"BreadcrumbList","@id":"https:\/\/pldistribucion.com.ar\/web\/producto\/edta-polvo-liquido\/#breadcrumb","itemListElement":[{"@type":"ListItem","position":1,"name":"Portada","item":"https:\/\/pldistribucion.com.ar\/web\/"},{"@type":"ListItem","position":2,"name":"Productos","item":"https:\/\/pldistribucion.com.ar\/web\/productos\/"},{"@type":"ListItem","position":3,"name":"EDTA POLVO\/LIQUIDO"}]},{"@type":"WebSite","@id":"https:\/\/pldistribucion.com.ar\/web\/#website","url":"https:\/\/pldistribucion.com.ar\/web\/","name":"Perfomance Lube","description":"","publisher":{"@id":"https:\/\/pldistribucion.com.ar\/web\/#organization"},"potentialAction":[{"@type":"SearchAction","target":{"@type":"EntryPoint","urlTemplate":"https:\/\/pldistribucion.com.ar\/web\/?s={search_term_string}"},"query-input":"required name=search_term_string"}],"inLanguage":"es"},{"@type":"Organization","@id":"https:\/\/pldistribucion.com.ar\/web\/#organization","name":"PERFORMANCE LUBE","url":"https:\/\/pldistribucion.com.ar\/web\/","logo":{"@type":"ImageObject","inLanguage":"es","@id":"https:\/\/pldistribucion.com.ar\/web\/#\/schema\/logo\/image\/","url":"https:\/\/pldistribucion.com.ar\/web\/wp-content\/uploads\/pld_logo_GB-removebg-preview.png","contentUrl":"https:\/\/pldistribucion.com.ar\/web\/wp-content\/uploads\/pld_logo_GB-removebg-preview.png","width":787,"height":317,"caption":"PERFORMANCE LUBE"},"image":{"@id":"https:\/\/pldistribucion.com.ar\/web\/#\/schema\/logo\/image\/"}}]}},"_links":{"self":[{"href":"https:\/\/pldistribucion.com.ar\/web\/wp-json\/wp\/v2\/product\/6819"}],"collection":[{"href":"https:\/\/pldistribucion.com.ar\/web\/wp-json\/wp\/v2\/product"}],"about":[{"href":"https:\/\/pldistribucion.com.ar\/web\/wp-json\/wp\/v2\/types\/product"}],"replies":[{"embeddable":true,"href":"https:\/\/pldistribucion.com.ar\/web\/wp-json\/wp\/v2\/comments?post=6819"}],"wp:featuredmedia":[{"embeddable":true,"href":"https:\/\/pldistribucion.com.ar\/web\/wp-json\/wp\/v2\/media\/6822"}],"wp:attachment":[{"href":"https:\/\/pldistribucion.com.ar\/web\/wp-json\/wp\/v2\/media?parent=6819"}],"wp:term":[{"taxonomy":"product_cat","embeddable":true,"href":"https:\/\/pldistribucion.com.ar\/web\/wp-json\/wp\/v2\/product_cat?post=6819"},{"taxonomy":"product_tag","embeddable":true,"href":"https:\/\/pldistribucion.com.ar\/web\/wp-json\/wp\/v2\/product_tag?post=6819"}],"curies":[{"name":"wp","href":"https:\/\/api.w.org\/{rel}","templated":true}]}}