{"id":681,"date":"2020-02-18T18:11:46","date_gmt":"2020-02-18T18:11:46","guid":{"rendered":"https:\/\/pldistribucion.com.ar\/web\/?post_type=product&#038;p=681"},"modified":"2022-02-25T13:32:04","modified_gmt":"2022-02-25T13:32:04","slug":"aceite-shell-rimula-r3-mv-15w-40","status":"publish","type":"product","link":"https:\/\/pldistribucion.com.ar\/web\/producto\/aceite-shell-rimula-r3-mv-15w-40\/","title":{"rendered":"SHELL RIMULA R3 MV 15W &#8211; 40"},"content":{"rendered":"<h1><strong style=\"font-size: 80%;\">SHELL RIMULA R3 MV 15W &#8211; 40 \/ <strong><em>Lubricante para Motores Diesel de Trabajo Pesado.<\/em><\/strong><\/strong><\/h1>\n<h4><span style=\"font-size: 110%;\"><strong><span style=\"background-color: #fcf56d;\">DESCRIPCI\u00d3N DEL PRODUCTO<\/span><\/strong><\/span><\/h4>\n<p><span style=\"color: #000000;\">SHELL RIMULA R3 MV 15W &#8211; 40 proporcionan un bajo desgaste para una larga vida del motor, y adem\u00e1s baja la formaci\u00f3n de dep\u00f3sitos para mantener el rendimiento del motor y resisten la degradaci\u00f3n por el calor para la protecci\u00f3n continua en aplicaciones exigentes de miner\u00eda, construcci\u00f3n y explotaci\u00f3n de canteras.<\/span><\/p>\n<h4><span style=\"font-size: 110%;\"><strong><span style=\"background-color: #fcf56d;\">CARACTER\u00cdSTICAS<\/span><\/strong><\/span><\/h4>\n<ul>\n<li><span style=\"color: #000000;\">Protecci\u00f3n para trabajo pesado.<\/span><br \/>\n<span style=\"color: #000000;\">Shell Rimula R3 MV provee excepcional rendimiento en motores modernos diesel de trabajo pesado y proporciona mejoras importantes en la protecci\u00f3n contra el desgaste, dep\u00f3sitos y control de viscosidad, comparado con otros aceites existentes en el mercado que cumplen caracter\u00edsticas est\u00e1ndar CH-4 o ACEA E3.<\/span><\/li>\n<li><span style=\"color: #000000;\">Vida extendida.<\/span><br \/>\n<span style=\"color: #000000;\">La dedicada formulaci\u00f3n de Shell Rimula R3 MV excede los requerimientos de control de oxidaci\u00f3n de las especificaciones API y ACEA, protegiendo al motor a lo largo de todo el intervalo de servicio, incluso bajo condiciones de operaci\u00f3n severas.<\/span><\/li>\n<\/ul>\n<h4><span style=\"font-size: 110%;\"><strong><span style=\"background-color: #fcf56d;\">APLICACIONES<\/span><\/strong><\/span><\/h4>\n<ul>\n<li><span style=\"color: #000000;\">Motores con control de emisiones<\/span><br \/>\n<span style=\"color: #000000;\">La avanzada formulaci\u00f3n del Shell Rimula R3 MV ofrece un incremento en el rendimiento y protecci\u00f3n para la m\u00e1s reciente generaci\u00f3n de motores de bajas emisiones US 2002\/Euro3.<\/span><\/li>\n<li><span style=\"color: #000000;\">Para motores con sistema de post-tratamiento de gases de escape, tales como trampa de part\u00edculas, se recomienda emplear Shell Rimula R4 L.\u00a0<\/span><\/li>\n<\/ul>\n<div class=\"content-tab\">\n<div class=\"content-inner active\">\n<p><strong>Rimula R3 MV<\/strong><span style=\"color: #000000;\">\u00a0est\u00e1 especialmente recomendado para motores Caterpillar, Cummins y MTU.<\/span><\/p>\n<p><strong><span style=\"color: #0000ff;\"><a style=\"color: #0000ff;\" href=\"https:\/\/pldistribucion.com.ar\/web\/wp-content\/uploads\/ficha-3-1-1.pdf\" target=\"_blank\" rel=\"noopener\">Ver ficha t\u00e9cnica<\/a><\/span><\/strong><\/p>\n<p><strong><span style=\"color: #0000ff;\"><a style=\"color: #0000ff;\" href=\"https:\/\/pldistribucion.com.ar\/web\/categoria-producto\/lubricantes\/?filter_marcas=shell\" target=\"_blank\" rel=\"noopener\">Ver m\u00e1s productos SHELL<\/a><\/span><\/strong><\/p>\n<p><span style=\"color: #000000;\">(Shell fabrica y comercializa lubricantes y grasas para uso en motos, veh\u00edculos de transporte, construcci\u00f3n, agricultura e industria. Constantemente reaccionamos a las necesidades cambiantes de cada sector para que usted disponga de los lubricantes de calidad que le permitan optimizar la eficiencia de sus equipos y a\u00f1adir valor a su negocio).<\/span><\/p>\n<p><span style=\"color: #0000ff;\"><strong><a style=\"color: #0000ff;\" href=\"https:\/\/www.shell.com.ar\/acerca-de-shell\/la-marca-shell.html#:~:text=La%20palabra%20Shell%20se%20utiliz%C3%B3,conchas%20marinas%20procedentes%20de%20Oriente.\" target=\"_blank\" rel=\"noopener\">Conoce m\u00e1s sobre SHELL<\/a><\/strong><\/span><\/p>\n<\/div>\n<\/div>\n","protected":false},"excerpt":{"rendered":"<p><img loading=\"lazy\" decoding=\"async\" class=\"alignnone size-full wp-image-159\" src=\"https:\/\/pldistribucion.com.ar\/web\/wp-content\/uploads\/shell.jpg\" alt=\"\" width=\"200\" height=\"200\" \/><\/p>\n<h1>Shell Lubricantes<\/h1>\n<p>Shell vende una amplia variedad de lubricantes para satisfacer las necesidades de los clientes a trav\u00e9s de una gama de productos para el autom\u00f3vil de calle, el transporte pesado, la miner\u00eda, la generaci\u00f3n de energ\u00eda y la ingenier\u00eda general. La cartera de productos de lubricantes Shell incluye Shell Helix, Shell Rimula y Shell Spirax. Con 70 plantas en todo el mundo, somos productores de aceites que se distribuyen, comercializan y venden en m\u00e1s de 100 pa\u00edses.<\/p>\n","protected":false},"featured_media":3150,"comment_status":"open","ping_status":"closed","template":"","meta":[],"product_cat":[16,36],"product_tag":[],"yoast_head":"<!-- This site is optimized with the Yoast SEO plugin v23.0 - https:\/\/yoast.com\/wordpress\/plugins\/seo\/ -->\n<title>SHELL RIMULA R3 MV 15W - 40 - Perfomance Lube - Lubricantes<\/title>\n<meta name=\"description\" content=\"Distribuidor de lubricantes SHELL de diferentes aplicaciones. Env\u00edos a todo el pa\u00eds. Variedad de productos y stock disponible.SHELL RIMULA R3 MV 15W - 40\" \/>\n<meta name=\"robots\" content=\"index, follow, max-snippet:-1, max-image-preview:large, max-video-preview:-1\" \/>\n<link rel=\"canonical\" href=\"https:\/\/pldistribucion.com.ar\/web\/producto\/aceite-shell-rimula-r3-mv-15w-40\/\" \/>\n<meta property=\"og:locale\" content=\"es_ES\" \/>\n<meta property=\"og:type\" content=\"article\" \/>\n<meta property=\"og:title\" content=\"SHELL RIMULA R3 MV 15W - 40 - Perfomance Lube - Lubricantes\" \/>\n<meta property=\"og:description\" content=\"Distribuidor de lubricantes SHELL de diferentes aplicaciones. Env\u00edos a todo el pa\u00eds. Variedad de productos y stock disponible.SHELL RIMULA R3 MV 15W - 40\" \/>\n<meta property=\"og:url\" content=\"https:\/\/pldistribucion.com.ar\/web\/producto\/aceite-shell-rimula-r3-mv-15w-40\/\" \/>\n<meta property=\"og:site_name\" content=\"Perfomance Lube\" \/>\n<meta property=\"article:modified_time\" content=\"2022-02-25T13:32:04+00:00\" \/>\n<meta property=\"og:image\" content=\"https:\/\/pldistribucion.com.ar\/web\/wp-content\/uploads\/FOTO-3..jpg\" \/>\n\t<meta property=\"og:image:width\" content=\"700\" \/>\n\t<meta property=\"og:image:height\" content=\"444\" \/>\n\t<meta property=\"og:image:type\" content=\"image\/jpeg\" \/>\n<meta name=\"twitter:card\" content=\"summary_large_image\" \/>\n<meta name=\"twitter:label1\" content=\"Tiempo de lectura\" \/>\n\t<meta name=\"twitter:data1\" content=\"2 minutos\" \/>\n<script type=\"application\/ld+json\" class=\"yoast-schema-graph\">{\"@context\":\"https:\/\/schema.org\",\"@graph\":[{\"@type\":\"WebPage\",\"@id\":\"https:\/\/pldistribucion.com.ar\/web\/producto\/aceite-shell-rimula-r3-mv-15w-40\/\",\"url\":\"https:\/\/pldistribucion.com.ar\/web\/producto\/aceite-shell-rimula-r3-mv-15w-40\/\",\"name\":\"SHELL RIMULA R3 MV 15W - 40 - Perfomance Lube - Lubricantes\",\"isPartOf\":{\"@id\":\"https:\/\/pldistribucion.com.ar\/web\/#website\"},\"primaryImageOfPage\":{\"@id\":\"https:\/\/pldistribucion.com.ar\/web\/producto\/aceite-shell-rimula-r3-mv-15w-40\/#primaryimage\"},\"image\":{\"@id\":\"https:\/\/pldistribucion.com.ar\/web\/producto\/aceite-shell-rimula-r3-mv-15w-40\/#primaryimage\"},\"thumbnailUrl\":\"https:\/\/pldistribucion.com.ar\/web\/wp-content\/uploads\/FOTO-3..jpg\",\"datePublished\":\"2020-02-18T18:11:46+00:00\",\"dateModified\":\"2022-02-25T13:32:04+00:00\",\"description\":\"Distribuidor de lubricantes SHELL de diferentes aplicaciones. Env\u00edos a todo el pa\u00eds. Variedad de productos y stock disponible.SHELL RIMULA R3 MV 15W - 40\",\"breadcrumb\":{\"@id\":\"https:\/\/pldistribucion.com.ar\/web\/producto\/aceite-shell-rimula-r3-mv-15w-40\/#breadcrumb\"},\"inLanguage\":\"es\",\"potentialAction\":[{\"@type\":\"ReadAction\",\"target\":[\"https:\/\/pldistribucion.com.ar\/web\/producto\/aceite-shell-rimula-r3-mv-15w-40\/\"]}]},{\"@type\":\"ImageObject\",\"inLanguage\":\"es\",\"@id\":\"https:\/\/pldistribucion.com.ar\/web\/producto\/aceite-shell-rimula-r3-mv-15w-40\/#primaryimage\",\"url\":\"https:\/\/pldistribucion.com.ar\/web\/wp-content\/uploads\/FOTO-3..jpg\",\"contentUrl\":\"https:\/\/pldistribucion.com.ar\/web\/wp-content\/uploads\/FOTO-3..jpg\",\"width\":700,\"height\":444,\"caption\":\"SHELL RIMULA R3 MV 15W - 40\"},{\"@type\":\"BreadcrumbList\",\"@id\":\"https:\/\/pldistribucion.com.ar\/web\/producto\/aceite-shell-rimula-r3-mv-15w-40\/#breadcrumb\",\"itemListElement\":[{\"@type\":\"ListItem\",\"position\":1,\"name\":\"Portada\",\"item\":\"https:\/\/pldistribucion.com.ar\/web\/\"},{\"@type\":\"ListItem\",\"position\":2,\"name\":\"Productos\",\"item\":\"https:\/\/pldistribucion.com.ar\/web\/productos\/\"},{\"@type\":\"ListItem\",\"position\":3,\"name\":\"SHELL RIMULA R3 MV 15W &#8211; 40\"}]},{\"@type\":\"WebSite\",\"@id\":\"https:\/\/pldistribucion.com.ar\/web\/#website\",\"url\":\"https:\/\/pldistribucion.com.ar\/web\/\",\"name\":\"Perfomance Lube\",\"description\":\"\",\"publisher\":{\"@id\":\"https:\/\/pldistribucion.com.ar\/web\/#organization\"},\"potentialAction\":[{\"@type\":\"SearchAction\",\"target\":{\"@type\":\"EntryPoint\",\"urlTemplate\":\"https:\/\/pldistribucion.com.ar\/web\/?s={search_term_string}\"},\"query-input\":\"required name=search_term_string\"}],\"inLanguage\":\"es\"},{\"@type\":\"Organization\",\"@id\":\"https:\/\/pldistribucion.com.ar\/web\/#organization\",\"name\":\"PERFORMANCE LUBE\",\"url\":\"https:\/\/pldistribucion.com.ar\/web\/\",\"logo\":{\"@type\":\"ImageObject\",\"inLanguage\":\"es\",\"@id\":\"https:\/\/pldistribucion.com.ar\/web\/#\/schema\/logo\/image\/\",\"url\":\"https:\/\/pldistribucion.com.ar\/web\/wp-content\/uploads\/pld_logo_GB-removebg-preview.png\",\"contentUrl\":\"https:\/\/pldistribucion.com.ar\/web\/wp-content\/uploads\/pld_logo_GB-removebg-preview.png\",\"width\":787,\"height\":317,\"caption\":\"PERFORMANCE LUBE\"},\"image\":{\"@id\":\"https:\/\/pldistribucion.com.ar\/web\/#\/schema\/logo\/image\/\"}}]}<\/script>\n<!-- \/ Yoast SEO plugin. -->","yoast_head_json":{"title":"SHELL RIMULA R3 MV 15W - 40 - Perfomance Lube - Lubricantes","description":"Distribuidor de lubricantes SHELL de diferentes aplicaciones. Env\u00edos a todo el pa\u00eds. Variedad de productos y stock disponible.SHELL RIMULA R3 MV 15W - 40","robots":{"index":"index","follow":"follow","max-snippet":"max-snippet:-1","max-image-preview":"max-image-preview:large","max-video-preview":"max-video-preview:-1"},"canonical":"https:\/\/pldistribucion.com.ar\/web\/producto\/aceite-shell-rimula-r3-mv-15w-40\/","og_locale":"es_ES","og_type":"article","og_title":"SHELL RIMULA R3 MV 15W - 40 - Perfomance Lube - Lubricantes","og_description":"Distribuidor de lubricantes SHELL de diferentes aplicaciones. Env\u00edos a todo el pa\u00eds. Variedad de productos y stock disponible.SHELL RIMULA R3 MV 15W - 40","og_url":"https:\/\/pldistribucion.com.ar\/web\/producto\/aceite-shell-rimula-r3-mv-15w-40\/","og_site_name":"Perfomance Lube","article_modified_time":"2022-02-25T13:32:04+00:00","og_image":[{"width":700,"height":444,"url":"https:\/\/pldistribucion.com.ar\/web\/wp-content\/uploads\/FOTO-3..jpg","type":"image\/jpeg"}],"twitter_card":"summary_large_image","twitter_misc":{"Tiempo de lectura":"2 minutos"},"schema":{"@context":"https:\/\/schema.org","@graph":[{"@type":"WebPage","@id":"https:\/\/pldistribucion.com.ar\/web\/producto\/aceite-shell-rimula-r3-mv-15w-40\/","url":"https:\/\/pldistribucion.com.ar\/web\/producto\/aceite-shell-rimula-r3-mv-15w-40\/","name":"SHELL RIMULA R3 MV 15W - 40 - Perfomance Lube - Lubricantes","isPartOf":{"@id":"https:\/\/pldistribucion.com.ar\/web\/#website"},"primaryImageOfPage":{"@id":"https:\/\/pldistribucion.com.ar\/web\/producto\/aceite-shell-rimula-r3-mv-15w-40\/#primaryimage"},"image":{"@id":"https:\/\/pldistribucion.com.ar\/web\/producto\/aceite-shell-rimula-r3-mv-15w-40\/#primaryimage"},"thumbnailUrl":"https:\/\/pldistribucion.com.ar\/web\/wp-content\/uploads\/FOTO-3..jpg","datePublished":"2020-02-18T18:11:46+00:00","dateModified":"2022-02-25T13:32:04+00:00","description":"Distribuidor de lubricantes SHELL de diferentes aplicaciones. Env\u00edos a todo el pa\u00eds. Variedad de productos y stock disponible.SHELL RIMULA R3 MV 15W - 40","breadcrumb":{"@id":"https:\/\/pldistribucion.com.ar\/web\/producto\/aceite-shell-rimula-r3-mv-15w-40\/#breadcrumb"},"inLanguage":"es","potentialAction":[{"@type":"ReadAction","target":["https:\/\/pldistribucion.com.ar\/web\/producto\/aceite-shell-rimula-r3-mv-15w-40\/"]}]},{"@type":"ImageObject","inLanguage":"es","@id":"https:\/\/pldistribucion.com.ar\/web\/producto\/aceite-shell-rimula-r3-mv-15w-40\/#primaryimage","url":"https:\/\/pldistribucion.com.ar\/web\/wp-content\/uploads\/FOTO-3..jpg","contentUrl":"https:\/\/pldistribucion.com.ar\/web\/wp-content\/uploads\/FOTO-3..jpg","width":700,"height":444,"caption":"SHELL RIMULA R3 MV 15W - 40"},{"@type":"BreadcrumbList","@id":"https:\/\/pldistribucion.com.ar\/web\/producto\/aceite-shell-rimula-r3-mv-15w-40\/#breadcrumb","itemListElement":[{"@type":"ListItem","position":1,"name":"Portada","item":"https:\/\/pldistribucion.com.ar\/web\/"},{"@type":"ListItem","position":2,"name":"Productos","item":"https:\/\/pldistribucion.com.ar\/web\/productos\/"},{"@type":"ListItem","position":3,"name":"SHELL RIMULA R3 MV 15W &#8211; 40"}]},{"@type":"WebSite","@id":"https:\/\/pldistribucion.com.ar\/web\/#website","url":"https:\/\/pldistribucion.com.ar\/web\/","name":"Perfomance Lube","description":"","publisher":{"@id":"https:\/\/pldistribucion.com.ar\/web\/#organization"},"potentialAction":[{"@type":"SearchAction","target":{"@type":"EntryPoint","urlTemplate":"https:\/\/pldistribucion.com.ar\/web\/?s={search_term_string}"},"query-input":"required name=search_term_string"}],"inLanguage":"es"},{"@type":"Organization","@id":"https:\/\/pldistribucion.com.ar\/web\/#organization","name":"PERFORMANCE LUBE","url":"https:\/\/pldistribucion.com.ar\/web\/","logo":{"@type":"ImageObject","inLanguage":"es","@id":"https:\/\/pldistribucion.com.ar\/web\/#\/schema\/logo\/image\/","url":"https:\/\/pldistribucion.com.ar\/web\/wp-content\/uploads\/pld_logo_GB-removebg-preview.png","contentUrl":"https:\/\/pldistribucion.com.ar\/web\/wp-content\/uploads\/pld_logo_GB-removebg-preview.png","width":787,"height":317,"caption":"PERFORMANCE LUBE"},"image":{"@id":"https:\/\/pldistribucion.com.ar\/web\/#\/schema\/logo\/image\/"}}]}},"_links":{"self":[{"href":"https:\/\/pldistribucion.com.ar\/web\/wp-json\/wp\/v2\/product\/681"}],"collection":[{"href":"https:\/\/pldistribucion.com.ar\/web\/wp-json\/wp\/v2\/product"}],"about":[{"href":"https:\/\/pldistribucion.com.ar\/web\/wp-json\/wp\/v2\/types\/product"}],"replies":[{"embeddable":true,"href":"https:\/\/pldistribucion.com.ar\/web\/wp-json\/wp\/v2\/comments?post=681"}],"wp:featuredmedia":[{"embeddable":true,"href":"https:\/\/pldistribucion.com.ar\/web\/wp-json\/wp\/v2\/media\/3150"}],"wp:attachment":[{"href":"https:\/\/pldistribucion.com.ar\/web\/wp-json\/wp\/v2\/media?parent=681"}],"wp:term":[{"taxonomy":"product_cat","embeddable":true,"href":"https:\/\/pldistribucion.com.ar\/web\/wp-json\/wp\/v2\/product_cat?post=681"},{"taxonomy":"product_tag","embeddable":true,"href":"https:\/\/pldistribucion.com.ar\/web\/wp-json\/wp\/v2\/product_tag?post=681"}],"curies":[{"name":"wp","href":"https:\/\/api.w.org\/{rel}","templated":true}]}}