{"id":6687,"date":"2023-06-21T14:50:53","date_gmt":"2023-06-21T14:50:53","guid":{"rendered":"https:\/\/pldistribucion.com.ar\/web\/?post_type=product&#038;p=6687"},"modified":"2023-06-21T14:50:53","modified_gmt":"2023-06-21T14:50:53","slug":"ropaque-ultra","status":"publish","type":"product","link":"https:\/\/pldistribucion.com.ar\/web\/producto\/ropaque-ultra\/","title":{"rendered":"ROPAQUE ULTRA"},"content":{"rendered":"<h1><strong><span style=\"font-size: 80%;\">ROPAQUE ULTRA &#8211; EXTENDEDOR DE TITANIO.<\/span><\/strong><\/h1>\n<p><span>ROPAQUE ULTRA es un extensor de titanio que se utiliza para mejorar la opacidad y el poder cubriente de pinturas y recubrimientos al agua. Es un l\u00edquido transparente e incoloro que se compone de part\u00edculas de di\u00f3xido de titanio que se han dispersado en un veh\u00edculo a base de agua.<\/span><\/p>\n<p><span>Es un mejorador de la opacidad muy efectivo. Puede aumentar la opacidad de una pintura o revestimiento hasta en un 50%. Tambi\u00e9n ayuda a mejorar el poder cubriente de una pintura o revestimiento, lo que significa que puede utilizarse para cubrir superficies m\u00e1s oscuras con mayor facilidad.<\/span><\/p>\n<p><span>Adem\u00e1s de mejorar la opacidad y el poder cubriente, ROPAQUE ULTRA tambi\u00e9n tiene una serie de otros beneficios. Puede ayudar a mejorar el brillo y la durabilidad de una pintura o revestimiento. Tambi\u00e9n puede ayudar a que la pintura o el revestimiento sean m\u00e1s resistentes a la decoloraci\u00f3n y la tiza.<\/span><\/p>\n<p><span>Es un extensor de titanio vers\u00e1til que se puede utilizar en una amplia gama de aplicaciones. Se usa com\u00fanmente en pinturas, recubrimientos y adhesivos a base de agua. Tambi\u00e9n se puede utilizar en otros productos, como cosm\u00e9ticos, productos para el cuidado personal y fluidos industriales.<\/span><\/p>\n<p><span>Aqu\u00ed hay una tabla que resume las caracter\u00edsticas clave de ROPAQUE ULTRA:<\/span><\/p>\n<div class=\"horizontal-scroll-wrapper\">\n<div class=\"table-block-component\">\n<div class=\"table-block\">\n<div class=\"table-content\">\n<table>\n<tbody>\n<tr>\n<th><span>Caracter\u00edstica<\/span><\/th>\n<th><span>ROPAQUE ULTRA<\/span><\/th>\n<\/tr>\n<tr>\n<td><span>Tipo<\/span><\/td>\n<td><span>extensor de titanio<\/span><\/td>\n<\/tr>\n<tr>\n<td><span>Aplicaciones<\/span><\/td>\n<td><span>Pinturas a base de agua, recubrimientos, adhesivos, cosm\u00e9ticos, productos para el cuidado personal, fluidos industriales<\/span><\/td>\n<\/tr>\n<tr>\n<td><span>Mejora de la opacidad<\/span><\/td>\n<td><span>Hasta 50%<\/span><\/td>\n<\/tr>\n<tr>\n<td><span>Mejora del poder de ocultaci\u00f3n<\/span><\/td>\n<td><span>Aument\u00f3<\/span><\/td>\n<\/tr>\n<tr>\n<td><span>mejora del brillo<\/span><\/td>\n<td><span>Aument\u00f3<\/span><\/td>\n<\/tr>\n<tr>\n<td><span>mejora de la durabilidad<\/span><\/td>\n<td><span>Aument\u00f3<\/span><\/td>\n<\/tr>\n<tr>\n<td><span>Resistencia a la decoloraci\u00f3n<\/span><\/td>\n<td><span>Aument\u00f3<\/span><\/td>\n<\/tr>\n<tr>\n<td><span>Resistencia al caleo<\/span><\/td>\n<td><span>Aument\u00f3<\/span><\/td>\n<\/tr>\n<\/tbody>\n<\/table>\n<\/div>\n<\/div>\n<\/div>\n<\/div>\n<div class=\"table-footer ng-star-inserted\"><\/div>\n<div>\n<hr \/>\n<p><span style=\"color: #000080;\"><strong><a style=\"color: #000080;\" href=\"https:\/\/pldistribucion.com.ar\/web\/categoria-producto\/petroquimicos\/\" target=\"_blank\" rel=\"noopener\">Ver m\u00e1s petroqu\u00edmicos\u00a0<\/a><\/strong><\/span><\/div>\n","protected":false},"excerpt":{"rendered":"<p><img loading=\"lazy\" decoding=\"async\" class=\"wp-image-6236 alignleft\" src=\"https:\/\/pldistribucion.com.ar\/web\/wp-content\/uploads\/pld5-1-300x257.jpg\" alt=\"\" width=\"216\" height=\"185\" srcset=\"https:\/\/pldistribucion.com.ar\/web\/wp-content\/uploads\/pld5-1-300x257.jpg 300w, https:\/\/pldistribucion.com.ar\/web\/wp-content\/uploads\/pld5-1-768x658.jpg 768w, https:\/\/pldistribucion.com.ar\/web\/wp-content\/uploads\/pld5-1-600x514.jpg 600w, https:\/\/pldistribucion.com.ar\/web\/wp-content\/uploads\/pld5-1.jpg 827w\" sizes=\"(max-width: 216px) 100vw, 216px\" \/><\/p>\n<h2 style=\"text-align: left;\"><span style=\"font-size: 75%;\"><strong><a rel=\"noopener noreferrer\" href=\"https:\/\/performancelube.mercadoshops.com.ar\/listado\/accesorios-vehiculos\/#position=1&#038;search_layout=stack&#038;type=item&#038;tracking_id=bbc8064c-7b0a-4bdf-bbd3-38c8c93e73bd\" target=\"_blank\" class=\"button primary\"  >\n    <span>VER TIENDA ONLINE ?<\/span>\n  <\/a>\n<span style=\"color: #69314d;\">\u00a0<\/span><\/strong><strong>\u00a0<\/strong><\/span><\/h2>\n","protected":false},"featured_media":6690,"comment_status":"open","ping_status":"closed","template":"","meta":[],"product_cat":[31],"product_tag":[],"yoast_head":"<!-- This site is optimized with the Yoast SEO plugin v23.0 - https:\/\/yoast.com\/wordpress\/plugins\/seo\/ -->\n<title>ROPAQUE ULTRA - Perfomance Lube - Petroquimicos<\/title>\n<meta name=\"description\" content=\"Distribuidor de lubricantes de diferentes aplicaciones. Env\u00edos a todo el pa\u00eds. Variedad de productos y stock disponible.ROPAQUE ULTRA\" \/>\n<meta name=\"robots\" content=\"index, follow, max-snippet:-1, max-image-preview:large, max-video-preview:-1\" \/>\n<link rel=\"canonical\" href=\"https:\/\/pldistribucion.com.ar\/web\/producto\/ropaque-ultra\/\" \/>\n<meta property=\"og:locale\" content=\"es_ES\" \/>\n<meta property=\"og:type\" content=\"article\" \/>\n<meta property=\"og:title\" content=\"ROPAQUE ULTRA - Perfomance Lube - Petroquimicos\" \/>\n<meta property=\"og:description\" content=\"Distribuidor de lubricantes de diferentes aplicaciones. Env\u00edos a todo el pa\u00eds. Variedad de productos y stock disponible.ROPAQUE ULTRA\" \/>\n<meta property=\"og:url\" content=\"https:\/\/pldistribucion.com.ar\/web\/producto\/ropaque-ultra\/\" \/>\n<meta property=\"og:site_name\" content=\"Perfomance Lube\" \/>\n<meta property=\"og:image\" content=\"https:\/\/pldistribucion.com.ar\/web\/wp-content\/uploads\/Diseno-sin-titulo-4-2.png\" \/>\n\t<meta property=\"og:image:width\" content=\"1200\" \/>\n\t<meta property=\"og:image:height\" content=\"800\" \/>\n\t<meta property=\"og:image:type\" content=\"image\/png\" \/>\n<meta name=\"twitter:card\" content=\"summary_large_image\" \/>\n<meta name=\"twitter:label1\" content=\"Tiempo de lectura\" \/>\n\t<meta name=\"twitter:data1\" content=\"2 minutos\" \/>\n<script type=\"application\/ld+json\" class=\"yoast-schema-graph\">{\"@context\":\"https:\/\/schema.org\",\"@graph\":[{\"@type\":\"WebPage\",\"@id\":\"https:\/\/pldistribucion.com.ar\/web\/producto\/ropaque-ultra\/\",\"url\":\"https:\/\/pldistribucion.com.ar\/web\/producto\/ropaque-ultra\/\",\"name\":\"ROPAQUE ULTRA - Perfomance Lube - Petroquimicos\",\"isPartOf\":{\"@id\":\"https:\/\/pldistribucion.com.ar\/web\/#website\"},\"primaryImageOfPage\":{\"@id\":\"https:\/\/pldistribucion.com.ar\/web\/producto\/ropaque-ultra\/#primaryimage\"},\"image\":{\"@id\":\"https:\/\/pldistribucion.com.ar\/web\/producto\/ropaque-ultra\/#primaryimage\"},\"thumbnailUrl\":\"https:\/\/pldistribucion.com.ar\/web\/wp-content\/uploads\/Diseno-sin-titulo-4-2.png\",\"datePublished\":\"2023-06-21T14:50:53+00:00\",\"dateModified\":\"2023-06-21T14:50:53+00:00\",\"description\":\"Distribuidor de lubricantes de diferentes aplicaciones. Env\u00edos a todo el pa\u00eds. Variedad de productos y stock disponible.ROPAQUE ULTRA\",\"breadcrumb\":{\"@id\":\"https:\/\/pldistribucion.com.ar\/web\/producto\/ropaque-ultra\/#breadcrumb\"},\"inLanguage\":\"es\",\"potentialAction\":[{\"@type\":\"ReadAction\",\"target\":[\"https:\/\/pldistribucion.com.ar\/web\/producto\/ropaque-ultra\/\"]}]},{\"@type\":\"ImageObject\",\"inLanguage\":\"es\",\"@id\":\"https:\/\/pldistribucion.com.ar\/web\/producto\/ropaque-ultra\/#primaryimage\",\"url\":\"https:\/\/pldistribucion.com.ar\/web\/wp-content\/uploads\/Diseno-sin-titulo-4-2.png\",\"contentUrl\":\"https:\/\/pldistribucion.com.ar\/web\/wp-content\/uploads\/Diseno-sin-titulo-4-2.png\",\"width\":1200,\"height\":800,\"caption\":\"ROPAQUE ULTRA\"},{\"@type\":\"BreadcrumbList\",\"@id\":\"https:\/\/pldistribucion.com.ar\/web\/producto\/ropaque-ultra\/#breadcrumb\",\"itemListElement\":[{\"@type\":\"ListItem\",\"position\":1,\"name\":\"Portada\",\"item\":\"https:\/\/pldistribucion.com.ar\/web\/\"},{\"@type\":\"ListItem\",\"position\":2,\"name\":\"Productos\",\"item\":\"https:\/\/pldistribucion.com.ar\/web\/productos\/\"},{\"@type\":\"ListItem\",\"position\":3,\"name\":\"ROPAQUE ULTRA\"}]},{\"@type\":\"WebSite\",\"@id\":\"https:\/\/pldistribucion.com.ar\/web\/#website\",\"url\":\"https:\/\/pldistribucion.com.ar\/web\/\",\"name\":\"Perfomance Lube\",\"description\":\"\",\"publisher\":{\"@id\":\"https:\/\/pldistribucion.com.ar\/web\/#organization\"},\"potentialAction\":[{\"@type\":\"SearchAction\",\"target\":{\"@type\":\"EntryPoint\",\"urlTemplate\":\"https:\/\/pldistribucion.com.ar\/web\/?s={search_term_string}\"},\"query-input\":\"required name=search_term_string\"}],\"inLanguage\":\"es\"},{\"@type\":\"Organization\",\"@id\":\"https:\/\/pldistribucion.com.ar\/web\/#organization\",\"name\":\"PERFORMANCE LUBE\",\"url\":\"https:\/\/pldistribucion.com.ar\/web\/\",\"logo\":{\"@type\":\"ImageObject\",\"inLanguage\":\"es\",\"@id\":\"https:\/\/pldistribucion.com.ar\/web\/#\/schema\/logo\/image\/\",\"url\":\"https:\/\/pldistribucion.com.ar\/web\/wp-content\/uploads\/pld_logo_GB-removebg-preview.png\",\"contentUrl\":\"https:\/\/pldistribucion.com.ar\/web\/wp-content\/uploads\/pld_logo_GB-removebg-preview.png\",\"width\":787,\"height\":317,\"caption\":\"PERFORMANCE LUBE\"},\"image\":{\"@id\":\"https:\/\/pldistribucion.com.ar\/web\/#\/schema\/logo\/image\/\"}}]}<\/script>\n<!-- \/ Yoast SEO plugin. -->","yoast_head_json":{"title":"ROPAQUE ULTRA - Perfomance Lube - Petroquimicos","description":"Distribuidor de lubricantes de diferentes aplicaciones. Env\u00edos a todo el pa\u00eds. Variedad de productos y stock disponible.ROPAQUE ULTRA","robots":{"index":"index","follow":"follow","max-snippet":"max-snippet:-1","max-image-preview":"max-image-preview:large","max-video-preview":"max-video-preview:-1"},"canonical":"https:\/\/pldistribucion.com.ar\/web\/producto\/ropaque-ultra\/","og_locale":"es_ES","og_type":"article","og_title":"ROPAQUE ULTRA - Perfomance Lube - Petroquimicos","og_description":"Distribuidor de lubricantes de diferentes aplicaciones. Env\u00edos a todo el pa\u00eds. Variedad de productos y stock disponible.ROPAQUE ULTRA","og_url":"https:\/\/pldistribucion.com.ar\/web\/producto\/ropaque-ultra\/","og_site_name":"Perfomance Lube","og_image":[{"width":1200,"height":800,"url":"https:\/\/pldistribucion.com.ar\/web\/wp-content\/uploads\/Diseno-sin-titulo-4-2.png","type":"image\/png"}],"twitter_card":"summary_large_image","twitter_misc":{"Tiempo de lectura":"2 minutos"},"schema":{"@context":"https:\/\/schema.org","@graph":[{"@type":"WebPage","@id":"https:\/\/pldistribucion.com.ar\/web\/producto\/ropaque-ultra\/","url":"https:\/\/pldistribucion.com.ar\/web\/producto\/ropaque-ultra\/","name":"ROPAQUE ULTRA - Perfomance Lube - Petroquimicos","isPartOf":{"@id":"https:\/\/pldistribucion.com.ar\/web\/#website"},"primaryImageOfPage":{"@id":"https:\/\/pldistribucion.com.ar\/web\/producto\/ropaque-ultra\/#primaryimage"},"image":{"@id":"https:\/\/pldistribucion.com.ar\/web\/producto\/ropaque-ultra\/#primaryimage"},"thumbnailUrl":"https:\/\/pldistribucion.com.ar\/web\/wp-content\/uploads\/Diseno-sin-titulo-4-2.png","datePublished":"2023-06-21T14:50:53+00:00","dateModified":"2023-06-21T14:50:53+00:00","description":"Distribuidor de lubricantes de diferentes aplicaciones. Env\u00edos a todo el pa\u00eds. Variedad de productos y stock disponible.ROPAQUE ULTRA","breadcrumb":{"@id":"https:\/\/pldistribucion.com.ar\/web\/producto\/ropaque-ultra\/#breadcrumb"},"inLanguage":"es","potentialAction":[{"@type":"ReadAction","target":["https:\/\/pldistribucion.com.ar\/web\/producto\/ropaque-ultra\/"]}]},{"@type":"ImageObject","inLanguage":"es","@id":"https:\/\/pldistribucion.com.ar\/web\/producto\/ropaque-ultra\/#primaryimage","url":"https:\/\/pldistribucion.com.ar\/web\/wp-content\/uploads\/Diseno-sin-titulo-4-2.png","contentUrl":"https:\/\/pldistribucion.com.ar\/web\/wp-content\/uploads\/Diseno-sin-titulo-4-2.png","width":1200,"height":800,"caption":"ROPAQUE ULTRA"},{"@type":"BreadcrumbList","@id":"https:\/\/pldistribucion.com.ar\/web\/producto\/ropaque-ultra\/#breadcrumb","itemListElement":[{"@type":"ListItem","position":1,"name":"Portada","item":"https:\/\/pldistribucion.com.ar\/web\/"},{"@type":"ListItem","position":2,"name":"Productos","item":"https:\/\/pldistribucion.com.ar\/web\/productos\/"},{"@type":"ListItem","position":3,"name":"ROPAQUE ULTRA"}]},{"@type":"WebSite","@id":"https:\/\/pldistribucion.com.ar\/web\/#website","url":"https:\/\/pldistribucion.com.ar\/web\/","name":"Perfomance Lube","description":"","publisher":{"@id":"https:\/\/pldistribucion.com.ar\/web\/#organization"},"potentialAction":[{"@type":"SearchAction","target":{"@type":"EntryPoint","urlTemplate":"https:\/\/pldistribucion.com.ar\/web\/?s={search_term_string}"},"query-input":"required name=search_term_string"}],"inLanguage":"es"},{"@type":"Organization","@id":"https:\/\/pldistribucion.com.ar\/web\/#organization","name":"PERFORMANCE LUBE","url":"https:\/\/pldistribucion.com.ar\/web\/","logo":{"@type":"ImageObject","inLanguage":"es","@id":"https:\/\/pldistribucion.com.ar\/web\/#\/schema\/logo\/image\/","url":"https:\/\/pldistribucion.com.ar\/web\/wp-content\/uploads\/pld_logo_GB-removebg-preview.png","contentUrl":"https:\/\/pldistribucion.com.ar\/web\/wp-content\/uploads\/pld_logo_GB-removebg-preview.png","width":787,"height":317,"caption":"PERFORMANCE LUBE"},"image":{"@id":"https:\/\/pldistribucion.com.ar\/web\/#\/schema\/logo\/image\/"}}]}},"_links":{"self":[{"href":"https:\/\/pldistribucion.com.ar\/web\/wp-json\/wp\/v2\/product\/6687"}],"collection":[{"href":"https:\/\/pldistribucion.com.ar\/web\/wp-json\/wp\/v2\/product"}],"about":[{"href":"https:\/\/pldistribucion.com.ar\/web\/wp-json\/wp\/v2\/types\/product"}],"replies":[{"embeddable":true,"href":"https:\/\/pldistribucion.com.ar\/web\/wp-json\/wp\/v2\/comments?post=6687"}],"wp:featuredmedia":[{"embeddable":true,"href":"https:\/\/pldistribucion.com.ar\/web\/wp-json\/wp\/v2\/media\/6690"}],"wp:attachment":[{"href":"https:\/\/pldistribucion.com.ar\/web\/wp-json\/wp\/v2\/media?parent=6687"}],"wp:term":[{"taxonomy":"product_cat","embeddable":true,"href":"https:\/\/pldistribucion.com.ar\/web\/wp-json\/wp\/v2\/product_cat?post=6687"},{"taxonomy":"product_tag","embeddable":true,"href":"https:\/\/pldistribucion.com.ar\/web\/wp-json\/wp\/v2\/product_tag?post=6687"}],"curies":[{"name":"wp","href":"https:\/\/api.w.org\/{rel}","templated":true}]}}