{"id":6660,"date":"2023-06-15T13:21:53","date_gmt":"2023-06-15T13:21:53","guid":{"rendered":"https:\/\/pldistribucion.com.ar\/web\/?post_type=product&#038;p=6660"},"modified":"2023-06-15T13:39:59","modified_gmt":"2023-06-15T13:39:59","slug":"kaise-micro800-lint-ups-800va","status":"publish","type":"product","link":"https:\/\/pldistribucion.com.ar\/web\/producto\/kaise-micro800-lint-ups-800va\/","title":{"rendered":"KAISE MICRO800 LINT UPS 800VA"},"content":{"rendered":"<h1><span style=\"font-size: 80%;\"><strong>KAISE MICRO800 LINT UPS 800VA &#8211; Protecci\u00f3n confiable para tus equipos.<\/strong><\/span><\/h1>\n<h3><span style=\"font-size: 80%; color: #f99b1c;\"><strong>DESCRIPCI\u00d3N:\u00a0 <\/strong><\/span><span style=\"color: #000080; font-size: 75%;\"><strong><a style=\"color: #000080;\" href=\"https:\/\/www.hurin.com.ar\/datasheet\/UPS-800VA.pdf\" target=\"_blank\" rel=\"noopener\">Ver ficha t\u00e9cnica<\/a><\/strong><\/span><\/h3>\n<div class=\"chat-history-scroll-container ng-tns-c435403553-1 ng-trigger ng-trigger-resetChat show-bottom-shadow\">\n<div class=\"conversation-container ng-tns-c435403553-1 ng-star-inserted\">\n<div class=\"ng-tns-c3805428056-5 ng-trigger ng-trigger-responsePopulation ng-animate-disabled\">\n<div class=\"response-container response-container-has-multiple-responses ng-star-inserted\">\n<div class=\"presented-response-container\">\n<div class=\"response-container-content\">\n<div class=\"response-content\">\n<div class=\"markdown\" dir=\"ltr\">\n<p><span style=\"color: #000000;\">El KAISE MICRO800 LINT UPS 800VA es una fuente de alimentaci\u00f3n ininterrumpida (UPS) peque\u00f1a, liviana y asequible que es perfecta para uso dom\u00e9stico y de oficina. Proporciona protecci\u00f3n contra sobretensiones, respaldo de bater\u00eda y AVR (Regulaci\u00f3n autom\u00e1tica de voltaje) para proteger sus dispositivos electr\u00f3nicos sensibles de sobretensiones, apagones y ca\u00eddas de tensi\u00f3n.<\/span><\/p>\n<p><span style=\"color: #000000;\">Tiene una capacidad de 800VA y cuatro salidas protegidas. Puede proporcionar protecci\u00f3n contra sobretensiones de hasta 2000 julios y respaldo de bater\u00eda de hasta 30 minutos. Tambi\u00e9n cuenta con AVR (Regulaci\u00f3n autom\u00e1tica de voltaje) para ayudar a que sus dispositivos electr\u00f3nicos funcionen sin problemas incluso cuando fluct\u00faa el voltaje.<\/span><\/p>\n<p><span style=\"color: #000000;\">Es un dise\u00f1o compacto y liviano que lo hace f\u00e1cil de mover. Tambi\u00e9n es f\u00e1cil de usar, con una interfaz simple que facilita la configuraci\u00f3n y el monitoreo.<\/span><\/p>\n<h3><span style=\"font-size: 80%; color: #f99b1c;\"><strong>CARACTER\u00cdSTICAS:\u00a0<\/strong><\/span><\/h3>\n<ul>\n<li><span style=\"color: #000000;\">capacidad de 800VA<\/span><\/li>\n<li><span style=\"color: #000000;\">4 salidas protegidas<\/span><\/li>\n<li><span style=\"color: #000000;\">Protecci\u00f3n contra sobretensiones de hasta 2000 julios<\/span><\/li>\n<li><span style=\"color: #000000;\">Bater\u00eda de respaldo de hasta 30 minutos<\/span><\/li>\n<li><span style=\"color: #000000;\">AVR (Regulaci\u00f3n Autom\u00e1tica de Voltaje)<\/span><\/li>\n<li><span style=\"color: #000000;\">Dise\u00f1o compacto y ligero<\/span><\/li>\n<li><span style=\"color: #000000;\">F\u00e1cil de usar<\/span><\/li>\n<\/ul>\n<h3><span style=\"font-size: 80%; color: #f99b1c;\"><strong>USOS:<\/strong><\/span><\/h3>\n<p><strong>Estos son algunos beneficios adicionales de usar el KAISE :<\/strong><\/p>\n<ol>\n<li><strong>Tranquilidad:<\/strong> saber que sus dispositivos electr\u00f3nicos est\u00e1n protegidos contra sobretensiones y apagones puede brindarle tranquilidad.<\/li>\n<li><strong>Mayor productividad:<\/strong> con un UPS confiable, puede estar seguro de que sus dispositivos permanecer\u00e1n en funcionamiento, incluso durante un corte de energ\u00eda. Esto puede ayudarlo a ser m\u00e1s productivo y evitar la p\u00e9rdida de trabajo.<\/li>\n<li><strong>Tiempo de inactividad reducido:<\/strong> un UPS puede ayudar a reducir el tiempo de inactividad al proporcionar energ\u00eda de respaldo para dispositivos cr\u00edticos. Esto puede ayudarlo a evitar costosos tiempos de inactividad y mantener su negocio funcionando sin problemas.<\/li>\n<li><strong>Mayor vida \u00fatil:<\/strong> un UPS puede ayudar a prolongar la vida \u00fatil de sus dispositivos electr\u00f3nicos protegi\u00e9ndolos de subidas de tensi\u00f3n y apagones. Esto puede ahorrarle dinero en reparaciones y reemplazos.<\/li>\n<\/ol>\n<hr \/>\n<\/div>\n<div class=\"response-footer ng-tns-c3805428056-5\">\n<p><strong><a href=\"https:\/\/pldistribucion.com.ar\/web\/productos\/\" target=\"_blank\" rel=\"noopener\"><span style=\"color: #000080;\">Ver m\u00e1s<\/span> <\/a><\/strong><\/p>\n<\/div>\n<\/div>\n<\/div>\n<\/div>\n<\/div>\n<\/div>\n<\/div>\n<\/div>\n","protected":false},"excerpt":{"rendered":"<p><img loading=\"lazy\" decoding=\"async\" class=\"wp-image-6236 alignleft\" src=\"https:\/\/pldistribucion.com.ar\/web\/wp-content\/uploads\/pld5-1-300x257.jpg\" alt=\"\" width=\"216\" height=\"185\" srcset=\"https:\/\/pldistribucion.com.ar\/web\/wp-content\/uploads\/pld5-1-300x257.jpg 300w, https:\/\/pldistribucion.com.ar\/web\/wp-content\/uploads\/pld5-1-768x658.jpg 768w, https:\/\/pldistribucion.com.ar\/web\/wp-content\/uploads\/pld5-1-600x514.jpg 600w, https:\/\/pldistribucion.com.ar\/web\/wp-content\/uploads\/pld5-1.jpg 827w\" sizes=\"(max-width: 216px) 100vw, 216px\" \/><\/p>\n<h2 style=\"text-align: left;\"><span style=\"font-size: 75%;\"><strong><a rel=\"noopener noreferrer\" href=\"https:\/\/performancelube.mercadoshops.com.ar\/listado\/accesorios-vehiculos\/#position=1&#038;search_layout=stack&#038;type=item&#038;tracking_id=bbc8064c-7b0a-4bdf-bbd3-38c8c93e73bd\" target=\"_blank\" class=\"button primary\"  >\n    <span>VER TIENDA ONLINE ?<\/span>\n  <\/a>\n<span style=\"color: #69314d;\">\u00a0<\/span><\/strong><strong>\u00a0<\/strong><\/span><\/h2>\n","protected":false},"featured_media":6663,"comment_status":"open","ping_status":"closed","template":"","meta":[],"product_cat":[203],"product_tag":[],"yoast_head":"<!-- This site is optimized with the Yoast SEO plugin v23.0 - https:\/\/yoast.com\/wordpress\/plugins\/seo\/ -->\n<title>KAISE MICRO800 LINT UPS 800VA - Perfomance Lube - ups<\/title>\n<meta name=\"description\" content=\"Distribuidor de lubricantes de diferentes aplicaciones. Env\u00edos a todo el pa\u00eds. Variedad de productos y stock disponible.KAISE MICRO800 LINT UPS 800VA\" \/>\n<meta name=\"robots\" content=\"index, follow, max-snippet:-1, max-image-preview:large, max-video-preview:-1\" \/>\n<link rel=\"canonical\" href=\"https:\/\/pldistribucion.com.ar\/web\/producto\/kaise-micro800-lint-ups-800va\/\" \/>\n<meta property=\"og:locale\" content=\"es_ES\" \/>\n<meta property=\"og:type\" content=\"article\" \/>\n<meta property=\"og:title\" content=\"KAISE MICRO800 LINT UPS 800VA - Perfomance Lube - ups\" \/>\n<meta property=\"og:description\" content=\"Distribuidor de lubricantes de diferentes aplicaciones. Env\u00edos a todo el pa\u00eds. Variedad de productos y stock disponible.KAISE MICRO800 LINT UPS 800VA\" \/>\n<meta property=\"og:url\" content=\"https:\/\/pldistribucion.com.ar\/web\/producto\/kaise-micro800-lint-ups-800va\/\" \/>\n<meta property=\"og:site_name\" content=\"Perfomance Lube\" \/>\n<meta property=\"article:modified_time\" content=\"2023-06-15T13:39:59+00:00\" \/>\n<meta property=\"og:image\" content=\"https:\/\/pldistribucion.com.ar\/web\/wp-content\/uploads\/Diseno-sin-titulo-1-3.png\" \/>\n\t<meta property=\"og:image:width\" content=\"700\" \/>\n\t<meta property=\"og:image:height\" content=\"700\" \/>\n\t<meta property=\"og:image:type\" content=\"image\/png\" \/>\n<meta name=\"twitter:card\" content=\"summary_large_image\" \/>\n<meta name=\"twitter:label1\" content=\"Tiempo de lectura\" \/>\n\t<meta name=\"twitter:data1\" content=\"2 minutos\" \/>\n<script type=\"application\/ld+json\" class=\"yoast-schema-graph\">{\"@context\":\"https:\/\/schema.org\",\"@graph\":[{\"@type\":\"WebPage\",\"@id\":\"https:\/\/pldistribucion.com.ar\/web\/producto\/kaise-micro800-lint-ups-800va\/\",\"url\":\"https:\/\/pldistribucion.com.ar\/web\/producto\/kaise-micro800-lint-ups-800va\/\",\"name\":\"KAISE MICRO800 LINT UPS 800VA - Perfomance Lube - ups\",\"isPartOf\":{\"@id\":\"https:\/\/pldistribucion.com.ar\/web\/#website\"},\"primaryImageOfPage\":{\"@id\":\"https:\/\/pldistribucion.com.ar\/web\/producto\/kaise-micro800-lint-ups-800va\/#primaryimage\"},\"image\":{\"@id\":\"https:\/\/pldistribucion.com.ar\/web\/producto\/kaise-micro800-lint-ups-800va\/#primaryimage\"},\"thumbnailUrl\":\"https:\/\/pldistribucion.com.ar\/web\/wp-content\/uploads\/Diseno-sin-titulo-1-3.png\",\"datePublished\":\"2023-06-15T13:21:53+00:00\",\"dateModified\":\"2023-06-15T13:39:59+00:00\",\"description\":\"Distribuidor de lubricantes de diferentes aplicaciones. Env\u00edos a todo el pa\u00eds. Variedad de productos y stock disponible.KAISE MICRO800 LINT UPS 800VA\",\"breadcrumb\":{\"@id\":\"https:\/\/pldistribucion.com.ar\/web\/producto\/kaise-micro800-lint-ups-800va\/#breadcrumb\"},\"inLanguage\":\"es\",\"potentialAction\":[{\"@type\":\"ReadAction\",\"target\":[\"https:\/\/pldistribucion.com.ar\/web\/producto\/kaise-micro800-lint-ups-800va\/\"]}]},{\"@type\":\"ImageObject\",\"inLanguage\":\"es\",\"@id\":\"https:\/\/pldistribucion.com.ar\/web\/producto\/kaise-micro800-lint-ups-800va\/#primaryimage\",\"url\":\"https:\/\/pldistribucion.com.ar\/web\/wp-content\/uploads\/Diseno-sin-titulo-1-3.png\",\"contentUrl\":\"https:\/\/pldistribucion.com.ar\/web\/wp-content\/uploads\/Diseno-sin-titulo-1-3.png\",\"width\":700,\"height\":700,\"caption\":\"KAISE MICRO800 LINT UPS 800VA\"},{\"@type\":\"BreadcrumbList\",\"@id\":\"https:\/\/pldistribucion.com.ar\/web\/producto\/kaise-micro800-lint-ups-800va\/#breadcrumb\",\"itemListElement\":[{\"@type\":\"ListItem\",\"position\":1,\"name\":\"Portada\",\"item\":\"https:\/\/pldistribucion.com.ar\/web\/\"},{\"@type\":\"ListItem\",\"position\":2,\"name\":\"Productos\",\"item\":\"https:\/\/pldistribucion.com.ar\/web\/productos\/\"},{\"@type\":\"ListItem\",\"position\":3,\"name\":\"KAISE MICRO800 LINT UPS 800VA\"}]},{\"@type\":\"WebSite\",\"@id\":\"https:\/\/pldistribucion.com.ar\/web\/#website\",\"url\":\"https:\/\/pldistribucion.com.ar\/web\/\",\"name\":\"Perfomance Lube\",\"description\":\"\",\"publisher\":{\"@id\":\"https:\/\/pldistribucion.com.ar\/web\/#organization\"},\"potentialAction\":[{\"@type\":\"SearchAction\",\"target\":{\"@type\":\"EntryPoint\",\"urlTemplate\":\"https:\/\/pldistribucion.com.ar\/web\/?s={search_term_string}\"},\"query-input\":\"required name=search_term_string\"}],\"inLanguage\":\"es\"},{\"@type\":\"Organization\",\"@id\":\"https:\/\/pldistribucion.com.ar\/web\/#organization\",\"name\":\"PERFORMANCE LUBE\",\"url\":\"https:\/\/pldistribucion.com.ar\/web\/\",\"logo\":{\"@type\":\"ImageObject\",\"inLanguage\":\"es\",\"@id\":\"https:\/\/pldistribucion.com.ar\/web\/#\/schema\/logo\/image\/\",\"url\":\"https:\/\/pldistribucion.com.ar\/web\/wp-content\/uploads\/pld_logo_GB-removebg-preview.png\",\"contentUrl\":\"https:\/\/pldistribucion.com.ar\/web\/wp-content\/uploads\/pld_logo_GB-removebg-preview.png\",\"width\":787,\"height\":317,\"caption\":\"PERFORMANCE LUBE\"},\"image\":{\"@id\":\"https:\/\/pldistribucion.com.ar\/web\/#\/schema\/logo\/image\/\"}}]}<\/script>\n<!-- \/ Yoast SEO plugin. -->","yoast_head_json":{"title":"KAISE MICRO800 LINT UPS 800VA - Perfomance Lube - ups","description":"Distribuidor de lubricantes de diferentes aplicaciones. Env\u00edos a todo el pa\u00eds. Variedad de productos y stock disponible.KAISE MICRO800 LINT UPS 800VA","robots":{"index":"index","follow":"follow","max-snippet":"max-snippet:-1","max-image-preview":"max-image-preview:large","max-video-preview":"max-video-preview:-1"},"canonical":"https:\/\/pldistribucion.com.ar\/web\/producto\/kaise-micro800-lint-ups-800va\/","og_locale":"es_ES","og_type":"article","og_title":"KAISE MICRO800 LINT UPS 800VA - Perfomance Lube - ups","og_description":"Distribuidor de lubricantes de diferentes aplicaciones. Env\u00edos a todo el pa\u00eds. Variedad de productos y stock disponible.KAISE MICRO800 LINT UPS 800VA","og_url":"https:\/\/pldistribucion.com.ar\/web\/producto\/kaise-micro800-lint-ups-800va\/","og_site_name":"Perfomance Lube","article_modified_time":"2023-06-15T13:39:59+00:00","og_image":[{"width":700,"height":700,"url":"https:\/\/pldistribucion.com.ar\/web\/wp-content\/uploads\/Diseno-sin-titulo-1-3.png","type":"image\/png"}],"twitter_card":"summary_large_image","twitter_misc":{"Tiempo de lectura":"2 minutos"},"schema":{"@context":"https:\/\/schema.org","@graph":[{"@type":"WebPage","@id":"https:\/\/pldistribucion.com.ar\/web\/producto\/kaise-micro800-lint-ups-800va\/","url":"https:\/\/pldistribucion.com.ar\/web\/producto\/kaise-micro800-lint-ups-800va\/","name":"KAISE MICRO800 LINT UPS 800VA - Perfomance Lube - ups","isPartOf":{"@id":"https:\/\/pldistribucion.com.ar\/web\/#website"},"primaryImageOfPage":{"@id":"https:\/\/pldistribucion.com.ar\/web\/producto\/kaise-micro800-lint-ups-800va\/#primaryimage"},"image":{"@id":"https:\/\/pldistribucion.com.ar\/web\/producto\/kaise-micro800-lint-ups-800va\/#primaryimage"},"thumbnailUrl":"https:\/\/pldistribucion.com.ar\/web\/wp-content\/uploads\/Diseno-sin-titulo-1-3.png","datePublished":"2023-06-15T13:21:53+00:00","dateModified":"2023-06-15T13:39:59+00:00","description":"Distribuidor de lubricantes de diferentes aplicaciones. Env\u00edos a todo el pa\u00eds. Variedad de productos y stock disponible.KAISE MICRO800 LINT UPS 800VA","breadcrumb":{"@id":"https:\/\/pldistribucion.com.ar\/web\/producto\/kaise-micro800-lint-ups-800va\/#breadcrumb"},"inLanguage":"es","potentialAction":[{"@type":"ReadAction","target":["https:\/\/pldistribucion.com.ar\/web\/producto\/kaise-micro800-lint-ups-800va\/"]}]},{"@type":"ImageObject","inLanguage":"es","@id":"https:\/\/pldistribucion.com.ar\/web\/producto\/kaise-micro800-lint-ups-800va\/#primaryimage","url":"https:\/\/pldistribucion.com.ar\/web\/wp-content\/uploads\/Diseno-sin-titulo-1-3.png","contentUrl":"https:\/\/pldistribucion.com.ar\/web\/wp-content\/uploads\/Diseno-sin-titulo-1-3.png","width":700,"height":700,"caption":"KAISE MICRO800 LINT UPS 800VA"},{"@type":"BreadcrumbList","@id":"https:\/\/pldistribucion.com.ar\/web\/producto\/kaise-micro800-lint-ups-800va\/#breadcrumb","itemListElement":[{"@type":"ListItem","position":1,"name":"Portada","item":"https:\/\/pldistribucion.com.ar\/web\/"},{"@type":"ListItem","position":2,"name":"Productos","item":"https:\/\/pldistribucion.com.ar\/web\/productos\/"},{"@type":"ListItem","position":3,"name":"KAISE MICRO800 LINT UPS 800VA"}]},{"@type":"WebSite","@id":"https:\/\/pldistribucion.com.ar\/web\/#website","url":"https:\/\/pldistribucion.com.ar\/web\/","name":"Perfomance Lube","description":"","publisher":{"@id":"https:\/\/pldistribucion.com.ar\/web\/#organization"},"potentialAction":[{"@type":"SearchAction","target":{"@type":"EntryPoint","urlTemplate":"https:\/\/pldistribucion.com.ar\/web\/?s={search_term_string}"},"query-input":"required name=search_term_string"}],"inLanguage":"es"},{"@type":"Organization","@id":"https:\/\/pldistribucion.com.ar\/web\/#organization","name":"PERFORMANCE LUBE","url":"https:\/\/pldistribucion.com.ar\/web\/","logo":{"@type":"ImageObject","inLanguage":"es","@id":"https:\/\/pldistribucion.com.ar\/web\/#\/schema\/logo\/image\/","url":"https:\/\/pldistribucion.com.ar\/web\/wp-content\/uploads\/pld_logo_GB-removebg-preview.png","contentUrl":"https:\/\/pldistribucion.com.ar\/web\/wp-content\/uploads\/pld_logo_GB-removebg-preview.png","width":787,"height":317,"caption":"PERFORMANCE LUBE"},"image":{"@id":"https:\/\/pldistribucion.com.ar\/web\/#\/schema\/logo\/image\/"}}]}},"_links":{"self":[{"href":"https:\/\/pldistribucion.com.ar\/web\/wp-json\/wp\/v2\/product\/6660"}],"collection":[{"href":"https:\/\/pldistribucion.com.ar\/web\/wp-json\/wp\/v2\/product"}],"about":[{"href":"https:\/\/pldistribucion.com.ar\/web\/wp-json\/wp\/v2\/types\/product"}],"replies":[{"embeddable":true,"href":"https:\/\/pldistribucion.com.ar\/web\/wp-json\/wp\/v2\/comments?post=6660"}],"wp:featuredmedia":[{"embeddable":true,"href":"https:\/\/pldistribucion.com.ar\/web\/wp-json\/wp\/v2\/media\/6663"}],"wp:attachment":[{"href":"https:\/\/pldistribucion.com.ar\/web\/wp-json\/wp\/v2\/media?parent=6660"}],"wp:term":[{"taxonomy":"product_cat","embeddable":true,"href":"https:\/\/pldistribucion.com.ar\/web\/wp-json\/wp\/v2\/product_cat?post=6660"},{"taxonomy":"product_tag","embeddable":true,"href":"https:\/\/pldistribucion.com.ar\/web\/wp-json\/wp\/v2\/product_tag?post=6660"}],"curies":[{"name":"wp","href":"https:\/\/api.w.org\/{rel}","templated":true}]}}