{"id":6625,"date":"2023-06-13T14:43:28","date_gmt":"2023-06-13T14:43:28","guid":{"rendered":"https:\/\/pldistribucion.com.ar\/web\/?post_type=product&#038;p=6625"},"modified":"2023-06-13T14:43:28","modified_gmt":"2023-06-13T14:43:28","slug":"solutint","status":"publish","type":"product","link":"https:\/\/pldistribucion.com.ar\/web\/producto\/solutint\/","title":{"rendered":"SOLUTINT"},"content":{"rendered":"<h1><span style=\"font-size: 80%;\"><strong>SOLUTINT &#8211; <\/strong><\/span><span style=\"font-size: 80%;\"><strong>Dispersiones de pigmento para base agua y solvente.<\/strong><\/span><\/h1>\n<h3><span style=\"font-size: 80%; color: #f99b1c;\"><strong>DESCRIPCI\u00d3N:<\/strong><\/span><\/h3>\n<p><span><span style=\"color: #000000;\">SOLUTINT \u00a0es una l\u00ednea de agentes dispersantes y humectantes de alto rendimiento que se utiliza en una variedad de industrias, incluidas pinturas, recubrimientos, tintas, adhesivos y productos para el cuidado personal. Los productos de soluci\u00f3n est\u00e1n dise\u00f1ados para mejorar el rendimiento de estos productos al dispersar pigmentos, rellenos y otros aditivos de manera uniforme en toda la formulaci\u00f3n, mejorando el flujo y la nivelaci\u00f3n, y brindando resistencia al agua y durabilidad.<\/span><\/span><\/p>\n<h3><span style=\"font-size: 80%; color: #f99b1c;\"><strong>CARACTER\u00cdSTICAS:<\/strong><\/span><\/h3>\n<p><span style=\"color: #000000;\">Los productos disolventes son t\u00edpicamente pol\u00edmeros de alto peso molecular que son solubles en agua o dispersables en agua. Pueden ser ani\u00f3nicos o cati\u00f3nicos, dependiendo de la aplicaci\u00f3n. Los productos de soluci\u00f3n tambi\u00e9n suelen ser no t\u00f3xicos, no inflamables y tienen poco olor.<\/span><\/p>\n<h3><span style=\"font-size: 80%; color: #f99b1c;\"><strong>APLICACIONES:<\/strong><\/span><\/h3>\n<ul>\n<li><span style=\"color: #000000;\">Pinturas: Los productos disolventes se utilizan en pinturas para mejorar la humectaci\u00f3n y dispersi\u00f3n de pigmentos, rellenos y otros aditivos, lo que da como resultado un acabado m\u00e1s uniforme con mejores propiedades de fluidez y nivelaci\u00f3n.\u00a0Los productos de soluci\u00f3n tambi\u00e9n brindan resistencia al agua y durabilidad a las pel\u00edculas de pintura.<\/span><\/li>\n<li><span style=\"color: #000000;\">Recubrimientos: Se utilizan en recubrimientos para mejorar la humectaci\u00f3n y dispersi\u00f3n de pigmentos, rellenos y otros aditivos, lo que da como resultado un acabado m\u00e1s uniforme con mejores propiedades de fluidez y nivelaci\u00f3n. Los productos de soluci\u00f3n tambi\u00e9n brindan resistencia al agua y durabilidad a las pel\u00edculas de recubrimiento.<\/span><\/li>\n<li><span style=\"color: #000000;\">Tintas: Mejora la humectaci\u00f3n y dispersi\u00f3n de pigmentos, rellenos y otros aditivos, lo que da como resultado una pel\u00edcula de tinta m\u00e1s uniforme con mejores propiedades de fluidez y nivelaci\u00f3n. Los productos de soluci\u00f3n tambi\u00e9n brindan resistencia al agua y durabilidad a las pel\u00edculas de tinta.<\/span><\/li>\n<li><span style=\"color: #000000;\">Adhesivos: Para mejorar la humectaci\u00f3n y dispersi\u00f3n de pigmentos, rellenos y otros aditivos, lo que da como resultado una pel\u00edcula adhesiva m\u00e1s uniforme con mejores propiedades de fluidez y nivelaci\u00f3n. Los productos de soluci\u00f3n tambi\u00e9n brindan resistencia al agua y durabilidad a las pel\u00edculas adhesivas.<\/span><\/li>\n<li><span style=\"color: #000000;\">Productos para el cuidado personal: champ\u00fas, acondicionadores y lociones, para mejorar la humectaci\u00f3n y dispersi\u00f3n de los tensioactivos y otros aditivos. Los productos de soluci\u00f3n tambi\u00e9n brindan resistencia al agua y durabilidad a los productos para el cuidado personal.<\/span><\/li>\n<\/ul>\n<p><strong><span>Seguridad<\/span><\/strong><\/p>\n<p><span style=\"color: #000000;\">Los productos de soluci\u00f3n generalmente se consideran seguros cuando se usan seg\u00fan las indicaciones. Sin embargo, es importante usar equipo de protecci\u00f3n personal, como guantes y gafas protectoras, al manipularlos.<\/span><\/p>\n<p><strong>Aqu\u00ed hay informaci\u00f3n adicional sobre Soluint:<\/strong><\/p>\n<ul>\n<li><span style=\"color: #000000;\">Son fabricados por BASF, un proveedor global l\u00edder de productos qu\u00edmicos y otros materiales.<\/span><\/li>\n<li><span style=\"color: #000000;\">Los productos de soluci\u00f3n est\u00e1n disponibles en una variedad de grados, con diferentes propiedades, para adaptarse a diferentes aplicaciones.<\/span><\/li>\n<li><span style=\"color: #000000;\">Se utilizan normalmente en concentraciones de 0,1-10% en peso.<\/span><\/li>\n<li><span style=\"color: #000000;\">Son compatibles con una amplia gama de otros materiales, como agua, resinas y disolventes.<\/span><\/li>\n<li><span style=\"color: #000000;\">Por lo general, se almacenan en un lugar fresco y seco.<\/span><\/li>\n<li><span style=\"color: #000000;\">Tienen una vida \u00fatil de varios a\u00f1os.<\/span><\/li>\n<\/ul>\n<hr \/>\n<p><span style=\"color: #000080;\"><strong><a style=\"color: #000080;\" href=\"https:\/\/pldistribucion.com.ar\/web\/categoria-producto\/petroquimicos\/\" target=\"_blank\" rel=\"noopener\">Ver m\u00e1s petroqu\u00edmicos\u00a0<\/a><\/strong><\/span><\/p>\n","protected":false},"excerpt":{"rendered":"<p><img loading=\"lazy\" decoding=\"async\" class=\"wp-image-6236 alignleft\" src=\"https:\/\/pldistribucion.com.ar\/web\/wp-content\/uploads\/pld5-1-300x257.jpg\" alt=\"\" width=\"216\" height=\"185\" srcset=\"https:\/\/pldistribucion.com.ar\/web\/wp-content\/uploads\/pld5-1-300x257.jpg 300w, https:\/\/pldistribucion.com.ar\/web\/wp-content\/uploads\/pld5-1-768x658.jpg 768w, https:\/\/pldistribucion.com.ar\/web\/wp-content\/uploads\/pld5-1-600x514.jpg 600w, https:\/\/pldistribucion.com.ar\/web\/wp-content\/uploads\/pld5-1.jpg 827w\" sizes=\"(max-width: 216px) 100vw, 216px\" \/><\/p>\n<h2 style=\"text-align: left;\"><span style=\"font-size: 75%;\"><strong><a rel=\"noopener noreferrer\" href=\"https:\/\/performancelube.mercadoshops.com.ar\/listado\/accesorios-vehiculos\/#position=1&#038;search_layout=stack&#038;type=item&#038;tracking_id=bbc8064c-7b0a-4bdf-bbd3-38c8c93e73bd\" target=\"_blank\" class=\"button primary\"  >\n    <span>VER TIENDA ONLINE ?<\/span>\n  <\/a>\n<span style=\"color: #69314d;\">\u00a0<\/span><\/strong><strong>\u00a0<\/strong><\/span><\/h2>\n","protected":false},"featured_media":6624,"comment_status":"open","ping_status":"closed","template":"","meta":[],"product_cat":[31],"product_tag":[],"yoast_head":"<!-- This site is optimized with the Yoast SEO plugin v23.0 - https:\/\/yoast.com\/wordpress\/plugins\/seo\/ -->\n<title>SOLUTINT - Perfomance Lube - Petroquimicos<\/title>\n<meta name=\"description\" content=\"Distribuidor de lubricantes de diferentes aplicaciones. Env\u00edos a todo el pa\u00eds. Variedad de productos y stock disponible.SOLUTINT\" \/>\n<meta name=\"robots\" content=\"index, follow, max-snippet:-1, max-image-preview:large, max-video-preview:-1\" \/>\n<link rel=\"canonical\" href=\"https:\/\/pldistribucion.com.ar\/web\/producto\/solutint\/\" \/>\n<meta property=\"og:locale\" content=\"es_ES\" \/>\n<meta property=\"og:type\" content=\"article\" \/>\n<meta property=\"og:title\" content=\"SOLUTINT - Perfomance Lube - Petroquimicos\" \/>\n<meta property=\"og:description\" content=\"Distribuidor de lubricantes de diferentes aplicaciones. Env\u00edos a todo el pa\u00eds. Variedad de productos y stock disponible.SOLUTINT\" \/>\n<meta property=\"og:url\" content=\"https:\/\/pldistribucion.com.ar\/web\/producto\/solutint\/\" \/>\n<meta property=\"og:site_name\" content=\"Perfomance Lube\" \/>\n<meta property=\"og:image\" content=\"https:\/\/pldistribucion.com.ar\/web\/wp-content\/uploads\/Diseno-sin-titulo-5-1.png\" \/>\n\t<meta property=\"og:image:width\" content=\"1200\" \/>\n\t<meta property=\"og:image:height\" content=\"800\" \/>\n\t<meta property=\"og:image:type\" content=\"image\/png\" \/>\n<meta name=\"twitter:card\" content=\"summary_large_image\" \/>\n<meta name=\"twitter:label1\" content=\"Tiempo de lectura\" \/>\n\t<meta name=\"twitter:data1\" content=\"3 minutos\" \/>\n<script type=\"application\/ld+json\" class=\"yoast-schema-graph\">{\"@context\":\"https:\/\/schema.org\",\"@graph\":[{\"@type\":\"WebPage\",\"@id\":\"https:\/\/pldistribucion.com.ar\/web\/producto\/solutint\/\",\"url\":\"https:\/\/pldistribucion.com.ar\/web\/producto\/solutint\/\",\"name\":\"SOLUTINT - Perfomance Lube - Petroquimicos\",\"isPartOf\":{\"@id\":\"https:\/\/pldistribucion.com.ar\/web\/#website\"},\"primaryImageOfPage\":{\"@id\":\"https:\/\/pldistribucion.com.ar\/web\/producto\/solutint\/#primaryimage\"},\"image\":{\"@id\":\"https:\/\/pldistribucion.com.ar\/web\/producto\/solutint\/#primaryimage\"},\"thumbnailUrl\":\"https:\/\/pldistribucion.com.ar\/web\/wp-content\/uploads\/Diseno-sin-titulo-5-1.png\",\"datePublished\":\"2023-06-13T14:43:28+00:00\",\"dateModified\":\"2023-06-13T14:43:28+00:00\",\"description\":\"Distribuidor de lubricantes de diferentes aplicaciones. Env\u00edos a todo el pa\u00eds. Variedad de productos y stock disponible.SOLUTINT\",\"breadcrumb\":{\"@id\":\"https:\/\/pldistribucion.com.ar\/web\/producto\/solutint\/#breadcrumb\"},\"inLanguage\":\"es\",\"potentialAction\":[{\"@type\":\"ReadAction\",\"target\":[\"https:\/\/pldistribucion.com.ar\/web\/producto\/solutint\/\"]}]},{\"@type\":\"ImageObject\",\"inLanguage\":\"es\",\"@id\":\"https:\/\/pldistribucion.com.ar\/web\/producto\/solutint\/#primaryimage\",\"url\":\"https:\/\/pldistribucion.com.ar\/web\/wp-content\/uploads\/Diseno-sin-titulo-5-1.png\",\"contentUrl\":\"https:\/\/pldistribucion.com.ar\/web\/wp-content\/uploads\/Diseno-sin-titulo-5-1.png\",\"width\":1200,\"height\":800,\"caption\":\"HOSTATINT\"},{\"@type\":\"BreadcrumbList\",\"@id\":\"https:\/\/pldistribucion.com.ar\/web\/producto\/solutint\/#breadcrumb\",\"itemListElement\":[{\"@type\":\"ListItem\",\"position\":1,\"name\":\"Portada\",\"item\":\"https:\/\/pldistribucion.com.ar\/web\/\"},{\"@type\":\"ListItem\",\"position\":2,\"name\":\"Productos\",\"item\":\"https:\/\/pldistribucion.com.ar\/web\/productos\/\"},{\"@type\":\"ListItem\",\"position\":3,\"name\":\"SOLUTINT\"}]},{\"@type\":\"WebSite\",\"@id\":\"https:\/\/pldistribucion.com.ar\/web\/#website\",\"url\":\"https:\/\/pldistribucion.com.ar\/web\/\",\"name\":\"Perfomance Lube\",\"description\":\"\",\"publisher\":{\"@id\":\"https:\/\/pldistribucion.com.ar\/web\/#organization\"},\"potentialAction\":[{\"@type\":\"SearchAction\",\"target\":{\"@type\":\"EntryPoint\",\"urlTemplate\":\"https:\/\/pldistribucion.com.ar\/web\/?s={search_term_string}\"},\"query-input\":\"required name=search_term_string\"}],\"inLanguage\":\"es\"},{\"@type\":\"Organization\",\"@id\":\"https:\/\/pldistribucion.com.ar\/web\/#organization\",\"name\":\"PERFORMANCE LUBE\",\"url\":\"https:\/\/pldistribucion.com.ar\/web\/\",\"logo\":{\"@type\":\"ImageObject\",\"inLanguage\":\"es\",\"@id\":\"https:\/\/pldistribucion.com.ar\/web\/#\/schema\/logo\/image\/\",\"url\":\"https:\/\/pldistribucion.com.ar\/web\/wp-content\/uploads\/pld_logo_GB-removebg-preview.png\",\"contentUrl\":\"https:\/\/pldistribucion.com.ar\/web\/wp-content\/uploads\/pld_logo_GB-removebg-preview.png\",\"width\":787,\"height\":317,\"caption\":\"PERFORMANCE LUBE\"},\"image\":{\"@id\":\"https:\/\/pldistribucion.com.ar\/web\/#\/schema\/logo\/image\/\"}}]}<\/script>\n<!-- \/ Yoast SEO plugin. -->","yoast_head_json":{"title":"SOLUTINT - Perfomance Lube - Petroquimicos","description":"Distribuidor de lubricantes de diferentes aplicaciones. Env\u00edos a todo el pa\u00eds. Variedad de productos y stock disponible.SOLUTINT","robots":{"index":"index","follow":"follow","max-snippet":"max-snippet:-1","max-image-preview":"max-image-preview:large","max-video-preview":"max-video-preview:-1"},"canonical":"https:\/\/pldistribucion.com.ar\/web\/producto\/solutint\/","og_locale":"es_ES","og_type":"article","og_title":"SOLUTINT - Perfomance Lube - Petroquimicos","og_description":"Distribuidor de lubricantes de diferentes aplicaciones. Env\u00edos a todo el pa\u00eds. Variedad de productos y stock disponible.SOLUTINT","og_url":"https:\/\/pldistribucion.com.ar\/web\/producto\/solutint\/","og_site_name":"Perfomance Lube","og_image":[{"width":1200,"height":800,"url":"https:\/\/pldistribucion.com.ar\/web\/wp-content\/uploads\/Diseno-sin-titulo-5-1.png","type":"image\/png"}],"twitter_card":"summary_large_image","twitter_misc":{"Tiempo de lectura":"3 minutos"},"schema":{"@context":"https:\/\/schema.org","@graph":[{"@type":"WebPage","@id":"https:\/\/pldistribucion.com.ar\/web\/producto\/solutint\/","url":"https:\/\/pldistribucion.com.ar\/web\/producto\/solutint\/","name":"SOLUTINT - Perfomance Lube - Petroquimicos","isPartOf":{"@id":"https:\/\/pldistribucion.com.ar\/web\/#website"},"primaryImageOfPage":{"@id":"https:\/\/pldistribucion.com.ar\/web\/producto\/solutint\/#primaryimage"},"image":{"@id":"https:\/\/pldistribucion.com.ar\/web\/producto\/solutint\/#primaryimage"},"thumbnailUrl":"https:\/\/pldistribucion.com.ar\/web\/wp-content\/uploads\/Diseno-sin-titulo-5-1.png","datePublished":"2023-06-13T14:43:28+00:00","dateModified":"2023-06-13T14:43:28+00:00","description":"Distribuidor de lubricantes de diferentes aplicaciones. Env\u00edos a todo el pa\u00eds. Variedad de productos y stock disponible.SOLUTINT","breadcrumb":{"@id":"https:\/\/pldistribucion.com.ar\/web\/producto\/solutint\/#breadcrumb"},"inLanguage":"es","potentialAction":[{"@type":"ReadAction","target":["https:\/\/pldistribucion.com.ar\/web\/producto\/solutint\/"]}]},{"@type":"ImageObject","inLanguage":"es","@id":"https:\/\/pldistribucion.com.ar\/web\/producto\/solutint\/#primaryimage","url":"https:\/\/pldistribucion.com.ar\/web\/wp-content\/uploads\/Diseno-sin-titulo-5-1.png","contentUrl":"https:\/\/pldistribucion.com.ar\/web\/wp-content\/uploads\/Diseno-sin-titulo-5-1.png","width":1200,"height":800,"caption":"HOSTATINT"},{"@type":"BreadcrumbList","@id":"https:\/\/pldistribucion.com.ar\/web\/producto\/solutint\/#breadcrumb","itemListElement":[{"@type":"ListItem","position":1,"name":"Portada","item":"https:\/\/pldistribucion.com.ar\/web\/"},{"@type":"ListItem","position":2,"name":"Productos","item":"https:\/\/pldistribucion.com.ar\/web\/productos\/"},{"@type":"ListItem","position":3,"name":"SOLUTINT"}]},{"@type":"WebSite","@id":"https:\/\/pldistribucion.com.ar\/web\/#website","url":"https:\/\/pldistribucion.com.ar\/web\/","name":"Perfomance Lube","description":"","publisher":{"@id":"https:\/\/pldistribucion.com.ar\/web\/#organization"},"potentialAction":[{"@type":"SearchAction","target":{"@type":"EntryPoint","urlTemplate":"https:\/\/pldistribucion.com.ar\/web\/?s={search_term_string}"},"query-input":"required name=search_term_string"}],"inLanguage":"es"},{"@type":"Organization","@id":"https:\/\/pldistribucion.com.ar\/web\/#organization","name":"PERFORMANCE LUBE","url":"https:\/\/pldistribucion.com.ar\/web\/","logo":{"@type":"ImageObject","inLanguage":"es","@id":"https:\/\/pldistribucion.com.ar\/web\/#\/schema\/logo\/image\/","url":"https:\/\/pldistribucion.com.ar\/web\/wp-content\/uploads\/pld_logo_GB-removebg-preview.png","contentUrl":"https:\/\/pldistribucion.com.ar\/web\/wp-content\/uploads\/pld_logo_GB-removebg-preview.png","width":787,"height":317,"caption":"PERFORMANCE LUBE"},"image":{"@id":"https:\/\/pldistribucion.com.ar\/web\/#\/schema\/logo\/image\/"}}]}},"_links":{"self":[{"href":"https:\/\/pldistribucion.com.ar\/web\/wp-json\/wp\/v2\/product\/6625"}],"collection":[{"href":"https:\/\/pldistribucion.com.ar\/web\/wp-json\/wp\/v2\/product"}],"about":[{"href":"https:\/\/pldistribucion.com.ar\/web\/wp-json\/wp\/v2\/types\/product"}],"replies":[{"embeddable":true,"href":"https:\/\/pldistribucion.com.ar\/web\/wp-json\/wp\/v2\/comments?post=6625"}],"wp:featuredmedia":[{"embeddable":true,"href":"https:\/\/pldistribucion.com.ar\/web\/wp-json\/wp\/v2\/media\/6624"}],"wp:attachment":[{"href":"https:\/\/pldistribucion.com.ar\/web\/wp-json\/wp\/v2\/media?parent=6625"}],"wp:term":[{"taxonomy":"product_cat","embeddable":true,"href":"https:\/\/pldistribucion.com.ar\/web\/wp-json\/wp\/v2\/product_cat?post=6625"},{"taxonomy":"product_tag","embeddable":true,"href":"https:\/\/pldistribucion.com.ar\/web\/wp-json\/wp\/v2\/product_tag?post=6625"}],"curies":[{"name":"wp","href":"https:\/\/api.w.org\/{rel}","templated":true}]}}