{"id":6607,"date":"2023-06-13T14:15:22","date_gmt":"2023-06-13T14:15:22","guid":{"rendered":"https:\/\/pldistribucion.com.ar\/web\/?post_type=product&#038;p=6607"},"modified":"2023-06-13T14:15:23","modified_gmt":"2023-06-13T14:15:23","slug":"dispex-orotan","status":"publish","type":"product","link":"https:\/\/pldistribucion.com.ar\/web\/producto\/dispex-orotan\/","title":{"rendered":"DISPEX \/ OROTAN"},"content":{"rendered":"<h1><span style=\"font-size: 80%;\"><strong>DISPEX \/ OROTAN &#8211; Dispersantes.\u00a0<\/strong><\/span><\/h1>\n<h3><span style=\"font-size: 80%; color: #f99b1c;\"><strong>DESCRIPCI\u00d3N:<\/strong><\/span><\/h3>\n<p><span style=\"color: #000000;\"> DISPEX \/ OROTAN &#8211; Los dispersantes son una familia de pol\u00edmeros solubles en agua que se utilizan para dispersar pigmentos y otros materiales insolubles en sistemas a base de agua. Por lo general, se utilizan en pinturas, revestimientos y tintas.<\/span><\/p>\n<hr \/>\n<h3><span style=\"font-size: 80%; color: #f99b1c;\"><strong>DISPEX:<\/strong><\/span><\/h3>\n<p><span style=\"color: #000000;\">Es una l\u00ednea de agentes dispersantes y humectantes de alto rendimiento que se utilizan en una variedad de industrias, incluidas pinturas, revestimientos, tintas, adhesivos y productos para el cuidado personal.\u00a0<\/span><\/p>\n<p><strong><span>Caracter\u00edsticas<\/span><\/strong><\/p>\n<p><span style=\"color: #000000;\">Los productos DISPEX suelen ser pol\u00edmeros de alto peso molecular que son solubles o dispersables en agua. Pueden ser ani\u00f3nicos o cati\u00f3nicos, dependiendo de la aplicaci\u00f3n. Tambi\u00e9n suelen ser no t\u00f3xicos, no inflamables y tienen poco olor.<\/span><\/p>\n<p><strong><span>Aplicaciones<\/span><\/strong><\/p>\n<ul>\n<li><span style=\"color: #000000;\">Pinturas.<\/span><\/li>\n<li><span style=\"color: #000000;\">Recubrimientos.<\/span><\/li>\n<li><span style=\"color: #000000;\">Tintas.<\/span><\/li>\n<li><span style=\"color: #000000;\">Adhesivos.<\/span><\/li>\n<li><span style=\"color: #000000;\">Productos para el cuidado personal.<\/span><\/li>\n<\/ul>\n<p><strong><span>Seguridad<\/span><\/strong><\/p>\n<p><span style=\"color: #000000;\">Los productos DISPEX generalmente se consideran seguros cuando se usan seg\u00fan las indicaciones. Sin embargo, es importante usar equipo de protecci\u00f3n personal, como guantes y gafas protectoras, al manipularlos.<\/span><\/p>\n<hr \/>\n<h3><span style=\"font-size: 80%; color: #f99b1c;\"><strong>OROTAN:\u00a0<\/strong><\/span><\/h3>\n<p><span style=\"color: #000000;\">Es un pol\u00edmero soluble en agua de alto peso molecular que se utiliza como agente dispersante y humectante en una variedad de aplicaciones, que incluyen pinturas, revestimientos, tintas, adhesivos y productos para el cuidado personal.<\/span><\/p>\n<p><strong><span>Caracter\u00edsticas<\/span><\/strong><\/p>\n<p><span style=\"color: #000000;\">Es un pol\u00edmero no i\u00f3nico que suele ser de color blanco o blanquecino. Tiene un alto peso molecular y es soluble en agua. OROTAN tambi\u00e9n es t\u00edpicamente no t\u00f3xico, no inflamable y tiene poco olor.<\/span><\/p>\n<p><strong><span>Aplicaciones<\/span><\/strong><\/p>\n<ul>\n<li><span>Pinturas.<\/span><\/li>\n<li><span>Recubrimientos.<\/span><\/li>\n<li><span>Tintas.<\/span><\/li>\n<li><span>Adhesivos.<\/span><\/li>\n<li><span>Productos para el cuidado personal.<\/span><\/li>\n<\/ul>\n<p><strong><span>Seguridad<\/span><\/strong><\/p>\n<p><span style=\"color: #000000;\">OROTAN generalmente se considera seguro cuando se usa seg\u00fan las indicaciones. Sin embargo, es importante usar equipo de protecci\u00f3n personal, como guantes y gafas protectoras, al manipularlo.<\/span><\/p>\n<hr \/>\n<p><span style=\"color: #000080;\"><strong><a style=\"color: #000080;\" href=\"https:\/\/pldistribucion.com.ar\/web\/categoria-producto\/petroquimicos\/\" target=\"_blank\" rel=\"noopener\">Ver m\u00e1s petroqu\u00edmicos\u00a0<\/a><\/strong><\/span><\/p>\n","protected":false},"excerpt":{"rendered":"<p><img loading=\"lazy\" decoding=\"async\" class=\"wp-image-6236 alignleft\" src=\"https:\/\/pldistribucion.com.ar\/web\/wp-content\/uploads\/pld5-1-300x257.jpg\" alt=\"\" width=\"216\" height=\"185\" srcset=\"https:\/\/pldistribucion.com.ar\/web\/wp-content\/uploads\/pld5-1-300x257.jpg 300w, https:\/\/pldistribucion.com.ar\/web\/wp-content\/uploads\/pld5-1-768x658.jpg 768w, https:\/\/pldistribucion.com.ar\/web\/wp-content\/uploads\/pld5-1-600x514.jpg 600w, https:\/\/pldistribucion.com.ar\/web\/wp-content\/uploads\/pld5-1.jpg 827w\" sizes=\"(max-width: 216px) 100vw, 216px\" \/><\/p>\n<h2 style=\"text-align: left;\"><span style=\"font-size: 75%;\"><strong><a rel=\"noopener noreferrer\" href=\"https:\/\/performancelube.mercadoshops.com.ar\/listado\/accesorios-vehiculos\/#position=1&#038;search_layout=stack&#038;type=item&#038;tracking_id=bbc8064c-7b0a-4bdf-bbd3-38c8c93e73bd\" target=\"_blank\" class=\"button primary\"  >\n    <span>VER TIENDA ONLINE ?<\/span>\n  <\/a>\n<span style=\"color: #69314d;\">\u00a0<\/span><\/strong><strong>\u00a0<\/strong><\/span><\/h2>\n","protected":false},"featured_media":6621,"comment_status":"open","ping_status":"closed","template":"","meta":[],"product_cat":[31],"product_tag":[],"yoast_head":"<!-- This site is optimized with the Yoast SEO plugin v23.0 - https:\/\/yoast.com\/wordpress\/plugins\/seo\/ -->\n<title>DISPEX \/ OROTAN - Perfomance Lube - Petroquimicos<\/title>\n<meta name=\"description\" content=\"Distribuidor de lubricantes de diferentes aplicaciones. Env\u00edos a todo el pa\u00eds. Variedad de productos y stock disponible.DISPEX \/ OROTAN\" \/>\n<meta name=\"robots\" content=\"index, follow, max-snippet:-1, max-image-preview:large, max-video-preview:-1\" \/>\n<link rel=\"canonical\" href=\"https:\/\/pldistribucion.com.ar\/web\/producto\/dispex-orotan\/\" \/>\n<meta property=\"og:locale\" content=\"es_ES\" \/>\n<meta property=\"og:type\" content=\"article\" \/>\n<meta property=\"og:title\" content=\"DISPEX \/ OROTAN - Perfomance Lube - Petroquimicos\" \/>\n<meta property=\"og:description\" content=\"Distribuidor de lubricantes de diferentes aplicaciones. Env\u00edos a todo el pa\u00eds. Variedad de productos y stock disponible.DISPEX \/ OROTAN\" \/>\n<meta property=\"og:url\" content=\"https:\/\/pldistribucion.com.ar\/web\/producto\/dispex-orotan\/\" \/>\n<meta property=\"og:site_name\" content=\"Perfomance Lube\" \/>\n<meta property=\"article:modified_time\" content=\"2023-06-13T14:15:23+00:00\" \/>\n<meta property=\"og:image\" content=\"https:\/\/pldistribucion.com.ar\/web\/wp-content\/uploads\/Diseno-sin-titulo-4-1.png\" \/>\n\t<meta property=\"og:image:width\" content=\"1200\" \/>\n\t<meta property=\"og:image:height\" content=\"800\" \/>\n\t<meta property=\"og:image:type\" content=\"image\/png\" \/>\n<meta name=\"twitter:card\" content=\"summary_large_image\" \/>\n<meta name=\"twitter:label1\" content=\"Tiempo de lectura\" \/>\n\t<meta name=\"twitter:data1\" content=\"2 minutos\" \/>\n<script type=\"application\/ld+json\" class=\"yoast-schema-graph\">{\"@context\":\"https:\/\/schema.org\",\"@graph\":[{\"@type\":\"WebPage\",\"@id\":\"https:\/\/pldistribucion.com.ar\/web\/producto\/dispex-orotan\/\",\"url\":\"https:\/\/pldistribucion.com.ar\/web\/producto\/dispex-orotan\/\",\"name\":\"DISPEX \/ OROTAN - Perfomance Lube - Petroquimicos\",\"isPartOf\":{\"@id\":\"https:\/\/pldistribucion.com.ar\/web\/#website\"},\"primaryImageOfPage\":{\"@id\":\"https:\/\/pldistribucion.com.ar\/web\/producto\/dispex-orotan\/#primaryimage\"},\"image\":{\"@id\":\"https:\/\/pldistribucion.com.ar\/web\/producto\/dispex-orotan\/#primaryimage\"},\"thumbnailUrl\":\"https:\/\/pldistribucion.com.ar\/web\/wp-content\/uploads\/Diseno-sin-titulo-4-1.png\",\"datePublished\":\"2023-06-13T14:15:22+00:00\",\"dateModified\":\"2023-06-13T14:15:23+00:00\",\"description\":\"Distribuidor de lubricantes de diferentes aplicaciones. Env\u00edos a todo el pa\u00eds. Variedad de productos y stock disponible.DISPEX \/ OROTAN\",\"breadcrumb\":{\"@id\":\"https:\/\/pldistribucion.com.ar\/web\/producto\/dispex-orotan\/#breadcrumb\"},\"inLanguage\":\"es\",\"potentialAction\":[{\"@type\":\"ReadAction\",\"target\":[\"https:\/\/pldistribucion.com.ar\/web\/producto\/dispex-orotan\/\"]}]},{\"@type\":\"ImageObject\",\"inLanguage\":\"es\",\"@id\":\"https:\/\/pldistribucion.com.ar\/web\/producto\/dispex-orotan\/#primaryimage\",\"url\":\"https:\/\/pldistribucion.com.ar\/web\/wp-content\/uploads\/Diseno-sin-titulo-4-1.png\",\"contentUrl\":\"https:\/\/pldistribucion.com.ar\/web\/wp-content\/uploads\/Diseno-sin-titulo-4-1.png\",\"width\":1200,\"height\":800,\"caption\":\"DISPEX \/ OROTAN\"},{\"@type\":\"BreadcrumbList\",\"@id\":\"https:\/\/pldistribucion.com.ar\/web\/producto\/dispex-orotan\/#breadcrumb\",\"itemListElement\":[{\"@type\":\"ListItem\",\"position\":1,\"name\":\"Portada\",\"item\":\"https:\/\/pldistribucion.com.ar\/web\/\"},{\"@type\":\"ListItem\",\"position\":2,\"name\":\"Productos\",\"item\":\"https:\/\/pldistribucion.com.ar\/web\/productos\/\"},{\"@type\":\"ListItem\",\"position\":3,\"name\":\"DISPEX \/ OROTAN\"}]},{\"@type\":\"WebSite\",\"@id\":\"https:\/\/pldistribucion.com.ar\/web\/#website\",\"url\":\"https:\/\/pldistribucion.com.ar\/web\/\",\"name\":\"Perfomance Lube\",\"description\":\"\",\"publisher\":{\"@id\":\"https:\/\/pldistribucion.com.ar\/web\/#organization\"},\"potentialAction\":[{\"@type\":\"SearchAction\",\"target\":{\"@type\":\"EntryPoint\",\"urlTemplate\":\"https:\/\/pldistribucion.com.ar\/web\/?s={search_term_string}\"},\"query-input\":\"required name=search_term_string\"}],\"inLanguage\":\"es\"},{\"@type\":\"Organization\",\"@id\":\"https:\/\/pldistribucion.com.ar\/web\/#organization\",\"name\":\"PERFORMANCE LUBE\",\"url\":\"https:\/\/pldistribucion.com.ar\/web\/\",\"logo\":{\"@type\":\"ImageObject\",\"inLanguage\":\"es\",\"@id\":\"https:\/\/pldistribucion.com.ar\/web\/#\/schema\/logo\/image\/\",\"url\":\"https:\/\/pldistribucion.com.ar\/web\/wp-content\/uploads\/pld_logo_GB-removebg-preview.png\",\"contentUrl\":\"https:\/\/pldistribucion.com.ar\/web\/wp-content\/uploads\/pld_logo_GB-removebg-preview.png\",\"width\":787,\"height\":317,\"caption\":\"PERFORMANCE LUBE\"},\"image\":{\"@id\":\"https:\/\/pldistribucion.com.ar\/web\/#\/schema\/logo\/image\/\"}}]}<\/script>\n<!-- \/ Yoast SEO plugin. -->","yoast_head_json":{"title":"DISPEX \/ OROTAN - Perfomance Lube - Petroquimicos","description":"Distribuidor de lubricantes de diferentes aplicaciones. Env\u00edos a todo el pa\u00eds. Variedad de productos y stock disponible.DISPEX \/ OROTAN","robots":{"index":"index","follow":"follow","max-snippet":"max-snippet:-1","max-image-preview":"max-image-preview:large","max-video-preview":"max-video-preview:-1"},"canonical":"https:\/\/pldistribucion.com.ar\/web\/producto\/dispex-orotan\/","og_locale":"es_ES","og_type":"article","og_title":"DISPEX \/ OROTAN - Perfomance Lube - Petroquimicos","og_description":"Distribuidor de lubricantes de diferentes aplicaciones. Env\u00edos a todo el pa\u00eds. Variedad de productos y stock disponible.DISPEX \/ OROTAN","og_url":"https:\/\/pldistribucion.com.ar\/web\/producto\/dispex-orotan\/","og_site_name":"Perfomance Lube","article_modified_time":"2023-06-13T14:15:23+00:00","og_image":[{"width":1200,"height":800,"url":"https:\/\/pldistribucion.com.ar\/web\/wp-content\/uploads\/Diseno-sin-titulo-4-1.png","type":"image\/png"}],"twitter_card":"summary_large_image","twitter_misc":{"Tiempo de lectura":"2 minutos"},"schema":{"@context":"https:\/\/schema.org","@graph":[{"@type":"WebPage","@id":"https:\/\/pldistribucion.com.ar\/web\/producto\/dispex-orotan\/","url":"https:\/\/pldistribucion.com.ar\/web\/producto\/dispex-orotan\/","name":"DISPEX \/ OROTAN - Perfomance Lube - Petroquimicos","isPartOf":{"@id":"https:\/\/pldistribucion.com.ar\/web\/#website"},"primaryImageOfPage":{"@id":"https:\/\/pldistribucion.com.ar\/web\/producto\/dispex-orotan\/#primaryimage"},"image":{"@id":"https:\/\/pldistribucion.com.ar\/web\/producto\/dispex-orotan\/#primaryimage"},"thumbnailUrl":"https:\/\/pldistribucion.com.ar\/web\/wp-content\/uploads\/Diseno-sin-titulo-4-1.png","datePublished":"2023-06-13T14:15:22+00:00","dateModified":"2023-06-13T14:15:23+00:00","description":"Distribuidor de lubricantes de diferentes aplicaciones. Env\u00edos a todo el pa\u00eds. Variedad de productos y stock disponible.DISPEX \/ OROTAN","breadcrumb":{"@id":"https:\/\/pldistribucion.com.ar\/web\/producto\/dispex-orotan\/#breadcrumb"},"inLanguage":"es","potentialAction":[{"@type":"ReadAction","target":["https:\/\/pldistribucion.com.ar\/web\/producto\/dispex-orotan\/"]}]},{"@type":"ImageObject","inLanguage":"es","@id":"https:\/\/pldistribucion.com.ar\/web\/producto\/dispex-orotan\/#primaryimage","url":"https:\/\/pldistribucion.com.ar\/web\/wp-content\/uploads\/Diseno-sin-titulo-4-1.png","contentUrl":"https:\/\/pldistribucion.com.ar\/web\/wp-content\/uploads\/Diseno-sin-titulo-4-1.png","width":1200,"height":800,"caption":"DISPEX \/ OROTAN"},{"@type":"BreadcrumbList","@id":"https:\/\/pldistribucion.com.ar\/web\/producto\/dispex-orotan\/#breadcrumb","itemListElement":[{"@type":"ListItem","position":1,"name":"Portada","item":"https:\/\/pldistribucion.com.ar\/web\/"},{"@type":"ListItem","position":2,"name":"Productos","item":"https:\/\/pldistribucion.com.ar\/web\/productos\/"},{"@type":"ListItem","position":3,"name":"DISPEX \/ OROTAN"}]},{"@type":"WebSite","@id":"https:\/\/pldistribucion.com.ar\/web\/#website","url":"https:\/\/pldistribucion.com.ar\/web\/","name":"Perfomance Lube","description":"","publisher":{"@id":"https:\/\/pldistribucion.com.ar\/web\/#organization"},"potentialAction":[{"@type":"SearchAction","target":{"@type":"EntryPoint","urlTemplate":"https:\/\/pldistribucion.com.ar\/web\/?s={search_term_string}"},"query-input":"required name=search_term_string"}],"inLanguage":"es"},{"@type":"Organization","@id":"https:\/\/pldistribucion.com.ar\/web\/#organization","name":"PERFORMANCE LUBE","url":"https:\/\/pldistribucion.com.ar\/web\/","logo":{"@type":"ImageObject","inLanguage":"es","@id":"https:\/\/pldistribucion.com.ar\/web\/#\/schema\/logo\/image\/","url":"https:\/\/pldistribucion.com.ar\/web\/wp-content\/uploads\/pld_logo_GB-removebg-preview.png","contentUrl":"https:\/\/pldistribucion.com.ar\/web\/wp-content\/uploads\/pld_logo_GB-removebg-preview.png","width":787,"height":317,"caption":"PERFORMANCE LUBE"},"image":{"@id":"https:\/\/pldistribucion.com.ar\/web\/#\/schema\/logo\/image\/"}}]}},"_links":{"self":[{"href":"https:\/\/pldistribucion.com.ar\/web\/wp-json\/wp\/v2\/product\/6607"}],"collection":[{"href":"https:\/\/pldistribucion.com.ar\/web\/wp-json\/wp\/v2\/product"}],"about":[{"href":"https:\/\/pldistribucion.com.ar\/web\/wp-json\/wp\/v2\/types\/product"}],"replies":[{"embeddable":true,"href":"https:\/\/pldistribucion.com.ar\/web\/wp-json\/wp\/v2\/comments?post=6607"}],"wp:featuredmedia":[{"embeddable":true,"href":"https:\/\/pldistribucion.com.ar\/web\/wp-json\/wp\/v2\/media\/6621"}],"wp:attachment":[{"href":"https:\/\/pldistribucion.com.ar\/web\/wp-json\/wp\/v2\/media?parent=6607"}],"wp:term":[{"taxonomy":"product_cat","embeddable":true,"href":"https:\/\/pldistribucion.com.ar\/web\/wp-json\/wp\/v2\/product_cat?post=6607"},{"taxonomy":"product_tag","embeddable":true,"href":"https:\/\/pldistribucion.com.ar\/web\/wp-json\/wp\/v2\/product_tag?post=6607"}],"curies":[{"name":"wp","href":"https:\/\/api.w.org\/{rel}","templated":true}]}}