{"id":6548,"date":"2023-06-07T11:28:58","date_gmt":"2023-06-07T11:28:58","guid":{"rendered":"https:\/\/pldistribucion.com.ar\/web\/?post_type=product&#038;p=6548"},"modified":"2023-06-07T11:28:58","modified_gmt":"2023-06-07T11:28:58","slug":"diluyente-poliuretanico-920-ss-mc","status":"publish","type":"product","link":"https:\/\/pldistribucion.com.ar\/web\/producto\/diluyente-poliuretanico-920-ss-mc\/","title":{"rendered":"DILUYENTE POLIURETANICO 920 SS MC"},"content":{"rendered":"<h1><span style=\"font-size: 80%;\"><strong>DILUYENTE POLIURETANICO 920 SS MC.<\/strong><\/span><\/h1>\n<h3><span style=\"font-size: 80%; color: #f99b1c;\"><strong>DESCRIPCI\u00d3N:<\/strong><\/span><\/h3>\n<p><span style=\"color: #000000;\">DILUYENTE POLIURETANICO 920 SS MC es un diluyente de alto rendimiento, de bajo olor y secado r\u00e1pido dise\u00f1ado para usar con todos los acabados de poliuretano 2K de Sherwin-Williams. Tambi\u00e9n es una buena opci\u00f3n para diluir otro tipo de pinturas, como esmaltes y lacas.<\/span><\/p>\n<p><span style=\"color: #000000;\">Es un diluyente transparente de baja viscosidad que no amarillea ni enturbia los acabados. Tambi\u00e9n es un diluyente de bajo contenido de COV que no da\u00f1a el medio ambiente.<\/span><\/p>\n<ul>\n<li><span style=\"color: #000000;\">PROPIEDADES L\u00cdMITE M\u00c9TODO<\/span><br \/>\n<span style=\"color: #000000;\">OLOR CARACTERISTICO VS STANDARD &#8212;<\/span><br \/>\n<span style=\"color: #000000;\">ASPECTO LIQUIDO LIMP VISUAL<\/span><br \/>\n<span style=\"color: #000000;\">DENSIDAD 15\u00ba&gt;C G \/ CM3 0,865 &#8211; 0,880 INTERNO<\/span><br \/>\n<span style=\"color: #000000;\">COLOR VS STANDARD VISUAL<\/span><br \/>\n<span style=\"color: #000000;\">POLARIDAD 5 MINIMO &#8212; <\/span><\/li>\n<\/ul>\n<h3><span style=\"font-size: 80%; color: #f99b1c;\"><strong>CARACTER\u00cdSTICAS:<\/strong><\/span><\/h3>\n<ul>\n<li><span style=\"color: #000000;\">Secado r\u00e1pido<\/span><\/li>\n<li><span style=\"color: #000000;\">Poco olor<\/span><\/li>\n<li><span style=\"color: #000000;\">Alto rendimiento<\/span><\/li>\n<li><span style=\"color: #000000;\">Dise\u00f1ado para usar con todos los acabados de poliuretano 2K de Sherwin-Williams<\/span><\/li>\n<li><span style=\"color: #000000;\">Buena opci\u00f3n para diluir otros tipos de pinturas.<\/span><\/li>\n<li><span style=\"color: #000000;\">Claro, de baja viscosidad<\/span><\/li>\n<li><span style=\"color: #000000;\">No amarillear\u00e1 ni nublar\u00e1 los acabados.<\/span><\/li>\n<li><span style=\"color: #000000;\">Bajo VOC<\/span><\/li>\n<li><span style=\"color: #000000;\">Amigable con el medio ambiente<\/span><\/li>\n<\/ul>\n<p><span style=\"color: #000000;\">DILUYENTE POLIURETANICO 920 SS MC est\u00e1 disponible en una variedad de tama\u00f1os, incluyendo contenedores de 1 gal\u00f3n, 3 galones y 5 galones. Se puede comprar en la mayor\u00eda de los distribuidores de Sherwin-Williams.<\/span><\/p>\n<p><strong>Aqu\u00ed hay algunas precauciones de seguridad a tomar cuando se usa DILUYENTE POLIURETANICO 920 SS MC:<\/strong><\/p>\n<ul>\n<li><span style=\"color: #000000;\">Siempre use guantes y protecci\u00f3n para los ojos cuando use diluyentes.<\/span><\/li>\n<li><span style=\"color: #000000;\">Mantenga los diluyentes fuera del alcance de los ni\u00f1os y las mascotas.<\/span><\/li>\n<li><span style=\"color: #000000;\">No respire los vapores m\u00e1s delgados.<\/span><\/li>\n<li><span style=\"color: #000000;\">No se adelgace en la piel o la ropa.<\/span><\/li>\n<li><span style=\"color: #000000;\">Si el diluyente entra en contacto con su piel, l\u00e1vela inmediatamente con agua y jab\u00f3n.<\/span><\/li>\n<li><span style=\"color: #000000;\">Si se mancha la ropa con diluyente, qu\u00edtesela y l\u00e1vela inmediatamente.<\/span><\/li>\n<li><span style=\"color: #000000;\">El diluyente puede ser inflamable, as\u00ed que mant\u00e9ngalo alejado del calor y las llamas abiertas.<\/span><\/li>\n<li><span style=\"color: #000000;\">No almacene diluyentes en \u00e1reas donde puedan estar expuestos a la luz solar directa o al calor extremo.<\/span><\/li>\n<li><span style=\"color: #000000;\">Deseche los diluyentes correctamente de acuerdo con las normas locales.<\/span><\/li>\n<\/ul>\n<hr \/>\n<p><span style=\"color: #000080;\"><strong><a style=\"color: #000080;\" href=\"https:\/\/copsa.net.ar\/nosotros\/\" target=\"_blank\" rel=\"noopener\">Conoce m\u00e1s sobre COPSA<\/a><\/strong><\/span><\/p>\n<p><span style=\"color: #000000;\">Somos una empresa familiar dedicada a brindar soluciones a las distintas industrias. Con experiencia en la distribuci\u00f3n de qu\u00edmicos, petroqu\u00edmicos y combustibles brindamos soluciones integrales para que cada cliente pueda desarrollarse y poner en foco su negocio.<\/span><\/p>\n<p><span style=\"color: #000080;\"><strong><a style=\"color: #000080;\" href=\"https:\/\/pldistribucion.com.ar\/web\/categoria-producto\/petroquimicos\/\" target=\"_blank\" rel=\"noopener\">Ver m\u00e1s petroqu\u00edmicos\u00a0<\/a><\/strong><\/span><\/p>\n","protected":false},"excerpt":{"rendered":"<p><img loading=\"lazy\" decoding=\"async\" class=\"alignnone size-medium wp-image-5754\" src=\"https:\/\/pldistribucion.com.ar\/web\/wp-content\/uploads\/rsthdf-300x87.png\" alt=\"\" width=\"300\" height=\"87\" srcset=\"https:\/\/pldistribucion.com.ar\/web\/wp-content\/uploads\/rsthdf-300x87.png 300w, https:\/\/pldistribucion.com.ar\/web\/wp-content\/uploads\/rsthdf.png 446w\" sizes=\"(max-width: 300px) 100vw, 300px\" \/><\/p>\n<p>S<span style=\"color: #000000;\">omos importadores y representantes de diversas compa\u00f1\u00edas qu\u00edmicas mundiales, como as\u00ed tambi\u00e9n distribuidores de petroleras y qu\u00edmicas nacionales.<\/span><\/p>\n","protected":false},"featured_media":6550,"comment_status":"open","ping_status":"closed","template":"","meta":[],"product_cat":[31],"product_tag":[],"yoast_head":"<!-- This site is optimized with the Yoast SEO plugin v23.0 - https:\/\/yoast.com\/wordpress\/plugins\/seo\/ -->\n<title>DILUYENTE POLIURETANICO 920 SS MC - Perfomance Lube<\/title>\n<meta name=\"description\" content=\"Distribuidor de lubricantes de diferentes aplicaciones. Env\u00edos a todo el pa\u00eds. Variedad de productos y stock disponible.DILUYENTE POLIURETANICO 920 SS MC\" \/>\n<meta name=\"robots\" content=\"index, follow, max-snippet:-1, max-image-preview:large, max-video-preview:-1\" \/>\n<link rel=\"canonical\" href=\"https:\/\/pldistribucion.com.ar\/web\/producto\/diluyente-poliuretanico-920-ss-mc\/\" \/>\n<meta property=\"og:locale\" content=\"es_ES\" \/>\n<meta property=\"og:type\" content=\"article\" \/>\n<meta property=\"og:title\" content=\"DILUYENTE POLIURETANICO 920 SS MC - Perfomance Lube\" \/>\n<meta property=\"og:description\" content=\"Distribuidor de lubricantes de diferentes aplicaciones. Env\u00edos a todo el pa\u00eds. Variedad de productos y stock disponible.DILUYENTE POLIURETANICO 920 SS MC\" \/>\n<meta property=\"og:url\" content=\"https:\/\/pldistribucion.com.ar\/web\/producto\/diluyente-poliuretanico-920-ss-mc\/\" \/>\n<meta property=\"og:site_name\" content=\"Perfomance Lube\" \/>\n<meta property=\"og:image\" content=\"https:\/\/pldistribucion.com.ar\/web\/wp-content\/uploads\/esrththxf.png\" \/>\n\t<meta property=\"og:image:width\" content=\"619\" \/>\n\t<meta property=\"og:image:height\" content=\"507\" \/>\n\t<meta property=\"og:image:type\" content=\"image\/png\" \/>\n<meta name=\"twitter:card\" content=\"summary_large_image\" \/>\n<meta name=\"twitter:label1\" content=\"Tiempo de lectura\" \/>\n\t<meta name=\"twitter:data1\" content=\"2 minutos\" \/>\n<script type=\"application\/ld+json\" class=\"yoast-schema-graph\">{\"@context\":\"https:\/\/schema.org\",\"@graph\":[{\"@type\":\"WebPage\",\"@id\":\"https:\/\/pldistribucion.com.ar\/web\/producto\/diluyente-poliuretanico-920-ss-mc\/\",\"url\":\"https:\/\/pldistribucion.com.ar\/web\/producto\/diluyente-poliuretanico-920-ss-mc\/\",\"name\":\"DILUYENTE POLIURETANICO 920 SS MC - Perfomance Lube\",\"isPartOf\":{\"@id\":\"https:\/\/pldistribucion.com.ar\/web\/#website\"},\"primaryImageOfPage\":{\"@id\":\"https:\/\/pldistribucion.com.ar\/web\/producto\/diluyente-poliuretanico-920-ss-mc\/#primaryimage\"},\"image\":{\"@id\":\"https:\/\/pldistribucion.com.ar\/web\/producto\/diluyente-poliuretanico-920-ss-mc\/#primaryimage\"},\"thumbnailUrl\":\"https:\/\/pldistribucion.com.ar\/web\/wp-content\/uploads\/esrththxf.png\",\"datePublished\":\"2023-06-07T11:28:58+00:00\",\"dateModified\":\"2023-06-07T11:28:58+00:00\",\"description\":\"Distribuidor de lubricantes de diferentes aplicaciones. Env\u00edos a todo el pa\u00eds. Variedad de productos y stock disponible.DILUYENTE POLIURETANICO 920 SS MC\",\"breadcrumb\":{\"@id\":\"https:\/\/pldistribucion.com.ar\/web\/producto\/diluyente-poliuretanico-920-ss-mc\/#breadcrumb\"},\"inLanguage\":\"es\",\"potentialAction\":[{\"@type\":\"ReadAction\",\"target\":[\"https:\/\/pldistribucion.com.ar\/web\/producto\/diluyente-poliuretanico-920-ss-mc\/\"]}]},{\"@type\":\"ImageObject\",\"inLanguage\":\"es\",\"@id\":\"https:\/\/pldistribucion.com.ar\/web\/producto\/diluyente-poliuretanico-920-ss-mc\/#primaryimage\",\"url\":\"https:\/\/pldistribucion.com.ar\/web\/wp-content\/uploads\/esrththxf.png\",\"contentUrl\":\"https:\/\/pldistribucion.com.ar\/web\/wp-content\/uploads\/esrththxf.png\",\"width\":619,\"height\":507,\"caption\":\"DILUYENTE POLIURETANICO 920 SS MC\"},{\"@type\":\"BreadcrumbList\",\"@id\":\"https:\/\/pldistribucion.com.ar\/web\/producto\/diluyente-poliuretanico-920-ss-mc\/#breadcrumb\",\"itemListElement\":[{\"@type\":\"ListItem\",\"position\":1,\"name\":\"Portada\",\"item\":\"https:\/\/pldistribucion.com.ar\/web\/\"},{\"@type\":\"ListItem\",\"position\":2,\"name\":\"Productos\",\"item\":\"https:\/\/pldistribucion.com.ar\/web\/productos\/\"},{\"@type\":\"ListItem\",\"position\":3,\"name\":\"DILUYENTE POLIURETANICO 920 SS MC\"}]},{\"@type\":\"WebSite\",\"@id\":\"https:\/\/pldistribucion.com.ar\/web\/#website\",\"url\":\"https:\/\/pldistribucion.com.ar\/web\/\",\"name\":\"Perfomance Lube\",\"description\":\"\",\"publisher\":{\"@id\":\"https:\/\/pldistribucion.com.ar\/web\/#organization\"},\"potentialAction\":[{\"@type\":\"SearchAction\",\"target\":{\"@type\":\"EntryPoint\",\"urlTemplate\":\"https:\/\/pldistribucion.com.ar\/web\/?s={search_term_string}\"},\"query-input\":\"required name=search_term_string\"}],\"inLanguage\":\"es\"},{\"@type\":\"Organization\",\"@id\":\"https:\/\/pldistribucion.com.ar\/web\/#organization\",\"name\":\"PERFORMANCE LUBE\",\"url\":\"https:\/\/pldistribucion.com.ar\/web\/\",\"logo\":{\"@type\":\"ImageObject\",\"inLanguage\":\"es\",\"@id\":\"https:\/\/pldistribucion.com.ar\/web\/#\/schema\/logo\/image\/\",\"url\":\"https:\/\/pldistribucion.com.ar\/web\/wp-content\/uploads\/pld_logo_GB-removebg-preview.png\",\"contentUrl\":\"https:\/\/pldistribucion.com.ar\/web\/wp-content\/uploads\/pld_logo_GB-removebg-preview.png\",\"width\":787,\"height\":317,\"caption\":\"PERFORMANCE LUBE\"},\"image\":{\"@id\":\"https:\/\/pldistribucion.com.ar\/web\/#\/schema\/logo\/image\/\"}}]}<\/script>\n<!-- \/ Yoast SEO plugin. -->","yoast_head_json":{"title":"DILUYENTE POLIURETANICO 920 SS MC - Perfomance Lube","description":"Distribuidor de lubricantes de diferentes aplicaciones. Env\u00edos a todo el pa\u00eds. Variedad de productos y stock disponible.DILUYENTE POLIURETANICO 920 SS MC","robots":{"index":"index","follow":"follow","max-snippet":"max-snippet:-1","max-image-preview":"max-image-preview:large","max-video-preview":"max-video-preview:-1"},"canonical":"https:\/\/pldistribucion.com.ar\/web\/producto\/diluyente-poliuretanico-920-ss-mc\/","og_locale":"es_ES","og_type":"article","og_title":"DILUYENTE POLIURETANICO 920 SS MC - Perfomance Lube","og_description":"Distribuidor de lubricantes de diferentes aplicaciones. Env\u00edos a todo el pa\u00eds. Variedad de productos y stock disponible.DILUYENTE POLIURETANICO 920 SS MC","og_url":"https:\/\/pldistribucion.com.ar\/web\/producto\/diluyente-poliuretanico-920-ss-mc\/","og_site_name":"Perfomance Lube","og_image":[{"width":619,"height":507,"url":"https:\/\/pldistribucion.com.ar\/web\/wp-content\/uploads\/esrththxf.png","type":"image\/png"}],"twitter_card":"summary_large_image","twitter_misc":{"Tiempo de lectura":"2 minutos"},"schema":{"@context":"https:\/\/schema.org","@graph":[{"@type":"WebPage","@id":"https:\/\/pldistribucion.com.ar\/web\/producto\/diluyente-poliuretanico-920-ss-mc\/","url":"https:\/\/pldistribucion.com.ar\/web\/producto\/diluyente-poliuretanico-920-ss-mc\/","name":"DILUYENTE POLIURETANICO 920 SS MC - Perfomance Lube","isPartOf":{"@id":"https:\/\/pldistribucion.com.ar\/web\/#website"},"primaryImageOfPage":{"@id":"https:\/\/pldistribucion.com.ar\/web\/producto\/diluyente-poliuretanico-920-ss-mc\/#primaryimage"},"image":{"@id":"https:\/\/pldistribucion.com.ar\/web\/producto\/diluyente-poliuretanico-920-ss-mc\/#primaryimage"},"thumbnailUrl":"https:\/\/pldistribucion.com.ar\/web\/wp-content\/uploads\/esrththxf.png","datePublished":"2023-06-07T11:28:58+00:00","dateModified":"2023-06-07T11:28:58+00:00","description":"Distribuidor de lubricantes de diferentes aplicaciones. Env\u00edos a todo el pa\u00eds. Variedad de productos y stock disponible.DILUYENTE POLIURETANICO 920 SS MC","breadcrumb":{"@id":"https:\/\/pldistribucion.com.ar\/web\/producto\/diluyente-poliuretanico-920-ss-mc\/#breadcrumb"},"inLanguage":"es","potentialAction":[{"@type":"ReadAction","target":["https:\/\/pldistribucion.com.ar\/web\/producto\/diluyente-poliuretanico-920-ss-mc\/"]}]},{"@type":"ImageObject","inLanguage":"es","@id":"https:\/\/pldistribucion.com.ar\/web\/producto\/diluyente-poliuretanico-920-ss-mc\/#primaryimage","url":"https:\/\/pldistribucion.com.ar\/web\/wp-content\/uploads\/esrththxf.png","contentUrl":"https:\/\/pldistribucion.com.ar\/web\/wp-content\/uploads\/esrththxf.png","width":619,"height":507,"caption":"DILUYENTE POLIURETANICO 920 SS MC"},{"@type":"BreadcrumbList","@id":"https:\/\/pldistribucion.com.ar\/web\/producto\/diluyente-poliuretanico-920-ss-mc\/#breadcrumb","itemListElement":[{"@type":"ListItem","position":1,"name":"Portada","item":"https:\/\/pldistribucion.com.ar\/web\/"},{"@type":"ListItem","position":2,"name":"Productos","item":"https:\/\/pldistribucion.com.ar\/web\/productos\/"},{"@type":"ListItem","position":3,"name":"DILUYENTE POLIURETANICO 920 SS MC"}]},{"@type":"WebSite","@id":"https:\/\/pldistribucion.com.ar\/web\/#website","url":"https:\/\/pldistribucion.com.ar\/web\/","name":"Perfomance Lube","description":"","publisher":{"@id":"https:\/\/pldistribucion.com.ar\/web\/#organization"},"potentialAction":[{"@type":"SearchAction","target":{"@type":"EntryPoint","urlTemplate":"https:\/\/pldistribucion.com.ar\/web\/?s={search_term_string}"},"query-input":"required name=search_term_string"}],"inLanguage":"es"},{"@type":"Organization","@id":"https:\/\/pldistribucion.com.ar\/web\/#organization","name":"PERFORMANCE LUBE","url":"https:\/\/pldistribucion.com.ar\/web\/","logo":{"@type":"ImageObject","inLanguage":"es","@id":"https:\/\/pldistribucion.com.ar\/web\/#\/schema\/logo\/image\/","url":"https:\/\/pldistribucion.com.ar\/web\/wp-content\/uploads\/pld_logo_GB-removebg-preview.png","contentUrl":"https:\/\/pldistribucion.com.ar\/web\/wp-content\/uploads\/pld_logo_GB-removebg-preview.png","width":787,"height":317,"caption":"PERFORMANCE LUBE"},"image":{"@id":"https:\/\/pldistribucion.com.ar\/web\/#\/schema\/logo\/image\/"}}]}},"_links":{"self":[{"href":"https:\/\/pldistribucion.com.ar\/web\/wp-json\/wp\/v2\/product\/6548"}],"collection":[{"href":"https:\/\/pldistribucion.com.ar\/web\/wp-json\/wp\/v2\/product"}],"about":[{"href":"https:\/\/pldistribucion.com.ar\/web\/wp-json\/wp\/v2\/types\/product"}],"replies":[{"embeddable":true,"href":"https:\/\/pldistribucion.com.ar\/web\/wp-json\/wp\/v2\/comments?post=6548"}],"wp:featuredmedia":[{"embeddable":true,"href":"https:\/\/pldistribucion.com.ar\/web\/wp-json\/wp\/v2\/media\/6550"}],"wp:attachment":[{"href":"https:\/\/pldistribucion.com.ar\/web\/wp-json\/wp\/v2\/media?parent=6548"}],"wp:term":[{"taxonomy":"product_cat","embeddable":true,"href":"https:\/\/pldistribucion.com.ar\/web\/wp-json\/wp\/v2\/product_cat?post=6548"},{"taxonomy":"product_tag","embeddable":true,"href":"https:\/\/pldistribucion.com.ar\/web\/wp-json\/wp\/v2\/product_tag?post=6548"}],"curies":[{"name":"wp","href":"https:\/\/api.w.org\/{rel}","templated":true}]}}