{"id":6537,"date":"2023-06-06T15:48:48","date_gmt":"2023-06-06T15:48:48","guid":{"rendered":"https:\/\/pldistribucion.com.ar\/web\/?post_type=product&#038;p=6537"},"modified":"2023-06-06T15:49:32","modified_gmt":"2023-06-06T15:49:32","slug":"diluyente-multi-ss","status":"publish","type":"product","link":"https:\/\/pldistribucion.com.ar\/web\/producto\/diluyente-multi-ss\/","title":{"rendered":"DILUYENTE MULTI SS"},"content":{"rendered":"<h1><span style=\"font-size: 80%;\"><strong>DILUYENTE MULTI SS<\/strong><\/span><\/h1>\n<h3><span style=\"font-size: 80%; color: #f99b1c;\"><strong>DESCRIPCI\u00d3N: <\/strong><\/span><span style=\"color: #000080;\"><strong><a style=\"color: #000080;\" href=\"https:\/\/pldistribucion.com.ar\/web\/wp-content\/uploads\/ESPECIFIC-DILUYENTE-MULTI-SS.pdf\" target=\"_blank\" rel=\"noopener\">Especificaciones<\/a><\/strong><\/span><\/h3>\n<p><span style=\"color: #000000;\">Diluyente Multi SS es un tipo de solvente que se usa para diluir una variedad de pinturas, incluidos esmaltes, lacas y acr\u00edlicos. Es un l\u00edquido transparente, incoloro y de olor fuerte. Se usa com\u00fanmente en las industrias de la construcci\u00f3n y la manufactura, y tambi\u00e9n se puede usar para proyectos de reparaci\u00f3n del hogar.<\/span><\/p>\n<h3><span style=\"font-size: 80%; color: #f99b1c;\"><strong>PROPIEDADES:<\/strong><\/span><\/h3>\n<ul>\n<li><span style=\"color: #000000;\">Color: Claro<\/span><\/li>\n<li><span style=\"color: #000000;\">Olor: Fuerte<\/span><\/li>\n<li><span style=\"color: #000000;\">Densidad: 0,81 g\/cm3<\/span><\/li>\n<li><span style=\"color: #000000;\">Punto de inflamaci\u00f3n: 44\u00b0C<\/span><\/li>\n<li><span style=\"color: #000000;\">Punto de ebullici\u00f3n: 158\u00b0C<\/span><\/li>\n<li><span style=\"color: #000000;\">Volatilidad: 31 (DIN 53170)<\/span><\/li>\n<li><span style=\"color: #000000;\">Contenido arom\u00e1tico: &lt;20 ppm<\/span><\/li>\n<li><span style=\"color: #000000;\">Valores toxicol\u00f3gicos y ecotoxicol\u00f3gicos: Bajo<\/span><\/li>\n<\/ul>\n<p><strong>Aqu\u00ed hay algunas precauciones de seguridad a seguir cuando se usa Diluyente Multi SS<\/strong>:<\/p>\n<ul>\n<li><span style=\"color: #000000;\">Mantener fuera del alcance de los ni\u00f1os y las mascotas.<\/span><\/li>\n<li><span style=\"color: #000000;\">No ingerir.<\/span><\/li>\n<li><span style=\"color: #000000;\">Si se ingiere, no provoque el v\u00f3mito.\u00a0Llame a un centro de control de envenenamiento inmediatamente.<\/span><\/li>\n<li><span style=\"color: #000000;\">Evitar contacto visual.\u00a0Si ocurre contacto, enjuague los ojos inmediatamente con agua durante al menos 15 minutos.\u00a0Obtenga atenci\u00f3n m\u00e9dica si la irritaci\u00f3n persiste.<\/span><\/li>\n<li><span style=\"color: #000000;\">Evite el contacto con la piel.\u00a0Si ocurre contacto, lave la piel completamente con agua y jab\u00f3n.<\/span><\/li>\n<li><span style=\"color: #000000;\">\u00daselo en un \u00e1rea bien ventilada.<\/span><\/li>\n<li><span style=\"color: #000000;\">No almacene cerca del calor o llamas abiertas.<\/span><\/li>\n<li><span style=\"color: #000000;\">Desechar adecuadamente.<\/span><\/li>\n<\/ul>\n<p><span style=\"color: #000000;\">Estos son algunos de los usos de Diluyente Multi SS:<\/span><\/p>\n<h3><span style=\"font-size: 80%; color: #f99b1c;\"><strong>APLICACIONES:<\/strong><\/span><\/h3>\n<p><span style=\"color: #000000;\">Diluir o diluir pinturas:<\/span><\/p>\n<ul>\n<li><span style=\"color: #000000;\">Limpieza y desengrasado de superficies.<\/span><\/li>\n<li><span style=\"color: #000000;\">Quitar pintura de superficies<\/span><\/li>\n<li><span style=\"color: #000000;\">Disolvente para limpieza de herramientas y equipos.<\/span><\/li>\n<li><span style=\"color: #000000;\">decapante de pintura<\/span><\/li>\n<li><span style=\"color: #000000;\">Combustible para maquetas de aviones y barcos<\/span><\/li>\n<li><span style=\"color: #000000;\">L\u00edquido de encendedor<\/span><\/li>\n<\/ul>\n<p><span style=\"color: #000000;\">Diluyente Multi SS es un solvente vers\u00e1til que se puede utilizar para una variedad de tareas. Es importante utilizarlo de forma segura y desecharlo correctamente<\/span>.<\/p>\n<hr \/>\n<p><span style=\"color: #000080;\"><strong><a style=\"color: #000080;\" href=\"https:\/\/copsa.net.ar\/nosotros\/\" target=\"_blank\" rel=\"noopener\">Conoce m\u00e1s sobre COPSA<\/a><\/strong><\/span><\/p>\n<p><span style=\"color: #000000;\">Somos una empresa familiar dedicada a brindar soluciones a las distintas industrias. Con experiencia en la distribuci\u00f3n de qu\u00edmicos, petroqu\u00edmicos y combustibles brindamos soluciones integrales para que cada cliente pueda desarrollarse y poner en foco su negocio.<\/span><\/p>\n<p><span style=\"color: #000080;\"><strong><a style=\"color: #000080;\" href=\"https:\/\/pldistribucion.com.ar\/web\/categoria-producto\/petroquimicos\/\" target=\"_blank\" rel=\"noopener\">Ver m\u00e1s petroqu\u00edmicos\u00a0<\/a><\/strong><\/span><\/p>\n","protected":false},"excerpt":{"rendered":"<p><img loading=\"lazy\" decoding=\"async\" class=\"alignnone size-medium wp-image-5754\" src=\"https:\/\/pldistribucion.com.ar\/web\/wp-content\/uploads\/rsthdf-300x87.png\" alt=\"\" width=\"300\" height=\"87\" srcset=\"https:\/\/pldistribucion.com.ar\/web\/wp-content\/uploads\/rsthdf-300x87.png 300w, https:\/\/pldistribucion.com.ar\/web\/wp-content\/uploads\/rsthdf.png 446w\" sizes=\"(max-width: 300px) 100vw, 300px\" \/><\/p>\n<p>S<span style=\"color: #000000;\">omos importadores y representantes de diversas compa\u00f1\u00edas qu\u00edmicas mundiales, como as\u00ed tambi\u00e9n distribuidores de petroleras y qu\u00edmicas nacionales.<\/span><\/p>\n","protected":false},"featured_media":6509,"comment_status":"open","ping_status":"closed","template":"","meta":[],"product_cat":[31],"product_tag":[],"yoast_head":"<!-- This site is optimized with the Yoast SEO plugin v23.0 - https:\/\/yoast.com\/wordpress\/plugins\/seo\/ -->\n<title>DILUYENTE MULTI SS - Perfomance Lube - Petroquimicos<\/title>\n<meta name=\"description\" content=\"Distribuidor de lubricantes de diferentes aplicaciones. Env\u00edos a todo el pa\u00eds. Variedad de productos y stock disponible.DILUYENTE MULTI SS\" \/>\n<meta name=\"robots\" content=\"index, follow, max-snippet:-1, max-image-preview:large, max-video-preview:-1\" \/>\n<link rel=\"canonical\" href=\"https:\/\/pldistribucion.com.ar\/web\/producto\/diluyente-multi-ss\/\" \/>\n<meta property=\"og:locale\" content=\"es_ES\" \/>\n<meta property=\"og:type\" content=\"article\" \/>\n<meta property=\"og:title\" content=\"DILUYENTE MULTI SS - Perfomance Lube - Petroquimicos\" \/>\n<meta property=\"og:description\" content=\"Distribuidor de lubricantes de diferentes aplicaciones. Env\u00edos a todo el pa\u00eds. Variedad de productos y stock disponible.DILUYENTE MULTI SS\" \/>\n<meta property=\"og:url\" content=\"https:\/\/pldistribucion.com.ar\/web\/producto\/diluyente-multi-ss\/\" \/>\n<meta property=\"og:site_name\" content=\"Perfomance Lube\" \/>\n<meta property=\"article:modified_time\" content=\"2023-06-06T15:49:32+00:00\" \/>\n<meta property=\"og:image\" content=\"https:\/\/pldistribucion.com.ar\/web\/wp-content\/uploads\/gdbxfgnf-e1686058125403.png\" \/>\n\t<meta property=\"og:image:width\" content=\"478\" \/>\n\t<meta property=\"og:image:height\" content=\"392\" \/>\n\t<meta property=\"og:image:type\" content=\"image\/png\" \/>\n<meta name=\"twitter:card\" content=\"summary_large_image\" \/>\n<meta name=\"twitter:label1\" content=\"Tiempo de lectura\" \/>\n\t<meta name=\"twitter:data1\" content=\"2 minutos\" \/>\n<script type=\"application\/ld+json\" class=\"yoast-schema-graph\">{\"@context\":\"https:\/\/schema.org\",\"@graph\":[{\"@type\":\"WebPage\",\"@id\":\"https:\/\/pldistribucion.com.ar\/web\/producto\/diluyente-multi-ss\/\",\"url\":\"https:\/\/pldistribucion.com.ar\/web\/producto\/diluyente-multi-ss\/\",\"name\":\"DILUYENTE MULTI SS - Perfomance Lube - Petroquimicos\",\"isPartOf\":{\"@id\":\"https:\/\/pldistribucion.com.ar\/web\/#website\"},\"primaryImageOfPage\":{\"@id\":\"https:\/\/pldistribucion.com.ar\/web\/producto\/diluyente-multi-ss\/#primaryimage\"},\"image\":{\"@id\":\"https:\/\/pldistribucion.com.ar\/web\/producto\/diluyente-multi-ss\/#primaryimage\"},\"thumbnailUrl\":\"https:\/\/pldistribucion.com.ar\/web\/wp-content\/uploads\/gdbxfgnf-e1686058125403.png\",\"datePublished\":\"2023-06-06T15:48:48+00:00\",\"dateModified\":\"2023-06-06T15:49:32+00:00\",\"description\":\"Distribuidor de lubricantes de diferentes aplicaciones. Env\u00edos a todo el pa\u00eds. Variedad de productos y stock disponible.DILUYENTE MULTI SS\",\"breadcrumb\":{\"@id\":\"https:\/\/pldistribucion.com.ar\/web\/producto\/diluyente-multi-ss\/#breadcrumb\"},\"inLanguage\":\"es\",\"potentialAction\":[{\"@type\":\"ReadAction\",\"target\":[\"https:\/\/pldistribucion.com.ar\/web\/producto\/diluyente-multi-ss\/\"]}]},{\"@type\":\"ImageObject\",\"inLanguage\":\"es\",\"@id\":\"https:\/\/pldistribucion.com.ar\/web\/producto\/diluyente-multi-ss\/#primaryimage\",\"url\":\"https:\/\/pldistribucion.com.ar\/web\/wp-content\/uploads\/gdbxfgnf-e1686058125403.png\",\"contentUrl\":\"https:\/\/pldistribucion.com.ar\/web\/wp-content\/uploads\/gdbxfgnf-e1686058125403.png\",\"width\":478,\"height\":392,\"caption\":\"DILUYENTE POLIURETANICO 920 SS\"},{\"@type\":\"BreadcrumbList\",\"@id\":\"https:\/\/pldistribucion.com.ar\/web\/producto\/diluyente-multi-ss\/#breadcrumb\",\"itemListElement\":[{\"@type\":\"ListItem\",\"position\":1,\"name\":\"Portada\",\"item\":\"https:\/\/pldistribucion.com.ar\/web\/\"},{\"@type\":\"ListItem\",\"position\":2,\"name\":\"Productos\",\"item\":\"https:\/\/pldistribucion.com.ar\/web\/productos\/\"},{\"@type\":\"ListItem\",\"position\":3,\"name\":\"DILUYENTE MULTI SS\"}]},{\"@type\":\"WebSite\",\"@id\":\"https:\/\/pldistribucion.com.ar\/web\/#website\",\"url\":\"https:\/\/pldistribucion.com.ar\/web\/\",\"name\":\"Perfomance Lube\",\"description\":\"\",\"publisher\":{\"@id\":\"https:\/\/pldistribucion.com.ar\/web\/#organization\"},\"potentialAction\":[{\"@type\":\"SearchAction\",\"target\":{\"@type\":\"EntryPoint\",\"urlTemplate\":\"https:\/\/pldistribucion.com.ar\/web\/?s={search_term_string}\"},\"query-input\":\"required name=search_term_string\"}],\"inLanguage\":\"es\"},{\"@type\":\"Organization\",\"@id\":\"https:\/\/pldistribucion.com.ar\/web\/#organization\",\"name\":\"PERFORMANCE LUBE\",\"url\":\"https:\/\/pldistribucion.com.ar\/web\/\",\"logo\":{\"@type\":\"ImageObject\",\"inLanguage\":\"es\",\"@id\":\"https:\/\/pldistribucion.com.ar\/web\/#\/schema\/logo\/image\/\",\"url\":\"https:\/\/pldistribucion.com.ar\/web\/wp-content\/uploads\/pld_logo_GB-removebg-preview.png\",\"contentUrl\":\"https:\/\/pldistribucion.com.ar\/web\/wp-content\/uploads\/pld_logo_GB-removebg-preview.png\",\"width\":787,\"height\":317,\"caption\":\"PERFORMANCE LUBE\"},\"image\":{\"@id\":\"https:\/\/pldistribucion.com.ar\/web\/#\/schema\/logo\/image\/\"}}]}<\/script>\n<!-- \/ Yoast SEO plugin. -->","yoast_head_json":{"title":"DILUYENTE MULTI SS - Perfomance Lube - Petroquimicos","description":"Distribuidor de lubricantes de diferentes aplicaciones. Env\u00edos a todo el pa\u00eds. Variedad de productos y stock disponible.DILUYENTE MULTI SS","robots":{"index":"index","follow":"follow","max-snippet":"max-snippet:-1","max-image-preview":"max-image-preview:large","max-video-preview":"max-video-preview:-1"},"canonical":"https:\/\/pldistribucion.com.ar\/web\/producto\/diluyente-multi-ss\/","og_locale":"es_ES","og_type":"article","og_title":"DILUYENTE MULTI SS - Perfomance Lube - Petroquimicos","og_description":"Distribuidor de lubricantes de diferentes aplicaciones. Env\u00edos a todo el pa\u00eds. Variedad de productos y stock disponible.DILUYENTE MULTI SS","og_url":"https:\/\/pldistribucion.com.ar\/web\/producto\/diluyente-multi-ss\/","og_site_name":"Perfomance Lube","article_modified_time":"2023-06-06T15:49:32+00:00","og_image":[{"width":478,"height":392,"url":"https:\/\/pldistribucion.com.ar\/web\/wp-content\/uploads\/gdbxfgnf-e1686058125403.png","type":"image\/png"}],"twitter_card":"summary_large_image","twitter_misc":{"Tiempo de lectura":"2 minutos"},"schema":{"@context":"https:\/\/schema.org","@graph":[{"@type":"WebPage","@id":"https:\/\/pldistribucion.com.ar\/web\/producto\/diluyente-multi-ss\/","url":"https:\/\/pldistribucion.com.ar\/web\/producto\/diluyente-multi-ss\/","name":"DILUYENTE MULTI SS - Perfomance Lube - Petroquimicos","isPartOf":{"@id":"https:\/\/pldistribucion.com.ar\/web\/#website"},"primaryImageOfPage":{"@id":"https:\/\/pldistribucion.com.ar\/web\/producto\/diluyente-multi-ss\/#primaryimage"},"image":{"@id":"https:\/\/pldistribucion.com.ar\/web\/producto\/diluyente-multi-ss\/#primaryimage"},"thumbnailUrl":"https:\/\/pldistribucion.com.ar\/web\/wp-content\/uploads\/gdbxfgnf-e1686058125403.png","datePublished":"2023-06-06T15:48:48+00:00","dateModified":"2023-06-06T15:49:32+00:00","description":"Distribuidor de lubricantes de diferentes aplicaciones. Env\u00edos a todo el pa\u00eds. Variedad de productos y stock disponible.DILUYENTE MULTI SS","breadcrumb":{"@id":"https:\/\/pldistribucion.com.ar\/web\/producto\/diluyente-multi-ss\/#breadcrumb"},"inLanguage":"es","potentialAction":[{"@type":"ReadAction","target":["https:\/\/pldistribucion.com.ar\/web\/producto\/diluyente-multi-ss\/"]}]},{"@type":"ImageObject","inLanguage":"es","@id":"https:\/\/pldistribucion.com.ar\/web\/producto\/diluyente-multi-ss\/#primaryimage","url":"https:\/\/pldistribucion.com.ar\/web\/wp-content\/uploads\/gdbxfgnf-e1686058125403.png","contentUrl":"https:\/\/pldistribucion.com.ar\/web\/wp-content\/uploads\/gdbxfgnf-e1686058125403.png","width":478,"height":392,"caption":"DILUYENTE POLIURETANICO 920 SS"},{"@type":"BreadcrumbList","@id":"https:\/\/pldistribucion.com.ar\/web\/producto\/diluyente-multi-ss\/#breadcrumb","itemListElement":[{"@type":"ListItem","position":1,"name":"Portada","item":"https:\/\/pldistribucion.com.ar\/web\/"},{"@type":"ListItem","position":2,"name":"Productos","item":"https:\/\/pldistribucion.com.ar\/web\/productos\/"},{"@type":"ListItem","position":3,"name":"DILUYENTE MULTI SS"}]},{"@type":"WebSite","@id":"https:\/\/pldistribucion.com.ar\/web\/#website","url":"https:\/\/pldistribucion.com.ar\/web\/","name":"Perfomance Lube","description":"","publisher":{"@id":"https:\/\/pldistribucion.com.ar\/web\/#organization"},"potentialAction":[{"@type":"SearchAction","target":{"@type":"EntryPoint","urlTemplate":"https:\/\/pldistribucion.com.ar\/web\/?s={search_term_string}"},"query-input":"required name=search_term_string"}],"inLanguage":"es"},{"@type":"Organization","@id":"https:\/\/pldistribucion.com.ar\/web\/#organization","name":"PERFORMANCE LUBE","url":"https:\/\/pldistribucion.com.ar\/web\/","logo":{"@type":"ImageObject","inLanguage":"es","@id":"https:\/\/pldistribucion.com.ar\/web\/#\/schema\/logo\/image\/","url":"https:\/\/pldistribucion.com.ar\/web\/wp-content\/uploads\/pld_logo_GB-removebg-preview.png","contentUrl":"https:\/\/pldistribucion.com.ar\/web\/wp-content\/uploads\/pld_logo_GB-removebg-preview.png","width":787,"height":317,"caption":"PERFORMANCE LUBE"},"image":{"@id":"https:\/\/pldistribucion.com.ar\/web\/#\/schema\/logo\/image\/"}}]}},"_links":{"self":[{"href":"https:\/\/pldistribucion.com.ar\/web\/wp-json\/wp\/v2\/product\/6537"}],"collection":[{"href":"https:\/\/pldistribucion.com.ar\/web\/wp-json\/wp\/v2\/product"}],"about":[{"href":"https:\/\/pldistribucion.com.ar\/web\/wp-json\/wp\/v2\/types\/product"}],"replies":[{"embeddable":true,"href":"https:\/\/pldistribucion.com.ar\/web\/wp-json\/wp\/v2\/comments?post=6537"}],"wp:featuredmedia":[{"embeddable":true,"href":"https:\/\/pldistribucion.com.ar\/web\/wp-json\/wp\/v2\/media\/6509"}],"wp:attachment":[{"href":"https:\/\/pldistribucion.com.ar\/web\/wp-json\/wp\/v2\/media?parent=6537"}],"wp:term":[{"taxonomy":"product_cat","embeddable":true,"href":"https:\/\/pldistribucion.com.ar\/web\/wp-json\/wp\/v2\/product_cat?post=6537"},{"taxonomy":"product_tag","embeddable":true,"href":"https:\/\/pldistribucion.com.ar\/web\/wp-json\/wp\/v2\/product_tag?post=6537"}],"curies":[{"name":"wp","href":"https:\/\/api.w.org\/{rel}","templated":true}]}}