{"id":6510,"date":"2023-06-06T13:49:20","date_gmt":"2023-06-06T13:49:20","guid":{"rendered":"https:\/\/pldistribucion.com.ar\/web\/?post_type=product&#038;p=6510"},"modified":"2023-06-06T13:51:15","modified_gmt":"2023-06-06T13:51:15","slug":"spirdane-d-60","status":"publish","type":"product","link":"https:\/\/pldistribucion.com.ar\/web\/producto\/spirdane-d-60\/","title":{"rendered":"SPIRDANE D 60"},"content":{"rendered":"<h1><span style=\"font-size: 80%;\"><strong>SPIRDANE D 60<\/strong><\/span><\/h1>\n<h3><span style=\"font-size: 80%; color: #f99b1c;\"><strong>DESCRIPCI\u00d3N:\u00a0<\/strong><\/span><\/h3>\n<p><span style=\"color: #000000;\">SPIRDANE D60 es un solvente de aguarr\u00e1s que se usa en una variedad de aplicaciones, que incluyen:<\/span><\/p>\n<ul>\n<li><span style=\"color: #000000;\">Pinturas y revestimientos<\/span><\/li>\n<li><span style=\"color: #000000;\">Agentes de limpieza<\/span><\/li>\n<li><span style=\"color: #000000;\">Lubricantes<\/span><\/li>\n<li><span style=\"color: #000000;\">Fluidos metal\u00fargicos<\/span><\/li>\n<li><span style=\"color: #000000;\">Aceites de laminaci\u00f3n<\/span><\/li>\n<li><span style=\"color: #000000;\">Aglutinantes y agentes de liberaci\u00f3n<\/span><\/li>\n<li><span style=\"color: #000000;\">Combustibles<\/span><\/li>\n<li><span style=\"color: #000000;\">Lampara de aceite<\/span><\/li>\n<li><span style=\"color: #000000;\">Encendedores de barbacoa<\/span><\/li>\n<li><span style=\"color: #000000;\">fluidos funcionales<\/span><\/li>\n<li><span style=\"color: #000000;\">Aplicaciones de carreteras y construcci\u00f3n.<\/span><\/li>\n<li><span style=\"color: #000000;\">Otros usos del consumidor<\/span><\/li>\n<li><span style=\"color: #000000;\">Actividades de laboratorio<\/span><\/li>\n<li><span style=\"color: #000000;\">Procesamiento de pol\u00edmeros<\/span><\/li>\n<\/ul>\n<p><span style=\"color: #000000;\">SPIRDANE D60 es un disolvente de bajo contenido arom\u00e1tico, lo que significa que tiene un bajo contenido de productos qu\u00edmicos nocivos. Tambi\u00e9n es un solvente de evaporaci\u00f3n r\u00e1pida, lo que lo hace ideal para su uso en pinturas y revestimientos.<\/span><\/p>\n<p><strong>ENSAYO ESPECIFICACI\u00d3N M\u00c9TODO<\/strong><br \/>\n<span style=\"color: #000000;\">Densidad a 15 \u00b0C kg\/m\u00b3 785 &#8211; 815 ISO 12185<\/span><br \/>\n<span style=\"color: #000000;\">Aspecto a 15\u00b0C Claro &amp; L\u00edmpido VISUAL<\/span><br \/>\n<span style=\"color: #000000;\">Color Saybolt ,+30 ASTM D 156 Punto inflamaci\u00f3n Pensky Martens \u00b0C 63 ISO 2719<\/span><br \/>\n<span style=\"color: #000000;\">Contenido en arom\u00e1ticos ppm (p\/p) 300 UV<\/span><br \/>\n<span style=\"color: #000000;\">Contenido en benceno ppm (p\/p) 1 ASTM D 6229 Punto inicial \u00b0C ESP MIN 175 ISO 3405<\/span><br \/>\n<span style=\"color: #000000;\">Punto seco \u00b0C ESP MAX 220 ISO 3405<\/span><\/p>\n<h3><span style=\"font-size: 80%; color: #f99b1c;\"><strong>PROPIEDADES:<\/strong><\/span><\/h3>\n<ul>\n<li><span style=\"color: #000000;\">Color: Claro<\/span><\/li>\n<li><span style=\"color: #000000;\">Olor: Suave<\/span><\/li>\n<li><span style=\"color: #000000;\">Densidad: 0,788 g\/cm3<\/span><\/li>\n<li><span style=\"color: #000000;\">Punto de inflamaci\u00f3n: 66\u00b0C<\/span><\/li>\n<li><span style=\"color: #000000;\">Rango de punto de ebullici\u00f3n: 158-185\u00b0C<\/span><\/li>\n<li><span style=\"color: #000000;\">Volatilidad: 31 (DIN 53170)<\/span><\/li>\n<li><span style=\"color: #000000;\">Contenido arom\u00e1tico: &lt;20 ppm<\/span><\/li>\n<li><span style=\"color: #000000;\">Valores toxicol\u00f3gicos y ecotoxicol\u00f3gicos: Bajo<\/span><\/li>\n<\/ul>\n<p><span style=\"color: #000000;\">SPIRDANE D60 es un solvente seguro y efectivo que se puede usar en una variedad de aplicaciones. Es importante seguir todas las precauciones de seguridad al utilizar este producto y desecharlo correctamente.<\/span><\/p>\n<p><strong>Estas son algunas precauciones de seguridad que se deben seguir al usar SPIRDANE D60:<\/strong><\/p>\n<ul>\n<li><span style=\"color: #000000;\">Mantener fuera del alcance de los ni\u00f1os y las mascotas.<\/span><\/li>\n<li><span style=\"color: #000000;\">No ingerir.<\/span><\/li>\n<li><span style=\"color: #000000;\">Si se ingiere, no provoque el v\u00f3mito.\u00a0Llame a un centro de control de envenenamiento inmediatamente.<\/span><\/li>\n<li><span style=\"color: #000000;\">Evitar contacto visual.\u00a0Si ocurre contacto, enjuague los ojos inmediatamente con agua durante al menos 15 minutos.\u00a0Obtenga atenci\u00f3n m\u00e9dica si la irritaci\u00f3n persiste.<\/span><\/li>\n<li><span style=\"color: #000000;\">Evite el contacto con la piel.\u00a0Si ocurre contacto, lave la piel completamente con agua y jab\u00f3n.<\/span><\/li>\n<li><span style=\"color: #000000;\">\u00daselo en un \u00e1rea bien ventilada.<\/span><\/li>\n<li><span style=\"color: #000000;\">No almacene cerca del calor o llamas abiertas.<\/span><\/li>\n<li><span style=\"color: #000000;\">Desechar adecuadamente.<\/span><\/li>\n<\/ul>\n<hr \/>\n<p><span style=\"color: #000080;\"><strong><a style=\"color: #000080;\" href=\"https:\/\/copsa.net.ar\/nosotros\/\" target=\"_blank\" rel=\"noopener\">Conoce m\u00e1s sobre COPSA<\/a><\/strong><\/span><\/p>\n<p><span style=\"color: #000000;\">Somos una empresa familiar dedicada a brindar soluciones a las distintas industrias. Con experiencia en la distribuci\u00f3n de qu\u00edmicos, petroqu\u00edmicos y combustibles brindamos soluciones integrales para que cada cliente pueda desarrollarse y poner en foco su negocio.<\/span><\/p>\n<p><span style=\"color: #000080;\"><strong><a style=\"color: #000080;\" href=\"https:\/\/pldistribucion.com.ar\/web\/categoria-producto\/petroquimicos\/\" target=\"_blank\" rel=\"noopener\">Ver m\u00e1s petroqu\u00edmicos\u00a0<\/a><\/strong><\/span><\/p>\n","protected":false},"excerpt":{"rendered":"<p><img loading=\"lazy\" decoding=\"async\" class=\"alignnone size-medium wp-image-5754\" src=\"https:\/\/pldistribucion.com.ar\/web\/wp-content\/uploads\/rsthdf-300x87.png\" alt=\"\" width=\"300\" height=\"87\" srcset=\"https:\/\/pldistribucion.com.ar\/web\/wp-content\/uploads\/rsthdf-300x87.png 300w, https:\/\/pldistribucion.com.ar\/web\/wp-content\/uploads\/rsthdf.png 446w\" sizes=\"(max-width: 300px) 100vw, 300px\" \/><\/p>\n<p>S<span style=\"color: #000000;\">omos importadores y representantes de diversas compa\u00f1\u00edas qu\u00edmicas mundiales, como as\u00ed tambi\u00e9n distribuidores de petroleras y qu\u00edmicas nacionales.<\/span><\/p>\n","protected":false},"featured_media":6512,"comment_status":"open","ping_status":"closed","template":"","meta":[],"product_cat":[31],"product_tag":[],"yoast_head":"<!-- This site is optimized with the Yoast SEO plugin v23.0 - https:\/\/yoast.com\/wordpress\/plugins\/seo\/ -->\n<title>SPIRDANE D 60 - Perfomance Lube - Petroquimicos<\/title>\n<meta name=\"description\" content=\"Distribuidor de lubricantes de diferentes aplicaciones. Env\u00edos a todo el pa\u00eds. Variedad de productos y stock disponible.SPIRDANE D 60\" \/>\n<meta name=\"robots\" content=\"index, follow, max-snippet:-1, max-image-preview:large, max-video-preview:-1\" \/>\n<link rel=\"canonical\" href=\"https:\/\/pldistribucion.com.ar\/web\/producto\/spirdane-d-60\/\" \/>\n<meta property=\"og:locale\" content=\"es_ES\" \/>\n<meta property=\"og:type\" content=\"article\" \/>\n<meta property=\"og:title\" content=\"SPIRDANE D 60 - Perfomance Lube - Petroquimicos\" \/>\n<meta property=\"og:description\" content=\"Distribuidor de lubricantes de diferentes aplicaciones. Env\u00edos a todo el pa\u00eds. Variedad de productos y stock disponible.SPIRDANE D 60\" \/>\n<meta property=\"og:url\" content=\"https:\/\/pldistribucion.com.ar\/web\/producto\/spirdane-d-60\/\" \/>\n<meta property=\"og:site_name\" content=\"Perfomance Lube\" \/>\n<meta property=\"article:modified_time\" content=\"2023-06-06T13:51:15+00:00\" \/>\n<meta property=\"og:image\" content=\"https:\/\/pldistribucion.com.ar\/web\/wp-content\/uploads\/product000290_1_v.jpg\" \/>\n\t<meta property=\"og:image:width\" content=\"400\" \/>\n\t<meta property=\"og:image:height\" content=\"400\" \/>\n\t<meta property=\"og:image:type\" content=\"image\/jpeg\" \/>\n<meta name=\"twitter:card\" content=\"summary_large_image\" \/>\n<meta name=\"twitter:label1\" content=\"Tiempo de lectura\" \/>\n\t<meta name=\"twitter:data1\" content=\"2 minutos\" \/>\n<script type=\"application\/ld+json\" class=\"yoast-schema-graph\">{\"@context\":\"https:\/\/schema.org\",\"@graph\":[{\"@type\":\"WebPage\",\"@id\":\"https:\/\/pldistribucion.com.ar\/web\/producto\/spirdane-d-60\/\",\"url\":\"https:\/\/pldistribucion.com.ar\/web\/producto\/spirdane-d-60\/\",\"name\":\"SPIRDANE D 60 - Perfomance Lube - Petroquimicos\",\"isPartOf\":{\"@id\":\"https:\/\/pldistribucion.com.ar\/web\/#website\"},\"primaryImageOfPage\":{\"@id\":\"https:\/\/pldistribucion.com.ar\/web\/producto\/spirdane-d-60\/#primaryimage\"},\"image\":{\"@id\":\"https:\/\/pldistribucion.com.ar\/web\/producto\/spirdane-d-60\/#primaryimage\"},\"thumbnailUrl\":\"https:\/\/pldistribucion.com.ar\/web\/wp-content\/uploads\/product000290_1_v.jpg\",\"datePublished\":\"2023-06-06T13:49:20+00:00\",\"dateModified\":\"2023-06-06T13:51:15+00:00\",\"description\":\"Distribuidor de lubricantes de diferentes aplicaciones. Env\u00edos a todo el pa\u00eds. Variedad de productos y stock disponible.SPIRDANE D 60\",\"breadcrumb\":{\"@id\":\"https:\/\/pldistribucion.com.ar\/web\/producto\/spirdane-d-60\/#breadcrumb\"},\"inLanguage\":\"es\",\"potentialAction\":[{\"@type\":\"ReadAction\",\"target\":[\"https:\/\/pldistribucion.com.ar\/web\/producto\/spirdane-d-60\/\"]}]},{\"@type\":\"ImageObject\",\"inLanguage\":\"es\",\"@id\":\"https:\/\/pldistribucion.com.ar\/web\/producto\/spirdane-d-60\/#primaryimage\",\"url\":\"https:\/\/pldistribucion.com.ar\/web\/wp-content\/uploads\/product000290_1_v.jpg\",\"contentUrl\":\"https:\/\/pldistribucion.com.ar\/web\/wp-content\/uploads\/product000290_1_v.jpg\",\"width\":400,\"height\":400,\"caption\":\"SPIRDANE D 60\"},{\"@type\":\"BreadcrumbList\",\"@id\":\"https:\/\/pldistribucion.com.ar\/web\/producto\/spirdane-d-60\/#breadcrumb\",\"itemListElement\":[{\"@type\":\"ListItem\",\"position\":1,\"name\":\"Portada\",\"item\":\"https:\/\/pldistribucion.com.ar\/web\/\"},{\"@type\":\"ListItem\",\"position\":2,\"name\":\"Productos\",\"item\":\"https:\/\/pldistribucion.com.ar\/web\/productos\/\"},{\"@type\":\"ListItem\",\"position\":3,\"name\":\"SPIRDANE D 60\"}]},{\"@type\":\"WebSite\",\"@id\":\"https:\/\/pldistribucion.com.ar\/web\/#website\",\"url\":\"https:\/\/pldistribucion.com.ar\/web\/\",\"name\":\"Perfomance Lube\",\"description\":\"\",\"publisher\":{\"@id\":\"https:\/\/pldistribucion.com.ar\/web\/#organization\"},\"potentialAction\":[{\"@type\":\"SearchAction\",\"target\":{\"@type\":\"EntryPoint\",\"urlTemplate\":\"https:\/\/pldistribucion.com.ar\/web\/?s={search_term_string}\"},\"query-input\":\"required name=search_term_string\"}],\"inLanguage\":\"es\"},{\"@type\":\"Organization\",\"@id\":\"https:\/\/pldistribucion.com.ar\/web\/#organization\",\"name\":\"PERFORMANCE LUBE\",\"url\":\"https:\/\/pldistribucion.com.ar\/web\/\",\"logo\":{\"@type\":\"ImageObject\",\"inLanguage\":\"es\",\"@id\":\"https:\/\/pldistribucion.com.ar\/web\/#\/schema\/logo\/image\/\",\"url\":\"https:\/\/pldistribucion.com.ar\/web\/wp-content\/uploads\/pld_logo_GB-removebg-preview.png\",\"contentUrl\":\"https:\/\/pldistribucion.com.ar\/web\/wp-content\/uploads\/pld_logo_GB-removebg-preview.png\",\"width\":787,\"height\":317,\"caption\":\"PERFORMANCE LUBE\"},\"image\":{\"@id\":\"https:\/\/pldistribucion.com.ar\/web\/#\/schema\/logo\/image\/\"}}]}<\/script>\n<!-- \/ Yoast SEO plugin. -->","yoast_head_json":{"title":"SPIRDANE D 60 - Perfomance Lube - Petroquimicos","description":"Distribuidor de lubricantes de diferentes aplicaciones. Env\u00edos a todo el pa\u00eds. Variedad de productos y stock disponible.SPIRDANE D 60","robots":{"index":"index","follow":"follow","max-snippet":"max-snippet:-1","max-image-preview":"max-image-preview:large","max-video-preview":"max-video-preview:-1"},"canonical":"https:\/\/pldistribucion.com.ar\/web\/producto\/spirdane-d-60\/","og_locale":"es_ES","og_type":"article","og_title":"SPIRDANE D 60 - Perfomance Lube - Petroquimicos","og_description":"Distribuidor de lubricantes de diferentes aplicaciones. Env\u00edos a todo el pa\u00eds. Variedad de productos y stock disponible.SPIRDANE D 60","og_url":"https:\/\/pldistribucion.com.ar\/web\/producto\/spirdane-d-60\/","og_site_name":"Perfomance Lube","article_modified_time":"2023-06-06T13:51:15+00:00","og_image":[{"width":400,"height":400,"url":"https:\/\/pldistribucion.com.ar\/web\/wp-content\/uploads\/product000290_1_v.jpg","type":"image\/jpeg"}],"twitter_card":"summary_large_image","twitter_misc":{"Tiempo de lectura":"2 minutos"},"schema":{"@context":"https:\/\/schema.org","@graph":[{"@type":"WebPage","@id":"https:\/\/pldistribucion.com.ar\/web\/producto\/spirdane-d-60\/","url":"https:\/\/pldistribucion.com.ar\/web\/producto\/spirdane-d-60\/","name":"SPIRDANE D 60 - Perfomance Lube - Petroquimicos","isPartOf":{"@id":"https:\/\/pldistribucion.com.ar\/web\/#website"},"primaryImageOfPage":{"@id":"https:\/\/pldistribucion.com.ar\/web\/producto\/spirdane-d-60\/#primaryimage"},"image":{"@id":"https:\/\/pldistribucion.com.ar\/web\/producto\/spirdane-d-60\/#primaryimage"},"thumbnailUrl":"https:\/\/pldistribucion.com.ar\/web\/wp-content\/uploads\/product000290_1_v.jpg","datePublished":"2023-06-06T13:49:20+00:00","dateModified":"2023-06-06T13:51:15+00:00","description":"Distribuidor de lubricantes de diferentes aplicaciones. Env\u00edos a todo el pa\u00eds. Variedad de productos y stock disponible.SPIRDANE D 60","breadcrumb":{"@id":"https:\/\/pldistribucion.com.ar\/web\/producto\/spirdane-d-60\/#breadcrumb"},"inLanguage":"es","potentialAction":[{"@type":"ReadAction","target":["https:\/\/pldistribucion.com.ar\/web\/producto\/spirdane-d-60\/"]}]},{"@type":"ImageObject","inLanguage":"es","@id":"https:\/\/pldistribucion.com.ar\/web\/producto\/spirdane-d-60\/#primaryimage","url":"https:\/\/pldistribucion.com.ar\/web\/wp-content\/uploads\/product000290_1_v.jpg","contentUrl":"https:\/\/pldistribucion.com.ar\/web\/wp-content\/uploads\/product000290_1_v.jpg","width":400,"height":400,"caption":"SPIRDANE D 60"},{"@type":"BreadcrumbList","@id":"https:\/\/pldistribucion.com.ar\/web\/producto\/spirdane-d-60\/#breadcrumb","itemListElement":[{"@type":"ListItem","position":1,"name":"Portada","item":"https:\/\/pldistribucion.com.ar\/web\/"},{"@type":"ListItem","position":2,"name":"Productos","item":"https:\/\/pldistribucion.com.ar\/web\/productos\/"},{"@type":"ListItem","position":3,"name":"SPIRDANE D 60"}]},{"@type":"WebSite","@id":"https:\/\/pldistribucion.com.ar\/web\/#website","url":"https:\/\/pldistribucion.com.ar\/web\/","name":"Perfomance Lube","description":"","publisher":{"@id":"https:\/\/pldistribucion.com.ar\/web\/#organization"},"potentialAction":[{"@type":"SearchAction","target":{"@type":"EntryPoint","urlTemplate":"https:\/\/pldistribucion.com.ar\/web\/?s={search_term_string}"},"query-input":"required name=search_term_string"}],"inLanguage":"es"},{"@type":"Organization","@id":"https:\/\/pldistribucion.com.ar\/web\/#organization","name":"PERFORMANCE LUBE","url":"https:\/\/pldistribucion.com.ar\/web\/","logo":{"@type":"ImageObject","inLanguage":"es","@id":"https:\/\/pldistribucion.com.ar\/web\/#\/schema\/logo\/image\/","url":"https:\/\/pldistribucion.com.ar\/web\/wp-content\/uploads\/pld_logo_GB-removebg-preview.png","contentUrl":"https:\/\/pldistribucion.com.ar\/web\/wp-content\/uploads\/pld_logo_GB-removebg-preview.png","width":787,"height":317,"caption":"PERFORMANCE LUBE"},"image":{"@id":"https:\/\/pldistribucion.com.ar\/web\/#\/schema\/logo\/image\/"}}]}},"_links":{"self":[{"href":"https:\/\/pldistribucion.com.ar\/web\/wp-json\/wp\/v2\/product\/6510"}],"collection":[{"href":"https:\/\/pldistribucion.com.ar\/web\/wp-json\/wp\/v2\/product"}],"about":[{"href":"https:\/\/pldistribucion.com.ar\/web\/wp-json\/wp\/v2\/types\/product"}],"replies":[{"embeddable":true,"href":"https:\/\/pldistribucion.com.ar\/web\/wp-json\/wp\/v2\/comments?post=6510"}],"wp:featuredmedia":[{"embeddable":true,"href":"https:\/\/pldistribucion.com.ar\/web\/wp-json\/wp\/v2\/media\/6512"}],"wp:attachment":[{"href":"https:\/\/pldistribucion.com.ar\/web\/wp-json\/wp\/v2\/media?parent=6510"}],"wp:term":[{"taxonomy":"product_cat","embeddable":true,"href":"https:\/\/pldistribucion.com.ar\/web\/wp-json\/wp\/v2\/product_cat?post=6510"},{"taxonomy":"product_tag","embeddable":true,"href":"https:\/\/pldistribucion.com.ar\/web\/wp-json\/wp\/v2\/product_tag?post=6510"}],"curies":[{"name":"wp","href":"https:\/\/api.w.org\/{rel}","templated":true}]}}