{"id":644,"date":"2020-02-12T19:42:11","date_gmt":"2020-02-12T19:42:11","guid":{"rendered":"https:\/\/pldistribucion.com.ar\/web\/?post_type=product&#038;p=644"},"modified":"2023-06-30T14:22:39","modified_gmt":"2023-06-30T14:22:39","slug":"shell-helix-hx3-20w-50","status":"publish","type":"product","link":"https:\/\/pldistribucion.com.ar\/web\/producto\/shell-helix-hx3-20w-50\/","title":{"rendered":"SHELL HELIX HX3 20W50"},"content":{"rendered":"<h1><span style=\"font-size: 80%;\"><strong>SHELL HELIX HX3 20W50 &#8211; Aceite de motor.<\/strong><\/span><\/h1>\n<h3><span style=\"font-size: 80%; color: #f99b1c;\"><strong>DESCRIPCI\u00d3N: <span style=\"color: #000080;\"><a style=\"color: #000080;\" href=\"https:\/\/pldistribucion.com.ar\/web\/wp-content\/uploads\/FICHA-4-8.pdf\" target=\"_blank\" rel=\"noopener\">Ver ficha t\u00e9cnica<\/a><\/span><\/strong><\/span><\/h3>\n<p><strong>Shell Helix HX3 20W50 est\u00e1 disponible en distintas presentaciones.<\/strong><\/p>\n<p><span style=\"color: #000000;\">Es un aceite de motor multigrado dise\u00f1ado para su uso en motores de gasolina y di\u00e9sel. Es un aceite mineral que ha sido especialmente formulado para brindar una protecci\u00f3n confiable para motores m\u00e1s antiguos y de alto kilometraje.\u00a0Ayuda a prevenir la formaci\u00f3n de sedimentos y reduce el desgaste, y es adecuado para su uso donde se recomienda API SL\/CF.<\/span><\/p>\n<h3><span style=\"font-size: 80%; color: #f99b1c;\"><strong>CARACTER\u00cdSTICAS:<\/strong><\/span><\/h3>\n<p><span style=\"color: #000000;\">Tiene un alto \u00edndice de viscosidad, lo que significa que mantiene su viscosidad en un amplio rango de temperaturas. Esto ayuda a garantizar que el aceite proporcione la lubricaci\u00f3n y protecci\u00f3n adecuadas al motor en condiciones de clima fr\u00edo y c\u00e1lido. El aceite tambi\u00e9n tiene un alto nivel de detergencia y dispersi\u00f3n, lo que significa que ayuda a mantener limpio el motor al eliminar la suciedad y los contaminantes.<\/span><\/p>\n<h3><span style=\"font-size: 80%; color: #f99b1c;\"><strong>APLICACIONES:<\/strong><\/span><\/h3>\n<p><span style=\"color: #000000;\">Shell Helix HX3 20W50 se recomienda para su uso en una amplia gama de motores de gasolina y di\u00e9sel, incluidos los motores m\u00e1s antiguos de alto kilometraje.\u00a0Se puede utilizar tanto en turismos como en camiones ligeros.\u00a0El aceite tambi\u00e9n se puede usar en algunas aplicaciones de servicio pesado, como veh\u00edculos todoterreno y equipos de construcci\u00f3n.<\/span><\/p>\n<hr \/>\n<p><span style=\"color: #000080;\"><strong><a style=\"color: #000080;\" href=\"https:\/\/pldistribucion.com.ar\/web\/categoria-producto\/lubricantes\/?filter_marcas=shell\" target=\"_blank\" rel=\"noopener\">Ver m\u00e1s productos SHELL<\/a><\/strong><\/span><\/p>\n<hr \/>\n<p><span style=\"color: #000000;\">(Shell fabrica y comercializa lubricantes y grasas para uso en motos, veh\u00edculos de transporte, construcci\u00f3n, agricultura e industria. Constantemente reaccionamos a las necesidades cambiantes de cada sector para que usted disponga de los lubricantes de calidad que le permitan optimizar la eficiencia de sus equipos y a\u00f1adir valor a su negocio).<\/span><\/p>\n<p><span style=\"color: #000080;\"><strong><a style=\"color: #000080;\" href=\"https:\/\/www.shell.com.ar\/acerca-de-shell\/la-marca-shell.html#:~:text=La%20palabra%20Shell%20se%20utiliz%C3%B3,conchas%20marinas%20procedentes%20de%20Oriente.\" target=\"_blank\" rel=\"noopener\">Conoce m\u00e1s sobre SHELL<\/a><\/strong><\/span><\/p>\n","protected":false},"excerpt":{"rendered":"<p><img loading=\"lazy\" decoding=\"async\" class=\"alignnone wp-image-159 \" src=\"https:\/\/pldistribucion.com.ar\/web\/wp-content\/uploads\/shell-e1655993159319.jpg\" alt=\"\" width=\"121\" height=\"122\" srcset=\"https:\/\/pldistribucion.com.ar\/web\/wp-content\/uploads\/shell-e1655993159319.jpg 145w, https:\/\/pldistribucion.com.ar\/web\/wp-content\/uploads\/shell-e1655993159319-100x100.jpg 100w\" sizes=\"(max-width: 121px) 100vw, 121px\" \/><\/p>\n<p><strong>Presentaci\u00f3n\u00a0<\/strong><strong> \u27a2 BID\u00d3N X 4L<\/strong><\/p>\n<h2 style=\"text-align: left;\"><span style=\"font-size: 75%;\"><strong><a rel=\"noopener noreferrer\" href=\"https:\/\/performancelube.mercadoshops.com.ar\/MLA-734588049-aceite-shell-helix-hx3-20w50-x4l-_JM#position=1&#038;search_layout=stack&#038;type=item&#038;tracking_id=b4aa4361-eaa4-46d0-a132-fb0e0cf654f8#position=1&#038;search_layout=stack&#038;type=item&#038;tracking_id=8eec1a3c-ddb3-4e6f-bca6-9dc7130a1a7c#position=1&#038;search_layout=stack&#038;type=item&#038;tracking_id=bbc8064c-7b0a-4bdf-bbd3-38c8c93e73bd#position=2&#038;search_layout=stack&#038;type=item&#038;tracking_id=b4aa4361-eaa4-46d0-a132-fb0e0cf654f8#position=1&#038;search_layout=stack&#038;type=item&#038;tracking_id=8eec1a3c-ddb3-4e6f-bca6-9dc7130a1a7c#position=1&#038;search_layout=stack&#038;type=item&#038;tracking_id=bbc8064c-7b0a-4bdf-bbd3-38c8c93e73bd#position=4&#038;search_layout=stack&#038;type=item&#038;tracking_id=e93fce5d-261c-44a8-bf80-7d9b835c288f#position=4&#038;search_layout=stack&#038;type=item&#038;tracking_id=43e1fe79-79b5-43ff-a078-35f50e165205#position=4&#038;search_layout=stack&#038;type=item&#038;tracking_id=43e1fe79-79b5-43ff-a078-35f50e165205#position=1&#038;search_layout=stack&#038;type=item&#038;tracking_id=8eec1a3c-ddb3-4e6f-bca6-9dc7130a1a7c#position=1&#038;search_layout=stack&#038;type=item&#038;tracking_id=bbc8064c-7b0a-4bdf-bbd3-38c8c93e73bd#position=1&#038;search_layout=stack&#038;type=item&#038;tracking_id=bbc8064c-7b0a-4bdf-bbd3-38c8c93e73bd\" target=\"_blank\" class=\"button primary\"  >\n    <span>VER EN TIENDA ?<\/span>\n  <\/a>\n<\/strong><\/span><\/h2>\n<p><strong>Disponible &#8211; Solicitar STOCK <\/strong><strong>\u27a2 X20L \/ X200L<\/strong><\/p>\n<p>Shell posee una gama de productos para el autom\u00f3vil de calle, el transporte pesado, la miner\u00eda, la generaci\u00f3n de energ\u00eda y la ingenier\u00eda general. Shell incluye Shell Helix, Shell Rimula y Shell Spirax.<\/p>\n","protected":false},"featured_media":6762,"comment_status":"open","ping_status":"closed","template":"","meta":[],"product_cat":[16,35],"product_tag":[],"yoast_head":"<!-- This site is optimized with the Yoast SEO plugin v23.0 - https:\/\/yoast.com\/wordpress\/plugins\/seo\/ -->\n<title>SHELL HELIX HX3 20W50 - Perfomance Lube - Lubricantes<\/title>\n<meta name=\"description\" content=\"Distribuidor de lubricantes SHELL de diferentes aplicaciones. Env\u00edos a todo el pa\u00eds. Variedad de productos y stock disponible.SHELL HELIX HX3 20W-50\" \/>\n<meta name=\"robots\" content=\"index, follow, max-snippet:-1, max-image-preview:large, max-video-preview:-1\" \/>\n<link rel=\"canonical\" href=\"https:\/\/pldistribucion.com.ar\/web\/producto\/shell-helix-hx3-20w-50\/\" \/>\n<meta property=\"og:locale\" content=\"es_ES\" \/>\n<meta property=\"og:type\" content=\"article\" \/>\n<meta property=\"og:title\" content=\"SHELL HELIX HX3 20W50 - Perfomance Lube - Lubricantes\" \/>\n<meta property=\"og:description\" content=\"Distribuidor de lubricantes SHELL de diferentes aplicaciones. Env\u00edos a todo el pa\u00eds. Variedad de productos y stock disponible.SHELL HELIX HX3 20W-50\" \/>\n<meta property=\"og:url\" content=\"https:\/\/pldistribucion.com.ar\/web\/producto\/shell-helix-hx3-20w-50\/\" \/>\n<meta property=\"og:site_name\" content=\"Perfomance Lube\" \/>\n<meta property=\"article:modified_time\" content=\"2023-06-30T14:22:39+00:00\" \/>\n<meta property=\"og:image\" content=\"https:\/\/pldistribucion.com.ar\/web\/wp-content\/uploads\/Diseno-sin-titulo-35.png\" \/>\n\t<meta property=\"og:image:width\" content=\"700\" \/>\n\t<meta property=\"og:image:height\" content=\"700\" \/>\n\t<meta property=\"og:image:type\" content=\"image\/png\" \/>\n<meta name=\"twitter:card\" content=\"summary_large_image\" \/>\n<meta name=\"twitter:label1\" content=\"Tiempo de lectura\" \/>\n\t<meta name=\"twitter:data1\" content=\"2 minutos\" \/>\n<script type=\"application\/ld+json\" class=\"yoast-schema-graph\">{\"@context\":\"https:\/\/schema.org\",\"@graph\":[{\"@type\":\"WebPage\",\"@id\":\"https:\/\/pldistribucion.com.ar\/web\/producto\/shell-helix-hx3-20w-50\/\",\"url\":\"https:\/\/pldistribucion.com.ar\/web\/producto\/shell-helix-hx3-20w-50\/\",\"name\":\"SHELL HELIX HX3 20W50 - Perfomance Lube - Lubricantes\",\"isPartOf\":{\"@id\":\"https:\/\/pldistribucion.com.ar\/web\/#website\"},\"primaryImageOfPage\":{\"@id\":\"https:\/\/pldistribucion.com.ar\/web\/producto\/shell-helix-hx3-20w-50\/#primaryimage\"},\"image\":{\"@id\":\"https:\/\/pldistribucion.com.ar\/web\/producto\/shell-helix-hx3-20w-50\/#primaryimage\"},\"thumbnailUrl\":\"https:\/\/pldistribucion.com.ar\/web\/wp-content\/uploads\/Diseno-sin-titulo-35.png\",\"datePublished\":\"2020-02-12T19:42:11+00:00\",\"dateModified\":\"2023-06-30T14:22:39+00:00\",\"description\":\"Distribuidor de lubricantes SHELL de diferentes aplicaciones. Env\u00edos a todo el pa\u00eds. Variedad de productos y stock disponible.SHELL HELIX HX3 20W-50\",\"breadcrumb\":{\"@id\":\"https:\/\/pldistribucion.com.ar\/web\/producto\/shell-helix-hx3-20w-50\/#breadcrumb\"},\"inLanguage\":\"es\",\"potentialAction\":[{\"@type\":\"ReadAction\",\"target\":[\"https:\/\/pldistribucion.com.ar\/web\/producto\/shell-helix-hx3-20w-50\/\"]}]},{\"@type\":\"ImageObject\",\"inLanguage\":\"es\",\"@id\":\"https:\/\/pldistribucion.com.ar\/web\/producto\/shell-helix-hx3-20w-50\/#primaryimage\",\"url\":\"https:\/\/pldistribucion.com.ar\/web\/wp-content\/uploads\/Diseno-sin-titulo-35.png\",\"contentUrl\":\"https:\/\/pldistribucion.com.ar\/web\/wp-content\/uploads\/Diseno-sin-titulo-35.png\",\"width\":700,\"height\":700,\"caption\":\"SHELL HELIX HX3 20W50\"},{\"@type\":\"BreadcrumbList\",\"@id\":\"https:\/\/pldistribucion.com.ar\/web\/producto\/shell-helix-hx3-20w-50\/#breadcrumb\",\"itemListElement\":[{\"@type\":\"ListItem\",\"position\":1,\"name\":\"Portada\",\"item\":\"https:\/\/pldistribucion.com.ar\/web\/\"},{\"@type\":\"ListItem\",\"position\":2,\"name\":\"Productos\",\"item\":\"https:\/\/pldistribucion.com.ar\/web\/productos\/\"},{\"@type\":\"ListItem\",\"position\":3,\"name\":\"SHELL HELIX HX3 20W50\"}]},{\"@type\":\"WebSite\",\"@id\":\"https:\/\/pldistribucion.com.ar\/web\/#website\",\"url\":\"https:\/\/pldistribucion.com.ar\/web\/\",\"name\":\"Perfomance Lube\",\"description\":\"\",\"publisher\":{\"@id\":\"https:\/\/pldistribucion.com.ar\/web\/#organization\"},\"potentialAction\":[{\"@type\":\"SearchAction\",\"target\":{\"@type\":\"EntryPoint\",\"urlTemplate\":\"https:\/\/pldistribucion.com.ar\/web\/?s={search_term_string}\"},\"query-input\":\"required name=search_term_string\"}],\"inLanguage\":\"es\"},{\"@type\":\"Organization\",\"@id\":\"https:\/\/pldistribucion.com.ar\/web\/#organization\",\"name\":\"PERFORMANCE LUBE\",\"url\":\"https:\/\/pldistribucion.com.ar\/web\/\",\"logo\":{\"@type\":\"ImageObject\",\"inLanguage\":\"es\",\"@id\":\"https:\/\/pldistribucion.com.ar\/web\/#\/schema\/logo\/image\/\",\"url\":\"https:\/\/pldistribucion.com.ar\/web\/wp-content\/uploads\/pld_logo_GB-removebg-preview.png\",\"contentUrl\":\"https:\/\/pldistribucion.com.ar\/web\/wp-content\/uploads\/pld_logo_GB-removebg-preview.png\",\"width\":787,\"height\":317,\"caption\":\"PERFORMANCE LUBE\"},\"image\":{\"@id\":\"https:\/\/pldistribucion.com.ar\/web\/#\/schema\/logo\/image\/\"}}]}<\/script>\n<!-- \/ Yoast SEO plugin. -->","yoast_head_json":{"title":"SHELL HELIX HX3 20W50 - Perfomance Lube - Lubricantes","description":"Distribuidor de lubricantes SHELL de diferentes aplicaciones. Env\u00edos a todo el pa\u00eds. Variedad de productos y stock disponible.SHELL HELIX HX3 20W-50","robots":{"index":"index","follow":"follow","max-snippet":"max-snippet:-1","max-image-preview":"max-image-preview:large","max-video-preview":"max-video-preview:-1"},"canonical":"https:\/\/pldistribucion.com.ar\/web\/producto\/shell-helix-hx3-20w-50\/","og_locale":"es_ES","og_type":"article","og_title":"SHELL HELIX HX3 20W50 - Perfomance Lube - Lubricantes","og_description":"Distribuidor de lubricantes SHELL de diferentes aplicaciones. Env\u00edos a todo el pa\u00eds. Variedad de productos y stock disponible.SHELL HELIX HX3 20W-50","og_url":"https:\/\/pldistribucion.com.ar\/web\/producto\/shell-helix-hx3-20w-50\/","og_site_name":"Perfomance Lube","article_modified_time":"2023-06-30T14:22:39+00:00","og_image":[{"width":700,"height":700,"url":"https:\/\/pldistribucion.com.ar\/web\/wp-content\/uploads\/Diseno-sin-titulo-35.png","type":"image\/png"}],"twitter_card":"summary_large_image","twitter_misc":{"Tiempo de lectura":"2 minutos"},"schema":{"@context":"https:\/\/schema.org","@graph":[{"@type":"WebPage","@id":"https:\/\/pldistribucion.com.ar\/web\/producto\/shell-helix-hx3-20w-50\/","url":"https:\/\/pldistribucion.com.ar\/web\/producto\/shell-helix-hx3-20w-50\/","name":"SHELL HELIX HX3 20W50 - Perfomance Lube - Lubricantes","isPartOf":{"@id":"https:\/\/pldistribucion.com.ar\/web\/#website"},"primaryImageOfPage":{"@id":"https:\/\/pldistribucion.com.ar\/web\/producto\/shell-helix-hx3-20w-50\/#primaryimage"},"image":{"@id":"https:\/\/pldistribucion.com.ar\/web\/producto\/shell-helix-hx3-20w-50\/#primaryimage"},"thumbnailUrl":"https:\/\/pldistribucion.com.ar\/web\/wp-content\/uploads\/Diseno-sin-titulo-35.png","datePublished":"2020-02-12T19:42:11+00:00","dateModified":"2023-06-30T14:22:39+00:00","description":"Distribuidor de lubricantes SHELL de diferentes aplicaciones. Env\u00edos a todo el pa\u00eds. Variedad de productos y stock disponible.SHELL HELIX HX3 20W-50","breadcrumb":{"@id":"https:\/\/pldistribucion.com.ar\/web\/producto\/shell-helix-hx3-20w-50\/#breadcrumb"},"inLanguage":"es","potentialAction":[{"@type":"ReadAction","target":["https:\/\/pldistribucion.com.ar\/web\/producto\/shell-helix-hx3-20w-50\/"]}]},{"@type":"ImageObject","inLanguage":"es","@id":"https:\/\/pldistribucion.com.ar\/web\/producto\/shell-helix-hx3-20w-50\/#primaryimage","url":"https:\/\/pldistribucion.com.ar\/web\/wp-content\/uploads\/Diseno-sin-titulo-35.png","contentUrl":"https:\/\/pldistribucion.com.ar\/web\/wp-content\/uploads\/Diseno-sin-titulo-35.png","width":700,"height":700,"caption":"SHELL HELIX HX3 20W50"},{"@type":"BreadcrumbList","@id":"https:\/\/pldistribucion.com.ar\/web\/producto\/shell-helix-hx3-20w-50\/#breadcrumb","itemListElement":[{"@type":"ListItem","position":1,"name":"Portada","item":"https:\/\/pldistribucion.com.ar\/web\/"},{"@type":"ListItem","position":2,"name":"Productos","item":"https:\/\/pldistribucion.com.ar\/web\/productos\/"},{"@type":"ListItem","position":3,"name":"SHELL HELIX HX3 20W50"}]},{"@type":"WebSite","@id":"https:\/\/pldistribucion.com.ar\/web\/#website","url":"https:\/\/pldistribucion.com.ar\/web\/","name":"Perfomance Lube","description":"","publisher":{"@id":"https:\/\/pldistribucion.com.ar\/web\/#organization"},"potentialAction":[{"@type":"SearchAction","target":{"@type":"EntryPoint","urlTemplate":"https:\/\/pldistribucion.com.ar\/web\/?s={search_term_string}"},"query-input":"required name=search_term_string"}],"inLanguage":"es"},{"@type":"Organization","@id":"https:\/\/pldistribucion.com.ar\/web\/#organization","name":"PERFORMANCE LUBE","url":"https:\/\/pldistribucion.com.ar\/web\/","logo":{"@type":"ImageObject","inLanguage":"es","@id":"https:\/\/pldistribucion.com.ar\/web\/#\/schema\/logo\/image\/","url":"https:\/\/pldistribucion.com.ar\/web\/wp-content\/uploads\/pld_logo_GB-removebg-preview.png","contentUrl":"https:\/\/pldistribucion.com.ar\/web\/wp-content\/uploads\/pld_logo_GB-removebg-preview.png","width":787,"height":317,"caption":"PERFORMANCE LUBE"},"image":{"@id":"https:\/\/pldistribucion.com.ar\/web\/#\/schema\/logo\/image\/"}}]}},"_links":{"self":[{"href":"https:\/\/pldistribucion.com.ar\/web\/wp-json\/wp\/v2\/product\/644"}],"collection":[{"href":"https:\/\/pldistribucion.com.ar\/web\/wp-json\/wp\/v2\/product"}],"about":[{"href":"https:\/\/pldistribucion.com.ar\/web\/wp-json\/wp\/v2\/types\/product"}],"replies":[{"embeddable":true,"href":"https:\/\/pldistribucion.com.ar\/web\/wp-json\/wp\/v2\/comments?post=644"}],"wp:featuredmedia":[{"embeddable":true,"href":"https:\/\/pldistribucion.com.ar\/web\/wp-json\/wp\/v2\/media\/6762"}],"wp:attachment":[{"href":"https:\/\/pldistribucion.com.ar\/web\/wp-json\/wp\/v2\/media?parent=644"}],"wp:term":[{"taxonomy":"product_cat","embeddable":true,"href":"https:\/\/pldistribucion.com.ar\/web\/wp-json\/wp\/v2\/product_cat?post=644"},{"taxonomy":"product_tag","embeddable":true,"href":"https:\/\/pldistribucion.com.ar\/web\/wp-json\/wp\/v2\/product_tag?post=644"}],"curies":[{"name":"wp","href":"https:\/\/api.w.org\/{rel}","templated":true}]}}