{"id":6421,"date":"2023-05-29T15:50:32","date_gmt":"2023-05-29T15:50:32","guid":{"rendered":"https:\/\/pldistribucion.com.ar\/web\/?post_type=product&#038;p=6421"},"modified":"2023-06-08T11:55:45","modified_gmt":"2023-06-08T11:55:45","slug":"conteineras-neumaticos","status":"publish","type":"product","link":"https:\/\/pldistribucion.com.ar\/web\/producto\/conteineras-neumaticos\/","title":{"rendered":"CONTEINERAS"},"content":{"rendered":"<h1><span style=\"font-size: 80%;\"><strong>CONTEINERAS &#8211; Neum\u00e1ticos.<\/strong><\/span><\/h1>\n<h3><span style=\"font-size: 80%; color: #f99b1c;\"><strong>DESCRIPCI\u00d3N:<\/strong><\/span><\/h3>\n<p><span style=\"color: #000000;\">Los neum\u00e1ticos para conteineras\u00a0son especialmente dise\u00f1ados para maquinaria vial utilizada en el manejo de contenedores en puertos, terminales de carga y \u00e1reas de almacenamiento. Estos neum\u00e1ticos est\u00e1n dise\u00f1ados para soportar cargas pesadas y operar en terrenos dif\u00edciles y exigentes.<\/span><\/p>\n<h3><span style=\"font-size: 80%; color: #f99b1c;\"><strong>CARACTER\u00cdSTICAS:<\/strong><\/span><\/h3>\n<p><span style=\"color: #000000;\">Los neum\u00e1ticos para contenedores son un tipo de neum\u00e1tico industrial que est\u00e1 dise\u00f1ado para soportar cargas pesadas y terrenos irregulares asociados con el manejo de contenedores. Por lo general, est\u00e1n hechos de un compuesto de caucho duradero y tienen un dibujo profundo de la banda de rodadura para proporcionar una buena tracci\u00f3n.<\/span><\/p>\n<p><span style=\"color: #000000;\">Estos neumaticos suelen ser mucho m\u00e1s grandes que los neum\u00e1ticos para autom\u00f3viles de pasajeros y pueden ser bastante caros. Sin embargo, son una inversi\u00f3n necesaria para cualquier empresa que manipule contenedores de forma habitual.<\/span><\/p>\n<p><span style=\"color: #000000;\">Dado que las contenedoras a menudo operan en entornos \u00e1speros y abrasivos, los neum\u00e1ticos est\u00e1n construidos con compuestos de caucho de alta resistencia a la abrasi\u00f3n permitiendo resistir el desgaste y los da\u00f1os causados por superficies rugosas, piedras y escombros.<\/span><\/p>\n<p><span style=\"color: #000000;\">Tambien estos neumaticos est\u00e1n dise\u00f1ados con un patr\u00f3n de banda de rodadura profundo y agresivo para proporcionar una tracci\u00f3n \u00f3ptima en terrenos resbaladizos. Adem\u00e1s, ofrecen una excelente estabilidad lateral para maniobrar con seguridad en \u00e1reas de carga y descarga de contenedores.<\/span><\/p>\n<p><span style=\"color: #000000;\">Garantizados para brindar una vida util y resistir golpes, impactos y deformaciones, lo que los hace ideales para el manejo constante de contenedores.<\/span><\/p>\n<p><span style=\"color: #000000;\">Los neumaticos est\u00e1n disponibles en una amplia gama de tama\u00f1os para adaptarse a diferentes tipos de maquinaria vial y requisitos espec\u00edficos. Es importante seleccionar el tama\u00f1o correcto para garantizar un ajuste adecuado y un rendimiento \u00f3ptimo.<\/span><\/p>\n<hr \/>\n<p><span style=\"color: #000080;\"><strong><a style=\"color: #000080;\" href=\"https:\/\/pldistribucion.com.ar\/web\/categoria-producto\/neumati-cos\/\" target=\"_blank\" rel=\"noopener\">Conoce m\u00e1s NEUM\u00c1TICOS<\/a><\/strong><\/span><\/p>\n<p>&nbsp;<\/p>\n","protected":false},"excerpt":{"rendered":"<p><img loading=\"lazy\" decoding=\"async\" class=\"wp-image-6236 alignleft\" src=\"https:\/\/pldistribucion.com.ar\/web\/wp-content\/uploads\/pld5-1-300x257.jpg\" alt=\"\" width=\"174\" height=\"149\" srcset=\"https:\/\/pldistribucion.com.ar\/web\/wp-content\/uploads\/pld5-1-300x257.jpg 300w, https:\/\/pldistribucion.com.ar\/web\/wp-content\/uploads\/pld5-1-768x658.jpg 768w, https:\/\/pldistribucion.com.ar\/web\/wp-content\/uploads\/pld5-1-600x514.jpg 600w, https:\/\/pldistribucion.com.ar\/web\/wp-content\/uploads\/pld5-1.jpg 827w\" sizes=\"(max-width: 174px) 100vw, 174px\" \/><\/p>\n<h2 style=\"text-align: left;\"><span style=\"font-size: 75%;\"><strong><a rel=\"noopener noreferrer\" href=\"https:\/\/performancelube.mercadoshops.com.ar\/listado\/accesorios-vehiculos\/#position=1&#038;search_layout=stack&#038;type=item&#038;tracking_id=bbc8064c-7b0a-4bdf-bbd3-38c8c93e73bd\" target=\"_blank\" class=\"button primary\"  >\n    <span>VER TIENDA ONLINE ?<\/span>\n  <\/a>\n<span style=\"color: #69314d;\">\u00a0<\/span><\/strong><strong>\u00a0<\/strong><\/span><\/h2>\n","protected":false},"featured_media":6423,"comment_status":"open","ping_status":"closed","template":"","meta":[],"product_cat":[200],"product_tag":[],"yoast_head":"<!-- This site is optimized with the Yoast SEO plugin v23.0 - https:\/\/yoast.com\/wordpress\/plugins\/seo\/ -->\n<title>CONTEINERAS - Perfomance Lube - Neum\u00e1ticos<\/title>\n<meta name=\"description\" content=\"Distribuidor de neumaticos de diferentes aplicaciones. Env\u00edos a todo el pa\u00eds. Variedad de productos y stock disponible.CONTEINERAS\" \/>\n<meta name=\"robots\" content=\"index, follow, max-snippet:-1, max-image-preview:large, max-video-preview:-1\" \/>\n<link rel=\"canonical\" href=\"https:\/\/pldistribucion.com.ar\/web\/producto\/conteineras-neumaticos\/\" \/>\n<meta property=\"og:locale\" content=\"es_ES\" \/>\n<meta property=\"og:type\" content=\"article\" \/>\n<meta property=\"og:title\" content=\"CONTEINERAS - Perfomance Lube - Neum\u00e1ticos\" \/>\n<meta property=\"og:description\" content=\"Distribuidor de neumaticos de diferentes aplicaciones. Env\u00edos a todo el pa\u00eds. Variedad de productos y stock disponible.CONTEINERAS\" \/>\n<meta property=\"og:url\" content=\"https:\/\/pldistribucion.com.ar\/web\/producto\/conteineras-neumaticos\/\" \/>\n<meta property=\"og:site_name\" content=\"Perfomance Lube\" \/>\n<meta property=\"article:modified_time\" content=\"2023-06-08T11:55:45+00:00\" \/>\n<meta property=\"og:image\" content=\"https:\/\/pldistribucion.com.ar\/web\/wp-content\/uploads\/Diseno-sin-titulo-12.png\" \/>\n\t<meta property=\"og:image:width\" content=\"1200\" \/>\n\t<meta property=\"og:image:height\" content=\"800\" \/>\n\t<meta property=\"og:image:type\" content=\"image\/png\" \/>\n<meta name=\"twitter:card\" content=\"summary_large_image\" \/>\n<meta name=\"twitter:label1\" content=\"Tiempo de lectura\" \/>\n\t<meta name=\"twitter:data1\" content=\"2 minutos\" \/>\n<script type=\"application\/ld+json\" class=\"yoast-schema-graph\">{\"@context\":\"https:\/\/schema.org\",\"@graph\":[{\"@type\":\"WebPage\",\"@id\":\"https:\/\/pldistribucion.com.ar\/web\/producto\/conteineras-neumaticos\/\",\"url\":\"https:\/\/pldistribucion.com.ar\/web\/producto\/conteineras-neumaticos\/\",\"name\":\"CONTEINERAS - Perfomance Lube - Neum\u00e1ticos\",\"isPartOf\":{\"@id\":\"https:\/\/pldistribucion.com.ar\/web\/#website\"},\"primaryImageOfPage\":{\"@id\":\"https:\/\/pldistribucion.com.ar\/web\/producto\/conteineras-neumaticos\/#primaryimage\"},\"image\":{\"@id\":\"https:\/\/pldistribucion.com.ar\/web\/producto\/conteineras-neumaticos\/#primaryimage\"},\"thumbnailUrl\":\"https:\/\/pldistribucion.com.ar\/web\/wp-content\/uploads\/Diseno-sin-titulo-12.png\",\"datePublished\":\"2023-05-29T15:50:32+00:00\",\"dateModified\":\"2023-06-08T11:55:45+00:00\",\"description\":\"Distribuidor de neumaticos de diferentes aplicaciones. Env\u00edos a todo el pa\u00eds. Variedad de productos y stock disponible.CONTEINERAS\",\"breadcrumb\":{\"@id\":\"https:\/\/pldistribucion.com.ar\/web\/producto\/conteineras-neumaticos\/#breadcrumb\"},\"inLanguage\":\"es\",\"potentialAction\":[{\"@type\":\"ReadAction\",\"target\":[\"https:\/\/pldistribucion.com.ar\/web\/producto\/conteineras-neumaticos\/\"]}]},{\"@type\":\"ImageObject\",\"inLanguage\":\"es\",\"@id\":\"https:\/\/pldistribucion.com.ar\/web\/producto\/conteineras-neumaticos\/#primaryimage\",\"url\":\"https:\/\/pldistribucion.com.ar\/web\/wp-content\/uploads\/Diseno-sin-titulo-12.png\",\"contentUrl\":\"https:\/\/pldistribucion.com.ar\/web\/wp-content\/uploads\/Diseno-sin-titulo-12.png\",\"width\":1200,\"height\":800,\"caption\":\"CONTEINERAS\"},{\"@type\":\"BreadcrumbList\",\"@id\":\"https:\/\/pldistribucion.com.ar\/web\/producto\/conteineras-neumaticos\/#breadcrumb\",\"itemListElement\":[{\"@type\":\"ListItem\",\"position\":1,\"name\":\"Portada\",\"item\":\"https:\/\/pldistribucion.com.ar\/web\/\"},{\"@type\":\"ListItem\",\"position\":2,\"name\":\"Productos\",\"item\":\"https:\/\/pldistribucion.com.ar\/web\/productos\/\"},{\"@type\":\"ListItem\",\"position\":3,\"name\":\"CONTEINERAS\"}]},{\"@type\":\"WebSite\",\"@id\":\"https:\/\/pldistribucion.com.ar\/web\/#website\",\"url\":\"https:\/\/pldistribucion.com.ar\/web\/\",\"name\":\"Perfomance Lube\",\"description\":\"\",\"publisher\":{\"@id\":\"https:\/\/pldistribucion.com.ar\/web\/#organization\"},\"potentialAction\":[{\"@type\":\"SearchAction\",\"target\":{\"@type\":\"EntryPoint\",\"urlTemplate\":\"https:\/\/pldistribucion.com.ar\/web\/?s={search_term_string}\"},\"query-input\":\"required name=search_term_string\"}],\"inLanguage\":\"es\"},{\"@type\":\"Organization\",\"@id\":\"https:\/\/pldistribucion.com.ar\/web\/#organization\",\"name\":\"PERFORMANCE LUBE\",\"url\":\"https:\/\/pldistribucion.com.ar\/web\/\",\"logo\":{\"@type\":\"ImageObject\",\"inLanguage\":\"es\",\"@id\":\"https:\/\/pldistribucion.com.ar\/web\/#\/schema\/logo\/image\/\",\"url\":\"https:\/\/pldistribucion.com.ar\/web\/wp-content\/uploads\/pld_logo_GB-removebg-preview.png\",\"contentUrl\":\"https:\/\/pldistribucion.com.ar\/web\/wp-content\/uploads\/pld_logo_GB-removebg-preview.png\",\"width\":787,\"height\":317,\"caption\":\"PERFORMANCE LUBE\"},\"image\":{\"@id\":\"https:\/\/pldistribucion.com.ar\/web\/#\/schema\/logo\/image\/\"}}]}<\/script>\n<!-- \/ Yoast SEO plugin. -->","yoast_head_json":{"title":"CONTEINERAS - Perfomance Lube - Neum\u00e1ticos","description":"Distribuidor de neumaticos de diferentes aplicaciones. Env\u00edos a todo el pa\u00eds. Variedad de productos y stock disponible.CONTEINERAS","robots":{"index":"index","follow":"follow","max-snippet":"max-snippet:-1","max-image-preview":"max-image-preview:large","max-video-preview":"max-video-preview:-1"},"canonical":"https:\/\/pldistribucion.com.ar\/web\/producto\/conteineras-neumaticos\/","og_locale":"es_ES","og_type":"article","og_title":"CONTEINERAS - Perfomance Lube - Neum\u00e1ticos","og_description":"Distribuidor de neumaticos de diferentes aplicaciones. Env\u00edos a todo el pa\u00eds. Variedad de productos y stock disponible.CONTEINERAS","og_url":"https:\/\/pldistribucion.com.ar\/web\/producto\/conteineras-neumaticos\/","og_site_name":"Perfomance Lube","article_modified_time":"2023-06-08T11:55:45+00:00","og_image":[{"width":1200,"height":800,"url":"https:\/\/pldistribucion.com.ar\/web\/wp-content\/uploads\/Diseno-sin-titulo-12.png","type":"image\/png"}],"twitter_card":"summary_large_image","twitter_misc":{"Tiempo de lectura":"2 minutos"},"schema":{"@context":"https:\/\/schema.org","@graph":[{"@type":"WebPage","@id":"https:\/\/pldistribucion.com.ar\/web\/producto\/conteineras-neumaticos\/","url":"https:\/\/pldistribucion.com.ar\/web\/producto\/conteineras-neumaticos\/","name":"CONTEINERAS - Perfomance Lube - Neum\u00e1ticos","isPartOf":{"@id":"https:\/\/pldistribucion.com.ar\/web\/#website"},"primaryImageOfPage":{"@id":"https:\/\/pldistribucion.com.ar\/web\/producto\/conteineras-neumaticos\/#primaryimage"},"image":{"@id":"https:\/\/pldistribucion.com.ar\/web\/producto\/conteineras-neumaticos\/#primaryimage"},"thumbnailUrl":"https:\/\/pldistribucion.com.ar\/web\/wp-content\/uploads\/Diseno-sin-titulo-12.png","datePublished":"2023-05-29T15:50:32+00:00","dateModified":"2023-06-08T11:55:45+00:00","description":"Distribuidor de neumaticos de diferentes aplicaciones. Env\u00edos a todo el pa\u00eds. Variedad de productos y stock disponible.CONTEINERAS","breadcrumb":{"@id":"https:\/\/pldistribucion.com.ar\/web\/producto\/conteineras-neumaticos\/#breadcrumb"},"inLanguage":"es","potentialAction":[{"@type":"ReadAction","target":["https:\/\/pldistribucion.com.ar\/web\/producto\/conteineras-neumaticos\/"]}]},{"@type":"ImageObject","inLanguage":"es","@id":"https:\/\/pldistribucion.com.ar\/web\/producto\/conteineras-neumaticos\/#primaryimage","url":"https:\/\/pldistribucion.com.ar\/web\/wp-content\/uploads\/Diseno-sin-titulo-12.png","contentUrl":"https:\/\/pldistribucion.com.ar\/web\/wp-content\/uploads\/Diseno-sin-titulo-12.png","width":1200,"height":800,"caption":"CONTEINERAS"},{"@type":"BreadcrumbList","@id":"https:\/\/pldistribucion.com.ar\/web\/producto\/conteineras-neumaticos\/#breadcrumb","itemListElement":[{"@type":"ListItem","position":1,"name":"Portada","item":"https:\/\/pldistribucion.com.ar\/web\/"},{"@type":"ListItem","position":2,"name":"Productos","item":"https:\/\/pldistribucion.com.ar\/web\/productos\/"},{"@type":"ListItem","position":3,"name":"CONTEINERAS"}]},{"@type":"WebSite","@id":"https:\/\/pldistribucion.com.ar\/web\/#website","url":"https:\/\/pldistribucion.com.ar\/web\/","name":"Perfomance Lube","description":"","publisher":{"@id":"https:\/\/pldistribucion.com.ar\/web\/#organization"},"potentialAction":[{"@type":"SearchAction","target":{"@type":"EntryPoint","urlTemplate":"https:\/\/pldistribucion.com.ar\/web\/?s={search_term_string}"},"query-input":"required name=search_term_string"}],"inLanguage":"es"},{"@type":"Organization","@id":"https:\/\/pldistribucion.com.ar\/web\/#organization","name":"PERFORMANCE LUBE","url":"https:\/\/pldistribucion.com.ar\/web\/","logo":{"@type":"ImageObject","inLanguage":"es","@id":"https:\/\/pldistribucion.com.ar\/web\/#\/schema\/logo\/image\/","url":"https:\/\/pldistribucion.com.ar\/web\/wp-content\/uploads\/pld_logo_GB-removebg-preview.png","contentUrl":"https:\/\/pldistribucion.com.ar\/web\/wp-content\/uploads\/pld_logo_GB-removebg-preview.png","width":787,"height":317,"caption":"PERFORMANCE LUBE"},"image":{"@id":"https:\/\/pldistribucion.com.ar\/web\/#\/schema\/logo\/image\/"}}]}},"_links":{"self":[{"href":"https:\/\/pldistribucion.com.ar\/web\/wp-json\/wp\/v2\/product\/6421"}],"collection":[{"href":"https:\/\/pldistribucion.com.ar\/web\/wp-json\/wp\/v2\/product"}],"about":[{"href":"https:\/\/pldistribucion.com.ar\/web\/wp-json\/wp\/v2\/types\/product"}],"replies":[{"embeddable":true,"href":"https:\/\/pldistribucion.com.ar\/web\/wp-json\/wp\/v2\/comments?post=6421"}],"wp:featuredmedia":[{"embeddable":true,"href":"https:\/\/pldistribucion.com.ar\/web\/wp-json\/wp\/v2\/media\/6423"}],"wp:attachment":[{"href":"https:\/\/pldistribucion.com.ar\/web\/wp-json\/wp\/v2\/media?parent=6421"}],"wp:term":[{"taxonomy":"product_cat","embeddable":true,"href":"https:\/\/pldistribucion.com.ar\/web\/wp-json\/wp\/v2\/product_cat?post=6421"},{"taxonomy":"product_tag","embeddable":true,"href":"https:\/\/pldistribucion.com.ar\/web\/wp-json\/wp\/v2\/product_tag?post=6421"}],"curies":[{"name":"wp","href":"https:\/\/api.w.org\/{rel}","templated":true}]}}