{"id":641,"date":"2020-02-12T19:22:03","date_gmt":"2020-02-12T19:22:03","guid":{"rendered":"https:\/\/pldistribucion.com.ar\/web\/?post_type=product&#038;p=641"},"modified":"2022-06-28T11:53:15","modified_gmt":"2022-06-28T11:53:15","slug":"aceite-shell-helix-hx3-15w-40","status":"publish","type":"product","link":"https:\/\/pldistribucion.com.ar\/web\/producto\/aceite-shell-helix-hx3-15w-40\/","title":{"rendered":"SHELL HELIX HX3 15W-40"},"content":{"rendered":"<h1><strong style=\"font-size: 80%;\">SHELL HELIX HX3 15W-40 \/ Lubricante multigrado para motor: protecci\u00f3n confiable para motores m\u00e1s viejos.<\/strong><\/h1>\n<h3><span style=\"background-color: #bee8e8;\"><b>DESCRIPCI\u00d3N DEL PRODUCTO<\/b><\/span><\/h3>\n<p><span style=\"color: #000000;\">El aceite de motor Shell Helix HX5\u00a0 15W-40 utiliza una tecnolog\u00eda especial de limpieza activa que facilita que los motores funcionen con eficiencia, para una conducci\u00f3n m\u00e1s suave y tranquila.<\/span><\/p>\n<p><span style=\"color: #000000;\">En estudios llevados a cabo por una agencia independiente de investigaci\u00f3n del mercado, un n\u00famero significativo de los encuestados pensaba que sus coches eran m\u00e1s silenciosos despu\u00e9s de poner aceite Shell Helix HX5.<\/span><\/p>\n<p><span style=\"color: #000000;\">En un motor limpio el aceite llega mejor a las superficies y puede fluir con m\u00e1s rapidez hasta los lugares en que es necesario, por lo que el motor est\u00e1 mejor protegido. Shell Helix HX5 contin\u00faa produciendo sus beneficios hasta el siguiente cambio de aceite.<\/span><\/p>\n<p><span style=\"color: #000000;\">Shell Helix HX5 se ha formulado espec\u00edficamente para los motores de inyecci\u00f3n de gasolina con recirculaci\u00f3n de los gases del c\u00e1rter. Existen formulaciones para distintos tipos de combustible.<\/span><\/p>\n<ul>\n<li><strong>Mejor rendimiento del motor El aceite<\/strong><br \/>\nShell Helix HX5 elimina hasta el 27% m\u00e1s de dep\u00f3sitos que Shell Helix HX3.<\/li>\n<li><strong>Protecci\u00f3n m\u00e1s duradera gracias a la mayor resistencia a la oxidaci\u00f3n<\/strong><br \/>\nShell Helix HX5 proporciona hasta un 69% m\u00e1s de protecci\u00f3n que Shell Helix HX3.<\/li>\n<\/ul>\n<h3><span style=\"background-color: #bee8e8;\"><b>CARACTER\u00cdSTICAS Y BENEFICIOS<\/b><\/span><\/h3>\n<p><span style=\"color: #000000;\">Para limpiar y proteger un motor, el aceite debe actuar hasta que se cambie en la siguiente revisi\u00f3n de mantenimiento. Como algunos fabricantes recomiendan intervalos de mantenimiento m\u00e1s largos que otros, la capacidad de un aceite para mantener sus cualidades es un factor a\u00fan m\u00e1s importante. Durante toda su vida, el aceite tiene que dispersar cada vez m\u00e1s impurezas, apart\u00e1ndolas e impidiendo que se depositen en el motor.<\/span><\/p>\n<hr \/>\n<p><span style=\"color: #000080;\"><strong><a style=\"color: #000080;\" href=\"https:\/\/pldistribucion.com.ar\/web\/wp-content\/uploads\/ficha-3-14.pdf\" target=\"_blank\" rel=\"noopener\">Ver ficha t\u00e9cnica<\/a><\/strong><\/span><\/p>\n<p><span style=\"color: #000080;\"><strong><a style=\"color: #000080;\" href=\"https:\/\/pldistribucion.com.ar\/web\/categoria-producto\/lubricantes\/?filter_marcas=shell\" target=\"_blank\" rel=\"noopener\">Ver m\u00e1s productos SHELL<\/a><\/strong><\/span><\/p>\n<p><span style=\"color: #000000;\">(Shell fabrica y comercializa lubricantes y grasas para uso en motos, veh\u00edculos de transporte, construcci\u00f3n, agricultura e industria. Constantemente reaccionamos a las necesidades cambiantes de cada sector para que usted disponga de los lubricantes de calidad que le permitan optimizar la eficiencia de sus equipos y a\u00f1adir valor a su negocio).<\/span><\/p>\n<p><span style=\"color: #000080;\"><strong><a style=\"color: #000080;\" href=\"https:\/\/www.shell.com.ar\/acerca-de-shell\/la-marca-shell.html#:~:text=La%20palabra%20Shell%20se%20utiliz%C3%B3,conchas%20marinas%20procedentes%20de%20Oriente.\" target=\"_blank\" rel=\"noopener\">Conoce m\u00e1s sobre SHELL<\/a><\/strong><\/span><\/p>\n<p>&nbsp;<\/p>\n<p>&nbsp;<\/p>\n","protected":false},"excerpt":{"rendered":"<p><img loading=\"lazy\" decoding=\"async\" class=\"alignnone size-full wp-image-284\" src=\"https:\/\/pldistribucion.com.ar\/web\/wp-content\/uploads\/shell.png\" alt=\"\" width=\"200\" height=\"200\" \/><\/p>\n<h1>Shell Lubricantes<\/h1>\n<p>Shell vende una amplia variedad de lubricantes para satisfacer las necesidades de los clientes a trav\u00e9s de una gama de productos para el autom\u00f3vil de calle, el transporte pesado, la miner\u00eda, la generaci\u00f3n de energ\u00eda y la ingenier\u00eda general. La cartera de productos de lubricantes Shell incluye Shell Helix, Shell Rimula y Shell Spirax. Con 70 plantas en todo el mundo, somos productores de aceites que se distribuyen, comercializan y venden en m\u00e1s de 100 pa\u00edses.<\/p>\n","protected":false},"featured_media":3080,"comment_status":"open","ping_status":"closed","template":"","meta":[],"product_cat":[16,35],"product_tag":[],"yoast_head":"<!-- This site is optimized with the Yoast SEO plugin v23.0 - https:\/\/yoast.com\/wordpress\/plugins\/seo\/ -->\n<title>SHELL HELIX HX3 15W-40 - Perfomance Lube - Lubricantes<\/title>\n<meta name=\"description\" content=\"Distribuidor de lubricantes SHELL de diferentes aplicaciones. Env\u00edos a todo el pa\u00eds. Variedad de productos y stock disponible. SHELL HELIX HX3 15W-40\" \/>\n<meta name=\"robots\" content=\"index, follow, max-snippet:-1, max-image-preview:large, max-video-preview:-1\" \/>\n<link rel=\"canonical\" href=\"https:\/\/pldistribucion.com.ar\/web\/producto\/aceite-shell-helix-hx3-15w-40\/\" \/>\n<meta property=\"og:locale\" content=\"es_ES\" \/>\n<meta property=\"og:type\" content=\"article\" \/>\n<meta property=\"og:title\" content=\"SHELL HELIX HX3 15W-40 - Perfomance Lube - Lubricantes\" \/>\n<meta property=\"og:description\" content=\"Distribuidor de lubricantes SHELL de diferentes aplicaciones. Env\u00edos a todo el pa\u00eds. Variedad de productos y stock disponible. SHELL HELIX HX3 15W-40\" \/>\n<meta property=\"og:url\" content=\"https:\/\/pldistribucion.com.ar\/web\/producto\/aceite-shell-helix-hx3-15w-40\/\" \/>\n<meta property=\"og:site_name\" content=\"Perfomance Lube\" \/>\n<meta property=\"article:modified_time\" content=\"2022-06-28T11:53:15+00:00\" \/>\n<meta property=\"og:image\" content=\"https:\/\/pldistribucion.com.ar\/web\/wp-content\/uploads\/FOTO-5.jpeg\" \/>\n\t<meta property=\"og:image:width\" content=\"640\" \/>\n\t<meta property=\"og:image:height\" content=\"640\" \/>\n\t<meta property=\"og:image:type\" content=\"image\/jpeg\" \/>\n<meta name=\"twitter:card\" content=\"summary_large_image\" \/>\n<meta name=\"twitter:label1\" content=\"Tiempo de lectura\" \/>\n\t<meta name=\"twitter:data1\" content=\"2 minutos\" \/>\n<script type=\"application\/ld+json\" class=\"yoast-schema-graph\">{\"@context\":\"https:\/\/schema.org\",\"@graph\":[{\"@type\":\"WebPage\",\"@id\":\"https:\/\/pldistribucion.com.ar\/web\/producto\/aceite-shell-helix-hx3-15w-40\/\",\"url\":\"https:\/\/pldistribucion.com.ar\/web\/producto\/aceite-shell-helix-hx3-15w-40\/\",\"name\":\"SHELL HELIX HX3 15W-40 - Perfomance Lube - Lubricantes\",\"isPartOf\":{\"@id\":\"https:\/\/pldistribucion.com.ar\/web\/#website\"},\"primaryImageOfPage\":{\"@id\":\"https:\/\/pldistribucion.com.ar\/web\/producto\/aceite-shell-helix-hx3-15w-40\/#primaryimage\"},\"image\":{\"@id\":\"https:\/\/pldistribucion.com.ar\/web\/producto\/aceite-shell-helix-hx3-15w-40\/#primaryimage\"},\"thumbnailUrl\":\"https:\/\/pldistribucion.com.ar\/web\/wp-content\/uploads\/FOTO-5.jpeg\",\"datePublished\":\"2020-02-12T19:22:03+00:00\",\"dateModified\":\"2022-06-28T11:53:15+00:00\",\"description\":\"Distribuidor de lubricantes SHELL de diferentes aplicaciones. Env\u00edos a todo el pa\u00eds. Variedad de productos y stock disponible. SHELL HELIX HX3 15W-40\",\"breadcrumb\":{\"@id\":\"https:\/\/pldistribucion.com.ar\/web\/producto\/aceite-shell-helix-hx3-15w-40\/#breadcrumb\"},\"inLanguage\":\"es\",\"potentialAction\":[{\"@type\":\"ReadAction\",\"target\":[\"https:\/\/pldistribucion.com.ar\/web\/producto\/aceite-shell-helix-hx3-15w-40\/\"]}]},{\"@type\":\"ImageObject\",\"inLanguage\":\"es\",\"@id\":\"https:\/\/pldistribucion.com.ar\/web\/producto\/aceite-shell-helix-hx3-15w-40\/#primaryimage\",\"url\":\"https:\/\/pldistribucion.com.ar\/web\/wp-content\/uploads\/FOTO-5.jpeg\",\"contentUrl\":\"https:\/\/pldistribucion.com.ar\/web\/wp-content\/uploads\/FOTO-5.jpeg\",\"width\":640,\"height\":640,\"caption\":\"SHELL HELIX HX3 15W-40\"},{\"@type\":\"BreadcrumbList\",\"@id\":\"https:\/\/pldistribucion.com.ar\/web\/producto\/aceite-shell-helix-hx3-15w-40\/#breadcrumb\",\"itemListElement\":[{\"@type\":\"ListItem\",\"position\":1,\"name\":\"Portada\",\"item\":\"https:\/\/pldistribucion.com.ar\/web\/\"},{\"@type\":\"ListItem\",\"position\":2,\"name\":\"Productos\",\"item\":\"https:\/\/pldistribucion.com.ar\/web\/productos\/\"},{\"@type\":\"ListItem\",\"position\":3,\"name\":\"SHELL HELIX HX3 15W-40\"}]},{\"@type\":\"WebSite\",\"@id\":\"https:\/\/pldistribucion.com.ar\/web\/#website\",\"url\":\"https:\/\/pldistribucion.com.ar\/web\/\",\"name\":\"Perfomance Lube\",\"description\":\"\",\"publisher\":{\"@id\":\"https:\/\/pldistribucion.com.ar\/web\/#organization\"},\"potentialAction\":[{\"@type\":\"SearchAction\",\"target\":{\"@type\":\"EntryPoint\",\"urlTemplate\":\"https:\/\/pldistribucion.com.ar\/web\/?s={search_term_string}\"},\"query-input\":\"required name=search_term_string\"}],\"inLanguage\":\"es\"},{\"@type\":\"Organization\",\"@id\":\"https:\/\/pldistribucion.com.ar\/web\/#organization\",\"name\":\"PERFORMANCE LUBE\",\"url\":\"https:\/\/pldistribucion.com.ar\/web\/\",\"logo\":{\"@type\":\"ImageObject\",\"inLanguage\":\"es\",\"@id\":\"https:\/\/pldistribucion.com.ar\/web\/#\/schema\/logo\/image\/\",\"url\":\"https:\/\/pldistribucion.com.ar\/web\/wp-content\/uploads\/pld_logo_GB-removebg-preview.png\",\"contentUrl\":\"https:\/\/pldistribucion.com.ar\/web\/wp-content\/uploads\/pld_logo_GB-removebg-preview.png\",\"width\":787,\"height\":317,\"caption\":\"PERFORMANCE LUBE\"},\"image\":{\"@id\":\"https:\/\/pldistribucion.com.ar\/web\/#\/schema\/logo\/image\/\"}}]}<\/script>\n<!-- \/ Yoast SEO plugin. -->","yoast_head_json":{"title":"SHELL HELIX HX3 15W-40 - Perfomance Lube - Lubricantes","description":"Distribuidor de lubricantes SHELL de diferentes aplicaciones. Env\u00edos a todo el pa\u00eds. Variedad de productos y stock disponible. SHELL HELIX HX3 15W-40","robots":{"index":"index","follow":"follow","max-snippet":"max-snippet:-1","max-image-preview":"max-image-preview:large","max-video-preview":"max-video-preview:-1"},"canonical":"https:\/\/pldistribucion.com.ar\/web\/producto\/aceite-shell-helix-hx3-15w-40\/","og_locale":"es_ES","og_type":"article","og_title":"SHELL HELIX HX3 15W-40 - Perfomance Lube - Lubricantes","og_description":"Distribuidor de lubricantes SHELL de diferentes aplicaciones. Env\u00edos a todo el pa\u00eds. Variedad de productos y stock disponible. SHELL HELIX HX3 15W-40","og_url":"https:\/\/pldistribucion.com.ar\/web\/producto\/aceite-shell-helix-hx3-15w-40\/","og_site_name":"Perfomance Lube","article_modified_time":"2022-06-28T11:53:15+00:00","og_image":[{"width":640,"height":640,"url":"https:\/\/pldistribucion.com.ar\/web\/wp-content\/uploads\/FOTO-5.jpeg","type":"image\/jpeg"}],"twitter_card":"summary_large_image","twitter_misc":{"Tiempo de lectura":"2 minutos"},"schema":{"@context":"https:\/\/schema.org","@graph":[{"@type":"WebPage","@id":"https:\/\/pldistribucion.com.ar\/web\/producto\/aceite-shell-helix-hx3-15w-40\/","url":"https:\/\/pldistribucion.com.ar\/web\/producto\/aceite-shell-helix-hx3-15w-40\/","name":"SHELL HELIX HX3 15W-40 - Perfomance Lube - Lubricantes","isPartOf":{"@id":"https:\/\/pldistribucion.com.ar\/web\/#website"},"primaryImageOfPage":{"@id":"https:\/\/pldistribucion.com.ar\/web\/producto\/aceite-shell-helix-hx3-15w-40\/#primaryimage"},"image":{"@id":"https:\/\/pldistribucion.com.ar\/web\/producto\/aceite-shell-helix-hx3-15w-40\/#primaryimage"},"thumbnailUrl":"https:\/\/pldistribucion.com.ar\/web\/wp-content\/uploads\/FOTO-5.jpeg","datePublished":"2020-02-12T19:22:03+00:00","dateModified":"2022-06-28T11:53:15+00:00","description":"Distribuidor de lubricantes SHELL de diferentes aplicaciones. Env\u00edos a todo el pa\u00eds. Variedad de productos y stock disponible. SHELL HELIX HX3 15W-40","breadcrumb":{"@id":"https:\/\/pldistribucion.com.ar\/web\/producto\/aceite-shell-helix-hx3-15w-40\/#breadcrumb"},"inLanguage":"es","potentialAction":[{"@type":"ReadAction","target":["https:\/\/pldistribucion.com.ar\/web\/producto\/aceite-shell-helix-hx3-15w-40\/"]}]},{"@type":"ImageObject","inLanguage":"es","@id":"https:\/\/pldistribucion.com.ar\/web\/producto\/aceite-shell-helix-hx3-15w-40\/#primaryimage","url":"https:\/\/pldistribucion.com.ar\/web\/wp-content\/uploads\/FOTO-5.jpeg","contentUrl":"https:\/\/pldistribucion.com.ar\/web\/wp-content\/uploads\/FOTO-5.jpeg","width":640,"height":640,"caption":"SHELL HELIX HX3 15W-40"},{"@type":"BreadcrumbList","@id":"https:\/\/pldistribucion.com.ar\/web\/producto\/aceite-shell-helix-hx3-15w-40\/#breadcrumb","itemListElement":[{"@type":"ListItem","position":1,"name":"Portada","item":"https:\/\/pldistribucion.com.ar\/web\/"},{"@type":"ListItem","position":2,"name":"Productos","item":"https:\/\/pldistribucion.com.ar\/web\/productos\/"},{"@type":"ListItem","position":3,"name":"SHELL HELIX HX3 15W-40"}]},{"@type":"WebSite","@id":"https:\/\/pldistribucion.com.ar\/web\/#website","url":"https:\/\/pldistribucion.com.ar\/web\/","name":"Perfomance Lube","description":"","publisher":{"@id":"https:\/\/pldistribucion.com.ar\/web\/#organization"},"potentialAction":[{"@type":"SearchAction","target":{"@type":"EntryPoint","urlTemplate":"https:\/\/pldistribucion.com.ar\/web\/?s={search_term_string}"},"query-input":"required name=search_term_string"}],"inLanguage":"es"},{"@type":"Organization","@id":"https:\/\/pldistribucion.com.ar\/web\/#organization","name":"PERFORMANCE LUBE","url":"https:\/\/pldistribucion.com.ar\/web\/","logo":{"@type":"ImageObject","inLanguage":"es","@id":"https:\/\/pldistribucion.com.ar\/web\/#\/schema\/logo\/image\/","url":"https:\/\/pldistribucion.com.ar\/web\/wp-content\/uploads\/pld_logo_GB-removebg-preview.png","contentUrl":"https:\/\/pldistribucion.com.ar\/web\/wp-content\/uploads\/pld_logo_GB-removebg-preview.png","width":787,"height":317,"caption":"PERFORMANCE LUBE"},"image":{"@id":"https:\/\/pldistribucion.com.ar\/web\/#\/schema\/logo\/image\/"}}]}},"_links":{"self":[{"href":"https:\/\/pldistribucion.com.ar\/web\/wp-json\/wp\/v2\/product\/641"}],"collection":[{"href":"https:\/\/pldistribucion.com.ar\/web\/wp-json\/wp\/v2\/product"}],"about":[{"href":"https:\/\/pldistribucion.com.ar\/web\/wp-json\/wp\/v2\/types\/product"}],"replies":[{"embeddable":true,"href":"https:\/\/pldistribucion.com.ar\/web\/wp-json\/wp\/v2\/comments?post=641"}],"wp:featuredmedia":[{"embeddable":true,"href":"https:\/\/pldistribucion.com.ar\/web\/wp-json\/wp\/v2\/media\/3080"}],"wp:attachment":[{"href":"https:\/\/pldistribucion.com.ar\/web\/wp-json\/wp\/v2\/media?parent=641"}],"wp:term":[{"taxonomy":"product_cat","embeddable":true,"href":"https:\/\/pldistribucion.com.ar\/web\/wp-json\/wp\/v2\/product_cat?post=641"},{"taxonomy":"product_tag","embeddable":true,"href":"https:\/\/pldistribucion.com.ar\/web\/wp-json\/wp\/v2\/product_tag?post=641"}],"curies":[{"name":"wp","href":"https:\/\/api.w.org\/{rel}","templated":true}]}}