{"id":6347,"date":"2023-05-22T12:11:15","date_gmt":"2023-05-22T12:11:15","guid":{"rendered":"https:\/\/pldistribucion.com.ar\/web\/?post_type=product&#038;p=6347"},"modified":"2023-06-06T11:18:35","modified_gmt":"2023-06-06T11:18:35","slug":"moto-sol-sellagrietas","status":"publish","type":"product","link":"https:\/\/pldistribucion.com.ar\/web\/producto\/moto-sol-sellagrietas\/","title":{"rendered":"MOTOSOL SELLA GRIETAS"},"content":{"rendered":"<h1><span style=\"font-size: 80%;\"><strong>MOTOSOL SELLA GRIETAS.<\/strong><\/span><\/h1>\n<h3><span style=\"font-size: 85%;\"><strong><span style=\"color: #000080;\"><a style=\"color: #000080;\" href=\"https:\/\/heyzine.com\/flip-book\/073620bab9.html\" target=\"_blank\" rel=\"noopener\">Ver ficha t\u00e9cnica \/ Seguridad<\/a><\/span><\/strong><\/span><\/h3>\n<h3><span style=\"font-size: 80%; color: #f99b1c;\"><strong>DESCRIPCI\u00d3N:<\/strong><\/span><\/h3>\n<p><span style=\"color: #000000;\">Motosol Sella grietas es una aleaci\u00f3n met\u00e1lica l\u00edquida \/ adhesivo que se puede utilizar para sellar grietas y fugas en motores, bloques y otras partes met\u00e1licas. Es una soluci\u00f3n permanente de acci\u00f3n r\u00e1pida que se puede utilizar para reparar una amplia variedad de problemas.<\/span><\/p>\n<h3><span style=\"font-size: 80%; color: #f99b1c;\"><strong>CARACTER\u00cdSTICAS:<\/strong><\/span><\/h3>\n<p><span style=\"color: #000000;\">Motosol Sellagrietas es un l\u00edquido transparente, inodoro y de f\u00e1cil aplicaci\u00f3n.\u00a0No es t\u00f3xico y no contiene productos qu\u00edmicos nocivos.\u00a0Tambi\u00e9n es resistente a altas temperaturas y presiones.<\/span><\/p>\n<h3><span style=\"font-size: 80%; color: #f99b1c;\"><strong>APLICACIONES<\/strong><\/span><\/h3>\n<p><span style=\"color: #000000;\">Motosol Sellagrietas se puede utilizar para reparar una amplia variedad de problemas, que incluyen:<\/span><\/p>\n<ul>\n<li><span style=\"color: #000000;\">Grietas en el bloque del motor<\/span><\/li>\n<li><span style=\"color: #000000;\">Fugas en la junta de la cabeza<\/span><\/li>\n<li><span style=\"color: #000000;\">Fugas en el c\u00e1rter de aceite<\/span><\/li>\n<li><span style=\"color: #000000;\">Fugas de radiador<\/span><\/li>\n<li><span style=\"color: #000000;\">Fugas en la carcasa del termostato<\/span><\/li>\n<li><span style=\"color: #000000;\">Fugas en la bomba de agua<\/span><\/li>\n<li><span style=\"color: #000000;\">Y m\u00e1s<\/span><\/li>\n<\/ul>\n<p><span style=\"color: #000000;\">Motosol Sellagrietas es una forma segura y eficaz de reparar grietas y fugas en piezas met\u00e1licas. Es una soluci\u00f3n permanente de acci\u00f3n r\u00e1pida que puede usarse para restaurar su motor a su condici\u00f3n original.<\/span><\/p>\n<p><span style=\"color: #000000;\">Estos son algunos de los beneficios de usar Motosol Sellagrietas:<\/span><\/p>\n<ul>\n<li><strong>De acci\u00f3n r\u00e1pida:<\/strong>\u00a0<span style=\"color: #000000;\">Motosol Sellagrietas se establece en minutos, para que pueda volver a poner su motor en marcha r\u00e1pidamente.<\/span><\/li>\n<li><strong>Permanente:<\/strong><span style=\"color: #000000;\">\u00a0Una vez que Motosol Sellagrietas cura, no volver\u00e1 a gotear.<\/span><\/li>\n<li><strong>F\u00e1cil de usar:<\/strong><span style=\"color: #000000;\">\u00a0Motosol Sellagrietas es f\u00e1cil de aplicar con brocha o pulverizador.<\/span><\/li>\n<li><strong>Seguro:<\/strong><span style=\"color: #000000;\">\u00a0Motosol Sellagrietas no es t\u00f3xico y no contiene productos qu\u00edmicos nocivos.<\/span><\/li>\n<\/ul>\n<p><span style=\"color: #000000;\">Si est\u00e1 buscando una forma r\u00e1pida, permanente y segura de reparar grietas y fugas en su motor, Motosol Sellagrietas es una gran opci\u00f3n.<\/span><\/p>\n<hr \/>\n<p><span style=\"color: #000080;\"><strong><a style=\"color: #000080;\" href=\"https:\/\/pldistribucion.com.ar\/web\/productos\/\" target=\"_blank\" rel=\"noopener\">Ver m\u00e1s MOTOSOL<\/a><\/strong><\/span><\/p>\n","protected":false},"excerpt":{"rendered":"<p><img loading=\"lazy\" decoding=\"async\" class=\"alignnone wp-image-6489\" src=\"https:\/\/pldistribucion.com.ar\/web\/wp-content\/uploads\/NFHNFCGJ-300x128-removebg-preview.png\" alt=\"\" width=\"248\" height=\"106\" \/><\/p>\n<h2 style=\"text-align: left;\"><span style=\"font-size: 75%;\"><strong><a rel=\"noopener noreferrer\" href=\"https:\/\/performancelube.mercadoshops.com.ar\/MLA-1429241902-repara-junta-tapa-de-cilindros-soplada-motosol-_JM#position=1&#038;search_layout=stack&#038;type=item&#038;tracking_id=bbc8064c-7b0a-4bdf-bbd3-38c8c93e73bd\" target=\"_blank\" class=\"button primary\"  >\n    <span>VER EN TIENDA ?<\/span>\n  <\/a>\n<span style=\"color: #69314d;\">\u00a0<\/span><\/strong><strong>\u00a0<\/strong><\/span><\/h2>\n","protected":false},"featured_media":6488,"comment_status":"open","ping_status":"closed","template":"","meta":[],"product_cat":[35,91,36],"product_tag":[],"yoast_head":"<!-- This site is optimized with the Yoast SEO plugin v23.0 - https:\/\/yoast.com\/wordpress\/plugins\/seo\/ -->\n<title>MOTOSOL SELLA GRIETAS - Performance - Sella grietas<\/title>\n<meta name=\"description\" content=\"Distribuidor de lubricantes de diferentes aplicaciones. Env\u00edos a todo el pa\u00eds. Variedad de productos y stock disponible. MOTOSOL\" \/>\n<meta name=\"robots\" content=\"index, follow, max-snippet:-1, max-image-preview:large, max-video-preview:-1\" \/>\n<link rel=\"canonical\" href=\"https:\/\/pldistribucion.com.ar\/web\/producto\/moto-sol-sellagrietas\/\" \/>\n<meta property=\"og:locale\" content=\"es_ES\" \/>\n<meta property=\"og:type\" content=\"article\" \/>\n<meta property=\"og:title\" content=\"MOTOSOL SELLA GRIETAS - Performance - Sella grietas\" \/>\n<meta property=\"og:description\" content=\"Distribuidor de lubricantes de diferentes aplicaciones. Env\u00edos a todo el pa\u00eds. Variedad de productos y stock disponible. MOTOSOL\" \/>\n<meta property=\"og:url\" content=\"https:\/\/pldistribucion.com.ar\/web\/producto\/moto-sol-sellagrietas\/\" \/>\n<meta property=\"og:site_name\" content=\"Perfomance Lube\" \/>\n<meta property=\"article:modified_time\" content=\"2023-06-06T11:18:35+00:00\" \/>\n<meta property=\"og:image\" content=\"https:\/\/pldistribucion.com.ar\/web\/wp-content\/uploads\/Diseno-sin-titulo-2-2.png\" \/>\n\t<meta property=\"og:image:width\" content=\"700\" \/>\n\t<meta property=\"og:image:height\" content=\"700\" \/>\n\t<meta property=\"og:image:type\" content=\"image\/png\" \/>\n<meta name=\"twitter:card\" content=\"summary_large_image\" \/>\n<meta name=\"twitter:label1\" content=\"Tiempo de lectura\" \/>\n\t<meta name=\"twitter:data1\" content=\"2 minutos\" \/>\n<script type=\"application\/ld+json\" class=\"yoast-schema-graph\">{\"@context\":\"https:\/\/schema.org\",\"@graph\":[{\"@type\":\"WebPage\",\"@id\":\"https:\/\/pldistribucion.com.ar\/web\/producto\/moto-sol-sellagrietas\/\",\"url\":\"https:\/\/pldistribucion.com.ar\/web\/producto\/moto-sol-sellagrietas\/\",\"name\":\"MOTOSOL SELLA GRIETAS - Performance - Sella grietas\",\"isPartOf\":{\"@id\":\"https:\/\/pldistribucion.com.ar\/web\/#website\"},\"primaryImageOfPage\":{\"@id\":\"https:\/\/pldistribucion.com.ar\/web\/producto\/moto-sol-sellagrietas\/#primaryimage\"},\"image\":{\"@id\":\"https:\/\/pldistribucion.com.ar\/web\/producto\/moto-sol-sellagrietas\/#primaryimage\"},\"thumbnailUrl\":\"https:\/\/pldistribucion.com.ar\/web\/wp-content\/uploads\/Diseno-sin-titulo-2-2.png\",\"datePublished\":\"2023-05-22T12:11:15+00:00\",\"dateModified\":\"2023-06-06T11:18:35+00:00\",\"description\":\"Distribuidor de lubricantes de diferentes aplicaciones. Env\u00edos a todo el pa\u00eds. Variedad de productos y stock disponible. MOTOSOL\",\"breadcrumb\":{\"@id\":\"https:\/\/pldistribucion.com.ar\/web\/producto\/moto-sol-sellagrietas\/#breadcrumb\"},\"inLanguage\":\"es\",\"potentialAction\":[{\"@type\":\"ReadAction\",\"target\":[\"https:\/\/pldistribucion.com.ar\/web\/producto\/moto-sol-sellagrietas\/\"]}]},{\"@type\":\"ImageObject\",\"inLanguage\":\"es\",\"@id\":\"https:\/\/pldistribucion.com.ar\/web\/producto\/moto-sol-sellagrietas\/#primaryimage\",\"url\":\"https:\/\/pldistribucion.com.ar\/web\/wp-content\/uploads\/Diseno-sin-titulo-2-2.png\",\"contentUrl\":\"https:\/\/pldistribucion.com.ar\/web\/wp-content\/uploads\/Diseno-sin-titulo-2-2.png\",\"width\":700,\"height\":700,\"caption\":\"MOTOSOL SELLA GRIETAS\"},{\"@type\":\"BreadcrumbList\",\"@id\":\"https:\/\/pldistribucion.com.ar\/web\/producto\/moto-sol-sellagrietas\/#breadcrumb\",\"itemListElement\":[{\"@type\":\"ListItem\",\"position\":1,\"name\":\"Portada\",\"item\":\"https:\/\/pldistribucion.com.ar\/web\/\"},{\"@type\":\"ListItem\",\"position\":2,\"name\":\"Productos\",\"item\":\"https:\/\/pldistribucion.com.ar\/web\/productos\/\"},{\"@type\":\"ListItem\",\"position\":3,\"name\":\"MOTOSOL SELLA GRIETAS\"}]},{\"@type\":\"WebSite\",\"@id\":\"https:\/\/pldistribucion.com.ar\/web\/#website\",\"url\":\"https:\/\/pldistribucion.com.ar\/web\/\",\"name\":\"Perfomance Lube\",\"description\":\"\",\"publisher\":{\"@id\":\"https:\/\/pldistribucion.com.ar\/web\/#organization\"},\"potentialAction\":[{\"@type\":\"SearchAction\",\"target\":{\"@type\":\"EntryPoint\",\"urlTemplate\":\"https:\/\/pldistribucion.com.ar\/web\/?s={search_term_string}\"},\"query-input\":\"required name=search_term_string\"}],\"inLanguage\":\"es\"},{\"@type\":\"Organization\",\"@id\":\"https:\/\/pldistribucion.com.ar\/web\/#organization\",\"name\":\"PERFORMANCE LUBE\",\"url\":\"https:\/\/pldistribucion.com.ar\/web\/\",\"logo\":{\"@type\":\"ImageObject\",\"inLanguage\":\"es\",\"@id\":\"https:\/\/pldistribucion.com.ar\/web\/#\/schema\/logo\/image\/\",\"url\":\"https:\/\/pldistribucion.com.ar\/web\/wp-content\/uploads\/pld_logo_GB-removebg-preview.png\",\"contentUrl\":\"https:\/\/pldistribucion.com.ar\/web\/wp-content\/uploads\/pld_logo_GB-removebg-preview.png\",\"width\":787,\"height\":317,\"caption\":\"PERFORMANCE LUBE\"},\"image\":{\"@id\":\"https:\/\/pldistribucion.com.ar\/web\/#\/schema\/logo\/image\/\"}}]}<\/script>\n<!-- \/ Yoast SEO plugin. -->","yoast_head_json":{"title":"MOTOSOL SELLA GRIETAS - Performance - Sella grietas","description":"Distribuidor de lubricantes de diferentes aplicaciones. Env\u00edos a todo el pa\u00eds. Variedad de productos y stock disponible. MOTOSOL","robots":{"index":"index","follow":"follow","max-snippet":"max-snippet:-1","max-image-preview":"max-image-preview:large","max-video-preview":"max-video-preview:-1"},"canonical":"https:\/\/pldistribucion.com.ar\/web\/producto\/moto-sol-sellagrietas\/","og_locale":"es_ES","og_type":"article","og_title":"MOTOSOL SELLA GRIETAS - Performance - Sella grietas","og_description":"Distribuidor de lubricantes de diferentes aplicaciones. Env\u00edos a todo el pa\u00eds. Variedad de productos y stock disponible. MOTOSOL","og_url":"https:\/\/pldistribucion.com.ar\/web\/producto\/moto-sol-sellagrietas\/","og_site_name":"Perfomance Lube","article_modified_time":"2023-06-06T11:18:35+00:00","og_image":[{"width":700,"height":700,"url":"https:\/\/pldistribucion.com.ar\/web\/wp-content\/uploads\/Diseno-sin-titulo-2-2.png","type":"image\/png"}],"twitter_card":"summary_large_image","twitter_misc":{"Tiempo de lectura":"2 minutos"},"schema":{"@context":"https:\/\/schema.org","@graph":[{"@type":"WebPage","@id":"https:\/\/pldistribucion.com.ar\/web\/producto\/moto-sol-sellagrietas\/","url":"https:\/\/pldistribucion.com.ar\/web\/producto\/moto-sol-sellagrietas\/","name":"MOTOSOL SELLA GRIETAS - Performance - Sella grietas","isPartOf":{"@id":"https:\/\/pldistribucion.com.ar\/web\/#website"},"primaryImageOfPage":{"@id":"https:\/\/pldistribucion.com.ar\/web\/producto\/moto-sol-sellagrietas\/#primaryimage"},"image":{"@id":"https:\/\/pldistribucion.com.ar\/web\/producto\/moto-sol-sellagrietas\/#primaryimage"},"thumbnailUrl":"https:\/\/pldistribucion.com.ar\/web\/wp-content\/uploads\/Diseno-sin-titulo-2-2.png","datePublished":"2023-05-22T12:11:15+00:00","dateModified":"2023-06-06T11:18:35+00:00","description":"Distribuidor de lubricantes de diferentes aplicaciones. Env\u00edos a todo el pa\u00eds. Variedad de productos y stock disponible. MOTOSOL","breadcrumb":{"@id":"https:\/\/pldistribucion.com.ar\/web\/producto\/moto-sol-sellagrietas\/#breadcrumb"},"inLanguage":"es","potentialAction":[{"@type":"ReadAction","target":["https:\/\/pldistribucion.com.ar\/web\/producto\/moto-sol-sellagrietas\/"]}]},{"@type":"ImageObject","inLanguage":"es","@id":"https:\/\/pldistribucion.com.ar\/web\/producto\/moto-sol-sellagrietas\/#primaryimage","url":"https:\/\/pldistribucion.com.ar\/web\/wp-content\/uploads\/Diseno-sin-titulo-2-2.png","contentUrl":"https:\/\/pldistribucion.com.ar\/web\/wp-content\/uploads\/Diseno-sin-titulo-2-2.png","width":700,"height":700,"caption":"MOTOSOL SELLA GRIETAS"},{"@type":"BreadcrumbList","@id":"https:\/\/pldistribucion.com.ar\/web\/producto\/moto-sol-sellagrietas\/#breadcrumb","itemListElement":[{"@type":"ListItem","position":1,"name":"Portada","item":"https:\/\/pldistribucion.com.ar\/web\/"},{"@type":"ListItem","position":2,"name":"Productos","item":"https:\/\/pldistribucion.com.ar\/web\/productos\/"},{"@type":"ListItem","position":3,"name":"MOTOSOL SELLA GRIETAS"}]},{"@type":"WebSite","@id":"https:\/\/pldistribucion.com.ar\/web\/#website","url":"https:\/\/pldistribucion.com.ar\/web\/","name":"Perfomance Lube","description":"","publisher":{"@id":"https:\/\/pldistribucion.com.ar\/web\/#organization"},"potentialAction":[{"@type":"SearchAction","target":{"@type":"EntryPoint","urlTemplate":"https:\/\/pldistribucion.com.ar\/web\/?s={search_term_string}"},"query-input":"required name=search_term_string"}],"inLanguage":"es"},{"@type":"Organization","@id":"https:\/\/pldistribucion.com.ar\/web\/#organization","name":"PERFORMANCE LUBE","url":"https:\/\/pldistribucion.com.ar\/web\/","logo":{"@type":"ImageObject","inLanguage":"es","@id":"https:\/\/pldistribucion.com.ar\/web\/#\/schema\/logo\/image\/","url":"https:\/\/pldistribucion.com.ar\/web\/wp-content\/uploads\/pld_logo_GB-removebg-preview.png","contentUrl":"https:\/\/pldistribucion.com.ar\/web\/wp-content\/uploads\/pld_logo_GB-removebg-preview.png","width":787,"height":317,"caption":"PERFORMANCE LUBE"},"image":{"@id":"https:\/\/pldistribucion.com.ar\/web\/#\/schema\/logo\/image\/"}}]}},"_links":{"self":[{"href":"https:\/\/pldistribucion.com.ar\/web\/wp-json\/wp\/v2\/product\/6347"}],"collection":[{"href":"https:\/\/pldistribucion.com.ar\/web\/wp-json\/wp\/v2\/product"}],"about":[{"href":"https:\/\/pldistribucion.com.ar\/web\/wp-json\/wp\/v2\/types\/product"}],"replies":[{"embeddable":true,"href":"https:\/\/pldistribucion.com.ar\/web\/wp-json\/wp\/v2\/comments?post=6347"}],"wp:featuredmedia":[{"embeddable":true,"href":"https:\/\/pldistribucion.com.ar\/web\/wp-json\/wp\/v2\/media\/6488"}],"wp:attachment":[{"href":"https:\/\/pldistribucion.com.ar\/web\/wp-json\/wp\/v2\/media?parent=6347"}],"wp:term":[{"taxonomy":"product_cat","embeddable":true,"href":"https:\/\/pldistribucion.com.ar\/web\/wp-json\/wp\/v2\/product_cat?post=6347"},{"taxonomy":"product_tag","embeddable":true,"href":"https:\/\/pldistribucion.com.ar\/web\/wp-json\/wp\/v2\/product_tag?post=6347"}],"curies":[{"name":"wp","href":"https:\/\/api.w.org\/{rel}","templated":true}]}}