{"id":6340,"date":"2023-05-22T11:32:14","date_gmt":"2023-05-22T11:32:14","guid":{"rendered":"https:\/\/pldistribucion.com.ar\/web\/?post_type=product&#038;p=6340"},"modified":"2023-05-22T11:32:14","modified_gmt":"2023-05-22T11:32:14","slug":"rocima-cf-1100","status":"publish","type":"product","link":"https:\/\/pldistribucion.com.ar\/web\/producto\/rocima-cf-1100\/","title":{"rendered":"ROCIMA CF 1100"},"content":{"rendered":"<h1><span style=\"font-size: 80%;\"><strong>ROCIMA CF 1100 &#8211;\u00a0 (CONSERVANTES IN-CAN Y PELICULA SECA)<\/strong><\/span><\/h1>\n<p><span style=\"color: #000000;\">ROCIMA CF 1100 es un aditivo qu\u00edmico. Se utiliza en diversas industrias para mejorar la calidad y desempe\u00f1o de los productos.<\/span><\/p>\n<p><span style=\"color: #000000;\">Adem\u00e1s cumple con las normativas y est\u00e1ndares de calidad exigidos, lo que garantiza su legitimidad y confiabilidad.<\/span><\/p>\n<p><span style=\"color: #000000;\">Este aditivo se utiliza principalmente en la industria de los lubricantes y aceites, donde cumple un papel fundamental en la mejora de las propiedades de fricci\u00f3n y resistencia al desgaste. Proporciona una pel\u00edcula protectora en las superficies met\u00e1licas, reduciendo el contacto directo y el desgaste prematuro.<\/span><\/p>\n<p><span style=\"color: #000000;\">Adem\u00e1s, ROCIMA CF 1100 ayuda a mantener la viscosidad adecuada de los lubricantes, asegurando un correcto funcionamiento de los equipos y maquinarias. Tambi\u00e9n contribuye a reducir la formaci\u00f3n de dep\u00f3sitos y la oxidaci\u00f3n de los lubricantes, prolongando su vida \u00fatil y manteniendo un rendimiento \u00f3ptimo.<\/span><\/p>\n<p><span style=\"color: #000000;\">Es importante destacar que es compatible con una amplia gama de lubricantes y aceites, lo que facilita su incorporaci\u00f3n en diferentes formulaciones y aplicaciones industriales.<\/span><\/p>\n<p><span style=\"color: #000000;\">En resumen, ROCIMA CF 1100 es un aditivo qu\u00edmico utilizado en la industria de lubricantes y aceites para mejorar la calidad y rendimiento de los productos. Su aplicaci\u00f3n garantiza una reducci\u00f3n del desgaste, una mayor vida \u00fatil de los lubricantes y un funcionamiento \u00f3ptimo de los equipos y maquinarias. Cumple con las normativas y est\u00e1ndares de calidad requeridos, asegurando su legitimidad y confiabilidad en la industria.<\/span><\/p>\n<hr \/>\n<p><span style=\"color: #000080;\"><strong><a style=\"color: #000080;\" href=\"https:\/\/pldistribucion.com.ar\/web\/categoria-producto\/petroquimicos\/\" target=\"_blank\" rel=\"noopener\">Ver m\u00e1s petroqu\u00edmicos\u00a0<\/a><\/strong><\/span><\/p>\n","protected":false},"excerpt":{"rendered":"<p><img loading=\"lazy\" decoding=\"async\" class=\"wp-image-6236 alignleft\" src=\"https:\/\/pldistribucion.com.ar\/web\/wp-content\/uploads\/pld5-1-300x257.jpg\" alt=\"\" width=\"216\" height=\"185\" srcset=\"https:\/\/pldistribucion.com.ar\/web\/wp-content\/uploads\/pld5-1-300x257.jpg 300w, https:\/\/pldistribucion.com.ar\/web\/wp-content\/uploads\/pld5-1-768x658.jpg 768w, https:\/\/pldistribucion.com.ar\/web\/wp-content\/uploads\/pld5-1-600x514.jpg 600w, https:\/\/pldistribucion.com.ar\/web\/wp-content\/uploads\/pld5-1.jpg 827w\" sizes=\"(max-width: 216px) 100vw, 216px\" \/><\/p>\n<h2 style=\"text-align: left;\"><span style=\"font-size: 75%;\"><strong><a rel=\"noopener noreferrer\" href=\"https:\/\/performancelube.mercadoshops.com.ar\/listado\/accesorios-vehiculos\/#position=1&#038;search_layout=stack&#038;type=item&#038;tracking_id=bbc8064c-7b0a-4bdf-bbd3-38c8c93e73bd\" target=\"_blank\" class=\"button primary\"  >\n    <span>VER TIENDA ONLINE ?<\/span>\n  <\/a>\n<span style=\"color: #69314d;\">\u00a0<\/span><\/strong><strong>\u00a0<\/strong><\/span><\/h2>\n","protected":false},"featured_media":6342,"comment_status":"open","ping_status":"closed","template":"","meta":[],"product_cat":[31],"product_tag":[],"yoast_head":"<!-- This site is optimized with the Yoast SEO plugin v23.0 - https:\/\/yoast.com\/wordpress\/plugins\/seo\/ -->\n<title>ROCIMA CF 1100 - Perfomance Lube - Petroquimicos<\/title>\n<meta name=\"description\" content=\"Distribuidor de lubricantes de diferentes aplicaciones. Env\u00edos a todo el pa\u00eds. Variedad de productos y stock disponible.ROCIMA CF 1100\" \/>\n<meta name=\"robots\" content=\"index, follow, max-snippet:-1, max-image-preview:large, max-video-preview:-1\" \/>\n<link rel=\"canonical\" href=\"https:\/\/pldistribucion.com.ar\/web\/producto\/rocima-cf-1100\/\" \/>\n<meta property=\"og:locale\" content=\"es_ES\" \/>\n<meta property=\"og:type\" content=\"article\" \/>\n<meta property=\"og:title\" content=\"ROCIMA CF 1100 - Perfomance Lube - Petroquimicos\" \/>\n<meta property=\"og:description\" content=\"Distribuidor de lubricantes de diferentes aplicaciones. Env\u00edos a todo el pa\u00eds. Variedad de productos y stock disponible.ROCIMA CF 1100\" \/>\n<meta property=\"og:url\" content=\"https:\/\/pldistribucion.com.ar\/web\/producto\/rocima-cf-1100\/\" \/>\n<meta property=\"og:site_name\" content=\"Perfomance Lube\" \/>\n<meta property=\"og:image\" content=\"https:\/\/pldistribucion.com.ar\/web\/wp-content\/uploads\/yfjcyj.png\" \/>\n\t<meta property=\"og:image:width\" content=\"515\" \/>\n\t<meta property=\"og:image:height\" content=\"406\" \/>\n\t<meta property=\"og:image:type\" content=\"image\/png\" \/>\n<meta name=\"twitter:card\" content=\"summary_large_image\" \/>\n<meta name=\"twitter:label1\" content=\"Tiempo de lectura\" \/>\n\t<meta name=\"twitter:data1\" content=\"2 minutos\" \/>\n<script type=\"application\/ld+json\" class=\"yoast-schema-graph\">{\"@context\":\"https:\/\/schema.org\",\"@graph\":[{\"@type\":\"WebPage\",\"@id\":\"https:\/\/pldistribucion.com.ar\/web\/producto\/rocima-cf-1100\/\",\"url\":\"https:\/\/pldistribucion.com.ar\/web\/producto\/rocima-cf-1100\/\",\"name\":\"ROCIMA CF 1100 - Perfomance Lube - Petroquimicos\",\"isPartOf\":{\"@id\":\"https:\/\/pldistribucion.com.ar\/web\/#website\"},\"primaryImageOfPage\":{\"@id\":\"https:\/\/pldistribucion.com.ar\/web\/producto\/rocima-cf-1100\/#primaryimage\"},\"image\":{\"@id\":\"https:\/\/pldistribucion.com.ar\/web\/producto\/rocima-cf-1100\/#primaryimage\"},\"thumbnailUrl\":\"https:\/\/pldistribucion.com.ar\/web\/wp-content\/uploads\/yfjcyj.png\",\"datePublished\":\"2023-05-22T11:32:14+00:00\",\"dateModified\":\"2023-05-22T11:32:14+00:00\",\"description\":\"Distribuidor de lubricantes de diferentes aplicaciones. Env\u00edos a todo el pa\u00eds. Variedad de productos y stock disponible.ROCIMA CF 1100\",\"breadcrumb\":{\"@id\":\"https:\/\/pldistribucion.com.ar\/web\/producto\/rocima-cf-1100\/#breadcrumb\"},\"inLanguage\":\"es\",\"potentialAction\":[{\"@type\":\"ReadAction\",\"target\":[\"https:\/\/pldistribucion.com.ar\/web\/producto\/rocima-cf-1100\/\"]}]},{\"@type\":\"ImageObject\",\"inLanguage\":\"es\",\"@id\":\"https:\/\/pldistribucion.com.ar\/web\/producto\/rocima-cf-1100\/#primaryimage\",\"url\":\"https:\/\/pldistribucion.com.ar\/web\/wp-content\/uploads\/yfjcyj.png\",\"contentUrl\":\"https:\/\/pldistribucion.com.ar\/web\/wp-content\/uploads\/yfjcyj.png\",\"width\":515,\"height\":406,\"caption\":\"ROCIMA CF 1100\"},{\"@type\":\"BreadcrumbList\",\"@id\":\"https:\/\/pldistribucion.com.ar\/web\/producto\/rocima-cf-1100\/#breadcrumb\",\"itemListElement\":[{\"@type\":\"ListItem\",\"position\":1,\"name\":\"Portada\",\"item\":\"https:\/\/pldistribucion.com.ar\/web\/\"},{\"@type\":\"ListItem\",\"position\":2,\"name\":\"Productos\",\"item\":\"https:\/\/pldistribucion.com.ar\/web\/productos\/\"},{\"@type\":\"ListItem\",\"position\":3,\"name\":\"ROCIMA CF 1100\"}]},{\"@type\":\"WebSite\",\"@id\":\"https:\/\/pldistribucion.com.ar\/web\/#website\",\"url\":\"https:\/\/pldistribucion.com.ar\/web\/\",\"name\":\"Perfomance Lube\",\"description\":\"\",\"publisher\":{\"@id\":\"https:\/\/pldistribucion.com.ar\/web\/#organization\"},\"potentialAction\":[{\"@type\":\"SearchAction\",\"target\":{\"@type\":\"EntryPoint\",\"urlTemplate\":\"https:\/\/pldistribucion.com.ar\/web\/?s={search_term_string}\"},\"query-input\":\"required name=search_term_string\"}],\"inLanguage\":\"es\"},{\"@type\":\"Organization\",\"@id\":\"https:\/\/pldistribucion.com.ar\/web\/#organization\",\"name\":\"PERFORMANCE LUBE\",\"url\":\"https:\/\/pldistribucion.com.ar\/web\/\",\"logo\":{\"@type\":\"ImageObject\",\"inLanguage\":\"es\",\"@id\":\"https:\/\/pldistribucion.com.ar\/web\/#\/schema\/logo\/image\/\",\"url\":\"https:\/\/pldistribucion.com.ar\/web\/wp-content\/uploads\/pld_logo_GB-removebg-preview.png\",\"contentUrl\":\"https:\/\/pldistribucion.com.ar\/web\/wp-content\/uploads\/pld_logo_GB-removebg-preview.png\",\"width\":787,\"height\":317,\"caption\":\"PERFORMANCE LUBE\"},\"image\":{\"@id\":\"https:\/\/pldistribucion.com.ar\/web\/#\/schema\/logo\/image\/\"}}]}<\/script>\n<!-- \/ Yoast SEO plugin. -->","yoast_head_json":{"title":"ROCIMA CF 1100 - Perfomance Lube - Petroquimicos","description":"Distribuidor de lubricantes de diferentes aplicaciones. Env\u00edos a todo el pa\u00eds. Variedad de productos y stock disponible.ROCIMA CF 1100","robots":{"index":"index","follow":"follow","max-snippet":"max-snippet:-1","max-image-preview":"max-image-preview:large","max-video-preview":"max-video-preview:-1"},"canonical":"https:\/\/pldistribucion.com.ar\/web\/producto\/rocima-cf-1100\/","og_locale":"es_ES","og_type":"article","og_title":"ROCIMA CF 1100 - Perfomance Lube - Petroquimicos","og_description":"Distribuidor de lubricantes de diferentes aplicaciones. Env\u00edos a todo el pa\u00eds. Variedad de productos y stock disponible.ROCIMA CF 1100","og_url":"https:\/\/pldistribucion.com.ar\/web\/producto\/rocima-cf-1100\/","og_site_name":"Perfomance Lube","og_image":[{"width":515,"height":406,"url":"https:\/\/pldistribucion.com.ar\/web\/wp-content\/uploads\/yfjcyj.png","type":"image\/png"}],"twitter_card":"summary_large_image","twitter_misc":{"Tiempo de lectura":"2 minutos"},"schema":{"@context":"https:\/\/schema.org","@graph":[{"@type":"WebPage","@id":"https:\/\/pldistribucion.com.ar\/web\/producto\/rocima-cf-1100\/","url":"https:\/\/pldistribucion.com.ar\/web\/producto\/rocima-cf-1100\/","name":"ROCIMA CF 1100 - Perfomance Lube - Petroquimicos","isPartOf":{"@id":"https:\/\/pldistribucion.com.ar\/web\/#website"},"primaryImageOfPage":{"@id":"https:\/\/pldistribucion.com.ar\/web\/producto\/rocima-cf-1100\/#primaryimage"},"image":{"@id":"https:\/\/pldistribucion.com.ar\/web\/producto\/rocima-cf-1100\/#primaryimage"},"thumbnailUrl":"https:\/\/pldistribucion.com.ar\/web\/wp-content\/uploads\/yfjcyj.png","datePublished":"2023-05-22T11:32:14+00:00","dateModified":"2023-05-22T11:32:14+00:00","description":"Distribuidor de lubricantes de diferentes aplicaciones. Env\u00edos a todo el pa\u00eds. Variedad de productos y stock disponible.ROCIMA CF 1100","breadcrumb":{"@id":"https:\/\/pldistribucion.com.ar\/web\/producto\/rocima-cf-1100\/#breadcrumb"},"inLanguage":"es","potentialAction":[{"@type":"ReadAction","target":["https:\/\/pldistribucion.com.ar\/web\/producto\/rocima-cf-1100\/"]}]},{"@type":"ImageObject","inLanguage":"es","@id":"https:\/\/pldistribucion.com.ar\/web\/producto\/rocima-cf-1100\/#primaryimage","url":"https:\/\/pldistribucion.com.ar\/web\/wp-content\/uploads\/yfjcyj.png","contentUrl":"https:\/\/pldistribucion.com.ar\/web\/wp-content\/uploads\/yfjcyj.png","width":515,"height":406,"caption":"ROCIMA CF 1100"},{"@type":"BreadcrumbList","@id":"https:\/\/pldistribucion.com.ar\/web\/producto\/rocima-cf-1100\/#breadcrumb","itemListElement":[{"@type":"ListItem","position":1,"name":"Portada","item":"https:\/\/pldistribucion.com.ar\/web\/"},{"@type":"ListItem","position":2,"name":"Productos","item":"https:\/\/pldistribucion.com.ar\/web\/productos\/"},{"@type":"ListItem","position":3,"name":"ROCIMA CF 1100"}]},{"@type":"WebSite","@id":"https:\/\/pldistribucion.com.ar\/web\/#website","url":"https:\/\/pldistribucion.com.ar\/web\/","name":"Perfomance Lube","description":"","publisher":{"@id":"https:\/\/pldistribucion.com.ar\/web\/#organization"},"potentialAction":[{"@type":"SearchAction","target":{"@type":"EntryPoint","urlTemplate":"https:\/\/pldistribucion.com.ar\/web\/?s={search_term_string}"},"query-input":"required name=search_term_string"}],"inLanguage":"es"},{"@type":"Organization","@id":"https:\/\/pldistribucion.com.ar\/web\/#organization","name":"PERFORMANCE LUBE","url":"https:\/\/pldistribucion.com.ar\/web\/","logo":{"@type":"ImageObject","inLanguage":"es","@id":"https:\/\/pldistribucion.com.ar\/web\/#\/schema\/logo\/image\/","url":"https:\/\/pldistribucion.com.ar\/web\/wp-content\/uploads\/pld_logo_GB-removebg-preview.png","contentUrl":"https:\/\/pldistribucion.com.ar\/web\/wp-content\/uploads\/pld_logo_GB-removebg-preview.png","width":787,"height":317,"caption":"PERFORMANCE LUBE"},"image":{"@id":"https:\/\/pldistribucion.com.ar\/web\/#\/schema\/logo\/image\/"}}]}},"_links":{"self":[{"href":"https:\/\/pldistribucion.com.ar\/web\/wp-json\/wp\/v2\/product\/6340"}],"collection":[{"href":"https:\/\/pldistribucion.com.ar\/web\/wp-json\/wp\/v2\/product"}],"about":[{"href":"https:\/\/pldistribucion.com.ar\/web\/wp-json\/wp\/v2\/types\/product"}],"replies":[{"embeddable":true,"href":"https:\/\/pldistribucion.com.ar\/web\/wp-json\/wp\/v2\/comments?post=6340"}],"wp:featuredmedia":[{"embeddable":true,"href":"https:\/\/pldistribucion.com.ar\/web\/wp-json\/wp\/v2\/media\/6342"}],"wp:attachment":[{"href":"https:\/\/pldistribucion.com.ar\/web\/wp-json\/wp\/v2\/media?parent=6340"}],"wp:term":[{"taxonomy":"product_cat","embeddable":true,"href":"https:\/\/pldistribucion.com.ar\/web\/wp-json\/wp\/v2\/product_cat?post=6340"},{"taxonomy":"product_tag","embeddable":true,"href":"https:\/\/pldistribucion.com.ar\/web\/wp-json\/wp\/v2\/product_tag?post=6340"}],"curies":[{"name":"wp","href":"https:\/\/api.w.org\/{rel}","templated":true}]}}