{"id":6328,"date":"2023-05-12T15:52:46","date_gmt":"2023-05-12T15:52:46","guid":{"rendered":"https:\/\/pldistribucion.com.ar\/web\/?post_type=product&#038;p=6328"},"modified":"2023-06-12T11:51:48","modified_gmt":"2023-06-12T11:51:48","slug":"savinyl","status":"publish","type":"product","link":"https:\/\/pldistribucion.com.ar\/web\/producto\/savinyl\/","title":{"rendered":"SAVINYL"},"content":{"rendered":"<h1><span style=\"font-size: 80%;\"><strong>SAVINYL &#8211; Colorante base para solventes.<\/strong><\/span><\/h1>\n<h3><span style=\"font-size: 80%; color: #f99b1c;\"><strong>DESCRIPCI\u00d3N:<\/strong><\/span><\/h3>\n<p><span style=\"color: #000000;\">SAVINYL es el nombre comercial de un grupo de tintes complejos de metales azoicos que se utilizan en una variedad de aplicaciones, incluidas pinturas, recubrimientos, tintas y pl\u00e1sticos. Los tintes\u00a0 son conocidos por su excelente solidez del color, solidez a la luz y solidez a \u00e1cidos y \u00e1lcalis. Tambi\u00e9n son relativamente no t\u00f3xicos y respetuosos con el medio ambiente.<\/span><\/p>\n<p><span style=\"color: #000000;\">Los colorantes SAVINYL normalmente se producen haciendo reaccionar una sal met\u00e1lica con un compuesto azoico. La mol\u00e9cula de tinte resultante tiene un \u00e1tomo de metal en su centro, que le da su color al tinte. El \u00e1tomo de metal tambi\u00e9n ayuda a estabilizar la mol\u00e9cula del tinte, haci\u00e9ndola m\u00e1s resistente a la decoloraci\u00f3n y la degradaci\u00f3n.<\/span><\/p>\n<p><span style=\"color: #000000;\">Los tintes est\u00e1n disponibles en una amplia gama de colores, incluidos rojos, naranjas, amarillos, verdes, azules y violetas. Se pueden usar para crear una variedad de efectos, incluidos colores s\u00f3lidos, degradados y patrones. Los tintes SAVINYL tambi\u00e9n son compatibles con una variedad de solventes y resinas, lo que los convierte en una opci\u00f3n vers\u00e1til para una variedad de aplicaciones.<\/span><\/p>\n<h3><span style=\"font-size: 80%; color: #f99b1c;\"><strong>CARACTER\u00cdSTICAS:<\/strong><\/span><\/h3>\n<ul>\n<li><span style=\"color: #000000;\">Excelente solidez del color<\/span><\/li>\n<li><span style=\"color: #000000;\">Resistencia a la luz<\/span><\/li>\n<li><span style=\"color: #000000;\">Solidez a \u00e1cidos y \u00e1lcalis<\/span><\/li>\n<li><span style=\"color: #000000;\">Relativamente no t\u00f3xico<\/span><\/li>\n<li><span style=\"color: #000000;\">Amigable con el medio ambiente<\/span><\/li>\n<li><span style=\"color: #000000;\">Amplia gama de colores<\/span><\/li>\n<li><span style=\"color: #000000;\">Vers\u00e1til<\/span><\/li>\n<\/ul>\n<p>Estos son algunos de los inconvenientes del uso de tintes SAVINYL:<\/p>\n<ul>\n<li>puede ser costoso<\/li>\n<li>Puede ser dif\u00edcil de dispersar<\/li>\n<li>Puede ser susceptible al sangrado.<\/li>\n<li>Puede ser sensible al calor.<\/li>\n<\/ul>\n<p>Aqu\u00ed hay informaci\u00f3n de seguridad adicional sobre los tintes SAVINYL:<\/p>\n<ul>\n<li><strong>Peligros:<\/strong>\n<ul>\n<li>Puede ser da\u00f1ino si se ingiere o inhala.<\/li>\n<li>Puede irritar la piel, los ojos y el tracto respiratorio.<\/li>\n<li>Puede causar reacciones al\u00e9rgicas en algunas personas.<\/li>\n<\/ul>\n<\/li>\n<li><strong>Primeros auxilios:<\/strong>\n<ul>\n<li>Si se ingiere, no provoque el v\u00f3mito.\u00a0Llame a un centro de control de intoxicaciones oa un m\u00e9dico de inmediato.<\/li>\n<li>Si se inhala, mu\u00e9vase al aire libre y obtenga atenci\u00f3n m\u00e9dica si se desarrollan s\u00edntomas.<\/li>\n<li>Si est\u00e1 en la piel, l\u00e1vese con agua y jab\u00f3n.<\/li>\n<li>Si entra en contacto con los ojos, enjuague con agua durante 15 minutos y obtenga atenci\u00f3n m\u00e9dica si se desarrollan s\u00edntomas.<\/li>\n<\/ul>\n<\/li>\n<li><strong>Precauciones:<\/strong>\n<ul>\n<li>Evite el contacto con la piel, ojos y ropa.<\/li>\n<li>L\u00e1vese bien las manos despu\u00e9s de manipular.<\/li>\n<li>Mantener fuera del alcance de los ni\u00f1os y las mascotas.<\/li>\n<li>Guardar en un lugar fresco y seco.<br \/>\n<hr \/>\n<\/li>\n<\/ul>\n<\/li>\n<\/ul>\n<p><span style=\"color: #000080;\"><strong><a style=\"color: #000080;\" href=\"https:\/\/pldistribucion.com.ar\/web\/categoria-producto\/petroquimicos\/\" target=\"_blank\" rel=\"noopener\">Ver m\u00e1s petroqu\u00edmicos\u00a0<\/a><\/strong><\/span><\/p>\n","protected":false},"excerpt":{"rendered":"<p><img loading=\"lazy\" decoding=\"async\" class=\"wp-image-6236 alignleft\" src=\"https:\/\/pldistribucion.com.ar\/web\/wp-content\/uploads\/pld5-1-300x257.jpg\" alt=\"\" width=\"216\" height=\"185\" srcset=\"https:\/\/pldistribucion.com.ar\/web\/wp-content\/uploads\/pld5-1-300x257.jpg 300w, https:\/\/pldistribucion.com.ar\/web\/wp-content\/uploads\/pld5-1-768x658.jpg 768w, https:\/\/pldistribucion.com.ar\/web\/wp-content\/uploads\/pld5-1-600x514.jpg 600w, https:\/\/pldistribucion.com.ar\/web\/wp-content\/uploads\/pld5-1.jpg 827w\" sizes=\"(max-width: 216px) 100vw, 216px\" \/><\/p>\n<h2 style=\"text-align: left;\"><span style=\"font-size: 75%;\"><strong><a rel=\"noopener noreferrer\" href=\"https:\/\/performancelube.mercadoshops.com.ar\/listado\/accesorios-vehiculos\/#position=1&#038;search_layout=stack&#038;type=item&#038;tracking_id=bbc8064c-7b0a-4bdf-bbd3-38c8c93e73bd\" target=\"_blank\" class=\"button primary\"  >\n    <span>VER TIENDA ONLINE ?<\/span>\n  <\/a>\n<span style=\"color: #69314d;\">\u00a0<\/span><\/strong><strong>\u00a0<\/strong><\/span><\/h2>\n","protected":false},"featured_media":6326,"comment_status":"open","ping_status":"closed","template":"","meta":[],"product_cat":[190],"product_tag":[],"yoast_head":"<!-- This site is optimized with the Yoast SEO plugin v23.0 - https:\/\/yoast.com\/wordpress\/plugins\/seo\/ -->\n<title>SAVINYL - Perfomance Lube - Petroquimicos<\/title>\n<meta name=\"description\" content=\"Distribuidor de lubricantes de diferentes aplicaciones. Env\u00edos a todo el pa\u00eds. Variedad de productos y stock disponible.SAVINYL\" \/>\n<meta name=\"robots\" content=\"index, follow, max-snippet:-1, max-image-preview:large, max-video-preview:-1\" \/>\n<link rel=\"canonical\" href=\"https:\/\/pldistribucion.com.ar\/web\/producto\/savinyl\/\" \/>\n<meta property=\"og:locale\" content=\"es_ES\" \/>\n<meta property=\"og:type\" content=\"article\" \/>\n<meta property=\"og:title\" content=\"SAVINYL - Perfomance Lube - Petroquimicos\" \/>\n<meta property=\"og:description\" content=\"Distribuidor de lubricantes de diferentes aplicaciones. Env\u00edos a todo el pa\u00eds. Variedad de productos y stock disponible.SAVINYL\" \/>\n<meta property=\"og:url\" content=\"https:\/\/pldistribucion.com.ar\/web\/producto\/savinyl\/\" \/>\n<meta property=\"og:site_name\" content=\"Perfomance Lube\" \/>\n<meta property=\"article:modified_time\" content=\"2023-06-12T11:51:48+00:00\" \/>\n<meta property=\"og:image\" content=\"https:\/\/pldistribucion.com.ar\/web\/wp-content\/uploads\/fghs.png\" \/>\n\t<meta property=\"og:image:width\" content=\"549\" \/>\n\t<meta property=\"og:image:height\" content=\"398\" \/>\n\t<meta property=\"og:image:type\" content=\"image\/png\" \/>\n<meta name=\"twitter:card\" content=\"summary_large_image\" \/>\n<meta name=\"twitter:label1\" content=\"Tiempo de lectura\" \/>\n\t<meta name=\"twitter:data1\" content=\"2 minutos\" \/>\n<script type=\"application\/ld+json\" class=\"yoast-schema-graph\">{\"@context\":\"https:\/\/schema.org\",\"@graph\":[{\"@type\":\"WebPage\",\"@id\":\"https:\/\/pldistribucion.com.ar\/web\/producto\/savinyl\/\",\"url\":\"https:\/\/pldistribucion.com.ar\/web\/producto\/savinyl\/\",\"name\":\"SAVINYL - Perfomance Lube - Petroquimicos\",\"isPartOf\":{\"@id\":\"https:\/\/pldistribucion.com.ar\/web\/#website\"},\"primaryImageOfPage\":{\"@id\":\"https:\/\/pldistribucion.com.ar\/web\/producto\/savinyl\/#primaryimage\"},\"image\":{\"@id\":\"https:\/\/pldistribucion.com.ar\/web\/producto\/savinyl\/#primaryimage\"},\"thumbnailUrl\":\"https:\/\/pldistribucion.com.ar\/web\/wp-content\/uploads\/fghs.png\",\"datePublished\":\"2023-05-12T15:52:46+00:00\",\"dateModified\":\"2023-06-12T11:51:48+00:00\",\"description\":\"Distribuidor de lubricantes de diferentes aplicaciones. Env\u00edos a todo el pa\u00eds. Variedad de productos y stock disponible.SAVINYL\",\"breadcrumb\":{\"@id\":\"https:\/\/pldistribucion.com.ar\/web\/producto\/savinyl\/#breadcrumb\"},\"inLanguage\":\"es\",\"potentialAction\":[{\"@type\":\"ReadAction\",\"target\":[\"https:\/\/pldistribucion.com.ar\/web\/producto\/savinyl\/\"]}]},{\"@type\":\"ImageObject\",\"inLanguage\":\"es\",\"@id\":\"https:\/\/pldistribucion.com.ar\/web\/producto\/savinyl\/#primaryimage\",\"url\":\"https:\/\/pldistribucion.com.ar\/web\/wp-content\/uploads\/fghs.png\",\"contentUrl\":\"https:\/\/pldistribucion.com.ar\/web\/wp-content\/uploads\/fghs.png\",\"width\":549,\"height\":398},{\"@type\":\"BreadcrumbList\",\"@id\":\"https:\/\/pldistribucion.com.ar\/web\/producto\/savinyl\/#breadcrumb\",\"itemListElement\":[{\"@type\":\"ListItem\",\"position\":1,\"name\":\"Portada\",\"item\":\"https:\/\/pldistribucion.com.ar\/web\/\"},{\"@type\":\"ListItem\",\"position\":2,\"name\":\"Productos\",\"item\":\"https:\/\/pldistribucion.com.ar\/web\/productos\/\"},{\"@type\":\"ListItem\",\"position\":3,\"name\":\"SAVINYL\"}]},{\"@type\":\"WebSite\",\"@id\":\"https:\/\/pldistribucion.com.ar\/web\/#website\",\"url\":\"https:\/\/pldistribucion.com.ar\/web\/\",\"name\":\"Perfomance Lube\",\"description\":\"\",\"publisher\":{\"@id\":\"https:\/\/pldistribucion.com.ar\/web\/#organization\"},\"potentialAction\":[{\"@type\":\"SearchAction\",\"target\":{\"@type\":\"EntryPoint\",\"urlTemplate\":\"https:\/\/pldistribucion.com.ar\/web\/?s={search_term_string}\"},\"query-input\":\"required name=search_term_string\"}],\"inLanguage\":\"es\"},{\"@type\":\"Organization\",\"@id\":\"https:\/\/pldistribucion.com.ar\/web\/#organization\",\"name\":\"PERFORMANCE LUBE\",\"url\":\"https:\/\/pldistribucion.com.ar\/web\/\",\"logo\":{\"@type\":\"ImageObject\",\"inLanguage\":\"es\",\"@id\":\"https:\/\/pldistribucion.com.ar\/web\/#\/schema\/logo\/image\/\",\"url\":\"https:\/\/pldistribucion.com.ar\/web\/wp-content\/uploads\/pld_logo_GB-removebg-preview.png\",\"contentUrl\":\"https:\/\/pldistribucion.com.ar\/web\/wp-content\/uploads\/pld_logo_GB-removebg-preview.png\",\"width\":787,\"height\":317,\"caption\":\"PERFORMANCE LUBE\"},\"image\":{\"@id\":\"https:\/\/pldistribucion.com.ar\/web\/#\/schema\/logo\/image\/\"}}]}<\/script>\n<!-- \/ Yoast SEO plugin. -->","yoast_head_json":{"title":"SAVINYL - Perfomance Lube - Petroquimicos","description":"Distribuidor de lubricantes de diferentes aplicaciones. Env\u00edos a todo el pa\u00eds. Variedad de productos y stock disponible.SAVINYL","robots":{"index":"index","follow":"follow","max-snippet":"max-snippet:-1","max-image-preview":"max-image-preview:large","max-video-preview":"max-video-preview:-1"},"canonical":"https:\/\/pldistribucion.com.ar\/web\/producto\/savinyl\/","og_locale":"es_ES","og_type":"article","og_title":"SAVINYL - Perfomance Lube - Petroquimicos","og_description":"Distribuidor de lubricantes de diferentes aplicaciones. Env\u00edos a todo el pa\u00eds. Variedad de productos y stock disponible.SAVINYL","og_url":"https:\/\/pldistribucion.com.ar\/web\/producto\/savinyl\/","og_site_name":"Perfomance Lube","article_modified_time":"2023-06-12T11:51:48+00:00","og_image":[{"width":549,"height":398,"url":"https:\/\/pldistribucion.com.ar\/web\/wp-content\/uploads\/fghs.png","type":"image\/png"}],"twitter_card":"summary_large_image","twitter_misc":{"Tiempo de lectura":"2 minutos"},"schema":{"@context":"https:\/\/schema.org","@graph":[{"@type":"WebPage","@id":"https:\/\/pldistribucion.com.ar\/web\/producto\/savinyl\/","url":"https:\/\/pldistribucion.com.ar\/web\/producto\/savinyl\/","name":"SAVINYL - Perfomance Lube - Petroquimicos","isPartOf":{"@id":"https:\/\/pldistribucion.com.ar\/web\/#website"},"primaryImageOfPage":{"@id":"https:\/\/pldistribucion.com.ar\/web\/producto\/savinyl\/#primaryimage"},"image":{"@id":"https:\/\/pldistribucion.com.ar\/web\/producto\/savinyl\/#primaryimage"},"thumbnailUrl":"https:\/\/pldistribucion.com.ar\/web\/wp-content\/uploads\/fghs.png","datePublished":"2023-05-12T15:52:46+00:00","dateModified":"2023-06-12T11:51:48+00:00","description":"Distribuidor de lubricantes de diferentes aplicaciones. Env\u00edos a todo el pa\u00eds. Variedad de productos y stock disponible.SAVINYL","breadcrumb":{"@id":"https:\/\/pldistribucion.com.ar\/web\/producto\/savinyl\/#breadcrumb"},"inLanguage":"es","potentialAction":[{"@type":"ReadAction","target":["https:\/\/pldistribucion.com.ar\/web\/producto\/savinyl\/"]}]},{"@type":"ImageObject","inLanguage":"es","@id":"https:\/\/pldistribucion.com.ar\/web\/producto\/savinyl\/#primaryimage","url":"https:\/\/pldistribucion.com.ar\/web\/wp-content\/uploads\/fghs.png","contentUrl":"https:\/\/pldistribucion.com.ar\/web\/wp-content\/uploads\/fghs.png","width":549,"height":398},{"@type":"BreadcrumbList","@id":"https:\/\/pldistribucion.com.ar\/web\/producto\/savinyl\/#breadcrumb","itemListElement":[{"@type":"ListItem","position":1,"name":"Portada","item":"https:\/\/pldistribucion.com.ar\/web\/"},{"@type":"ListItem","position":2,"name":"Productos","item":"https:\/\/pldistribucion.com.ar\/web\/productos\/"},{"@type":"ListItem","position":3,"name":"SAVINYL"}]},{"@type":"WebSite","@id":"https:\/\/pldistribucion.com.ar\/web\/#website","url":"https:\/\/pldistribucion.com.ar\/web\/","name":"Perfomance Lube","description":"","publisher":{"@id":"https:\/\/pldistribucion.com.ar\/web\/#organization"},"potentialAction":[{"@type":"SearchAction","target":{"@type":"EntryPoint","urlTemplate":"https:\/\/pldistribucion.com.ar\/web\/?s={search_term_string}"},"query-input":"required name=search_term_string"}],"inLanguage":"es"},{"@type":"Organization","@id":"https:\/\/pldistribucion.com.ar\/web\/#organization","name":"PERFORMANCE LUBE","url":"https:\/\/pldistribucion.com.ar\/web\/","logo":{"@type":"ImageObject","inLanguage":"es","@id":"https:\/\/pldistribucion.com.ar\/web\/#\/schema\/logo\/image\/","url":"https:\/\/pldistribucion.com.ar\/web\/wp-content\/uploads\/pld_logo_GB-removebg-preview.png","contentUrl":"https:\/\/pldistribucion.com.ar\/web\/wp-content\/uploads\/pld_logo_GB-removebg-preview.png","width":787,"height":317,"caption":"PERFORMANCE LUBE"},"image":{"@id":"https:\/\/pldistribucion.com.ar\/web\/#\/schema\/logo\/image\/"}}]}},"_links":{"self":[{"href":"https:\/\/pldistribucion.com.ar\/web\/wp-json\/wp\/v2\/product\/6328"}],"collection":[{"href":"https:\/\/pldistribucion.com.ar\/web\/wp-json\/wp\/v2\/product"}],"about":[{"href":"https:\/\/pldistribucion.com.ar\/web\/wp-json\/wp\/v2\/types\/product"}],"replies":[{"embeddable":true,"href":"https:\/\/pldistribucion.com.ar\/web\/wp-json\/wp\/v2\/comments?post=6328"}],"wp:featuredmedia":[{"embeddable":true,"href":"https:\/\/pldistribucion.com.ar\/web\/wp-json\/wp\/v2\/media\/6326"}],"wp:attachment":[{"href":"https:\/\/pldistribucion.com.ar\/web\/wp-json\/wp\/v2\/media?parent=6328"}],"wp:term":[{"taxonomy":"product_cat","embeddable":true,"href":"https:\/\/pldistribucion.com.ar\/web\/wp-json\/wp\/v2\/product_cat?post=6328"},{"taxonomy":"product_tag","embeddable":true,"href":"https:\/\/pldistribucion.com.ar\/web\/wp-json\/wp\/v2\/product_tag?post=6328"}],"curies":[{"name":"wp","href":"https:\/\/api.w.org\/{rel}","templated":true}]}}