{"id":6258,"date":"2023-05-09T15:26:54","date_gmt":"2023-05-09T15:26:54","guid":{"rendered":"https:\/\/pldistribucion.com.ar\/web\/?post_type=product&#038;p=6258"},"modified":"2023-05-09T15:26:54","modified_gmt":"2023-05-09T15:26:54","slug":"foamstar-antiespumante","status":"publish","type":"product","link":"https:\/\/pldistribucion.com.ar\/web\/producto\/foamstar-antiespumante\/","title":{"rendered":"FOAMSTAR &#8211; Antiespumante"},"content":{"rendered":"<h1><span style=\"font-size: 80%;\"><strong>FOAMSTAR &#8211; Antiespumante.<\/strong><\/span><\/h1>\n<p><span style=\"color: #000000;\"><span class=\"\">Tecnolog\u00eda galardonada basada en un pol\u00edmero hiperramificado con una estructura tridimensional en forma de estrella.\u00a0<\/span><span class=\"\">A diferencia de los antiespumantes convencionales de aceite mineral y silicona, nuestra tecnolog\u00eda FOAMSTAR descompone la espuma a nivel molecular.<\/span><\/span><\/p>\n<section class=\"cmp-section aem-GridColumn--default--none aem-GridColumn aem-GridColumn--default--8 aem-GridColumn--offset--default--0\">\n<div class=\"aem-Grid aem-Grid--8 aem-Grid--default--8 \">\n<div class=\"text component aem-GridColumn--default--none aem-GridColumn aem-GridColumn--offset--default--0 aem-GridColumn--default--4\">\n<div class=\"text component textbody\">\n<div id=\"text-97eced40ee\" class=\"cmp-text\">\n<h3><strong><span class=\"cmp-text__lead\" style=\"font-size: 80%;\">CARACTER\u00cdSTICAS<\/span><\/strong><\/h3>\n<ul>\n<li><span style=\"color: #000000;\">Excelente supresi\u00f3n de espuma.<\/span><\/li>\n<li><span style=\"color: #000000;\">Alta compatibilidad<\/span><\/li>\n<li><span style=\"color: #000000;\">Eficiencia a largo plazo<\/span><\/li>\n<li><span style=\"color: #000000;\">F\u00e1cil de manejar<\/span><\/li>\n<li><span style=\"color: #000000;\">Cumplimiento ambiental<\/span>\n<div class=\"popular-counter\"><\/div>\n<\/li>\n<\/ul>\n<h3><span style=\"font-size: 80%;\"><strong>ANTIESPUMANTES PARA SISTEMAS DE ALTO BRILLO<\/strong><\/span><\/h3>\n<div class=\"text\">\n<div class=\"cmp-linklist__link--text-wrapper\"><span style=\"color: #000000;\">FOAMSTAR SI 2210 NC<\/span><\/div>\n<p><span style=\"color: #000000;\">antiespumante con 100% de contenido activo para recubrimientos acuosos no pigmentados y de baja pigmentaci\u00f3n, tintas de impresi\u00f3n, adhesivos y sistemas curables por UV; ofrece un fuerte efecto antiespumante espont\u00e1neo y una persistencia antiespumante a largo plazo.<\/span><\/div>\n<ol>\n<li class=\"text\"><span style=\"color: #000000;\"><span style=\"font-size: 14.4px;\">FOAMSTAR SI 2213 &#8211; <\/span>Antiespumante para barnices acuosos transparentes y de baja pigmentaci\u00f3n y tintas de imprenta, predominantemente las basadas en dispersiones polim\u00e9ricas.<\/span>\n<div class=\"popular-counter\"><\/div>\n<div class=\"text\">\n<div class=\"cmp-linklist__link--text-wrapper\"><span style=\"color: #000000;\">FOAMSTAR SI 2240<\/span><\/div>\n<p><span style=\"color: #000000;\">Compuesto antiespumante a base de silicona con una amplia compatibilidad en varios sistemas ligantes, efecto antiespumante espont\u00e1neo y excelente eficacia a largo plazo.<\/span><\/div>\n<div class=\"popular-counter\"><\/div>\n<div class=\"text\">\n<div class=\"cmp-linklist__link--text-wrapper\"><span style=\"color: #000000;\">FOAMSTAR SI 2250<\/span><\/div>\n<p><span style=\"color: #000000;\">Antiespumante para recubrimientos a base de agua y concentrados de pigmentos donde existe un procesamiento o aplicaci\u00f3n de alto cizallamiento.<\/span><\/div>\n<div class=\"popular-counter\"><\/div>\n<div class=\"text\">\n<div class=\"cmp-linklist__link--text-wrapper\"><span style=\"color: #000000;\">FOAMSTAR SI 2280<\/span><\/div>\n<p><span style=\"color: #000000;\">Antiespumante con buena compatibilidad y antiespumante para acr\u00edlicos base agua, bajo PVC y sistemas de horneado;\u00a0concentrados de pigmentos a base de agua.<\/span><\/div>\n<div class=\"popular-counter\"><\/div>\n<div class=\"text\">\n<div class=\"cmp-linklist__link--text-wrapper\"><span style=\"color: #000000;\">FOAMSTAR SI 2292 NC<\/span><\/div>\n<p><span style=\"color: #000000;\">Soluci\u00f3n antiespumante a base de silicona de alta compatibilidad para pinturas y barnices de alto brillo a base de dispersiones acr\u00edlicas y poliuret\u00e1nicas con riesgo m\u00ednimo de formaci\u00f3n de cr\u00e1teres.<\/span><\/div>\n<div class=\"popular-counter\"><\/div>\n<div class=\"text\">\n<div class=\"cmp-linklist__link--text-wrapper\"><span style=\"color: #000000;\">FOAMSTAR SI 2299<\/span><\/div>\n<p><span style=\"color: #000000;\">Desaireador y antiespumante altamente eficaz para aplicaciones de revestimiento por pulverizaci\u00f3n acuosa;\u00a0elimina eficazmente la microespuma de los recubrimientos en aerosol a base de agua; permanece persistente durante per\u00edodos de almacenamiento m\u00e1s prolongados;\u00a0ofrece una excelente combinaci\u00f3n de eficacia y compatibilidad.<\/span><\/div>\n<\/li>\n<\/ol>\n<\/div>\n<\/div>\n<\/div>\n<\/div>\n<\/section>\n<div class=\"accordion_v2 accordion panelcontainer aem-GridColumn aem-GridColumn--default--12\">\n<div id=\"accordion_v2-ddbf75ff6e\" class=\"cmp-accordion\">\n<div id=\"accordion_v2-ddbf75ff6e-item-fc8086b64d\" class=\"cmp-accordion__item\" data-cmp-hook-accordion=\"item\" data-cmp-expanded=\"\">\n<div id=\"accordion_v2-ddbf75ff6e-item-fc8086b64d-panel\" class=\"cmp-accordion__panel collapsible cmp-accordion__panel--expanded collapsible--visible\" role=\"region\" data-cmp-hook-accordion=\"panel\" aria-labelledby=\"accordion_v2-ddbf75ff6e-item-fc8086b64d-button\" aria-hidden=\"false\">\n<div class=\"cmp-accordion__panel-inner\">\n<div class=\"layout responsivegrid accordion-grid\">\n<hr \/>\n<p><span style=\"color: #000080;\"><strong><a style=\"color: #000080;\" href=\"https:\/\/pldistribucion.com.ar\/web\/categoria-producto\/petroquimicos\/\" target=\"_blank\" rel=\"noopener\">Ver m\u00e1s petroqu\u00edmicos\u00a0<\/a><\/strong><\/span><\/p>\n<\/div>\n<\/div>\n<\/div>\n<\/div>\n<\/div>\n<\/div>\n","protected":false},"excerpt":{"rendered":"<p><img loading=\"lazy\" decoding=\"async\" class=\"wp-image-6236 alignleft\" src=\"https:\/\/pldistribucion.com.ar\/web\/wp-content\/uploads\/pld5-1-300x257.jpg\" alt=\"\" width=\"216\" height=\"185\" srcset=\"https:\/\/pldistribucion.com.ar\/web\/wp-content\/uploads\/pld5-1-300x257.jpg 300w, https:\/\/pldistribucion.com.ar\/web\/wp-content\/uploads\/pld5-1-768x658.jpg 768w, https:\/\/pldistribucion.com.ar\/web\/wp-content\/uploads\/pld5-1-600x514.jpg 600w, https:\/\/pldistribucion.com.ar\/web\/wp-content\/uploads\/pld5-1.jpg 827w\" sizes=\"(max-width: 216px) 100vw, 216px\" \/><\/p>\n<h2 style=\"text-align: left;\"><span style=\"font-size: 75%;\"><strong><a rel=\"noopener noreferrer\" href=\"https:\/\/performancelube.mercadoshops.com.ar\/listado\/accesorios-vehiculos\/#position=1&#038;search_layout=stack&#038;type=item&#038;tracking_id=bbc8064c-7b0a-4bdf-bbd3-38c8c93e73bd\" target=\"_blank\" class=\"button primary\"  >\n    <span>VER TIENDA ONLINE ?<\/span>\n  <\/a>\n<span style=\"color: #69314d;\">\u00a0<\/span><\/strong><strong>\u00a0<\/strong><\/span><\/h2>\n","protected":false},"featured_media":6261,"comment_status":"open","ping_status":"closed","template":"","meta":[],"product_cat":[183,31],"product_tag":[],"yoast_head":"<!-- This site is optimized with the Yoast SEO plugin v23.0 - https:\/\/yoast.com\/wordpress\/plugins\/seo\/ -->\n<title>FOAMSTAR - Antiespumante - Perfomance Lube - Petroquimicos<\/title>\n<meta name=\"description\" content=\"Distribuidor de lubricantes de diferentes aplicaciones. Env\u00edos a todo el pa\u00eds. Variedad de productos y stock disponible.\" \/>\n<meta name=\"robots\" content=\"index, follow, max-snippet:-1, max-image-preview:large, max-video-preview:-1\" \/>\n<link rel=\"canonical\" href=\"https:\/\/pldistribucion.com.ar\/web\/producto\/foamstar-antiespumante\/\" \/>\n<meta property=\"og:locale\" content=\"es_ES\" \/>\n<meta property=\"og:type\" content=\"article\" \/>\n<meta property=\"og:title\" content=\"FOAMSTAR - Antiespumante - Perfomance Lube - Petroquimicos\" \/>\n<meta property=\"og:description\" content=\"Distribuidor de lubricantes de diferentes aplicaciones. Env\u00edos a todo el pa\u00eds. Variedad de productos y stock disponible.\" \/>\n<meta property=\"og:url\" content=\"https:\/\/pldistribucion.com.ar\/web\/producto\/foamstar-antiespumante\/\" \/>\n<meta property=\"og:site_name\" content=\"Perfomance Lube\" \/>\n<meta property=\"og:image\" content=\"https:\/\/pldistribucion.com.ar\/web\/wp-content\/uploads\/jgfkjhvjjkj.png\" \/>\n\t<meta property=\"og:image:width\" content=\"549\" \/>\n\t<meta property=\"og:image:height\" content=\"398\" \/>\n\t<meta property=\"og:image:type\" content=\"image\/png\" \/>\n<meta name=\"twitter:card\" content=\"summary_large_image\" \/>\n<meta name=\"twitter:label1\" content=\"Tiempo de lectura\" \/>\n\t<meta name=\"twitter:data1\" content=\"2 minutos\" \/>\n<script type=\"application\/ld+json\" class=\"yoast-schema-graph\">{\"@context\":\"https:\/\/schema.org\",\"@graph\":[{\"@type\":\"WebPage\",\"@id\":\"https:\/\/pldistribucion.com.ar\/web\/producto\/foamstar-antiespumante\/\",\"url\":\"https:\/\/pldistribucion.com.ar\/web\/producto\/foamstar-antiespumante\/\",\"name\":\"FOAMSTAR - Antiespumante - Perfomance Lube - Petroquimicos\",\"isPartOf\":{\"@id\":\"https:\/\/pldistribucion.com.ar\/web\/#website\"},\"primaryImageOfPage\":{\"@id\":\"https:\/\/pldistribucion.com.ar\/web\/producto\/foamstar-antiespumante\/#primaryimage\"},\"image\":{\"@id\":\"https:\/\/pldistribucion.com.ar\/web\/producto\/foamstar-antiespumante\/#primaryimage\"},\"thumbnailUrl\":\"https:\/\/pldistribucion.com.ar\/web\/wp-content\/uploads\/jgfkjhvjjkj.png\",\"datePublished\":\"2023-05-09T15:26:54+00:00\",\"dateModified\":\"2023-05-09T15:26:54+00:00\",\"description\":\"Distribuidor de lubricantes de diferentes aplicaciones. Env\u00edos a todo el pa\u00eds. Variedad de productos y stock disponible.\",\"breadcrumb\":{\"@id\":\"https:\/\/pldistribucion.com.ar\/web\/producto\/foamstar-antiespumante\/#breadcrumb\"},\"inLanguage\":\"es\",\"potentialAction\":[{\"@type\":\"ReadAction\",\"target\":[\"https:\/\/pldistribucion.com.ar\/web\/producto\/foamstar-antiespumante\/\"]}]},{\"@type\":\"ImageObject\",\"inLanguage\":\"es\",\"@id\":\"https:\/\/pldistribucion.com.ar\/web\/producto\/foamstar-antiespumante\/#primaryimage\",\"url\":\"https:\/\/pldistribucion.com.ar\/web\/wp-content\/uploads\/jgfkjhvjjkj.png\",\"contentUrl\":\"https:\/\/pldistribucion.com.ar\/web\/wp-content\/uploads\/jgfkjhvjjkj.png\",\"width\":549,\"height\":398},{\"@type\":\"BreadcrumbList\",\"@id\":\"https:\/\/pldistribucion.com.ar\/web\/producto\/foamstar-antiespumante\/#breadcrumb\",\"itemListElement\":[{\"@type\":\"ListItem\",\"position\":1,\"name\":\"Portada\",\"item\":\"https:\/\/pldistribucion.com.ar\/web\/\"},{\"@type\":\"ListItem\",\"position\":2,\"name\":\"Productos\",\"item\":\"https:\/\/pldistribucion.com.ar\/web\/productos\/\"},{\"@type\":\"ListItem\",\"position\":3,\"name\":\"FOAMSTAR &#8211; Antiespumante\"}]},{\"@type\":\"WebSite\",\"@id\":\"https:\/\/pldistribucion.com.ar\/web\/#website\",\"url\":\"https:\/\/pldistribucion.com.ar\/web\/\",\"name\":\"Perfomance Lube\",\"description\":\"\",\"publisher\":{\"@id\":\"https:\/\/pldistribucion.com.ar\/web\/#organization\"},\"potentialAction\":[{\"@type\":\"SearchAction\",\"target\":{\"@type\":\"EntryPoint\",\"urlTemplate\":\"https:\/\/pldistribucion.com.ar\/web\/?s={search_term_string}\"},\"query-input\":\"required name=search_term_string\"}],\"inLanguage\":\"es\"},{\"@type\":\"Organization\",\"@id\":\"https:\/\/pldistribucion.com.ar\/web\/#organization\",\"name\":\"PERFORMANCE LUBE\",\"url\":\"https:\/\/pldistribucion.com.ar\/web\/\",\"logo\":{\"@type\":\"ImageObject\",\"inLanguage\":\"es\",\"@id\":\"https:\/\/pldistribucion.com.ar\/web\/#\/schema\/logo\/image\/\",\"url\":\"https:\/\/pldistribucion.com.ar\/web\/wp-content\/uploads\/pld_logo_GB-removebg-preview.png\",\"contentUrl\":\"https:\/\/pldistribucion.com.ar\/web\/wp-content\/uploads\/pld_logo_GB-removebg-preview.png\",\"width\":787,\"height\":317,\"caption\":\"PERFORMANCE LUBE\"},\"image\":{\"@id\":\"https:\/\/pldistribucion.com.ar\/web\/#\/schema\/logo\/image\/\"}}]}<\/script>\n<!-- \/ Yoast SEO plugin. -->","yoast_head_json":{"title":"FOAMSTAR - Antiespumante - Perfomance Lube - Petroquimicos","description":"Distribuidor de lubricantes de diferentes aplicaciones. Env\u00edos a todo el pa\u00eds. Variedad de productos y stock disponible.","robots":{"index":"index","follow":"follow","max-snippet":"max-snippet:-1","max-image-preview":"max-image-preview:large","max-video-preview":"max-video-preview:-1"},"canonical":"https:\/\/pldistribucion.com.ar\/web\/producto\/foamstar-antiespumante\/","og_locale":"es_ES","og_type":"article","og_title":"FOAMSTAR - Antiespumante - Perfomance Lube - Petroquimicos","og_description":"Distribuidor de lubricantes de diferentes aplicaciones. Env\u00edos a todo el pa\u00eds. Variedad de productos y stock disponible.","og_url":"https:\/\/pldistribucion.com.ar\/web\/producto\/foamstar-antiespumante\/","og_site_name":"Perfomance Lube","og_image":[{"width":549,"height":398,"url":"https:\/\/pldistribucion.com.ar\/web\/wp-content\/uploads\/jgfkjhvjjkj.png","type":"image\/png"}],"twitter_card":"summary_large_image","twitter_misc":{"Tiempo de lectura":"2 minutos"},"schema":{"@context":"https:\/\/schema.org","@graph":[{"@type":"WebPage","@id":"https:\/\/pldistribucion.com.ar\/web\/producto\/foamstar-antiespumante\/","url":"https:\/\/pldistribucion.com.ar\/web\/producto\/foamstar-antiespumante\/","name":"FOAMSTAR - Antiespumante - Perfomance Lube - Petroquimicos","isPartOf":{"@id":"https:\/\/pldistribucion.com.ar\/web\/#website"},"primaryImageOfPage":{"@id":"https:\/\/pldistribucion.com.ar\/web\/producto\/foamstar-antiespumante\/#primaryimage"},"image":{"@id":"https:\/\/pldistribucion.com.ar\/web\/producto\/foamstar-antiespumante\/#primaryimage"},"thumbnailUrl":"https:\/\/pldistribucion.com.ar\/web\/wp-content\/uploads\/jgfkjhvjjkj.png","datePublished":"2023-05-09T15:26:54+00:00","dateModified":"2023-05-09T15:26:54+00:00","description":"Distribuidor de lubricantes de diferentes aplicaciones. Env\u00edos a todo el pa\u00eds. Variedad de productos y stock disponible.","breadcrumb":{"@id":"https:\/\/pldistribucion.com.ar\/web\/producto\/foamstar-antiespumante\/#breadcrumb"},"inLanguage":"es","potentialAction":[{"@type":"ReadAction","target":["https:\/\/pldistribucion.com.ar\/web\/producto\/foamstar-antiespumante\/"]}]},{"@type":"ImageObject","inLanguage":"es","@id":"https:\/\/pldistribucion.com.ar\/web\/producto\/foamstar-antiespumante\/#primaryimage","url":"https:\/\/pldistribucion.com.ar\/web\/wp-content\/uploads\/jgfkjhvjjkj.png","contentUrl":"https:\/\/pldistribucion.com.ar\/web\/wp-content\/uploads\/jgfkjhvjjkj.png","width":549,"height":398},{"@type":"BreadcrumbList","@id":"https:\/\/pldistribucion.com.ar\/web\/producto\/foamstar-antiespumante\/#breadcrumb","itemListElement":[{"@type":"ListItem","position":1,"name":"Portada","item":"https:\/\/pldistribucion.com.ar\/web\/"},{"@type":"ListItem","position":2,"name":"Productos","item":"https:\/\/pldistribucion.com.ar\/web\/productos\/"},{"@type":"ListItem","position":3,"name":"FOAMSTAR &#8211; Antiespumante"}]},{"@type":"WebSite","@id":"https:\/\/pldistribucion.com.ar\/web\/#website","url":"https:\/\/pldistribucion.com.ar\/web\/","name":"Perfomance Lube","description":"","publisher":{"@id":"https:\/\/pldistribucion.com.ar\/web\/#organization"},"potentialAction":[{"@type":"SearchAction","target":{"@type":"EntryPoint","urlTemplate":"https:\/\/pldistribucion.com.ar\/web\/?s={search_term_string}"},"query-input":"required name=search_term_string"}],"inLanguage":"es"},{"@type":"Organization","@id":"https:\/\/pldistribucion.com.ar\/web\/#organization","name":"PERFORMANCE LUBE","url":"https:\/\/pldistribucion.com.ar\/web\/","logo":{"@type":"ImageObject","inLanguage":"es","@id":"https:\/\/pldistribucion.com.ar\/web\/#\/schema\/logo\/image\/","url":"https:\/\/pldistribucion.com.ar\/web\/wp-content\/uploads\/pld_logo_GB-removebg-preview.png","contentUrl":"https:\/\/pldistribucion.com.ar\/web\/wp-content\/uploads\/pld_logo_GB-removebg-preview.png","width":787,"height":317,"caption":"PERFORMANCE LUBE"},"image":{"@id":"https:\/\/pldistribucion.com.ar\/web\/#\/schema\/logo\/image\/"}}]}},"_links":{"self":[{"href":"https:\/\/pldistribucion.com.ar\/web\/wp-json\/wp\/v2\/product\/6258"}],"collection":[{"href":"https:\/\/pldistribucion.com.ar\/web\/wp-json\/wp\/v2\/product"}],"about":[{"href":"https:\/\/pldistribucion.com.ar\/web\/wp-json\/wp\/v2\/types\/product"}],"replies":[{"embeddable":true,"href":"https:\/\/pldistribucion.com.ar\/web\/wp-json\/wp\/v2\/comments?post=6258"}],"wp:featuredmedia":[{"embeddable":true,"href":"https:\/\/pldistribucion.com.ar\/web\/wp-json\/wp\/v2\/media\/6261"}],"wp:attachment":[{"href":"https:\/\/pldistribucion.com.ar\/web\/wp-json\/wp\/v2\/media?parent=6258"}],"wp:term":[{"taxonomy":"product_cat","embeddable":true,"href":"https:\/\/pldistribucion.com.ar\/web\/wp-json\/wp\/v2\/product_cat?post=6258"},{"taxonomy":"product_tag","embeddable":true,"href":"https:\/\/pldistribucion.com.ar\/web\/wp-json\/wp\/v2\/product_tag?post=6258"}],"curies":[{"name":"wp","href":"https:\/\/api.w.org\/{rel}","templated":true}]}}