{"id":6247,"date":"2023-05-09T14:03:32","date_gmt":"2023-05-09T14:03:32","guid":{"rendered":"https:\/\/pldistribucion.com.ar\/web\/?post_type=product&#038;p=6247"},"modified":"2023-06-09T15:17:40","modified_gmt":"2023-06-09T15:17:40","slug":"af-1000","status":"publish","type":"product","link":"https:\/\/pldistribucion.com.ar\/web\/producto\/af-1000\/","title":{"rendered":"AF 1000"},"content":{"rendered":"<h1><span style=\"font-size: 80%;\"><strong>AF 1000 &#8211; Antiespumante.<\/strong><\/span><\/h1>\n<h3><span style=\"font-size: 80%; color: #f99b1c;\"><strong>DESCRIPCI\u00d3N:<\/strong><\/span><\/h3>\n<p><span style=\"color: #000000;\"> AF 1000 es un agente antiespumante 100 % de silicona que se usa para prevenir la formaci\u00f3n de espuma en una variedad de aplicaciones, que incluyen:<\/span><\/p>\n<ul>\n<li><strong><span>Procesamiento qu\u00edmico:<\/span><\/strong><span> se utiliza para prevenir la formaci\u00f3n de espuma en procesos qu\u00edmicos, como la polimerizaci\u00f3n y la destilaci\u00f3n.<\/span><\/li>\n<li><strong><span>Procesamiento de alimentos:<\/span><\/strong><span> se utiliza para evitar la formaci\u00f3n de espuma en el procesamiento de alimentos, como la elaboraci\u00f3n de cerveza y queso.<\/span><\/li>\n<li><strong><span>Producci\u00f3n de petr\u00f3leo:<\/span><\/strong><span>\u00a0 para prevenir la formaci\u00f3n de espuma en la producci\u00f3n de petr\u00f3leo, como la perforaci\u00f3n y el fracking.<\/span><\/li>\n<li><strong><span>Tratamiento de agua:<\/span><\/strong><span> se utiliza para evitar la formaci\u00f3n de espuma en el tratamiento de agua, como el tratamiento de aguas residuales y la desalinizaci\u00f3n.<\/span><\/li>\n<\/ul>\n<p><span style=\"color: #000000;\">En primer lugar podemos decir que es un l\u00edquido transparente, incoloro, no t\u00f3xico, no inflamable y no corrosivo. Tambi\u00e9n es inodoro e ins\u00edpido. AF 1000 es compatible con una amplia variedad de materiales, incluidos metales, pl\u00e1sticos y elast\u00f3meros.<\/span><\/p>\n<p><span style=\"color: #000000;\">Es eficaz para prevenir la formaci\u00f3n de espuma en una amplia gama de temperaturas y presiones. Tambi\u00e9n es efectivo en una variedad de solventes, incluyendo agua, hidrocarburos y alcoholes.<\/span><\/p>\n<p><span style=\"color: #000000;\">Puede agregarse directamente al proceso o mezclarse con un solvente. AF 1000 generalmente se agrega en peque\u00f1as cantidades, pero la cantidad exacta requerida variar\u00e1 seg\u00fan la aplicaci\u00f3n.<\/span><\/p>\n<p><span style=\"color: #000000;\">Es un agente antiespumante seguro y efectivo que puede usarse en una variedad de aplicaciones. Es una forma rentable de prevenir la formaci\u00f3n de espuma y mejorar la eficiencia de sus procesos.<\/span><\/p>\n<h3><span style=\"font-size: 80%; color: #f99b1c;\"><strong>CARACTER\u00cdSTICAS:<\/strong><\/span><\/h3>\n<ul>\n<li><strong><span>Previene la formaci\u00f3n de espuma:<\/span><\/strong><span>\u00a0AF 1000 forma una pel\u00edcula delgada en la superficie de los l\u00edquidos que evita la formaci\u00f3n de burbujas.\u00a0Esto evita que la espuma se acumule y interrumpa los procesos.<\/span><\/li>\n<li><strong><span>Mejora la eficiencia:<\/span><\/strong><span>\u00a0AF 1000 puede ayudar a mejorar la eficiencia de los procesos al evitar la formaci\u00f3n de espuma.\u00a0Esto puede conducir a mayores tasas de producci\u00f3n y costos reducidos.<\/span><\/li>\n<li><strong><span>Prolonga la vida \u00fatil del equipo:<\/span><\/strong><span>\u00a0AF 1000 puede ayudar a prolongar la vida \u00fatil del equipo al evitar que se acumule espuma y da\u00f1e las superficies.<\/span><\/li>\n<li><strong><span>Mejora la seguridad:<\/span><\/strong><span>\u00a0AF 1000 puede ayudar a mejorar la seguridad al evitar que se acumule espuma y cree un peligro.<\/span><\/li>\n<\/ul>\n<h3><span style=\"font-size: 80%; color: #f99b1c;\"><strong>APLICACIONES:<\/strong><\/span><\/h3>\n<ul>\n<li><strong><span>Nombre qu\u00edmico:<\/span><\/strong><span>\u00a0Etilenglicol monobutil \u00e9ter acetato<\/span><\/li>\n<li><strong><span>N\u00famero CAS:<\/span><\/strong><span>\u00a0111-44-8<\/span><\/li>\n<li><strong><span>F\u00f3rmula molecular:<\/span><\/strong><span>\u00a0C10H20O5<\/span><\/li>\n<li><strong><span>Apariencia:<\/span><\/strong><span>\u00a0L\u00edquido transparente e incoloro<\/span><\/li>\n<li><strong><span>Solubilidad:<\/span><\/strong><span>\u00a0Miscible con agua y disolventes org\u00e1nicos<\/span><\/li>\n<li><strong><span>Densidad:<\/span><\/strong><span>\u00a00,94 g\/cm3<\/span><\/li>\n<li><strong><span>Punto de fusi\u00f3n:<\/span><\/strong><span>\u00a0-47\u00b0C<\/span><\/li>\n<li><strong><span>Punto de ebullici\u00f3n:<\/span><\/strong><span>\u00a0194\u00b0C<\/span><\/li>\n<li><strong><span>Punto de inflamaci\u00f3n:<\/span><\/strong><span>\u00a0115\u00b0C<\/span><\/li>\n<li><strong><span>Temperatura de autoignici\u00f3n:<\/span><\/strong><span>\u00a0315\u00b0C<\/span><\/li>\n<li><strong><span>Estabilidad:<\/span><\/strong><span>\u00a0Estable en condiciones normales<\/span><\/li>\n<li><strong><span>Peligros:<\/span><\/strong><span>\u00a0Puede ser da\u00f1ino si se ingiere, inhala o absorbe a trav\u00e9s de la piel.\u00a0Puede causar irritaci\u00f3n en los ojos.\u00a0Puede ser da\u00f1ino si entra en contacto con la piel.\u00a0Puede causar c\u00e1ncer.<\/span><\/li>\n<li><strong><span>L\u00edmites de exposici\u00f3n:<\/span><\/strong><span>\u00a0TWA 0,05 mg\/m3 (8 horas)<\/span><\/li>\n<li><strong><span>Sin\u00f3nimos:<\/span><\/strong><span>\u00a0Acetato de \u00e9ter monobut\u00edlico de etilenglicol, Acetato de glicol but\u00edlico, Acetato de \u00e9ter monobut\u00edlico de glicol<\/span><\/li>\n<li><strong><span>Usos:<\/span><\/strong><span>\u00a0Sparkling AF 1000 es un solvente que se usa en una variedad de aplicaciones, que incluyen:<\/span>\n<ul>\n<li><span>Pinturas y revestimientos<\/span><\/li>\n<li><span>tintas<\/span><\/li>\n<li><span>Adhesivos<\/span><\/li>\n<li><span>Productos cosm\u00e9ticos<\/span><\/li>\n<li><span>productos farmaceuticos<\/span><\/li>\n<li><span>productos de cuidado personal<\/span><\/li>\n<li><span>Limpiadores dom\u00e9sticos<\/span><\/li>\n<\/ul>\n<\/li>\n<\/ul>\n<div>\n<hr \/>\n<p><span style=\"color: #000080;\"><strong><a style=\"color: #000080;\" href=\"https:\/\/pldistribucion.com.ar\/web\/categoria-producto\/petroquimicos\/\" target=\"_blank\" rel=\"noopener\">Ver m\u00e1s petroqu\u00edmicos\u00a0<\/a><\/strong><\/span><\/p>\n<\/div>\n","protected":false},"excerpt":{"rendered":"<p><img loading=\"lazy\" decoding=\"async\" class=\"wp-image-6236 alignleft\" src=\"https:\/\/pldistribucion.com.ar\/web\/wp-content\/uploads\/pld5-1-300x257.jpg\" alt=\"\" width=\"216\" height=\"185\" srcset=\"https:\/\/pldistribucion.com.ar\/web\/wp-content\/uploads\/pld5-1-300x257.jpg 300w, https:\/\/pldistribucion.com.ar\/web\/wp-content\/uploads\/pld5-1-768x658.jpg 768w, https:\/\/pldistribucion.com.ar\/web\/wp-content\/uploads\/pld5-1-600x514.jpg 600w, https:\/\/pldistribucion.com.ar\/web\/wp-content\/uploads\/pld5-1.jpg 827w\" sizes=\"(max-width: 216px) 100vw, 216px\" \/><\/p>\n<h2 style=\"text-align: left;\"><span style=\"font-size: 75%;\"><strong><a rel=\"noopener noreferrer\" href=\"https:\/\/performancelube.mercadoshops.com.ar\/listado\/accesorios-vehiculos\/#position=1&#038;search_layout=stack&#038;type=item&#038;tracking_id=bbc8064c-7b0a-4bdf-bbd3-38c8c93e73bd\" target=\"_blank\" class=\"button primary\"  >\n    <span>VER TIENDA ONLINE ?<\/span>\n  <\/a>\n<span style=\"color: #69314d;\">\u00a0<\/span><\/strong><strong>\u00a0<\/strong><\/span><\/h2>\n","protected":false},"featured_media":6250,"comment_status":"open","ping_status":"closed","template":"","meta":[],"product_cat":[183],"product_tag":[],"yoast_head":"<!-- This site is optimized with the Yoast SEO plugin v23.0 - https:\/\/yoast.com\/wordpress\/plugins\/seo\/ -->\n<title>AF 1000 - Perfomance Lube - Petroquimicos<\/title>\n<meta name=\"description\" content=\"Distribuidor de lubricantes de diferentes aplicaciones. Env\u00edos a todo el pa\u00eds. Variedad de productos y stock disponible.AF 1000\" \/>\n<meta name=\"robots\" content=\"index, follow, max-snippet:-1, max-image-preview:large, max-video-preview:-1\" \/>\n<link rel=\"canonical\" href=\"https:\/\/pldistribucion.com.ar\/web\/producto\/af-1000\/\" \/>\n<meta property=\"og:locale\" content=\"es_ES\" \/>\n<meta property=\"og:type\" content=\"article\" \/>\n<meta property=\"og:title\" content=\"AF 1000 - Perfomance Lube - Petroquimicos\" \/>\n<meta property=\"og:description\" content=\"Distribuidor de lubricantes de diferentes aplicaciones. Env\u00edos a todo el pa\u00eds. Variedad de productos y stock disponible.AF 1000\" \/>\n<meta property=\"og:url\" content=\"https:\/\/pldistribucion.com.ar\/web\/producto\/af-1000\/\" \/>\n<meta property=\"og:site_name\" content=\"Perfomance Lube\" \/>\n<meta property=\"article:modified_time\" content=\"2023-06-09T15:17:40+00:00\" \/>\n<meta property=\"og:image\" content=\"https:\/\/pldistribucion.com.ar\/web\/wp-content\/uploads\/ghncgh.png\" \/>\n\t<meta property=\"og:image:width\" content=\"549\" \/>\n\t<meta property=\"og:image:height\" content=\"398\" \/>\n\t<meta property=\"og:image:type\" content=\"image\/png\" \/>\n<meta name=\"twitter:card\" content=\"summary_large_image\" \/>\n<meta name=\"twitter:label1\" content=\"Tiempo de lectura\" \/>\n\t<meta name=\"twitter:data1\" content=\"3 minutos\" \/>\n<script type=\"application\/ld+json\" class=\"yoast-schema-graph\">{\"@context\":\"https:\/\/schema.org\",\"@graph\":[{\"@type\":\"WebPage\",\"@id\":\"https:\/\/pldistribucion.com.ar\/web\/producto\/af-1000\/\",\"url\":\"https:\/\/pldistribucion.com.ar\/web\/producto\/af-1000\/\",\"name\":\"AF 1000 - Perfomance Lube - Petroquimicos\",\"isPartOf\":{\"@id\":\"https:\/\/pldistribucion.com.ar\/web\/#website\"},\"primaryImageOfPage\":{\"@id\":\"https:\/\/pldistribucion.com.ar\/web\/producto\/af-1000\/#primaryimage\"},\"image\":{\"@id\":\"https:\/\/pldistribucion.com.ar\/web\/producto\/af-1000\/#primaryimage\"},\"thumbnailUrl\":\"https:\/\/pldistribucion.com.ar\/web\/wp-content\/uploads\/ghncgh.png\",\"datePublished\":\"2023-05-09T14:03:32+00:00\",\"dateModified\":\"2023-06-09T15:17:40+00:00\",\"description\":\"Distribuidor de lubricantes de diferentes aplicaciones. Env\u00edos a todo el pa\u00eds. Variedad de productos y stock disponible.AF 1000\",\"breadcrumb\":{\"@id\":\"https:\/\/pldistribucion.com.ar\/web\/producto\/af-1000\/#breadcrumb\"},\"inLanguage\":\"es\",\"potentialAction\":[{\"@type\":\"ReadAction\",\"target\":[\"https:\/\/pldistribucion.com.ar\/web\/producto\/af-1000\/\"]}]},{\"@type\":\"ImageObject\",\"inLanguage\":\"es\",\"@id\":\"https:\/\/pldistribucion.com.ar\/web\/producto\/af-1000\/#primaryimage\",\"url\":\"https:\/\/pldistribucion.com.ar\/web\/wp-content\/uploads\/ghncgh.png\",\"contentUrl\":\"https:\/\/pldistribucion.com.ar\/web\/wp-content\/uploads\/ghncgh.png\",\"width\":549,\"height\":398,\"caption\":\"AF 1000\"},{\"@type\":\"BreadcrumbList\",\"@id\":\"https:\/\/pldistribucion.com.ar\/web\/producto\/af-1000\/#breadcrumb\",\"itemListElement\":[{\"@type\":\"ListItem\",\"position\":1,\"name\":\"Portada\",\"item\":\"https:\/\/pldistribucion.com.ar\/web\/\"},{\"@type\":\"ListItem\",\"position\":2,\"name\":\"Productos\",\"item\":\"https:\/\/pldistribucion.com.ar\/web\/productos\/\"},{\"@type\":\"ListItem\",\"position\":3,\"name\":\"AF 1000\"}]},{\"@type\":\"WebSite\",\"@id\":\"https:\/\/pldistribucion.com.ar\/web\/#website\",\"url\":\"https:\/\/pldistribucion.com.ar\/web\/\",\"name\":\"Perfomance Lube\",\"description\":\"\",\"publisher\":{\"@id\":\"https:\/\/pldistribucion.com.ar\/web\/#organization\"},\"potentialAction\":[{\"@type\":\"SearchAction\",\"target\":{\"@type\":\"EntryPoint\",\"urlTemplate\":\"https:\/\/pldistribucion.com.ar\/web\/?s={search_term_string}\"},\"query-input\":\"required name=search_term_string\"}],\"inLanguage\":\"es\"},{\"@type\":\"Organization\",\"@id\":\"https:\/\/pldistribucion.com.ar\/web\/#organization\",\"name\":\"PERFORMANCE LUBE\",\"url\":\"https:\/\/pldistribucion.com.ar\/web\/\",\"logo\":{\"@type\":\"ImageObject\",\"inLanguage\":\"es\",\"@id\":\"https:\/\/pldistribucion.com.ar\/web\/#\/schema\/logo\/image\/\",\"url\":\"https:\/\/pldistribucion.com.ar\/web\/wp-content\/uploads\/pld_logo_GB-removebg-preview.png\",\"contentUrl\":\"https:\/\/pldistribucion.com.ar\/web\/wp-content\/uploads\/pld_logo_GB-removebg-preview.png\",\"width\":787,\"height\":317,\"caption\":\"PERFORMANCE LUBE\"},\"image\":{\"@id\":\"https:\/\/pldistribucion.com.ar\/web\/#\/schema\/logo\/image\/\"}}]}<\/script>\n<!-- \/ Yoast SEO plugin. -->","yoast_head_json":{"title":"AF 1000 - Perfomance Lube - Petroquimicos","description":"Distribuidor de lubricantes de diferentes aplicaciones. Env\u00edos a todo el pa\u00eds. Variedad de productos y stock disponible.AF 1000","robots":{"index":"index","follow":"follow","max-snippet":"max-snippet:-1","max-image-preview":"max-image-preview:large","max-video-preview":"max-video-preview:-1"},"canonical":"https:\/\/pldistribucion.com.ar\/web\/producto\/af-1000\/","og_locale":"es_ES","og_type":"article","og_title":"AF 1000 - Perfomance Lube - Petroquimicos","og_description":"Distribuidor de lubricantes de diferentes aplicaciones. Env\u00edos a todo el pa\u00eds. Variedad de productos y stock disponible.AF 1000","og_url":"https:\/\/pldistribucion.com.ar\/web\/producto\/af-1000\/","og_site_name":"Perfomance Lube","article_modified_time":"2023-06-09T15:17:40+00:00","og_image":[{"width":549,"height":398,"url":"https:\/\/pldistribucion.com.ar\/web\/wp-content\/uploads\/ghncgh.png","type":"image\/png"}],"twitter_card":"summary_large_image","twitter_misc":{"Tiempo de lectura":"3 minutos"},"schema":{"@context":"https:\/\/schema.org","@graph":[{"@type":"WebPage","@id":"https:\/\/pldistribucion.com.ar\/web\/producto\/af-1000\/","url":"https:\/\/pldistribucion.com.ar\/web\/producto\/af-1000\/","name":"AF 1000 - Perfomance Lube - Petroquimicos","isPartOf":{"@id":"https:\/\/pldistribucion.com.ar\/web\/#website"},"primaryImageOfPage":{"@id":"https:\/\/pldistribucion.com.ar\/web\/producto\/af-1000\/#primaryimage"},"image":{"@id":"https:\/\/pldistribucion.com.ar\/web\/producto\/af-1000\/#primaryimage"},"thumbnailUrl":"https:\/\/pldistribucion.com.ar\/web\/wp-content\/uploads\/ghncgh.png","datePublished":"2023-05-09T14:03:32+00:00","dateModified":"2023-06-09T15:17:40+00:00","description":"Distribuidor de lubricantes de diferentes aplicaciones. Env\u00edos a todo el pa\u00eds. Variedad de productos y stock disponible.AF 1000","breadcrumb":{"@id":"https:\/\/pldistribucion.com.ar\/web\/producto\/af-1000\/#breadcrumb"},"inLanguage":"es","potentialAction":[{"@type":"ReadAction","target":["https:\/\/pldistribucion.com.ar\/web\/producto\/af-1000\/"]}]},{"@type":"ImageObject","inLanguage":"es","@id":"https:\/\/pldistribucion.com.ar\/web\/producto\/af-1000\/#primaryimage","url":"https:\/\/pldistribucion.com.ar\/web\/wp-content\/uploads\/ghncgh.png","contentUrl":"https:\/\/pldistribucion.com.ar\/web\/wp-content\/uploads\/ghncgh.png","width":549,"height":398,"caption":"AF 1000"},{"@type":"BreadcrumbList","@id":"https:\/\/pldistribucion.com.ar\/web\/producto\/af-1000\/#breadcrumb","itemListElement":[{"@type":"ListItem","position":1,"name":"Portada","item":"https:\/\/pldistribucion.com.ar\/web\/"},{"@type":"ListItem","position":2,"name":"Productos","item":"https:\/\/pldistribucion.com.ar\/web\/productos\/"},{"@type":"ListItem","position":3,"name":"AF 1000"}]},{"@type":"WebSite","@id":"https:\/\/pldistribucion.com.ar\/web\/#website","url":"https:\/\/pldistribucion.com.ar\/web\/","name":"Perfomance Lube","description":"","publisher":{"@id":"https:\/\/pldistribucion.com.ar\/web\/#organization"},"potentialAction":[{"@type":"SearchAction","target":{"@type":"EntryPoint","urlTemplate":"https:\/\/pldistribucion.com.ar\/web\/?s={search_term_string}"},"query-input":"required name=search_term_string"}],"inLanguage":"es"},{"@type":"Organization","@id":"https:\/\/pldistribucion.com.ar\/web\/#organization","name":"PERFORMANCE LUBE","url":"https:\/\/pldistribucion.com.ar\/web\/","logo":{"@type":"ImageObject","inLanguage":"es","@id":"https:\/\/pldistribucion.com.ar\/web\/#\/schema\/logo\/image\/","url":"https:\/\/pldistribucion.com.ar\/web\/wp-content\/uploads\/pld_logo_GB-removebg-preview.png","contentUrl":"https:\/\/pldistribucion.com.ar\/web\/wp-content\/uploads\/pld_logo_GB-removebg-preview.png","width":787,"height":317,"caption":"PERFORMANCE LUBE"},"image":{"@id":"https:\/\/pldistribucion.com.ar\/web\/#\/schema\/logo\/image\/"}}]}},"_links":{"self":[{"href":"https:\/\/pldistribucion.com.ar\/web\/wp-json\/wp\/v2\/product\/6247"}],"collection":[{"href":"https:\/\/pldistribucion.com.ar\/web\/wp-json\/wp\/v2\/product"}],"about":[{"href":"https:\/\/pldistribucion.com.ar\/web\/wp-json\/wp\/v2\/types\/product"}],"replies":[{"embeddable":true,"href":"https:\/\/pldistribucion.com.ar\/web\/wp-json\/wp\/v2\/comments?post=6247"}],"wp:featuredmedia":[{"embeddable":true,"href":"https:\/\/pldistribucion.com.ar\/web\/wp-json\/wp\/v2\/media\/6250"}],"wp:attachment":[{"href":"https:\/\/pldistribucion.com.ar\/web\/wp-json\/wp\/v2\/media?parent=6247"}],"wp:term":[{"taxonomy":"product_cat","embeddable":true,"href":"https:\/\/pldistribucion.com.ar\/web\/wp-json\/wp\/v2\/product_cat?post=6247"},{"taxonomy":"product_tag","embeddable":true,"href":"https:\/\/pldistribucion.com.ar\/web\/wp-json\/wp\/v2\/product_tag?post=6247"}],"curies":[{"name":"wp","href":"https:\/\/api.w.org\/{rel}","templated":true}]}}