{"id":6232,"date":"2023-05-09T12:25:27","date_gmt":"2023-05-09T12:25:27","guid":{"rendered":"https:\/\/pldistribucion.com.ar\/web\/?post_type=product&#038;p=6232"},"modified":"2023-06-09T13:29:06","modified_gmt":"2023-06-09T13:29:06","slug":"efka-hydropalat","status":"publish","type":"product","link":"https:\/\/pldistribucion.com.ar\/web\/producto\/efka-hydropalat\/","title":{"rendered":"EFKA"},"content":{"rendered":"<h1><span style=\"font-size: 80%;\"><strong>EFKA &#8211; Aditivo nivelante.<\/strong><\/span><\/h1>\n<p><span style=\"color: #000000;\">EFKA es un compuesto qu\u00edmico que se utiliza en una variedad de aplicaciones. Hablamos de un\u00a0l\u00edquido transparente e incoloro miscible con agua. Tiene un punto de congelaci\u00f3n bajo y un punto de ebullici\u00f3n alto, lo que lo hace ideal para usar en aplicaciones donde es importante evitar la congelaci\u00f3n o el sobrecalentamiento.<\/span><\/p>\n<p><span style=\"color: #000000;\">Es un producto qu\u00edmico vers\u00e1til que se puede utilizar en una variedad de aplicaciones. Se usa m\u00e1s com\u00fanmente como anticongelante, refrigerante y agente descongelante. Sin embargo, tambi\u00e9n se puede utilizar como disolvente, l\u00edquido de frenos y l\u00edquido hidr\u00e1ulico.<\/span><\/p>\n<p><span style=\"color: #000000;\">Adm\u00e1s un qu\u00edmico relativamente seguro cuando se usa seg\u00fan las indicaciones. Sin embargo, es importante tener en cuenta que puede ser t\u00f3xico si se ingiere, inhala o absorbe a trav\u00e9s de la piel.\u00a0<\/span><\/p>\n<h4><strong>Estas son algunas de las precauciones de seguridad que se deben tomar cuando se trabaja con EFKA:<\/strong><\/h4>\n<ul>\n<li>Siempre use guantes y protecci\u00f3n para los ojos.<\/li>\n<li>No ingerir.<\/li>\n<li>No inhale los vapores.<\/li>\n<li>Mantenga fuera del alcance de los ni\u00f1os y las mascotas.<\/li>\n<li>Guarde en un lugar fresco y seco.<\/li>\n<li>Deseche correctamente de acuerdo con las regulaciones locales.<\/li>\n<\/ul>\n<h3><span style=\"font-size: 80%; color: #f99b1c;\"><strong>DESCRIPCI\u00d3N:<\/strong><\/span><\/h3>\n<ul>\n<li><strong>Nombre qu\u00edmico:<\/strong>\u00a0Etilenglicol<\/li>\n<li><strong>N\u00famero CAS:<\/strong>\u00a0156-20-0<\/li>\n<li><strong>F\u00f3rmula molecular:<\/strong>\u00a0C2H6O2<\/li>\n<li><strong>Apariencia:<\/strong>\u00a0L\u00edquido transparente e incoloro<\/li>\n<li><strong>Solubilidad:<\/strong>\u00a0Miscible con agua<\/li>\n<li><strong>Densidad:<\/strong>\u00a01,11 g\/cm3<\/li>\n<li><strong>Punto de fusi\u00f3n:<\/strong>\u00a0-13\u00b0C<\/li>\n<li><strong>Punto de ebullici\u00f3n:<\/strong>\u00a0195\u00b0C<\/li>\n<li><strong>Punto de inflamaci\u00f3n:<\/strong>\u00a0110\u00b0C<\/li>\n<li><strong>Temperatura de autoignici\u00f3n:<\/strong>\u00a0460\u00b0C<\/li>\n<li><strong>Estabilidad:<\/strong>\u00a0Estable en condiciones normales<\/li>\n<li><strong>Peligros:<\/strong>\u00a0T\u00f3xico si se ingiere.\u00a0Puede causar irritaci\u00f3n de la piel y los ojos.\u00a0Puede ser da\u00f1ino si se inhala.<\/li>\n<li><strong>L\u00edmites de exposici\u00f3n:<\/strong>\u00a0TWA 100 ppm (8 horas)<\/li>\n<li><strong>Sin\u00f3nimos:<\/strong>\u00a0Anticongelante, Etilenglicol, Glicol<\/li>\n<\/ul>\n<h3><span style=\"font-size: 80%; color: #f99b1c;\"><strong>CARACTER\u00cdSTICAS:<\/strong><\/span><\/h3>\n<ul>\n<li><strong>No t\u00f3xico:<\/strong>\u00a0 no es t\u00f3xico cuando se usa seg\u00fan las indicaciones.<\/li>\n<li><strong>No inflamable:<\/strong> no es inflamable cuando se usa seg\u00fan las instrucciones.<\/li>\n<li><strong>No corrosivo:<\/strong> no es corrosivo para la mayor\u00eda de los metales.<\/li>\n<li><strong>Viscosidad:<\/strong>\u00a0 tiene una viscosidad baja, lo que significa que fluye f\u00e1cilmente.<\/li>\n<li><strong>Color:<\/strong>\u00a0 es transparente e incoloro.<\/li>\n<li><strong>Olor:<\/strong>\u00a0 tiene un ligero olor dulce.<\/li>\n<\/ul>\n<h3><span style=\"font-size: 80%; color: #f99b1c;\"><strong>APLICACIONES:<\/strong><\/span><\/h3>\n<ul>\n<li><strong>Autom\u00f3viles:<\/strong> se utiliza en autom\u00f3viles para evitar que el motor se congele y se sobrecaliente.<\/li>\n<li><strong>Sistemas de calefacci\u00f3n y refrigeraci\u00f3n:<\/strong>\u00a0 se utiliza en sistemas de calefacci\u00f3n y refrigeraci\u00f3n para transferir calor.<\/li>\n<li><strong>Agente descongelante:<\/strong>\u00a0 se utiliza como agente descongelante para derretir hielo y nieve.<\/li>\n<li><strong>Disolvente:<\/strong>\u00a0 se utiliza como disolvente para disolver otras sustancias.<\/li>\n<\/ul>\n<hr \/>\n<p><span style=\"color: #000080;\"><strong><a style=\"color: #000080;\" href=\"https:\/\/pldistribucion.com.ar\/web\/categoria-producto\/petroquimicos\/\" target=\"_blank\" rel=\"noopener\">Ver m\u00e1s petroqu\u00edmicos\u00a0<\/a><\/strong><\/span><\/p>\n","protected":false},"excerpt":{"rendered":"<p><img loading=\"lazy\" decoding=\"async\" class=\"wp-image-6236 alignleft\" src=\"https:\/\/pldistribucion.com.ar\/web\/wp-content\/uploads\/pld5-1-300x257.jpg\" alt=\"\" width=\"216\" height=\"185\" srcset=\"https:\/\/pldistribucion.com.ar\/web\/wp-content\/uploads\/pld5-1-300x257.jpg 300w, https:\/\/pldistribucion.com.ar\/web\/wp-content\/uploads\/pld5-1-768x658.jpg 768w, https:\/\/pldistribucion.com.ar\/web\/wp-content\/uploads\/pld5-1-600x514.jpg 600w, https:\/\/pldistribucion.com.ar\/web\/wp-content\/uploads\/pld5-1.jpg 827w\" sizes=\"(max-width: 216px) 100vw, 216px\" \/><\/p>\n<h2 style=\"text-align: left;\"><span style=\"font-size: 75%;\"><strong><a rel=\"noopener noreferrer\" href=\"https:\/\/performancelube.mercadoshops.com.ar\/listado\/accesorios-vehiculos\/#position=1&#038;search_layout=stack&#038;type=item&#038;tracking_id=bbc8064c-7b0a-4bdf-bbd3-38c8c93e73bd\" target=\"_blank\" class=\"button primary\"  >\n    <span>VER TIENDA ONLINE ?<\/span>\n  <\/a>\n<span style=\"color: #69314d;\">\u00a0<\/span><\/strong><strong>\u00a0<\/strong><\/span><\/h2>\n","protected":false},"featured_media":6597,"comment_status":"open","ping_status":"closed","template":"","meta":[],"product_cat":[181],"product_tag":[],"yoast_head":"<!-- This site is optimized with the Yoast SEO plugin v23.0 - https:\/\/yoast.com\/wordpress\/plugins\/seo\/ -->\n<title>EFKA - Perfomance Lube - Petroquimicos<\/title>\n<meta name=\"description\" content=\"Distribuidor de lubricantes de diferentes aplicaciones. Env\u00edos a todo el pa\u00eds. Variedad de productos y stock disponible.EFKA\" \/>\n<meta name=\"robots\" content=\"index, follow, max-snippet:-1, max-image-preview:large, max-video-preview:-1\" \/>\n<link rel=\"canonical\" href=\"https:\/\/pldistribucion.com.ar\/web\/producto\/efka-hydropalat\/\" \/>\n<meta property=\"og:locale\" content=\"es_ES\" \/>\n<meta property=\"og:type\" content=\"article\" \/>\n<meta property=\"og:title\" content=\"EFKA - Perfomance Lube - Petroquimicos\" \/>\n<meta property=\"og:description\" content=\"Distribuidor de lubricantes de diferentes aplicaciones. Env\u00edos a todo el pa\u00eds. Variedad de productos y stock disponible.EFKA\" \/>\n<meta property=\"og:url\" content=\"https:\/\/pldistribucion.com.ar\/web\/producto\/efka-hydropalat\/\" \/>\n<meta property=\"og:site_name\" content=\"Perfomance Lube\" \/>\n<meta property=\"article:modified_time\" content=\"2023-06-09T13:29:06+00:00\" \/>\n<meta property=\"og:image\" content=\"https:\/\/pldistribucion.com.ar\/web\/wp-content\/uploads\/Diseno-sin-titulo-18.png\" \/>\n\t<meta property=\"og:image:width\" content=\"1200\" \/>\n\t<meta property=\"og:image:height\" content=\"800\" \/>\n\t<meta property=\"og:image:type\" content=\"image\/png\" \/>\n<meta name=\"twitter:card\" content=\"summary_large_image\" \/>\n<meta name=\"twitter:label1\" content=\"Tiempo de lectura\" \/>\n\t<meta name=\"twitter:data1\" content=\"2 minutos\" \/>\n<script type=\"application\/ld+json\" class=\"yoast-schema-graph\">{\"@context\":\"https:\/\/schema.org\",\"@graph\":[{\"@type\":\"WebPage\",\"@id\":\"https:\/\/pldistribucion.com.ar\/web\/producto\/efka-hydropalat\/\",\"url\":\"https:\/\/pldistribucion.com.ar\/web\/producto\/efka-hydropalat\/\",\"name\":\"EFKA - Perfomance Lube - Petroquimicos\",\"isPartOf\":{\"@id\":\"https:\/\/pldistribucion.com.ar\/web\/#website\"},\"primaryImageOfPage\":{\"@id\":\"https:\/\/pldistribucion.com.ar\/web\/producto\/efka-hydropalat\/#primaryimage\"},\"image\":{\"@id\":\"https:\/\/pldistribucion.com.ar\/web\/producto\/efka-hydropalat\/#primaryimage\"},\"thumbnailUrl\":\"https:\/\/pldistribucion.com.ar\/web\/wp-content\/uploads\/Diseno-sin-titulo-18.png\",\"datePublished\":\"2023-05-09T12:25:27+00:00\",\"dateModified\":\"2023-06-09T13:29:06+00:00\",\"description\":\"Distribuidor de lubricantes de diferentes aplicaciones. Env\u00edos a todo el pa\u00eds. Variedad de productos y stock disponible.EFKA\",\"breadcrumb\":{\"@id\":\"https:\/\/pldistribucion.com.ar\/web\/producto\/efka-hydropalat\/#breadcrumb\"},\"inLanguage\":\"es\",\"potentialAction\":[{\"@type\":\"ReadAction\",\"target\":[\"https:\/\/pldistribucion.com.ar\/web\/producto\/efka-hydropalat\/\"]}]},{\"@type\":\"ImageObject\",\"inLanguage\":\"es\",\"@id\":\"https:\/\/pldistribucion.com.ar\/web\/producto\/efka-hydropalat\/#primaryimage\",\"url\":\"https:\/\/pldistribucion.com.ar\/web\/wp-content\/uploads\/Diseno-sin-titulo-18.png\",\"contentUrl\":\"https:\/\/pldistribucion.com.ar\/web\/wp-content\/uploads\/Diseno-sin-titulo-18.png\",\"width\":1200,\"height\":800,\"caption\":\"EFKA\"},{\"@type\":\"BreadcrumbList\",\"@id\":\"https:\/\/pldistribucion.com.ar\/web\/producto\/efka-hydropalat\/#breadcrumb\",\"itemListElement\":[{\"@type\":\"ListItem\",\"position\":1,\"name\":\"Portada\",\"item\":\"https:\/\/pldistribucion.com.ar\/web\/\"},{\"@type\":\"ListItem\",\"position\":2,\"name\":\"Productos\",\"item\":\"https:\/\/pldistribucion.com.ar\/web\/productos\/\"},{\"@type\":\"ListItem\",\"position\":3,\"name\":\"EFKA\"}]},{\"@type\":\"WebSite\",\"@id\":\"https:\/\/pldistribucion.com.ar\/web\/#website\",\"url\":\"https:\/\/pldistribucion.com.ar\/web\/\",\"name\":\"Perfomance Lube\",\"description\":\"\",\"publisher\":{\"@id\":\"https:\/\/pldistribucion.com.ar\/web\/#organization\"},\"potentialAction\":[{\"@type\":\"SearchAction\",\"target\":{\"@type\":\"EntryPoint\",\"urlTemplate\":\"https:\/\/pldistribucion.com.ar\/web\/?s={search_term_string}\"},\"query-input\":\"required name=search_term_string\"}],\"inLanguage\":\"es\"},{\"@type\":\"Organization\",\"@id\":\"https:\/\/pldistribucion.com.ar\/web\/#organization\",\"name\":\"PERFORMANCE LUBE\",\"url\":\"https:\/\/pldistribucion.com.ar\/web\/\",\"logo\":{\"@type\":\"ImageObject\",\"inLanguage\":\"es\",\"@id\":\"https:\/\/pldistribucion.com.ar\/web\/#\/schema\/logo\/image\/\",\"url\":\"https:\/\/pldistribucion.com.ar\/web\/wp-content\/uploads\/pld_logo_GB-removebg-preview.png\",\"contentUrl\":\"https:\/\/pldistribucion.com.ar\/web\/wp-content\/uploads\/pld_logo_GB-removebg-preview.png\",\"width\":787,\"height\":317,\"caption\":\"PERFORMANCE LUBE\"},\"image\":{\"@id\":\"https:\/\/pldistribucion.com.ar\/web\/#\/schema\/logo\/image\/\"}}]}<\/script>\n<!-- \/ Yoast SEO plugin. -->","yoast_head_json":{"title":"EFKA - Perfomance Lube - Petroquimicos","description":"Distribuidor de lubricantes de diferentes aplicaciones. Env\u00edos a todo el pa\u00eds. Variedad de productos y stock disponible.EFKA","robots":{"index":"index","follow":"follow","max-snippet":"max-snippet:-1","max-image-preview":"max-image-preview:large","max-video-preview":"max-video-preview:-1"},"canonical":"https:\/\/pldistribucion.com.ar\/web\/producto\/efka-hydropalat\/","og_locale":"es_ES","og_type":"article","og_title":"EFKA - Perfomance Lube - Petroquimicos","og_description":"Distribuidor de lubricantes de diferentes aplicaciones. Env\u00edos a todo el pa\u00eds. Variedad de productos y stock disponible.EFKA","og_url":"https:\/\/pldistribucion.com.ar\/web\/producto\/efka-hydropalat\/","og_site_name":"Perfomance Lube","article_modified_time":"2023-06-09T13:29:06+00:00","og_image":[{"width":1200,"height":800,"url":"https:\/\/pldistribucion.com.ar\/web\/wp-content\/uploads\/Diseno-sin-titulo-18.png","type":"image\/png"}],"twitter_card":"summary_large_image","twitter_misc":{"Tiempo de lectura":"2 minutos"},"schema":{"@context":"https:\/\/schema.org","@graph":[{"@type":"WebPage","@id":"https:\/\/pldistribucion.com.ar\/web\/producto\/efka-hydropalat\/","url":"https:\/\/pldistribucion.com.ar\/web\/producto\/efka-hydropalat\/","name":"EFKA - Perfomance Lube - Petroquimicos","isPartOf":{"@id":"https:\/\/pldistribucion.com.ar\/web\/#website"},"primaryImageOfPage":{"@id":"https:\/\/pldistribucion.com.ar\/web\/producto\/efka-hydropalat\/#primaryimage"},"image":{"@id":"https:\/\/pldistribucion.com.ar\/web\/producto\/efka-hydropalat\/#primaryimage"},"thumbnailUrl":"https:\/\/pldistribucion.com.ar\/web\/wp-content\/uploads\/Diseno-sin-titulo-18.png","datePublished":"2023-05-09T12:25:27+00:00","dateModified":"2023-06-09T13:29:06+00:00","description":"Distribuidor de lubricantes de diferentes aplicaciones. Env\u00edos a todo el pa\u00eds. Variedad de productos y stock disponible.EFKA","breadcrumb":{"@id":"https:\/\/pldistribucion.com.ar\/web\/producto\/efka-hydropalat\/#breadcrumb"},"inLanguage":"es","potentialAction":[{"@type":"ReadAction","target":["https:\/\/pldistribucion.com.ar\/web\/producto\/efka-hydropalat\/"]}]},{"@type":"ImageObject","inLanguage":"es","@id":"https:\/\/pldistribucion.com.ar\/web\/producto\/efka-hydropalat\/#primaryimage","url":"https:\/\/pldistribucion.com.ar\/web\/wp-content\/uploads\/Diseno-sin-titulo-18.png","contentUrl":"https:\/\/pldistribucion.com.ar\/web\/wp-content\/uploads\/Diseno-sin-titulo-18.png","width":1200,"height":800,"caption":"EFKA"},{"@type":"BreadcrumbList","@id":"https:\/\/pldistribucion.com.ar\/web\/producto\/efka-hydropalat\/#breadcrumb","itemListElement":[{"@type":"ListItem","position":1,"name":"Portada","item":"https:\/\/pldistribucion.com.ar\/web\/"},{"@type":"ListItem","position":2,"name":"Productos","item":"https:\/\/pldistribucion.com.ar\/web\/productos\/"},{"@type":"ListItem","position":3,"name":"EFKA"}]},{"@type":"WebSite","@id":"https:\/\/pldistribucion.com.ar\/web\/#website","url":"https:\/\/pldistribucion.com.ar\/web\/","name":"Perfomance Lube","description":"","publisher":{"@id":"https:\/\/pldistribucion.com.ar\/web\/#organization"},"potentialAction":[{"@type":"SearchAction","target":{"@type":"EntryPoint","urlTemplate":"https:\/\/pldistribucion.com.ar\/web\/?s={search_term_string}"},"query-input":"required name=search_term_string"}],"inLanguage":"es"},{"@type":"Organization","@id":"https:\/\/pldistribucion.com.ar\/web\/#organization","name":"PERFORMANCE LUBE","url":"https:\/\/pldistribucion.com.ar\/web\/","logo":{"@type":"ImageObject","inLanguage":"es","@id":"https:\/\/pldistribucion.com.ar\/web\/#\/schema\/logo\/image\/","url":"https:\/\/pldistribucion.com.ar\/web\/wp-content\/uploads\/pld_logo_GB-removebg-preview.png","contentUrl":"https:\/\/pldistribucion.com.ar\/web\/wp-content\/uploads\/pld_logo_GB-removebg-preview.png","width":787,"height":317,"caption":"PERFORMANCE LUBE"},"image":{"@id":"https:\/\/pldistribucion.com.ar\/web\/#\/schema\/logo\/image\/"}}]}},"_links":{"self":[{"href":"https:\/\/pldistribucion.com.ar\/web\/wp-json\/wp\/v2\/product\/6232"}],"collection":[{"href":"https:\/\/pldistribucion.com.ar\/web\/wp-json\/wp\/v2\/product"}],"about":[{"href":"https:\/\/pldistribucion.com.ar\/web\/wp-json\/wp\/v2\/types\/product"}],"replies":[{"embeddable":true,"href":"https:\/\/pldistribucion.com.ar\/web\/wp-json\/wp\/v2\/comments?post=6232"}],"wp:featuredmedia":[{"embeddable":true,"href":"https:\/\/pldistribucion.com.ar\/web\/wp-json\/wp\/v2\/media\/6597"}],"wp:attachment":[{"href":"https:\/\/pldistribucion.com.ar\/web\/wp-json\/wp\/v2\/media?parent=6232"}],"wp:term":[{"taxonomy":"product_cat","embeddable":true,"href":"https:\/\/pldistribucion.com.ar\/web\/wp-json\/wp\/v2\/product_cat?post=6232"},{"taxonomy":"product_tag","embeddable":true,"href":"https:\/\/pldistribucion.com.ar\/web\/wp-json\/wp\/v2\/product_tag?post=6232"}],"curies":[{"name":"wp","href":"https:\/\/api.w.org\/{rel}","templated":true}]}}