{"id":6210,"date":"2023-05-04T15:26:09","date_gmt":"2023-05-04T15:26:09","guid":{"rendered":"https:\/\/pldistribucion.com.ar\/web\/?post_type=product&#038;p=6210"},"modified":"2023-05-04T15:26:09","modified_gmt":"2023-05-04T15:26:09","slug":"ypf-elaion-auro-d1-020","status":"publish","type":"product","link":"https:\/\/pldistribucion.com.ar\/web\/producto\/ypf-elaion-auro-d1-020\/","title":{"rendered":"YPF ELAION AURO D1 020"},"content":{"rendered":"<h1><span style=\"font-size: 80%;\"><strong>YPF ELAION AURO D1 020<\/strong><\/span><\/h1>\n<p><span style=\"color: #000000;\">YPF Elaion Auro D1 020 es un lubricante que ha logrado superar los ensayos establecidos por la especificacion<\/span> <b>dexos1\u2122 Gen 3 de General Motors.<\/b><br \/>\n<span style=\"color: #000000;\">Dentro de sus caracter\u00edsticas principales se destacan su econom\u00eda de combustible gracias a su baja viscosidad en todo el rango de temperaturas, manteniendo un excelente control de desgaste por medio de un paquete de aditivos de ultima generaci\u00f3n.<\/span><\/p>\n<p><span style=\"color: #000000;\">Es apto para motores que utilicen cualquier tipo de combustible, 100% SINT\u00c9TICO formulados\u00a0 para cubrir la mas alta exigencia de los vehiculos fabricados por General Motors que requieran la especificacion dexos 1 GEN3.\u00a0<\/span><\/p>\n<h3><span style=\"font-size: 80%;\"><strong>APLICACIONES<\/strong><\/span><\/h3>\n<p><span style=\"color: #000000;\">Su formulaci\u00f3n contempla el uso de este lubricante en motores equipados con sistemas de post tratamientos de gases de escape, tales los catallizadores TWC (Three Way Catalyst) para los motores nafteros. Tambi\u00e9n fue dise\u00f1ado para su aplicacion en vehiculos hibridos de origen norteamericano y oriental.<\/span><\/p>\n<p>&nbsp;<\/p>\n<hr \/>\n<p><span style=\"color: #000080;\"><strong><a style=\"color: #000080;\" href=\"https:\/\/www.ypf.com\/productosyservicios\/Descargas\/elaion-auro-D1-020-fds.pdf\" target=\"_blank\" rel=\"noopener\">Ver hoja de seguridad \/ <\/a><\/strong><\/span><span style=\"color: #000080;\"><strong><a style=\"color: #000080;\" href=\"https:\/\/www.ypf.com\/productosyservicios\/Descargas\/elaion-auro-d1.pdf\" target=\"_blank\" rel=\"noopener\">Ver ficha t\u00e9cnica<\/a><\/strong><\/span><\/p>\n<hr \/>\n<p><strong><span style=\"color: #000080;\"><a style=\"color: #000080;\" href=\"https:\/\/pldistribucion.com.ar\/web\/productos\/?filter_marcas=ypf\">Ver m\u00e1s productos YPF<\/a><\/span><\/strong><\/p>\n<p>(YPF es la <span class=\"styles_wordWithSynonyms__8M9z7\">empresa<\/span> m\u00e1s <span class=\"styles_wordWithSynonyms__8M9z7\">grande<\/span> de Argentina y la <span class=\"styles_wordWithSynonyms__8M9z7\">quinta<\/span> <span class=\"styles_wordWithSynonyms__8M9z7\">empresa<\/span> petrolera m\u00e1s <span class=\"styles_wordWithSynonyms__8M9z7\">grande<\/span> de la regi\u00f3n, y <span class=\"styles_wordWithSynonyms__8M9z7\">emplea<\/span> <span class=\"styles_wordWithSynonyms__8M9z7\">directa<\/span> o indirectamente a m\u00e1s de 72.000 personas en <span class=\"styles_wordWithSynonyms__8M9z7\">todo<\/span> el pa\u00eds. En la <span class=\"styles_wordWithSynonyms__8M9z7\">lista<\/span> Forbes <span class=\"styles_wordWithSynonyms__8M9z7\">Global<\/span> 2000 de 2020, YPF se ubica <span class=\"styles_wordWithSynonyms__8M9z7\">como<\/span> la <span class=\"styles_wordWithSynonyms__8M9z7\">empresa<\/span> n\u00famero 1.360 m\u00e1s <span class=\"styles_wordWithSynonyms__8M9z7\">grande<\/span>. Tambi\u00e9n <span class=\"styles_wordWithSynonyms__8M9z7\">Cuenca<\/span> <span class=\"styles_wordWithSynonyms__8M9z7\">con<\/span> noventa y <span class=\"styles_wordWithSynonyms__8M9z7\">dos<\/span> bloques productores distribuidos en <span class=\"styles_wordWithSynonyms__8M9z7\">todo<\/span> el <span class=\"styles_wordWithSynonyms__8M9z7\">territorio<\/span> <span class=\"styles_wordWithSynonyms__8M9z7\">argentino<\/span> y cuarenta y ocho bloques de exploraci\u00f3n&#8230;)<\/p>\n<p><span style=\"color: #000080;\"><strong><a style=\"color: #000080;\" href=\"https:\/\/www.ypf.com\/YPFHoy\/YPFSalaPrensa\/Paginas\/Noticias\/90-a%C3%B1os.aspx\" target=\"_blank\" rel=\"noopener\">Conoce m\u00e1s sobre YPF<\/a><\/strong><\/span><\/p>\n","protected":false},"excerpt":{"rendered":"<p><img loading=\"lazy\" decoding=\"async\" class=\"alignnone wp-image-864\" src=\"https:\/\/pldistribucion.com.ar\/web\/wp-content\/uploads\/1024px-Logo_de_YPF.svg-300x118.png\" alt=\"\" width=\"219\" height=\"86\" srcset=\"https:\/\/pldistribucion.com.ar\/web\/wp-content\/uploads\/1024px-Logo_de_YPF.svg-300x118.png 300w, https:\/\/pldistribucion.com.ar\/web\/wp-content\/uploads\/1024px-Logo_de_YPF.svg-768x302.png 768w, https:\/\/pldistribucion.com.ar\/web\/wp-content\/uploads\/1024px-Logo_de_YPF.svg.png 1024w, https:\/\/pldistribucion.com.ar\/web\/wp-content\/uploads\/1024px-Logo_de_YPF.svg-600x236.png 600w\" sizes=\"(max-width: 219px) 100vw, 219px\" \/><span style=\"font-size: 75%;\"><strong>\u00a0<\/strong><\/span><\/p>\n<p><span style=\"color: #000000;\">YPF\u200b\u200b es una empresa argentina\u200b de energ\u00eda dedicada a la exploraci\u00f3n, explotaci\u00f3n, destilaci\u00f3n, distribuci\u00f3n y producci\u00f3n de energ\u00eda el\u00e9ctrica, gas, petr\u00f3leo y derivados de los hidrocarburos y venta de combustibles, lubricantes, fertilizantes, pl\u00e1sticos y otros productos relacionados con la industria. Por otro lado es el mayor productor de bases lubricantes en la Argentina.<\/span><\/p>\n<p>&nbsp;<\/p>\n<p>&nbsp;<\/p>\n","protected":false},"featured_media":6212,"comment_status":"open","ping_status":"closed","template":"","meta":[],"product_cat":[16,35],"product_tag":[],"yoast_head":"<!-- This site is optimized with the Yoast SEO plugin v23.0 - https:\/\/yoast.com\/wordpress\/plugins\/seo\/ -->\n<title>YPF ELAION AURO D1 020 - Performance Lube - Lubricantes<\/title>\n<meta name=\"description\" content=\"Distribuidor de lubricantes de diferentes aplicaciones. Env\u00edos a todo el pa\u00eds. Variedad de productos y stock disponible.YPF ELAION AURO D1 020\" \/>\n<meta name=\"robots\" content=\"index, follow, max-snippet:-1, max-image-preview:large, max-video-preview:-1\" \/>\n<link rel=\"canonical\" href=\"https:\/\/pldistribucion.com.ar\/web\/producto\/ypf-elaion-auro-d1-020\/\" \/>\n<meta property=\"og:locale\" content=\"es_ES\" \/>\n<meta property=\"og:type\" content=\"article\" \/>\n<meta property=\"og:title\" content=\"YPF ELAION AURO D1 020 - Performance Lube - Lubricantes\" \/>\n<meta property=\"og:description\" content=\"Distribuidor de lubricantes de diferentes aplicaciones. Env\u00edos a todo el pa\u00eds. Variedad de productos y stock disponible.YPF ELAION AURO D1 020\" \/>\n<meta property=\"og:url\" content=\"https:\/\/pldistribucion.com.ar\/web\/producto\/ypf-elaion-auro-d1-020\/\" \/>\n<meta property=\"og:site_name\" content=\"Perfomance Lube\" \/>\n<meta property=\"og:image\" content=\"https:\/\/pldistribucion.com.ar\/web\/wp-content\/uploads\/fghfghdfg.png\" \/>\n\t<meta property=\"og:image:width\" content=\"759\" \/>\n\t<meta property=\"og:image:height\" content=\"839\" \/>\n\t<meta property=\"og:image:type\" content=\"image\/png\" \/>\n<meta name=\"twitter:card\" content=\"summary_large_image\" \/>\n<meta name=\"twitter:label1\" content=\"Tiempo de lectura\" \/>\n\t<meta name=\"twitter:data1\" content=\"2 minutos\" \/>\n<script type=\"application\/ld+json\" class=\"yoast-schema-graph\">{\"@context\":\"https:\/\/schema.org\",\"@graph\":[{\"@type\":\"WebPage\",\"@id\":\"https:\/\/pldistribucion.com.ar\/web\/producto\/ypf-elaion-auro-d1-020\/\",\"url\":\"https:\/\/pldistribucion.com.ar\/web\/producto\/ypf-elaion-auro-d1-020\/\",\"name\":\"YPF ELAION AURO D1 020 - Performance Lube - Lubricantes\",\"isPartOf\":{\"@id\":\"https:\/\/pldistribucion.com.ar\/web\/#website\"},\"primaryImageOfPage\":{\"@id\":\"https:\/\/pldistribucion.com.ar\/web\/producto\/ypf-elaion-auro-d1-020\/#primaryimage\"},\"image\":{\"@id\":\"https:\/\/pldistribucion.com.ar\/web\/producto\/ypf-elaion-auro-d1-020\/#primaryimage\"},\"thumbnailUrl\":\"https:\/\/pldistribucion.com.ar\/web\/wp-content\/uploads\/fghfghdfg.png\",\"datePublished\":\"2023-05-04T15:26:09+00:00\",\"dateModified\":\"2023-05-04T15:26:09+00:00\",\"description\":\"Distribuidor de lubricantes de diferentes aplicaciones. Env\u00edos a todo el pa\u00eds. Variedad de productos y stock disponible.YPF ELAION AURO D1 020\",\"breadcrumb\":{\"@id\":\"https:\/\/pldistribucion.com.ar\/web\/producto\/ypf-elaion-auro-d1-020\/#breadcrumb\"},\"inLanguage\":\"es\",\"potentialAction\":[{\"@type\":\"ReadAction\",\"target\":[\"https:\/\/pldistribucion.com.ar\/web\/producto\/ypf-elaion-auro-d1-020\/\"]}]},{\"@type\":\"ImageObject\",\"inLanguage\":\"es\",\"@id\":\"https:\/\/pldistribucion.com.ar\/web\/producto\/ypf-elaion-auro-d1-020\/#primaryimage\",\"url\":\"https:\/\/pldistribucion.com.ar\/web\/wp-content\/uploads\/fghfghdfg.png\",\"contentUrl\":\"https:\/\/pldistribucion.com.ar\/web\/wp-content\/uploads\/fghfghdfg.png\",\"width\":759,\"height\":839,\"caption\":\"YPF ELAION AURO D1 020\"},{\"@type\":\"BreadcrumbList\",\"@id\":\"https:\/\/pldistribucion.com.ar\/web\/producto\/ypf-elaion-auro-d1-020\/#breadcrumb\",\"itemListElement\":[{\"@type\":\"ListItem\",\"position\":1,\"name\":\"Portada\",\"item\":\"https:\/\/pldistribucion.com.ar\/web\/\"},{\"@type\":\"ListItem\",\"position\":2,\"name\":\"Productos\",\"item\":\"https:\/\/pldistribucion.com.ar\/web\/productos\/\"},{\"@type\":\"ListItem\",\"position\":3,\"name\":\"YPF ELAION AURO D1 020\"}]},{\"@type\":\"WebSite\",\"@id\":\"https:\/\/pldistribucion.com.ar\/web\/#website\",\"url\":\"https:\/\/pldistribucion.com.ar\/web\/\",\"name\":\"Perfomance Lube\",\"description\":\"\",\"publisher\":{\"@id\":\"https:\/\/pldistribucion.com.ar\/web\/#organization\"},\"potentialAction\":[{\"@type\":\"SearchAction\",\"target\":{\"@type\":\"EntryPoint\",\"urlTemplate\":\"https:\/\/pldistribucion.com.ar\/web\/?s={search_term_string}\"},\"query-input\":\"required name=search_term_string\"}],\"inLanguage\":\"es\"},{\"@type\":\"Organization\",\"@id\":\"https:\/\/pldistribucion.com.ar\/web\/#organization\",\"name\":\"PERFORMANCE LUBE\",\"url\":\"https:\/\/pldistribucion.com.ar\/web\/\",\"logo\":{\"@type\":\"ImageObject\",\"inLanguage\":\"es\",\"@id\":\"https:\/\/pldistribucion.com.ar\/web\/#\/schema\/logo\/image\/\",\"url\":\"https:\/\/pldistribucion.com.ar\/web\/wp-content\/uploads\/pld_logo_GB-removebg-preview.png\",\"contentUrl\":\"https:\/\/pldistribucion.com.ar\/web\/wp-content\/uploads\/pld_logo_GB-removebg-preview.png\",\"width\":787,\"height\":317,\"caption\":\"PERFORMANCE LUBE\"},\"image\":{\"@id\":\"https:\/\/pldistribucion.com.ar\/web\/#\/schema\/logo\/image\/\"}}]}<\/script>\n<!-- \/ Yoast SEO plugin. -->","yoast_head_json":{"title":"YPF ELAION AURO D1 020 - Performance Lube - Lubricantes","description":"Distribuidor de lubricantes de diferentes aplicaciones. Env\u00edos a todo el pa\u00eds. Variedad de productos y stock disponible.YPF ELAION AURO D1 020","robots":{"index":"index","follow":"follow","max-snippet":"max-snippet:-1","max-image-preview":"max-image-preview:large","max-video-preview":"max-video-preview:-1"},"canonical":"https:\/\/pldistribucion.com.ar\/web\/producto\/ypf-elaion-auro-d1-020\/","og_locale":"es_ES","og_type":"article","og_title":"YPF ELAION AURO D1 020 - Performance Lube - Lubricantes","og_description":"Distribuidor de lubricantes de diferentes aplicaciones. Env\u00edos a todo el pa\u00eds. Variedad de productos y stock disponible.YPF ELAION AURO D1 020","og_url":"https:\/\/pldistribucion.com.ar\/web\/producto\/ypf-elaion-auro-d1-020\/","og_site_name":"Perfomance Lube","og_image":[{"width":759,"height":839,"url":"https:\/\/pldistribucion.com.ar\/web\/wp-content\/uploads\/fghfghdfg.png","type":"image\/png"}],"twitter_card":"summary_large_image","twitter_misc":{"Tiempo de lectura":"2 minutos"},"schema":{"@context":"https:\/\/schema.org","@graph":[{"@type":"WebPage","@id":"https:\/\/pldistribucion.com.ar\/web\/producto\/ypf-elaion-auro-d1-020\/","url":"https:\/\/pldistribucion.com.ar\/web\/producto\/ypf-elaion-auro-d1-020\/","name":"YPF ELAION AURO D1 020 - Performance Lube - Lubricantes","isPartOf":{"@id":"https:\/\/pldistribucion.com.ar\/web\/#website"},"primaryImageOfPage":{"@id":"https:\/\/pldistribucion.com.ar\/web\/producto\/ypf-elaion-auro-d1-020\/#primaryimage"},"image":{"@id":"https:\/\/pldistribucion.com.ar\/web\/producto\/ypf-elaion-auro-d1-020\/#primaryimage"},"thumbnailUrl":"https:\/\/pldistribucion.com.ar\/web\/wp-content\/uploads\/fghfghdfg.png","datePublished":"2023-05-04T15:26:09+00:00","dateModified":"2023-05-04T15:26:09+00:00","description":"Distribuidor de lubricantes de diferentes aplicaciones. Env\u00edos a todo el pa\u00eds. Variedad de productos y stock disponible.YPF ELAION AURO D1 020","breadcrumb":{"@id":"https:\/\/pldistribucion.com.ar\/web\/producto\/ypf-elaion-auro-d1-020\/#breadcrumb"},"inLanguage":"es","potentialAction":[{"@type":"ReadAction","target":["https:\/\/pldistribucion.com.ar\/web\/producto\/ypf-elaion-auro-d1-020\/"]}]},{"@type":"ImageObject","inLanguage":"es","@id":"https:\/\/pldistribucion.com.ar\/web\/producto\/ypf-elaion-auro-d1-020\/#primaryimage","url":"https:\/\/pldistribucion.com.ar\/web\/wp-content\/uploads\/fghfghdfg.png","contentUrl":"https:\/\/pldistribucion.com.ar\/web\/wp-content\/uploads\/fghfghdfg.png","width":759,"height":839,"caption":"YPF ELAION AURO D1 020"},{"@type":"BreadcrumbList","@id":"https:\/\/pldistribucion.com.ar\/web\/producto\/ypf-elaion-auro-d1-020\/#breadcrumb","itemListElement":[{"@type":"ListItem","position":1,"name":"Portada","item":"https:\/\/pldistribucion.com.ar\/web\/"},{"@type":"ListItem","position":2,"name":"Productos","item":"https:\/\/pldistribucion.com.ar\/web\/productos\/"},{"@type":"ListItem","position":3,"name":"YPF ELAION AURO D1 020"}]},{"@type":"WebSite","@id":"https:\/\/pldistribucion.com.ar\/web\/#website","url":"https:\/\/pldistribucion.com.ar\/web\/","name":"Perfomance Lube","description":"","publisher":{"@id":"https:\/\/pldistribucion.com.ar\/web\/#organization"},"potentialAction":[{"@type":"SearchAction","target":{"@type":"EntryPoint","urlTemplate":"https:\/\/pldistribucion.com.ar\/web\/?s={search_term_string}"},"query-input":"required name=search_term_string"}],"inLanguage":"es"},{"@type":"Organization","@id":"https:\/\/pldistribucion.com.ar\/web\/#organization","name":"PERFORMANCE LUBE","url":"https:\/\/pldistribucion.com.ar\/web\/","logo":{"@type":"ImageObject","inLanguage":"es","@id":"https:\/\/pldistribucion.com.ar\/web\/#\/schema\/logo\/image\/","url":"https:\/\/pldistribucion.com.ar\/web\/wp-content\/uploads\/pld_logo_GB-removebg-preview.png","contentUrl":"https:\/\/pldistribucion.com.ar\/web\/wp-content\/uploads\/pld_logo_GB-removebg-preview.png","width":787,"height":317,"caption":"PERFORMANCE LUBE"},"image":{"@id":"https:\/\/pldistribucion.com.ar\/web\/#\/schema\/logo\/image\/"}}]}},"_links":{"self":[{"href":"https:\/\/pldistribucion.com.ar\/web\/wp-json\/wp\/v2\/product\/6210"}],"collection":[{"href":"https:\/\/pldistribucion.com.ar\/web\/wp-json\/wp\/v2\/product"}],"about":[{"href":"https:\/\/pldistribucion.com.ar\/web\/wp-json\/wp\/v2\/types\/product"}],"replies":[{"embeddable":true,"href":"https:\/\/pldistribucion.com.ar\/web\/wp-json\/wp\/v2\/comments?post=6210"}],"wp:featuredmedia":[{"embeddable":true,"href":"https:\/\/pldistribucion.com.ar\/web\/wp-json\/wp\/v2\/media\/6212"}],"wp:attachment":[{"href":"https:\/\/pldistribucion.com.ar\/web\/wp-json\/wp\/v2\/media?parent=6210"}],"wp:term":[{"taxonomy":"product_cat","embeddable":true,"href":"https:\/\/pldistribucion.com.ar\/web\/wp-json\/wp\/v2\/product_cat?post=6210"},{"taxonomy":"product_tag","embeddable":true,"href":"https:\/\/pldistribucion.com.ar\/web\/wp-json\/wp\/v2\/product_tag?post=6210"}],"curies":[{"name":"wp","href":"https:\/\/api.w.org\/{rel}","templated":true}]}}