{"id":6196,"date":"2023-04-27T13:31:29","date_gmt":"2023-04-27T13:31:29","guid":{"rendered":"https:\/\/pldistribucion.com.ar\/web\/?post_type=product&#038;p=6196"},"modified":"2023-04-27T13:33:03","modified_gmt":"2023-04-27T13:33:03","slug":"filtro-de-aceite-jfo409","status":"publish","type":"product","link":"https:\/\/pldistribucion.com.ar\/web\/producto\/filtro-de-aceite-jfo409\/","title":{"rendered":"FILTRO DE ACEITE JFO409"},"content":{"rendered":"<h1><strong><span style=\"font-size: 80%;\">FILTRO DE ACEITE JFO409<\/span><\/strong><\/h1>\n<h3 class=\"tabla-head\"><span style=\"font-size: 80%;\"><strong>DIMENSIONES<\/strong><\/span><\/h3>\n<div id=\"dimensiones\">\n<div class=\"table-responsive\">\n<table class=\"table table-condensed\" style=\"height: 40px;\" width=\"1006\">\n<tbody>\n<tr class=\"tabla-sub-head\">\n<td>LARGO<\/td>\n<td>ANCHO<\/td>\n<td>ALTO<\/td>\n<td>\u00d8 EXT.<\/td>\n<td>\u00d8 INT.<\/td>\n<td>JUNTA<\/td>\n<td>V\u00c1LVULA<\/td>\n<td>PICOS<\/td>\n<td>TIPO<\/td>\n<td>ROSCA<\/td>\n<td>OBSERVACIONES<\/td>\n<\/tr>\n<tr>\n<td>&#8212;<\/td>\n<td>&#8212;<\/td>\n<td>77<\/td>\n<td>80<\/td>\n<td>&#8212;<\/td>\n<td>62&#215;52<\/td>\n<td>1<\/td>\n<td>&#8212;<\/td>\n<td>unidad sellada<\/td>\n<td>M20x1,5<\/td>\n<td>brida concava<\/td>\n<\/tr>\n<\/tbody>\n<\/table>\n<\/div>\n<\/div>\n<h3><span style=\"font-size: 80%;\"><strong>APLICACIONES:<\/strong><\/span><\/h3>\n<ul>\n<li class=\"aplicaciones\"><span class=\"content-hidden\" style=\"color: #000000;\">HONDA ACCORD 1,6 &#8211; 1,8 84 &#8211; 85<br \/>\nHONDA ACCORD 2,0 &#8211; 2,2 92<br \/>\nHONDA ACCORD 2,0 -2,2 4CIL 94<br \/>\nHONDA ACCORD 2,2 VTEC 96 &#8211; 98<br \/>\nHONDA CIVIC 1,3 &#8211; 1,4 87 &#8211; 91<br \/>\nHONDA CR-X 1.6 93<br \/>\nHONDA PASSPORT 3,0 V6<br \/>\nHONDA PRELUDE 2,0<br \/>\nHONDA PRELUDE 2,2 VTI 97 &#8211; 99<\/span><\/li>\n<\/ul>\n<h3><span style=\"font-size: 80%;\">EQUIVALENCIAS:\u00a0<\/span><\/h3>\n<ul>\n<li class=\"block-table\"><strong>WEGA<\/strong><br \/>\nJFO-0409<\/li>\n<li class=\"block-table\"><strong>FRAM<\/strong><br \/>\nPH 3593A<\/li>\n<li class=\"block-table\"><strong>FRAM<\/strong><br \/>\nPH 2981<\/li>\n<li class=\"block-table\"><strong>MANN<\/strong><br \/>\nW 814\/80<\/li>\n<li class=\"block-table\"><strong>MANN<\/strong><br \/>\nw 616\/6<\/li>\n<li class=\"block-table\"><strong>OEM<\/strong><br \/>\n15400PH1F02<\/li>\n<li class=\"block-table\"><strong>OEM<\/strong><br \/>\n15400PH1F03<\/li>\n<li class=\"block-table\"><strong>OEM<\/strong><br \/>\n15400PH1F01<\/li>\n<li class=\"block-table\"><strong>DICKSON<\/strong><br \/>\nOF0341<\/li>\n<li class=\"block-table\"><strong>BOSCH<\/strong><br \/>\n0986B00001<\/li>\n<li class=\"block-table\"><strong>MAHLE<\/strong><br \/>\nOC115<\/li>\n<li class=\"block-table\"><strong>HASTING<\/strong><br \/>\nH2161<\/li>\n<li class=\"block-table\"><strong>TECFIL<\/strong><br \/>\nPSL131<\/li>\n<\/ul>\n<hr \/>\n<p><span style=\"color: #000080;\"><strong><a style=\"color: #000080;\" href=\"https:\/\/pldistribucion.com.ar\/web\/categoria-producto\/filtros\/wega-s\/\" target=\"_blank\" rel=\"noopener\">Ver m\u00e1s filtros WEGA<\/a><\/strong><\/span><\/p>\n<p><strong>WEGA<\/strong>, <span style=\"color: #000000;\">marca comercial de<\/span>\u00a0<strong>R. NETO S.A.<\/strong>\u00a0<span style=\"color: #000000;\">en el mundo, provee una amplia gama de productos incluyendo: filtros de aire, aceite, combustible y cabina, l\u00e1mparas hal\u00f3genas, leds, buj\u00edas de encendido, buj\u00edas de precalentamiento y bocinas, que aplican a veh\u00edculos americanos, europeos y asi\u00e1ticos.<\/span><\/p>\n<p><span style=\"color: #000080;\"><strong><a style=\"color: #000080;\" href=\"https:\/\/blogdelasmarcas.blogspot.com\/2008\/01\/historia-de-wega.html\" target=\"_blank\" rel=\"noopener\">Conoce m\u00e1s sobre WEGA<\/a><\/strong><\/span><\/p>\n","protected":false},"excerpt":{"rendered":"<p><img loading=\"lazy\" decoding=\"async\" class=\"alignnone wp-image-6192\" src=\"https:\/\/pldistribucion.com.ar\/web\/wp-content\/uploads\/FGHFGHG-300x300.png\" alt=\"\" width=\"206\" height=\"206\" srcset=\"https:\/\/pldistribucion.com.ar\/web\/wp-content\/uploads\/FGHFGHG-300x300.png 300w, https:\/\/pldistribucion.com.ar\/web\/wp-content\/uploads\/FGHFGHG-150x150.png 150w, https:\/\/pldistribucion.com.ar\/web\/wp-content\/uploads\/FGHFGHG-100x100.png 100w, https:\/\/pldistribucion.com.ar\/web\/wp-content\/uploads\/FGHFGHG.png 340w\" sizes=\"(max-width: 206px) 100vw, 206px\" \/><\/p>\n<p><strong>FILTRO DE ACEITE JFO409<\/strong><\/p>\n<h2 style=\"text-align: left;\"><span style=\"font-size: 75%;\"><strong><a rel=\"noopener noreferrer\" href=\"https:\/\/articulo.mercadolibre.com.ar\/MLA-1297528542-filtro-aceite-wega-jfo409-_JM#position=1&#038;search_layout=stack&#038;type=item&#038;tracking_id=bbc8064c-7b0a-4bdf-bbd3-38c8c93e73bd\" target=\"_blank\" class=\"button primary\"  >\n    <span>VER EN TIENDA ?<\/span>\n  <\/a>\n<span style=\"color: #69314d;\">\u00a0<\/span><\/strong><strong>\u00a0<\/strong><\/span><\/h2>\n","protected":false},"featured_media":6198,"comment_status":"open","ping_status":"closed","template":"","meta":[],"product_cat":[19],"product_tag":[],"yoast_head":"<!-- This site is optimized with the Yoast SEO plugin v23.0 - https:\/\/yoast.com\/wordpress\/plugins\/seo\/ -->\n<title>FILTRO DE ACEITE JFO409 - Perfomance Lube - Filtros<\/title>\n<meta name=\"description\" content=\"Distribuidor de filtros WEGA de diferentes aplicaciones. Env\u00edos a todo el pa\u00eds. Variedad de productos y stock disponible..FILTRO DE ACEITE JFO409\" \/>\n<meta name=\"robots\" content=\"index, follow, max-snippet:-1, max-image-preview:large, max-video-preview:-1\" \/>\n<link rel=\"canonical\" href=\"https:\/\/pldistribucion.com.ar\/web\/producto\/filtro-de-aceite-jfo409\/\" \/>\n<meta property=\"og:locale\" content=\"es_ES\" \/>\n<meta property=\"og:type\" content=\"article\" \/>\n<meta property=\"og:title\" content=\"FILTRO DE ACEITE JFO409 - Perfomance Lube - Filtros\" \/>\n<meta property=\"og:description\" content=\"Distribuidor de filtros WEGA de diferentes aplicaciones. Env\u00edos a todo el pa\u00eds. Variedad de productos y stock disponible..FILTRO DE ACEITE JFO409\" \/>\n<meta property=\"og:url\" content=\"https:\/\/pldistribucion.com.ar\/web\/producto\/filtro-de-aceite-jfo409\/\" \/>\n<meta property=\"og:site_name\" content=\"Perfomance Lube\" \/>\n<meta property=\"article:modified_time\" content=\"2023-04-27T13:33:03+00:00\" \/>\n<meta property=\"og:image\" content=\"https:\/\/pldistribucion.com.ar\/web\/wp-content\/uploads\/ghghjghj.png\" \/>\n\t<meta property=\"og:image:width\" content=\"636\" \/>\n\t<meta property=\"og:image:height\" content=\"626\" \/>\n\t<meta property=\"og:image:type\" content=\"image\/png\" \/>\n<meta name=\"twitter:card\" content=\"summary_large_image\" \/>\n<meta name=\"twitter:label1\" content=\"Tiempo de lectura\" \/>\n\t<meta name=\"twitter:data1\" content=\"1 minuto\" \/>\n<script type=\"application\/ld+json\" class=\"yoast-schema-graph\">{\"@context\":\"https:\/\/schema.org\",\"@graph\":[{\"@type\":\"WebPage\",\"@id\":\"https:\/\/pldistribucion.com.ar\/web\/producto\/filtro-de-aceite-jfo409\/\",\"url\":\"https:\/\/pldistribucion.com.ar\/web\/producto\/filtro-de-aceite-jfo409\/\",\"name\":\"FILTRO DE ACEITE JFO409 - Perfomance Lube - Filtros\",\"isPartOf\":{\"@id\":\"https:\/\/pldistribucion.com.ar\/web\/#website\"},\"primaryImageOfPage\":{\"@id\":\"https:\/\/pldistribucion.com.ar\/web\/producto\/filtro-de-aceite-jfo409\/#primaryimage\"},\"image\":{\"@id\":\"https:\/\/pldistribucion.com.ar\/web\/producto\/filtro-de-aceite-jfo409\/#primaryimage\"},\"thumbnailUrl\":\"https:\/\/pldistribucion.com.ar\/web\/wp-content\/uploads\/ghghjghj.png\",\"datePublished\":\"2023-04-27T13:31:29+00:00\",\"dateModified\":\"2023-04-27T13:33:03+00:00\",\"description\":\"Distribuidor de filtros WEGA de diferentes aplicaciones. Env\u00edos a todo el pa\u00eds. Variedad de productos y stock disponible..FILTRO DE ACEITE JFO409\",\"breadcrumb\":{\"@id\":\"https:\/\/pldistribucion.com.ar\/web\/producto\/filtro-de-aceite-jfo409\/#breadcrumb\"},\"inLanguage\":\"es\",\"potentialAction\":[{\"@type\":\"ReadAction\",\"target\":[\"https:\/\/pldistribucion.com.ar\/web\/producto\/filtro-de-aceite-jfo409\/\"]}]},{\"@type\":\"ImageObject\",\"inLanguage\":\"es\",\"@id\":\"https:\/\/pldistribucion.com.ar\/web\/producto\/filtro-de-aceite-jfo409\/#primaryimage\",\"url\":\"https:\/\/pldistribucion.com.ar\/web\/wp-content\/uploads\/ghghjghj.png\",\"contentUrl\":\"https:\/\/pldistribucion.com.ar\/web\/wp-content\/uploads\/ghghjghj.png\",\"width\":636,\"height\":626,\"caption\":\"FILTRO DE ACEITE JFO409\"},{\"@type\":\"BreadcrumbList\",\"@id\":\"https:\/\/pldistribucion.com.ar\/web\/producto\/filtro-de-aceite-jfo409\/#breadcrumb\",\"itemListElement\":[{\"@type\":\"ListItem\",\"position\":1,\"name\":\"Portada\",\"item\":\"https:\/\/pldistribucion.com.ar\/web\/\"},{\"@type\":\"ListItem\",\"position\":2,\"name\":\"Productos\",\"item\":\"https:\/\/pldistribucion.com.ar\/web\/productos\/\"},{\"@type\":\"ListItem\",\"position\":3,\"name\":\"FILTRO DE ACEITE JFO409\"}]},{\"@type\":\"WebSite\",\"@id\":\"https:\/\/pldistribucion.com.ar\/web\/#website\",\"url\":\"https:\/\/pldistribucion.com.ar\/web\/\",\"name\":\"Perfomance Lube\",\"description\":\"\",\"publisher\":{\"@id\":\"https:\/\/pldistribucion.com.ar\/web\/#organization\"},\"potentialAction\":[{\"@type\":\"SearchAction\",\"target\":{\"@type\":\"EntryPoint\",\"urlTemplate\":\"https:\/\/pldistribucion.com.ar\/web\/?s={search_term_string}\"},\"query-input\":\"required name=search_term_string\"}],\"inLanguage\":\"es\"},{\"@type\":\"Organization\",\"@id\":\"https:\/\/pldistribucion.com.ar\/web\/#organization\",\"name\":\"PERFORMANCE LUBE\",\"url\":\"https:\/\/pldistribucion.com.ar\/web\/\",\"logo\":{\"@type\":\"ImageObject\",\"inLanguage\":\"es\",\"@id\":\"https:\/\/pldistribucion.com.ar\/web\/#\/schema\/logo\/image\/\",\"url\":\"https:\/\/pldistribucion.com.ar\/web\/wp-content\/uploads\/pld_logo_GB-removebg-preview.png\",\"contentUrl\":\"https:\/\/pldistribucion.com.ar\/web\/wp-content\/uploads\/pld_logo_GB-removebg-preview.png\",\"width\":787,\"height\":317,\"caption\":\"PERFORMANCE LUBE\"},\"image\":{\"@id\":\"https:\/\/pldistribucion.com.ar\/web\/#\/schema\/logo\/image\/\"}}]}<\/script>\n<!-- \/ Yoast SEO plugin. -->","yoast_head_json":{"title":"FILTRO DE ACEITE JFO409 - Perfomance Lube - Filtros","description":"Distribuidor de filtros WEGA de diferentes aplicaciones. Env\u00edos a todo el pa\u00eds. Variedad de productos y stock disponible..FILTRO DE ACEITE JFO409","robots":{"index":"index","follow":"follow","max-snippet":"max-snippet:-1","max-image-preview":"max-image-preview:large","max-video-preview":"max-video-preview:-1"},"canonical":"https:\/\/pldistribucion.com.ar\/web\/producto\/filtro-de-aceite-jfo409\/","og_locale":"es_ES","og_type":"article","og_title":"FILTRO DE ACEITE JFO409 - Perfomance Lube - Filtros","og_description":"Distribuidor de filtros WEGA de diferentes aplicaciones. Env\u00edos a todo el pa\u00eds. Variedad de productos y stock disponible..FILTRO DE ACEITE JFO409","og_url":"https:\/\/pldistribucion.com.ar\/web\/producto\/filtro-de-aceite-jfo409\/","og_site_name":"Perfomance Lube","article_modified_time":"2023-04-27T13:33:03+00:00","og_image":[{"width":636,"height":626,"url":"https:\/\/pldistribucion.com.ar\/web\/wp-content\/uploads\/ghghjghj.png","type":"image\/png"}],"twitter_card":"summary_large_image","twitter_misc":{"Tiempo de lectura":"1 minuto"},"schema":{"@context":"https:\/\/schema.org","@graph":[{"@type":"WebPage","@id":"https:\/\/pldistribucion.com.ar\/web\/producto\/filtro-de-aceite-jfo409\/","url":"https:\/\/pldistribucion.com.ar\/web\/producto\/filtro-de-aceite-jfo409\/","name":"FILTRO DE ACEITE JFO409 - Perfomance Lube - Filtros","isPartOf":{"@id":"https:\/\/pldistribucion.com.ar\/web\/#website"},"primaryImageOfPage":{"@id":"https:\/\/pldistribucion.com.ar\/web\/producto\/filtro-de-aceite-jfo409\/#primaryimage"},"image":{"@id":"https:\/\/pldistribucion.com.ar\/web\/producto\/filtro-de-aceite-jfo409\/#primaryimage"},"thumbnailUrl":"https:\/\/pldistribucion.com.ar\/web\/wp-content\/uploads\/ghghjghj.png","datePublished":"2023-04-27T13:31:29+00:00","dateModified":"2023-04-27T13:33:03+00:00","description":"Distribuidor de filtros WEGA de diferentes aplicaciones. Env\u00edos a todo el pa\u00eds. Variedad de productos y stock disponible..FILTRO DE ACEITE JFO409","breadcrumb":{"@id":"https:\/\/pldistribucion.com.ar\/web\/producto\/filtro-de-aceite-jfo409\/#breadcrumb"},"inLanguage":"es","potentialAction":[{"@type":"ReadAction","target":["https:\/\/pldistribucion.com.ar\/web\/producto\/filtro-de-aceite-jfo409\/"]}]},{"@type":"ImageObject","inLanguage":"es","@id":"https:\/\/pldistribucion.com.ar\/web\/producto\/filtro-de-aceite-jfo409\/#primaryimage","url":"https:\/\/pldistribucion.com.ar\/web\/wp-content\/uploads\/ghghjghj.png","contentUrl":"https:\/\/pldistribucion.com.ar\/web\/wp-content\/uploads\/ghghjghj.png","width":636,"height":626,"caption":"FILTRO DE ACEITE JFO409"},{"@type":"BreadcrumbList","@id":"https:\/\/pldistribucion.com.ar\/web\/producto\/filtro-de-aceite-jfo409\/#breadcrumb","itemListElement":[{"@type":"ListItem","position":1,"name":"Portada","item":"https:\/\/pldistribucion.com.ar\/web\/"},{"@type":"ListItem","position":2,"name":"Productos","item":"https:\/\/pldistribucion.com.ar\/web\/productos\/"},{"@type":"ListItem","position":3,"name":"FILTRO DE ACEITE JFO409"}]},{"@type":"WebSite","@id":"https:\/\/pldistribucion.com.ar\/web\/#website","url":"https:\/\/pldistribucion.com.ar\/web\/","name":"Perfomance Lube","description":"","publisher":{"@id":"https:\/\/pldistribucion.com.ar\/web\/#organization"},"potentialAction":[{"@type":"SearchAction","target":{"@type":"EntryPoint","urlTemplate":"https:\/\/pldistribucion.com.ar\/web\/?s={search_term_string}"},"query-input":"required name=search_term_string"}],"inLanguage":"es"},{"@type":"Organization","@id":"https:\/\/pldistribucion.com.ar\/web\/#organization","name":"PERFORMANCE LUBE","url":"https:\/\/pldistribucion.com.ar\/web\/","logo":{"@type":"ImageObject","inLanguage":"es","@id":"https:\/\/pldistribucion.com.ar\/web\/#\/schema\/logo\/image\/","url":"https:\/\/pldistribucion.com.ar\/web\/wp-content\/uploads\/pld_logo_GB-removebg-preview.png","contentUrl":"https:\/\/pldistribucion.com.ar\/web\/wp-content\/uploads\/pld_logo_GB-removebg-preview.png","width":787,"height":317,"caption":"PERFORMANCE LUBE"},"image":{"@id":"https:\/\/pldistribucion.com.ar\/web\/#\/schema\/logo\/image\/"}}]}},"_links":{"self":[{"href":"https:\/\/pldistribucion.com.ar\/web\/wp-json\/wp\/v2\/product\/6196"}],"collection":[{"href":"https:\/\/pldistribucion.com.ar\/web\/wp-json\/wp\/v2\/product"}],"about":[{"href":"https:\/\/pldistribucion.com.ar\/web\/wp-json\/wp\/v2\/types\/product"}],"replies":[{"embeddable":true,"href":"https:\/\/pldistribucion.com.ar\/web\/wp-json\/wp\/v2\/comments?post=6196"}],"wp:featuredmedia":[{"embeddable":true,"href":"https:\/\/pldistribucion.com.ar\/web\/wp-json\/wp\/v2\/media\/6198"}],"wp:attachment":[{"href":"https:\/\/pldistribucion.com.ar\/web\/wp-json\/wp\/v2\/media?parent=6196"}],"wp:term":[{"taxonomy":"product_cat","embeddable":true,"href":"https:\/\/pldistribucion.com.ar\/web\/wp-json\/wp\/v2\/product_cat?post=6196"},{"taxonomy":"product_tag","embeddable":true,"href":"https:\/\/pldistribucion.com.ar\/web\/wp-json\/wp\/v2\/product_tag?post=6196"}],"curies":[{"name":"wp","href":"https:\/\/api.w.org\/{rel}","templated":true}]}}