{"id":6127,"date":"2023-04-25T15:52:43","date_gmt":"2023-04-25T15:52:43","guid":{"rendered":"https:\/\/pldistribucion.com.ar\/web\/?post_type=product&#038;p=6127"},"modified":"2023-04-25T15:54:55","modified_gmt":"2023-04-25T15:54:55","slug":"filtro-de-aire-fap3287","status":"publish","type":"product","link":"https:\/\/pldistribucion.com.ar\/web\/producto\/filtro-de-aire-fap3287\/","title":{"rendered":"FILTRO DE AIRE FAP3287"},"content":{"rendered":"<h1><span style=\"font-size: 80%;\"><strong>FILTRO DE AIRE FAP3287<\/strong><\/span><\/h1>\n<h3 class=\"date novedadProductosDestacadoDatos\"><span style=\"font-size: 80%;\"><strong>APLICACIONES:<\/strong><\/span><\/h3>\n<ul>\n<li class=\"aplicaciones\"><span class=\"content-hidden expand\"><span style=\"color: #000000;\">SEAT IBIZA 1,6 16V 105CV 2000 &#8212; 2002<\/span><br \/>\n<span style=\"color: #000000;\">SEAT LEON 1,6 16V 105CV 99 &#8212; 2001<\/span><br \/>\n<span style=\"color: #000000;\">SEAT LEON 1,6 16V 105CV 2001 \u2192<\/span><br \/>\n<span style=\"color: #000000;\">VOLKSWAGEN CROSSFOX 1,6 8V 98CV 2006\u2192<\/span><br \/>\n<span style=\"color: #000000;\">SEAT TOLEDO II 16 16V 105CV 2000 &#8212; 2001<\/span><br \/>\n<span style=\"color: #000000;\">AUDI A3 II 1,6 8V 102CV 2004 \u2192<\/span><br \/>\n<span style=\"color: #000000;\">VOLKSWAGEN CADDY 1,6 8V 90CV 2004\u2192<\/span><br \/>\n<span style=\"color: #000000;\">VOLKSWAGEN FOX 1,6 8V 98CV 2004\u2192<\/span><br \/>\n<span style=\"color: #000000;\">VOLKSWAGEN GOLF IV 1,6I 16V 105CV 99\u2192<\/span><br \/>\n<span style=\"color: #000000;\">VOLKSWAGEN GOLF IV 1,6 8V BRASILERO 2004\u2192<\/span><br \/>\n<span style=\"color: #000000;\">VOLKSWAGEN SURAN 1,6 8V 101CV 2007\u2192<\/span><br \/>\n<span style=\"color: #000000;\">VOLKSWAGEN SAVEIRO 1,6 8V 93CV 2006\u2192<\/span><br \/>\n<span style=\"color: #000000;\">VOLKSWAGEN GOL COUNTRY &#8211; 1,6 8V 93CV 2006\u2192<\/span><br \/>\n<span style=\"color: #000000;\">VOLKSWAGEN SURAN CROSS &#8211; 1,6 8V 2011 \u2192<\/span><br \/>\n<span style=\"color: #000000;\">VOLKSWAGEN GOL IV 1,6 8V 92CV 2006\u2192<\/span><br \/>\n<span style=\"color: #000000;\">MASERATI GRAN CABRIO 4.7 V8 450CV 2018 \u2192<\/span><br \/>\n<span style=\"color: #000000;\">MASERATI GRAN CABRIO MC &#8211; 4.7 V8 460CV 2018 \u2192<\/span><br \/>\n<span style=\"color: #000000;\">MASERATI GRAN CABRIO SPORT &#8211; 4.7 V8 450CV 2018 \u2192<\/span><br \/>\n<\/span><\/li>\n<\/ul>\n<h3 class=\"tabla-head\"><span style=\"font-size: 80%;\"><strong>EQUIVALENCIAS<\/strong><\/span><\/h3>\n<div class=\"eq-hidden expand\">\n<div class=\"block-separador\">\n<ul>\n<li class=\"block-table\"><strong>WEGA <\/strong>FAP-3287<\/li>\n<li class=\"block-table\"><strong>FRAM <\/strong>CA 9519<\/li>\n<li class=\"block-table\"><strong>FRAM <\/strong>CA 99015<\/li>\n<li class=\"block-table\"><strong>MANN <\/strong>C 2998\/5<\/li>\n<li class=\"block-table\"><strong>OEM <\/strong>03619862<\/li>\n<li class=\"block-table\"><strong>OEM <\/strong>032129620B<\/li>\n<li class=\"block-table\"><strong>OEM <\/strong>036129620D<\/li>\n<li class=\"block-table\"><strong>TECNECO <\/strong>AR1655PM<\/li>\n<li class=\"block-table\"><strong>BOSCH <\/strong>0986B02324<\/li>\n<li class=\"block-table\"><strong>MAHLE <\/strong>LX977<\/li>\n<li class=\"block-table\"><strong>HASTING <\/strong>J3597PA<\/li>\n<li class=\"block-table\"><strong>TECFIL <\/strong>ARL6095<\/li>\n<li class=\"block-table\"><strong>MASTERFILT <\/strong>AMPI1105<\/li>\n<li class=\"block-table\"><strong>MARENO <\/strong>MR309<\/li>\n<li class=\"block-table\"><strong>WIX <\/strong>WA6688<\/li>\n<\/ul>\n<\/div>\n<\/div>\n<hr \/>\n<p><span style=\"color: #000080;\"><strong><a style=\"color: #000080;\" href=\"https:\/\/pldistribucion.com.ar\/web\/categoria-producto\/filtros\/wega-s\/\" target=\"_blank\" rel=\"noopener\">Ver m\u00e1s filtros WEGA<\/a><\/strong><\/span><\/p>\n<p><strong>WEGA<\/strong>, <span style=\"color: #000000;\">marca comercial de<\/span>\u00a0<strong>R. NETO S.A.<\/strong>\u00a0<span style=\"color: #000000;\">en el mundo, provee una amplia gama de productos incluyendo: filtros de aire, aceite, combustible y cabina, l\u00e1mparas hal\u00f3genas, leds, buj\u00edas de encendido, buj\u00edas de precalentamiento y bocinas, que aplican a veh\u00edculos americanos, europeos y asi\u00e1ticos.<\/span><\/p>\n<p><span style=\"color: #000080;\"><strong><a style=\"color: #000080;\" href=\"https:\/\/blogdelasmarcas.blogspot.com\/2008\/01\/historia-de-wega.html\" target=\"_blank\" rel=\"noopener\">Conoce m\u00e1s sobre WEGA<\/a><\/strong><\/span><\/p>\n<p>&nbsp;<\/p>\n","protected":false},"excerpt":{"rendered":"<p><img loading=\"lazy\" decoding=\"async\" class=\"alignnone wp-image-6129\" src=\"https:\/\/pldistribucion.com.ar\/web\/wp-content\/uploads\/tgfhfghcgh-e1682437458530-300x173.png\" alt=\"\" width=\"267\" height=\"154\" srcset=\"https:\/\/pldistribucion.com.ar\/web\/wp-content\/uploads\/tgfhfghcgh-e1682437458530-300x173.png 300w, https:\/\/pldistribucion.com.ar\/web\/wp-content\/uploads\/tgfhfghcgh-e1682437458530.png 405w\" sizes=\"(max-width: 267px) 100vw, 267px\" \/><\/p>\n<p><strong>FILTRO DE AIRE FAP3287<\/strong><\/p>\n<h2 style=\"text-align: left;\"><span style=\"font-size: 75%;\"><strong><a rel=\"noopener noreferrer\" href=\"https:\/\/performancelube.mercadoshops.com.ar\/MLA-1370051232-filtro-de-aire-wega-fap3287-_JM#position=1&#038;search_layout=stack&#038;type=item&#038;tracking_id=bbc8064c-7b0a-4bdf-bbd3-38c8c93e73bd\" target=\"_blank\" class=\"button primary\"  >\n    <span>VER EN TIENDA ?<\/span>\n  <\/a>\n<span style=\"color: #69314d;\">\u00a0<\/span><\/strong><strong>\u00a0<\/strong><\/span><\/h2>\n<p>&nbsp;<\/p>\n","protected":false},"featured_media":6130,"comment_status":"open","ping_status":"closed","template":"","meta":[],"product_cat":[19],"product_tag":[],"yoast_head":"<!-- This site is optimized with the Yoast SEO plugin v23.0 - https:\/\/yoast.com\/wordpress\/plugins\/seo\/ -->\n<title>FILTRO DE AIRE FAP3287 - Perfomance Lube - Filtros<\/title>\n<meta name=\"description\" content=\"Distribuidor de filtros WEGA de diferentes aplicaciones. Env\u00edos a todo el pa\u00eds. Variedad de productos y stock disponible.\" \/>\n<meta name=\"robots\" content=\"index, follow, max-snippet:-1, max-image-preview:large, max-video-preview:-1\" \/>\n<link rel=\"canonical\" href=\"https:\/\/pldistribucion.com.ar\/web\/producto\/filtro-de-aire-fap3287\/\" \/>\n<meta property=\"og:locale\" content=\"es_ES\" \/>\n<meta property=\"og:type\" content=\"article\" \/>\n<meta property=\"og:title\" content=\"FILTRO DE AIRE FAP3287 - Perfomance Lube - Filtros\" \/>\n<meta property=\"og:description\" content=\"Distribuidor de filtros WEGA de diferentes aplicaciones. Env\u00edos a todo el pa\u00eds. Variedad de productos y stock disponible.\" \/>\n<meta property=\"og:url\" content=\"https:\/\/pldistribucion.com.ar\/web\/producto\/filtro-de-aire-fap3287\/\" \/>\n<meta property=\"og:site_name\" content=\"Perfomance Lube\" \/>\n<meta property=\"article:modified_time\" content=\"2023-04-25T15:54:55+00:00\" \/>\n<meta property=\"og:image\" content=\"https:\/\/pldistribucion.com.ar\/web\/wp-content\/uploads\/NCGHJFGHFH.png\" \/>\n\t<meta property=\"og:image:width\" content=\"598\" \/>\n\t<meta property=\"og:image:height\" content=\"549\" \/>\n\t<meta property=\"og:image:type\" content=\"image\/png\" \/>\n<meta name=\"twitter:card\" content=\"summary_large_image\" \/>\n<meta name=\"twitter:label1\" content=\"Tiempo de lectura\" \/>\n\t<meta name=\"twitter:data1\" content=\"1 minuto\" \/>\n<script type=\"application\/ld+json\" class=\"yoast-schema-graph\">{\"@context\":\"https:\/\/schema.org\",\"@graph\":[{\"@type\":\"WebPage\",\"@id\":\"https:\/\/pldistribucion.com.ar\/web\/producto\/filtro-de-aire-fap3287\/\",\"url\":\"https:\/\/pldistribucion.com.ar\/web\/producto\/filtro-de-aire-fap3287\/\",\"name\":\"FILTRO DE AIRE FAP3287 - Perfomance Lube - Filtros\",\"isPartOf\":{\"@id\":\"https:\/\/pldistribucion.com.ar\/web\/#website\"},\"primaryImageOfPage\":{\"@id\":\"https:\/\/pldistribucion.com.ar\/web\/producto\/filtro-de-aire-fap3287\/#primaryimage\"},\"image\":{\"@id\":\"https:\/\/pldistribucion.com.ar\/web\/producto\/filtro-de-aire-fap3287\/#primaryimage\"},\"thumbnailUrl\":\"https:\/\/pldistribucion.com.ar\/web\/wp-content\/uploads\/NCGHJFGHFH.png\",\"datePublished\":\"2023-04-25T15:52:43+00:00\",\"dateModified\":\"2023-04-25T15:54:55+00:00\",\"description\":\"Distribuidor de filtros WEGA de diferentes aplicaciones. Env\u00edos a todo el pa\u00eds. Variedad de productos y stock disponible.\",\"breadcrumb\":{\"@id\":\"https:\/\/pldistribucion.com.ar\/web\/producto\/filtro-de-aire-fap3287\/#breadcrumb\"},\"inLanguage\":\"es\",\"potentialAction\":[{\"@type\":\"ReadAction\",\"target\":[\"https:\/\/pldistribucion.com.ar\/web\/producto\/filtro-de-aire-fap3287\/\"]}]},{\"@type\":\"ImageObject\",\"inLanguage\":\"es\",\"@id\":\"https:\/\/pldistribucion.com.ar\/web\/producto\/filtro-de-aire-fap3287\/#primaryimage\",\"url\":\"https:\/\/pldistribucion.com.ar\/web\/wp-content\/uploads\/NCGHJFGHFH.png\",\"contentUrl\":\"https:\/\/pldistribucion.com.ar\/web\/wp-content\/uploads\/NCGHJFGHFH.png\",\"width\":598,\"height\":549,\"caption\":\"FILTRO DE AIRE FAP3287\"},{\"@type\":\"BreadcrumbList\",\"@id\":\"https:\/\/pldistribucion.com.ar\/web\/producto\/filtro-de-aire-fap3287\/#breadcrumb\",\"itemListElement\":[{\"@type\":\"ListItem\",\"position\":1,\"name\":\"Portada\",\"item\":\"https:\/\/pldistribucion.com.ar\/web\/\"},{\"@type\":\"ListItem\",\"position\":2,\"name\":\"Productos\",\"item\":\"https:\/\/pldistribucion.com.ar\/web\/productos\/\"},{\"@type\":\"ListItem\",\"position\":3,\"name\":\"FILTRO DE AIRE FAP3287\"}]},{\"@type\":\"WebSite\",\"@id\":\"https:\/\/pldistribucion.com.ar\/web\/#website\",\"url\":\"https:\/\/pldistribucion.com.ar\/web\/\",\"name\":\"Perfomance Lube\",\"description\":\"\",\"publisher\":{\"@id\":\"https:\/\/pldistribucion.com.ar\/web\/#organization\"},\"potentialAction\":[{\"@type\":\"SearchAction\",\"target\":{\"@type\":\"EntryPoint\",\"urlTemplate\":\"https:\/\/pldistribucion.com.ar\/web\/?s={search_term_string}\"},\"query-input\":\"required name=search_term_string\"}],\"inLanguage\":\"es\"},{\"@type\":\"Organization\",\"@id\":\"https:\/\/pldistribucion.com.ar\/web\/#organization\",\"name\":\"PERFORMANCE LUBE\",\"url\":\"https:\/\/pldistribucion.com.ar\/web\/\",\"logo\":{\"@type\":\"ImageObject\",\"inLanguage\":\"es\",\"@id\":\"https:\/\/pldistribucion.com.ar\/web\/#\/schema\/logo\/image\/\",\"url\":\"https:\/\/pldistribucion.com.ar\/web\/wp-content\/uploads\/pld_logo_GB-removebg-preview.png\",\"contentUrl\":\"https:\/\/pldistribucion.com.ar\/web\/wp-content\/uploads\/pld_logo_GB-removebg-preview.png\",\"width\":787,\"height\":317,\"caption\":\"PERFORMANCE LUBE\"},\"image\":{\"@id\":\"https:\/\/pldistribucion.com.ar\/web\/#\/schema\/logo\/image\/\"}}]}<\/script>\n<!-- \/ Yoast SEO plugin. -->","yoast_head_json":{"title":"FILTRO DE AIRE FAP3287 - Perfomance Lube - Filtros","description":"Distribuidor de filtros WEGA de diferentes aplicaciones. Env\u00edos a todo el pa\u00eds. Variedad de productos y stock disponible.","robots":{"index":"index","follow":"follow","max-snippet":"max-snippet:-1","max-image-preview":"max-image-preview:large","max-video-preview":"max-video-preview:-1"},"canonical":"https:\/\/pldistribucion.com.ar\/web\/producto\/filtro-de-aire-fap3287\/","og_locale":"es_ES","og_type":"article","og_title":"FILTRO DE AIRE FAP3287 - Perfomance Lube - Filtros","og_description":"Distribuidor de filtros WEGA de diferentes aplicaciones. Env\u00edos a todo el pa\u00eds. Variedad de productos y stock disponible.","og_url":"https:\/\/pldistribucion.com.ar\/web\/producto\/filtro-de-aire-fap3287\/","og_site_name":"Perfomance Lube","article_modified_time":"2023-04-25T15:54:55+00:00","og_image":[{"width":598,"height":549,"url":"https:\/\/pldistribucion.com.ar\/web\/wp-content\/uploads\/NCGHJFGHFH.png","type":"image\/png"}],"twitter_card":"summary_large_image","twitter_misc":{"Tiempo de lectura":"1 minuto"},"schema":{"@context":"https:\/\/schema.org","@graph":[{"@type":"WebPage","@id":"https:\/\/pldistribucion.com.ar\/web\/producto\/filtro-de-aire-fap3287\/","url":"https:\/\/pldistribucion.com.ar\/web\/producto\/filtro-de-aire-fap3287\/","name":"FILTRO DE AIRE FAP3287 - Perfomance Lube - Filtros","isPartOf":{"@id":"https:\/\/pldistribucion.com.ar\/web\/#website"},"primaryImageOfPage":{"@id":"https:\/\/pldistribucion.com.ar\/web\/producto\/filtro-de-aire-fap3287\/#primaryimage"},"image":{"@id":"https:\/\/pldistribucion.com.ar\/web\/producto\/filtro-de-aire-fap3287\/#primaryimage"},"thumbnailUrl":"https:\/\/pldistribucion.com.ar\/web\/wp-content\/uploads\/NCGHJFGHFH.png","datePublished":"2023-04-25T15:52:43+00:00","dateModified":"2023-04-25T15:54:55+00:00","description":"Distribuidor de filtros WEGA de diferentes aplicaciones. Env\u00edos a todo el pa\u00eds. Variedad de productos y stock disponible.","breadcrumb":{"@id":"https:\/\/pldistribucion.com.ar\/web\/producto\/filtro-de-aire-fap3287\/#breadcrumb"},"inLanguage":"es","potentialAction":[{"@type":"ReadAction","target":["https:\/\/pldistribucion.com.ar\/web\/producto\/filtro-de-aire-fap3287\/"]}]},{"@type":"ImageObject","inLanguage":"es","@id":"https:\/\/pldistribucion.com.ar\/web\/producto\/filtro-de-aire-fap3287\/#primaryimage","url":"https:\/\/pldistribucion.com.ar\/web\/wp-content\/uploads\/NCGHJFGHFH.png","contentUrl":"https:\/\/pldistribucion.com.ar\/web\/wp-content\/uploads\/NCGHJFGHFH.png","width":598,"height":549,"caption":"FILTRO DE AIRE FAP3287"},{"@type":"BreadcrumbList","@id":"https:\/\/pldistribucion.com.ar\/web\/producto\/filtro-de-aire-fap3287\/#breadcrumb","itemListElement":[{"@type":"ListItem","position":1,"name":"Portada","item":"https:\/\/pldistribucion.com.ar\/web\/"},{"@type":"ListItem","position":2,"name":"Productos","item":"https:\/\/pldistribucion.com.ar\/web\/productos\/"},{"@type":"ListItem","position":3,"name":"FILTRO DE AIRE FAP3287"}]},{"@type":"WebSite","@id":"https:\/\/pldistribucion.com.ar\/web\/#website","url":"https:\/\/pldistribucion.com.ar\/web\/","name":"Perfomance Lube","description":"","publisher":{"@id":"https:\/\/pldistribucion.com.ar\/web\/#organization"},"potentialAction":[{"@type":"SearchAction","target":{"@type":"EntryPoint","urlTemplate":"https:\/\/pldistribucion.com.ar\/web\/?s={search_term_string}"},"query-input":"required name=search_term_string"}],"inLanguage":"es"},{"@type":"Organization","@id":"https:\/\/pldistribucion.com.ar\/web\/#organization","name":"PERFORMANCE LUBE","url":"https:\/\/pldistribucion.com.ar\/web\/","logo":{"@type":"ImageObject","inLanguage":"es","@id":"https:\/\/pldistribucion.com.ar\/web\/#\/schema\/logo\/image\/","url":"https:\/\/pldistribucion.com.ar\/web\/wp-content\/uploads\/pld_logo_GB-removebg-preview.png","contentUrl":"https:\/\/pldistribucion.com.ar\/web\/wp-content\/uploads\/pld_logo_GB-removebg-preview.png","width":787,"height":317,"caption":"PERFORMANCE LUBE"},"image":{"@id":"https:\/\/pldistribucion.com.ar\/web\/#\/schema\/logo\/image\/"}}]}},"_links":{"self":[{"href":"https:\/\/pldistribucion.com.ar\/web\/wp-json\/wp\/v2\/product\/6127"}],"collection":[{"href":"https:\/\/pldistribucion.com.ar\/web\/wp-json\/wp\/v2\/product"}],"about":[{"href":"https:\/\/pldistribucion.com.ar\/web\/wp-json\/wp\/v2\/types\/product"}],"replies":[{"embeddable":true,"href":"https:\/\/pldistribucion.com.ar\/web\/wp-json\/wp\/v2\/comments?post=6127"}],"wp:featuredmedia":[{"embeddable":true,"href":"https:\/\/pldistribucion.com.ar\/web\/wp-json\/wp\/v2\/media\/6130"}],"wp:attachment":[{"href":"https:\/\/pldistribucion.com.ar\/web\/wp-json\/wp\/v2\/media?parent=6127"}],"wp:term":[{"taxonomy":"product_cat","embeddable":true,"href":"https:\/\/pldistribucion.com.ar\/web\/wp-json\/wp\/v2\/product_cat?post=6127"},{"taxonomy":"product_tag","embeddable":true,"href":"https:\/\/pldistribucion.com.ar\/web\/wp-json\/wp\/v2\/product_tag?post=6127"}],"curies":[{"name":"wp","href":"https:\/\/api.w.org\/{rel}","templated":true}]}}