{"id":6090,"date":"2023-04-24T16:10:19","date_gmt":"2023-04-24T16:10:19","guid":{"rendered":"https:\/\/pldistribucion.com.ar\/web\/?post_type=product&#038;p=6090"},"modified":"2023-04-25T11:20:04","modified_gmt":"2023-04-25T11:20:04","slug":"baterias-acdelco","status":"publish","type":"product","link":"https:\/\/pldistribucion.com.ar\/web\/producto\/baterias-acdelco\/","title":{"rendered":"BATER\u00cdAS ACDELCO"},"content":{"rendered":"<h1><span style=\"font-size: 80%;\"><strong>BATER\u00cdAS\u00a0 ACDELCO<\/strong><\/span><\/h1>\n<ul>\n<li><span style=\"color: #000000;\">BATERIAS ACDELCO 12&#215;60 Gold<\/span><\/li>\n<li><span style=\"color: #000000;\">BATERIA ACDELCO 12&#215;75 White 60ah<\/span><\/li>\n<li><span style=\"color: #000000;\">BATERIA ACDELCO GOLD 170AM DERECHA<\/span><\/li>\n<li><span style=\"color: #000000;\">BATERIA ACDELCO GOLD 45A<\/span><\/li>\n<li><span style=\"color: #000000;\">BATERIA ACDELCO RED 100 AM IZQ<\/span><\/li>\n<li><span style=\"color: #000000;\">BATERIA ACDELCO RED 12X95 90AH 700CC<\/span><\/li>\n<li><span style=\"color: #000000;\">BATERIA ACDELCO WHITE 45<\/span><\/li>\n<li><span style=\"color: #000000;\">B070DVL1<\/span><\/li>\n<\/ul>\n<hr \/>\n<p><strong>ACDELCO<\/strong><\/p>\n<p><span style=\"color: #000000;\">Las funciones principales de una bater\u00eda o acumulador es proporcionar energ\u00eda para el arranque del motor y sistema de encendido, suministrando energ\u00eda el\u00e9ctrica para los accesorios cuando la maquina no trabaja, actuando como un estabilizador del voltaje en el sistema el\u00e9ctrico.<\/span><\/p>\n<p><span style=\"color: #000000;\">Est\u00e1n concebidas bajo los est\u00e1ndares internacionales de BCI, JIS y DIN con lo cual cubrimos una amplia gama de aplicaciones.<\/span><\/p>\n<p><span style=\"color: #000080;\"><strong><a style=\"color: #000080;\" href=\"https:\/\/pldistribucion.com.ar\/web\/categoria-producto\/baterias\/\" target=\"_blank\" rel=\"noopener\">Ver m\u00e1s marcas de bater\u00edas<\/a><\/strong><\/span><\/p>\n","protected":false},"excerpt":{"rendered":"<p><img loading=\"lazy\" decoding=\"async\" class=\"alignnone size-medium wp-image-6043\" src=\"https:\/\/pldistribucion.com.ar\/web\/wp-content\/uploads\/dghfcjhj-e1682085256646-300x199.png\" alt=\"\" width=\"300\" height=\"199\" srcset=\"https:\/\/pldistribucion.com.ar\/web\/wp-content\/uploads\/dghfcjhj-e1682085256646-300x199.png 300w, https:\/\/pldistribucion.com.ar\/web\/wp-content\/uploads\/dghfcjhj-e1682085256646-600x399.png 600w, https:\/\/pldistribucion.com.ar\/web\/wp-content\/uploads\/dghfcjhj-e1682085256646.png 611w\" sizes=\"(max-width: 300px) 100vw, 300px\" \/><\/p>\n<h2 style=\"text-align: left;\"><span style=\"font-size: 75%;\"><strong><a rel=\"noopener noreferrer\" href=\"https:\/\/performancelube.mercadoshops.com.ar\/acdelco#position=1&#038;search_layout=stack&#038;type=item&#038;tracking_id=bbc8064c-7b0a-4bdf-bbd3-38c8c93e73bd\" target=\"_blank\" class=\"button primary\"  >\n    <span>VER EN TIENDA ?<\/span>\n  <\/a>\n<span style=\"color: #69314d;\">\u00a0<\/span><\/strong><\/span><\/h2>\n","protected":false},"featured_media":6092,"comment_status":"open","ping_status":"closed","template":"","meta":[],"product_cat":[20],"product_tag":[],"yoast_head":"<!-- This site is optimized with the Yoast SEO plugin v23.0 - https:\/\/yoast.com\/wordpress\/plugins\/seo\/ -->\n<title>BATER\u00cdAS ACDELCO - Perfomance Lube - Baterias<\/title>\n<meta name=\"description\" content=\"Distribuidor de bater\u00edas de diferentes marcas y aplicaciones. Env\u00edos a todo el pa\u00eds. Variedad de productos y stock disponible.\" \/>\n<meta name=\"robots\" content=\"index, follow, max-snippet:-1, max-image-preview:large, max-video-preview:-1\" \/>\n<link rel=\"canonical\" href=\"https:\/\/pldistribucion.com.ar\/web\/producto\/baterias-acdelco\/\" \/>\n<meta property=\"og:locale\" content=\"es_ES\" \/>\n<meta property=\"og:type\" content=\"article\" \/>\n<meta property=\"og:title\" content=\"BATER\u00cdAS ACDELCO - Perfomance Lube - Baterias\" \/>\n<meta property=\"og:description\" content=\"Distribuidor de bater\u00edas de diferentes marcas y aplicaciones. Env\u00edos a todo el pa\u00eds. Variedad de productos y stock disponible.\" \/>\n<meta property=\"og:url\" content=\"https:\/\/pldistribucion.com.ar\/web\/producto\/baterias-acdelco\/\" \/>\n<meta property=\"og:site_name\" content=\"Perfomance Lube\" \/>\n<meta property=\"article:modified_time\" content=\"2023-04-25T11:20:04+00:00\" \/>\n<meta property=\"og:image\" content=\"https:\/\/pldistribucion.com.ar\/web\/wp-content\/uploads\/GHJGJ.png\" \/>\n\t<meta property=\"og:image:width\" content=\"406\" \/>\n\t<meta property=\"og:image:height\" content=\"395\" \/>\n\t<meta property=\"og:image:type\" content=\"image\/png\" \/>\n<meta name=\"twitter:card\" content=\"summary_large_image\" \/>\n<meta name=\"twitter:label1\" content=\"Tiempo de lectura\" \/>\n\t<meta name=\"twitter:data1\" content=\"1 minuto\" \/>\n<script type=\"application\/ld+json\" class=\"yoast-schema-graph\">{\"@context\":\"https:\/\/schema.org\",\"@graph\":[{\"@type\":\"WebPage\",\"@id\":\"https:\/\/pldistribucion.com.ar\/web\/producto\/baterias-acdelco\/\",\"url\":\"https:\/\/pldistribucion.com.ar\/web\/producto\/baterias-acdelco\/\",\"name\":\"BATER\u00cdAS ACDELCO - Perfomance Lube - Baterias\",\"isPartOf\":{\"@id\":\"https:\/\/pldistribucion.com.ar\/web\/#website\"},\"primaryImageOfPage\":{\"@id\":\"https:\/\/pldistribucion.com.ar\/web\/producto\/baterias-acdelco\/#primaryimage\"},\"image\":{\"@id\":\"https:\/\/pldistribucion.com.ar\/web\/producto\/baterias-acdelco\/#primaryimage\"},\"thumbnailUrl\":\"https:\/\/pldistribucion.com.ar\/web\/wp-content\/uploads\/GHJGJ.png\",\"datePublished\":\"2023-04-24T16:10:19+00:00\",\"dateModified\":\"2023-04-25T11:20:04+00:00\",\"description\":\"Distribuidor de bater\u00edas de diferentes marcas y aplicaciones. Env\u00edos a todo el pa\u00eds. Variedad de productos y stock disponible.\",\"breadcrumb\":{\"@id\":\"https:\/\/pldistribucion.com.ar\/web\/producto\/baterias-acdelco\/#breadcrumb\"},\"inLanguage\":\"es\",\"potentialAction\":[{\"@type\":\"ReadAction\",\"target\":[\"https:\/\/pldistribucion.com.ar\/web\/producto\/baterias-acdelco\/\"]}]},{\"@type\":\"ImageObject\",\"inLanguage\":\"es\",\"@id\":\"https:\/\/pldistribucion.com.ar\/web\/producto\/baterias-acdelco\/#primaryimage\",\"url\":\"https:\/\/pldistribucion.com.ar\/web\/wp-content\/uploads\/GHJGJ.png\",\"contentUrl\":\"https:\/\/pldistribucion.com.ar\/web\/wp-content\/uploads\/GHJGJ.png\",\"width\":406,\"height\":395},{\"@type\":\"BreadcrumbList\",\"@id\":\"https:\/\/pldistribucion.com.ar\/web\/producto\/baterias-acdelco\/#breadcrumb\",\"itemListElement\":[{\"@type\":\"ListItem\",\"position\":1,\"name\":\"Portada\",\"item\":\"https:\/\/pldistribucion.com.ar\/web\/\"},{\"@type\":\"ListItem\",\"position\":2,\"name\":\"Productos\",\"item\":\"https:\/\/pldistribucion.com.ar\/web\/productos\/\"},{\"@type\":\"ListItem\",\"position\":3,\"name\":\"BATER\u00cdAS ACDELCO\"}]},{\"@type\":\"WebSite\",\"@id\":\"https:\/\/pldistribucion.com.ar\/web\/#website\",\"url\":\"https:\/\/pldistribucion.com.ar\/web\/\",\"name\":\"Perfomance Lube\",\"description\":\"\",\"publisher\":{\"@id\":\"https:\/\/pldistribucion.com.ar\/web\/#organization\"},\"potentialAction\":[{\"@type\":\"SearchAction\",\"target\":{\"@type\":\"EntryPoint\",\"urlTemplate\":\"https:\/\/pldistribucion.com.ar\/web\/?s={search_term_string}\"},\"query-input\":\"required name=search_term_string\"}],\"inLanguage\":\"es\"},{\"@type\":\"Organization\",\"@id\":\"https:\/\/pldistribucion.com.ar\/web\/#organization\",\"name\":\"PERFORMANCE LUBE\",\"url\":\"https:\/\/pldistribucion.com.ar\/web\/\",\"logo\":{\"@type\":\"ImageObject\",\"inLanguage\":\"es\",\"@id\":\"https:\/\/pldistribucion.com.ar\/web\/#\/schema\/logo\/image\/\",\"url\":\"https:\/\/pldistribucion.com.ar\/web\/wp-content\/uploads\/pld_logo_GB-removebg-preview.png\",\"contentUrl\":\"https:\/\/pldistribucion.com.ar\/web\/wp-content\/uploads\/pld_logo_GB-removebg-preview.png\",\"width\":787,\"height\":317,\"caption\":\"PERFORMANCE LUBE\"},\"image\":{\"@id\":\"https:\/\/pldistribucion.com.ar\/web\/#\/schema\/logo\/image\/\"}}]}<\/script>\n<!-- \/ Yoast SEO plugin. -->","yoast_head_json":{"title":"BATER\u00cdAS ACDELCO - Perfomance Lube - Baterias","description":"Distribuidor de bater\u00edas de diferentes marcas y aplicaciones. Env\u00edos a todo el pa\u00eds. Variedad de productos y stock disponible.","robots":{"index":"index","follow":"follow","max-snippet":"max-snippet:-1","max-image-preview":"max-image-preview:large","max-video-preview":"max-video-preview:-1"},"canonical":"https:\/\/pldistribucion.com.ar\/web\/producto\/baterias-acdelco\/","og_locale":"es_ES","og_type":"article","og_title":"BATER\u00cdAS ACDELCO - Perfomance Lube - Baterias","og_description":"Distribuidor de bater\u00edas de diferentes marcas y aplicaciones. Env\u00edos a todo el pa\u00eds. Variedad de productos y stock disponible.","og_url":"https:\/\/pldistribucion.com.ar\/web\/producto\/baterias-acdelco\/","og_site_name":"Perfomance Lube","article_modified_time":"2023-04-25T11:20:04+00:00","og_image":[{"width":406,"height":395,"url":"https:\/\/pldistribucion.com.ar\/web\/wp-content\/uploads\/GHJGJ.png","type":"image\/png"}],"twitter_card":"summary_large_image","twitter_misc":{"Tiempo de lectura":"1 minuto"},"schema":{"@context":"https:\/\/schema.org","@graph":[{"@type":"WebPage","@id":"https:\/\/pldistribucion.com.ar\/web\/producto\/baterias-acdelco\/","url":"https:\/\/pldistribucion.com.ar\/web\/producto\/baterias-acdelco\/","name":"BATER\u00cdAS ACDELCO - Perfomance Lube - Baterias","isPartOf":{"@id":"https:\/\/pldistribucion.com.ar\/web\/#website"},"primaryImageOfPage":{"@id":"https:\/\/pldistribucion.com.ar\/web\/producto\/baterias-acdelco\/#primaryimage"},"image":{"@id":"https:\/\/pldistribucion.com.ar\/web\/producto\/baterias-acdelco\/#primaryimage"},"thumbnailUrl":"https:\/\/pldistribucion.com.ar\/web\/wp-content\/uploads\/GHJGJ.png","datePublished":"2023-04-24T16:10:19+00:00","dateModified":"2023-04-25T11:20:04+00:00","description":"Distribuidor de bater\u00edas de diferentes marcas y aplicaciones. Env\u00edos a todo el pa\u00eds. Variedad de productos y stock disponible.","breadcrumb":{"@id":"https:\/\/pldistribucion.com.ar\/web\/producto\/baterias-acdelco\/#breadcrumb"},"inLanguage":"es","potentialAction":[{"@type":"ReadAction","target":["https:\/\/pldistribucion.com.ar\/web\/producto\/baterias-acdelco\/"]}]},{"@type":"ImageObject","inLanguage":"es","@id":"https:\/\/pldistribucion.com.ar\/web\/producto\/baterias-acdelco\/#primaryimage","url":"https:\/\/pldistribucion.com.ar\/web\/wp-content\/uploads\/GHJGJ.png","contentUrl":"https:\/\/pldistribucion.com.ar\/web\/wp-content\/uploads\/GHJGJ.png","width":406,"height":395},{"@type":"BreadcrumbList","@id":"https:\/\/pldistribucion.com.ar\/web\/producto\/baterias-acdelco\/#breadcrumb","itemListElement":[{"@type":"ListItem","position":1,"name":"Portada","item":"https:\/\/pldistribucion.com.ar\/web\/"},{"@type":"ListItem","position":2,"name":"Productos","item":"https:\/\/pldistribucion.com.ar\/web\/productos\/"},{"@type":"ListItem","position":3,"name":"BATER\u00cdAS ACDELCO"}]},{"@type":"WebSite","@id":"https:\/\/pldistribucion.com.ar\/web\/#website","url":"https:\/\/pldistribucion.com.ar\/web\/","name":"Perfomance Lube","description":"","publisher":{"@id":"https:\/\/pldistribucion.com.ar\/web\/#organization"},"potentialAction":[{"@type":"SearchAction","target":{"@type":"EntryPoint","urlTemplate":"https:\/\/pldistribucion.com.ar\/web\/?s={search_term_string}"},"query-input":"required name=search_term_string"}],"inLanguage":"es"},{"@type":"Organization","@id":"https:\/\/pldistribucion.com.ar\/web\/#organization","name":"PERFORMANCE LUBE","url":"https:\/\/pldistribucion.com.ar\/web\/","logo":{"@type":"ImageObject","inLanguage":"es","@id":"https:\/\/pldistribucion.com.ar\/web\/#\/schema\/logo\/image\/","url":"https:\/\/pldistribucion.com.ar\/web\/wp-content\/uploads\/pld_logo_GB-removebg-preview.png","contentUrl":"https:\/\/pldistribucion.com.ar\/web\/wp-content\/uploads\/pld_logo_GB-removebg-preview.png","width":787,"height":317,"caption":"PERFORMANCE LUBE"},"image":{"@id":"https:\/\/pldistribucion.com.ar\/web\/#\/schema\/logo\/image\/"}}]}},"_links":{"self":[{"href":"https:\/\/pldistribucion.com.ar\/web\/wp-json\/wp\/v2\/product\/6090"}],"collection":[{"href":"https:\/\/pldistribucion.com.ar\/web\/wp-json\/wp\/v2\/product"}],"about":[{"href":"https:\/\/pldistribucion.com.ar\/web\/wp-json\/wp\/v2\/types\/product"}],"replies":[{"embeddable":true,"href":"https:\/\/pldistribucion.com.ar\/web\/wp-json\/wp\/v2\/comments?post=6090"}],"wp:featuredmedia":[{"embeddable":true,"href":"https:\/\/pldistribucion.com.ar\/web\/wp-json\/wp\/v2\/media\/6092"}],"wp:attachment":[{"href":"https:\/\/pldistribucion.com.ar\/web\/wp-json\/wp\/v2\/media?parent=6090"}],"wp:term":[{"taxonomy":"product_cat","embeddable":true,"href":"https:\/\/pldistribucion.com.ar\/web\/wp-json\/wp\/v2\/product_cat?post=6090"},{"taxonomy":"product_tag","embeddable":true,"href":"https:\/\/pldistribucion.com.ar\/web\/wp-json\/wp\/v2\/product_tag?post=6090"}],"curies":[{"name":"wp","href":"https:\/\/api.w.org\/{rel}","templated":true}]}}