{"id":6073,"date":"2023-04-24T14:01:35","date_gmt":"2023-04-24T14:01:35","guid":{"rendered":"https:\/\/pldistribucion.com.ar\/web\/?post_type=product&#038;p=6073"},"modified":"2023-04-24T14:05:18","modified_gmt":"2023-04-24T14:05:18","slug":"bateria-moura-12x40","status":"publish","type":"product","link":"https:\/\/pldistribucion.com.ar\/web\/producto\/bateria-moura-12x40\/","title":{"rendered":"BATERIA MOURA 12X40"},"content":{"rendered":"<h1><span style=\"font-size: 80%;\"><strong>BATERIA MOURA 12X40<\/strong><\/span><\/h1>\n<p><span style=\"color: #000000;\">Bateria moura 12X40 : M18SD<\/span><\/p>\n<ul>\n<li class=\"ui-pdp-family--REGULAR ui-pdp-list__text\"><span style=\"color: #000000;\"><span class=\"ui-pdp-color--BLACK ui-pdp-size--XSMALL ui-pdp-family--BOLD\">Tipo de veh\u00edculo<\/span>: Auto\/Camioneta<\/span><\/li>\n<li class=\"ui-pdp-family--REGULAR ui-pdp-list__text\"><span style=\"color: #000000;\"><span class=\"ui-pdp-color--BLACK ui-pdp-size--XSMALL ui-pdp-family--BOLD\">Voltaje<\/span>: 12V<\/span><\/li>\n<li class=\"ui-pdp-family--REGULAR ui-pdp-list__text\"><span style=\"color: #000000;\"><span class=\"ui-pdp-color--BLACK ui-pdp-size--XSMALL ui-pdp-family--BOLD\">Capacidad de la bater\u00eda<\/span>: 40 Ah<\/span><\/li>\n<li class=\"ui-pdp-family--REGULAR ui-pdp-list__text\"><span style=\"color: #000000;\"><span class=\"ui-pdp-color--BLACK ui-pdp-size--XSMALL ui-pdp-family--BOLD\">Material<\/span>: \u00c1cido-plomo<\/span><\/li>\n<li class=\"ui-pdp-family--REGULAR ui-pdp-list__text\"><span style=\"color: #000000;\"><span class=\"ui-pdp-color--BLACK ui-pdp-size--XSMALL ui-pdp-family--BOLD\">Volumen de electrolito<\/span>: 1500 L<\/span><\/li>\n<li class=\"ui-pdp-family--REGULAR ui-pdp-list__text\"><span style=\"color: #000000;\"><span class=\"ui-pdp-color--BLACK ui-pdp-size--XSMALL ui-pdp-family--BOLD\">Altura x Ancho x Largo<\/span>: 17.5 cm x 17.5 cm x 21 cm<\/span><\/li>\n<li class=\"ui-pdp-family--REGULAR ui-pdp-list__text\"><span style=\"color: #000000;\"><span class=\"ui-pdp-color--BLACK ui-pdp-size--XSMALL ui-pdp-family--BOLD\">Origen<\/span>: Argentina<\/span><\/li>\n<li class=\"ui-pdp-family--REGULAR ui-pdp-list__text\"><span style=\"color: #000000;\"><span class=\"ui-pdp-color--BLACK ui-pdp-size--XSMALL ui-pdp-family--BOLD\">Es inflamable<\/span>: S\u00ed<\/span><\/li>\n<\/ul>\n<hr \/>\n<p><span style=\"color: #000080;\"><strong><a style=\"color: #000080;\" href=\"https:\/\/pldistribucion.com.ar\/web\/categoria-producto\/baterias\/moura-m\/\" target=\"_blank\" rel=\"noopener\">Ver mas baterias MOURA<\/a><\/strong><\/span><\/p>\n<p><span style=\"color: #000000;\">Bater\u00edas Moura es una empresa brasile\u00f1a con aproximadamente 60 a\u00f1os de mercado, que eligi\u00f3 a\u00a0Argentina para instalar su primera f\u00e1brica fuera del pa\u00eds de origen.<\/span><\/p>\n<p><span style=\"color: #000080;\"><strong><a style=\"color: #000080;\" href=\"https:\/\/pldistribucion.com.ar\/web\/categoria-producto\/baterias\/\" target=\"_blank\" rel=\"noopener\">Ver m\u00e1s marcas de bater\u00edas<\/a><\/strong><\/span><\/p>\n","protected":false},"excerpt":{"rendered":"<p><img loading=\"lazy\" decoding=\"async\" class=\"alignnone wp-image-6041\" src=\"https:\/\/pldistribucion.com.ar\/web\/wp-content\/uploads\/ghjdjh-e1682084927876-300x277.png\" alt=\"\" width=\"188\" height=\"174\" srcset=\"https:\/\/pldistribucion.com.ar\/web\/wp-content\/uploads\/ghjdjh-e1682084927876-300x277.png 300w, https:\/\/pldistribucion.com.ar\/web\/wp-content\/uploads\/ghjdjh-e1682084927876.png 436w\" sizes=\"(max-width: 188px) 100vw, 188px\" \/><\/p>\n<p><strong>BATERIA MOURA 12X40<\/strong><\/p>\n<h2 style=\"text-align: left;\"><span style=\"font-size: 75%;\"><strong><a rel=\"noopener noreferrer\" href=\"https:\/\/performancelube.mercadoshops.com.ar\/MLA-759247756-bateria-moura-m18sd-12x40-40ah-honda-fit-performance-lube-_JM#position=1&#038;search_layout=stack&#038;type=item&#038;tracking_id=bbc8064c-7b0a-4bdf-bbd3-38c8c93e73bd\" target=\"_blank\" class=\"button primary\"  >\n    <span>VER EN TIENDA ?<\/span>\n  <\/a>\n<span style=\"color: #69314d;\">\u00a0<\/span><\/strong><\/span><\/h2>\n","protected":false},"featured_media":6075,"comment_status":"open","ping_status":"closed","template":"","meta":[],"product_cat":[20],"product_tag":[],"yoast_head":"<!-- This site is optimized with the Yoast SEO plugin v23.0 - https:\/\/yoast.com\/wordpress\/plugins\/seo\/ -->\n<title>BATERIA MOURA 12X40 - Perfomance Lube - Bater\u00edas<\/title>\n<meta name=\"description\" content=\"Distribuidor de bater\u00edas de diferentes marcas y aplicaciones. Env\u00edos a todo el pa\u00eds. Variedad de productos y stock disponible.\" \/>\n<meta name=\"robots\" content=\"index, follow, max-snippet:-1, max-image-preview:large, max-video-preview:-1\" \/>\n<link rel=\"canonical\" href=\"https:\/\/pldistribucion.com.ar\/web\/producto\/bateria-moura-12x40\/\" \/>\n<meta property=\"og:locale\" content=\"es_ES\" \/>\n<meta property=\"og:type\" content=\"article\" \/>\n<meta property=\"og:title\" content=\"BATERIA MOURA 12X40 - Perfomance Lube - Bater\u00edas\" \/>\n<meta property=\"og:description\" content=\"Distribuidor de bater\u00edas de diferentes marcas y aplicaciones. Env\u00edos a todo el pa\u00eds. Variedad de productos y stock disponible.\" \/>\n<meta property=\"og:url\" content=\"https:\/\/pldistribucion.com.ar\/web\/producto\/bateria-moura-12x40\/\" \/>\n<meta property=\"og:site_name\" content=\"Perfomance Lube\" \/>\n<meta property=\"article:modified_time\" content=\"2023-04-24T14:05:18+00:00\" \/>\n<meta property=\"og:image\" content=\"https:\/\/pldistribucion.com.ar\/web\/wp-content\/uploads\/SHDFHGFG.png\" \/>\n\t<meta property=\"og:image:width\" content=\"506\" \/>\n\t<meta property=\"og:image:height\" content=\"395\" \/>\n\t<meta property=\"og:image:type\" content=\"image\/png\" \/>\n<meta name=\"twitter:card\" content=\"summary_large_image\" \/>\n<meta name=\"twitter:label1\" content=\"Tiempo de lectura\" \/>\n\t<meta name=\"twitter:data1\" content=\"1 minuto\" \/>\n<script type=\"application\/ld+json\" class=\"yoast-schema-graph\">{\"@context\":\"https:\/\/schema.org\",\"@graph\":[{\"@type\":\"WebPage\",\"@id\":\"https:\/\/pldistribucion.com.ar\/web\/producto\/bateria-moura-12x40\/\",\"url\":\"https:\/\/pldistribucion.com.ar\/web\/producto\/bateria-moura-12x40\/\",\"name\":\"BATERIA MOURA 12X40 - Perfomance Lube - Bater\u00edas\",\"isPartOf\":{\"@id\":\"https:\/\/pldistribucion.com.ar\/web\/#website\"},\"primaryImageOfPage\":{\"@id\":\"https:\/\/pldistribucion.com.ar\/web\/producto\/bateria-moura-12x40\/#primaryimage\"},\"image\":{\"@id\":\"https:\/\/pldistribucion.com.ar\/web\/producto\/bateria-moura-12x40\/#primaryimage\"},\"thumbnailUrl\":\"https:\/\/pldistribucion.com.ar\/web\/wp-content\/uploads\/SHDFHGFG.png\",\"datePublished\":\"2023-04-24T14:01:35+00:00\",\"dateModified\":\"2023-04-24T14:05:18+00:00\",\"description\":\"Distribuidor de bater\u00edas de diferentes marcas y aplicaciones. Env\u00edos a todo el pa\u00eds. Variedad de productos y stock disponible.\",\"breadcrumb\":{\"@id\":\"https:\/\/pldistribucion.com.ar\/web\/producto\/bateria-moura-12x40\/#breadcrumb\"},\"inLanguage\":\"es\",\"potentialAction\":[{\"@type\":\"ReadAction\",\"target\":[\"https:\/\/pldistribucion.com.ar\/web\/producto\/bateria-moura-12x40\/\"]}]},{\"@type\":\"ImageObject\",\"inLanguage\":\"es\",\"@id\":\"https:\/\/pldistribucion.com.ar\/web\/producto\/bateria-moura-12x40\/#primaryimage\",\"url\":\"https:\/\/pldistribucion.com.ar\/web\/wp-content\/uploads\/SHDFHGFG.png\",\"contentUrl\":\"https:\/\/pldistribucion.com.ar\/web\/wp-content\/uploads\/SHDFHGFG.png\",\"width\":506,\"height\":395,\"caption\":\"BATERIA MOURA 12X40\"},{\"@type\":\"BreadcrumbList\",\"@id\":\"https:\/\/pldistribucion.com.ar\/web\/producto\/bateria-moura-12x40\/#breadcrumb\",\"itemListElement\":[{\"@type\":\"ListItem\",\"position\":1,\"name\":\"Portada\",\"item\":\"https:\/\/pldistribucion.com.ar\/web\/\"},{\"@type\":\"ListItem\",\"position\":2,\"name\":\"Productos\",\"item\":\"https:\/\/pldistribucion.com.ar\/web\/productos\/\"},{\"@type\":\"ListItem\",\"position\":3,\"name\":\"BATERIA MOURA 12X40\"}]},{\"@type\":\"WebSite\",\"@id\":\"https:\/\/pldistribucion.com.ar\/web\/#website\",\"url\":\"https:\/\/pldistribucion.com.ar\/web\/\",\"name\":\"Perfomance Lube\",\"description\":\"\",\"publisher\":{\"@id\":\"https:\/\/pldistribucion.com.ar\/web\/#organization\"},\"potentialAction\":[{\"@type\":\"SearchAction\",\"target\":{\"@type\":\"EntryPoint\",\"urlTemplate\":\"https:\/\/pldistribucion.com.ar\/web\/?s={search_term_string}\"},\"query-input\":\"required name=search_term_string\"}],\"inLanguage\":\"es\"},{\"@type\":\"Organization\",\"@id\":\"https:\/\/pldistribucion.com.ar\/web\/#organization\",\"name\":\"PERFORMANCE LUBE\",\"url\":\"https:\/\/pldistribucion.com.ar\/web\/\",\"logo\":{\"@type\":\"ImageObject\",\"inLanguage\":\"es\",\"@id\":\"https:\/\/pldistribucion.com.ar\/web\/#\/schema\/logo\/image\/\",\"url\":\"https:\/\/pldistribucion.com.ar\/web\/wp-content\/uploads\/pld_logo_GB-removebg-preview.png\",\"contentUrl\":\"https:\/\/pldistribucion.com.ar\/web\/wp-content\/uploads\/pld_logo_GB-removebg-preview.png\",\"width\":787,\"height\":317,\"caption\":\"PERFORMANCE LUBE\"},\"image\":{\"@id\":\"https:\/\/pldistribucion.com.ar\/web\/#\/schema\/logo\/image\/\"}}]}<\/script>\n<!-- \/ Yoast SEO plugin. -->","yoast_head_json":{"title":"BATERIA MOURA 12X40 - Perfomance Lube - Bater\u00edas","description":"Distribuidor de bater\u00edas de diferentes marcas y aplicaciones. Env\u00edos a todo el pa\u00eds. Variedad de productos y stock disponible.","robots":{"index":"index","follow":"follow","max-snippet":"max-snippet:-1","max-image-preview":"max-image-preview:large","max-video-preview":"max-video-preview:-1"},"canonical":"https:\/\/pldistribucion.com.ar\/web\/producto\/bateria-moura-12x40\/","og_locale":"es_ES","og_type":"article","og_title":"BATERIA MOURA 12X40 - Perfomance Lube - Bater\u00edas","og_description":"Distribuidor de bater\u00edas de diferentes marcas y aplicaciones. Env\u00edos a todo el pa\u00eds. Variedad de productos y stock disponible.","og_url":"https:\/\/pldistribucion.com.ar\/web\/producto\/bateria-moura-12x40\/","og_site_name":"Perfomance Lube","article_modified_time":"2023-04-24T14:05:18+00:00","og_image":[{"width":506,"height":395,"url":"https:\/\/pldistribucion.com.ar\/web\/wp-content\/uploads\/SHDFHGFG.png","type":"image\/png"}],"twitter_card":"summary_large_image","twitter_misc":{"Tiempo de lectura":"1 minuto"},"schema":{"@context":"https:\/\/schema.org","@graph":[{"@type":"WebPage","@id":"https:\/\/pldistribucion.com.ar\/web\/producto\/bateria-moura-12x40\/","url":"https:\/\/pldistribucion.com.ar\/web\/producto\/bateria-moura-12x40\/","name":"BATERIA MOURA 12X40 - Perfomance Lube - Bater\u00edas","isPartOf":{"@id":"https:\/\/pldistribucion.com.ar\/web\/#website"},"primaryImageOfPage":{"@id":"https:\/\/pldistribucion.com.ar\/web\/producto\/bateria-moura-12x40\/#primaryimage"},"image":{"@id":"https:\/\/pldistribucion.com.ar\/web\/producto\/bateria-moura-12x40\/#primaryimage"},"thumbnailUrl":"https:\/\/pldistribucion.com.ar\/web\/wp-content\/uploads\/SHDFHGFG.png","datePublished":"2023-04-24T14:01:35+00:00","dateModified":"2023-04-24T14:05:18+00:00","description":"Distribuidor de bater\u00edas de diferentes marcas y aplicaciones. Env\u00edos a todo el pa\u00eds. Variedad de productos y stock disponible.","breadcrumb":{"@id":"https:\/\/pldistribucion.com.ar\/web\/producto\/bateria-moura-12x40\/#breadcrumb"},"inLanguage":"es","potentialAction":[{"@type":"ReadAction","target":["https:\/\/pldistribucion.com.ar\/web\/producto\/bateria-moura-12x40\/"]}]},{"@type":"ImageObject","inLanguage":"es","@id":"https:\/\/pldistribucion.com.ar\/web\/producto\/bateria-moura-12x40\/#primaryimage","url":"https:\/\/pldistribucion.com.ar\/web\/wp-content\/uploads\/SHDFHGFG.png","contentUrl":"https:\/\/pldistribucion.com.ar\/web\/wp-content\/uploads\/SHDFHGFG.png","width":506,"height":395,"caption":"BATERIA MOURA 12X40"},{"@type":"BreadcrumbList","@id":"https:\/\/pldistribucion.com.ar\/web\/producto\/bateria-moura-12x40\/#breadcrumb","itemListElement":[{"@type":"ListItem","position":1,"name":"Portada","item":"https:\/\/pldistribucion.com.ar\/web\/"},{"@type":"ListItem","position":2,"name":"Productos","item":"https:\/\/pldistribucion.com.ar\/web\/productos\/"},{"@type":"ListItem","position":3,"name":"BATERIA MOURA 12X40"}]},{"@type":"WebSite","@id":"https:\/\/pldistribucion.com.ar\/web\/#website","url":"https:\/\/pldistribucion.com.ar\/web\/","name":"Perfomance Lube","description":"","publisher":{"@id":"https:\/\/pldistribucion.com.ar\/web\/#organization"},"potentialAction":[{"@type":"SearchAction","target":{"@type":"EntryPoint","urlTemplate":"https:\/\/pldistribucion.com.ar\/web\/?s={search_term_string}"},"query-input":"required name=search_term_string"}],"inLanguage":"es"},{"@type":"Organization","@id":"https:\/\/pldistribucion.com.ar\/web\/#organization","name":"PERFORMANCE LUBE","url":"https:\/\/pldistribucion.com.ar\/web\/","logo":{"@type":"ImageObject","inLanguage":"es","@id":"https:\/\/pldistribucion.com.ar\/web\/#\/schema\/logo\/image\/","url":"https:\/\/pldistribucion.com.ar\/web\/wp-content\/uploads\/pld_logo_GB-removebg-preview.png","contentUrl":"https:\/\/pldistribucion.com.ar\/web\/wp-content\/uploads\/pld_logo_GB-removebg-preview.png","width":787,"height":317,"caption":"PERFORMANCE LUBE"},"image":{"@id":"https:\/\/pldistribucion.com.ar\/web\/#\/schema\/logo\/image\/"}}]}},"_links":{"self":[{"href":"https:\/\/pldistribucion.com.ar\/web\/wp-json\/wp\/v2\/product\/6073"}],"collection":[{"href":"https:\/\/pldistribucion.com.ar\/web\/wp-json\/wp\/v2\/product"}],"about":[{"href":"https:\/\/pldistribucion.com.ar\/web\/wp-json\/wp\/v2\/types\/product"}],"replies":[{"embeddable":true,"href":"https:\/\/pldistribucion.com.ar\/web\/wp-json\/wp\/v2\/comments?post=6073"}],"wp:featuredmedia":[{"embeddable":true,"href":"https:\/\/pldistribucion.com.ar\/web\/wp-json\/wp\/v2\/media\/6075"}],"wp:attachment":[{"href":"https:\/\/pldistribucion.com.ar\/web\/wp-json\/wp\/v2\/media?parent=6073"}],"wp:term":[{"taxonomy":"product_cat","embeddable":true,"href":"https:\/\/pldistribucion.com.ar\/web\/wp-json\/wp\/v2\/product_cat?post=6073"},{"taxonomy":"product_tag","embeddable":true,"href":"https:\/\/pldistribucion.com.ar\/web\/wp-json\/wp\/v2\/product_tag?post=6073"}],"curies":[{"name":"wp","href":"https:\/\/api.w.org\/{rel}","templated":true}]}}