{"id":6051,"date":"2023-04-21T15:39:07","date_gmt":"2023-04-21T15:39:07","guid":{"rendered":"https:\/\/pldistribucion.com.ar\/web\/?post_type=product&#038;p=6051"},"modified":"2023-04-21T16:08:27","modified_gmt":"2023-04-21T16:08:27","slug":"bateria-extreme-12x110","status":"publish","type":"product","link":"https:\/\/pldistribucion.com.ar\/web\/producto\/bateria-extreme-12x110\/","title":{"rendered":"BATER\u00cdA EXTREME 12X110"},"content":{"rendered":"<h1><span style=\"font-size: 80%;\"><strong>BATERIA EXTREME 12X110 A (MB)<\/strong><\/span><\/h1>\n<p><span style=\"color: #000000;\">Bater\u00eda extreme 12&#215;110 A (MB)<\/span><\/p>\n<h3><span style=\"font-size: 80%;\"><strong>DETALLES<\/strong><\/span><\/h3>\n<ul>\n<li class=\"ui-pdp-specs__subtitle\"><span style=\"color: #555555; font-size: 14.4px;\"><strong>Tipo de veh\u00edculo<\/strong>: <span style=\"color: #000000;\">Auto\/Camioneta<\/span><\/span><\/li>\n<li class=\"ui-pdp-specs__subtitle\"><strong style=\"color: #555555; font-size: 14.4px;\">Voltaje<\/strong><span style=\"color: #555555; font-size: 14.4px;\">: <span style=\"color: #000000;\">12V<\/span><\/span><\/li>\n<li class=\"ui-pdp-specs__subtitle\"><strong style=\"color: #555555; font-size: 14.4px;\">Capacidad de la bater\u00eda<\/strong><span style=\"color: #555555; font-size: 14.4px;\">: <span style=\"color: #000000;\">110 Ah<\/span><\/span><\/li>\n<li class=\"ui-pdp-specs__subtitle\"><strong style=\"color: #555555; font-size: 14.4px;\">Material<\/strong><span style=\"color: #555555; font-size: 14.4px;\">: <span style=\"color: #000000;\">Electrolito l\u00edquido<\/span><\/span><\/li>\n<li class=\"ui-pdp-specs__subtitle\"><strong style=\"color: #555555; font-size: 14.4px;\">Volumen de electrolito:<\/strong><span style=\"color: #000000; font-size: 14.4px;\"> 4 L<\/span><\/li>\n<li class=\"ui-pdp-specs__subtitle\"><strong style=\"color: #555555; font-size: 14.4px;\">Altura x Ancho x Largo:<\/strong><span style=\"color: #000000; font-size: 14.4px;\"> 22.5 cm x 17.5 cm x 33 cm<\/span><\/li>\n<li class=\"ui-pdp-specs__subtitle\"><strong style=\"color: #555555; font-size: 14.4px;\">Origen:<\/strong><span style=\"color: #000000; font-size: 14.4px;\"> Argentina<\/span><\/li>\n<li class=\"ui-pdp-specs__subtitle\"><strong style=\"color: #555555; font-size: 14.4px;\">OEM:<\/strong><span style=\"color: #555555; font-size: 14.4px;\"> E<span style=\"color: #000000;\">XTREME FIRE<\/span><\/span><\/li>\n<li class=\"ui-pdp-specs__subtitle\"><strong style=\"color: #555555; font-size: 14.4px;\">Es inflamable:<\/strong><span style=\"color: #000000; font-size: 14.4px;\"> S\u00ed<\/span><\/li>\n<\/ul>\n<hr \/>\n<p><span style=\"color: #000080;\"><strong><a style=\"color: #000080;\" href=\"https:\/\/pldistribucion.com.ar\/web\/categoria-producto\/baterias\/extreme-e\/\" target=\"_blank\" rel=\"noopener\">Ver m\u00e1s bater\u00edas EXTREME<\/a><\/strong><\/span><\/p>\n<p><span style=\"color: #000080;\"><strong><a style=\"color: #000080;\" href=\"https:\/\/pldistribucion.com.ar\/web\/categoria-producto\/baterias\/\" target=\"_blank\" rel=\"noopener\">Ver m\u00e1s marcas de bater\u00edas<\/a><\/strong><\/span><\/p>\n","protected":false},"excerpt":{"rendered":"<p><img loading=\"lazy\" decoding=\"async\" class=\"alignnone wp-image-6055\" src=\"https:\/\/pldistribucion.com.ar\/web\/wp-content\/uploads\/ghxfgbncnvbn.png\" alt=\"\" width=\"184\" height=\"173\" \/><\/p>\n<p>&nbsp;<\/p>\n<p><strong>BATER\u00cdA EXTREME 12X110 : Maquinarias y Camiones.<\/strong><\/p>\n<h2 style=\"text-align: left;\"><span style=\"font-size: 75%;\"><strong><a rel=\"noopener noreferrer\" href=\"https:\/\/articulo.mercadolibre.com.ar\/MLA-1298316164-bateria-extreme-12x110-camiones-y-maquinas-viales-_JM#position=1&#038;search_layout=stack&#038;type=item&#038;tracking_id=bbc8064c-7b0a-4bdf-bbd3-38c8c93e73bd\" target=\"_blank\" class=\"button primary\"  >\n    <span>VER EN TIENDA ?<\/span>\n  <\/a>\n<span style=\"color: #69314d;\">\u00a0<\/span><\/strong><strong>\u00a0<\/strong><\/span><\/h2>\n<p><strong>BATER\u00cdA EXTREME 12X110 : MB.<\/strong><\/p>\n<h2 style=\"text-align: left;\"><span style=\"font-size: 75%;\"><strong><a rel=\"noopener noreferrer\" href=\"https:\/\/performancelube.mercadoshops.com.ar\/MLA-1366853963-bateria-para-auto-extreme-12x110-a-mb-_JM#position=1&#038;search_layout=stack&#038;type=item&#038;tracking_id=bbc8064c-7b0a-4bdf-bbd3-38c8c93e73bd\" target=\"_blank\" class=\"button primary\"  >\n    <span>VER EN TIENDA ?<\/span>\n  <\/a>\n<span style=\"color: #69314d;\">\u00a0<\/span><\/strong><\/span><\/h2>\n","protected":false},"featured_media":6057,"comment_status":"open","ping_status":"closed","template":"","meta":[],"product_cat":[20],"product_tag":[],"yoast_head":"<!-- This site is optimized with the Yoast SEO plugin v23.0 - https:\/\/yoast.com\/wordpress\/plugins\/seo\/ -->\n<title>BATER\u00cdA EXTREME 12X110 - Perfomance Lube - Baterias<\/title>\n<meta name=\"description\" content=\"Distribuidor de bater\u00edas de diferentes marcas y aplicaciones. Env\u00edos a todo el pa\u00eds. Variedad de productos y stock disponible.\" \/>\n<meta name=\"robots\" content=\"index, follow, max-snippet:-1, max-image-preview:large, max-video-preview:-1\" \/>\n<link rel=\"canonical\" href=\"https:\/\/pldistribucion.com.ar\/web\/producto\/bateria-extreme-12x110\/\" \/>\n<meta property=\"og:locale\" content=\"es_ES\" \/>\n<meta property=\"og:type\" content=\"article\" \/>\n<meta property=\"og:title\" content=\"BATER\u00cdA EXTREME 12X110 - Perfomance Lube - Baterias\" \/>\n<meta property=\"og:description\" content=\"Distribuidor de bater\u00edas de diferentes marcas y aplicaciones. Env\u00edos a todo el pa\u00eds. Variedad de productos y stock disponible.\" \/>\n<meta property=\"og:url\" content=\"https:\/\/pldistribucion.com.ar\/web\/producto\/bateria-extreme-12x110\/\" \/>\n<meta property=\"og:site_name\" content=\"Perfomance Lube\" \/>\n<meta property=\"article:modified_time\" content=\"2023-04-21T16:08:27+00:00\" \/>\n<meta property=\"og:image\" content=\"https:\/\/pldistribucion.com.ar\/web\/wp-content\/uploads\/thf-1-e1682092473992.png\" \/>\n\t<meta property=\"og:image:width\" content=\"526\" \/>\n\t<meta property=\"og:image:height\" content=\"436\" \/>\n\t<meta property=\"og:image:type\" content=\"image\/png\" \/>\n<meta name=\"twitter:card\" content=\"summary_large_image\" \/>\n<meta name=\"twitter:label1\" content=\"Tiempo de lectura\" \/>\n\t<meta name=\"twitter:data1\" content=\"1 minuto\" \/>\n<script type=\"application\/ld+json\" class=\"yoast-schema-graph\">{\"@context\":\"https:\/\/schema.org\",\"@graph\":[{\"@type\":\"WebPage\",\"@id\":\"https:\/\/pldistribucion.com.ar\/web\/producto\/bateria-extreme-12x110\/\",\"url\":\"https:\/\/pldistribucion.com.ar\/web\/producto\/bateria-extreme-12x110\/\",\"name\":\"BATER\u00cdA EXTREME 12X110 - Perfomance Lube - Baterias\",\"isPartOf\":{\"@id\":\"https:\/\/pldistribucion.com.ar\/web\/#website\"},\"primaryImageOfPage\":{\"@id\":\"https:\/\/pldistribucion.com.ar\/web\/producto\/bateria-extreme-12x110\/#primaryimage\"},\"image\":{\"@id\":\"https:\/\/pldistribucion.com.ar\/web\/producto\/bateria-extreme-12x110\/#primaryimage\"},\"thumbnailUrl\":\"https:\/\/pldistribucion.com.ar\/web\/wp-content\/uploads\/thf-1-e1682092473992.png\",\"datePublished\":\"2023-04-21T15:39:07+00:00\",\"dateModified\":\"2023-04-21T16:08:27+00:00\",\"description\":\"Distribuidor de bater\u00edas de diferentes marcas y aplicaciones. Env\u00edos a todo el pa\u00eds. Variedad de productos y stock disponible.\",\"breadcrumb\":{\"@id\":\"https:\/\/pldistribucion.com.ar\/web\/producto\/bateria-extreme-12x110\/#breadcrumb\"},\"inLanguage\":\"es\",\"potentialAction\":[{\"@type\":\"ReadAction\",\"target\":[\"https:\/\/pldistribucion.com.ar\/web\/producto\/bateria-extreme-12x110\/\"]}]},{\"@type\":\"ImageObject\",\"inLanguage\":\"es\",\"@id\":\"https:\/\/pldistribucion.com.ar\/web\/producto\/bateria-extreme-12x110\/#primaryimage\",\"url\":\"https:\/\/pldistribucion.com.ar\/web\/wp-content\/uploads\/thf-1-e1682092473992.png\",\"contentUrl\":\"https:\/\/pldistribucion.com.ar\/web\/wp-content\/uploads\/thf-1-e1682092473992.png\",\"width\":526,\"height\":436,\"caption\":\"BATER\u00cdA EXTREME 12X110\"},{\"@type\":\"BreadcrumbList\",\"@id\":\"https:\/\/pldistribucion.com.ar\/web\/producto\/bateria-extreme-12x110\/#breadcrumb\",\"itemListElement\":[{\"@type\":\"ListItem\",\"position\":1,\"name\":\"Portada\",\"item\":\"https:\/\/pldistribucion.com.ar\/web\/\"},{\"@type\":\"ListItem\",\"position\":2,\"name\":\"Productos\",\"item\":\"https:\/\/pldistribucion.com.ar\/web\/productos\/\"},{\"@type\":\"ListItem\",\"position\":3,\"name\":\"BATER\u00cdA EXTREME 12X110\"}]},{\"@type\":\"WebSite\",\"@id\":\"https:\/\/pldistribucion.com.ar\/web\/#website\",\"url\":\"https:\/\/pldistribucion.com.ar\/web\/\",\"name\":\"Perfomance Lube\",\"description\":\"\",\"publisher\":{\"@id\":\"https:\/\/pldistribucion.com.ar\/web\/#organization\"},\"potentialAction\":[{\"@type\":\"SearchAction\",\"target\":{\"@type\":\"EntryPoint\",\"urlTemplate\":\"https:\/\/pldistribucion.com.ar\/web\/?s={search_term_string}\"},\"query-input\":\"required name=search_term_string\"}],\"inLanguage\":\"es\"},{\"@type\":\"Organization\",\"@id\":\"https:\/\/pldistribucion.com.ar\/web\/#organization\",\"name\":\"PERFORMANCE LUBE\",\"url\":\"https:\/\/pldistribucion.com.ar\/web\/\",\"logo\":{\"@type\":\"ImageObject\",\"inLanguage\":\"es\",\"@id\":\"https:\/\/pldistribucion.com.ar\/web\/#\/schema\/logo\/image\/\",\"url\":\"https:\/\/pldistribucion.com.ar\/web\/wp-content\/uploads\/pld_logo_GB-removebg-preview.png\",\"contentUrl\":\"https:\/\/pldistribucion.com.ar\/web\/wp-content\/uploads\/pld_logo_GB-removebg-preview.png\",\"width\":787,\"height\":317,\"caption\":\"PERFORMANCE LUBE\"},\"image\":{\"@id\":\"https:\/\/pldistribucion.com.ar\/web\/#\/schema\/logo\/image\/\"}}]}<\/script>\n<!-- \/ Yoast SEO plugin. -->","yoast_head_json":{"title":"BATER\u00cdA EXTREME 12X110 - Perfomance Lube - Baterias","description":"Distribuidor de bater\u00edas de diferentes marcas y aplicaciones. Env\u00edos a todo el pa\u00eds. Variedad de productos y stock disponible.","robots":{"index":"index","follow":"follow","max-snippet":"max-snippet:-1","max-image-preview":"max-image-preview:large","max-video-preview":"max-video-preview:-1"},"canonical":"https:\/\/pldistribucion.com.ar\/web\/producto\/bateria-extreme-12x110\/","og_locale":"es_ES","og_type":"article","og_title":"BATER\u00cdA EXTREME 12X110 - Perfomance Lube - Baterias","og_description":"Distribuidor de bater\u00edas de diferentes marcas y aplicaciones. Env\u00edos a todo el pa\u00eds. Variedad de productos y stock disponible.","og_url":"https:\/\/pldistribucion.com.ar\/web\/producto\/bateria-extreme-12x110\/","og_site_name":"Perfomance Lube","article_modified_time":"2023-04-21T16:08:27+00:00","og_image":[{"width":526,"height":436,"url":"https:\/\/pldistribucion.com.ar\/web\/wp-content\/uploads\/thf-1-e1682092473992.png","type":"image\/png"}],"twitter_card":"summary_large_image","twitter_misc":{"Tiempo de lectura":"1 minuto"},"schema":{"@context":"https:\/\/schema.org","@graph":[{"@type":"WebPage","@id":"https:\/\/pldistribucion.com.ar\/web\/producto\/bateria-extreme-12x110\/","url":"https:\/\/pldistribucion.com.ar\/web\/producto\/bateria-extreme-12x110\/","name":"BATER\u00cdA EXTREME 12X110 - Perfomance Lube - Baterias","isPartOf":{"@id":"https:\/\/pldistribucion.com.ar\/web\/#website"},"primaryImageOfPage":{"@id":"https:\/\/pldistribucion.com.ar\/web\/producto\/bateria-extreme-12x110\/#primaryimage"},"image":{"@id":"https:\/\/pldistribucion.com.ar\/web\/producto\/bateria-extreme-12x110\/#primaryimage"},"thumbnailUrl":"https:\/\/pldistribucion.com.ar\/web\/wp-content\/uploads\/thf-1-e1682092473992.png","datePublished":"2023-04-21T15:39:07+00:00","dateModified":"2023-04-21T16:08:27+00:00","description":"Distribuidor de bater\u00edas de diferentes marcas y aplicaciones. Env\u00edos a todo el pa\u00eds. Variedad de productos y stock disponible.","breadcrumb":{"@id":"https:\/\/pldistribucion.com.ar\/web\/producto\/bateria-extreme-12x110\/#breadcrumb"},"inLanguage":"es","potentialAction":[{"@type":"ReadAction","target":["https:\/\/pldistribucion.com.ar\/web\/producto\/bateria-extreme-12x110\/"]}]},{"@type":"ImageObject","inLanguage":"es","@id":"https:\/\/pldistribucion.com.ar\/web\/producto\/bateria-extreme-12x110\/#primaryimage","url":"https:\/\/pldistribucion.com.ar\/web\/wp-content\/uploads\/thf-1-e1682092473992.png","contentUrl":"https:\/\/pldistribucion.com.ar\/web\/wp-content\/uploads\/thf-1-e1682092473992.png","width":526,"height":436,"caption":"BATER\u00cdA EXTREME 12X110"},{"@type":"BreadcrumbList","@id":"https:\/\/pldistribucion.com.ar\/web\/producto\/bateria-extreme-12x110\/#breadcrumb","itemListElement":[{"@type":"ListItem","position":1,"name":"Portada","item":"https:\/\/pldistribucion.com.ar\/web\/"},{"@type":"ListItem","position":2,"name":"Productos","item":"https:\/\/pldistribucion.com.ar\/web\/productos\/"},{"@type":"ListItem","position":3,"name":"BATER\u00cdA EXTREME 12X110"}]},{"@type":"WebSite","@id":"https:\/\/pldistribucion.com.ar\/web\/#website","url":"https:\/\/pldistribucion.com.ar\/web\/","name":"Perfomance Lube","description":"","publisher":{"@id":"https:\/\/pldistribucion.com.ar\/web\/#organization"},"potentialAction":[{"@type":"SearchAction","target":{"@type":"EntryPoint","urlTemplate":"https:\/\/pldistribucion.com.ar\/web\/?s={search_term_string}"},"query-input":"required name=search_term_string"}],"inLanguage":"es"},{"@type":"Organization","@id":"https:\/\/pldistribucion.com.ar\/web\/#organization","name":"PERFORMANCE LUBE","url":"https:\/\/pldistribucion.com.ar\/web\/","logo":{"@type":"ImageObject","inLanguage":"es","@id":"https:\/\/pldistribucion.com.ar\/web\/#\/schema\/logo\/image\/","url":"https:\/\/pldistribucion.com.ar\/web\/wp-content\/uploads\/pld_logo_GB-removebg-preview.png","contentUrl":"https:\/\/pldistribucion.com.ar\/web\/wp-content\/uploads\/pld_logo_GB-removebg-preview.png","width":787,"height":317,"caption":"PERFORMANCE LUBE"},"image":{"@id":"https:\/\/pldistribucion.com.ar\/web\/#\/schema\/logo\/image\/"}}]}},"_links":{"self":[{"href":"https:\/\/pldistribucion.com.ar\/web\/wp-json\/wp\/v2\/product\/6051"}],"collection":[{"href":"https:\/\/pldistribucion.com.ar\/web\/wp-json\/wp\/v2\/product"}],"about":[{"href":"https:\/\/pldistribucion.com.ar\/web\/wp-json\/wp\/v2\/types\/product"}],"replies":[{"embeddable":true,"href":"https:\/\/pldistribucion.com.ar\/web\/wp-json\/wp\/v2\/comments?post=6051"}],"wp:featuredmedia":[{"embeddable":true,"href":"https:\/\/pldistribucion.com.ar\/web\/wp-json\/wp\/v2\/media\/6057"}],"wp:attachment":[{"href":"https:\/\/pldistribucion.com.ar\/web\/wp-json\/wp\/v2\/media?parent=6051"}],"wp:term":[{"taxonomy":"product_cat","embeddable":true,"href":"https:\/\/pldistribucion.com.ar\/web\/wp-json\/wp\/v2\/product_cat?post=6051"},{"taxonomy":"product_tag","embeddable":true,"href":"https:\/\/pldistribucion.com.ar\/web\/wp-json\/wp\/v2\/product_tag?post=6051"}],"curies":[{"name":"wp","href":"https:\/\/api.w.org\/{rel}","templated":true}]}}