{"id":6035,"date":"2023-04-20T13:17:13","date_gmt":"2023-04-20T13:17:13","guid":{"rendered":"https:\/\/pldistribucion.com.ar\/web\/?post_type=product&#038;p=6035"},"modified":"2023-04-20T13:22:33","modified_gmt":"2023-04-20T13:22:33","slug":"thinners-estandar-plus","status":"publish","type":"product","link":"https:\/\/pldistribucion.com.ar\/web\/producto\/thinners-estandar-plus\/","title":{"rendered":"THINNERS ESTANDAR PLUS"},"content":{"rendered":"<h1><span style=\"font-size: 80%;\"><strong>THINNERS ESTANDAR PLUS<\/strong><\/span><\/h1>\n<p><span style=\"color: #000000;\">THINNERS ESTANDAR PLUS\u00a0 es un producto desarrollado para trabajos generales de pintura en los que se utilicen lacas, selladores o fondos.\u00a0<\/span><\/p>\n<h2><strong>Tipos de Thinner<\/strong><\/h2>\n<p><span style=\"color: #000000;\">Existen 2 tipos de thinner:<\/span><\/p>\n<ul>\n<li><strong>Thinner Corriente.<\/strong><\/li>\n<\/ul>\n<p><span style=\"color: #000000;\">Est\u00e1 compuesto por metanol y para poder adquirirlo se puede encontrar en cualquier tienda de pintura o ferreter\u00eda, ya que su precio es m\u00e1s econ\u00f3mico.<\/span><\/p>\n<ul>\n<li><strong>Thinner Fino.<\/strong><\/li>\n<\/ul>\n<p><span style=\"color: #000000;\">Su compuesto es por etanol lo que concierne una toxicidad superior al thinner corriente. \/ <\/span><span style=\"color: #000000;\">Para poder adquirirlo ser\u00e1 en tiendas de pintura y su precio es un poco m\u00e1s caro al corriente.<\/span><\/p>\n<h2><strong>PRESENTACIONES Y USOS<\/strong><\/h2>\n<p><span style=\"color: #000000;\">Cabe mencionar algunas caracter\u00edsticas previas, el thinner es el resultado de la mezcla con algunos disolventes, como el etanol, xileno, etc.<\/span><\/p>\n<p><span style=\"color: #000000;\">Existen varios tipos de thinner y la diferencia de uno y otro es por el uso, como por ejemplo<\/span>:<\/p>\n<p>&#8211;<strong> Thinner est\u00e1ndar<\/strong><\/p>\n<p><span style=\"color: #000000;\">Es un desengrasante de limpieza, se utiliza al momento de diluir esmaltes o lacas.<\/span><\/p>\n<ul>\n<li><span style=\"color: #000000;\">THINNER STANDARD MAESTRO<\/span><\/li>\n<\/ul>\n<p><strong>&#8211; Thinner acr\u00edlico<\/strong><\/p>\n<p><span style=\"color: #000000;\">Hecho con una f\u00f3rmula balanceada de solventes de evaporaci\u00f3n controlada y con buenas propiedades de nivelaci\u00f3n y fuerza de diluci\u00f3n.<\/span><\/p>\n<ul>\n<li><span style=\"color: #000000;\">S\u00daPER THINNER ACR\u00cdLICO TROPICALIZADO TA &#8211; 750<\/span><\/li>\n<li><span style=\"color: #000000;\">MAESTRO THINNER ACR\u00cdLICO AUTOMOTRIZ REFORZADO AC &#8211; 3<\/span>50<\/li>\n<\/ul>\n<p><strong>&#8211; Thinner alto brillo<\/strong><\/p>\n<p><span style=\"color: #000000;\">Su uso para para diluir esmaltes o lacas con el prop\u00f3sito de lograr una mejor acabado brillante.<\/span><\/p>\n<ul>\n<li><span style=\"color: #000000;\">Z4 1500 FINISH THINNER REDUCTOR<\/span><\/li>\n<\/ul>\n<p>&#8211;<strong> Thinner americano<\/strong><\/p>\n<p><span style=\"color: #000000;\">El uso del thinner americano es para trabajos en espec\u00edfico ya su disolvencia es mayor a todos los tipos de thinner.<\/span><\/p>\n<p>&#8211;<strong> Removedor<\/strong><\/p>\n<p><span style=\"color: #000000;\">Se utiliza para remover lacas o pintura previamente aplicadas.<\/span><\/p>\n<ul>\n<li><span style=\"color: #000000;\">REMOVEDOR VELOZ X7000<\/span><\/li>\n<\/ul>\n<p><span style=\"color: #000000;\">Su aplicaci\u00f3n del thinner generalmente son las siguientes:<\/span><\/p>\n<ul>\n<li><span style=\"color: #000000;\">Como limpiador o desengrasante<\/span><\/li>\n<li><span style=\"color: #000000;\">Remover de pinturas en general (Las que necesiten el uso de disolventes para su preparaci\u00f3n)<\/span><\/li>\n<li><span style=\"color: #000000;\">Diluyente de viscosidad de barnices y pinturas.<\/span><\/li>\n<li><span style=\"color: #000000;\">Para la fabricaci\u00f3n de pinturas, esmaltes, tintas, etc.<\/span><\/li>\n<\/ul>\n<h3><strong>PRECAUCIONES<\/strong><\/h3>\n<p><span style=\"color: #000000;\">El uso del thinner debe ser con sumo cuidado ya que es un componente alta inflamable para ello debe tener en cuenta lo siguiente sobre el thinner:<\/span><\/p>\n<ul>\n<li><span style=\"color: #000000;\">Emite vapores t\u00f3xicos para la respiraci\u00f3n<\/span><\/li>\n<li><span style=\"color: #000000;\">El vapor es pesado y puede extenderse en largas distancias y acumularse en las zonas m\u00e1s bajas.<\/span><\/li>\n<li><span style=\"color: #000000;\">Es un l\u00edquido inflamable<\/span><\/li>\n<li><span style=\"color: #000000;\">Mantenerlo en lugares ventilados, evitar todo contacto con fuego o acumulaciones electrost\u00e1ticas.<\/span><\/li>\n<li><span style=\"color: #000000;\">Evitar el contacto con la piel, ya que puede contraer irritaci\u00f3n, sequedad, hipersensibilidad.<\/span><\/li>\n<li><span style=\"color: #000000;\">En los ojos puede provocar irritaci\u00f3n, conjuntivitis, visi\u00f3n borrosa, etc.<\/span><\/li>\n<\/ul>\n<hr \/>\n<p>\u200b<span style=\"color: #000080;\"><strong><a style=\"color: #000080;\" href=\"https:\/\/copsa.net.ar\/nosotros\/\" target=\"_blank\" rel=\"noopener\">Conoce m\u00e1s sobre COPSA<\/a><\/strong><\/span><\/p>\n<p><span style=\"color: #000000;\">Somos una empresa familiar dedicada a brindar soluciones a las distintas industrias. Con experiencia en la distribuci\u00f3n de qu\u00edmicos, petroqu\u00edmicos y combustibles brindamos soluciones integrales para que cada cliente pueda desarrollarse y poner en foco su negocio.<\/span><\/p>\n<p><span style=\"color: #000080;\"><strong><a style=\"color: #000080;\" href=\"https:\/\/pldistribucion.com.ar\/web\/categoria-producto\/petroquimicos\/\" target=\"_blank\" rel=\"noopener\">Ver m\u00e1s petroqu\u00edmicos\u00a0<\/a><\/strong><\/span><\/p>\n","protected":false},"excerpt":{"rendered":"<p><img loading=\"lazy\" decoding=\"async\" class=\"alignnone size-medium wp-image-5754\" src=\"https:\/\/pldistribucion.com.ar\/web\/wp-content\/uploads\/rsthdf-300x87.png\" alt=\"\" width=\"300\" height=\"87\" srcset=\"https:\/\/pldistribucion.com.ar\/web\/wp-content\/uploads\/rsthdf-300x87.png 300w, https:\/\/pldistribucion.com.ar\/web\/wp-content\/uploads\/rsthdf.png 446w\" sizes=\"(max-width: 300px) 100vw, 300px\" \/><\/p>\n<p>S<span style=\"color: #000000;\">omos importadores y representantes de diversas compa\u00f1\u00edas qu\u00edmicas mundiales, como as\u00ed tambi\u00e9n distribuidores de petroleras y qu\u00edmicas nacionales.<\/span><\/p>\n","protected":false},"featured_media":6037,"comment_status":"open","ping_status":"closed","template":"","meta":[],"product_cat":[143,31,139],"product_tag":[],"yoast_head":"<!-- This site is optimized with the Yoast SEO plugin v23.0 - https:\/\/yoast.com\/wordpress\/plugins\/seo\/ -->\n<title>THINNERS ESTANDAR PLUS - Perfomance Lube - Petroqu\u00edmicos<\/title>\n<meta name=\"description\" content=\"Distribuidor de lubricantes de diferentes aplicaciones. Env\u00edos a todo el pa\u00eds. Variedad de productos y stock disponible.\" \/>\n<meta name=\"robots\" content=\"index, follow, max-snippet:-1, max-image-preview:large, max-video-preview:-1\" \/>\n<link rel=\"canonical\" href=\"https:\/\/pldistribucion.com.ar\/web\/producto\/thinners-estandar-plus\/\" \/>\n<meta property=\"og:locale\" content=\"es_ES\" \/>\n<meta property=\"og:type\" content=\"article\" \/>\n<meta property=\"og:title\" content=\"THINNERS ESTANDAR PLUS - Perfomance Lube - Petroqu\u00edmicos\" \/>\n<meta property=\"og:description\" content=\"Distribuidor de lubricantes de diferentes aplicaciones. Env\u00edos a todo el pa\u00eds. Variedad de productos y stock disponible.\" \/>\n<meta property=\"og:url\" content=\"https:\/\/pldistribucion.com.ar\/web\/producto\/thinners-estandar-plus\/\" \/>\n<meta property=\"og:site_name\" content=\"Perfomance Lube\" \/>\n<meta property=\"article:modified_time\" content=\"2023-04-20T13:22:33+00:00\" \/>\n<meta property=\"og:image\" content=\"https:\/\/pldistribucion.com.ar\/web\/wp-content\/uploads\/regst-e1681996929421.png\" \/>\n\t<meta property=\"og:image:width\" content=\"255\" \/>\n\t<meta property=\"og:image:height\" content=\"304\" \/>\n\t<meta property=\"og:image:type\" content=\"image\/png\" \/>\n<meta name=\"twitter:card\" content=\"summary_large_image\" \/>\n<meta name=\"twitter:label1\" content=\"Tiempo de lectura\" \/>\n\t<meta name=\"twitter:data1\" content=\"2 minutos\" \/>\n<script type=\"application\/ld+json\" class=\"yoast-schema-graph\">{\"@context\":\"https:\/\/schema.org\",\"@graph\":[{\"@type\":\"WebPage\",\"@id\":\"https:\/\/pldistribucion.com.ar\/web\/producto\/thinners-estandar-plus\/\",\"url\":\"https:\/\/pldistribucion.com.ar\/web\/producto\/thinners-estandar-plus\/\",\"name\":\"THINNERS ESTANDAR PLUS - Perfomance Lube - Petroqu\u00edmicos\",\"isPartOf\":{\"@id\":\"https:\/\/pldistribucion.com.ar\/web\/#website\"},\"primaryImageOfPage\":{\"@id\":\"https:\/\/pldistribucion.com.ar\/web\/producto\/thinners-estandar-plus\/#primaryimage\"},\"image\":{\"@id\":\"https:\/\/pldistribucion.com.ar\/web\/producto\/thinners-estandar-plus\/#primaryimage\"},\"thumbnailUrl\":\"https:\/\/pldistribucion.com.ar\/web\/wp-content\/uploads\/regst-e1681996929421.png\",\"datePublished\":\"2023-04-20T13:17:13+00:00\",\"dateModified\":\"2023-04-20T13:22:33+00:00\",\"description\":\"Distribuidor de lubricantes de diferentes aplicaciones. Env\u00edos a todo el pa\u00eds. Variedad de productos y stock disponible.\",\"breadcrumb\":{\"@id\":\"https:\/\/pldistribucion.com.ar\/web\/producto\/thinners-estandar-plus\/#breadcrumb\"},\"inLanguage\":\"es\",\"potentialAction\":[{\"@type\":\"ReadAction\",\"target\":[\"https:\/\/pldistribucion.com.ar\/web\/producto\/thinners-estandar-plus\/\"]}]},{\"@type\":\"ImageObject\",\"inLanguage\":\"es\",\"@id\":\"https:\/\/pldistribucion.com.ar\/web\/producto\/thinners-estandar-plus\/#primaryimage\",\"url\":\"https:\/\/pldistribucion.com.ar\/web\/wp-content\/uploads\/regst-e1681996929421.png\",\"contentUrl\":\"https:\/\/pldistribucion.com.ar\/web\/wp-content\/uploads\/regst-e1681996929421.png\",\"width\":255,\"height\":304,\"caption\":\"THINNERS ESTANDAR PLUS\"},{\"@type\":\"BreadcrumbList\",\"@id\":\"https:\/\/pldistribucion.com.ar\/web\/producto\/thinners-estandar-plus\/#breadcrumb\",\"itemListElement\":[{\"@type\":\"ListItem\",\"position\":1,\"name\":\"Portada\",\"item\":\"https:\/\/pldistribucion.com.ar\/web\/\"},{\"@type\":\"ListItem\",\"position\":2,\"name\":\"Productos\",\"item\":\"https:\/\/pldistribucion.com.ar\/web\/productos\/\"},{\"@type\":\"ListItem\",\"position\":3,\"name\":\"THINNERS ESTANDAR PLUS\"}]},{\"@type\":\"WebSite\",\"@id\":\"https:\/\/pldistribucion.com.ar\/web\/#website\",\"url\":\"https:\/\/pldistribucion.com.ar\/web\/\",\"name\":\"Perfomance Lube\",\"description\":\"\",\"publisher\":{\"@id\":\"https:\/\/pldistribucion.com.ar\/web\/#organization\"},\"potentialAction\":[{\"@type\":\"SearchAction\",\"target\":{\"@type\":\"EntryPoint\",\"urlTemplate\":\"https:\/\/pldistribucion.com.ar\/web\/?s={search_term_string}\"},\"query-input\":\"required name=search_term_string\"}],\"inLanguage\":\"es\"},{\"@type\":\"Organization\",\"@id\":\"https:\/\/pldistribucion.com.ar\/web\/#organization\",\"name\":\"PERFORMANCE LUBE\",\"url\":\"https:\/\/pldistribucion.com.ar\/web\/\",\"logo\":{\"@type\":\"ImageObject\",\"inLanguage\":\"es\",\"@id\":\"https:\/\/pldistribucion.com.ar\/web\/#\/schema\/logo\/image\/\",\"url\":\"https:\/\/pldistribucion.com.ar\/web\/wp-content\/uploads\/pld_logo_GB-removebg-preview.png\",\"contentUrl\":\"https:\/\/pldistribucion.com.ar\/web\/wp-content\/uploads\/pld_logo_GB-removebg-preview.png\",\"width\":787,\"height\":317,\"caption\":\"PERFORMANCE LUBE\"},\"image\":{\"@id\":\"https:\/\/pldistribucion.com.ar\/web\/#\/schema\/logo\/image\/\"}}]}<\/script>\n<!-- \/ Yoast SEO plugin. -->","yoast_head_json":{"title":"THINNERS ESTANDAR PLUS - Perfomance Lube - Petroqu\u00edmicos","description":"Distribuidor de lubricantes de diferentes aplicaciones. Env\u00edos a todo el pa\u00eds. Variedad de productos y stock disponible.","robots":{"index":"index","follow":"follow","max-snippet":"max-snippet:-1","max-image-preview":"max-image-preview:large","max-video-preview":"max-video-preview:-1"},"canonical":"https:\/\/pldistribucion.com.ar\/web\/producto\/thinners-estandar-plus\/","og_locale":"es_ES","og_type":"article","og_title":"THINNERS ESTANDAR PLUS - Perfomance Lube - Petroqu\u00edmicos","og_description":"Distribuidor de lubricantes de diferentes aplicaciones. Env\u00edos a todo el pa\u00eds. Variedad de productos y stock disponible.","og_url":"https:\/\/pldistribucion.com.ar\/web\/producto\/thinners-estandar-plus\/","og_site_name":"Perfomance Lube","article_modified_time":"2023-04-20T13:22:33+00:00","og_image":[{"width":255,"height":304,"url":"https:\/\/pldistribucion.com.ar\/web\/wp-content\/uploads\/regst-e1681996929421.png","type":"image\/png"}],"twitter_card":"summary_large_image","twitter_misc":{"Tiempo de lectura":"2 minutos"},"schema":{"@context":"https:\/\/schema.org","@graph":[{"@type":"WebPage","@id":"https:\/\/pldistribucion.com.ar\/web\/producto\/thinners-estandar-plus\/","url":"https:\/\/pldistribucion.com.ar\/web\/producto\/thinners-estandar-plus\/","name":"THINNERS ESTANDAR PLUS - Perfomance Lube - Petroqu\u00edmicos","isPartOf":{"@id":"https:\/\/pldistribucion.com.ar\/web\/#website"},"primaryImageOfPage":{"@id":"https:\/\/pldistribucion.com.ar\/web\/producto\/thinners-estandar-plus\/#primaryimage"},"image":{"@id":"https:\/\/pldistribucion.com.ar\/web\/producto\/thinners-estandar-plus\/#primaryimage"},"thumbnailUrl":"https:\/\/pldistribucion.com.ar\/web\/wp-content\/uploads\/regst-e1681996929421.png","datePublished":"2023-04-20T13:17:13+00:00","dateModified":"2023-04-20T13:22:33+00:00","description":"Distribuidor de lubricantes de diferentes aplicaciones. Env\u00edos a todo el pa\u00eds. Variedad de productos y stock disponible.","breadcrumb":{"@id":"https:\/\/pldistribucion.com.ar\/web\/producto\/thinners-estandar-plus\/#breadcrumb"},"inLanguage":"es","potentialAction":[{"@type":"ReadAction","target":["https:\/\/pldistribucion.com.ar\/web\/producto\/thinners-estandar-plus\/"]}]},{"@type":"ImageObject","inLanguage":"es","@id":"https:\/\/pldistribucion.com.ar\/web\/producto\/thinners-estandar-plus\/#primaryimage","url":"https:\/\/pldistribucion.com.ar\/web\/wp-content\/uploads\/regst-e1681996929421.png","contentUrl":"https:\/\/pldistribucion.com.ar\/web\/wp-content\/uploads\/regst-e1681996929421.png","width":255,"height":304,"caption":"THINNERS ESTANDAR PLUS"},{"@type":"BreadcrumbList","@id":"https:\/\/pldistribucion.com.ar\/web\/producto\/thinners-estandar-plus\/#breadcrumb","itemListElement":[{"@type":"ListItem","position":1,"name":"Portada","item":"https:\/\/pldistribucion.com.ar\/web\/"},{"@type":"ListItem","position":2,"name":"Productos","item":"https:\/\/pldistribucion.com.ar\/web\/productos\/"},{"@type":"ListItem","position":3,"name":"THINNERS ESTANDAR PLUS"}]},{"@type":"WebSite","@id":"https:\/\/pldistribucion.com.ar\/web\/#website","url":"https:\/\/pldistribucion.com.ar\/web\/","name":"Perfomance Lube","description":"","publisher":{"@id":"https:\/\/pldistribucion.com.ar\/web\/#organization"},"potentialAction":[{"@type":"SearchAction","target":{"@type":"EntryPoint","urlTemplate":"https:\/\/pldistribucion.com.ar\/web\/?s={search_term_string}"},"query-input":"required name=search_term_string"}],"inLanguage":"es"},{"@type":"Organization","@id":"https:\/\/pldistribucion.com.ar\/web\/#organization","name":"PERFORMANCE LUBE","url":"https:\/\/pldistribucion.com.ar\/web\/","logo":{"@type":"ImageObject","inLanguage":"es","@id":"https:\/\/pldistribucion.com.ar\/web\/#\/schema\/logo\/image\/","url":"https:\/\/pldistribucion.com.ar\/web\/wp-content\/uploads\/pld_logo_GB-removebg-preview.png","contentUrl":"https:\/\/pldistribucion.com.ar\/web\/wp-content\/uploads\/pld_logo_GB-removebg-preview.png","width":787,"height":317,"caption":"PERFORMANCE LUBE"},"image":{"@id":"https:\/\/pldistribucion.com.ar\/web\/#\/schema\/logo\/image\/"}}]}},"_links":{"self":[{"href":"https:\/\/pldistribucion.com.ar\/web\/wp-json\/wp\/v2\/product\/6035"}],"collection":[{"href":"https:\/\/pldistribucion.com.ar\/web\/wp-json\/wp\/v2\/product"}],"about":[{"href":"https:\/\/pldistribucion.com.ar\/web\/wp-json\/wp\/v2\/types\/product"}],"replies":[{"embeddable":true,"href":"https:\/\/pldistribucion.com.ar\/web\/wp-json\/wp\/v2\/comments?post=6035"}],"wp:featuredmedia":[{"embeddable":true,"href":"https:\/\/pldistribucion.com.ar\/web\/wp-json\/wp\/v2\/media\/6037"}],"wp:attachment":[{"href":"https:\/\/pldistribucion.com.ar\/web\/wp-json\/wp\/v2\/media?parent=6035"}],"wp:term":[{"taxonomy":"product_cat","embeddable":true,"href":"https:\/\/pldistribucion.com.ar\/web\/wp-json\/wp\/v2\/product_cat?post=6035"},{"taxonomy":"product_tag","embeddable":true,"href":"https:\/\/pldistribucion.com.ar\/web\/wp-json\/wp\/v2\/product_tag?post=6035"}],"curies":[{"name":"wp","href":"https:\/\/api.w.org\/{rel}","templated":true}]}}