{"id":5965,"date":"2023-04-19T12:06:22","date_gmt":"2023-04-19T12:06:22","guid":{"rendered":"https:\/\/pldistribucion.com.ar\/web\/?post_type=product&#038;p=5965"},"modified":"2023-04-19T12:06:23","modified_gmt":"2023-04-19T12:06:23","slug":"ciclohexano","status":"publish","type":"product","link":"https:\/\/pldistribucion.com.ar\/web\/producto\/ciclohexano\/","title":{"rendered":"CICLOHEXANO"},"content":{"rendered":"<h1><span style=\"font-size: 80%;\"><strong>CICLOHEXANO<\/strong><\/span><\/h1>\n<p><span style=\"color: #000000;\">El ciclohexano es un\u00a0l\u00edquido incoloro. Es altamente inflamable y tiene un olor pene- trante similar al del petr\u00f3leo del ciclohexano, pues los efectos obser- vados podr\u00edan deberse al n-hexano.<\/span><\/p>\n<p><span style=\"color: #000000;\">Se obtiene de la ciclaci\u00f3n de compuestos alif\u00e1ticos, o de la reducci\u00f3n del benceno con hidr\u00f3geno a altas presiones en presencia de un catalizador. Se funde al llegar a los 7\u00b0C. Una de sus aplicaciones m\u00e1s importantes es la producci\u00f3n del nailon (nylon).<\/span><\/p>\n<p><span style=\"color: #000000;\">Se lo emplea en la s\u00edntesis de caprolactama, \u00e1cido ad\u00edpico y hexametilendiamina para la elaboraci\u00f3n de distintos tipos de nylon y fibras poliam\u00eddicas, disolventes de \u00e9steres de celulosa, resinas, caucho crudo, extracci\u00f3n de aceites esenciales, pinturas, etc.<\/span><\/p>\n<p><span style=\"color: #000000;\">A diferencia del ciclohexano,\u00a0el benceno solo contiene seis \u00e1tomos de hidr\u00f3geno, dando la impresi\u00f3n de que el anillo es insaturado y cada \u00e1tomo de carbono participa en un doble enlace. Dos estructuras diferentes con enlaces simples y dobles alternantes alrededor del anillo se pueden escribir para benceno.<\/span><\/p>\n<p><span style=\"color: #000000;\">Ciclohexanol es un alcohol y debido a que es\u00a0ligeramente polar, disuelve compuestos org\u00e1nicos polares y no polares e incluso compuestos i\u00f3nicos.<\/span><\/p>\n<hr \/>\n<p><span style=\"color: #000080;\"><strong><a style=\"color: #000080;\" href=\"https:\/\/copsa.net.ar\/nosotros\/\" target=\"_blank\" rel=\"noopener\">Conoce m\u00e1s sobre COPSA<\/a><\/strong><\/span><\/p>\n<p><span style=\"color: #000000;\">Somos una empresa familiar dedicada a brindar soluciones a las distintas industrias. Con experiencia en la distribuci\u00f3n de qu\u00edmicos, petroqu\u00edmicos y combustibles brindamos soluciones integrales para que cada cliente pueda desarrollarse y poner en foco su negocio.<\/span><\/p>\n<p><span style=\"color: #000080;\"><strong><a style=\"color: #000080;\" href=\"https:\/\/pldistribucion.com.ar\/web\/categoria-producto\/petroquimicos\/\" target=\"_blank\" rel=\"noopener\">Ver m\u00e1s petroqu\u00edmicos\u00a0<\/a><\/strong><\/span><\/p>\n","protected":false},"excerpt":{"rendered":"<p><img loading=\"lazy\" decoding=\"async\" class=\"alignnone size-medium wp-image-5754\" src=\"https:\/\/pldistribucion.com.ar\/web\/wp-content\/uploads\/rsthdf-300x87.png\" alt=\"\" width=\"300\" height=\"87\" srcset=\"https:\/\/pldistribucion.com.ar\/web\/wp-content\/uploads\/rsthdf-300x87.png 300w, https:\/\/pldistribucion.com.ar\/web\/wp-content\/uploads\/rsthdf.png 446w\" sizes=\"(max-width: 300px) 100vw, 300px\" \/><\/p>\n<p>S<span style=\"color: #000000;\">omos importadores y representantes de diversas compa\u00f1\u00edas qu\u00edmicas mundiales, como as\u00ed tambi\u00e9n distribuidores de petroleras y qu\u00edmicas nacionales.<\/span><\/p>\n","protected":false},"featured_media":5978,"comment_status":"open","ping_status":"closed","template":"","meta":[],"product_cat":[31,138],"product_tag":[],"yoast_head":"<!-- This site is optimized with the Yoast SEO plugin v23.0 - https:\/\/yoast.com\/wordpress\/plugins\/seo\/ -->\n<title>CICLOHEXANO - Perfomance Lube - Performance<\/title>\n<meta name=\"description\" content=\"Distribuidor de lubricantes de diferentes aplicaciones. Env\u00edos a todo el pa\u00eds. Variedad de productos y stock disponible.CICLOHEXANO\" \/>\n<meta name=\"robots\" content=\"index, follow, max-snippet:-1, max-image-preview:large, max-video-preview:-1\" \/>\n<link rel=\"canonical\" href=\"https:\/\/pldistribucion.com.ar\/web\/producto\/ciclohexano\/\" \/>\n<meta property=\"og:locale\" content=\"es_ES\" \/>\n<meta property=\"og:type\" content=\"article\" \/>\n<meta property=\"og:title\" content=\"CICLOHEXANO - Perfomance Lube - Performance\" \/>\n<meta property=\"og:description\" content=\"Distribuidor de lubricantes de diferentes aplicaciones. Env\u00edos a todo el pa\u00eds. Variedad de productos y stock disponible.CICLOHEXANO\" \/>\n<meta property=\"og:url\" content=\"https:\/\/pldistribucion.com.ar\/web\/producto\/ciclohexano\/\" \/>\n<meta property=\"og:site_name\" content=\"Perfomance Lube\" \/>\n<meta property=\"article:modified_time\" content=\"2023-04-19T12:06:23+00:00\" \/>\n<meta property=\"og:image\" content=\"https:\/\/pldistribucion.com.ar\/web\/wp-content\/uploads\/cvbxhf-e1681905963193.png\" \/>\n\t<meta property=\"og:image:width\" content=\"346\" \/>\n\t<meta property=\"og:image:height\" content=\"364\" \/>\n\t<meta property=\"og:image:type\" content=\"image\/png\" \/>\n<meta name=\"twitter:card\" content=\"summary_large_image\" \/>\n<meta name=\"twitter:label1\" content=\"Tiempo de lectura\" \/>\n\t<meta name=\"twitter:data1\" content=\"1 minuto\" \/>\n<script type=\"application\/ld+json\" class=\"yoast-schema-graph\">{\"@context\":\"https:\/\/schema.org\",\"@graph\":[{\"@type\":\"WebPage\",\"@id\":\"https:\/\/pldistribucion.com.ar\/web\/producto\/ciclohexano\/\",\"url\":\"https:\/\/pldistribucion.com.ar\/web\/producto\/ciclohexano\/\",\"name\":\"CICLOHEXANO - Perfomance Lube - Performance\",\"isPartOf\":{\"@id\":\"https:\/\/pldistribucion.com.ar\/web\/#website\"},\"primaryImageOfPage\":{\"@id\":\"https:\/\/pldistribucion.com.ar\/web\/producto\/ciclohexano\/#primaryimage\"},\"image\":{\"@id\":\"https:\/\/pldistribucion.com.ar\/web\/producto\/ciclohexano\/#primaryimage\"},\"thumbnailUrl\":\"https:\/\/pldistribucion.com.ar\/web\/wp-content\/uploads\/cvbxhf-e1681905963193.png\",\"datePublished\":\"2023-04-19T12:06:22+00:00\",\"dateModified\":\"2023-04-19T12:06:23+00:00\",\"description\":\"Distribuidor de lubricantes de diferentes aplicaciones. Env\u00edos a todo el pa\u00eds. Variedad de productos y stock disponible.CICLOHEXANO\",\"breadcrumb\":{\"@id\":\"https:\/\/pldistribucion.com.ar\/web\/producto\/ciclohexano\/#breadcrumb\"},\"inLanguage\":\"es\",\"potentialAction\":[{\"@type\":\"ReadAction\",\"target\":[\"https:\/\/pldistribucion.com.ar\/web\/producto\/ciclohexano\/\"]}]},{\"@type\":\"ImageObject\",\"inLanguage\":\"es\",\"@id\":\"https:\/\/pldistribucion.com.ar\/web\/producto\/ciclohexano\/#primaryimage\",\"url\":\"https:\/\/pldistribucion.com.ar\/web\/wp-content\/uploads\/cvbxhf-e1681905963193.png\",\"contentUrl\":\"https:\/\/pldistribucion.com.ar\/web\/wp-content\/uploads\/cvbxhf-e1681905963193.png\",\"width\":346,\"height\":364,\"caption\":\"CICLOHEXANO\"},{\"@type\":\"BreadcrumbList\",\"@id\":\"https:\/\/pldistribucion.com.ar\/web\/producto\/ciclohexano\/#breadcrumb\",\"itemListElement\":[{\"@type\":\"ListItem\",\"position\":1,\"name\":\"Portada\",\"item\":\"https:\/\/pldistribucion.com.ar\/web\/\"},{\"@type\":\"ListItem\",\"position\":2,\"name\":\"Productos\",\"item\":\"https:\/\/pldistribucion.com.ar\/web\/productos\/\"},{\"@type\":\"ListItem\",\"position\":3,\"name\":\"CICLOHEXANO\"}]},{\"@type\":\"WebSite\",\"@id\":\"https:\/\/pldistribucion.com.ar\/web\/#website\",\"url\":\"https:\/\/pldistribucion.com.ar\/web\/\",\"name\":\"Perfomance Lube\",\"description\":\"\",\"publisher\":{\"@id\":\"https:\/\/pldistribucion.com.ar\/web\/#organization\"},\"potentialAction\":[{\"@type\":\"SearchAction\",\"target\":{\"@type\":\"EntryPoint\",\"urlTemplate\":\"https:\/\/pldistribucion.com.ar\/web\/?s={search_term_string}\"},\"query-input\":\"required name=search_term_string\"}],\"inLanguage\":\"es\"},{\"@type\":\"Organization\",\"@id\":\"https:\/\/pldistribucion.com.ar\/web\/#organization\",\"name\":\"PERFORMANCE LUBE\",\"url\":\"https:\/\/pldistribucion.com.ar\/web\/\",\"logo\":{\"@type\":\"ImageObject\",\"inLanguage\":\"es\",\"@id\":\"https:\/\/pldistribucion.com.ar\/web\/#\/schema\/logo\/image\/\",\"url\":\"https:\/\/pldistribucion.com.ar\/web\/wp-content\/uploads\/pld_logo_GB-removebg-preview.png\",\"contentUrl\":\"https:\/\/pldistribucion.com.ar\/web\/wp-content\/uploads\/pld_logo_GB-removebg-preview.png\",\"width\":787,\"height\":317,\"caption\":\"PERFORMANCE LUBE\"},\"image\":{\"@id\":\"https:\/\/pldistribucion.com.ar\/web\/#\/schema\/logo\/image\/\"}}]}<\/script>\n<!-- \/ Yoast SEO plugin. -->","yoast_head_json":{"title":"CICLOHEXANO - Perfomance Lube - Performance","description":"Distribuidor de lubricantes de diferentes aplicaciones. Env\u00edos a todo el pa\u00eds. Variedad de productos y stock disponible.CICLOHEXANO","robots":{"index":"index","follow":"follow","max-snippet":"max-snippet:-1","max-image-preview":"max-image-preview:large","max-video-preview":"max-video-preview:-1"},"canonical":"https:\/\/pldistribucion.com.ar\/web\/producto\/ciclohexano\/","og_locale":"es_ES","og_type":"article","og_title":"CICLOHEXANO - Perfomance Lube - Performance","og_description":"Distribuidor de lubricantes de diferentes aplicaciones. Env\u00edos a todo el pa\u00eds. Variedad de productos y stock disponible.CICLOHEXANO","og_url":"https:\/\/pldistribucion.com.ar\/web\/producto\/ciclohexano\/","og_site_name":"Perfomance Lube","article_modified_time":"2023-04-19T12:06:23+00:00","og_image":[{"width":346,"height":364,"url":"https:\/\/pldistribucion.com.ar\/web\/wp-content\/uploads\/cvbxhf-e1681905963193.png","type":"image\/png"}],"twitter_card":"summary_large_image","twitter_misc":{"Tiempo de lectura":"1 minuto"},"schema":{"@context":"https:\/\/schema.org","@graph":[{"@type":"WebPage","@id":"https:\/\/pldistribucion.com.ar\/web\/producto\/ciclohexano\/","url":"https:\/\/pldistribucion.com.ar\/web\/producto\/ciclohexano\/","name":"CICLOHEXANO - Perfomance Lube - Performance","isPartOf":{"@id":"https:\/\/pldistribucion.com.ar\/web\/#website"},"primaryImageOfPage":{"@id":"https:\/\/pldistribucion.com.ar\/web\/producto\/ciclohexano\/#primaryimage"},"image":{"@id":"https:\/\/pldistribucion.com.ar\/web\/producto\/ciclohexano\/#primaryimage"},"thumbnailUrl":"https:\/\/pldistribucion.com.ar\/web\/wp-content\/uploads\/cvbxhf-e1681905963193.png","datePublished":"2023-04-19T12:06:22+00:00","dateModified":"2023-04-19T12:06:23+00:00","description":"Distribuidor de lubricantes de diferentes aplicaciones. Env\u00edos a todo el pa\u00eds. Variedad de productos y stock disponible.CICLOHEXANO","breadcrumb":{"@id":"https:\/\/pldistribucion.com.ar\/web\/producto\/ciclohexano\/#breadcrumb"},"inLanguage":"es","potentialAction":[{"@type":"ReadAction","target":["https:\/\/pldistribucion.com.ar\/web\/producto\/ciclohexano\/"]}]},{"@type":"ImageObject","inLanguage":"es","@id":"https:\/\/pldistribucion.com.ar\/web\/producto\/ciclohexano\/#primaryimage","url":"https:\/\/pldistribucion.com.ar\/web\/wp-content\/uploads\/cvbxhf-e1681905963193.png","contentUrl":"https:\/\/pldistribucion.com.ar\/web\/wp-content\/uploads\/cvbxhf-e1681905963193.png","width":346,"height":364,"caption":"CICLOHEXANO"},{"@type":"BreadcrumbList","@id":"https:\/\/pldistribucion.com.ar\/web\/producto\/ciclohexano\/#breadcrumb","itemListElement":[{"@type":"ListItem","position":1,"name":"Portada","item":"https:\/\/pldistribucion.com.ar\/web\/"},{"@type":"ListItem","position":2,"name":"Productos","item":"https:\/\/pldistribucion.com.ar\/web\/productos\/"},{"@type":"ListItem","position":3,"name":"CICLOHEXANO"}]},{"@type":"WebSite","@id":"https:\/\/pldistribucion.com.ar\/web\/#website","url":"https:\/\/pldistribucion.com.ar\/web\/","name":"Perfomance Lube","description":"","publisher":{"@id":"https:\/\/pldistribucion.com.ar\/web\/#organization"},"potentialAction":[{"@type":"SearchAction","target":{"@type":"EntryPoint","urlTemplate":"https:\/\/pldistribucion.com.ar\/web\/?s={search_term_string}"},"query-input":"required name=search_term_string"}],"inLanguage":"es"},{"@type":"Organization","@id":"https:\/\/pldistribucion.com.ar\/web\/#organization","name":"PERFORMANCE LUBE","url":"https:\/\/pldistribucion.com.ar\/web\/","logo":{"@type":"ImageObject","inLanguage":"es","@id":"https:\/\/pldistribucion.com.ar\/web\/#\/schema\/logo\/image\/","url":"https:\/\/pldistribucion.com.ar\/web\/wp-content\/uploads\/pld_logo_GB-removebg-preview.png","contentUrl":"https:\/\/pldistribucion.com.ar\/web\/wp-content\/uploads\/pld_logo_GB-removebg-preview.png","width":787,"height":317,"caption":"PERFORMANCE LUBE"},"image":{"@id":"https:\/\/pldistribucion.com.ar\/web\/#\/schema\/logo\/image\/"}}]}},"_links":{"self":[{"href":"https:\/\/pldistribucion.com.ar\/web\/wp-json\/wp\/v2\/product\/5965"}],"collection":[{"href":"https:\/\/pldistribucion.com.ar\/web\/wp-json\/wp\/v2\/product"}],"about":[{"href":"https:\/\/pldistribucion.com.ar\/web\/wp-json\/wp\/v2\/types\/product"}],"replies":[{"embeddable":true,"href":"https:\/\/pldistribucion.com.ar\/web\/wp-json\/wp\/v2\/comments?post=5965"}],"wp:featuredmedia":[{"embeddable":true,"href":"https:\/\/pldistribucion.com.ar\/web\/wp-json\/wp\/v2\/media\/5978"}],"wp:attachment":[{"href":"https:\/\/pldistribucion.com.ar\/web\/wp-json\/wp\/v2\/media?parent=5965"}],"wp:term":[{"taxonomy":"product_cat","embeddable":true,"href":"https:\/\/pldistribucion.com.ar\/web\/wp-json\/wp\/v2\/product_cat?post=5965"},{"taxonomy":"product_tag","embeddable":true,"href":"https:\/\/pldistribucion.com.ar\/web\/wp-json\/wp\/v2\/product_tag?post=5965"}],"curies":[{"name":"wp","href":"https:\/\/api.w.org\/{rel}","templated":true}]}}