{"id":594,"date":"2020-01-31T20:16:05","date_gmt":"2020-01-31T20:16:05","guid":{"rendered":"https:\/\/pldistribucion.com.ar\/web\/?post_type=product&#038;p=594"},"modified":"2023-01-30T12:07:12","modified_gmt":"2023-01-30T12:07:12","slug":"shell-tellus-s2-m-100","status":"publish","type":"product","link":"https:\/\/pldistribucion.com.ar\/web\/producto\/shell-tellus-s2-m-100\/","title":{"rendered":"SHELL TELLUS S2 M 100"},"content":{"rendered":"<h1><strong style=\"font-size: 80%;\">SHELL TELLUS S2 M 100\u00a0\/ <\/strong><strong style=\"font-size: 80%;\">Lubricante.<\/strong><\/h1>\n<h2><span style=\"font-size: 75%; color: #ff0000;\"><strong>Nombre previo: Shell Tellus.<\/strong><\/span><\/h2>\n<p><span style=\"background-color: #bee8e8;\"><strong>DESCRIPCI\u00d3N DEL PRODUCTO<\/strong><\/span><\/p>\n<p><span style=\"color: #000000;\">Shell Tellus S2 M 100<strong> &#8211; <\/strong>Lubricante para sistemas hidr\u00e1ulicos.<\/span><\/p>\n<p><span style=\"color: #000000;\">Son fluidos hidr\u00e1ulicos de alto rendimiento que utilizan la exclusiva tecnolog\u00eda patentada de Shell para proporcionar una protecci\u00f3n y un rendimiento superior.<\/span><\/p>\n<p><span style=\"background-color: #bee8e8;\"><strong>CARACTER\u00cdSTICAS Y BENEFICIOS<\/strong><\/span><\/p>\n<ul>\n<li>Larga vida del fluido \u2013 ahorro en mantenimiento ya que los fluidos que contiene Shell Tellus S2 M ayudan a prolongar los intervalos de mantenimiento de los equipos por rotura qu\u00edmica y t\u00e9rmica.<\/li>\n<li>Contiene aditivos de base de zinc se incorporan para garantizar de manera efectiva el funcionamiento en un amplio rango de condiciones de funcionamiento, incluyendo condiciones de servicio ligeras y pesadas en operaciones de carga. Por esta raz\u00f3n desarrolla una protecci\u00f3n superior contra el descaste.<\/li>\n<li>Mantiene la eficiencia del sistema: limpieza superior, excelente capacidad de filtraci\u00f3n y alto rendimiento en la separaci\u00f3n de agua, en la liberaci\u00f3n de aire y caracter\u00edsticas anti-espumantes.<\/li>\n<\/ul>\n<p><span style=\"background-color: #bee8e8;\"><strong>APLICACIONES<\/strong><\/span><\/p>\n<ul>\n<li><strong>Sistemas hidr\u00e1ulicos industriales:<br \/>\n<\/strong>Los fluidos Shell Tellus S 2 M son adecuados para una amplia gama de aplicaciones de energ\u00eda hidr\u00e1ulica que se encuentran en entornos de fabricaci\u00f3n e industriales.<\/li>\n<li>Sistemas de energ\u00eda hidr\u00e1ulicos m\u00f3viles, compo por ejemplo excavadoras y gr\u00faas, excepto all\u00ed donde se enfrenten a importantes variaciones de temperatura del ambiente. Para estas aplicaciones se recomienda el Shell Tellus serie \u201cV\u201d.<\/li>\n<li>Sistemas hidr\u00e1ulicos Marinos son adecuados para aplicaciones marinas donde se recomienda\u00a0 fluidos hidr\u00e1ulicos de categor\u00eda ISO HM.<\/li>\n<\/ul>\n<p><span style=\"color: #000080;\"><strong><a style=\"color: #000080;\" href=\"https:\/\/pldistribucion.com.ar\/web\/wp-content\/uploads\/FICHA-7-5.pdf\" target=\"_blank\" rel=\"noopener\">Ver ficha t\u00e9cnica<\/a><\/strong><\/span><\/p>\n<p><span style=\"color: #000080;\"><strong><a style=\"color: #000080;\" href=\"https:\/\/pldistribucion.com.ar\/web\/categoria-producto\/lubricantes\/?filter_marcas=shell\" target=\"_blank\" rel=\"noopener\">Ver m\u00e1s productos SHELL<\/a><\/strong><\/span><\/p>\n<p><span style=\"color: #000000;\">(Shell fabrica y comercializa lubricantes y grasas para uso en motos, veh\u00edculos de transporte, construcci\u00f3n, agricultura e industria. Constantemente reaccionamos a las necesidades cambiantes de cada sector para que usted disponga de los lubricantes de calidad que le permitan optimizar la eficiencia de sus equipos y a\u00f1adir valor a su negocio).<\/span><\/p>\n<p><span style=\"color: #000080;\"><strong><a style=\"color: #000080;\" href=\"https:\/\/www.shell.com.ar\/acerca-de-shell\/la-marca-shell.html#:~:text=La%20palabra%20Shell%20se%20utiliz%C3%B3,conchas%20marinas%20procedentes%20de%20Oriente.\" target=\"_blank\" rel=\"noopener\">Conoce m\u00e1s sobre SHELL<\/a><\/strong><\/span><\/p>\n","protected":false},"excerpt":{"rendered":"<p><img loading=\"lazy\" decoding=\"async\" class=\"alignnone size-full wp-image-284\" src=\"https:\/\/pldistribucion.com.ar\/web\/wp-content\/uploads\/shell.png\" alt=\"\" width=\"200\" height=\"200\" \/><\/p>\n<h1>Shell Lubricantes<\/h1>\n<p>Shell vende una amplia variedad de lubricantes para satisfacer las necesidades de los clientes a trav\u00e9s de una gama de productos para el autom\u00f3vil de calle, el transporte pesado, la miner\u00eda, la generaci\u00f3n de energ\u00eda y la ingenier\u00eda general. La cartera de productos de lubricantes Shell incluye Shell Helix, Shell Rimula y Shell Spirax. Con 70 plantas en todo el mundo, somos productores de aceites que se distribuyen, comercializan y venden en m\u00e1s de 100 pa\u00edses.<\/p>\n","protected":false},"featured_media":2998,"comment_status":"open","ping_status":"closed","template":"","meta":[],"product_cat":[16,34],"product_tag":[],"yoast_head":"<!-- This site is optimized with the Yoast SEO plugin v23.0 - https:\/\/yoast.com\/wordpress\/plugins\/seo\/ -->\n<title>SHELL TELLUS S2 M 100 - Perfomance Lube - Lubricantes<\/title>\n<meta name=\"description\" content=\"Distribuidor de lubricantes SHELL de diferentes aplicaciones. Env\u00edos a todo el pa\u00eds. Variedad de productos y stock disponible.\" \/>\n<meta name=\"robots\" content=\"index, follow, max-snippet:-1, max-image-preview:large, max-video-preview:-1\" \/>\n<link rel=\"canonical\" href=\"https:\/\/pldistribucion.com.ar\/web\/producto\/shell-tellus-s2-m-100\/\" \/>\n<meta property=\"og:locale\" content=\"es_ES\" \/>\n<meta property=\"og:type\" content=\"article\" \/>\n<meta property=\"og:title\" content=\"SHELL TELLUS S2 M 100 - Perfomance Lube - Lubricantes\" \/>\n<meta property=\"og:description\" content=\"Distribuidor de lubricantes SHELL de diferentes aplicaciones. Env\u00edos a todo el pa\u00eds. Variedad de productos y stock disponible.\" \/>\n<meta property=\"og:url\" content=\"https:\/\/pldistribucion.com.ar\/web\/producto\/shell-tellus-s2-m-100\/\" \/>\n<meta property=\"og:site_name\" content=\"Perfomance Lube\" \/>\n<meta property=\"article:modified_time\" content=\"2023-01-30T12:07:12+00:00\" \/>\n<meta property=\"og:image\" content=\"https:\/\/pldistribucion.com.ar\/web\/wp-content\/uploads\/foto-3-6.jpg\" \/>\n\t<meta property=\"og:image:width\" content=\"591\" \/>\n\t<meta property=\"og:image:height\" content=\"591\" \/>\n\t<meta property=\"og:image:type\" content=\"image\/jpeg\" \/>\n<meta name=\"twitter:card\" content=\"summary_large_image\" \/>\n<meta name=\"twitter:label1\" content=\"Tiempo de lectura\" \/>\n\t<meta name=\"twitter:data1\" content=\"2 minutos\" \/>\n<script type=\"application\/ld+json\" class=\"yoast-schema-graph\">{\"@context\":\"https:\/\/schema.org\",\"@graph\":[{\"@type\":\"WebPage\",\"@id\":\"https:\/\/pldistribucion.com.ar\/web\/producto\/shell-tellus-s2-m-100\/\",\"url\":\"https:\/\/pldistribucion.com.ar\/web\/producto\/shell-tellus-s2-m-100\/\",\"name\":\"SHELL TELLUS S2 M 100 - Perfomance Lube - Lubricantes\",\"isPartOf\":{\"@id\":\"https:\/\/pldistribucion.com.ar\/web\/#website\"},\"primaryImageOfPage\":{\"@id\":\"https:\/\/pldistribucion.com.ar\/web\/producto\/shell-tellus-s2-m-100\/#primaryimage\"},\"image\":{\"@id\":\"https:\/\/pldistribucion.com.ar\/web\/producto\/shell-tellus-s2-m-100\/#primaryimage\"},\"thumbnailUrl\":\"https:\/\/pldistribucion.com.ar\/web\/wp-content\/uploads\/foto-3-6.jpg\",\"datePublished\":\"2020-01-31T20:16:05+00:00\",\"dateModified\":\"2023-01-30T12:07:12+00:00\",\"description\":\"Distribuidor de lubricantes SHELL de diferentes aplicaciones. Env\u00edos a todo el pa\u00eds. Variedad de productos y stock disponible.\",\"breadcrumb\":{\"@id\":\"https:\/\/pldistribucion.com.ar\/web\/producto\/shell-tellus-s2-m-100\/#breadcrumb\"},\"inLanguage\":\"es\",\"potentialAction\":[{\"@type\":\"ReadAction\",\"target\":[\"https:\/\/pldistribucion.com.ar\/web\/producto\/shell-tellus-s2-m-100\/\"]}]},{\"@type\":\"ImageObject\",\"inLanguage\":\"es\",\"@id\":\"https:\/\/pldistribucion.com.ar\/web\/producto\/shell-tellus-s2-m-100\/#primaryimage\",\"url\":\"https:\/\/pldistribucion.com.ar\/web\/wp-content\/uploads\/foto-3-6.jpg\",\"contentUrl\":\"https:\/\/pldistribucion.com.ar\/web\/wp-content\/uploads\/foto-3-6.jpg\",\"width\":591,\"height\":591,\"caption\":\"SHELL Tellus S2 M\"},{\"@type\":\"BreadcrumbList\",\"@id\":\"https:\/\/pldistribucion.com.ar\/web\/producto\/shell-tellus-s2-m-100\/#breadcrumb\",\"itemListElement\":[{\"@type\":\"ListItem\",\"position\":1,\"name\":\"Portada\",\"item\":\"https:\/\/pldistribucion.com.ar\/web\/\"},{\"@type\":\"ListItem\",\"position\":2,\"name\":\"Productos\",\"item\":\"https:\/\/pldistribucion.com.ar\/web\/productos\/\"},{\"@type\":\"ListItem\",\"position\":3,\"name\":\"SHELL TELLUS S2 M 100\"}]},{\"@type\":\"WebSite\",\"@id\":\"https:\/\/pldistribucion.com.ar\/web\/#website\",\"url\":\"https:\/\/pldistribucion.com.ar\/web\/\",\"name\":\"Perfomance Lube\",\"description\":\"\",\"publisher\":{\"@id\":\"https:\/\/pldistribucion.com.ar\/web\/#organization\"},\"potentialAction\":[{\"@type\":\"SearchAction\",\"target\":{\"@type\":\"EntryPoint\",\"urlTemplate\":\"https:\/\/pldistribucion.com.ar\/web\/?s={search_term_string}\"},\"query-input\":\"required name=search_term_string\"}],\"inLanguage\":\"es\"},{\"@type\":\"Organization\",\"@id\":\"https:\/\/pldistribucion.com.ar\/web\/#organization\",\"name\":\"PERFORMANCE LUBE\",\"url\":\"https:\/\/pldistribucion.com.ar\/web\/\",\"logo\":{\"@type\":\"ImageObject\",\"inLanguage\":\"es\",\"@id\":\"https:\/\/pldistribucion.com.ar\/web\/#\/schema\/logo\/image\/\",\"url\":\"https:\/\/pldistribucion.com.ar\/web\/wp-content\/uploads\/pld_logo_GB-removebg-preview.png\",\"contentUrl\":\"https:\/\/pldistribucion.com.ar\/web\/wp-content\/uploads\/pld_logo_GB-removebg-preview.png\",\"width\":787,\"height\":317,\"caption\":\"PERFORMANCE LUBE\"},\"image\":{\"@id\":\"https:\/\/pldistribucion.com.ar\/web\/#\/schema\/logo\/image\/\"}}]}<\/script>\n<!-- \/ Yoast SEO plugin. -->","yoast_head_json":{"title":"SHELL TELLUS S2 M 100 - Perfomance Lube - Lubricantes","description":"Distribuidor de lubricantes SHELL de diferentes aplicaciones. Env\u00edos a todo el pa\u00eds. Variedad de productos y stock disponible.","robots":{"index":"index","follow":"follow","max-snippet":"max-snippet:-1","max-image-preview":"max-image-preview:large","max-video-preview":"max-video-preview:-1"},"canonical":"https:\/\/pldistribucion.com.ar\/web\/producto\/shell-tellus-s2-m-100\/","og_locale":"es_ES","og_type":"article","og_title":"SHELL TELLUS S2 M 100 - Perfomance Lube - Lubricantes","og_description":"Distribuidor de lubricantes SHELL de diferentes aplicaciones. Env\u00edos a todo el pa\u00eds. Variedad de productos y stock disponible.","og_url":"https:\/\/pldistribucion.com.ar\/web\/producto\/shell-tellus-s2-m-100\/","og_site_name":"Perfomance Lube","article_modified_time":"2023-01-30T12:07:12+00:00","og_image":[{"width":591,"height":591,"url":"https:\/\/pldistribucion.com.ar\/web\/wp-content\/uploads\/foto-3-6.jpg","type":"image\/jpeg"}],"twitter_card":"summary_large_image","twitter_misc":{"Tiempo de lectura":"2 minutos"},"schema":{"@context":"https:\/\/schema.org","@graph":[{"@type":"WebPage","@id":"https:\/\/pldistribucion.com.ar\/web\/producto\/shell-tellus-s2-m-100\/","url":"https:\/\/pldistribucion.com.ar\/web\/producto\/shell-tellus-s2-m-100\/","name":"SHELL TELLUS S2 M 100 - Perfomance Lube - Lubricantes","isPartOf":{"@id":"https:\/\/pldistribucion.com.ar\/web\/#website"},"primaryImageOfPage":{"@id":"https:\/\/pldistribucion.com.ar\/web\/producto\/shell-tellus-s2-m-100\/#primaryimage"},"image":{"@id":"https:\/\/pldistribucion.com.ar\/web\/producto\/shell-tellus-s2-m-100\/#primaryimage"},"thumbnailUrl":"https:\/\/pldistribucion.com.ar\/web\/wp-content\/uploads\/foto-3-6.jpg","datePublished":"2020-01-31T20:16:05+00:00","dateModified":"2023-01-30T12:07:12+00:00","description":"Distribuidor de lubricantes SHELL de diferentes aplicaciones. Env\u00edos a todo el pa\u00eds. Variedad de productos y stock disponible.","breadcrumb":{"@id":"https:\/\/pldistribucion.com.ar\/web\/producto\/shell-tellus-s2-m-100\/#breadcrumb"},"inLanguage":"es","potentialAction":[{"@type":"ReadAction","target":["https:\/\/pldistribucion.com.ar\/web\/producto\/shell-tellus-s2-m-100\/"]}]},{"@type":"ImageObject","inLanguage":"es","@id":"https:\/\/pldistribucion.com.ar\/web\/producto\/shell-tellus-s2-m-100\/#primaryimage","url":"https:\/\/pldistribucion.com.ar\/web\/wp-content\/uploads\/foto-3-6.jpg","contentUrl":"https:\/\/pldistribucion.com.ar\/web\/wp-content\/uploads\/foto-3-6.jpg","width":591,"height":591,"caption":"SHELL Tellus S2 M"},{"@type":"BreadcrumbList","@id":"https:\/\/pldistribucion.com.ar\/web\/producto\/shell-tellus-s2-m-100\/#breadcrumb","itemListElement":[{"@type":"ListItem","position":1,"name":"Portada","item":"https:\/\/pldistribucion.com.ar\/web\/"},{"@type":"ListItem","position":2,"name":"Productos","item":"https:\/\/pldistribucion.com.ar\/web\/productos\/"},{"@type":"ListItem","position":3,"name":"SHELL TELLUS S2 M 100"}]},{"@type":"WebSite","@id":"https:\/\/pldistribucion.com.ar\/web\/#website","url":"https:\/\/pldistribucion.com.ar\/web\/","name":"Perfomance Lube","description":"","publisher":{"@id":"https:\/\/pldistribucion.com.ar\/web\/#organization"},"potentialAction":[{"@type":"SearchAction","target":{"@type":"EntryPoint","urlTemplate":"https:\/\/pldistribucion.com.ar\/web\/?s={search_term_string}"},"query-input":"required name=search_term_string"}],"inLanguage":"es"},{"@type":"Organization","@id":"https:\/\/pldistribucion.com.ar\/web\/#organization","name":"PERFORMANCE LUBE","url":"https:\/\/pldistribucion.com.ar\/web\/","logo":{"@type":"ImageObject","inLanguage":"es","@id":"https:\/\/pldistribucion.com.ar\/web\/#\/schema\/logo\/image\/","url":"https:\/\/pldistribucion.com.ar\/web\/wp-content\/uploads\/pld_logo_GB-removebg-preview.png","contentUrl":"https:\/\/pldistribucion.com.ar\/web\/wp-content\/uploads\/pld_logo_GB-removebg-preview.png","width":787,"height":317,"caption":"PERFORMANCE LUBE"},"image":{"@id":"https:\/\/pldistribucion.com.ar\/web\/#\/schema\/logo\/image\/"}}]}},"_links":{"self":[{"href":"https:\/\/pldistribucion.com.ar\/web\/wp-json\/wp\/v2\/product\/594"}],"collection":[{"href":"https:\/\/pldistribucion.com.ar\/web\/wp-json\/wp\/v2\/product"}],"about":[{"href":"https:\/\/pldistribucion.com.ar\/web\/wp-json\/wp\/v2\/types\/product"}],"replies":[{"embeddable":true,"href":"https:\/\/pldistribucion.com.ar\/web\/wp-json\/wp\/v2\/comments?post=594"}],"wp:featuredmedia":[{"embeddable":true,"href":"https:\/\/pldistribucion.com.ar\/web\/wp-json\/wp\/v2\/media\/2998"}],"wp:attachment":[{"href":"https:\/\/pldistribucion.com.ar\/web\/wp-json\/wp\/v2\/media?parent=594"}],"wp:term":[{"taxonomy":"product_cat","embeddable":true,"href":"https:\/\/pldistribucion.com.ar\/web\/wp-json\/wp\/v2\/product_cat?post=594"},{"taxonomy":"product_tag","embeddable":true,"href":"https:\/\/pldistribucion.com.ar\/web\/wp-json\/wp\/v2\/product_tag?post=594"}],"curies":[{"name":"wp","href":"https:\/\/api.w.org\/{rel}","templated":true}]}}