{"id":5894,"date":"2023-04-14T15:47:52","date_gmt":"2023-04-14T15:47:52","guid":{"rendered":"https:\/\/pldistribucion.com.ar\/web\/?post_type=product&#038;p=5894"},"modified":"2023-06-09T12:18:59","modified_gmt":"2023-06-09T12:18:59","slug":"metabisulfito-de-sodio","status":"publish","type":"product","link":"https:\/\/pldistribucion.com.ar\/web\/producto\/metabisulfito-de-sodio\/","title":{"rendered":"METABISULFITO DE SODIO"},"content":{"rendered":"<h1><span style=\"font-size: 80%;\"><strong>METABISULFITO DE SODIO<\/strong><\/span><\/h1>\n<h3><span style=\"font-size: 80%; color: #f99b1c;\"><strong>DESCRIPCI\u00d3N:<\/strong><\/span><\/h3>\n<p><span style=\"color: #000000;\">El metabisulfito de sodio\u00a0es un polvo blanco con un ligero olor a huevos podridos.\u00a0Se usa como agente conservante en f\u00e1rmacos y alimentos. El metabisulfito de sodio figura en la Lista de Substancias Peligrosas (Hazardous Substance List) ya que ha sido citado por la ACGIH, el DOT, el NIOSH y la IARC.<\/span><\/p>\n<h3><span style=\"font-size: 80%; color: #f99b1c;\"><strong>CARACTER\u00cdSTICAS:<\/strong><\/span><\/h3>\n<p><span style=\"color: #000000;\">El metabisulfito de sodio se suele comercializar como un polvo blanco soluble en agua. A menudo en combinaci\u00f3n con el\u00a0bisulfito s\u00f3dico.<sup id=\"cite_ref-2\" class=\"reference separada\"><\/sup>Debe tratarse con cuidado debido a que posee propiedades irritantes. Su soluci\u00f3n acuosa es extremadamente \u00e1cida. Si entra en el torrente sangu\u00edneo es un veneno. Se descompone a una temperatura de 150 \u00b0C. Expuesto al aire y a la humedad, el metasulfito de sodio se oxida lentamente a\u00a0sulfato de sodio\u00a0con la consiguiente desintegraci\u00f3n de los cristales. Es por esta raz\u00f3n por la que debe ser conservado en botes herm\u00e9ticos.<\/span><\/p>\n<h3><span style=\"font-size: 80%; color: #f99b1c;\"><strong>APLICACIONES:<\/strong><\/span><\/h3>\n<p><span style=\"color: #000000;\">Su uso m\u00e1s popular es como conservante alimentario, siendo f\u00e1cil encontrarlo como elemento para el tratamiento de las aguas como un agente\u00a0tensoactivo\u00a0o en la industria qu\u00edmica como un\u00a0agente reductor. En algunas ocasiones puede utilizarse como un\u00a0colorante, mientras en la industria papelera es empleado como un\u00a0coadyuvante\u00a0de la pasta de madera al\u00a0papel. Tambi\u00e9n es usado para hacer precipitar el\u00a0oro\u00a0disuelto en\u00a0\u00e1cido cloro\u00e1urico.<\/span><\/p>\n<hr \/>\n<p><span style=\"color: #000080;\"><strong><a style=\"color: #000080;\" href=\"https:\/\/pldistribucion.com.ar\/web\/wp-content\/uploads\/1708sp.pdf\" target=\"_blank\" rel=\"noopener\">Ver hoja de seguridad<\/a><\/strong><\/span><\/p>\n<p><span style=\"color: #000080;\"><strong><a style=\"color: #000080;\" href=\"https:\/\/copsa.net.ar\/nosotros\/\" target=\"_blank\" rel=\"noopener\">Conoce m\u00e1s sobre COPSA<\/a><\/strong><\/span><\/p>\n<p><span style=\"color: #000000;\">Somos una empresa familiar dedicada a brindar soluciones a las distintas industrias. Con experiencia en la distribuci\u00f3n de qu\u00edmicos, petroqu\u00edmicos y combustibles brindamos soluciones integrales para que cada cliente pueda desarrollarse y poner en foco su negocio.<\/span><\/p>\n<p><span style=\"color: #000080;\"><strong><a style=\"color: #000080;\" href=\"https:\/\/pldistribucion.com.ar\/web\/categoria-producto\/petroquimicos\/\" target=\"_blank\" rel=\"noopener\">Ver m\u00e1s petroqu\u00edmicos\u00a0<\/a><\/strong><\/span><\/p>\n","protected":false},"excerpt":{"rendered":"<p><img loading=\"lazy\" decoding=\"async\" class=\"alignnone size-medium wp-image-5754\" src=\"https:\/\/pldistribucion.com.ar\/web\/wp-content\/uploads\/rsthdf-300x87.png\" alt=\"\" width=\"300\" height=\"87\" srcset=\"https:\/\/pldistribucion.com.ar\/web\/wp-content\/uploads\/rsthdf-300x87.png 300w, https:\/\/pldistribucion.com.ar\/web\/wp-content\/uploads\/rsthdf.png 446w\" sizes=\"(max-width: 300px) 100vw, 300px\" \/><\/p>\n<p>S<span style=\"color: #000000;\">omos importadores y representantes de diversas compa\u00f1\u00edas qu\u00edmicas mundiales, como as\u00ed tambi\u00e9n distribuidores de petroleras y qu\u00edmicas nacionales.<\/span><\/p>\n","protected":false},"featured_media":5901,"comment_status":"open","ping_status":"closed","template":"","meta":[],"product_cat":[202],"product_tag":[],"yoast_head":"<!-- This site is optimized with the Yoast SEO plugin v23.0 - https:\/\/yoast.com\/wordpress\/plugins\/seo\/ -->\n<title>METABISULFITO DE SODIO - Perfomance Lube - Petroquimicos<\/title>\n<meta name=\"description\" content=\"Distribuidor de lubricantes de diferentes aplicaciones. Env\u00edos a todo el pa\u00eds. Variedad de productos y stock disponible.\" \/>\n<meta name=\"robots\" content=\"index, follow, max-snippet:-1, max-image-preview:large, max-video-preview:-1\" \/>\n<link rel=\"canonical\" href=\"https:\/\/pldistribucion.com.ar\/web\/producto\/metabisulfito-de-sodio\/\" \/>\n<meta property=\"og:locale\" content=\"es_ES\" \/>\n<meta property=\"og:type\" content=\"article\" \/>\n<meta property=\"og:title\" content=\"METABISULFITO DE SODIO - Perfomance Lube - Petroquimicos\" \/>\n<meta property=\"og:description\" content=\"Distribuidor de lubricantes de diferentes aplicaciones. Env\u00edos a todo el pa\u00eds. Variedad de productos y stock disponible.\" \/>\n<meta property=\"og:url\" content=\"https:\/\/pldistribucion.com.ar\/web\/producto\/metabisulfito-de-sodio\/\" \/>\n<meta property=\"og:site_name\" content=\"Perfomance Lube\" \/>\n<meta property=\"article:modified_time\" content=\"2023-06-09T12:18:59+00:00\" \/>\n<meta property=\"og:image\" content=\"https:\/\/pldistribucion.com.ar\/web\/wp-content\/uploads\/fghvhgv-e1681487229175.png\" \/>\n\t<meta property=\"og:image:width\" content=\"400\" \/>\n\t<meta property=\"og:image:height\" content=\"352\" \/>\n\t<meta property=\"og:image:type\" content=\"image\/png\" \/>\n<meta name=\"twitter:card\" content=\"summary_large_image\" \/>\n<meta name=\"twitter:label1\" content=\"Tiempo de lectura\" \/>\n\t<meta name=\"twitter:data1\" content=\"2 minutos\" \/>\n<script type=\"application\/ld+json\" class=\"yoast-schema-graph\">{\"@context\":\"https:\/\/schema.org\",\"@graph\":[{\"@type\":\"WebPage\",\"@id\":\"https:\/\/pldistribucion.com.ar\/web\/producto\/metabisulfito-de-sodio\/\",\"url\":\"https:\/\/pldistribucion.com.ar\/web\/producto\/metabisulfito-de-sodio\/\",\"name\":\"METABISULFITO DE SODIO - Perfomance Lube - Petroquimicos\",\"isPartOf\":{\"@id\":\"https:\/\/pldistribucion.com.ar\/web\/#website\"},\"primaryImageOfPage\":{\"@id\":\"https:\/\/pldistribucion.com.ar\/web\/producto\/metabisulfito-de-sodio\/#primaryimage\"},\"image\":{\"@id\":\"https:\/\/pldistribucion.com.ar\/web\/producto\/metabisulfito-de-sodio\/#primaryimage\"},\"thumbnailUrl\":\"https:\/\/pldistribucion.com.ar\/web\/wp-content\/uploads\/fghvhgv-e1681487229175.png\",\"datePublished\":\"2023-04-14T15:47:52+00:00\",\"dateModified\":\"2023-06-09T12:18:59+00:00\",\"description\":\"Distribuidor de lubricantes de diferentes aplicaciones. Env\u00edos a todo el pa\u00eds. Variedad de productos y stock disponible.\",\"breadcrumb\":{\"@id\":\"https:\/\/pldistribucion.com.ar\/web\/producto\/metabisulfito-de-sodio\/#breadcrumb\"},\"inLanguage\":\"es\",\"potentialAction\":[{\"@type\":\"ReadAction\",\"target\":[\"https:\/\/pldistribucion.com.ar\/web\/producto\/metabisulfito-de-sodio\/\"]}]},{\"@type\":\"ImageObject\",\"inLanguage\":\"es\",\"@id\":\"https:\/\/pldistribucion.com.ar\/web\/producto\/metabisulfito-de-sodio\/#primaryimage\",\"url\":\"https:\/\/pldistribucion.com.ar\/web\/wp-content\/uploads\/fghvhgv-e1681487229175.png\",\"contentUrl\":\"https:\/\/pldistribucion.com.ar\/web\/wp-content\/uploads\/fghvhgv-e1681487229175.png\",\"width\":400,\"height\":352,\"caption\":\"METABISULFITO DE SODIO\"},{\"@type\":\"BreadcrumbList\",\"@id\":\"https:\/\/pldistribucion.com.ar\/web\/producto\/metabisulfito-de-sodio\/#breadcrumb\",\"itemListElement\":[{\"@type\":\"ListItem\",\"position\":1,\"name\":\"Portada\",\"item\":\"https:\/\/pldistribucion.com.ar\/web\/\"},{\"@type\":\"ListItem\",\"position\":2,\"name\":\"Productos\",\"item\":\"https:\/\/pldistribucion.com.ar\/web\/productos\/\"},{\"@type\":\"ListItem\",\"position\":3,\"name\":\"METABISULFITO DE SODIO\"}]},{\"@type\":\"WebSite\",\"@id\":\"https:\/\/pldistribucion.com.ar\/web\/#website\",\"url\":\"https:\/\/pldistribucion.com.ar\/web\/\",\"name\":\"Perfomance Lube\",\"description\":\"\",\"publisher\":{\"@id\":\"https:\/\/pldistribucion.com.ar\/web\/#organization\"},\"potentialAction\":[{\"@type\":\"SearchAction\",\"target\":{\"@type\":\"EntryPoint\",\"urlTemplate\":\"https:\/\/pldistribucion.com.ar\/web\/?s={search_term_string}\"},\"query-input\":\"required name=search_term_string\"}],\"inLanguage\":\"es\"},{\"@type\":\"Organization\",\"@id\":\"https:\/\/pldistribucion.com.ar\/web\/#organization\",\"name\":\"PERFORMANCE LUBE\",\"url\":\"https:\/\/pldistribucion.com.ar\/web\/\",\"logo\":{\"@type\":\"ImageObject\",\"inLanguage\":\"es\",\"@id\":\"https:\/\/pldistribucion.com.ar\/web\/#\/schema\/logo\/image\/\",\"url\":\"https:\/\/pldistribucion.com.ar\/web\/wp-content\/uploads\/pld_logo_GB-removebg-preview.png\",\"contentUrl\":\"https:\/\/pldistribucion.com.ar\/web\/wp-content\/uploads\/pld_logo_GB-removebg-preview.png\",\"width\":787,\"height\":317,\"caption\":\"PERFORMANCE LUBE\"},\"image\":{\"@id\":\"https:\/\/pldistribucion.com.ar\/web\/#\/schema\/logo\/image\/\"}}]}<\/script>\n<!-- \/ Yoast SEO plugin. -->","yoast_head_json":{"title":"METABISULFITO DE SODIO - Perfomance Lube - Petroquimicos","description":"Distribuidor de lubricantes de diferentes aplicaciones. Env\u00edos a todo el pa\u00eds. Variedad de productos y stock disponible.","robots":{"index":"index","follow":"follow","max-snippet":"max-snippet:-1","max-image-preview":"max-image-preview:large","max-video-preview":"max-video-preview:-1"},"canonical":"https:\/\/pldistribucion.com.ar\/web\/producto\/metabisulfito-de-sodio\/","og_locale":"es_ES","og_type":"article","og_title":"METABISULFITO DE SODIO - Perfomance Lube - Petroquimicos","og_description":"Distribuidor de lubricantes de diferentes aplicaciones. Env\u00edos a todo el pa\u00eds. Variedad de productos y stock disponible.","og_url":"https:\/\/pldistribucion.com.ar\/web\/producto\/metabisulfito-de-sodio\/","og_site_name":"Perfomance Lube","article_modified_time":"2023-06-09T12:18:59+00:00","og_image":[{"width":400,"height":352,"url":"https:\/\/pldistribucion.com.ar\/web\/wp-content\/uploads\/fghvhgv-e1681487229175.png","type":"image\/png"}],"twitter_card":"summary_large_image","twitter_misc":{"Tiempo de lectura":"2 minutos"},"schema":{"@context":"https:\/\/schema.org","@graph":[{"@type":"WebPage","@id":"https:\/\/pldistribucion.com.ar\/web\/producto\/metabisulfito-de-sodio\/","url":"https:\/\/pldistribucion.com.ar\/web\/producto\/metabisulfito-de-sodio\/","name":"METABISULFITO DE SODIO - Perfomance Lube - Petroquimicos","isPartOf":{"@id":"https:\/\/pldistribucion.com.ar\/web\/#website"},"primaryImageOfPage":{"@id":"https:\/\/pldistribucion.com.ar\/web\/producto\/metabisulfito-de-sodio\/#primaryimage"},"image":{"@id":"https:\/\/pldistribucion.com.ar\/web\/producto\/metabisulfito-de-sodio\/#primaryimage"},"thumbnailUrl":"https:\/\/pldistribucion.com.ar\/web\/wp-content\/uploads\/fghvhgv-e1681487229175.png","datePublished":"2023-04-14T15:47:52+00:00","dateModified":"2023-06-09T12:18:59+00:00","description":"Distribuidor de lubricantes de diferentes aplicaciones. Env\u00edos a todo el pa\u00eds. Variedad de productos y stock disponible.","breadcrumb":{"@id":"https:\/\/pldistribucion.com.ar\/web\/producto\/metabisulfito-de-sodio\/#breadcrumb"},"inLanguage":"es","potentialAction":[{"@type":"ReadAction","target":["https:\/\/pldistribucion.com.ar\/web\/producto\/metabisulfito-de-sodio\/"]}]},{"@type":"ImageObject","inLanguage":"es","@id":"https:\/\/pldistribucion.com.ar\/web\/producto\/metabisulfito-de-sodio\/#primaryimage","url":"https:\/\/pldistribucion.com.ar\/web\/wp-content\/uploads\/fghvhgv-e1681487229175.png","contentUrl":"https:\/\/pldistribucion.com.ar\/web\/wp-content\/uploads\/fghvhgv-e1681487229175.png","width":400,"height":352,"caption":"METABISULFITO DE SODIO"},{"@type":"BreadcrumbList","@id":"https:\/\/pldistribucion.com.ar\/web\/producto\/metabisulfito-de-sodio\/#breadcrumb","itemListElement":[{"@type":"ListItem","position":1,"name":"Portada","item":"https:\/\/pldistribucion.com.ar\/web\/"},{"@type":"ListItem","position":2,"name":"Productos","item":"https:\/\/pldistribucion.com.ar\/web\/productos\/"},{"@type":"ListItem","position":3,"name":"METABISULFITO DE SODIO"}]},{"@type":"WebSite","@id":"https:\/\/pldistribucion.com.ar\/web\/#website","url":"https:\/\/pldistribucion.com.ar\/web\/","name":"Perfomance Lube","description":"","publisher":{"@id":"https:\/\/pldistribucion.com.ar\/web\/#organization"},"potentialAction":[{"@type":"SearchAction","target":{"@type":"EntryPoint","urlTemplate":"https:\/\/pldistribucion.com.ar\/web\/?s={search_term_string}"},"query-input":"required name=search_term_string"}],"inLanguage":"es"},{"@type":"Organization","@id":"https:\/\/pldistribucion.com.ar\/web\/#organization","name":"PERFORMANCE LUBE","url":"https:\/\/pldistribucion.com.ar\/web\/","logo":{"@type":"ImageObject","inLanguage":"es","@id":"https:\/\/pldistribucion.com.ar\/web\/#\/schema\/logo\/image\/","url":"https:\/\/pldistribucion.com.ar\/web\/wp-content\/uploads\/pld_logo_GB-removebg-preview.png","contentUrl":"https:\/\/pldistribucion.com.ar\/web\/wp-content\/uploads\/pld_logo_GB-removebg-preview.png","width":787,"height":317,"caption":"PERFORMANCE LUBE"},"image":{"@id":"https:\/\/pldistribucion.com.ar\/web\/#\/schema\/logo\/image\/"}}]}},"_links":{"self":[{"href":"https:\/\/pldistribucion.com.ar\/web\/wp-json\/wp\/v2\/product\/5894"}],"collection":[{"href":"https:\/\/pldistribucion.com.ar\/web\/wp-json\/wp\/v2\/product"}],"about":[{"href":"https:\/\/pldistribucion.com.ar\/web\/wp-json\/wp\/v2\/types\/product"}],"replies":[{"embeddable":true,"href":"https:\/\/pldistribucion.com.ar\/web\/wp-json\/wp\/v2\/comments?post=5894"}],"wp:featuredmedia":[{"embeddable":true,"href":"https:\/\/pldistribucion.com.ar\/web\/wp-json\/wp\/v2\/media\/5901"}],"wp:attachment":[{"href":"https:\/\/pldistribucion.com.ar\/web\/wp-json\/wp\/v2\/media?parent=5894"}],"wp:term":[{"taxonomy":"product_cat","embeddable":true,"href":"https:\/\/pldistribucion.com.ar\/web\/wp-json\/wp\/v2\/product_cat?post=5894"},{"taxonomy":"product_tag","embeddable":true,"href":"https:\/\/pldistribucion.com.ar\/web\/wp-json\/wp\/v2\/product_tag?post=5894"}],"curies":[{"name":"wp","href":"https:\/\/api.w.org\/{rel}","templated":true}]}}