{"id":5828,"date":"2023-04-12T14:17:18","date_gmt":"2023-04-12T14:17:18","guid":{"rendered":"https:\/\/pldistribucion.com.ar\/web\/?post_type=product&#038;p=5828"},"modified":"2023-06-06T12:52:24","modified_gmt":"2023-06-06T12:52:24","slug":"butilglicol","status":"publish","type":"product","link":"https:\/\/pldistribucion.com.ar\/web\/producto\/butilglicol\/","title":{"rendered":"BUTILGLICOL"},"content":{"rendered":"<h1><span style=\"font-size: 80%;\"><strong>BUTILGLICOL<\/strong><\/span><\/h1>\n<h3><span style=\"font-size: 80%; color: #f99b1c;\"><strong>DESCRIPCI\u00d3N:<\/strong><\/span><\/h3>\n<div id=\"c7U2ZOv-F7jT1sQP25KfsAo__80\">\n<div class=\"wDYxhc\" data-md=\"61\">\n<div class=\"LGOjhe\" role=\"heading\" data-attrid=\"wa:\/description\" aria-level=\"3\" data-hveid=\"CFYQAA\"><span class=\"ILfuVd\" lang=\"es\" style=\"color: #000000;\"><span class=\"hgKElc\">El Butilglicol\u00a0sirve como solvente en el tratamiento de superficies, como desengrasante de metales. Se utiliza como disolvente para resinas de nitrocelulosa, lacas atomizables y de secado r\u00e1pido.<\/span><\/span><\/div>\n<\/div>\n<div role=\"heading\" data-attrid=\"wa:\/description\" aria-level=\"3\" data-hveid=\"CFYQAA\">\n<h3><span style=\"font-size: 80%; color: #f99b1c;\"><strong>ESPECIFICACIONES:<\/strong><\/span><\/h3>\n<\/div>\n<div class=\"wDYxhc\" data-md=\"61\">\n<ul>\n<li role=\"heading\" data-attrid=\"wa:\/description\" aria-level=\"3\" data-hveid=\"CFYQAA\"><span style=\"color: #000000;\">CARACTERISTICA ESPECIFICACI\u00d3N M\u00c9TODOACIDEZ MAX 0,005 p\/p ASTM D 1613<\/span><\/li>\n<li role=\"heading\" data-attrid=\"wa:\/description\" aria-level=\"3\" data-hveid=\"CFYQAA\"><span style=\"color: #000000;\">ASPECTO &#8211; ASTM D 4176<\/span><\/li>\n<li role=\"heading\" data-attrid=\"wa:\/description\" aria-level=\"3\" data-hveid=\"CFYQAA\"><span style=\"color: #000000;\">BUTILGLICOL ETER MIN 99 % P\/P GC METODO<\/span><\/li>\n<li role=\"heading\" data-attrid=\"wa:\/description\" aria-level=\"3\" data-hveid=\"CFYQAA\"><span style=\"color: #000000;\">COLOR MAX 10 Pt\/Co NF EN ISO 6271<\/span><\/li>\n<li role=\"heading\" data-attrid=\"wa:\/description\" aria-level=\"3\" data-hveid=\"CFYQAA\"><span style=\"color: #000000;\">AGUA max 0,10 % p\/p ASTM E 203 <\/span><\/li>\n<\/ul>\n<div role=\"heading\" data-attrid=\"wa:\/description\" aria-level=\"3\" data-hveid=\"CFYQAA\"><\/div>\n<\/div>\n<\/div>\n<div id=\"c7U2ZOv-F7jT1sQP25KfsAo__82\">\n<div class=\"g\">\n<div lang=\"es\" data-hveid=\"CEoQAA\" data-ved=\"2ahUKEwirhODRvKT-AhW4qZUCHVvJB6YQFSgAegQIShAA\">\n<div class=\"tF2Cxc\">\n<div>\n<div class=\"dnXCYb\" tabindex=\"0\" role=\"button\" aria-controls=\"_c7U2ZOv-F7jT1sQP25KfsAo_43\" aria-expanded=\"true\" data-hveid=\"CFEQAQ\">\n<div class=\"JlqpRe\"><strong><span class=\"JCzEY ZwRhJd\">\u00bfQu\u00e9 funci\u00f3n hace el butil?<\/span><\/strong><\/div>\n<div class=\"aj35ze\"><\/div>\n<div class=\"L3Ezfd\" data-ved=\"2ahUKEwirhODRvKT-AhW4qZUCHVvJB6YQuk56BAhREAI\"><span style=\"color: #000000;\"><span style=\"font-size: 14.4px;\">Es un <\/span>agente retardante, que imparte brillo y reduce la formaci\u00f3n de c\u00e1scara de naranja<span style=\"font-size: 14.4px;\">. Se utiliza en la formulaci\u00f3n de: Adelgazadores de pintura. Productos de limpieza industrial<\/span><\/span><\/div>\n<\/div>\n<\/div>\n<div id=\"_c7U2ZOv-F7jT1sQP25KfsAo_43\" class=\"bCOlv\" data-ved=\"2ahUKEwirhODRvKT-AhW4qZUCHVvJB6YQ7NUEegQIURAE\">\n<div class=\"IZE3Td\">\n<div class=\"t0bRye r2fjmd\" data-hveid=\"CFEQBQ\" data-ved=\"2ahUKEwirhODRvKT-AhW4qZUCHVvJB6YQu04oAHoECFEQBQ\">\n<div id=\"c7U2ZOv-F7jT1sQP25KfsAo__86\">\n<div class=\"wDYxhc\" data-md=\"61\">\n<div role=\"heading\" data-attrid=\"wa:\/description\" aria-level=\"3\" data-hveid=\"CE8QAA\"><\/div>\n<div role=\"heading\" data-attrid=\"wa:\/description\" aria-level=\"3\" data-hveid=\"CE8QAA\"><strong><span style=\"color: #000000;\">\u00bfC\u00f3mo se utiliza el glicol?<\/span><\/strong><\/div>\n<div role=\"heading\" data-attrid=\"wa:\/description\" aria-level=\"3\" data-hveid=\"CE8QAA\"><span style=\"color: #000000;\">El\u00a0glicol, m\u00e1s concretamente, es un anticongelante para el agua y en donde su uso en instalaciones frigor\u00edficas trata en utilizar el agua glicolada\u00a0como\u00a0un fluido secundario y de esta manera poder conseguir un m\u00ednimo de carga de refrigerantes tanto fluorados\u00a0como\u00a0naturales<\/span><\/div>\n<\/div>\n<div role=\"heading\" data-attrid=\"wa:\/description\" aria-level=\"3\" data-hveid=\"CE8QAA\">\n<p><span style=\"color: #000000;\">El butilglicol es un compuesto org\u00e1nico cuya f\u00f3rmula es CH<sub>2<\/sub>OHCH<sub>2<\/sub>OC<sub>4<\/sub>H<sub>9<\/sub>\u00a0y que se presenta como un l\u00edquido incoloro, de olor caracter\u00edstico.<\/span><\/p>\n<p><span style=\"color: #000000;\">Tambi\u00e9n se denomina \u00e9ter monobut\u00edlico del etilenglicol, EGBE o 2-butoxietanol.<\/span><\/p>\n<p><span style=\"color: #000000;\">Los principales par\u00e1metros f\u00edsicos del butilglicol son los siguientes:<\/span><\/p>\n<ul>\n<li><span style=\"color: #000000;\">Punto de ebullici\u00f3n: 171\u00baC<\/span><\/li>\n<li><span style=\"color: #000000;\">Punto de fusi\u00f3n:\u00a0-75\u00baC<\/span><\/li>\n<li><span style=\"color: #000000;\">Densidad relativa (agua=1):\u00a00,90<\/span><\/li>\n<li><span style=\"color: #000000;\">Dens. relativa de vapor (aire=1): 4,1<\/span><\/li>\n<li><span style=\"color: #000000;\">D. relativa de la mezcla vapor\/aire a 20\u00bac (aire=1): 1,03<\/span><\/li>\n<li><span style=\"color: #000000;\">Temperatura de autoignici\u00f3n: 238\u00baC<\/span><\/li>\n<li><span style=\"color: #000000;\">L\u00edmites de explosividad\u00a0(% en volumen en el aire):\u00a0\u00a01.1 a 93\u00baC \u2013 12,7 a 135\u00baC<\/span><\/li>\n<\/ul>\n<p><strong><span style=\"color: #000000;\">\u00bfPara que se usa el butilglicol?<\/span><\/strong><\/p>\n<ul>\n<li>E<span style=\"color: #000000;\">l Butilglicol sirve como solvente en el tratamiento de superficies, como\u00a0desengrasante\u00a0de metales.<\/span><\/li>\n<li><span style=\"color: #000000;\">Se utiliza como disolvente para resinas de nitrocelulosa, lacas atomizables y de secado r\u00e1pido.<\/span><\/li>\n<li><span style=\"color: #000000;\">Se emplea en la fabricaci\u00f3n de pinturas y barnices, y reduce la viscosidad en barnices de resinas alqu\u00eddicas, actuando como regulador.<\/span><\/li>\n<li><span style=\"color: #000000;\">Act\u00faa como un excelente solvente en una gran variedad de resinas sint\u00e9ticas o de nitrocelulosa.<\/span><\/li>\n<li><span style=\"color: #000000;\">Mejora el flujo de las pinturas al agua.<\/span><\/li>\n<li><span style=\"color: #000000;\">Tambi\u00e9n se emplea en la industria textil para la impresi\u00f3n de colorantes y se aplica para aumentar la resistencia al blanqueamiento.<\/span><\/li>\n<li><span style=\"color: #000000;\">En la industria petrolera, se usa por sus propiedades surfactantes. Espec\u00edficamente se usa para separar fluidos, estabilizador de perforaciones, Se agrega al agua para inyectar al pozo.<\/span><br \/>\n<span style=\"color: #000000;\">Se utiliza para emulsionar el petr\u00f3leo con el agua.<\/span><\/li>\n<li><span style=\"color: #000000;\">Dispersante en derrames de petr\u00f3leo<\/span><\/li>\n<li><span style=\"color: #000000;\">Es un poderoso removedor de sustancias polares y no polares como grasas y aceites<\/span><\/li>\n<\/ul>\n<hr \/>\n<p><span style=\"color: #000080;\"><strong><a style=\"color: #000080;\" href=\"https:\/\/copsa.net.ar\/nosotros\/\" target=\"_blank\" rel=\"noopener\">Conoce m\u00e1s sobre COPSA<\/a><\/strong><\/span><\/p>\n<p><span style=\"color: #000000;\">Somos una empresa familiar dedicada a brindar soluciones a las distintas industrias. Con experiencia en la distribuci\u00f3n de qu\u00edmicos, petroqu\u00edmicos y combustibles brindamos soluciones integrales para que cada cliente pueda desarrollarse y poner en foco su negocio.<\/span><\/p>\n<p><span style=\"color: #000080;\"><strong><a style=\"color: #000080;\" href=\"https:\/\/pldistribucion.com.ar\/web\/categoria-producto\/petroquimicos\/\" target=\"_blank\" rel=\"noopener\">Ver m\u00e1s petroqu\u00edmicos\u00a0<\/a><\/strong><\/span><\/p>\n<\/div>\n<\/div>\n<\/div>\n<\/div>\n<\/div>\n<\/div>\n<\/div>\n<\/div>\n<\/div>\n","protected":false},"excerpt":{"rendered":"<p><img loading=\"lazy\" decoding=\"async\" class=\"alignnone size-medium wp-image-5754\" src=\"https:\/\/pldistribucion.com.ar\/web\/wp-content\/uploads\/rsthdf-300x87.png\" alt=\"\" width=\"300\" height=\"87\" srcset=\"https:\/\/pldistribucion.com.ar\/web\/wp-content\/uploads\/rsthdf-300x87.png 300w, https:\/\/pldistribucion.com.ar\/web\/wp-content\/uploads\/rsthdf.png 446w\" sizes=\"(max-width: 300px) 100vw, 300px\" \/><\/p>\n<p>S<span style=\"color: #000000;\">omos importadores y representantes de diversas compa\u00f1\u00edas qu\u00edmicas mundiales, como as\u00ed tambi\u00e9n distribuidores de petroleras y qu\u00edmicas nacionales.<\/span><\/p>\n","protected":false},"featured_media":0,"comment_status":"open","ping_status":"closed","template":"","meta":[],"product_cat":[31,137],"product_tag":[],"yoast_head":"<!-- This site is optimized with the Yoast SEO plugin v23.0 - https:\/\/yoast.com\/wordpress\/plugins\/seo\/ -->\n<title>BUTILGLICOL - Perfomance Lube - Petroquimicos<\/title>\n<meta name=\"description\" content=\"Distribuidor de lubricantes de diferentes aplicaciones. Env\u00edos a todo el pa\u00eds. Variedad de productos y stock disponible.\" \/>\n<meta name=\"robots\" content=\"index, follow, max-snippet:-1, max-image-preview:large, max-video-preview:-1\" \/>\n<link rel=\"canonical\" href=\"https:\/\/pldistribucion.com.ar\/web\/producto\/butilglicol\/\" \/>\n<meta property=\"og:locale\" content=\"es_ES\" \/>\n<meta property=\"og:type\" content=\"article\" \/>\n<meta property=\"og:title\" content=\"BUTILGLICOL - Perfomance Lube - Petroquimicos\" \/>\n<meta property=\"og:description\" content=\"Distribuidor de lubricantes de diferentes aplicaciones. Env\u00edos a todo el pa\u00eds. Variedad de productos y stock disponible.\" \/>\n<meta property=\"og:url\" content=\"https:\/\/pldistribucion.com.ar\/web\/producto\/butilglicol\/\" \/>\n<meta property=\"og:site_name\" content=\"Perfomance Lube\" \/>\n<meta property=\"article:modified_time\" content=\"2023-06-06T12:52:24+00:00\" \/>\n<meta property=\"og:image\" content=\"https:\/\/pldistribucion.com.ar\/web\/wp-content\/uploads\/DFGHNGFX-e1681308857463.png\" \/>\n\t<meta property=\"og:image:width\" content=\"355\" \/>\n\t<meta property=\"og:image:height\" content=\"409\" \/>\n\t<meta property=\"og:image:type\" content=\"image\/png\" \/>\n<meta name=\"twitter:card\" content=\"summary_large_image\" \/>\n<meta name=\"twitter:label1\" content=\"Tiempo de lectura\" \/>\n\t<meta name=\"twitter:data1\" content=\"3 minutos\" \/>\n<script type=\"application\/ld+json\" class=\"yoast-schema-graph\">{\"@context\":\"https:\/\/schema.org\",\"@graph\":[{\"@type\":\"WebPage\",\"@id\":\"https:\/\/pldistribucion.com.ar\/web\/producto\/butilglicol\/\",\"url\":\"https:\/\/pldistribucion.com.ar\/web\/producto\/butilglicol\/\",\"name\":\"BUTILGLICOL - Perfomance Lube - Petroquimicos\",\"isPartOf\":{\"@id\":\"https:\/\/pldistribucion.com.ar\/web\/#website\"},\"datePublished\":\"2023-04-12T14:17:18+00:00\",\"dateModified\":\"2023-06-06T12:52:24+00:00\",\"description\":\"Distribuidor de lubricantes de diferentes aplicaciones. Env\u00edos a todo el pa\u00eds. Variedad de productos y stock disponible.\",\"breadcrumb\":{\"@id\":\"https:\/\/pldistribucion.com.ar\/web\/producto\/butilglicol\/#breadcrumb\"},\"inLanguage\":\"es\",\"potentialAction\":[{\"@type\":\"ReadAction\",\"target\":[\"https:\/\/pldistribucion.com.ar\/web\/producto\/butilglicol\/\"]}]},{\"@type\":\"BreadcrumbList\",\"@id\":\"https:\/\/pldistribucion.com.ar\/web\/producto\/butilglicol\/#breadcrumb\",\"itemListElement\":[{\"@type\":\"ListItem\",\"position\":1,\"name\":\"Portada\",\"item\":\"https:\/\/pldistribucion.com.ar\/web\/\"},{\"@type\":\"ListItem\",\"position\":2,\"name\":\"Productos\",\"item\":\"https:\/\/pldistribucion.com.ar\/web\/productos\/\"},{\"@type\":\"ListItem\",\"position\":3,\"name\":\"BUTILGLICOL\"}]},{\"@type\":\"WebSite\",\"@id\":\"https:\/\/pldistribucion.com.ar\/web\/#website\",\"url\":\"https:\/\/pldistribucion.com.ar\/web\/\",\"name\":\"Perfomance Lube\",\"description\":\"\",\"publisher\":{\"@id\":\"https:\/\/pldistribucion.com.ar\/web\/#organization\"},\"potentialAction\":[{\"@type\":\"SearchAction\",\"target\":{\"@type\":\"EntryPoint\",\"urlTemplate\":\"https:\/\/pldistribucion.com.ar\/web\/?s={search_term_string}\"},\"query-input\":\"required name=search_term_string\"}],\"inLanguage\":\"es\"},{\"@type\":\"Organization\",\"@id\":\"https:\/\/pldistribucion.com.ar\/web\/#organization\",\"name\":\"PERFORMANCE LUBE\",\"url\":\"https:\/\/pldistribucion.com.ar\/web\/\",\"logo\":{\"@type\":\"ImageObject\",\"inLanguage\":\"es\",\"@id\":\"https:\/\/pldistribucion.com.ar\/web\/#\/schema\/logo\/image\/\",\"url\":\"https:\/\/pldistribucion.com.ar\/web\/wp-content\/uploads\/pld_logo_GB-removebg-preview.png\",\"contentUrl\":\"https:\/\/pldistribucion.com.ar\/web\/wp-content\/uploads\/pld_logo_GB-removebg-preview.png\",\"width\":787,\"height\":317,\"caption\":\"PERFORMANCE LUBE\"},\"image\":{\"@id\":\"https:\/\/pldistribucion.com.ar\/web\/#\/schema\/logo\/image\/\"}}]}<\/script>\n<!-- \/ Yoast SEO plugin. -->","yoast_head_json":{"title":"BUTILGLICOL - Perfomance Lube - Petroquimicos","description":"Distribuidor de lubricantes de diferentes aplicaciones. Env\u00edos a todo el pa\u00eds. Variedad de productos y stock disponible.","robots":{"index":"index","follow":"follow","max-snippet":"max-snippet:-1","max-image-preview":"max-image-preview:large","max-video-preview":"max-video-preview:-1"},"canonical":"https:\/\/pldistribucion.com.ar\/web\/producto\/butilglicol\/","og_locale":"es_ES","og_type":"article","og_title":"BUTILGLICOL - Perfomance Lube - Petroquimicos","og_description":"Distribuidor de lubricantes de diferentes aplicaciones. Env\u00edos a todo el pa\u00eds. Variedad de productos y stock disponible.","og_url":"https:\/\/pldistribucion.com.ar\/web\/producto\/butilglicol\/","og_site_name":"Perfomance Lube","article_modified_time":"2023-06-06T12:52:24+00:00","og_image":[{"width":355,"height":409,"url":"https:\/\/pldistribucion.com.ar\/web\/wp-content\/uploads\/DFGHNGFX-e1681308857463.png","type":"image\/png"}],"twitter_card":"summary_large_image","twitter_misc":{"Tiempo de lectura":"3 minutos"},"schema":{"@context":"https:\/\/schema.org","@graph":[{"@type":"WebPage","@id":"https:\/\/pldistribucion.com.ar\/web\/producto\/butilglicol\/","url":"https:\/\/pldistribucion.com.ar\/web\/producto\/butilglicol\/","name":"BUTILGLICOL - Perfomance Lube - Petroquimicos","isPartOf":{"@id":"https:\/\/pldistribucion.com.ar\/web\/#website"},"datePublished":"2023-04-12T14:17:18+00:00","dateModified":"2023-06-06T12:52:24+00:00","description":"Distribuidor de lubricantes de diferentes aplicaciones. Env\u00edos a todo el pa\u00eds. Variedad de productos y stock disponible.","breadcrumb":{"@id":"https:\/\/pldistribucion.com.ar\/web\/producto\/butilglicol\/#breadcrumb"},"inLanguage":"es","potentialAction":[{"@type":"ReadAction","target":["https:\/\/pldistribucion.com.ar\/web\/producto\/butilglicol\/"]}]},{"@type":"BreadcrumbList","@id":"https:\/\/pldistribucion.com.ar\/web\/producto\/butilglicol\/#breadcrumb","itemListElement":[{"@type":"ListItem","position":1,"name":"Portada","item":"https:\/\/pldistribucion.com.ar\/web\/"},{"@type":"ListItem","position":2,"name":"Productos","item":"https:\/\/pldistribucion.com.ar\/web\/productos\/"},{"@type":"ListItem","position":3,"name":"BUTILGLICOL"}]},{"@type":"WebSite","@id":"https:\/\/pldistribucion.com.ar\/web\/#website","url":"https:\/\/pldistribucion.com.ar\/web\/","name":"Perfomance Lube","description":"","publisher":{"@id":"https:\/\/pldistribucion.com.ar\/web\/#organization"},"potentialAction":[{"@type":"SearchAction","target":{"@type":"EntryPoint","urlTemplate":"https:\/\/pldistribucion.com.ar\/web\/?s={search_term_string}"},"query-input":"required name=search_term_string"}],"inLanguage":"es"},{"@type":"Organization","@id":"https:\/\/pldistribucion.com.ar\/web\/#organization","name":"PERFORMANCE LUBE","url":"https:\/\/pldistribucion.com.ar\/web\/","logo":{"@type":"ImageObject","inLanguage":"es","@id":"https:\/\/pldistribucion.com.ar\/web\/#\/schema\/logo\/image\/","url":"https:\/\/pldistribucion.com.ar\/web\/wp-content\/uploads\/pld_logo_GB-removebg-preview.png","contentUrl":"https:\/\/pldistribucion.com.ar\/web\/wp-content\/uploads\/pld_logo_GB-removebg-preview.png","width":787,"height":317,"caption":"PERFORMANCE LUBE"},"image":{"@id":"https:\/\/pldistribucion.com.ar\/web\/#\/schema\/logo\/image\/"}}]}},"_links":{"self":[{"href":"https:\/\/pldistribucion.com.ar\/web\/wp-json\/wp\/v2\/product\/5828"}],"collection":[{"href":"https:\/\/pldistribucion.com.ar\/web\/wp-json\/wp\/v2\/product"}],"about":[{"href":"https:\/\/pldistribucion.com.ar\/web\/wp-json\/wp\/v2\/types\/product"}],"replies":[{"embeddable":true,"href":"https:\/\/pldistribucion.com.ar\/web\/wp-json\/wp\/v2\/comments?post=5828"}],"wp:attachment":[{"href":"https:\/\/pldistribucion.com.ar\/web\/wp-json\/wp\/v2\/media?parent=5828"}],"wp:term":[{"taxonomy":"product_cat","embeddable":true,"href":"https:\/\/pldistribucion.com.ar\/web\/wp-json\/wp\/v2\/product_cat?post=5828"},{"taxonomy":"product_tag","embeddable":true,"href":"https:\/\/pldistribucion.com.ar\/web\/wp-json\/wp\/v2\/product_tag?post=5828"}],"curies":[{"name":"wp","href":"https:\/\/api.w.org\/{rel}","templated":true}]}}