{"id":5784,"date":"2023-04-11T12:43:56","date_gmt":"2023-04-11T12:43:56","guid":{"rendered":"https:\/\/pldistribucion.com.ar\/web\/?post_type=product&#038;p=5784"},"modified":"2023-04-11T12:43:56","modified_gmt":"2023-04-11T12:43:56","slug":"acido-caprilico-caprico","status":"publish","type":"product","link":"https:\/\/pldistribucion.com.ar\/web\/producto\/acido-caprilico-caprico\/","title":{"rendered":"\u00c1CIDO CAPR\u00cdLICO &#8211; CAPRICO"},"content":{"rendered":"<h1><span style=\"font-size: 80%;\"><strong>\u00c1CIDO CAPR\u00cdLICO &#8211; CAPRICO\u00a0 ( Ultracide 810 )<\/strong><\/span><\/h1>\n<p><strong>Los \u00e1cidos grasos capr\u00edlico y c\u00e1prico (o tambi\u00e9n denominado decanoico)<\/strong>\u00a0<span style=\"color: #000000;\">son dos \u00e1cidos grasos saturados de cadena corta que est\u00e1n presentes en aceites vegetales como por ejemplo el aceite de coco o el aceite de palmiste.<\/span><\/p>\n<p><span style=\"color: #000000;\">En la naturaleza podemos encontrarlos acompa\u00f1ados de otros \u00e1cidos grasos saturados como en el caso del \u00e1cido l\u00e1urico, el \u00e1cido mir\u00edstico, el \u00e1cido palm\u00edtico y el\u00a0\u00e1cido este\u00e1rico\u00a0y en<\/span>\u00a0<strong>menor proporci\u00f3n de\u00a0\u00e1cidos grasos insaturados.<\/strong><span style=\"color: #000000;\">\u00a0Responden a la formula<\/span>\u00a0<strong>C8H16O2<\/strong>\u00a0<span style=\"color: #000000;\">(a. capr\u00edlico) y<\/span>\u00a0<strong>C10H20O2<\/strong>\u00a0<span style=\"color: #000000;\">(a. c\u00e1prico) que corresponden a los \u00e1cidos mono carbox\u00edlicos saturados de cadena lineal con 8 y 10 \u00e1tomos de carbono respectivamente.<\/span><\/p>\n<p><span style=\"color: #000000;\">Se comercializa como mezcla de ambos \u00e1cidos grasos. Estos \u00e1cidos son una herramienta de gran calibre para poder elaborar todo tipo de productos industriales. Gracias a las propiedades que poseen<\/span>\u00a0<strong>los \u00e1cidos capr\u00edlico y c\u00e1prico<\/strong><span style=\"color: #000000;\">\u00a0los distintos mercados pueden confeccionar art\u00edculos y medios de distinto tipo y uso.<\/span><\/p>\n<ul>\n<li><span style=\"color: #000000;\">Numero CAS: 68937-75-7<\/span><\/li>\n<li><span style=\"color: #000000;\">Numero EC: 273-086-2<\/span><\/li>\n<li><span style=\"color: #000000;\">F\u00f3rmula del \u00e1cido c\u00e1prico: C<sub>10<\/sub>H<sub>20<\/sub>O<sub>2<\/sub><\/span><\/li>\n<li><span style=\"color: #000000;\">F\u00f3rmula del \u00e1cido capr\u00edlico: C<sub>8<\/sub>H<sub>16<\/sub>O<sub>2<\/sub><\/span><\/li>\n<\/ul>\n<h3>Origen del \u00e1cido capr\u00edlico<\/h3>\n<p><strong>Los \u00e1cidos c\u00e1prico \u2013 capr\u00edlico<\/strong>\u00a0<span style=\"color: #000000;\">se obtienen principalmente de la hidr\u00f3lisis del<\/span>\u00a0<strong>aceite de coco\u00a0o palmiste<\/strong>\u00a0<span style=\"color: #000000;\">y de la posterior destilaci\u00f3n fraccionada. Mediante este proceso, es como logramos la obtenci\u00f3n de los \u00e1cidos. Dependiendo del uso y de la cantidad requerida ofrecemos distintas f\u00f3rmulas de entrega (bidones, contenedores o cisternas de distintas dimensiones) para<\/span>\u00a0<strong>la mayor satisfacci\u00f3n<\/strong>\u00a0<span style=\"color: #000000;\">de nuestros clientes.<\/span><\/p>\n<h3>Propiedades del \u00e1cido c\u00e1prico<\/h3>\n<p><span style=\"color: #000000;\">La mezcla de \u00e1cidos c\u00e1prico \u2013 capr\u00edlico es un producto l\u00edquido a temperatura ambiente, ligeramente amarillento. Se trata de un producto irritante y corrosivo. Su punto de congelaci\u00f3n oscila entre<\/span><strong><span style=\"color: #000000;\">\u00a0<\/span>5 \u2013 7\u00baC.<\/strong><\/p>\n<hr \/>\n<p><span style=\"color: #000080;\"><strong><a style=\"color: #000080;\" href=\"https:\/\/copsa.net.ar\/nosotros\/\" target=\"_blank\" rel=\"noopener\">Conoce m\u00e1s sobre COPSA<\/a><\/strong><\/span><\/p>\n<p><span style=\"color: #000000;\">Somos una empresa familiar dedicada a brindar soluciones a las distintas industrias. Con experiencia en la distribuci\u00f3n de qu\u00edmicos, petroqu\u00edmicos y combustibles brindamos soluciones integrales para que cada cliente pueda desarrollarse y poner en foco su negocio.<\/span><\/p>\n<p><span style=\"color: #000080;\"><strong><a style=\"color: #000080;\" href=\"https:\/\/pldistribucion.com.ar\/web\/categoria-producto\/petroquimicos\/\" target=\"_blank\" rel=\"noopener\">Ver m\u00e1s petroqu\u00edmicos\u00a0<\/a><\/strong><\/span><\/p>\n","protected":false},"excerpt":{"rendered":"<p><img loading=\"lazy\" decoding=\"async\" class=\"alignnone size-medium wp-image-5754\" src=\"https:\/\/pldistribucion.com.ar\/web\/wp-content\/uploads\/rsthdf-300x87.png\" alt=\"\" width=\"300\" height=\"87\" srcset=\"https:\/\/pldistribucion.com.ar\/web\/wp-content\/uploads\/rsthdf-300x87.png 300w, https:\/\/pldistribucion.com.ar\/web\/wp-content\/uploads\/rsthdf.png 446w\" sizes=\"(max-width: 300px) 100vw, 300px\" \/><\/p>\n<p>S<span style=\"color: #000000;\">omos importadores y representantes de diversas compa\u00f1\u00edas qu\u00edmicas mundiales, como as\u00ed tambi\u00e9n distribuidores de petroleras y qu\u00edmicas nacionales.<\/span><\/p>\n","protected":false},"featured_media":5787,"comment_status":"open","ping_status":"closed","template":"","meta":[],"product_cat":[31,137],"product_tag":[],"yoast_head":"<!-- This site is optimized with the Yoast SEO plugin v23.0 - https:\/\/yoast.com\/wordpress\/plugins\/seo\/ -->\n<title>\u00c1CIDO CAPR\u00cdLICO - CAPRICO - Perfomance Lube - Petroqu\u00edmicos<\/title>\n<meta name=\"description\" content=\"Distribuidor de lubricantes de diferentes aplicaciones. Env\u00edos a todo el pa\u00eds. Variedad de productos y stock disponible.\" \/>\n<meta name=\"robots\" content=\"index, follow, max-snippet:-1, max-image-preview:large, max-video-preview:-1\" \/>\n<link rel=\"canonical\" href=\"https:\/\/pldistribucion.com.ar\/web\/producto\/acido-caprilico-caprico\/\" \/>\n<meta property=\"og:locale\" content=\"es_ES\" \/>\n<meta property=\"og:type\" content=\"article\" \/>\n<meta property=\"og:title\" content=\"\u00c1CIDO CAPR\u00cdLICO - CAPRICO - Perfomance Lube - Petroqu\u00edmicos\" \/>\n<meta property=\"og:description\" content=\"Distribuidor de lubricantes de diferentes aplicaciones. Env\u00edos a todo el pa\u00eds. Variedad de productos y stock disponible.\" \/>\n<meta property=\"og:url\" content=\"https:\/\/pldistribucion.com.ar\/web\/producto\/acido-caprilico-caprico\/\" \/>\n<meta property=\"og:site_name\" content=\"Perfomance Lube\" \/>\n<meta property=\"og:image\" content=\"https:\/\/pldistribucion.com.ar\/web\/wp-content\/uploads\/uhl.png\" \/>\n\t<meta property=\"og:image:width\" content=\"572\" \/>\n\t<meta property=\"og:image:height\" content=\"431\" \/>\n\t<meta property=\"og:image:type\" content=\"image\/png\" \/>\n<meta name=\"twitter:card\" content=\"summary_large_image\" \/>\n<meta name=\"twitter:label1\" content=\"Tiempo de lectura\" \/>\n\t<meta name=\"twitter:data1\" content=\"2 minutos\" \/>\n<script type=\"application\/ld+json\" class=\"yoast-schema-graph\">{\"@context\":\"https:\/\/schema.org\",\"@graph\":[{\"@type\":\"WebPage\",\"@id\":\"https:\/\/pldistribucion.com.ar\/web\/producto\/acido-caprilico-caprico\/\",\"url\":\"https:\/\/pldistribucion.com.ar\/web\/producto\/acido-caprilico-caprico\/\",\"name\":\"\u00c1CIDO CAPR\u00cdLICO - CAPRICO - Perfomance Lube - Petroqu\u00edmicos\",\"isPartOf\":{\"@id\":\"https:\/\/pldistribucion.com.ar\/web\/#website\"},\"primaryImageOfPage\":{\"@id\":\"https:\/\/pldistribucion.com.ar\/web\/producto\/acido-caprilico-caprico\/#primaryimage\"},\"image\":{\"@id\":\"https:\/\/pldistribucion.com.ar\/web\/producto\/acido-caprilico-caprico\/#primaryimage\"},\"thumbnailUrl\":\"https:\/\/pldistribucion.com.ar\/web\/wp-content\/uploads\/uhl.png\",\"datePublished\":\"2023-04-11T12:43:56+00:00\",\"dateModified\":\"2023-04-11T12:43:56+00:00\",\"description\":\"Distribuidor de lubricantes de diferentes aplicaciones. Env\u00edos a todo el pa\u00eds. Variedad de productos y stock disponible.\",\"breadcrumb\":{\"@id\":\"https:\/\/pldistribucion.com.ar\/web\/producto\/acido-caprilico-caprico\/#breadcrumb\"},\"inLanguage\":\"es\",\"potentialAction\":[{\"@type\":\"ReadAction\",\"target\":[\"https:\/\/pldistribucion.com.ar\/web\/producto\/acido-caprilico-caprico\/\"]}]},{\"@type\":\"ImageObject\",\"inLanguage\":\"es\",\"@id\":\"https:\/\/pldistribucion.com.ar\/web\/producto\/acido-caprilico-caprico\/#primaryimage\",\"url\":\"https:\/\/pldistribucion.com.ar\/web\/wp-content\/uploads\/uhl.png\",\"contentUrl\":\"https:\/\/pldistribucion.com.ar\/web\/wp-content\/uploads\/uhl.png\",\"width\":572,\"height\":431},{\"@type\":\"BreadcrumbList\",\"@id\":\"https:\/\/pldistribucion.com.ar\/web\/producto\/acido-caprilico-caprico\/#breadcrumb\",\"itemListElement\":[{\"@type\":\"ListItem\",\"position\":1,\"name\":\"Portada\",\"item\":\"https:\/\/pldistribucion.com.ar\/web\/\"},{\"@type\":\"ListItem\",\"position\":2,\"name\":\"Productos\",\"item\":\"https:\/\/pldistribucion.com.ar\/web\/productos\/\"},{\"@type\":\"ListItem\",\"position\":3,\"name\":\"\u00c1CIDO CAPR\u00cdLICO &#8211; CAPRICO\"}]},{\"@type\":\"WebSite\",\"@id\":\"https:\/\/pldistribucion.com.ar\/web\/#website\",\"url\":\"https:\/\/pldistribucion.com.ar\/web\/\",\"name\":\"Perfomance Lube\",\"description\":\"\",\"publisher\":{\"@id\":\"https:\/\/pldistribucion.com.ar\/web\/#organization\"},\"potentialAction\":[{\"@type\":\"SearchAction\",\"target\":{\"@type\":\"EntryPoint\",\"urlTemplate\":\"https:\/\/pldistribucion.com.ar\/web\/?s={search_term_string}\"},\"query-input\":\"required name=search_term_string\"}],\"inLanguage\":\"es\"},{\"@type\":\"Organization\",\"@id\":\"https:\/\/pldistribucion.com.ar\/web\/#organization\",\"name\":\"PERFORMANCE LUBE\",\"url\":\"https:\/\/pldistribucion.com.ar\/web\/\",\"logo\":{\"@type\":\"ImageObject\",\"inLanguage\":\"es\",\"@id\":\"https:\/\/pldistribucion.com.ar\/web\/#\/schema\/logo\/image\/\",\"url\":\"https:\/\/pldistribucion.com.ar\/web\/wp-content\/uploads\/pld_logo_GB-removebg-preview.png\",\"contentUrl\":\"https:\/\/pldistribucion.com.ar\/web\/wp-content\/uploads\/pld_logo_GB-removebg-preview.png\",\"width\":787,\"height\":317,\"caption\":\"PERFORMANCE LUBE\"},\"image\":{\"@id\":\"https:\/\/pldistribucion.com.ar\/web\/#\/schema\/logo\/image\/\"}}]}<\/script>\n<!-- \/ Yoast SEO plugin. -->","yoast_head_json":{"title":"\u00c1CIDO CAPR\u00cdLICO - CAPRICO - Perfomance Lube - Petroqu\u00edmicos","description":"Distribuidor de lubricantes de diferentes aplicaciones. Env\u00edos a todo el pa\u00eds. Variedad de productos y stock disponible.","robots":{"index":"index","follow":"follow","max-snippet":"max-snippet:-1","max-image-preview":"max-image-preview:large","max-video-preview":"max-video-preview:-1"},"canonical":"https:\/\/pldistribucion.com.ar\/web\/producto\/acido-caprilico-caprico\/","og_locale":"es_ES","og_type":"article","og_title":"\u00c1CIDO CAPR\u00cdLICO - CAPRICO - Perfomance Lube - Petroqu\u00edmicos","og_description":"Distribuidor de lubricantes de diferentes aplicaciones. Env\u00edos a todo el pa\u00eds. Variedad de productos y stock disponible.","og_url":"https:\/\/pldistribucion.com.ar\/web\/producto\/acido-caprilico-caprico\/","og_site_name":"Perfomance Lube","og_image":[{"width":572,"height":431,"url":"https:\/\/pldistribucion.com.ar\/web\/wp-content\/uploads\/uhl.png","type":"image\/png"}],"twitter_card":"summary_large_image","twitter_misc":{"Tiempo de lectura":"2 minutos"},"schema":{"@context":"https:\/\/schema.org","@graph":[{"@type":"WebPage","@id":"https:\/\/pldistribucion.com.ar\/web\/producto\/acido-caprilico-caprico\/","url":"https:\/\/pldistribucion.com.ar\/web\/producto\/acido-caprilico-caprico\/","name":"\u00c1CIDO CAPR\u00cdLICO - CAPRICO - Perfomance Lube - Petroqu\u00edmicos","isPartOf":{"@id":"https:\/\/pldistribucion.com.ar\/web\/#website"},"primaryImageOfPage":{"@id":"https:\/\/pldistribucion.com.ar\/web\/producto\/acido-caprilico-caprico\/#primaryimage"},"image":{"@id":"https:\/\/pldistribucion.com.ar\/web\/producto\/acido-caprilico-caprico\/#primaryimage"},"thumbnailUrl":"https:\/\/pldistribucion.com.ar\/web\/wp-content\/uploads\/uhl.png","datePublished":"2023-04-11T12:43:56+00:00","dateModified":"2023-04-11T12:43:56+00:00","description":"Distribuidor de lubricantes de diferentes aplicaciones. Env\u00edos a todo el pa\u00eds. Variedad de productos y stock disponible.","breadcrumb":{"@id":"https:\/\/pldistribucion.com.ar\/web\/producto\/acido-caprilico-caprico\/#breadcrumb"},"inLanguage":"es","potentialAction":[{"@type":"ReadAction","target":["https:\/\/pldistribucion.com.ar\/web\/producto\/acido-caprilico-caprico\/"]}]},{"@type":"ImageObject","inLanguage":"es","@id":"https:\/\/pldistribucion.com.ar\/web\/producto\/acido-caprilico-caprico\/#primaryimage","url":"https:\/\/pldistribucion.com.ar\/web\/wp-content\/uploads\/uhl.png","contentUrl":"https:\/\/pldistribucion.com.ar\/web\/wp-content\/uploads\/uhl.png","width":572,"height":431},{"@type":"BreadcrumbList","@id":"https:\/\/pldistribucion.com.ar\/web\/producto\/acido-caprilico-caprico\/#breadcrumb","itemListElement":[{"@type":"ListItem","position":1,"name":"Portada","item":"https:\/\/pldistribucion.com.ar\/web\/"},{"@type":"ListItem","position":2,"name":"Productos","item":"https:\/\/pldistribucion.com.ar\/web\/productos\/"},{"@type":"ListItem","position":3,"name":"\u00c1CIDO CAPR\u00cdLICO &#8211; CAPRICO"}]},{"@type":"WebSite","@id":"https:\/\/pldistribucion.com.ar\/web\/#website","url":"https:\/\/pldistribucion.com.ar\/web\/","name":"Perfomance Lube","description":"","publisher":{"@id":"https:\/\/pldistribucion.com.ar\/web\/#organization"},"potentialAction":[{"@type":"SearchAction","target":{"@type":"EntryPoint","urlTemplate":"https:\/\/pldistribucion.com.ar\/web\/?s={search_term_string}"},"query-input":"required name=search_term_string"}],"inLanguage":"es"},{"@type":"Organization","@id":"https:\/\/pldistribucion.com.ar\/web\/#organization","name":"PERFORMANCE LUBE","url":"https:\/\/pldistribucion.com.ar\/web\/","logo":{"@type":"ImageObject","inLanguage":"es","@id":"https:\/\/pldistribucion.com.ar\/web\/#\/schema\/logo\/image\/","url":"https:\/\/pldistribucion.com.ar\/web\/wp-content\/uploads\/pld_logo_GB-removebg-preview.png","contentUrl":"https:\/\/pldistribucion.com.ar\/web\/wp-content\/uploads\/pld_logo_GB-removebg-preview.png","width":787,"height":317,"caption":"PERFORMANCE LUBE"},"image":{"@id":"https:\/\/pldistribucion.com.ar\/web\/#\/schema\/logo\/image\/"}}]}},"_links":{"self":[{"href":"https:\/\/pldistribucion.com.ar\/web\/wp-json\/wp\/v2\/product\/5784"}],"collection":[{"href":"https:\/\/pldistribucion.com.ar\/web\/wp-json\/wp\/v2\/product"}],"about":[{"href":"https:\/\/pldistribucion.com.ar\/web\/wp-json\/wp\/v2\/types\/product"}],"replies":[{"embeddable":true,"href":"https:\/\/pldistribucion.com.ar\/web\/wp-json\/wp\/v2\/comments?post=5784"}],"wp:featuredmedia":[{"embeddable":true,"href":"https:\/\/pldistribucion.com.ar\/web\/wp-json\/wp\/v2\/media\/5787"}],"wp:attachment":[{"href":"https:\/\/pldistribucion.com.ar\/web\/wp-json\/wp\/v2\/media?parent=5784"}],"wp:term":[{"taxonomy":"product_cat","embeddable":true,"href":"https:\/\/pldistribucion.com.ar\/web\/wp-json\/wp\/v2\/product_cat?post=5784"},{"taxonomy":"product_tag","embeddable":true,"href":"https:\/\/pldistribucion.com.ar\/web\/wp-json\/wp\/v2\/product_tag?post=5784"}],"curies":[{"name":"wp","href":"https:\/\/api.w.org\/{rel}","templated":true}]}}