{"id":5758,"date":"2023-04-10T15:18:32","date_gmt":"2023-04-10T15:18:32","guid":{"rendered":"https:\/\/pldistribucion.com.ar\/web\/?post_type=product&#038;p=5758"},"modified":"2023-04-11T11:24:02","modified_gmt":"2023-04-11T11:24:02","slug":"acetato-de-etilglicol","status":"publish","type":"product","link":"https:\/\/pldistribucion.com.ar\/web\/producto\/acetato-de-etilglicol\/","title":{"rendered":"ACETATO DE ETILGLICOL"},"content":{"rendered":"<h1><span style=\"font-size: 80%;\"><strong>ACETATO DE ETILGLICOL<\/strong><\/span><\/h1>\n<p><span style=\"color: #000000;\">El acetato de etilglicol es un l\u00edquido incoloro.<\/span><\/p>\n<p><span style=\"color: #000000;\">En primer lugar tiene un peso espec\u00edfico de 0,978, contando con un punto de ebullici\u00f3n de 156,2 \u00bac y punto de inflamaci\u00f3n aproximado de 60\u00bac, adem\u00e1s es miscible con muchos de los disolventes utilizados en la industria de pinturas y barnices, tales como \u00e9steres, cetonas, glicoles e hidrocarburos arom\u00e1ticos<\/span>.<\/p>\n<div class=\"col-md-6 visible-lg visible-md\">\n<div class=\"item pull2\">\n<h3><strong>SIN\u00d3NIMOS<\/strong><\/h3>\n<div class=\"objeto etiqueta\">\n<ul>\n<li class=\"objeto objeto-literal etiqueta-literal\" lang=\"ca\"><span class=\"valor\" style=\"color: #000000;\">Acetato de 2-etoxietanol<\/span><\/li>\n<li class=\"objeto objeto-literal etiqueta-literal\" lang=\"ca\"><span style=\"color: #000000;\">Acetato de etilglicol<\/span><\/li>\n<li class=\"objeto objeto-literal etiqueta-literal\" lang=\"ca\"><span style=\"color: #000000;\">Ethylglycol acetate<\/span><\/li>\n<li class=\"objeto objeto-literal etiqueta-literal\" lang=\"ca\"><span style=\"color: #000000;\">Acetato de 2-Etoxietilo<\/span><\/li>\n<li class=\"objeto objeto-literal etiqueta-literal\" lang=\"ca\"><span style=\"color: #000000;\">Acetato del \u00e9ter monoet\u00edlico de etilenglicol<\/span><\/li>\n<li class=\"objeto objeto-literal etiqueta-literal\" lang=\"ca\"><span style=\"color: #000000;\">Acetato del 2-etoxietanol<\/span><\/li>\n<li class=\"objeto objeto-literal etiqueta-literal\" lang=\"ca\"><span style=\"color: #000000;\">\u00c9ster 2-etoxiet\u00edlico del \u00e1cido ac\u00e9tico<\/span><\/li>\n<li class=\"objeto objeto-literal etiqueta-literal\" lang=\"ca\"><span style=\"color: #000000;\">Acetato de cellosolve<\/span><\/li>\n<li class=\"objeto objeto-literal etiqueta-literal\" lang=\"ca\"><span style=\"color: #000000;\">Acetato de etilglicol<\/span><\/li>\n<\/ul>\n<\/div>\n<\/div>\n<\/div>\n<h3 lang=\"en\">PROPIEDADES FISICOQU\u00cdMICAS<\/h3>\n<p><strong>Masa molecular:<\/strong> <span style=\"color: #000000;\">132.2<\/span><br \/>\n<strong>Punto de ebullici\u00f3n:<\/strong> <span style=\"color: #000000;\">156\u00b0C<\/span><br \/>\n<strong>Punto de fusi\u00f3n<\/strong>: <span style=\"color: #000000;\">-62\u00b0C<\/span><br \/>\n<strong>Densidad relativa (agua = 1):<\/strong><span style=\"color: #000000;\"> 0.97 (20\u00b0C)<\/span><br \/>\n<strong>Solubilidad en agua, g\/100ml a 20\u00b0C:<\/strong> <span style=\"color: #000000;\">23<\/span><br \/>\n<strong>Presi\u00f3n de vapor, kPa a 20\u00b0C<\/strong><span style=\"color: #000000;\">: 0.27<\/span><br \/>\n<strong>Densidad relativa de vapor (aire = 1)<\/strong>:<span style=\"color: #000000;\"> 4.7<\/span><br \/>\n<strong>Densidad relativa de la mezcla vapor\/aire a 20\u00b0C (aire = 1)<\/strong>:<span style=\"color: #000000;\"> 1.01<\/span><br \/>\n<strong>Punto de inflamaci\u00f3n:<\/strong> <span style=\"color: #000000;\">51.1\u00b0C c.c.<\/span><br \/>\n<strong>Temperatura de autoignici\u00f3n:<\/strong> <span style=\"color: #000000;\">379\u00b0C<\/span><br \/>\n<strong>L\u00edmites de explosividad, % en volumen en el aire:<\/strong> <span style=\"color: #000000;\">1.3-14<\/span><br \/>\n<strong>Coeficiente de reparto octanol\/agua como log Pow:<\/strong><span style=\"color: #000000;\"> 0.24<\/span><\/p>\n<h3 class=\"title_ap_pre\"><strong>APLICACIONES<\/strong><\/h3>\n<div>\n<p><span style=\"color: #000000;\"><span style=\"font-family: Martel Sans;\">S<\/span>e emplea como disolvente industrial, de barnices, lacas, pinturas, recubrimientos, resinas, tintas entre otros.<\/span><\/p>\n<hr \/>\n<p><span style=\"color: #000080;\"><strong><a style=\"color: #000080;\" href=\"https:\/\/copsa.net.ar\/nosotros\/\" target=\"_blank\" rel=\"noopener\">Conoce m\u00e1s sobre COPSA<\/a><\/strong><\/span><\/p>\n<p><span style=\"color: #000000;\">Somos una empresa familiar dedicada a brindar soluciones a las distintas industrias. Con experiencia en la distribuci\u00f3n de qu\u00edmicos, petroqu\u00edmicos y combustibles brindamos soluciones integrales para que cada cliente pueda desarrollarse y poner en foco su negocio.<\/span><\/p>\n<p><span style=\"color: #000080;\"><strong><a style=\"color: #000080;\" href=\"https:\/\/pldistribucion.com.ar\/web\/categoria-producto\/petroquimicos\/\" target=\"_blank\" rel=\"noopener\">Ver m\u00e1s petroqu\u00edmicos\u00a0<\/a><\/strong><\/span><\/p>\n<\/div>\n","protected":false},"excerpt":{"rendered":"<p><img loading=\"lazy\" decoding=\"async\" class=\"alignnone size-medium wp-image-5754\" src=\"https:\/\/pldistribucion.com.ar\/web\/wp-content\/uploads\/rsthdf-300x87.png\" alt=\"\" width=\"300\" height=\"87\" srcset=\"https:\/\/pldistribucion.com.ar\/web\/wp-content\/uploads\/rsthdf-300x87.png 300w, https:\/\/pldistribucion.com.ar\/web\/wp-content\/uploads\/rsthdf.png 446w\" sizes=\"(max-width: 300px) 100vw, 300px\" \/><\/p>\n<p>S<span style=\"color: #000000;\">omos importadores y representantes de diversas compa\u00f1\u00edas qu\u00edmicas mundiales, como as\u00ed tambi\u00e9n distribuidores de petroleras y qu\u00edmicas nacionales.<\/span><\/p>\n","protected":false},"featured_media":5760,"comment_status":"open","ping_status":"closed","template":"","meta":[],"product_cat":[31,137],"product_tag":[],"yoast_head":"<!-- This site is optimized with the Yoast SEO plugin v23.0 - https:\/\/yoast.com\/wordpress\/plugins\/seo\/ -->\n<title>ACETATO DE ETILGLICOL - Perfomance Lube - Petroqu\u00edmicos<\/title>\n<meta name=\"description\" content=\"Distribuidor de lubricantes de diferentes aplicaciones. Env\u00edos a todo el pa\u00eds. Variedad de productos y stock disponible.ACETATO DE ETILGLICOL\" \/>\n<meta name=\"robots\" content=\"index, follow, max-snippet:-1, max-image-preview:large, max-video-preview:-1\" \/>\n<link rel=\"canonical\" href=\"https:\/\/pldistribucion.com.ar\/web\/producto\/acetato-de-etilglicol\/\" \/>\n<meta property=\"og:locale\" content=\"es_ES\" \/>\n<meta property=\"og:type\" content=\"article\" \/>\n<meta property=\"og:title\" content=\"ACETATO DE ETILGLICOL - Perfomance Lube - Petroqu\u00edmicos\" \/>\n<meta property=\"og:description\" content=\"Distribuidor de lubricantes de diferentes aplicaciones. Env\u00edos a todo el pa\u00eds. Variedad de productos y stock disponible.ACETATO DE ETILGLICOL\" \/>\n<meta property=\"og:url\" content=\"https:\/\/pldistribucion.com.ar\/web\/producto\/acetato-de-etilglicol\/\" \/>\n<meta property=\"og:site_name\" content=\"Perfomance Lube\" \/>\n<meta property=\"article:modified_time\" content=\"2023-04-11T11:24:02+00:00\" \/>\n<meta property=\"og:image\" content=\"https:\/\/pldistribucion.com.ar\/web\/wp-content\/uploads\/Acetato-de-Etilglicol.jpg\" \/>\n\t<meta property=\"og:image:width\" content=\"200\" \/>\n\t<meta property=\"og:image:height\" content=\"200\" \/>\n\t<meta property=\"og:image:type\" content=\"image\/jpeg\" \/>\n<meta name=\"twitter:card\" content=\"summary_large_image\" \/>\n<meta name=\"twitter:label1\" content=\"Tiempo de lectura\" \/>\n\t<meta name=\"twitter:data1\" content=\"2 minutos\" \/>\n<script type=\"application\/ld+json\" class=\"yoast-schema-graph\">{\"@context\":\"https:\/\/schema.org\",\"@graph\":[{\"@type\":\"WebPage\",\"@id\":\"https:\/\/pldistribucion.com.ar\/web\/producto\/acetato-de-etilglicol\/\",\"url\":\"https:\/\/pldistribucion.com.ar\/web\/producto\/acetato-de-etilglicol\/\",\"name\":\"ACETATO DE ETILGLICOL - Perfomance Lube - Petroqu\u00edmicos\",\"isPartOf\":{\"@id\":\"https:\/\/pldistribucion.com.ar\/web\/#website\"},\"primaryImageOfPage\":{\"@id\":\"https:\/\/pldistribucion.com.ar\/web\/producto\/acetato-de-etilglicol\/#primaryimage\"},\"image\":{\"@id\":\"https:\/\/pldistribucion.com.ar\/web\/producto\/acetato-de-etilglicol\/#primaryimage\"},\"thumbnailUrl\":\"https:\/\/pldistribucion.com.ar\/web\/wp-content\/uploads\/Acetato-de-Etilglicol.jpg\",\"datePublished\":\"2023-04-10T15:18:32+00:00\",\"dateModified\":\"2023-04-11T11:24:02+00:00\",\"description\":\"Distribuidor de lubricantes de diferentes aplicaciones. Env\u00edos a todo el pa\u00eds. Variedad de productos y stock disponible.ACETATO DE ETILGLICOL\",\"breadcrumb\":{\"@id\":\"https:\/\/pldistribucion.com.ar\/web\/producto\/acetato-de-etilglicol\/#breadcrumb\"},\"inLanguage\":\"es\",\"potentialAction\":[{\"@type\":\"ReadAction\",\"target\":[\"https:\/\/pldistribucion.com.ar\/web\/producto\/acetato-de-etilglicol\/\"]}]},{\"@type\":\"ImageObject\",\"inLanguage\":\"es\",\"@id\":\"https:\/\/pldistribucion.com.ar\/web\/producto\/acetato-de-etilglicol\/#primaryimage\",\"url\":\"https:\/\/pldistribucion.com.ar\/web\/wp-content\/uploads\/Acetato-de-Etilglicol.jpg\",\"contentUrl\":\"https:\/\/pldistribucion.com.ar\/web\/wp-content\/uploads\/Acetato-de-Etilglicol.jpg\",\"width\":200,\"height\":200,\"caption\":\"ACETATO DE ETILGLICOL\"},{\"@type\":\"BreadcrumbList\",\"@id\":\"https:\/\/pldistribucion.com.ar\/web\/producto\/acetato-de-etilglicol\/#breadcrumb\",\"itemListElement\":[{\"@type\":\"ListItem\",\"position\":1,\"name\":\"Portada\",\"item\":\"https:\/\/pldistribucion.com.ar\/web\/\"},{\"@type\":\"ListItem\",\"position\":2,\"name\":\"Productos\",\"item\":\"https:\/\/pldistribucion.com.ar\/web\/productos\/\"},{\"@type\":\"ListItem\",\"position\":3,\"name\":\"ACETATO DE ETILGLICOL\"}]},{\"@type\":\"WebSite\",\"@id\":\"https:\/\/pldistribucion.com.ar\/web\/#website\",\"url\":\"https:\/\/pldistribucion.com.ar\/web\/\",\"name\":\"Perfomance Lube\",\"description\":\"\",\"publisher\":{\"@id\":\"https:\/\/pldistribucion.com.ar\/web\/#organization\"},\"potentialAction\":[{\"@type\":\"SearchAction\",\"target\":{\"@type\":\"EntryPoint\",\"urlTemplate\":\"https:\/\/pldistribucion.com.ar\/web\/?s={search_term_string}\"},\"query-input\":\"required name=search_term_string\"}],\"inLanguage\":\"es\"},{\"@type\":\"Organization\",\"@id\":\"https:\/\/pldistribucion.com.ar\/web\/#organization\",\"name\":\"PERFORMANCE LUBE\",\"url\":\"https:\/\/pldistribucion.com.ar\/web\/\",\"logo\":{\"@type\":\"ImageObject\",\"inLanguage\":\"es\",\"@id\":\"https:\/\/pldistribucion.com.ar\/web\/#\/schema\/logo\/image\/\",\"url\":\"https:\/\/pldistribucion.com.ar\/web\/wp-content\/uploads\/pld_logo_GB-removebg-preview.png\",\"contentUrl\":\"https:\/\/pldistribucion.com.ar\/web\/wp-content\/uploads\/pld_logo_GB-removebg-preview.png\",\"width\":787,\"height\":317,\"caption\":\"PERFORMANCE LUBE\"},\"image\":{\"@id\":\"https:\/\/pldistribucion.com.ar\/web\/#\/schema\/logo\/image\/\"}}]}<\/script>\n<!-- \/ Yoast SEO plugin. -->","yoast_head_json":{"title":"ACETATO DE ETILGLICOL - Perfomance Lube - Petroqu\u00edmicos","description":"Distribuidor de lubricantes de diferentes aplicaciones. Env\u00edos a todo el pa\u00eds. Variedad de productos y stock disponible.ACETATO DE ETILGLICOL","robots":{"index":"index","follow":"follow","max-snippet":"max-snippet:-1","max-image-preview":"max-image-preview:large","max-video-preview":"max-video-preview:-1"},"canonical":"https:\/\/pldistribucion.com.ar\/web\/producto\/acetato-de-etilglicol\/","og_locale":"es_ES","og_type":"article","og_title":"ACETATO DE ETILGLICOL - Perfomance Lube - Petroqu\u00edmicos","og_description":"Distribuidor de lubricantes de diferentes aplicaciones. Env\u00edos a todo el pa\u00eds. Variedad de productos y stock disponible.ACETATO DE ETILGLICOL","og_url":"https:\/\/pldistribucion.com.ar\/web\/producto\/acetato-de-etilglicol\/","og_site_name":"Perfomance Lube","article_modified_time":"2023-04-11T11:24:02+00:00","og_image":[{"width":200,"height":200,"url":"https:\/\/pldistribucion.com.ar\/web\/wp-content\/uploads\/Acetato-de-Etilglicol.jpg","type":"image\/jpeg"}],"twitter_card":"summary_large_image","twitter_misc":{"Tiempo de lectura":"2 minutos"},"schema":{"@context":"https:\/\/schema.org","@graph":[{"@type":"WebPage","@id":"https:\/\/pldistribucion.com.ar\/web\/producto\/acetato-de-etilglicol\/","url":"https:\/\/pldistribucion.com.ar\/web\/producto\/acetato-de-etilglicol\/","name":"ACETATO DE ETILGLICOL - Perfomance Lube - Petroqu\u00edmicos","isPartOf":{"@id":"https:\/\/pldistribucion.com.ar\/web\/#website"},"primaryImageOfPage":{"@id":"https:\/\/pldistribucion.com.ar\/web\/producto\/acetato-de-etilglicol\/#primaryimage"},"image":{"@id":"https:\/\/pldistribucion.com.ar\/web\/producto\/acetato-de-etilglicol\/#primaryimage"},"thumbnailUrl":"https:\/\/pldistribucion.com.ar\/web\/wp-content\/uploads\/Acetato-de-Etilglicol.jpg","datePublished":"2023-04-10T15:18:32+00:00","dateModified":"2023-04-11T11:24:02+00:00","description":"Distribuidor de lubricantes de diferentes aplicaciones. Env\u00edos a todo el pa\u00eds. Variedad de productos y stock disponible.ACETATO DE ETILGLICOL","breadcrumb":{"@id":"https:\/\/pldistribucion.com.ar\/web\/producto\/acetato-de-etilglicol\/#breadcrumb"},"inLanguage":"es","potentialAction":[{"@type":"ReadAction","target":["https:\/\/pldistribucion.com.ar\/web\/producto\/acetato-de-etilglicol\/"]}]},{"@type":"ImageObject","inLanguage":"es","@id":"https:\/\/pldistribucion.com.ar\/web\/producto\/acetato-de-etilglicol\/#primaryimage","url":"https:\/\/pldistribucion.com.ar\/web\/wp-content\/uploads\/Acetato-de-Etilglicol.jpg","contentUrl":"https:\/\/pldistribucion.com.ar\/web\/wp-content\/uploads\/Acetato-de-Etilglicol.jpg","width":200,"height":200,"caption":"ACETATO DE ETILGLICOL"},{"@type":"BreadcrumbList","@id":"https:\/\/pldistribucion.com.ar\/web\/producto\/acetato-de-etilglicol\/#breadcrumb","itemListElement":[{"@type":"ListItem","position":1,"name":"Portada","item":"https:\/\/pldistribucion.com.ar\/web\/"},{"@type":"ListItem","position":2,"name":"Productos","item":"https:\/\/pldistribucion.com.ar\/web\/productos\/"},{"@type":"ListItem","position":3,"name":"ACETATO DE ETILGLICOL"}]},{"@type":"WebSite","@id":"https:\/\/pldistribucion.com.ar\/web\/#website","url":"https:\/\/pldistribucion.com.ar\/web\/","name":"Perfomance Lube","description":"","publisher":{"@id":"https:\/\/pldistribucion.com.ar\/web\/#organization"},"potentialAction":[{"@type":"SearchAction","target":{"@type":"EntryPoint","urlTemplate":"https:\/\/pldistribucion.com.ar\/web\/?s={search_term_string}"},"query-input":"required name=search_term_string"}],"inLanguage":"es"},{"@type":"Organization","@id":"https:\/\/pldistribucion.com.ar\/web\/#organization","name":"PERFORMANCE LUBE","url":"https:\/\/pldistribucion.com.ar\/web\/","logo":{"@type":"ImageObject","inLanguage":"es","@id":"https:\/\/pldistribucion.com.ar\/web\/#\/schema\/logo\/image\/","url":"https:\/\/pldistribucion.com.ar\/web\/wp-content\/uploads\/pld_logo_GB-removebg-preview.png","contentUrl":"https:\/\/pldistribucion.com.ar\/web\/wp-content\/uploads\/pld_logo_GB-removebg-preview.png","width":787,"height":317,"caption":"PERFORMANCE LUBE"},"image":{"@id":"https:\/\/pldistribucion.com.ar\/web\/#\/schema\/logo\/image\/"}}]}},"_links":{"self":[{"href":"https:\/\/pldistribucion.com.ar\/web\/wp-json\/wp\/v2\/product\/5758"}],"collection":[{"href":"https:\/\/pldistribucion.com.ar\/web\/wp-json\/wp\/v2\/product"}],"about":[{"href":"https:\/\/pldistribucion.com.ar\/web\/wp-json\/wp\/v2\/types\/product"}],"replies":[{"embeddable":true,"href":"https:\/\/pldistribucion.com.ar\/web\/wp-json\/wp\/v2\/comments?post=5758"}],"wp:featuredmedia":[{"embeddable":true,"href":"https:\/\/pldistribucion.com.ar\/web\/wp-json\/wp\/v2\/media\/5760"}],"wp:attachment":[{"href":"https:\/\/pldistribucion.com.ar\/web\/wp-json\/wp\/v2\/media?parent=5758"}],"wp:term":[{"taxonomy":"product_cat","embeddable":true,"href":"https:\/\/pldistribucion.com.ar\/web\/wp-json\/wp\/v2\/product_cat?post=5758"},{"taxonomy":"product_tag","embeddable":true,"href":"https:\/\/pldistribucion.com.ar\/web\/wp-json\/wp\/v2\/product_tag?post=5758"}],"curies":[{"name":"wp","href":"https:\/\/api.w.org\/{rel}","templated":true}]}}