{"id":569,"date":"2020-01-24T20:20:13","date_gmt":"2020-01-24T20:20:13","guid":{"rendered":"https:\/\/pldistribucion.com.ar\/web\/?post_type=product&#038;p=569"},"modified":"2023-01-30T12:39:16","modified_gmt":"2023-01-30T12:39:16","slug":"shell-omala-s4-gx-150","status":"publish","type":"product","link":"https:\/\/pldistribucion.com.ar\/web\/producto\/shell-omala-s4-gx-150\/","title":{"rendered":"SHELL OMALA S4 GX 150"},"content":{"rendered":"<h1><strong style=\"font-size: 80%;\">SHELL OMALA S4 GX 150<\/strong><strong style=\"font-size: 80%;\">\u00a0\/ Aceites Industriales<\/strong><\/h1>\n<h2><span style=\"font-size: 75%; color: #ff0000;\"><strong>Nombre previo: Shell Omala HD.<\/strong><\/span><\/h2>\n<h3><span style=\"font-size: 80%;\"><strong><span style=\"background-color: #fcf56d;\">DESCRIPCI\u00d3N DEL PRODUCTO<\/span><\/strong><\/span><\/h3>\n<p><span style=\"color: #000000;\"><strong>Shell Omala S4 GX 150<\/strong>\u00a0(antes Shell Omala HD) es un avanzado lubricante sint\u00e9tico para engranajes industriales con un rendimiento de lubricaci\u00f3n excepcional bajo exigentes condiciones de operaci\u00f3n, incluyendo una fricci\u00f3n reducida, larga vida de servicio y elevada resistencia al micro-picado por corrosi\u00f3n, para una protecci\u00f3n \u00f3ptima de la maquinaria.<\/span><\/p>\n<h3><span style=\"font-size: 80%;\"><strong><span style=\"background-color: #fcf56d;\">BENEFICIOS DEL PRODUCTO:<\/span><\/strong><\/span><\/h3>\n<ul>\n<li><strong>Brinda una larg<span style=\"color: #000000;\">a vida \u00fatil del aceite <\/span><\/strong><span style=\"color: #000000;\">y un ahorro en su\u00a0 mantenimiento ya que ha <\/span><span style=\"color: #000000;\">sido formulado usando un avanzado sistema de aditivos en combinaci\u00f3n con aceites base sint\u00e9ticos especialmente seleccionados para proporcionar una excepcional resistencia a rotura durante largos periodos de tiempo y\/o elevadas temperaturas de operaci\u00f3n.<\/span><\/li>\n<li><span style=\"color: #000000;\"><strong>Excelente protecci\u00f3n contra el desgaste y la corrosi\u00f3n: <\/strong>Capacidad de transporte de carga y gran resistencia al micro-picado por corrosi\u00f3n, alargando la vida de los componentes incluso bajo condiciones de choques de carga.<strong><br \/>\n<\/strong><\/span><\/li>\n<li><span style=\"color: #000000;\"><strong>Eficiencia en el mantenimiento del sistema: <\/strong>Mantiene y mejora la eficiencia de los sistemas de engranajes industriales.<\/span><\/li>\n<\/ul>\n<h3><span style=\"font-size: 80%;\"><strong><span style=\"background-color: #fcf56d;\">APLICACIONES:<\/span><\/strong><\/span><\/h3>\n<section id=\"section_tab_product\" class=\"vc_section vc_custom_1513937890410\">\n<div class=\"vc_row wpb_row vc_row-fluid \">\n<div class=\"vc_span12 wpb_column vc_column_container \">\n<div class=\"vc_column-inner \">\n<div class=\"wpb_wrapper\">\n<div class=\"tab-holder rd_tabs mc_rd_tabs horizontal rd_tab_3 rd_vtab_left\">\n<div class=\"tab-hold tabs-wrapper\">\n<div class=\"tab-box tabs-container\">\n<div id=\"tab2\" class=\" vc_clearfix tab_content\">\n<div class=\"wpb_text_column wpb_content_element \">\n<div id=\"ct_pbm8muc6ra91xixn2wfy\" class=\"wpb_wrapper\">\n<ul>\n<li><span style=\"color: #000000;\"><strong>Turbinas de viento y otras instalaciones inaccesibles<\/strong><\/span><\/li>\n<li><span style=\"color: #000000;\"><strong>Sistemas cerrados de engranajes industriales.<\/strong><strong><br \/>\n<\/strong><\/span><\/li>\n<li><span style=\"color: #000000;\"><strong>Otras aplicaciones:<\/strong> Son id\u00f3neos para rodamientos as\u00ed como otros componentes en sistemas circulantes y de lubricaci\u00f3n por salpicaduras.<\/span><\/li>\n<\/ul>\n<hr \/>\n<\/div>\n<\/div>\n<\/div>\n<\/div>\n<\/div>\n<\/div>\n<\/div>\n<\/div>\n<\/div>\n<\/div>\n<\/section>\n<section class=\"vc_section vc_custom_1513937751377\">\n<div class=\"vc_row wpb_row vc_row-fluid \">\n<div class=\"vc_span12 wpb_column vc_column_container \">\n<div class=\"vc_column-inner \"><span style=\"color: #000080;\"><strong><a style=\"color: #000080;\" href=\"https:\/\/pldistribucion.com.ar\/web\/wp-content\/uploads\/FICHA-3-5.pdf\" target=\"_blank\" rel=\"noopener\">Ver ficha t\u00e9cnica<\/a><\/strong><\/span><\/div>\n<div>\n<p><span style=\"color: #000080;\"><strong><a style=\"color: #000080;\" href=\"https:\/\/pldistribucion.com.ar\/web\/categoria-producto\/lubricantes\/?filter_marcas=shell\">Ver m\u00e1s productos SHELL<\/a><\/strong><\/span><\/p>\n<p><span style=\"color: #000000;\">(Shell fabrica y comercializa lubricantes y grasas para uso en motos, veh\u00edculos de transporte, construcci\u00f3n, agricultura e industria. Constantemente reaccionamos a las necesidades cambiantes de cada sector para que usted disponga de los lubricantes de calidad que le permitan optimizar la eficiencia de sus equipos y a\u00f1adir valor a su negocio).<\/span><\/p>\n<p><span style=\"color: #000080;\"><strong><a style=\"color: #000080;\" href=\"https:\/\/www.shell.com.ar\/acerca-de-shell\/la-marca-shell.html#:~:text=La%20palabra%20Shell%20se%20utiliz%C3%B3,conchas%20marinas%20procedentes%20de%20Oriente.\" target=\"_blank\" rel=\"noopener\">Conoce m\u00e1s sobre SHELL<\/a><\/strong><\/span><\/p>\n<\/div>\n<\/div>\n<\/div>\n<\/section>\n","protected":false},"excerpt":{"rendered":"<p><img loading=\"lazy\" decoding=\"async\" class=\"alignnone size-full wp-image-159\" src=\"https:\/\/pldistribucion.com.ar\/web\/wp-content\/uploads\/shell.jpg\" alt=\"\" width=\"200\" height=\"200\" \/><\/p>\n<h1>Shell Lubricantes<\/h1>\n<p>Shell vende una amplia variedad de lubricantes para satisfacer las necesidades de los clientes a trav\u00e9s de una gama de productos para el autom\u00f3vil de calle, el transporte pesado, la miner\u00eda, la generaci\u00f3n de energ\u00eda y la ingenier\u00eda general. La cartera de productos de lubricantes Shell incluye Shell Helix, Shell Rimula y Shell Spirax. Con 70 plantas en todo el mundo, somos productores de aceites que se distribuyen, comercializan y venden en m\u00e1s de 100 pa\u00edses.<\/p>\n","protected":false},"featured_media":2967,"comment_status":"open","ping_status":"closed","template":"","meta":[],"product_cat":[16,34],"product_tag":[],"yoast_head":"<!-- This site is optimized with the Yoast SEO plugin v23.0 - https:\/\/yoast.com\/wordpress\/plugins\/seo\/ -->\n<title>SHELL OMALA S4 GX 150 - Perfomance Lube - Lubricantes<\/title>\n<meta name=\"description\" content=\"Distribuidor de lubricantes SHELL, l\u00ednea OMALA de diferentes aplicaciones. Env\u00edos a todo el pa\u00eds. Variedad de productos y stock disponible.\" \/>\n<meta name=\"robots\" content=\"index, follow, max-snippet:-1, max-image-preview:large, max-video-preview:-1\" \/>\n<link rel=\"canonical\" href=\"https:\/\/pldistribucion.com.ar\/web\/producto\/shell-omala-s4-gx-150\/\" \/>\n<meta property=\"og:locale\" content=\"es_ES\" \/>\n<meta property=\"og:type\" content=\"article\" \/>\n<meta property=\"og:title\" content=\"SHELL OMALA S4 GX 150 - Perfomance Lube - Lubricantes\" \/>\n<meta property=\"og:description\" content=\"Distribuidor de lubricantes SHELL, l\u00ednea OMALA de diferentes aplicaciones. Env\u00edos a todo el pa\u00eds. Variedad de productos y stock disponible.\" \/>\n<meta property=\"og:url\" content=\"https:\/\/pldistribucion.com.ar\/web\/producto\/shell-omala-s4-gx-150\/\" \/>\n<meta property=\"og:site_name\" content=\"Perfomance Lube\" \/>\n<meta property=\"article:modified_time\" content=\"2023-01-30T12:39:16+00:00\" \/>\n<meta property=\"og:image\" content=\"https:\/\/pldistribucion.com.ar\/web\/wp-content\/uploads\/fot-2.jpg\" \/>\n\t<meta property=\"og:image:width\" content=\"600\" \/>\n\t<meta property=\"og:image:height\" content=\"600\" \/>\n\t<meta property=\"og:image:type\" content=\"image\/jpeg\" \/>\n<meta name=\"twitter:card\" content=\"summary_large_image\" \/>\n<meta name=\"twitter:label1\" content=\"Tiempo de lectura\" \/>\n\t<meta name=\"twitter:data1\" content=\"2 minutos\" \/>\n<script type=\"application\/ld+json\" class=\"yoast-schema-graph\">{\"@context\":\"https:\/\/schema.org\",\"@graph\":[{\"@type\":\"WebPage\",\"@id\":\"https:\/\/pldistribucion.com.ar\/web\/producto\/shell-omala-s4-gx-150\/\",\"url\":\"https:\/\/pldistribucion.com.ar\/web\/producto\/shell-omala-s4-gx-150\/\",\"name\":\"SHELL OMALA S4 GX 150 - Perfomance Lube - Lubricantes\",\"isPartOf\":{\"@id\":\"https:\/\/pldistribucion.com.ar\/web\/#website\"},\"primaryImageOfPage\":{\"@id\":\"https:\/\/pldistribucion.com.ar\/web\/producto\/shell-omala-s4-gx-150\/#primaryimage\"},\"image\":{\"@id\":\"https:\/\/pldistribucion.com.ar\/web\/producto\/shell-omala-s4-gx-150\/#primaryimage\"},\"thumbnailUrl\":\"https:\/\/pldistribucion.com.ar\/web\/wp-content\/uploads\/fot-2.jpg\",\"datePublished\":\"2020-01-24T20:20:13+00:00\",\"dateModified\":\"2023-01-30T12:39:16+00:00\",\"description\":\"Distribuidor de lubricantes SHELL, l\u00ednea OMALA de diferentes aplicaciones. Env\u00edos a todo el pa\u00eds. Variedad de productos y stock disponible.\",\"breadcrumb\":{\"@id\":\"https:\/\/pldistribucion.com.ar\/web\/producto\/shell-omala-s4-gx-150\/#breadcrumb\"},\"inLanguage\":\"es\",\"potentialAction\":[{\"@type\":\"ReadAction\",\"target\":[\"https:\/\/pldistribucion.com.ar\/web\/producto\/shell-omala-s4-gx-150\/\"]}]},{\"@type\":\"ImageObject\",\"inLanguage\":\"es\",\"@id\":\"https:\/\/pldistribucion.com.ar\/web\/producto\/shell-omala-s4-gx-150\/#primaryimage\",\"url\":\"https:\/\/pldistribucion.com.ar\/web\/wp-content\/uploads\/fot-2.jpg\",\"contentUrl\":\"https:\/\/pldistribucion.com.ar\/web\/wp-content\/uploads\/fot-2.jpg\",\"width\":600,\"height\":600,\"caption\":\"SHELL Omala S4 GX 150\"},{\"@type\":\"BreadcrumbList\",\"@id\":\"https:\/\/pldistribucion.com.ar\/web\/producto\/shell-omala-s4-gx-150\/#breadcrumb\",\"itemListElement\":[{\"@type\":\"ListItem\",\"position\":1,\"name\":\"Portada\",\"item\":\"https:\/\/pldistribucion.com.ar\/web\/\"},{\"@type\":\"ListItem\",\"position\":2,\"name\":\"Productos\",\"item\":\"https:\/\/pldistribucion.com.ar\/web\/productos\/\"},{\"@type\":\"ListItem\",\"position\":3,\"name\":\"SHELL OMALA S4 GX 150\"}]},{\"@type\":\"WebSite\",\"@id\":\"https:\/\/pldistribucion.com.ar\/web\/#website\",\"url\":\"https:\/\/pldistribucion.com.ar\/web\/\",\"name\":\"Perfomance Lube\",\"description\":\"\",\"publisher\":{\"@id\":\"https:\/\/pldistribucion.com.ar\/web\/#organization\"},\"potentialAction\":[{\"@type\":\"SearchAction\",\"target\":{\"@type\":\"EntryPoint\",\"urlTemplate\":\"https:\/\/pldistribucion.com.ar\/web\/?s={search_term_string}\"},\"query-input\":\"required name=search_term_string\"}],\"inLanguage\":\"es\"},{\"@type\":\"Organization\",\"@id\":\"https:\/\/pldistribucion.com.ar\/web\/#organization\",\"name\":\"PERFORMANCE LUBE\",\"url\":\"https:\/\/pldistribucion.com.ar\/web\/\",\"logo\":{\"@type\":\"ImageObject\",\"inLanguage\":\"es\",\"@id\":\"https:\/\/pldistribucion.com.ar\/web\/#\/schema\/logo\/image\/\",\"url\":\"https:\/\/pldistribucion.com.ar\/web\/wp-content\/uploads\/pld_logo_GB-removebg-preview.png\",\"contentUrl\":\"https:\/\/pldistribucion.com.ar\/web\/wp-content\/uploads\/pld_logo_GB-removebg-preview.png\",\"width\":787,\"height\":317,\"caption\":\"PERFORMANCE LUBE\"},\"image\":{\"@id\":\"https:\/\/pldistribucion.com.ar\/web\/#\/schema\/logo\/image\/\"}}]}<\/script>\n<!-- \/ Yoast SEO plugin. -->","yoast_head_json":{"title":"SHELL OMALA S4 GX 150 - Perfomance Lube - Lubricantes","description":"Distribuidor de lubricantes SHELL, l\u00ednea OMALA de diferentes aplicaciones. Env\u00edos a todo el pa\u00eds. Variedad de productos y stock disponible.","robots":{"index":"index","follow":"follow","max-snippet":"max-snippet:-1","max-image-preview":"max-image-preview:large","max-video-preview":"max-video-preview:-1"},"canonical":"https:\/\/pldistribucion.com.ar\/web\/producto\/shell-omala-s4-gx-150\/","og_locale":"es_ES","og_type":"article","og_title":"SHELL OMALA S4 GX 150 - Perfomance Lube - Lubricantes","og_description":"Distribuidor de lubricantes SHELL, l\u00ednea OMALA de diferentes aplicaciones. Env\u00edos a todo el pa\u00eds. Variedad de productos y stock disponible.","og_url":"https:\/\/pldistribucion.com.ar\/web\/producto\/shell-omala-s4-gx-150\/","og_site_name":"Perfomance Lube","article_modified_time":"2023-01-30T12:39:16+00:00","og_image":[{"width":600,"height":600,"url":"https:\/\/pldistribucion.com.ar\/web\/wp-content\/uploads\/fot-2.jpg","type":"image\/jpeg"}],"twitter_card":"summary_large_image","twitter_misc":{"Tiempo de lectura":"2 minutos"},"schema":{"@context":"https:\/\/schema.org","@graph":[{"@type":"WebPage","@id":"https:\/\/pldistribucion.com.ar\/web\/producto\/shell-omala-s4-gx-150\/","url":"https:\/\/pldistribucion.com.ar\/web\/producto\/shell-omala-s4-gx-150\/","name":"SHELL OMALA S4 GX 150 - Perfomance Lube - Lubricantes","isPartOf":{"@id":"https:\/\/pldistribucion.com.ar\/web\/#website"},"primaryImageOfPage":{"@id":"https:\/\/pldistribucion.com.ar\/web\/producto\/shell-omala-s4-gx-150\/#primaryimage"},"image":{"@id":"https:\/\/pldistribucion.com.ar\/web\/producto\/shell-omala-s4-gx-150\/#primaryimage"},"thumbnailUrl":"https:\/\/pldistribucion.com.ar\/web\/wp-content\/uploads\/fot-2.jpg","datePublished":"2020-01-24T20:20:13+00:00","dateModified":"2023-01-30T12:39:16+00:00","description":"Distribuidor de lubricantes SHELL, l\u00ednea OMALA de diferentes aplicaciones. Env\u00edos a todo el pa\u00eds. Variedad de productos y stock disponible.","breadcrumb":{"@id":"https:\/\/pldistribucion.com.ar\/web\/producto\/shell-omala-s4-gx-150\/#breadcrumb"},"inLanguage":"es","potentialAction":[{"@type":"ReadAction","target":["https:\/\/pldistribucion.com.ar\/web\/producto\/shell-omala-s4-gx-150\/"]}]},{"@type":"ImageObject","inLanguage":"es","@id":"https:\/\/pldistribucion.com.ar\/web\/producto\/shell-omala-s4-gx-150\/#primaryimage","url":"https:\/\/pldistribucion.com.ar\/web\/wp-content\/uploads\/fot-2.jpg","contentUrl":"https:\/\/pldistribucion.com.ar\/web\/wp-content\/uploads\/fot-2.jpg","width":600,"height":600,"caption":"SHELL Omala S4 GX 150"},{"@type":"BreadcrumbList","@id":"https:\/\/pldistribucion.com.ar\/web\/producto\/shell-omala-s4-gx-150\/#breadcrumb","itemListElement":[{"@type":"ListItem","position":1,"name":"Portada","item":"https:\/\/pldistribucion.com.ar\/web\/"},{"@type":"ListItem","position":2,"name":"Productos","item":"https:\/\/pldistribucion.com.ar\/web\/productos\/"},{"@type":"ListItem","position":3,"name":"SHELL OMALA S4 GX 150"}]},{"@type":"WebSite","@id":"https:\/\/pldistribucion.com.ar\/web\/#website","url":"https:\/\/pldistribucion.com.ar\/web\/","name":"Perfomance Lube","description":"","publisher":{"@id":"https:\/\/pldistribucion.com.ar\/web\/#organization"},"potentialAction":[{"@type":"SearchAction","target":{"@type":"EntryPoint","urlTemplate":"https:\/\/pldistribucion.com.ar\/web\/?s={search_term_string}"},"query-input":"required name=search_term_string"}],"inLanguage":"es"},{"@type":"Organization","@id":"https:\/\/pldistribucion.com.ar\/web\/#organization","name":"PERFORMANCE LUBE","url":"https:\/\/pldistribucion.com.ar\/web\/","logo":{"@type":"ImageObject","inLanguage":"es","@id":"https:\/\/pldistribucion.com.ar\/web\/#\/schema\/logo\/image\/","url":"https:\/\/pldistribucion.com.ar\/web\/wp-content\/uploads\/pld_logo_GB-removebg-preview.png","contentUrl":"https:\/\/pldistribucion.com.ar\/web\/wp-content\/uploads\/pld_logo_GB-removebg-preview.png","width":787,"height":317,"caption":"PERFORMANCE LUBE"},"image":{"@id":"https:\/\/pldistribucion.com.ar\/web\/#\/schema\/logo\/image\/"}}]}},"_links":{"self":[{"href":"https:\/\/pldistribucion.com.ar\/web\/wp-json\/wp\/v2\/product\/569"}],"collection":[{"href":"https:\/\/pldistribucion.com.ar\/web\/wp-json\/wp\/v2\/product"}],"about":[{"href":"https:\/\/pldistribucion.com.ar\/web\/wp-json\/wp\/v2\/types\/product"}],"replies":[{"embeddable":true,"href":"https:\/\/pldistribucion.com.ar\/web\/wp-json\/wp\/v2\/comments?post=569"}],"wp:featuredmedia":[{"embeddable":true,"href":"https:\/\/pldistribucion.com.ar\/web\/wp-json\/wp\/v2\/media\/2967"}],"wp:attachment":[{"href":"https:\/\/pldistribucion.com.ar\/web\/wp-json\/wp\/v2\/media?parent=569"}],"wp:term":[{"taxonomy":"product_cat","embeddable":true,"href":"https:\/\/pldistribucion.com.ar\/web\/wp-json\/wp\/v2\/product_cat?post=569"},{"taxonomy":"product_tag","embeddable":true,"href":"https:\/\/pldistribucion.com.ar\/web\/wp-json\/wp\/v2\/product_tag?post=569"}],"curies":[{"name":"wp","href":"https:\/\/api.w.org\/{rel}","templated":true}]}}