{"id":567,"date":"2020-01-24T20:06:23","date_gmt":"2020-01-24T20:06:23","guid":{"rendered":"https:\/\/pldistribucion.com.ar\/web\/?post_type=product&#038;p=567"},"modified":"2022-06-27T15:56:45","modified_gmt":"2022-06-27T15:56:45","slug":"shell-omala-s2-gx-460","status":"publish","type":"product","link":"https:\/\/pldistribucion.com.ar\/web\/producto\/shell-omala-s2-gx-460\/","title":{"rendered":"SHELL OMALA S2 GX 460"},"content":{"rendered":"<h1><strong style=\"font-size: 80%;\">SHELL <\/strong><strong style=\"font-size: 80%;\">OMALA S2 GX 460 \/ Lubricantes<\/strong><\/h1>\n<h3><span style=\"font-size: 80%;\"><strong><span style=\"background-color: #fcf56d;\">DESCRIPCI\u00d3N DEL PRODUCTO<\/span><\/strong><\/span><\/h3>\n<p><strong>Shell Omala S2 GX 460<\/strong><span style=\"color: #000000;\"> es un lubricante de presi\u00f3n extrema (EP) de alta calidad especialmente formulado para la lubricaci\u00f3n de sistemas de engranajes industriales de servicio pesado. <\/span><\/p>\n<h3><span style=\"font-size: 16.128px; background-color: #fcf56d;\"><b>CARACTER\u00cdSTICAS Y BENEFICIOS<\/b><\/span><\/h3>\n<ul>\n<li><span style=\"color: #000000;\">Desarrolla una larga vida del aceite gracias a la estabilidad a la oxidaci\u00f3n y a la resistencia al estr\u00e9s t\u00e9rmico, lo que como resultado reduce el costo total de mantenimiento y amortizaci\u00f3n de activos.<\/span><\/li>\n<li><span style=\"color: #000000;\"> Est\u00e1n formulados para reducir el riesgo de degradaci\u00f3n t\u00e9rmica y qu\u00edmica durante el mayor intervalo de mantenimiento. Adem\u00e1s resisten una alta carga t\u00e9rmica y reducen la formaci\u00f3n de lodos para proporcionar una mayor vida \u00fatil del aceite.<\/span><\/li>\n<li><span style=\"color: #000000;\">Tiene una excelente protecci\u00f3n contra el desgaste y Micropitting ya que ofrece una excelente capacidad de carga.<\/span><\/li>\n<\/ul>\n<h3><span style=\"font-size: 16.128px; background-color: #fcf56d;\"><b>APLICACIONES<\/b><\/span><\/h3>\n<p><span style=\"color: #000000;\">Este producto proporciona una protecci\u00f3n eficaz de Extrema Presi\u00f3n (EP) dise\u00f1ada espec\u00edficamente para sistemas de engranajes industriales cerrados que utilizan transmisiones de engranajes.<\/span><\/p>\n<p><span style=\"color: #000000;\">Por otro lado, son adecuados para la lubricaci\u00f3n de aplicaciones sin engranajes, que incluyen rodamientos y otros componentes con contacto acero sobre acero con sistemas de circulaci\u00f3n forzada o de salpicadura \/ barboteo.<\/span><\/p>\n<hr \/>\n<p><span style=\"color: #000080;\"><strong><a style=\"color: #000080;\" href=\"https:\/\/pldistribucion.com.ar\/web\/wp-content\/uploads\/FICHA-2-7.pdf\" target=\"_blank\" rel=\"noopener\">Ver ficha t\u00e9cnica<\/a><\/strong><\/span><\/p>\n<p><span style=\"color: #000080;\"><strong><a style=\"color: #000080;\" href=\"https:\/\/pldistribucion.com.ar\/web\/categoria-producto\/lubricantes\/?filter_marcas=shell\">Ver m\u00e1s productos SHELL<\/a><\/strong><\/span><\/p>\n<p><span style=\"color: #000000;\">(Shell fabrica y comercializa lubricantes y grasas para motocicletas, veh\u00edculos de transporte, construcci\u00f3n, agricultura e industria)<\/span><\/p>\n<p><span style=\"color: #000080;\"><strong><a style=\"color: #000080;\" href=\"https:\/\/www.shell.com.ar\/acerca-de-shell\/la-marca-shell.html#:~:text=La%20palabra%20Shell%20se%20utiliz%C3%B3,conchas%20marinas%20procedentes%20de%20Oriente.\" target=\"_blank\" rel=\"noopener\">Conoce m\u00e1s sobre SHELL<\/a><\/strong><\/span><\/p>\n","protected":false},"excerpt":{"rendered":"<p><img loading=\"lazy\" decoding=\"async\" class=\"alignnone size-full wp-image-284\" src=\"https:\/\/pldistribucion.com.ar\/web\/wp-content\/uploads\/shell.png\" alt=\"\" width=\"200\" height=\"200\" \/><\/p>\n<h1>Shell Lubricantes<\/h1>\n<p>Shell vende una amplia variedad de lubricantes para satisfacer las necesidades de los clientes a trav\u00e9s de una gama de productos para el autom\u00f3vil de calle, el transporte pesado, la miner\u00eda, la generaci\u00f3n de energ\u00eda y la ingenier\u00eda general. La cartera de productos de lubricantes Shell incluye Shell Helix, Shell Rimula y Shell Spirax. Con 70 plantas en todo el mundo, somos productores de aceites que se distribuyen, comercializan y venden en m\u00e1s de 100 pa\u00edses.<\/p>\n","protected":false},"featured_media":2964,"comment_status":"open","ping_status":"closed","template":"","meta":[],"product_cat":[16,34],"product_tag":[],"yoast_head":"<!-- This site is optimized with the Yoast SEO plugin v23.0 - https:\/\/yoast.com\/wordpress\/plugins\/seo\/ -->\n<title>SHELL OMALA S2 GX 460 - Perfomance Lube - Lubricantes<\/title>\n<meta name=\"description\" content=\"Distribuidor de lubricantes SHELL, de diferentes a plicaciones. Env\u00edos a todo el pa\u00eds. Variedad de productos y stock disponible.SHELL OMALA S2 GX 460\" \/>\n<meta name=\"robots\" content=\"index, follow, max-snippet:-1, max-image-preview:large, max-video-preview:-1\" \/>\n<link rel=\"canonical\" href=\"https:\/\/pldistribucion.com.ar\/web\/producto\/shell-omala-s2-gx-460\/\" \/>\n<meta property=\"og:locale\" content=\"es_ES\" \/>\n<meta property=\"og:type\" content=\"article\" \/>\n<meta property=\"og:title\" content=\"SHELL OMALA S2 GX 460 - Perfomance Lube - Lubricantes\" \/>\n<meta property=\"og:description\" content=\"Distribuidor de lubricantes SHELL, de diferentes a plicaciones. Env\u00edos a todo el pa\u00eds. Variedad de productos y stock disponible.SHELL OMALA S2 GX 460\" \/>\n<meta property=\"og:url\" content=\"https:\/\/pldistribucion.com.ar\/web\/producto\/shell-omala-s2-gx-460\/\" \/>\n<meta property=\"og:site_name\" content=\"Perfomance Lube\" \/>\n<meta property=\"article:modified_time\" content=\"2022-06-27T15:56:45+00:00\" \/>\n<meta property=\"og:image\" content=\"https:\/\/pldistribucion.com.ar\/web\/wp-content\/uploads\/foto-1-6.jpg\" \/>\n\t<meta property=\"og:image:width\" content=\"215\" \/>\n\t<meta property=\"og:image:height\" content=\"215\" \/>\n\t<meta property=\"og:image:type\" content=\"image\/jpeg\" \/>\n<meta name=\"twitter:card\" content=\"summary_large_image\" \/>\n<meta name=\"twitter:label1\" content=\"Tiempo de lectura\" \/>\n\t<meta name=\"twitter:data1\" content=\"1 minuto\" \/>\n<script type=\"application\/ld+json\" class=\"yoast-schema-graph\">{\"@context\":\"https:\/\/schema.org\",\"@graph\":[{\"@type\":\"WebPage\",\"@id\":\"https:\/\/pldistribucion.com.ar\/web\/producto\/shell-omala-s2-gx-460\/\",\"url\":\"https:\/\/pldistribucion.com.ar\/web\/producto\/shell-omala-s2-gx-460\/\",\"name\":\"SHELL OMALA S2 GX 460 - Perfomance Lube - Lubricantes\",\"isPartOf\":{\"@id\":\"https:\/\/pldistribucion.com.ar\/web\/#website\"},\"primaryImageOfPage\":{\"@id\":\"https:\/\/pldistribucion.com.ar\/web\/producto\/shell-omala-s2-gx-460\/#primaryimage\"},\"image\":{\"@id\":\"https:\/\/pldistribucion.com.ar\/web\/producto\/shell-omala-s2-gx-460\/#primaryimage\"},\"thumbnailUrl\":\"https:\/\/pldistribucion.com.ar\/web\/wp-content\/uploads\/foto-1-6.jpg\",\"datePublished\":\"2020-01-24T20:06:23+00:00\",\"dateModified\":\"2022-06-27T15:56:45+00:00\",\"description\":\"Distribuidor de lubricantes SHELL, de diferentes a plicaciones. Env\u00edos a todo el pa\u00eds. Variedad de productos y stock disponible.SHELL OMALA S2 GX 460\",\"breadcrumb\":{\"@id\":\"https:\/\/pldistribucion.com.ar\/web\/producto\/shell-omala-s2-gx-460\/#breadcrumb\"},\"inLanguage\":\"es\",\"potentialAction\":[{\"@type\":\"ReadAction\",\"target\":[\"https:\/\/pldistribucion.com.ar\/web\/producto\/shell-omala-s2-gx-460\/\"]}]},{\"@type\":\"ImageObject\",\"inLanguage\":\"es\",\"@id\":\"https:\/\/pldistribucion.com.ar\/web\/producto\/shell-omala-s2-gx-460\/#primaryimage\",\"url\":\"https:\/\/pldistribucion.com.ar\/web\/wp-content\/uploads\/foto-1-6.jpg\",\"contentUrl\":\"https:\/\/pldistribucion.com.ar\/web\/wp-content\/uploads\/foto-1-6.jpg\",\"width\":215,\"height\":215,\"caption\":\"SHELL OMALA S2 GX\"},{\"@type\":\"BreadcrumbList\",\"@id\":\"https:\/\/pldistribucion.com.ar\/web\/producto\/shell-omala-s2-gx-460\/#breadcrumb\",\"itemListElement\":[{\"@type\":\"ListItem\",\"position\":1,\"name\":\"Portada\",\"item\":\"https:\/\/pldistribucion.com.ar\/web\/\"},{\"@type\":\"ListItem\",\"position\":2,\"name\":\"Productos\",\"item\":\"https:\/\/pldistribucion.com.ar\/web\/productos\/\"},{\"@type\":\"ListItem\",\"position\":3,\"name\":\"SHELL OMALA S2 GX 460\"}]},{\"@type\":\"WebSite\",\"@id\":\"https:\/\/pldistribucion.com.ar\/web\/#website\",\"url\":\"https:\/\/pldistribucion.com.ar\/web\/\",\"name\":\"Perfomance Lube\",\"description\":\"\",\"publisher\":{\"@id\":\"https:\/\/pldistribucion.com.ar\/web\/#organization\"},\"potentialAction\":[{\"@type\":\"SearchAction\",\"target\":{\"@type\":\"EntryPoint\",\"urlTemplate\":\"https:\/\/pldistribucion.com.ar\/web\/?s={search_term_string}\"},\"query-input\":\"required name=search_term_string\"}],\"inLanguage\":\"es\"},{\"@type\":\"Organization\",\"@id\":\"https:\/\/pldistribucion.com.ar\/web\/#organization\",\"name\":\"PERFORMANCE LUBE\",\"url\":\"https:\/\/pldistribucion.com.ar\/web\/\",\"logo\":{\"@type\":\"ImageObject\",\"inLanguage\":\"es\",\"@id\":\"https:\/\/pldistribucion.com.ar\/web\/#\/schema\/logo\/image\/\",\"url\":\"https:\/\/pldistribucion.com.ar\/web\/wp-content\/uploads\/pld_logo_GB-removebg-preview.png\",\"contentUrl\":\"https:\/\/pldistribucion.com.ar\/web\/wp-content\/uploads\/pld_logo_GB-removebg-preview.png\",\"width\":787,\"height\":317,\"caption\":\"PERFORMANCE LUBE\"},\"image\":{\"@id\":\"https:\/\/pldistribucion.com.ar\/web\/#\/schema\/logo\/image\/\"}}]}<\/script>\n<!-- \/ Yoast SEO plugin. -->","yoast_head_json":{"title":"SHELL OMALA S2 GX 460 - Perfomance Lube - Lubricantes","description":"Distribuidor de lubricantes SHELL, de diferentes a plicaciones. Env\u00edos a todo el pa\u00eds. Variedad de productos y stock disponible.SHELL OMALA S2 GX 460","robots":{"index":"index","follow":"follow","max-snippet":"max-snippet:-1","max-image-preview":"max-image-preview:large","max-video-preview":"max-video-preview:-1"},"canonical":"https:\/\/pldistribucion.com.ar\/web\/producto\/shell-omala-s2-gx-460\/","og_locale":"es_ES","og_type":"article","og_title":"SHELL OMALA S2 GX 460 - Perfomance Lube - Lubricantes","og_description":"Distribuidor de lubricantes SHELL, de diferentes a plicaciones. Env\u00edos a todo el pa\u00eds. Variedad de productos y stock disponible.SHELL OMALA S2 GX 460","og_url":"https:\/\/pldistribucion.com.ar\/web\/producto\/shell-omala-s2-gx-460\/","og_site_name":"Perfomance Lube","article_modified_time":"2022-06-27T15:56:45+00:00","og_image":[{"width":215,"height":215,"url":"https:\/\/pldistribucion.com.ar\/web\/wp-content\/uploads\/foto-1-6.jpg","type":"image\/jpeg"}],"twitter_card":"summary_large_image","twitter_misc":{"Tiempo de lectura":"1 minuto"},"schema":{"@context":"https:\/\/schema.org","@graph":[{"@type":"WebPage","@id":"https:\/\/pldistribucion.com.ar\/web\/producto\/shell-omala-s2-gx-460\/","url":"https:\/\/pldistribucion.com.ar\/web\/producto\/shell-omala-s2-gx-460\/","name":"SHELL OMALA S2 GX 460 - Perfomance Lube - Lubricantes","isPartOf":{"@id":"https:\/\/pldistribucion.com.ar\/web\/#website"},"primaryImageOfPage":{"@id":"https:\/\/pldistribucion.com.ar\/web\/producto\/shell-omala-s2-gx-460\/#primaryimage"},"image":{"@id":"https:\/\/pldistribucion.com.ar\/web\/producto\/shell-omala-s2-gx-460\/#primaryimage"},"thumbnailUrl":"https:\/\/pldistribucion.com.ar\/web\/wp-content\/uploads\/foto-1-6.jpg","datePublished":"2020-01-24T20:06:23+00:00","dateModified":"2022-06-27T15:56:45+00:00","description":"Distribuidor de lubricantes SHELL, de diferentes a plicaciones. Env\u00edos a todo el pa\u00eds. Variedad de productos y stock disponible.SHELL OMALA S2 GX 460","breadcrumb":{"@id":"https:\/\/pldistribucion.com.ar\/web\/producto\/shell-omala-s2-gx-460\/#breadcrumb"},"inLanguage":"es","potentialAction":[{"@type":"ReadAction","target":["https:\/\/pldistribucion.com.ar\/web\/producto\/shell-omala-s2-gx-460\/"]}]},{"@type":"ImageObject","inLanguage":"es","@id":"https:\/\/pldistribucion.com.ar\/web\/producto\/shell-omala-s2-gx-460\/#primaryimage","url":"https:\/\/pldistribucion.com.ar\/web\/wp-content\/uploads\/foto-1-6.jpg","contentUrl":"https:\/\/pldistribucion.com.ar\/web\/wp-content\/uploads\/foto-1-6.jpg","width":215,"height":215,"caption":"SHELL OMALA S2 GX"},{"@type":"BreadcrumbList","@id":"https:\/\/pldistribucion.com.ar\/web\/producto\/shell-omala-s2-gx-460\/#breadcrumb","itemListElement":[{"@type":"ListItem","position":1,"name":"Portada","item":"https:\/\/pldistribucion.com.ar\/web\/"},{"@type":"ListItem","position":2,"name":"Productos","item":"https:\/\/pldistribucion.com.ar\/web\/productos\/"},{"@type":"ListItem","position":3,"name":"SHELL OMALA S2 GX 460"}]},{"@type":"WebSite","@id":"https:\/\/pldistribucion.com.ar\/web\/#website","url":"https:\/\/pldistribucion.com.ar\/web\/","name":"Perfomance Lube","description":"","publisher":{"@id":"https:\/\/pldistribucion.com.ar\/web\/#organization"},"potentialAction":[{"@type":"SearchAction","target":{"@type":"EntryPoint","urlTemplate":"https:\/\/pldistribucion.com.ar\/web\/?s={search_term_string}"},"query-input":"required name=search_term_string"}],"inLanguage":"es"},{"@type":"Organization","@id":"https:\/\/pldistribucion.com.ar\/web\/#organization","name":"PERFORMANCE LUBE","url":"https:\/\/pldistribucion.com.ar\/web\/","logo":{"@type":"ImageObject","inLanguage":"es","@id":"https:\/\/pldistribucion.com.ar\/web\/#\/schema\/logo\/image\/","url":"https:\/\/pldistribucion.com.ar\/web\/wp-content\/uploads\/pld_logo_GB-removebg-preview.png","contentUrl":"https:\/\/pldistribucion.com.ar\/web\/wp-content\/uploads\/pld_logo_GB-removebg-preview.png","width":787,"height":317,"caption":"PERFORMANCE LUBE"},"image":{"@id":"https:\/\/pldistribucion.com.ar\/web\/#\/schema\/logo\/image\/"}}]}},"_links":{"self":[{"href":"https:\/\/pldistribucion.com.ar\/web\/wp-json\/wp\/v2\/product\/567"}],"collection":[{"href":"https:\/\/pldistribucion.com.ar\/web\/wp-json\/wp\/v2\/product"}],"about":[{"href":"https:\/\/pldistribucion.com.ar\/web\/wp-json\/wp\/v2\/types\/product"}],"replies":[{"embeddable":true,"href":"https:\/\/pldistribucion.com.ar\/web\/wp-json\/wp\/v2\/comments?post=567"}],"wp:featuredmedia":[{"embeddable":true,"href":"https:\/\/pldistribucion.com.ar\/web\/wp-json\/wp\/v2\/media\/2964"}],"wp:attachment":[{"href":"https:\/\/pldistribucion.com.ar\/web\/wp-json\/wp\/v2\/media?parent=567"}],"wp:term":[{"taxonomy":"product_cat","embeddable":true,"href":"https:\/\/pldistribucion.com.ar\/web\/wp-json\/wp\/v2\/product_cat?post=567"},{"taxonomy":"product_tag","embeddable":true,"href":"https:\/\/pldistribucion.com.ar\/web\/wp-json\/wp\/v2\/product_tag?post=567"}],"curies":[{"name":"wp","href":"https:\/\/api.w.org\/{rel}","templated":true}]}}