{"id":550,"date":"2020-01-23T21:03:46","date_gmt":"2020-01-23T21:03:46","guid":{"rendered":"https:\/\/pldistribucion.com.ar\/web\/?post_type=product&#038;p=550"},"modified":"2022-06-27T15:48:34","modified_gmt":"2022-06-27T15:48:34","slug":"shell-mysella-s5-n-40","status":"publish","type":"product","link":"https:\/\/pldistribucion.com.ar\/web\/producto\/shell-mysella-s5-n-40\/","title":{"rendered":"SHELL MYSELLA S5 N 40"},"content":{"rendered":"<h1><strong style=\"font-size: 80%;\">MYSELLA S5 N 40 SHELL \/ LUBRICANTES<\/strong><\/h1>\n<p><span style=\"color: #000000;\">Shell Mysella S5 N 40 Aceite para motores a gas estacionarios de vida extendida y bajo ceniza.<\/span><\/p>\n<h3><span style=\"font-size: 80%;\"><strong><span style=\"background-color: #fcf56d;\">DESCRIPCI\u00d3N DEL PRODUCTO<\/span><\/strong><\/span><\/h3>\n<div><span style=\"color: #000000;\">Este es un aceite de alto rendimiento formulado para su uso en motores de 4 tiempos de encendido por chispa que requieren aceites con bajo contenido de cenizas.<\/span><\/div>\n<div><span style=\"color: #000000;\">Asi mismo se encuentra con una nueva generaci\u00f3n de motores de gas estacionarios dise\u00f1ados para cumplir con las nuevas restricciones de emisiones de NOx y aquellos que utilizan la \u00faltima tecnolog\u00eda de combusti\u00f3n \u00ablimpia\u00bb o \u00ablimpia\u00bb.<\/span><\/div>\n<div><span style=\"color: #000000;\">Tambi\u00e9n se desarroll\u00f3 espec\u00edficamente para proporcionar intervalos de drenaje extendidos para motores de gas natural donde la vida \u00fatil del aceite es un factor operativo restringido.<\/span><\/div>\n<h3><span style=\"font-size: 80%;\"><strong><span style=\"background-color: #fcf56d;\">DESEMPE\u00d1O, CARACTER\u00cdSTICAS Y BENEFICIOS<\/span><\/strong><\/span><\/h3>\n<ul>\n<li><span style=\"color: #000000;\">Shell Mycella S5 N 40 proporciona una mayor vida \u00fatil del aceite al resistir la oxidaci\u00f3n, la nitraci\u00f3n, el aumento de la viscosidad y la formaci\u00f3n de \u00e1cidos nocivos, especialmente en aplicaciones que requieren HPC.<\/span><\/li>\n<li><span style=\"color: #000000;\">Brinda alta protecci\u00f3n al motor, excelente control de sedimentos y limpieza del pist\u00f3n en dise\u00f1os de motores avanzados.<\/span><\/li>\n<li><span style=\"color: #000000;\">Dise\u00f1ado para ayudar a prevenir golpes y permitir que el motor funcione a plena carga, la eficiencia \u00f3ptima y el control de la viscosidad ayudan a reducir la p\u00e9rdida por fricci\u00f3n del motor.<\/span><\/li>\n<\/ul>\n<h3><span style=\"font-size: 80%;\"><strong><span style=\"background-color: #fcf56d;\">APLICACIONES<\/span><\/strong><\/span><\/h3>\n<ul>\n<li><span style=\"color: #000000;\">Motores estacionarios de cuatro tiempos alimentados con gas natural, especialmente aquellos en los que el aceite est\u00e1 sometido a condiciones de trabajo exigentes: alta presi\u00f3n y temperatura. Tambi\u00e9n se aplica a motores que trabajan con gas de vertedero y biog\u00e1s.<\/span><\/li>\n<\/ul>\n<h3><span style=\"font-size: 16.128px; background-color: #fcf56d;\"><b>ESPECIFICACIONES<\/b><\/span><\/h3>\n<ul>\n<li><span style=\"color: #000000;\">Cummins: QSV 81G\/91G, QSK 60G<\/span><\/li>\n<li><span style=\"color: #000000;\">INNIO Jenbacher Series 2,3 ,4 y CAT Series 4 y 6<\/span><\/li>\n<li><span style=\"color: #000000;\">Guascor: FGLD, SFGLD<\/span><\/li>\n<li><span style=\"color: #000000;\">MAN D&amp;T Medium Speed Engines for Gas Operation<\/span><\/li>\n<li><span style=\"color: #000000;\">MAN T&amp;B: M3271-2<\/span><\/li>\n<li><span style=\"color: #000000;\">MTU Series 4000 L61, L62, L63, L64 and L32\/L33<\/span><\/li>\n<li><span style=\"color: #000000;\">MTU Onsite Energy Series 400<\/span><\/li>\n<li><span style=\"color: #000000;\">MWM gas engines \u2013 TR 2105<\/span><\/li>\n<li><span style=\"color: #000000;\">Caterpillar CG132, CG170, CG260 \u2013 TR 2105<\/span><\/li>\n<li><span style=\"color: #000000;\">MAK: GCM 34 Categor\u00eda 1<\/span><\/li>\n<li><span style=\"color: #000000;\">Rolls Royce: KG-1, KG-2, KG-3, KG-4, BV-G, CR-G<\/span><\/li>\n<li><span style=\"color: #000000;\">Perkins: 4000 series<\/span><\/li>\n<li><span style=\"color: #000000;\">Wartsila: W 34SG, W 50SG, W 20DF, W 32DF, W 34DF, W<\/span><br \/>\n<span style=\"color: #000000;\">50DF, W25SG, W28SG, W 175SG, W 220SG<\/span><\/li>\n<li><span style=\"color: #000000;\">Waukesha Cogen y 220 GL (Gas natural)<\/span><\/li>\n<\/ul>\n<p><span style=\"color: #000080;\"><strong><a style=\"color: #000080;\" href=\"https:\/\/pldistribucion.com.ar\/web\/wp-content\/uploads\/FICHA-4-1.pdf\" target=\"_blank\" rel=\"noopener\">Ver ficha t\u00e9cnica<\/a><\/strong><\/span><\/p>\n<p><span style=\"color: #000080;\"><strong><a style=\"color: #000080;\" href=\"https:\/\/pldistribucion.com.ar\/web\/categoria-producto\/lubricantes\/?filter_marcas=shell\">Ver m\u00e1s productos Shell<\/a><\/strong><\/span><\/p>\n<p><span style=\"color: #000000;\">(Shell fabrica y comercializa lubricantes y grasas para uso en motos, veh\u00edculos de transporte, construcci\u00f3n, agricultura e industria. Constantemente reaccionamos a las necesidades cambiantes de cada sector para que usted disponga de los lubricantes de calidad que le permitan optimizar la eficiencia de sus equipos y a\u00f1adir valor a su negocio).<\/span><\/p>\n<p><span style=\"color: #000080;\"><strong><a style=\"color: #000080;\" href=\"https:\/\/www.shell.com.ar\/acerca-de-shell\/la-marca-shell.html#:~:text=La%20palabra%20Shell%20se%20utiliz%C3%B3,conchas%20marinas%20procedentes%20de%20Oriente.\" target=\"_blank\" rel=\"noopener\">Conoce m\u00e1s sobre SHELL<\/a><\/strong><\/span><\/p>\n","protected":false},"excerpt":{"rendered":"<p><img loading=\"lazy\" decoding=\"async\" class=\"alignnone size-full wp-image-284\" src=\"https:\/\/pldistribucion.com.ar\/web\/wp-content\/uploads\/shell.png\" alt=\"\" width=\"200\" height=\"200\" \/><\/p>\n<h1>Shell Lubricantes<\/h1>\n<p>Shell vende una amplia variedad de lubricantes para satisfacer las necesidades de los clientes a trav\u00e9s de una gama de productos para el autom\u00f3vil de calle, el transporte pesado, la miner\u00eda, la generaci\u00f3n de energ\u00eda y la ingenier\u00eda general. La cartera de productos de lubricantes Shell incluye Shell Helix, Shell Rimula y Shell Spirax. Con 70 plantas en todo el mundo, somos productores de aceites que se distribuyen, comercializan y venden en m\u00e1s de 100 pa\u00edses.<\/p>\n","protected":false},"featured_media":1016,"comment_status":"open","ping_status":"closed","template":"","meta":[],"product_cat":[16,34],"product_tag":[],"yoast_head":"<!-- This site is optimized with the Yoast SEO plugin v23.0 - https:\/\/yoast.com\/wordpress\/plugins\/seo\/ -->\n<title>SHELL MYSELLA S5 N 40 - Perfomance Lube - Lubricantes<\/title>\n<meta name=\"description\" content=\"Distribuidor de lubricantes SHELL, l\u00ednea MYSELLA de diferentes aplicaciones. Env\u00edos a todo el pa\u00eds. Variedad de productos y stock disponible.\" \/>\n<meta name=\"robots\" content=\"index, follow, max-snippet:-1, max-image-preview:large, max-video-preview:-1\" \/>\n<link rel=\"canonical\" href=\"https:\/\/pldistribucion.com.ar\/web\/producto\/shell-mysella-s5-n-40\/\" \/>\n<meta property=\"og:locale\" content=\"es_ES\" \/>\n<meta property=\"og:type\" content=\"article\" \/>\n<meta property=\"og:title\" content=\"SHELL MYSELLA S5 N 40 - Perfomance Lube - Lubricantes\" \/>\n<meta property=\"og:description\" content=\"Distribuidor de lubricantes SHELL, l\u00ednea MYSELLA de diferentes aplicaciones. Env\u00edos a todo el pa\u00eds. Variedad de productos y stock disponible.\" \/>\n<meta property=\"og:url\" content=\"https:\/\/pldistribucion.com.ar\/web\/producto\/shell-mysella-s5-n-40\/\" \/>\n<meta property=\"og:site_name\" content=\"Perfomance Lube\" \/>\n<meta property=\"article:modified_time\" content=\"2022-06-27T15:48:34+00:00\" \/>\n<meta property=\"og:image\" content=\"https:\/\/pldistribucion.com.ar\/web\/wp-content\/uploads\/mysella_s5_n.jpg\" \/>\n\t<meta property=\"og:image:width\" content=\"596\" \/>\n\t<meta property=\"og:image:height\" content=\"596\" \/>\n\t<meta property=\"og:image:type\" content=\"image\/jpeg\" \/>\n<meta name=\"twitter:card\" content=\"summary_large_image\" \/>\n<meta name=\"twitter:label1\" content=\"Tiempo de lectura\" \/>\n\t<meta name=\"twitter:data1\" content=\"2 minutos\" \/>\n<script type=\"application\/ld+json\" class=\"yoast-schema-graph\">{\"@context\":\"https:\/\/schema.org\",\"@graph\":[{\"@type\":\"WebPage\",\"@id\":\"https:\/\/pldistribucion.com.ar\/web\/producto\/shell-mysella-s5-n-40\/\",\"url\":\"https:\/\/pldistribucion.com.ar\/web\/producto\/shell-mysella-s5-n-40\/\",\"name\":\"SHELL MYSELLA S5 N 40 - Perfomance Lube - Lubricantes\",\"isPartOf\":{\"@id\":\"https:\/\/pldistribucion.com.ar\/web\/#website\"},\"primaryImageOfPage\":{\"@id\":\"https:\/\/pldistribucion.com.ar\/web\/producto\/shell-mysella-s5-n-40\/#primaryimage\"},\"image\":{\"@id\":\"https:\/\/pldistribucion.com.ar\/web\/producto\/shell-mysella-s5-n-40\/#primaryimage\"},\"thumbnailUrl\":\"https:\/\/pldistribucion.com.ar\/web\/wp-content\/uploads\/mysella_s5_n.jpg\",\"datePublished\":\"2020-01-23T21:03:46+00:00\",\"dateModified\":\"2022-06-27T15:48:34+00:00\",\"description\":\"Distribuidor de lubricantes SHELL, l\u00ednea MYSELLA de diferentes aplicaciones. Env\u00edos a todo el pa\u00eds. Variedad de productos y stock disponible.\",\"breadcrumb\":{\"@id\":\"https:\/\/pldistribucion.com.ar\/web\/producto\/shell-mysella-s5-n-40\/#breadcrumb\"},\"inLanguage\":\"es\",\"potentialAction\":[{\"@type\":\"ReadAction\",\"target\":[\"https:\/\/pldistribucion.com.ar\/web\/producto\/shell-mysella-s5-n-40\/\"]}]},{\"@type\":\"ImageObject\",\"inLanguage\":\"es\",\"@id\":\"https:\/\/pldistribucion.com.ar\/web\/producto\/shell-mysella-s5-n-40\/#primaryimage\",\"url\":\"https:\/\/pldistribucion.com.ar\/web\/wp-content\/uploads\/mysella_s5_n.jpg\",\"contentUrl\":\"https:\/\/pldistribucion.com.ar\/web\/wp-content\/uploads\/mysella_s5_n.jpg\",\"width\":596,\"height\":596},{\"@type\":\"BreadcrumbList\",\"@id\":\"https:\/\/pldistribucion.com.ar\/web\/producto\/shell-mysella-s5-n-40\/#breadcrumb\",\"itemListElement\":[{\"@type\":\"ListItem\",\"position\":1,\"name\":\"Portada\",\"item\":\"https:\/\/pldistribucion.com.ar\/web\/\"},{\"@type\":\"ListItem\",\"position\":2,\"name\":\"Productos\",\"item\":\"https:\/\/pldistribucion.com.ar\/web\/productos\/\"},{\"@type\":\"ListItem\",\"position\":3,\"name\":\"SHELL MYSELLA S5 N 40\"}]},{\"@type\":\"WebSite\",\"@id\":\"https:\/\/pldistribucion.com.ar\/web\/#website\",\"url\":\"https:\/\/pldistribucion.com.ar\/web\/\",\"name\":\"Perfomance Lube\",\"description\":\"\",\"publisher\":{\"@id\":\"https:\/\/pldistribucion.com.ar\/web\/#organization\"},\"potentialAction\":[{\"@type\":\"SearchAction\",\"target\":{\"@type\":\"EntryPoint\",\"urlTemplate\":\"https:\/\/pldistribucion.com.ar\/web\/?s={search_term_string}\"},\"query-input\":\"required name=search_term_string\"}],\"inLanguage\":\"es\"},{\"@type\":\"Organization\",\"@id\":\"https:\/\/pldistribucion.com.ar\/web\/#organization\",\"name\":\"PERFORMANCE LUBE\",\"url\":\"https:\/\/pldistribucion.com.ar\/web\/\",\"logo\":{\"@type\":\"ImageObject\",\"inLanguage\":\"es\",\"@id\":\"https:\/\/pldistribucion.com.ar\/web\/#\/schema\/logo\/image\/\",\"url\":\"https:\/\/pldistribucion.com.ar\/web\/wp-content\/uploads\/pld_logo_GB-removebg-preview.png\",\"contentUrl\":\"https:\/\/pldistribucion.com.ar\/web\/wp-content\/uploads\/pld_logo_GB-removebg-preview.png\",\"width\":787,\"height\":317,\"caption\":\"PERFORMANCE LUBE\"},\"image\":{\"@id\":\"https:\/\/pldistribucion.com.ar\/web\/#\/schema\/logo\/image\/\"}}]}<\/script>\n<!-- \/ Yoast SEO plugin. -->","yoast_head_json":{"title":"SHELL MYSELLA S5 N 40 - Perfomance Lube - Lubricantes","description":"Distribuidor de lubricantes SHELL, l\u00ednea MYSELLA de diferentes aplicaciones. Env\u00edos a todo el pa\u00eds. Variedad de productos y stock disponible.","robots":{"index":"index","follow":"follow","max-snippet":"max-snippet:-1","max-image-preview":"max-image-preview:large","max-video-preview":"max-video-preview:-1"},"canonical":"https:\/\/pldistribucion.com.ar\/web\/producto\/shell-mysella-s5-n-40\/","og_locale":"es_ES","og_type":"article","og_title":"SHELL MYSELLA S5 N 40 - Perfomance Lube - Lubricantes","og_description":"Distribuidor de lubricantes SHELL, l\u00ednea MYSELLA de diferentes aplicaciones. Env\u00edos a todo el pa\u00eds. Variedad de productos y stock disponible.","og_url":"https:\/\/pldistribucion.com.ar\/web\/producto\/shell-mysella-s5-n-40\/","og_site_name":"Perfomance Lube","article_modified_time":"2022-06-27T15:48:34+00:00","og_image":[{"width":596,"height":596,"url":"https:\/\/pldistribucion.com.ar\/web\/wp-content\/uploads\/mysella_s5_n.jpg","type":"image\/jpeg"}],"twitter_card":"summary_large_image","twitter_misc":{"Tiempo de lectura":"2 minutos"},"schema":{"@context":"https:\/\/schema.org","@graph":[{"@type":"WebPage","@id":"https:\/\/pldistribucion.com.ar\/web\/producto\/shell-mysella-s5-n-40\/","url":"https:\/\/pldistribucion.com.ar\/web\/producto\/shell-mysella-s5-n-40\/","name":"SHELL MYSELLA S5 N 40 - Perfomance Lube - Lubricantes","isPartOf":{"@id":"https:\/\/pldistribucion.com.ar\/web\/#website"},"primaryImageOfPage":{"@id":"https:\/\/pldistribucion.com.ar\/web\/producto\/shell-mysella-s5-n-40\/#primaryimage"},"image":{"@id":"https:\/\/pldistribucion.com.ar\/web\/producto\/shell-mysella-s5-n-40\/#primaryimage"},"thumbnailUrl":"https:\/\/pldistribucion.com.ar\/web\/wp-content\/uploads\/mysella_s5_n.jpg","datePublished":"2020-01-23T21:03:46+00:00","dateModified":"2022-06-27T15:48:34+00:00","description":"Distribuidor de lubricantes SHELL, l\u00ednea MYSELLA de diferentes aplicaciones. Env\u00edos a todo el pa\u00eds. Variedad de productos y stock disponible.","breadcrumb":{"@id":"https:\/\/pldistribucion.com.ar\/web\/producto\/shell-mysella-s5-n-40\/#breadcrumb"},"inLanguage":"es","potentialAction":[{"@type":"ReadAction","target":["https:\/\/pldistribucion.com.ar\/web\/producto\/shell-mysella-s5-n-40\/"]}]},{"@type":"ImageObject","inLanguage":"es","@id":"https:\/\/pldistribucion.com.ar\/web\/producto\/shell-mysella-s5-n-40\/#primaryimage","url":"https:\/\/pldistribucion.com.ar\/web\/wp-content\/uploads\/mysella_s5_n.jpg","contentUrl":"https:\/\/pldistribucion.com.ar\/web\/wp-content\/uploads\/mysella_s5_n.jpg","width":596,"height":596},{"@type":"BreadcrumbList","@id":"https:\/\/pldistribucion.com.ar\/web\/producto\/shell-mysella-s5-n-40\/#breadcrumb","itemListElement":[{"@type":"ListItem","position":1,"name":"Portada","item":"https:\/\/pldistribucion.com.ar\/web\/"},{"@type":"ListItem","position":2,"name":"Productos","item":"https:\/\/pldistribucion.com.ar\/web\/productos\/"},{"@type":"ListItem","position":3,"name":"SHELL MYSELLA S5 N 40"}]},{"@type":"WebSite","@id":"https:\/\/pldistribucion.com.ar\/web\/#website","url":"https:\/\/pldistribucion.com.ar\/web\/","name":"Perfomance Lube","description":"","publisher":{"@id":"https:\/\/pldistribucion.com.ar\/web\/#organization"},"potentialAction":[{"@type":"SearchAction","target":{"@type":"EntryPoint","urlTemplate":"https:\/\/pldistribucion.com.ar\/web\/?s={search_term_string}"},"query-input":"required name=search_term_string"}],"inLanguage":"es"},{"@type":"Organization","@id":"https:\/\/pldistribucion.com.ar\/web\/#organization","name":"PERFORMANCE LUBE","url":"https:\/\/pldistribucion.com.ar\/web\/","logo":{"@type":"ImageObject","inLanguage":"es","@id":"https:\/\/pldistribucion.com.ar\/web\/#\/schema\/logo\/image\/","url":"https:\/\/pldistribucion.com.ar\/web\/wp-content\/uploads\/pld_logo_GB-removebg-preview.png","contentUrl":"https:\/\/pldistribucion.com.ar\/web\/wp-content\/uploads\/pld_logo_GB-removebg-preview.png","width":787,"height":317,"caption":"PERFORMANCE LUBE"},"image":{"@id":"https:\/\/pldistribucion.com.ar\/web\/#\/schema\/logo\/image\/"}}]}},"_links":{"self":[{"href":"https:\/\/pldistribucion.com.ar\/web\/wp-json\/wp\/v2\/product\/550"}],"collection":[{"href":"https:\/\/pldistribucion.com.ar\/web\/wp-json\/wp\/v2\/product"}],"about":[{"href":"https:\/\/pldistribucion.com.ar\/web\/wp-json\/wp\/v2\/types\/product"}],"replies":[{"embeddable":true,"href":"https:\/\/pldistribucion.com.ar\/web\/wp-json\/wp\/v2\/comments?post=550"}],"wp:featuredmedia":[{"embeddable":true,"href":"https:\/\/pldistribucion.com.ar\/web\/wp-json\/wp\/v2\/media\/1016"}],"wp:attachment":[{"href":"https:\/\/pldistribucion.com.ar\/web\/wp-json\/wp\/v2\/media?parent=550"}],"wp:term":[{"taxonomy":"product_cat","embeddable":true,"href":"https:\/\/pldistribucion.com.ar\/web\/wp-json\/wp\/v2\/product_cat?post=550"},{"taxonomy":"product_tag","embeddable":true,"href":"https:\/\/pldistribucion.com.ar\/web\/wp-json\/wp\/v2\/product_tag?post=550"}],"curies":[{"name":"wp","href":"https:\/\/api.w.org\/{rel}","templated":true}]}}