{"id":5472,"date":"2022-10-27T15:04:02","date_gmt":"2022-10-27T15:04:02","guid":{"rendered":"https:\/\/pldistribucion.com.ar\/web\/?post_type=product&#038;p=5472"},"modified":"2023-05-29T11:24:55","modified_gmt":"2023-05-29T11:24:55","slug":"pace-neumatico-pm216-215-75-r22-5","status":"publish","type":"product","link":"https:\/\/pldistribucion.com.ar\/web\/producto\/pace-neumatico-pm216-215-75-r22-5\/","title":{"rendered":"PACE NEUM\u00c1TICO PM216 215\/75 R22.5"},"content":{"rendered":"<h1><strong><span style=\"font-size: 80%;\">PACE NEUM\u00c1TICO PM216 215\/75 R22.5<\/span><\/strong><\/h1>\n<p><span style=\"color: #000000;\">PACE NEUM\u00c1TICO PM216 215\/75 R22.5 &#8211; De aplicaci\u00f3n LINEAL.<\/span><\/p>\n<ul>\n<li><strong><span style=\"background-color: #bce2e6;\">Categor\u00eda: Camiones<\/span><\/strong><\/li>\n<\/ul>\n<p><span style=\"color: #000000;\">Las ruedas<\/span> <b>Pace<\/b>, <span style=\"color: #000000;\">se caracterizan por desarrollar prestaciones de alto rendimiento a los veh\u00edculos, transmitiendo en cada momento una inmejorable experiencia durante la conducci\u00f3n.<\/span><\/p>\n<table id=\"product-attribute-specs-table\" class=\"data table additional-attributes\">\n<caption class=\"table-caption\"><span style=\"color: #000000;\">M\u00e1s Informaci\u00f3n<\/span><\/caption>\n<tbody>\n<tr>\n<th class=\"col\" scope=\"row\">Perfil Neum\u00e1tico<\/p>\n<div class=\"ficha-tooltip\" title=\"\" data-toggle=\"tooltip\" data-placement=\"right\" data-original-title=\"Distancia desde la llanta hasta la banda de rodamiento. El perfil se representa como un porcentage del ancho del neum\u00e1tico.\"><\/div>\n<\/th>\n<td class=\"col data\" data-th=\"Perfil Neum\u00e1tico\">80<\/td>\n<\/tr>\n<tr>\n<th class=\"col\" scope=\"row\">Aro<\/p>\n<div class=\"ficha-tooltip\" title=\"\" data-toggle=\"tooltip\" data-placement=\"right\" data-original-title=\"Se refiere a la medida de la llanta o rin\"><\/div>\n<\/th>\n<td class=\"col data\" data-th=\"Aro\">22.5<\/td>\n<\/tr>\n<tr>\n<th class=\"col label\" scope=\"row\">Modelo<\/th>\n<td class=\"col data\" data-th=\"Modelo\">PM216<\/td>\n<\/tr>\n<tr>\n<th class=\"col label\" scope=\"row\">Tama\u00f1o<\/th>\n<td class=\"col data\" data-th=\"Tama\u00f1o Neum\u00e1tico\">275\/80R22.5 DIR-ON<\/td>\n<\/tr>\n<tr>\n<th class=\"col label\" scope=\"row\">Marca<\/th>\n<td class=\"col data\" data-th=\"Marca\">Camion Pace<\/td>\n<\/tr>\n<tr>\n<th class=\"col label\" scope=\"row\">Runflat<\/th>\n<td class=\"col data\" data-th=\"Runflat\">No<\/td>\n<\/tr>\n<tr>\n<th class=\"col\" scope=\"row\">\u00cdndice de Carga<\/p>\n<div class=\"ficha-tooltip\" title=\"\" data-toggle=\"tooltip\" data-placement=\"right\" data-original-title=\"Es un c\u00f3digo num\u00e9rico que corresponde a la carga m\u00e1xima que un neum\u00e1tico puede soportar.\"><\/div>\n<\/th>\n<td class=\"col data\" data-th=\"\u00cdndice de Carga\">147\/144<\/td>\n<\/tr>\n<tr>\n<th class=\"col\" scope=\"row\">\u00cdndice de Velocidad<\/p>\n<div class=\"ficha-tooltip\" title=\"\" data-toggle=\"tooltip\" data-placement=\"right\" data-original-title=\"Es un c\u00f3digo alfab\u00e9tico (y tambi\u00e9n num\u00e9rico para los neum\u00e1ticos con letra A) cuya principal funci\u00f3n es la de se\u00f1alar la velocidad m\u00e1xima que un neum\u00e1tico puede alcanzar o soportar.\"><\/div>\n<\/th>\n<td class=\"col data\" data-th=\"\u00cdndice de Velocidad\">M<\/td>\n<\/tr>\n<tr>\n<th class=\"col label\" scope=\"row\">codigoset<\/th>\n<td class=\"col data\" data-th=\"codigoset\">No<\/td>\n<\/tr>\n<tr>\n<th class=\"col label\" scope=\"row\">PR<\/th>\n<td class=\"col data\" data-th=\"PR\">16<\/td>\n<\/tr>\n<tr>\n<th class=\"col label\" scope=\"row\">Reforzado<\/th>\n<td class=\"col data\" data-th=\"Reforzado\">No<\/td>\n<\/tr>\n<tr>\n<th class=\"col label\" scope=\"row\">Estilo Neum\u00e1tico<\/th>\n<td class=\"col data\" data-th=\"Estilo Neum\u00e1tico\">CAMION<\/td>\n<\/tr>\n<tr>\n<th class=\"col label\" scope=\"row\">Protector de Llanta<\/th>\n<td class=\"col data\" data-th=\"Protector de Llanta\">No<\/td>\n<\/tr>\n<tr>\n<th class=\"col label\" scope=\"row\">Aplicaci\u00f3n<\/th>\n<td class=\"col data\" data-th=\"\u00bfUsa C\u00e1mara?\">LINEAL<\/td>\n<\/tr>\n<tr>\n<th class=\"col label\" scope=\"row\">Uso<\/th>\n<td class=\"col data\" data-th=\"Uso\">DIRON<\/td>\n<\/tr>\n<tr>\n<th class=\"col label\" scope=\"row\">Dise\u00f1o lateral<\/th>\n<td class=\"col data\" data-th=\"Dise\u00f1o lateral\">BLK<\/td>\n<\/tr>\n<\/tbody>\n<\/table>\n<div><\/div>\n<div><strong>Recomendaciones<\/strong>:<\/div>\n<div class=\"article-line row\">\n<p><span style=\"color: #000000;\">Una de las principales medidas de seguridad a la hora de emprender un viaje, es<\/span>\u00a0<b><i>revisar el estado en el que se encuentran nuestros neum\u00e1ticos<\/i><\/b>.<\/p>\n<p><span style=\"color: #000000;\">Un neum\u00e1tico gastado o con poco dibujo,<\/span>\u00a0<b><i>puede hacernos provocar un accidente<\/i><\/b>\u00a0<span style=\"color: #000000;\">vial en la carretera o en alg\u00fan camino de la ciudad.<\/span><\/p>\n<p><span style=\"color: #000000;\">Elegir un neum\u00e1tico que este certificado con los m\u00e1s altos est\u00e1ndares de calidad y que brinden las m\u00e1ximas garant\u00edas en seguridad, puede parecer una<\/span> <span style=\"color: #000000;\">pesadilla.<\/span><\/p>\n<p><span style=\"color: #000000;\">Pero con los<\/span>\u00a0<b><i>neum\u00e1ticos Pace,<\/i><\/b>\u00a0<span style=\"color: #000000;\">tu viaje est\u00e1 garantizado. Porqu\u00e9 te ofrece la<\/span>\u00a0<b><i>m\u00e1xima calidad en neum\u00e1ticos<\/i><\/b>\u00a0<span style=\"color: #000000;\">para todo tipo de veh\u00edculos.<\/span><\/p>\n<hr \/>\n<\/div>\n<div>\n<div><a href=\"https:\/\/pldistribucion.com.ar\/web\/categoria-producto\/neumati-cos\/\" target=\"_blank\" rel=\"noopener\"><span style=\"color: #000080;\"><b>Ver m\u00e1s Neum\u00e1ticos<\/b><\/span><\/a><\/div>\n<div><\/div>\n<div>La tecnolog\u00edas m\u00e1s innovadoras en los neum\u00e1ticos Pace.<\/div>\n<\/div>\n<div>Pace, empresa china, vio la luz por primera vez en 2008, convirti\u00e9ndose en una de las f\u00e1bricas m\u00e1s modernas de todo el mundo. Gracias a esta inversi\u00f3n en la fabricaci\u00f3n de neum\u00e1ticos cuentan con las tecnolog\u00edas m\u00e1s innovadoras del mercado lo que les permite crear un neum\u00e1tico \u00fanico en el mundo.<\/div>\n<div><\/div>\n<div><strong><span style=\"color: #000080;\"><a style=\"color: #000080;\" href=\"https:\/\/www.neumaticos-pneus-online.es\/auto-neumatico\/pace\/#:~:text=Pace%2C%20empresa%20china%2C%20vio%20la,neum%C3%A1tico%20%C3%BAnico%20en%20el%20mundo.\" target=\"_blank\" rel=\"noopener\">Conoce m\u00e1s sobre PACE<\/a><\/span><\/strong><\/div>\n<div><\/div>\n","protected":false},"excerpt":{"rendered":"<p><img loading=\"lazy\" decoding=\"async\" class=\"alignnone wp-image-5473\" src=\"https:\/\/pldistribucion.com.ar\/web\/wp-content\/uploads\/logo-1-300x129.jpg\" alt=\"\" width=\"228\" height=\"98\" srcset=\"https:\/\/pldistribucion.com.ar\/web\/wp-content\/uploads\/logo-1-300x129.jpg 300w, https:\/\/pldistribucion.com.ar\/web\/wp-content\/uploads\/logo-1.jpg 319w\" sizes=\"(max-width: 228px) 100vw, 228px\" \/><\/p>\n<h2 style=\"text-align: left;\"><span style=\"font-size: 75%;\"><strong><a rel=\"noopener noreferrer\" href=\"https:\/\/performancelube.mercadoshops.com.ar\/MLA-1214969257-neumatico-pm216-pace-21575-r225-aplicacion-lineal-_JM#position=1&#038;search_layout=stack&#038;type=item&#038;tracking_id=bbc8064c-7b0a-4bdf-bbd3-38c8c93e73bd\" target=\"_blank\" class=\"button primary\"  >\n    <span>VER EN TIENDA ?<\/span>\n  <\/a>\n<span style=\"color: #69314d;\">\u00a0<\/span><\/strong><strong>\u00a0<\/strong><\/span><\/h2>\n<p>&nbsp;<\/p>\n<p>Las ruedas <b>Pace<\/b>, se caracterizan por desarrollar prestaciones de alto rendimiento a los veh\u00edculos, transmitiendo en cada momento una inmejorable experiencia durante la conducci\u00f3n.<\/p>\n","protected":false},"featured_media":5474,"comment_status":"open","ping_status":"closed","template":"","meta":[],"product_cat":[198],"product_tag":[],"yoast_head":"<!-- This site is optimized with the Yoast SEO plugin v23.0 - https:\/\/yoast.com\/wordpress\/plugins\/seo\/ -->\n<title>PACE NEUM\u00c1TICO PM216 215\/75 R22.5 - Perfomance Lube - Neum\u00e1ticos<\/title>\n<meta name=\"description\" content=\"Distribuidor de Neum\u00e1ticos de diferentes marcas. Env\u00edos a todo el pa\u00eds. Variedad de productos y stock disponible.PACE NEUM\u00c1TICO PM216 215\/75 R22.5\" \/>\n<meta name=\"robots\" content=\"index, follow, max-snippet:-1, max-image-preview:large, max-video-preview:-1\" \/>\n<link rel=\"canonical\" href=\"https:\/\/pldistribucion.com.ar\/web\/producto\/pace-neumatico-pm216-215-75-r22-5\/\" \/>\n<meta property=\"og:locale\" content=\"es_ES\" \/>\n<meta property=\"og:type\" content=\"article\" \/>\n<meta property=\"og:title\" content=\"PACE NEUM\u00c1TICO PM216 215\/75 R22.5 - Perfomance Lube - Neum\u00e1ticos\" \/>\n<meta property=\"og:description\" content=\"Distribuidor de Neum\u00e1ticos de diferentes marcas. Env\u00edos a todo el pa\u00eds. Variedad de productos y stock disponible.PACE NEUM\u00c1TICO PM216 215\/75 R22.5\" \/>\n<meta property=\"og:url\" content=\"https:\/\/pldistribucion.com.ar\/web\/producto\/pace-neumatico-pm216-215-75-r22-5\/\" \/>\n<meta property=\"og:site_name\" content=\"Perfomance Lube\" \/>\n<meta property=\"article:modified_time\" content=\"2023-05-29T11:24:55+00:00\" \/>\n<meta property=\"og:image\" content=\"https:\/\/pldistribucion.com.ar\/web\/wp-content\/uploads\/paceeee.jpg\" \/>\n\t<meta property=\"og:image:width\" content=\"277\" \/>\n\t<meta property=\"og:image:height\" content=\"320\" \/>\n\t<meta property=\"og:image:type\" content=\"image\/jpeg\" \/>\n<meta name=\"twitter:card\" content=\"summary_large_image\" \/>\n<meta name=\"twitter:label1\" content=\"Tiempo de lectura\" \/>\n\t<meta name=\"twitter:data1\" content=\"2 minutos\" \/>\n<script type=\"application\/ld+json\" class=\"yoast-schema-graph\">{\"@context\":\"https:\/\/schema.org\",\"@graph\":[{\"@type\":\"WebPage\",\"@id\":\"https:\/\/pldistribucion.com.ar\/web\/producto\/pace-neumatico-pm216-215-75-r22-5\/\",\"url\":\"https:\/\/pldistribucion.com.ar\/web\/producto\/pace-neumatico-pm216-215-75-r22-5\/\",\"name\":\"PACE NEUM\u00c1TICO PM216 215\/75 R22.5 - Perfomance Lube - Neum\u00e1ticos\",\"isPartOf\":{\"@id\":\"https:\/\/pldistribucion.com.ar\/web\/#website\"},\"primaryImageOfPage\":{\"@id\":\"https:\/\/pldistribucion.com.ar\/web\/producto\/pace-neumatico-pm216-215-75-r22-5\/#primaryimage\"},\"image\":{\"@id\":\"https:\/\/pldistribucion.com.ar\/web\/producto\/pace-neumatico-pm216-215-75-r22-5\/#primaryimage\"},\"thumbnailUrl\":\"https:\/\/pldistribucion.com.ar\/web\/wp-content\/uploads\/paceeee.jpg\",\"datePublished\":\"2022-10-27T15:04:02+00:00\",\"dateModified\":\"2023-05-29T11:24:55+00:00\",\"description\":\"Distribuidor de Neum\u00e1ticos de diferentes marcas. Env\u00edos a todo el pa\u00eds. Variedad de productos y stock disponible.PACE NEUM\u00c1TICO PM216 215\/75 R22.5\",\"breadcrumb\":{\"@id\":\"https:\/\/pldistribucion.com.ar\/web\/producto\/pace-neumatico-pm216-215-75-r22-5\/#breadcrumb\"},\"inLanguage\":\"es\",\"potentialAction\":[{\"@type\":\"ReadAction\",\"target\":[\"https:\/\/pldistribucion.com.ar\/web\/producto\/pace-neumatico-pm216-215-75-r22-5\/\"]}]},{\"@type\":\"ImageObject\",\"inLanguage\":\"es\",\"@id\":\"https:\/\/pldistribucion.com.ar\/web\/producto\/pace-neumatico-pm216-215-75-r22-5\/#primaryimage\",\"url\":\"https:\/\/pldistribucion.com.ar\/web\/wp-content\/uploads\/paceeee.jpg\",\"contentUrl\":\"https:\/\/pldistribucion.com.ar\/web\/wp-content\/uploads\/paceeee.jpg\",\"width\":277,\"height\":320,\"caption\":\"PACE NEUM\u00c1TICO PM210 295\/80 R22.5\"},{\"@type\":\"BreadcrumbList\",\"@id\":\"https:\/\/pldistribucion.com.ar\/web\/producto\/pace-neumatico-pm216-215-75-r22-5\/#breadcrumb\",\"itemListElement\":[{\"@type\":\"ListItem\",\"position\":1,\"name\":\"Portada\",\"item\":\"https:\/\/pldistribucion.com.ar\/web\/\"},{\"@type\":\"ListItem\",\"position\":2,\"name\":\"Productos\",\"item\":\"https:\/\/pldistribucion.com.ar\/web\/productos\/\"},{\"@type\":\"ListItem\",\"position\":3,\"name\":\"PACE NEUM\u00c1TICO PM216 215\/75 R22.5\"}]},{\"@type\":\"WebSite\",\"@id\":\"https:\/\/pldistribucion.com.ar\/web\/#website\",\"url\":\"https:\/\/pldistribucion.com.ar\/web\/\",\"name\":\"Perfomance Lube\",\"description\":\"\",\"publisher\":{\"@id\":\"https:\/\/pldistribucion.com.ar\/web\/#organization\"},\"potentialAction\":[{\"@type\":\"SearchAction\",\"target\":{\"@type\":\"EntryPoint\",\"urlTemplate\":\"https:\/\/pldistribucion.com.ar\/web\/?s={search_term_string}\"},\"query-input\":\"required name=search_term_string\"}],\"inLanguage\":\"es\"},{\"@type\":\"Organization\",\"@id\":\"https:\/\/pldistribucion.com.ar\/web\/#organization\",\"name\":\"PERFORMANCE LUBE\",\"url\":\"https:\/\/pldistribucion.com.ar\/web\/\",\"logo\":{\"@type\":\"ImageObject\",\"inLanguage\":\"es\",\"@id\":\"https:\/\/pldistribucion.com.ar\/web\/#\/schema\/logo\/image\/\",\"url\":\"https:\/\/pldistribucion.com.ar\/web\/wp-content\/uploads\/pld_logo_GB-removebg-preview.png\",\"contentUrl\":\"https:\/\/pldistribucion.com.ar\/web\/wp-content\/uploads\/pld_logo_GB-removebg-preview.png\",\"width\":787,\"height\":317,\"caption\":\"PERFORMANCE LUBE\"},\"image\":{\"@id\":\"https:\/\/pldistribucion.com.ar\/web\/#\/schema\/logo\/image\/\"}}]}<\/script>\n<!-- \/ Yoast SEO plugin. -->","yoast_head_json":{"title":"PACE NEUM\u00c1TICO PM216 215\/75 R22.5 - Perfomance Lube - Neum\u00e1ticos","description":"Distribuidor de Neum\u00e1ticos de diferentes marcas. Env\u00edos a todo el pa\u00eds. Variedad de productos y stock disponible.PACE NEUM\u00c1TICO PM216 215\/75 R22.5","robots":{"index":"index","follow":"follow","max-snippet":"max-snippet:-1","max-image-preview":"max-image-preview:large","max-video-preview":"max-video-preview:-1"},"canonical":"https:\/\/pldistribucion.com.ar\/web\/producto\/pace-neumatico-pm216-215-75-r22-5\/","og_locale":"es_ES","og_type":"article","og_title":"PACE NEUM\u00c1TICO PM216 215\/75 R22.5 - Perfomance Lube - Neum\u00e1ticos","og_description":"Distribuidor de Neum\u00e1ticos de diferentes marcas. Env\u00edos a todo el pa\u00eds. Variedad de productos y stock disponible.PACE NEUM\u00c1TICO PM216 215\/75 R22.5","og_url":"https:\/\/pldistribucion.com.ar\/web\/producto\/pace-neumatico-pm216-215-75-r22-5\/","og_site_name":"Perfomance Lube","article_modified_time":"2023-05-29T11:24:55+00:00","og_image":[{"width":277,"height":320,"url":"https:\/\/pldistribucion.com.ar\/web\/wp-content\/uploads\/paceeee.jpg","type":"image\/jpeg"}],"twitter_card":"summary_large_image","twitter_misc":{"Tiempo de lectura":"2 minutos"},"schema":{"@context":"https:\/\/schema.org","@graph":[{"@type":"WebPage","@id":"https:\/\/pldistribucion.com.ar\/web\/producto\/pace-neumatico-pm216-215-75-r22-5\/","url":"https:\/\/pldistribucion.com.ar\/web\/producto\/pace-neumatico-pm216-215-75-r22-5\/","name":"PACE NEUM\u00c1TICO PM216 215\/75 R22.5 - Perfomance Lube - Neum\u00e1ticos","isPartOf":{"@id":"https:\/\/pldistribucion.com.ar\/web\/#website"},"primaryImageOfPage":{"@id":"https:\/\/pldistribucion.com.ar\/web\/producto\/pace-neumatico-pm216-215-75-r22-5\/#primaryimage"},"image":{"@id":"https:\/\/pldistribucion.com.ar\/web\/producto\/pace-neumatico-pm216-215-75-r22-5\/#primaryimage"},"thumbnailUrl":"https:\/\/pldistribucion.com.ar\/web\/wp-content\/uploads\/paceeee.jpg","datePublished":"2022-10-27T15:04:02+00:00","dateModified":"2023-05-29T11:24:55+00:00","description":"Distribuidor de Neum\u00e1ticos de diferentes marcas. Env\u00edos a todo el pa\u00eds. Variedad de productos y stock disponible.PACE NEUM\u00c1TICO PM216 215\/75 R22.5","breadcrumb":{"@id":"https:\/\/pldistribucion.com.ar\/web\/producto\/pace-neumatico-pm216-215-75-r22-5\/#breadcrumb"},"inLanguage":"es","potentialAction":[{"@type":"ReadAction","target":["https:\/\/pldistribucion.com.ar\/web\/producto\/pace-neumatico-pm216-215-75-r22-5\/"]}]},{"@type":"ImageObject","inLanguage":"es","@id":"https:\/\/pldistribucion.com.ar\/web\/producto\/pace-neumatico-pm216-215-75-r22-5\/#primaryimage","url":"https:\/\/pldistribucion.com.ar\/web\/wp-content\/uploads\/paceeee.jpg","contentUrl":"https:\/\/pldistribucion.com.ar\/web\/wp-content\/uploads\/paceeee.jpg","width":277,"height":320,"caption":"PACE NEUM\u00c1TICO PM210 295\/80 R22.5"},{"@type":"BreadcrumbList","@id":"https:\/\/pldistribucion.com.ar\/web\/producto\/pace-neumatico-pm216-215-75-r22-5\/#breadcrumb","itemListElement":[{"@type":"ListItem","position":1,"name":"Portada","item":"https:\/\/pldistribucion.com.ar\/web\/"},{"@type":"ListItem","position":2,"name":"Productos","item":"https:\/\/pldistribucion.com.ar\/web\/productos\/"},{"@type":"ListItem","position":3,"name":"PACE NEUM\u00c1TICO PM216 215\/75 R22.5"}]},{"@type":"WebSite","@id":"https:\/\/pldistribucion.com.ar\/web\/#website","url":"https:\/\/pldistribucion.com.ar\/web\/","name":"Perfomance Lube","description":"","publisher":{"@id":"https:\/\/pldistribucion.com.ar\/web\/#organization"},"potentialAction":[{"@type":"SearchAction","target":{"@type":"EntryPoint","urlTemplate":"https:\/\/pldistribucion.com.ar\/web\/?s={search_term_string}"},"query-input":"required name=search_term_string"}],"inLanguage":"es"},{"@type":"Organization","@id":"https:\/\/pldistribucion.com.ar\/web\/#organization","name":"PERFORMANCE LUBE","url":"https:\/\/pldistribucion.com.ar\/web\/","logo":{"@type":"ImageObject","inLanguage":"es","@id":"https:\/\/pldistribucion.com.ar\/web\/#\/schema\/logo\/image\/","url":"https:\/\/pldistribucion.com.ar\/web\/wp-content\/uploads\/pld_logo_GB-removebg-preview.png","contentUrl":"https:\/\/pldistribucion.com.ar\/web\/wp-content\/uploads\/pld_logo_GB-removebg-preview.png","width":787,"height":317,"caption":"PERFORMANCE LUBE"},"image":{"@id":"https:\/\/pldistribucion.com.ar\/web\/#\/schema\/logo\/image\/"}}]}},"_links":{"self":[{"href":"https:\/\/pldistribucion.com.ar\/web\/wp-json\/wp\/v2\/product\/5472"}],"collection":[{"href":"https:\/\/pldistribucion.com.ar\/web\/wp-json\/wp\/v2\/product"}],"about":[{"href":"https:\/\/pldistribucion.com.ar\/web\/wp-json\/wp\/v2\/types\/product"}],"replies":[{"embeddable":true,"href":"https:\/\/pldistribucion.com.ar\/web\/wp-json\/wp\/v2\/comments?post=5472"}],"wp:featuredmedia":[{"embeddable":true,"href":"https:\/\/pldistribucion.com.ar\/web\/wp-json\/wp\/v2\/media\/5474"}],"wp:attachment":[{"href":"https:\/\/pldistribucion.com.ar\/web\/wp-json\/wp\/v2\/media?parent=5472"}],"wp:term":[{"taxonomy":"product_cat","embeddable":true,"href":"https:\/\/pldistribucion.com.ar\/web\/wp-json\/wp\/v2\/product_cat?post=5472"},{"taxonomy":"product_tag","embeddable":true,"href":"https:\/\/pldistribucion.com.ar\/web\/wp-json\/wp\/v2\/product_tag?post=5472"}],"curies":[{"name":"wp","href":"https:\/\/api.w.org\/{rel}","templated":true}]}}