{"id":5372,"date":"2022-10-03T13:57:30","date_gmt":"2022-10-03T13:57:30","guid":{"rendered":"https:\/\/pldistribucion.com.ar\/web\/?post_type=product&#038;p=5372"},"modified":"2022-10-05T14:39:41","modified_gmt":"2022-10-05T14:39:41","slug":"fleetguard-wf2108","status":"publish","type":"product","link":"https:\/\/pldistribucion.com.ar\/web\/producto\/fleetguard-wf2108\/","title":{"rendered":"FLEETGUARD WF2108"},"content":{"rendered":"<h1><span style=\"font-size: 80%;\"><strong>FLEETGUARD WF2108 \/ FILTRO\u00a0 REFRIGERANTE.<\/strong><\/span><\/h1>\n<h3><span style=\"font-size: 16.128px; background-color: #ff9e9e;\"><b>ATRIBUTOS:<\/b><\/span><\/h3>\n<p><strong>FLEETGUARD WF2108<\/strong><\/p>\n<table class=\"partInfoTable\" border=\"0\" summary=\"Part Information Table\" width=\"98%\" cellspacing=\"0\" cellpadding=\"5\">\n<tbody>\n<tr class=\"partInfoTableTR\">\n<td width=\"40%\">Altura total<\/td>\n<td colspan=\"2\" width=\"60%\">138,61 mm (5,457 pulgadas)<\/td>\n<\/tr>\n<tr class=\"partInfoTableTR\">\n<td width=\"40%\">mayor di\u00e1metro exterior<\/td>\n<td colspan=\"2\" width=\"60%\">93,1 mm (3,665 pulgadas)<\/td>\n<\/tr>\n<tr class=\"partInfoTableTR\">\n<td width=\"40%\">costura OD<\/td>\n<td colspan=\"2\" width=\"60%\">93,78 mm (3,692 pulgadas)<\/td>\n<\/tr>\n<tr class=\"partInfoTableTR\">\n<td width=\"40%\">Junta OD<\/td>\n<td colspan=\"2\" width=\"60%\">71,98 mm (2,834 pulgadas)<\/td>\n<\/tr>\n<tr class=\"partInfoTableTR\">\n<td width=\"40%\">DI\u00c1METRO INTERIOR DE LA JUNTA<\/td>\n<td colspan=\"2\" width=\"60%\">62,53 mm (2,462 pulgadas)<\/td>\n<\/tr>\n<tr class=\"partInfoTableTR\">\n<td width=\"40%\">Tama\u00f1o de rosca<\/td>\n<td colspan=\"2\" width=\"60%\">M16 X 1.5-6H INTERIOR<\/td>\n<\/tr>\n<tr class=\"partInfoTableTR\">\n<td width=\"40%\">Aditivo qu\u00edmico<\/td>\n<td colspan=\"2\" width=\"60%\">DCA4+<\/td>\n<\/tr>\n<tr class=\"partInfoTableTR\">\n<td width=\"40%\">FORMA DE ADITIVO REFRIGERANTE<\/td>\n<td colspan=\"2\" width=\"60%\">BOLITA<\/td>\n<\/tr>\n<\/tbody>\n<\/table>\n<h3><span style=\"background-color: #ff9e9e; font-size: 80%;\"><strong>REFERENCIA CRUZADA OEM :<\/strong><\/span><\/h3>\n<table class=\"table applicationPartTablePDP \" style=\"height: 137px;\" width=\"999\">\n<thead>\n<tr>\n<th class=\"col-lg-2 crossReferencemanufactureName\" data-sortcolumn=\"manufactureNameSortableValue\">Nombre del fabricante\u00a0<i class=\"fa fa-chevron-up\"><\/i><\/th>\n<th class=\"col-lg-2 crossReferencemanufacturePartNumber\">N\u00b0 de pieza del fabricante<\/th>\n<\/tr>\n<\/thead>\n<tbody>\n<tr class=\"parentRow greyColor\">\n<td class=\"searchCrossRef\" data-manufacturer=\"Nombre del fabricante\">BIG A<\/td>\n<td class=\"searchCrossRef\" data-manufacturepartnumber=\"N\u00b0 de pieza del fabricante\">96114<\/td>\n<\/tr>\n<tr class=\"parentRow\">\n<td class=\"searchCrossRef\" data-manufacturer=\"Nombre del fabricante\">PUROLATOR<\/td>\n<td class=\"searchCrossRef\" data-manufacturepartnumber=\"N\u00b0 de pieza del fabricante\">W56018<\/td>\n<\/tr>\n<tr class=\"parentRow greyColor\">\n<td class=\"searchCrossRef\" data-manufacturer=\"Nombre del fabricante\">VMC<\/td>\n<td class=\"searchCrossRef\" data-manufacturepartnumber=\"N\u00b0 de pieza del fabricante\">WF554019<\/td>\n<\/tr>\n<tr class=\"parentRows\" data-target=\".ManufacturerName_3\">\n<td class=\"searchCrossRef\" data-manufacturer=\"Nombre del fabricante\"><i class=\"fa fa-plus\" data-target=\".ManufacturerName_3\"><\/i>VOLVO<\/td>\n<td class=\"searchCrossRef\" data-manufacturepartnumber=\"N\u00b0 de pieza del fabricante\">11063349<\/td>\n<\/tr>\n<\/tbody>\n<\/table>\n<p><span style=\"color: #000080;\"><strong><a style=\"color: #000080;\" href=\"https:\/\/pldistribucion.com.ar\/web\/categoria-producto\/filtros\/fleetguard\/\" target=\"_blank\" rel=\"noopener\">Ver m\u00e1s filtros FLEETGUARD<\/a><\/strong><\/span><\/p>\n<p><span style=\"color: #000000;\">( Cummins Filtration comenz\u00f3 en 1958 como una l\u00ednea de producci\u00f3n del filtro \u00fanico desarrollado por Cummins Engine Company para cumplir con los requisitos de alto rendimiento de los motores diesel Cummins. La producci\u00f3n en los primeros a\u00f1os se compon\u00eda de dos empleados cosiendo filtros de aceite lubricante &#8211; pa\u00f1o -bag . En 1963 , la compa\u00f1\u00eda cambi\u00f3 su nombre por el de Fleetguard , la marca que se convirti\u00f3 en la piedra angular para la industria de la filtraci\u00f3n motor diesel.\u00a0 )<\/span><\/p>\n<p><span style=\"color: #000080;\"><strong><a style=\"color: #000080;\" href=\"https:\/\/www.cumminsfiltration.com\/es\/history\" target=\"_blank\" rel=\"noopener\">Conoce m\u00e1s sobre FLEETGUARD<\/a><\/strong><\/span><\/p>\n","protected":false},"excerpt":{"rendered":"<p><img loading=\"lazy\" decoding=\"async\" class=\"alignnone wp-image-4402\" src=\"https:\/\/pldistribucion.com.ar\/web\/wp-content\/uploads\/FLEETGUARD-300x226.jpg\" alt=\"\" width=\"169\" height=\"127\" srcset=\"https:\/\/pldistribucion.com.ar\/web\/wp-content\/uploads\/FLEETGUARD-300x226.jpg 300w, https:\/\/pldistribucion.com.ar\/web\/wp-content\/uploads\/FLEETGUARD.jpg 500w\" sizes=\"(max-width: 169px) 100vw, 169px\" \/><span style=\"font-size: 75%;\"><strong>\u00a0 \u00a0<\/strong><\/span><\/p>\n<h2 style=\"text-align: left;\"><span style=\"font-size: 75%;\"><strong><a rel=\"noopener noreferrer\" href=\"https:\/\/performancelube.mercadoshops.com.ar\/MLA-1185050823-filtro-refrigerante-fleetguard-wf2108-p554019-_JM#position=1&#038;search_layout=stack&#038;type=item&#038;tracking_id=bbc8064c-7b0a-4bdf-bbd3-38c8c93e73bd\" target=\"_blank\" class=\"button primary\"  >\n    <span>VER EN TIENDA ?<\/span>\n  <\/a>\n<span style=\"color: #69314d;\">\u00a0<\/span><\/strong><strong>\u00a0<\/strong><\/span><\/h2>\n<h2><\/h2>\n<p><span style=\"color: #000000;\">Fleetguard\u00a0es el nombre de marca de todas la gama de productos de Cummins para solventar los problemas de filtraci\u00f3n de aire, la limpieza de motores y plantas el\u00e9ctricas, y otros componentes qu\u00edmicos como refrigerante de maquinarias.<\/span><\/p>\n","protected":false},"featured_media":5374,"comment_status":"open","ping_status":"closed","template":"","meta":[],"product_cat":[19],"product_tag":[],"yoast_head":"<!-- This site is optimized with the Yoast SEO plugin v23.0 - https:\/\/yoast.com\/wordpress\/plugins\/seo\/ -->\n<title>FLEETGUARD WF2108 - Perfomance Lube - Filtros<\/title>\n<meta name=\"description\" content=\"Distribuidor de filtros FLEETGUARD de diferentes aplicaciones. Env\u00edos a todo el pa\u00eds. Variedad de productos y stock disponible.FLEETGUARD WF2108\" \/>\n<meta name=\"robots\" content=\"index, follow, max-snippet:-1, max-image-preview:large, max-video-preview:-1\" \/>\n<link rel=\"canonical\" href=\"https:\/\/pldistribucion.com.ar\/web\/producto\/fleetguard-wf2108\/\" \/>\n<meta property=\"og:locale\" content=\"es_ES\" \/>\n<meta property=\"og:type\" content=\"article\" \/>\n<meta property=\"og:title\" content=\"FLEETGUARD WF2108 - Perfomance Lube - Filtros\" \/>\n<meta property=\"og:description\" content=\"Distribuidor de filtros FLEETGUARD de diferentes aplicaciones. Env\u00edos a todo el pa\u00eds. Variedad de productos y stock disponible.FLEETGUARD WF2108\" \/>\n<meta property=\"og:url\" content=\"https:\/\/pldistribucion.com.ar\/web\/producto\/fleetguard-wf2108\/\" \/>\n<meta property=\"og:site_name\" content=\"Perfomance Lube\" \/>\n<meta property=\"article:modified_time\" content=\"2022-10-05T14:39:41+00:00\" \/>\n<meta property=\"og:image\" content=\"https:\/\/pldistribucion.com.ar\/web\/wp-content\/uploads\/1UWF2108-2-e1664805419708.jpg\" \/>\n\t<meta property=\"og:image:width\" content=\"500\" \/>\n\t<meta property=\"og:image:height\" content=\"500\" \/>\n\t<meta property=\"og:image:type\" content=\"image\/jpeg\" \/>\n<meta name=\"twitter:card\" content=\"summary_large_image\" \/>\n<meta name=\"twitter:label1\" content=\"Tiempo de lectura\" \/>\n\t<meta name=\"twitter:data1\" content=\"1 minuto\" \/>\n<script type=\"application\/ld+json\" class=\"yoast-schema-graph\">{\"@context\":\"https:\/\/schema.org\",\"@graph\":[{\"@type\":\"WebPage\",\"@id\":\"https:\/\/pldistribucion.com.ar\/web\/producto\/fleetguard-wf2108\/\",\"url\":\"https:\/\/pldistribucion.com.ar\/web\/producto\/fleetguard-wf2108\/\",\"name\":\"FLEETGUARD WF2108 - Perfomance Lube - Filtros\",\"isPartOf\":{\"@id\":\"https:\/\/pldistribucion.com.ar\/web\/#website\"},\"primaryImageOfPage\":{\"@id\":\"https:\/\/pldistribucion.com.ar\/web\/producto\/fleetguard-wf2108\/#primaryimage\"},\"image\":{\"@id\":\"https:\/\/pldistribucion.com.ar\/web\/producto\/fleetguard-wf2108\/#primaryimage\"},\"thumbnailUrl\":\"https:\/\/pldistribucion.com.ar\/web\/wp-content\/uploads\/1UWF2108-2-e1664805419708.jpg\",\"datePublished\":\"2022-10-03T13:57:30+00:00\",\"dateModified\":\"2022-10-05T14:39:41+00:00\",\"description\":\"Distribuidor de filtros FLEETGUARD de diferentes aplicaciones. Env\u00edos a todo el pa\u00eds. Variedad de productos y stock disponible.FLEETGUARD WF2108\",\"breadcrumb\":{\"@id\":\"https:\/\/pldistribucion.com.ar\/web\/producto\/fleetguard-wf2108\/#breadcrumb\"},\"inLanguage\":\"es\",\"potentialAction\":[{\"@type\":\"ReadAction\",\"target\":[\"https:\/\/pldistribucion.com.ar\/web\/producto\/fleetguard-wf2108\/\"]}]},{\"@type\":\"ImageObject\",\"inLanguage\":\"es\",\"@id\":\"https:\/\/pldistribucion.com.ar\/web\/producto\/fleetguard-wf2108\/#primaryimage\",\"url\":\"https:\/\/pldistribucion.com.ar\/web\/wp-content\/uploads\/1UWF2108-2-e1664805419708.jpg\",\"contentUrl\":\"https:\/\/pldistribucion.com.ar\/web\/wp-content\/uploads\/1UWF2108-2-e1664805419708.jpg\",\"width\":500,\"height\":500,\"caption\":\"FLEETGUARD WF2108\"},{\"@type\":\"BreadcrumbList\",\"@id\":\"https:\/\/pldistribucion.com.ar\/web\/producto\/fleetguard-wf2108\/#breadcrumb\",\"itemListElement\":[{\"@type\":\"ListItem\",\"position\":1,\"name\":\"Portada\",\"item\":\"https:\/\/pldistribucion.com.ar\/web\/\"},{\"@type\":\"ListItem\",\"position\":2,\"name\":\"Productos\",\"item\":\"https:\/\/pldistribucion.com.ar\/web\/productos\/\"},{\"@type\":\"ListItem\",\"position\":3,\"name\":\"FLEETGUARD WF2108\"}]},{\"@type\":\"WebSite\",\"@id\":\"https:\/\/pldistribucion.com.ar\/web\/#website\",\"url\":\"https:\/\/pldistribucion.com.ar\/web\/\",\"name\":\"Perfomance Lube\",\"description\":\"\",\"publisher\":{\"@id\":\"https:\/\/pldistribucion.com.ar\/web\/#organization\"},\"potentialAction\":[{\"@type\":\"SearchAction\",\"target\":{\"@type\":\"EntryPoint\",\"urlTemplate\":\"https:\/\/pldistribucion.com.ar\/web\/?s={search_term_string}\"},\"query-input\":\"required name=search_term_string\"}],\"inLanguage\":\"es\"},{\"@type\":\"Organization\",\"@id\":\"https:\/\/pldistribucion.com.ar\/web\/#organization\",\"name\":\"PERFORMANCE LUBE\",\"url\":\"https:\/\/pldistribucion.com.ar\/web\/\",\"logo\":{\"@type\":\"ImageObject\",\"inLanguage\":\"es\",\"@id\":\"https:\/\/pldistribucion.com.ar\/web\/#\/schema\/logo\/image\/\",\"url\":\"https:\/\/pldistribucion.com.ar\/web\/wp-content\/uploads\/pld_logo_GB-removebg-preview.png\",\"contentUrl\":\"https:\/\/pldistribucion.com.ar\/web\/wp-content\/uploads\/pld_logo_GB-removebg-preview.png\",\"width\":787,\"height\":317,\"caption\":\"PERFORMANCE LUBE\"},\"image\":{\"@id\":\"https:\/\/pldistribucion.com.ar\/web\/#\/schema\/logo\/image\/\"}}]}<\/script>\n<!-- \/ Yoast SEO plugin. -->","yoast_head_json":{"title":"FLEETGUARD WF2108 - Perfomance Lube - Filtros","description":"Distribuidor de filtros FLEETGUARD de diferentes aplicaciones. Env\u00edos a todo el pa\u00eds. Variedad de productos y stock disponible.FLEETGUARD WF2108","robots":{"index":"index","follow":"follow","max-snippet":"max-snippet:-1","max-image-preview":"max-image-preview:large","max-video-preview":"max-video-preview:-1"},"canonical":"https:\/\/pldistribucion.com.ar\/web\/producto\/fleetguard-wf2108\/","og_locale":"es_ES","og_type":"article","og_title":"FLEETGUARD WF2108 - Perfomance Lube - Filtros","og_description":"Distribuidor de filtros FLEETGUARD de diferentes aplicaciones. Env\u00edos a todo el pa\u00eds. Variedad de productos y stock disponible.FLEETGUARD WF2108","og_url":"https:\/\/pldistribucion.com.ar\/web\/producto\/fleetguard-wf2108\/","og_site_name":"Perfomance Lube","article_modified_time":"2022-10-05T14:39:41+00:00","og_image":[{"width":500,"height":500,"url":"https:\/\/pldistribucion.com.ar\/web\/wp-content\/uploads\/1UWF2108-2-e1664805419708.jpg","type":"image\/jpeg"}],"twitter_card":"summary_large_image","twitter_misc":{"Tiempo de lectura":"1 minuto"},"schema":{"@context":"https:\/\/schema.org","@graph":[{"@type":"WebPage","@id":"https:\/\/pldistribucion.com.ar\/web\/producto\/fleetguard-wf2108\/","url":"https:\/\/pldistribucion.com.ar\/web\/producto\/fleetguard-wf2108\/","name":"FLEETGUARD WF2108 - Perfomance Lube - Filtros","isPartOf":{"@id":"https:\/\/pldistribucion.com.ar\/web\/#website"},"primaryImageOfPage":{"@id":"https:\/\/pldistribucion.com.ar\/web\/producto\/fleetguard-wf2108\/#primaryimage"},"image":{"@id":"https:\/\/pldistribucion.com.ar\/web\/producto\/fleetguard-wf2108\/#primaryimage"},"thumbnailUrl":"https:\/\/pldistribucion.com.ar\/web\/wp-content\/uploads\/1UWF2108-2-e1664805419708.jpg","datePublished":"2022-10-03T13:57:30+00:00","dateModified":"2022-10-05T14:39:41+00:00","description":"Distribuidor de filtros FLEETGUARD de diferentes aplicaciones. Env\u00edos a todo el pa\u00eds. Variedad de productos y stock disponible.FLEETGUARD WF2108","breadcrumb":{"@id":"https:\/\/pldistribucion.com.ar\/web\/producto\/fleetguard-wf2108\/#breadcrumb"},"inLanguage":"es","potentialAction":[{"@type":"ReadAction","target":["https:\/\/pldistribucion.com.ar\/web\/producto\/fleetguard-wf2108\/"]}]},{"@type":"ImageObject","inLanguage":"es","@id":"https:\/\/pldistribucion.com.ar\/web\/producto\/fleetguard-wf2108\/#primaryimage","url":"https:\/\/pldistribucion.com.ar\/web\/wp-content\/uploads\/1UWF2108-2-e1664805419708.jpg","contentUrl":"https:\/\/pldistribucion.com.ar\/web\/wp-content\/uploads\/1UWF2108-2-e1664805419708.jpg","width":500,"height":500,"caption":"FLEETGUARD WF2108"},{"@type":"BreadcrumbList","@id":"https:\/\/pldistribucion.com.ar\/web\/producto\/fleetguard-wf2108\/#breadcrumb","itemListElement":[{"@type":"ListItem","position":1,"name":"Portada","item":"https:\/\/pldistribucion.com.ar\/web\/"},{"@type":"ListItem","position":2,"name":"Productos","item":"https:\/\/pldistribucion.com.ar\/web\/productos\/"},{"@type":"ListItem","position":3,"name":"FLEETGUARD WF2108"}]},{"@type":"WebSite","@id":"https:\/\/pldistribucion.com.ar\/web\/#website","url":"https:\/\/pldistribucion.com.ar\/web\/","name":"Perfomance Lube","description":"","publisher":{"@id":"https:\/\/pldistribucion.com.ar\/web\/#organization"},"potentialAction":[{"@type":"SearchAction","target":{"@type":"EntryPoint","urlTemplate":"https:\/\/pldistribucion.com.ar\/web\/?s={search_term_string}"},"query-input":"required name=search_term_string"}],"inLanguage":"es"},{"@type":"Organization","@id":"https:\/\/pldistribucion.com.ar\/web\/#organization","name":"PERFORMANCE LUBE","url":"https:\/\/pldistribucion.com.ar\/web\/","logo":{"@type":"ImageObject","inLanguage":"es","@id":"https:\/\/pldistribucion.com.ar\/web\/#\/schema\/logo\/image\/","url":"https:\/\/pldistribucion.com.ar\/web\/wp-content\/uploads\/pld_logo_GB-removebg-preview.png","contentUrl":"https:\/\/pldistribucion.com.ar\/web\/wp-content\/uploads\/pld_logo_GB-removebg-preview.png","width":787,"height":317,"caption":"PERFORMANCE LUBE"},"image":{"@id":"https:\/\/pldistribucion.com.ar\/web\/#\/schema\/logo\/image\/"}}]}},"_links":{"self":[{"href":"https:\/\/pldistribucion.com.ar\/web\/wp-json\/wp\/v2\/product\/5372"}],"collection":[{"href":"https:\/\/pldistribucion.com.ar\/web\/wp-json\/wp\/v2\/product"}],"about":[{"href":"https:\/\/pldistribucion.com.ar\/web\/wp-json\/wp\/v2\/types\/product"}],"replies":[{"embeddable":true,"href":"https:\/\/pldistribucion.com.ar\/web\/wp-json\/wp\/v2\/comments?post=5372"}],"wp:featuredmedia":[{"embeddable":true,"href":"https:\/\/pldistribucion.com.ar\/web\/wp-json\/wp\/v2\/media\/5374"}],"wp:attachment":[{"href":"https:\/\/pldistribucion.com.ar\/web\/wp-json\/wp\/v2\/media?parent=5372"}],"wp:term":[{"taxonomy":"product_cat","embeddable":true,"href":"https:\/\/pldistribucion.com.ar\/web\/wp-json\/wp\/v2\/product_cat?post=5372"},{"taxonomy":"product_tag","embeddable":true,"href":"https:\/\/pldistribucion.com.ar\/web\/wp-json\/wp\/v2\/product_tag?post=5372"}],"curies":[{"name":"wp","href":"https:\/\/api.w.org\/{rel}","templated":true}]}}