{"id":5367,"date":"2022-10-03T12:26:49","date_gmt":"2022-10-03T12:26:49","guid":{"rendered":"https:\/\/pldistribucion.com.ar\/web\/?post_type=product&#038;p=5367"},"modified":"2022-10-05T13:53:42","modified_gmt":"2022-10-05T13:53:42","slug":"fleetguard-wf2074","status":"publish","type":"product","link":"https:\/\/pldistribucion.com.ar\/web\/producto\/fleetguard-wf2074\/","title":{"rendered":"FLEETGUARD WF2074"},"content":{"rendered":"<h1><span style=\"font-size: 80%;\"><strong>FLEETGUARD WF2074 \/ FILTRO REFRIGERANTE.<\/strong><\/span><\/h1>\n<h3><span style=\"font-size: 16.128px; background-color: #ff9e9e;\"><b>ATRIBUTOS:<\/b><\/span><\/h3>\n<p><strong>FLEETGUARD WF2074<\/strong><\/p>\n<table class=\"partInfoTable\" border=\"0\" summary=\"Part Information Table\" width=\"98%\" cellspacing=\"0\" cellpadding=\"5\">\n<tbody>\n<tr class=\"partInfoTableTR\">\n<td width=\"40%\"><span style=\"color: #000000;\">Altura total<\/span><\/td>\n<td colspan=\"2\" width=\"60%\"><span style=\"color: #000000;\">137,21 mm (5,402 pulgadas)<\/span><\/td>\n<\/tr>\n<tr class=\"partInfoTableTR\">\n<td width=\"40%\"><span style=\"color: #000000;\">mayor di\u00e1metro exterior<\/span><\/td>\n<td colspan=\"2\" width=\"60%\"><span style=\"color: #000000;\">93,22 mm (3,67 pulgadas)<\/span><\/td>\n<\/tr>\n<tr class=\"partInfoTableTR\">\n<td width=\"40%\"><span style=\"color: #000000;\">costura OD<\/span><\/td>\n<td colspan=\"2\" width=\"60%\"><span style=\"color: #000000;\">94,49 mm (3,72 pulgadas)<\/span><\/td>\n<\/tr>\n<tr class=\"partInfoTableTR\">\n<td width=\"40%\"><span style=\"color: #000000;\">Junta OD<\/span><\/td>\n<td colspan=\"2\" width=\"60%\"><span style=\"color: #000000;\">71,88 mm (2,83 pulgadas)<\/span><\/td>\n<\/tr>\n<tr class=\"partInfoTableTR\">\n<td width=\"40%\"><span style=\"color: #000000;\">DI\u00c1METRO INTERIOR DE LA JUNTA<\/span><\/td>\n<td colspan=\"2\" width=\"60%\"><span style=\"color: #000000;\">62,48 mm (2,46 pulgadas)<\/span><\/td>\n<\/tr>\n<tr class=\"partInfoTableTR\">\n<td width=\"40%\"><span style=\"color: #000000;\">Tama\u00f1o de rosca<\/span><\/td>\n<td colspan=\"2\" width=\"60%\"><span style=\"color: #000000;\">11\/16-16 UN-2B<\/span><\/td>\n<\/tr>\n<tr class=\"partInfoTableTR\">\n<td width=\"40%\"><span style=\"color: #000000;\">Aditivo qu\u00edmico<\/span><\/td>\n<td colspan=\"2\" width=\"60%\"><span style=\"color: #000000;\">DCA4+<\/span><\/td>\n<\/tr>\n<tr class=\"partInfoTableTR\">\n<td width=\"40%\"><span style=\"color: #000000;\">FORMA DE ADITIVO REFRIGERANTE<\/span><\/td>\n<td colspan=\"2\" width=\"60%\"><span style=\"color: #000000;\">BOLITA<\/span><\/td>\n<\/tr>\n<\/tbody>\n<\/table>\n<h3><span style=\"background-color: #ff9e9e; font-size: 80%;\"><strong>REFERENCIA CRUZADA OEM :<\/strong><\/span><\/h3>\n<table class=\"table applicationPartTablePDP \" style=\"height: 698px;\" width=\"997\">\n<thead>\n<tr>\n<th class=\"col-lg-2 crossReferencemanufactureName\" data-sortcolumn=\"manufactureNameSortableValue\">Nombre del fabricante\u00a0<i class=\"fa fa-chevron-up\"><\/i><\/th>\n<th class=\"col-lg-2 crossReferencemanufacturePartNumber\">N\u00b0 de pieza del fabricante<\/th>\n<\/tr>\n<\/thead>\n<tbody>\n<tr class=\"parentRow greyColor\">\n<td class=\"searchCrossRef\" data-manufacturer=\"Nombre del fabricante\"><span style=\"color: #000000;\">AGCO<\/span><\/td>\n<td class=\"searchCrossRef\" data-manufacturepartnumber=\"N\u00b0 de pieza del fabricante\"><span style=\"color: #000000;\">72509505<\/span><\/td>\n<\/tr>\n<tr class=\"parentRow\">\n<td class=\"searchCrossRef\" data-manufacturer=\"Nombre del fabricante\"><span style=\"color: #000000;\">BUHLER VERSATILE<\/span><\/td>\n<td class=\"searchCrossRef\" data-manufacturepartnumber=\"N\u00b0 de pieza del fabricante\"><span style=\"color: #000000;\">861361<\/span><\/td>\n<\/tr>\n<tr class=\"parentRows greyColor\" data-target=\".ManufacturerName_2\">\n<td class=\"searchCrossRef\" data-manufacturer=\"Nombre del fabricante\"><span style=\"color: #000000;\"><i class=\"fa fa-plus\" data-target=\".ManufacturerName_2\"><\/i>CASE\/CASE IH<\/span><\/td>\n<td class=\"searchCrossRef\" data-manufacturepartnumber=\"N\u00b0 de pieza del fabricante\"><span style=\"color: #000000;\">1815588C1<\/span><\/td>\n<\/tr>\n<tr class=\"parentRows\" data-target=\".ManufacturerName_3\">\n<td class=\"searchCrossRef\" data-manufacturer=\"Nombre del fabricante\"><span style=\"color: #000000;\"><i class=\"fa fa-plus\" data-target=\".ManufacturerName_3\"><\/i>CUMMINS<\/span><\/td>\n<td class=\"searchCrossRef\" data-manufacturepartnumber=\"N\u00b0 de pieza del fabricante\"><span style=\"color: #000000;\">3100307<\/span><\/td>\n<\/tr>\n<tr class=\"parentRow greyColor\">\n<td class=\"searchCrossRef\" data-manufacturer=\"Nombre del fabricante\"><span style=\"color: #000000;\">FODEN<\/span><\/td>\n<td class=\"searchCrossRef\" data-manufacturepartnumber=\"N\u00b0 de pieza del fabricante\"><span style=\"color: #000000;\">Y05815412<\/span><\/td>\n<\/tr>\n<tr class=\"parentRow\">\n<td class=\"searchCrossRef\" data-manufacturer=\"Nombre del fabricante\"><span style=\"color: #000000;\">FORD<\/span><\/td>\n<td class=\"searchCrossRef\" data-manufacturepartnumber=\"N\u00b0 de pieza del fabricante\"><span style=\"color: #000000;\">861361<\/span><\/td>\n<\/tr>\n<tr class=\"parentRow greyColor\">\n<td class=\"searchCrossRef\" data-manufacturer=\"Nombre del fabricante\"><span style=\"color: #000000;\">HESCO<\/span><\/td>\n<td class=\"searchCrossRef\" data-manufacturepartnumber=\"N\u00b0 de pieza del fabricante\"><span style=\"color: #000000;\">AR94650<\/span><\/td>\n<\/tr>\n<tr class=\"parentRows\" data-target=\".ManufacturerName_7\">\n<td class=\"searchCrossRef\" data-manufacturer=\"Nombre del fabricante\"><span style=\"color: #000000;\"><i class=\"fa fa-plus\" data-target=\".ManufacturerName_7\"><\/i>HITACHI<\/span><\/td>\n<td class=\"searchCrossRef\" data-manufacturepartnumber=\"N\u00b0 de pieza del fabricante\"><span style=\"color: #000000;\">4299640<\/span><\/td>\n<\/tr>\n<tr class=\"parentRows greyColor\" data-target=\".ManufacturerName_8\">\n<td class=\"searchCrossRef\" data-manufacturer=\"Nombre del fabricante\"><span style=\"color: #000000;\"><i class=\"fa fa-plus\" data-target=\".ManufacturerName_8\"><\/i>HOUGH<\/span><\/td>\n<td class=\"searchCrossRef\" data-manufacturepartnumber=\"N\u00b0 de pieza del fabricante\"><span style=\"color: #000000;\">1295263H1<\/span><\/td>\n<\/tr>\n<tr class=\"parentRows\" data-target=\".ManufacturerName_9\">\n<td class=\"searchCrossRef\" data-manufacturer=\"Nombre del fabricante\"><span style=\"color: #000000;\"><i class=\"fa fa-plus\" data-target=\".ManufacturerName_9\"><\/i>HYUNDAI<\/span><\/td>\n<td class=\"searchCrossRef\" data-manufacturepartnumber=\"N\u00b0 de pieza del fabricante\"><span style=\"color: #000000;\">11E170320<\/span><\/td>\n<\/tr>\n<tr class=\"parentRow greyColor\">\n<td class=\"searchCrossRef\" data-manufacturer=\"Nombre del fabricante\"><span style=\"color: #000000;\">INGERSOLL RAND<\/span><\/td>\n<td class=\"searchCrossRef\" data-manufacturepartnumber=\"N\u00b0 de pieza del fabricante\"><span style=\"color: #000000;\">22345748<\/span><\/td>\n<\/tr>\n<tr class=\"parentRows\" data-target=\".ManufacturerName_11\">\n<td class=\"searchCrossRef\" data-manufacturer=\"Nombre del fabricante\"><span style=\"color: #000000;\"><i class=\"fa fa-plus\" data-target=\".ManufacturerName_11\"><\/i>JCB<\/span><\/td>\n<td class=\"searchCrossRef\" data-manufacturepartnumber=\"N\u00b0 de pieza del fabricante\"><span style=\"color: #000000;\">02910551<\/span><\/td>\n<\/tr>\n<tr class=\"parentRows greyColor\" data-target=\".ManufacturerName_12\">\n<td class=\"searchCrossRef\" data-manufacturer=\"Nombre del fabricante\"><span style=\"color: #000000;\"><i class=\"fa fa-plus\" data-target=\".ManufacturerName_12\"><\/i>JOHN DEERE<\/span><\/td>\n<td class=\"searchCrossRef\" data-manufacturepartnumber=\"N\u00b0 de pieza del fabricante\"><span style=\"color: #000000;\">4299640<\/span><\/td>\n<\/tr>\n<tr class=\"parentRows\" data-target=\".ManufacturerName_13\">\n<td class=\"searchCrossRef\" data-manufacturer=\"Nombre del fabricante\"><span style=\"color: #000000;\"><i class=\"fa fa-plus\" data-target=\".ManufacturerName_13\"><\/i>KOMATSU<\/span><\/td>\n<td class=\"searchCrossRef\" data-manufacturepartnumber=\"N\u00b0 de pieza del fabricante\"><span style=\"color: #000000;\">129263H1<\/span><\/td>\n<\/tr>\n<tr class=\"parentRows greyColor\" data-target=\".ManufacturerName_14\">\n<td class=\"searchCrossRef\" data-manufacturer=\"Nombre del fabricante\"><span style=\"color: #000000;\"><i class=\"fa fa-plus\" data-target=\".ManufacturerName_14\"><\/i>MCCORMICK<\/span><\/td>\n<td class=\"searchCrossRef\" data-manufacturepartnumber=\"N\u00b0 de pieza del fabricante\"><span style=\"color: #000000;\">707155A1<\/span><\/td>\n<\/tr>\n<tr class=\"parentRows\" data-target=\".ManufacturerName_15\">\n<td class=\"searchCrossRef\" data-manufacturer=\"Nombre del fabricante\"><span style=\"color: #000000;\"><i class=\"fa fa-plus\" data-target=\".ManufacturerName_15\"><\/i>NEW HOLLAND<\/span><\/td>\n<td class=\"searchCrossRef\" data-manufacturepartnumber=\"N\u00b0 de pieza del fabricante\"><span style=\"color: #000000;\">80861361<\/span><\/td>\n<\/tr>\n<tr class=\"parentRow greyColor\">\n<td class=\"searchCrossRef\" data-manufacturer=\"Nombre del fabricante\"><span style=\"color: #000000;\">NORTHERN LIGHTS<\/span><\/td>\n<td class=\"searchCrossRef\" data-manufacturepartnumber=\"N\u00b0 de pieza del fabricante\"><span style=\"color: #000000;\">2414802<\/span><\/td>\n<\/tr>\n<tr class=\"parentRow\">\n<td class=\"searchCrossRef\" data-manufacturer=\"Nombre del fabricante\"><span style=\"color: #000000;\">ORENSTEIN &amp; KOPPEL<\/span><\/td>\n<td class=\"searchCrossRef\" data-manufacturepartnumber=\"N\u00b0 de pieza del fabricante\"><span style=\"color: #000000;\">1461583<\/span><\/td>\n<\/tr>\n<tr class=\"parentRow greyColor\">\n<td class=\"searchCrossRef\" data-manufacturer=\"Nombre del fabricante\"><span style=\"color: #000000;\">PERKINS<\/span><\/td>\n<td class=\"searchCrossRef\" data-manufacturepartnumber=\"N\u00b0 de pieza del fabricante\"><span style=\"color: #000000;\">26550001<\/span><\/td>\n<\/tr>\n<tr class=\"parentRow\">\n<td class=\"searchCrossRef\" data-manufacturer=\"Nombre del fabricante\"><span style=\"color: #000000;\">SANY<\/span><\/td>\n<td class=\"searchCrossRef\" data-manufacturepartnumber=\"N\u00b0 de pieza del fabricante\"><span style=\"color: #000000;\">A222100000545<\/span><\/td>\n<\/tr>\n<tr class=\"parentRow greyColor\">\n<td class=\"searchCrossRef\" data-manufacturer=\"Nombre del fabricante\"><span style=\"color: #000000;\">SDMO<\/span><\/td>\n<td class=\"searchCrossRef\" data-manufacturepartnumber=\"N\u00b0 de pieza del fabricante\"><span style=\"color: #000000;\">330560058<\/span><\/td>\n<\/tr>\n<tr class=\"parentRow\">\n<td class=\"searchCrossRef\" data-manufacturer=\"Nombre del fabricante\"><span style=\"color: #000000;\">TODD GT<\/span><\/td>\n<td class=\"searchCrossRef\" data-manufacturepartnumber=\"N\u00b0 de pieza del fabricante\"><span style=\"color: #000000;\">2241091<\/span><\/td>\n<\/tr>\n<tr class=\"parentRow greyColor\">\n<td class=\"searchCrossRef\" data-manufacturer=\"Nombre del fabricante\"><span style=\"color: #000000;\">VERSATILE<\/span><\/td>\n<td class=\"searchCrossRef\" data-manufacturepartnumber=\"N\u00b0 de pieza del fabricante\"><span style=\"color: #000000;\">861361<\/span><\/td>\n<\/tr>\n<tr class=\"parentRow\">\n<td class=\"searchCrossRef\" data-manufacturer=\"Nombre del fabricante\"><span style=\"color: #000000;\">VOLVO<\/span><\/td>\n<td class=\"searchCrossRef\" data-manufacturepartnumber=\"N\u00b0 de pieza del fabricante\"><span style=\"color: #000000;\">991216053<\/span><\/td>\n<\/tr>\n<\/tbody>\n<\/table>\n<p><span style=\"color: #000080;\"><strong><a style=\"color: #000080;\" href=\"https:\/\/pldistribucion.com.ar\/web\/categoria-producto\/filtros\/fleetguard\/\" target=\"_blank\" rel=\"noopener\">Ver m\u00e1s filtros FLEETGUARD<\/a><\/strong><\/span><\/p>\n<p><span style=\"color: #000000;\">( Cummins Filtration comenz\u00f3 en 1958 como una l\u00ednea de producci\u00f3n del filtro \u00fanico desarrollado por Cummins Engine Company para cumplir con los requisitos de alto rendimiento de los motores diesel Cummins. La producci\u00f3n en los primeros a\u00f1os se compon\u00eda de dos empleados cosiendo filtros de aceite lubricante &#8211; pa\u00f1o -bag . En 1963 , la compa\u00f1\u00eda cambi\u00f3 su nombre por el de Fleetguard , la marca que se convirti\u00f3 en la piedra angular para la industria de la filtraci\u00f3n motor diesel.\u00a0 )<\/span><\/p>\n<p><span style=\"color: #000080;\"><strong><a style=\"color: #000080;\" href=\"https:\/\/www.cumminsfiltration.com\/es\/history\" target=\"_blank\" rel=\"noopener\">Conoce m\u00e1s sobre FLEETGUARD<\/a><\/strong><\/span><\/p>\n","protected":false},"excerpt":{"rendered":"<p><img loading=\"lazy\" decoding=\"async\" class=\"alignnone wp-image-4402\" src=\"https:\/\/pldistribucion.com.ar\/web\/wp-content\/uploads\/FLEETGUARD-300x226.jpg\" alt=\"\" width=\"169\" height=\"127\" srcset=\"https:\/\/pldistribucion.com.ar\/web\/wp-content\/uploads\/FLEETGUARD-300x226.jpg 300w, https:\/\/pldistribucion.com.ar\/web\/wp-content\/uploads\/FLEETGUARD.jpg 500w\" sizes=\"(max-width: 169px) 100vw, 169px\" \/><span style=\"font-size: 75%;\"><strong>\u00a0 \u00a0<\/strong><\/span><\/p>\n<h2 style=\"text-align: left;\"><span style=\"font-size: 75%;\"><strong><a rel=\"noopener noreferrer\" href=\"https:\/\/articulo.mercadolibre.com.ar\/MLA-1184780434-filtro-de-refrigerante-fleetguard-wf2072-p552074-_JM#position=1&#038;search_layout=stack&#038;type=item&#038;tracking_id=bbc8064c-7b0a-4bdf-bbd3-38c8c93e73bd\" target=\"_blank\" class=\"button primary\"  >\n    <span>VER EN TIENDA ?<\/span>\n  <\/a>\n<span style=\"color: #69314d;\">\u00a0<\/span><\/strong><strong>\u00a0<\/strong><\/span><\/h2>\n<p><span style=\"color: #000000;\">Fleetguard\u00a0es el nombre de marca de todas la gama de productos de Cummins para solventar los problemas de filtraci\u00f3n de aire, la limpieza de motores y plantas el\u00e9ctricas, y otros componentes qu\u00edmicos como refrigerante de maquinarias.<\/span><\/p>\n","protected":false},"featured_media":5368,"comment_status":"open","ping_status":"closed","template":"","meta":[],"product_cat":[19],"product_tag":[],"yoast_head":"<!-- This site is optimized with the Yoast SEO plugin v23.0 - https:\/\/yoast.com\/wordpress\/plugins\/seo\/ -->\n<title>FLEETGUARD WF2074 - Perfomance Lube - Filtros<\/title>\n<meta name=\"description\" content=\"Distribuidor de filtros FLEETGUARD de diferentes aplicaciones. Env\u00edos a todo el pa\u00eds. Variedad de productos y stock disponible.FLEETGUARD WF2074\" \/>\n<meta name=\"robots\" content=\"index, follow, max-snippet:-1, max-image-preview:large, max-video-preview:-1\" \/>\n<link rel=\"canonical\" href=\"https:\/\/pldistribucion.com.ar\/web\/producto\/fleetguard-wf2074\/\" \/>\n<meta property=\"og:locale\" content=\"es_ES\" \/>\n<meta property=\"og:type\" content=\"article\" \/>\n<meta property=\"og:title\" content=\"FLEETGUARD WF2074 - Perfomance Lube - Filtros\" \/>\n<meta property=\"og:description\" content=\"Distribuidor de filtros FLEETGUARD de diferentes aplicaciones. Env\u00edos a todo el pa\u00eds. Variedad de productos y stock disponible.FLEETGUARD WF2074\" \/>\n<meta property=\"og:url\" content=\"https:\/\/pldistribucion.com.ar\/web\/producto\/fleetguard-wf2074\/\" \/>\n<meta property=\"og:site_name\" content=\"Perfomance Lube\" \/>\n<meta property=\"article:modified_time\" content=\"2022-10-05T13:53:42+00:00\" \/>\n<meta property=\"og:image\" content=\"https:\/\/pldistribucion.com.ar\/web\/wp-content\/uploads\/FLGFIL0036-2.jpg\" \/>\n\t<meta property=\"og:image:width\" content=\"1000\" \/>\n\t<meta property=\"og:image:height\" content=\"1000\" \/>\n\t<meta property=\"og:image:type\" content=\"image\/jpeg\" \/>\n<meta name=\"twitter:card\" content=\"summary_large_image\" \/>\n<meta name=\"twitter:label1\" content=\"Tiempo de lectura\" \/>\n\t<meta name=\"twitter:data1\" content=\"1 minuto\" \/>\n<script type=\"application\/ld+json\" class=\"yoast-schema-graph\">{\"@context\":\"https:\/\/schema.org\",\"@graph\":[{\"@type\":\"WebPage\",\"@id\":\"https:\/\/pldistribucion.com.ar\/web\/producto\/fleetguard-wf2074\/\",\"url\":\"https:\/\/pldistribucion.com.ar\/web\/producto\/fleetguard-wf2074\/\",\"name\":\"FLEETGUARD WF2074 - Perfomance Lube - Filtros\",\"isPartOf\":{\"@id\":\"https:\/\/pldistribucion.com.ar\/web\/#website\"},\"primaryImageOfPage\":{\"@id\":\"https:\/\/pldistribucion.com.ar\/web\/producto\/fleetguard-wf2074\/#primaryimage\"},\"image\":{\"@id\":\"https:\/\/pldistribucion.com.ar\/web\/producto\/fleetguard-wf2074\/#primaryimage\"},\"thumbnailUrl\":\"https:\/\/pldistribucion.com.ar\/web\/wp-content\/uploads\/FLGFIL0036-2.jpg\",\"datePublished\":\"2022-10-03T12:26:49+00:00\",\"dateModified\":\"2022-10-05T13:53:42+00:00\",\"description\":\"Distribuidor de filtros FLEETGUARD de diferentes aplicaciones. Env\u00edos a todo el pa\u00eds. Variedad de productos y stock disponible.FLEETGUARD WF2074\",\"breadcrumb\":{\"@id\":\"https:\/\/pldistribucion.com.ar\/web\/producto\/fleetguard-wf2074\/#breadcrumb\"},\"inLanguage\":\"es\",\"potentialAction\":[{\"@type\":\"ReadAction\",\"target\":[\"https:\/\/pldistribucion.com.ar\/web\/producto\/fleetguard-wf2074\/\"]}]},{\"@type\":\"ImageObject\",\"inLanguage\":\"es\",\"@id\":\"https:\/\/pldistribucion.com.ar\/web\/producto\/fleetguard-wf2074\/#primaryimage\",\"url\":\"https:\/\/pldistribucion.com.ar\/web\/wp-content\/uploads\/FLGFIL0036-2.jpg\",\"contentUrl\":\"https:\/\/pldistribucion.com.ar\/web\/wp-content\/uploads\/FLGFIL0036-2.jpg\",\"width\":1000,\"height\":1000,\"caption\":\"FLEETGUARD WF2074\"},{\"@type\":\"BreadcrumbList\",\"@id\":\"https:\/\/pldistribucion.com.ar\/web\/producto\/fleetguard-wf2074\/#breadcrumb\",\"itemListElement\":[{\"@type\":\"ListItem\",\"position\":1,\"name\":\"Portada\",\"item\":\"https:\/\/pldistribucion.com.ar\/web\/\"},{\"@type\":\"ListItem\",\"position\":2,\"name\":\"Productos\",\"item\":\"https:\/\/pldistribucion.com.ar\/web\/productos\/\"},{\"@type\":\"ListItem\",\"position\":3,\"name\":\"FLEETGUARD WF2074\"}]},{\"@type\":\"WebSite\",\"@id\":\"https:\/\/pldistribucion.com.ar\/web\/#website\",\"url\":\"https:\/\/pldistribucion.com.ar\/web\/\",\"name\":\"Perfomance Lube\",\"description\":\"\",\"publisher\":{\"@id\":\"https:\/\/pldistribucion.com.ar\/web\/#organization\"},\"potentialAction\":[{\"@type\":\"SearchAction\",\"target\":{\"@type\":\"EntryPoint\",\"urlTemplate\":\"https:\/\/pldistribucion.com.ar\/web\/?s={search_term_string}\"},\"query-input\":\"required name=search_term_string\"}],\"inLanguage\":\"es\"},{\"@type\":\"Organization\",\"@id\":\"https:\/\/pldistribucion.com.ar\/web\/#organization\",\"name\":\"PERFORMANCE LUBE\",\"url\":\"https:\/\/pldistribucion.com.ar\/web\/\",\"logo\":{\"@type\":\"ImageObject\",\"inLanguage\":\"es\",\"@id\":\"https:\/\/pldistribucion.com.ar\/web\/#\/schema\/logo\/image\/\",\"url\":\"https:\/\/pldistribucion.com.ar\/web\/wp-content\/uploads\/pld_logo_GB-removebg-preview.png\",\"contentUrl\":\"https:\/\/pldistribucion.com.ar\/web\/wp-content\/uploads\/pld_logo_GB-removebg-preview.png\",\"width\":787,\"height\":317,\"caption\":\"PERFORMANCE LUBE\"},\"image\":{\"@id\":\"https:\/\/pldistribucion.com.ar\/web\/#\/schema\/logo\/image\/\"}}]}<\/script>\n<!-- \/ Yoast SEO plugin. -->","yoast_head_json":{"title":"FLEETGUARD WF2074 - Perfomance Lube - Filtros","description":"Distribuidor de filtros FLEETGUARD de diferentes aplicaciones. Env\u00edos a todo el pa\u00eds. Variedad de productos y stock disponible.FLEETGUARD WF2074","robots":{"index":"index","follow":"follow","max-snippet":"max-snippet:-1","max-image-preview":"max-image-preview:large","max-video-preview":"max-video-preview:-1"},"canonical":"https:\/\/pldistribucion.com.ar\/web\/producto\/fleetguard-wf2074\/","og_locale":"es_ES","og_type":"article","og_title":"FLEETGUARD WF2074 - Perfomance Lube - Filtros","og_description":"Distribuidor de filtros FLEETGUARD de diferentes aplicaciones. Env\u00edos a todo el pa\u00eds. Variedad de productos y stock disponible.FLEETGUARD WF2074","og_url":"https:\/\/pldistribucion.com.ar\/web\/producto\/fleetguard-wf2074\/","og_site_name":"Perfomance Lube","article_modified_time":"2022-10-05T13:53:42+00:00","og_image":[{"width":1000,"height":1000,"url":"https:\/\/pldistribucion.com.ar\/web\/wp-content\/uploads\/FLGFIL0036-2.jpg","type":"image\/jpeg"}],"twitter_card":"summary_large_image","twitter_misc":{"Tiempo de lectura":"1 minuto"},"schema":{"@context":"https:\/\/schema.org","@graph":[{"@type":"WebPage","@id":"https:\/\/pldistribucion.com.ar\/web\/producto\/fleetguard-wf2074\/","url":"https:\/\/pldistribucion.com.ar\/web\/producto\/fleetguard-wf2074\/","name":"FLEETGUARD WF2074 - Perfomance Lube - Filtros","isPartOf":{"@id":"https:\/\/pldistribucion.com.ar\/web\/#website"},"primaryImageOfPage":{"@id":"https:\/\/pldistribucion.com.ar\/web\/producto\/fleetguard-wf2074\/#primaryimage"},"image":{"@id":"https:\/\/pldistribucion.com.ar\/web\/producto\/fleetguard-wf2074\/#primaryimage"},"thumbnailUrl":"https:\/\/pldistribucion.com.ar\/web\/wp-content\/uploads\/FLGFIL0036-2.jpg","datePublished":"2022-10-03T12:26:49+00:00","dateModified":"2022-10-05T13:53:42+00:00","description":"Distribuidor de filtros FLEETGUARD de diferentes aplicaciones. Env\u00edos a todo el pa\u00eds. Variedad de productos y stock disponible.FLEETGUARD WF2074","breadcrumb":{"@id":"https:\/\/pldistribucion.com.ar\/web\/producto\/fleetguard-wf2074\/#breadcrumb"},"inLanguage":"es","potentialAction":[{"@type":"ReadAction","target":["https:\/\/pldistribucion.com.ar\/web\/producto\/fleetguard-wf2074\/"]}]},{"@type":"ImageObject","inLanguage":"es","@id":"https:\/\/pldistribucion.com.ar\/web\/producto\/fleetguard-wf2074\/#primaryimage","url":"https:\/\/pldistribucion.com.ar\/web\/wp-content\/uploads\/FLGFIL0036-2.jpg","contentUrl":"https:\/\/pldistribucion.com.ar\/web\/wp-content\/uploads\/FLGFIL0036-2.jpg","width":1000,"height":1000,"caption":"FLEETGUARD WF2074"},{"@type":"BreadcrumbList","@id":"https:\/\/pldistribucion.com.ar\/web\/producto\/fleetguard-wf2074\/#breadcrumb","itemListElement":[{"@type":"ListItem","position":1,"name":"Portada","item":"https:\/\/pldistribucion.com.ar\/web\/"},{"@type":"ListItem","position":2,"name":"Productos","item":"https:\/\/pldistribucion.com.ar\/web\/productos\/"},{"@type":"ListItem","position":3,"name":"FLEETGUARD WF2074"}]},{"@type":"WebSite","@id":"https:\/\/pldistribucion.com.ar\/web\/#website","url":"https:\/\/pldistribucion.com.ar\/web\/","name":"Perfomance Lube","description":"","publisher":{"@id":"https:\/\/pldistribucion.com.ar\/web\/#organization"},"potentialAction":[{"@type":"SearchAction","target":{"@type":"EntryPoint","urlTemplate":"https:\/\/pldistribucion.com.ar\/web\/?s={search_term_string}"},"query-input":"required name=search_term_string"}],"inLanguage":"es"},{"@type":"Organization","@id":"https:\/\/pldistribucion.com.ar\/web\/#organization","name":"PERFORMANCE LUBE","url":"https:\/\/pldistribucion.com.ar\/web\/","logo":{"@type":"ImageObject","inLanguage":"es","@id":"https:\/\/pldistribucion.com.ar\/web\/#\/schema\/logo\/image\/","url":"https:\/\/pldistribucion.com.ar\/web\/wp-content\/uploads\/pld_logo_GB-removebg-preview.png","contentUrl":"https:\/\/pldistribucion.com.ar\/web\/wp-content\/uploads\/pld_logo_GB-removebg-preview.png","width":787,"height":317,"caption":"PERFORMANCE LUBE"},"image":{"@id":"https:\/\/pldistribucion.com.ar\/web\/#\/schema\/logo\/image\/"}}]}},"_links":{"self":[{"href":"https:\/\/pldistribucion.com.ar\/web\/wp-json\/wp\/v2\/product\/5367"}],"collection":[{"href":"https:\/\/pldistribucion.com.ar\/web\/wp-json\/wp\/v2\/product"}],"about":[{"href":"https:\/\/pldistribucion.com.ar\/web\/wp-json\/wp\/v2\/types\/product"}],"replies":[{"embeddable":true,"href":"https:\/\/pldistribucion.com.ar\/web\/wp-json\/wp\/v2\/comments?post=5367"}],"wp:featuredmedia":[{"embeddable":true,"href":"https:\/\/pldistribucion.com.ar\/web\/wp-json\/wp\/v2\/media\/5368"}],"wp:attachment":[{"href":"https:\/\/pldistribucion.com.ar\/web\/wp-json\/wp\/v2\/media?parent=5367"}],"wp:term":[{"taxonomy":"product_cat","embeddable":true,"href":"https:\/\/pldistribucion.com.ar\/web\/wp-json\/wp\/v2\/product_cat?post=5367"},{"taxonomy":"product_tag","embeddable":true,"href":"https:\/\/pldistribucion.com.ar\/web\/wp-json\/wp\/v2\/product_tag?post=5367"}],"curies":[{"name":"wp","href":"https:\/\/api.w.org\/{rel}","templated":true}]}}