{"id":535,"date":"2020-01-23T18:56:10","date_gmt":"2020-01-23T18:56:10","guid":{"rendered":"https:\/\/pldistribucion.com.ar\/web\/?post_type=product&#038;p=535"},"modified":"2023-01-30T14:21:38","modified_gmt":"2023-01-30T14:21:38","slug":"sehll-morlina-s1-b","status":"publish","type":"product","link":"https:\/\/pldistribucion.com.ar\/web\/producto\/sehll-morlina-s1-b\/","title":{"rendered":"SHELL MORLINA S1 B"},"content":{"rendered":"<h1><strong style=\"font-size: 80%;\">SHELL MORLINA S1 B\/ Lubricante para cojinetes y sistemas de circulaci\u00f3n industriales.\u00a0<\/strong><\/h1>\n<h2><span style=\"font-size: 75%; color: #ff0000;\"><strong>Nombre previo: Shell Vitrea M.<\/strong><\/span><\/h2>\n<ul>\n<li><span style=\"color: #000000;\">Morlina S1 B 100 \/ 220 \/ 320 \/ 460 \/ 680<\/span><\/li>\n<\/ul>\n<h3><span style=\"font-size: 80%;\"><strong><span style=\"background-color: #fcf56d;\">DESCRIPCI\u00d3N DEL PRODUCTO<\/span><\/strong><\/span><\/h3>\n<p><span style=\"color: #000000;\">Los aceites\u00a0<strong>Shell Morlina S1 B<\/strong> son aceites de alto rendimiento dise\u00f1ados para proporcionar una excelente protecci\u00f3n para la mayor\u00eda de las aplicaciones en cojinetes y sistemas de circulaci\u00f3n industriales. Ademas estos aceites est\u00e1n formulados con aceites b\u00e1sicos altamente refinados de elevado \u00edndice de viscosidad y contienen un paquete de aditivos que les confieren propiedades antidesgaste, antioxidante, antiherrumbre, anticorrosivas y antiespumante.<\/span><\/p>\n<p><span style=\"color: #000000;\">Los sistemas eficientes se caracterizan por su capacidad para operar en o m\u00e1s all\u00e1 de sus par\u00e1metros de dise\u00f1o originales. La lubricaci\u00f3n constante y fiable, independientemente de las condiciones de funcionamiento, es clave. Dado que cada aplicaci\u00f3n presenta desaf\u00edos espec\u00edficos, la gama Shell Morlina est\u00e1 dise\u00f1ada para brindar una variedad de aceites que pueden ayudar a optimizar la eficiencia del sistema.<\/span><\/p>\n<h3><span style=\"font-size: 80%;\"><strong><span style=\"background-color: #fcf56d;\">CARACTER\u00cdSTICAS Y BENEFICIOS<\/span><\/strong><\/span><\/h3>\n<ul>\n<li>Posee una elevada<span style=\"color: #000000;\"> resistencia a la oxidaci\u00f3n y como resultado <\/span><span style=\"color: #000000;\">prolonga la vida \u00fatil del aceite.<\/span><\/li>\n<li><span style=\"color: #000000;\">Obtiene buenas propiedades antidesgaste ya que su exclusivo aditivo libre de zinc proporciona una efectiva acci\u00f3n antidesgaste sin atacar los metales blandos, como ser plata o hierro sobre bronce utilizados en la fabricaci\u00f3n de ciertas bombas.<\/span><\/li>\n<li><span style=\"color: #000000;\">Portege contra la corrosi\u00f3n, ciertamente sus aditivos cuidadosamente seleccionados incrementan la protecci\u00f3n anticorrosiva de<\/span><br \/>\n<span style=\"color: #000000;\">los aceites b\u00e1sicos empleados.<\/span><\/li>\n<li><span style=\"color: #000000;\">Sus caracter\u00edsticas de separaci\u00f3n de agua,permiten que se extiende la vida \u00fatil de los rodamientos.<\/span><\/li>\n<\/ul>\n<h3><span style=\"font-size: 80%;\"><strong><span style=\"background-color: #fcf56d;\">APLICACIONES<\/span><\/strong><\/span><\/h3>\n<p><span style=\"color: #000000;\">Los aceites Shell Morlina est\u00e1n especialmente recomendados para la lubricaci\u00f3n de:<\/span><\/p>\n<ul>\n<li><span style=\"color: #000000;\">Sistemas circulatorios.<\/span><\/li>\n<li><span style=\"color: #000000;\">Cojinetes y rodamientos lubricados por aceite<\/span><\/li>\n<li><span style=\"color: #000000;\">Rodamientos a rodillos.<\/span><\/li>\n<li><span style=\"color: #000000;\">Engranajes cerrados operando bajo cargas bajas o moderadas.<\/span><\/li>\n<\/ul>\n<hr \/>\n<p><span style=\"color: #000080;\"><strong><a style=\"color: #000080;\" href=\"https:\/\/pldistribucion.com.ar\/web\/wp-content\/uploads\/ficha-nueva.pdf\" target=\"_blank\" rel=\"noopener\">Ver ficha t\u00e9cnica \/ <\/a><a style=\"color: #000080;\" href=\"https:\/\/pldistribucion.com.ar\/web\/wp-content\/uploads\/s9.pdf\" target=\"_blank\" rel=\"noopener\">Ver hoja de seguridad<\/a><\/strong><\/span><\/p>\n<p><span style=\"color: #000080;\"><strong><a style=\"color: #000080;\" href=\"https:\/\/pldistribucion.com.ar\/web\/categoria-producto\/lubricantes\/?filter_marcas=shell\">Ver m\u00e1s productos Shell<\/a><\/strong><\/span><\/p>\n<p><span style=\"color: #000000;\">(Shell fabrica y comercializa lubricantes y grasas para uso en motos, veh\u00edculos de transporte, construcci\u00f3n, agricultura e industria. Constantemente reaccionamos a las necesidades cambiantes de cada sector para que usted disponga de los lubricantes de calidad que le permitan optimizar la eficiencia de sus equipos y a\u00f1adir valor a su negocio).<\/span><\/p>\n<p><span style=\"color: #000080;\"><strong><a style=\"color: #000080;\" href=\"https:\/\/www.shell.com.ar\/acerca-de-shell\/la-marca-shell.html#:~:text=La%20palabra%20Shell%20se%20utiliz%C3%B3,conchas%20marinas%20procedentes%20de%20Oriente.\" target=\"_blank\" rel=\"noopener\">Conoce m\u00e1s sobre SHELL<\/a><\/strong><\/span><\/p>\n","protected":false},"excerpt":{"rendered":"<p><img loading=\"lazy\" decoding=\"async\" class=\"alignnone size-medium wp-image-512\" src=\"https:\/\/pldistribucion.com.ar\/web\/wp-content\/uploads\/logo-shell-300x300.jpg\" alt=\"\" width=\"300\" height=\"300\" srcset=\"https:\/\/pldistribucion.com.ar\/web\/wp-content\/uploads\/logo-shell-300x300.jpg 300w, https:\/\/pldistribucion.com.ar\/web\/wp-content\/uploads\/logo-shell-150x150.jpg 150w, https:\/\/pldistribucion.com.ar\/web\/wp-content\/uploads\/logo-shell-100x100.jpg 100w, https:\/\/pldistribucion.com.ar\/web\/wp-content\/uploads\/logo-shell.jpg 350w\" sizes=\"(max-width: 300px) 100vw, 300px\" \/><\/p>\n<p><strong><span style=\"color: #000000;\">Morlina S1 B 100 \/ 220 \/ 320 \/ 460 \/ 680<\/span><\/strong><\/p>\n<h1>Shell Lubricantes<\/h1>\n<p>Shell vende una amplia variedad de lubricantes para satisfacer las necesidades de los clientes a trav\u00e9s de una gama de productos para el autom\u00f3vil de calle, el transporte pesado, la miner\u00eda, la generaci\u00f3n de energ\u00eda y la ingenier\u00eda general. La cartera de productos de lubricantes Shell incluye Shell Helix, Shell Rimula y Shell Spirax. Con 70 plantas en todo el mundo, somos productores de aceites que se distribuyen, comercializan y venden en m\u00e1s de 100 pa\u00edses.<\/p>\n<p>&nbsp;<\/p>\n","protected":false},"featured_media":2932,"comment_status":"open","ping_status":"closed","template":"","meta":[],"product_cat":[16,34],"product_tag":[],"yoast_head":"<!-- This site is optimized with the Yoast SEO plugin v23.0 - https:\/\/yoast.com\/wordpress\/plugins\/seo\/ -->\n<title>SHELL MORLINA S1 B - Perfomance Lube - Lubricantes<\/title>\n<meta name=\"description\" content=\"Distribuidor de lubricantes SHELL,de diferentes aplicaciones. Env\u00edos a todo el pa\u00eds. Variedad de productos y stock disponible. SHELL MORLINA S1 B\" \/>\n<meta name=\"robots\" content=\"index, follow, max-snippet:-1, max-image-preview:large, max-video-preview:-1\" \/>\n<link rel=\"canonical\" href=\"https:\/\/pldistribucion.com.ar\/web\/producto\/sehll-morlina-s1-b\/\" \/>\n<meta property=\"og:locale\" content=\"es_ES\" \/>\n<meta property=\"og:type\" content=\"article\" \/>\n<meta property=\"og:title\" content=\"SHELL MORLINA S1 B - Perfomance Lube - Lubricantes\" \/>\n<meta property=\"og:description\" content=\"Distribuidor de lubricantes SHELL,de diferentes aplicaciones. Env\u00edos a todo el pa\u00eds. Variedad de productos y stock disponible. SHELL MORLINA S1 B\" \/>\n<meta property=\"og:url\" content=\"https:\/\/pldistribucion.com.ar\/web\/producto\/sehll-morlina-s1-b\/\" \/>\n<meta property=\"og:site_name\" content=\"Perfomance Lube\" \/>\n<meta property=\"article:modified_time\" content=\"2023-01-30T14:21:38+00:00\" \/>\n<meta property=\"og:image\" content=\"https:\/\/pldistribucion.com.ar\/web\/wp-content\/uploads\/foto-nueva.jpg\" \/>\n\t<meta property=\"og:image:width\" content=\"354\" \/>\n\t<meta property=\"og:image:height\" content=\"500\" \/>\n\t<meta property=\"og:image:type\" content=\"image\/jpeg\" \/>\n<meta name=\"twitter:card\" content=\"summary_large_image\" \/>\n<meta name=\"twitter:label1\" content=\"Tiempo de lectura\" \/>\n\t<meta name=\"twitter:data1\" content=\"2 minutos\" \/>\n<script type=\"application\/ld+json\" class=\"yoast-schema-graph\">{\"@context\":\"https:\/\/schema.org\",\"@graph\":[{\"@type\":\"WebPage\",\"@id\":\"https:\/\/pldistribucion.com.ar\/web\/producto\/sehll-morlina-s1-b\/\",\"url\":\"https:\/\/pldistribucion.com.ar\/web\/producto\/sehll-morlina-s1-b\/\",\"name\":\"SHELL MORLINA S1 B - Perfomance Lube - Lubricantes\",\"isPartOf\":{\"@id\":\"https:\/\/pldistribucion.com.ar\/web\/#website\"},\"primaryImageOfPage\":{\"@id\":\"https:\/\/pldistribucion.com.ar\/web\/producto\/sehll-morlina-s1-b\/#primaryimage\"},\"image\":{\"@id\":\"https:\/\/pldistribucion.com.ar\/web\/producto\/sehll-morlina-s1-b\/#primaryimage\"},\"thumbnailUrl\":\"https:\/\/pldistribucion.com.ar\/web\/wp-content\/uploads\/foto-nueva.jpg\",\"datePublished\":\"2020-01-23T18:56:10+00:00\",\"dateModified\":\"2023-01-30T14:21:38+00:00\",\"description\":\"Distribuidor de lubricantes SHELL,de diferentes aplicaciones. Env\u00edos a todo el pa\u00eds. Variedad de productos y stock disponible. SHELL MORLINA S1 B\",\"breadcrumb\":{\"@id\":\"https:\/\/pldistribucion.com.ar\/web\/producto\/sehll-morlina-s1-b\/#breadcrumb\"},\"inLanguage\":\"es\",\"potentialAction\":[{\"@type\":\"ReadAction\",\"target\":[\"https:\/\/pldistribucion.com.ar\/web\/producto\/sehll-morlina-s1-b\/\"]}]},{\"@type\":\"ImageObject\",\"inLanguage\":\"es\",\"@id\":\"https:\/\/pldistribucion.com.ar\/web\/producto\/sehll-morlina-s1-b\/#primaryimage\",\"url\":\"https:\/\/pldistribucion.com.ar\/web\/wp-content\/uploads\/foto-nueva.jpg\",\"contentUrl\":\"https:\/\/pldistribucion.com.ar\/web\/wp-content\/uploads\/foto-nueva.jpg\",\"width\":354,\"height\":500,\"caption\":\"SHELL MORLINA S1 B\"},{\"@type\":\"BreadcrumbList\",\"@id\":\"https:\/\/pldistribucion.com.ar\/web\/producto\/sehll-morlina-s1-b\/#breadcrumb\",\"itemListElement\":[{\"@type\":\"ListItem\",\"position\":1,\"name\":\"Portada\",\"item\":\"https:\/\/pldistribucion.com.ar\/web\/\"},{\"@type\":\"ListItem\",\"position\":2,\"name\":\"Productos\",\"item\":\"https:\/\/pldistribucion.com.ar\/web\/productos\/\"},{\"@type\":\"ListItem\",\"position\":3,\"name\":\"SHELL MORLINA S1 B\"}]},{\"@type\":\"WebSite\",\"@id\":\"https:\/\/pldistribucion.com.ar\/web\/#website\",\"url\":\"https:\/\/pldistribucion.com.ar\/web\/\",\"name\":\"Perfomance Lube\",\"description\":\"\",\"publisher\":{\"@id\":\"https:\/\/pldistribucion.com.ar\/web\/#organization\"},\"potentialAction\":[{\"@type\":\"SearchAction\",\"target\":{\"@type\":\"EntryPoint\",\"urlTemplate\":\"https:\/\/pldistribucion.com.ar\/web\/?s={search_term_string}\"},\"query-input\":\"required name=search_term_string\"}],\"inLanguage\":\"es\"},{\"@type\":\"Organization\",\"@id\":\"https:\/\/pldistribucion.com.ar\/web\/#organization\",\"name\":\"PERFORMANCE LUBE\",\"url\":\"https:\/\/pldistribucion.com.ar\/web\/\",\"logo\":{\"@type\":\"ImageObject\",\"inLanguage\":\"es\",\"@id\":\"https:\/\/pldistribucion.com.ar\/web\/#\/schema\/logo\/image\/\",\"url\":\"https:\/\/pldistribucion.com.ar\/web\/wp-content\/uploads\/pld_logo_GB-removebg-preview.png\",\"contentUrl\":\"https:\/\/pldistribucion.com.ar\/web\/wp-content\/uploads\/pld_logo_GB-removebg-preview.png\",\"width\":787,\"height\":317,\"caption\":\"PERFORMANCE LUBE\"},\"image\":{\"@id\":\"https:\/\/pldistribucion.com.ar\/web\/#\/schema\/logo\/image\/\"}}]}<\/script>\n<!-- \/ Yoast SEO plugin. -->","yoast_head_json":{"title":"SHELL MORLINA S1 B - Perfomance Lube - Lubricantes","description":"Distribuidor de lubricantes SHELL,de diferentes aplicaciones. Env\u00edos a todo el pa\u00eds. Variedad de productos y stock disponible. SHELL MORLINA S1 B","robots":{"index":"index","follow":"follow","max-snippet":"max-snippet:-1","max-image-preview":"max-image-preview:large","max-video-preview":"max-video-preview:-1"},"canonical":"https:\/\/pldistribucion.com.ar\/web\/producto\/sehll-morlina-s1-b\/","og_locale":"es_ES","og_type":"article","og_title":"SHELL MORLINA S1 B - Perfomance Lube - Lubricantes","og_description":"Distribuidor de lubricantes SHELL,de diferentes aplicaciones. Env\u00edos a todo el pa\u00eds. Variedad de productos y stock disponible. SHELL MORLINA S1 B","og_url":"https:\/\/pldistribucion.com.ar\/web\/producto\/sehll-morlina-s1-b\/","og_site_name":"Perfomance Lube","article_modified_time":"2023-01-30T14:21:38+00:00","og_image":[{"width":354,"height":500,"url":"https:\/\/pldistribucion.com.ar\/web\/wp-content\/uploads\/foto-nueva.jpg","type":"image\/jpeg"}],"twitter_card":"summary_large_image","twitter_misc":{"Tiempo de lectura":"2 minutos"},"schema":{"@context":"https:\/\/schema.org","@graph":[{"@type":"WebPage","@id":"https:\/\/pldistribucion.com.ar\/web\/producto\/sehll-morlina-s1-b\/","url":"https:\/\/pldistribucion.com.ar\/web\/producto\/sehll-morlina-s1-b\/","name":"SHELL MORLINA S1 B - Perfomance Lube - Lubricantes","isPartOf":{"@id":"https:\/\/pldistribucion.com.ar\/web\/#website"},"primaryImageOfPage":{"@id":"https:\/\/pldistribucion.com.ar\/web\/producto\/sehll-morlina-s1-b\/#primaryimage"},"image":{"@id":"https:\/\/pldistribucion.com.ar\/web\/producto\/sehll-morlina-s1-b\/#primaryimage"},"thumbnailUrl":"https:\/\/pldistribucion.com.ar\/web\/wp-content\/uploads\/foto-nueva.jpg","datePublished":"2020-01-23T18:56:10+00:00","dateModified":"2023-01-30T14:21:38+00:00","description":"Distribuidor de lubricantes SHELL,de diferentes aplicaciones. Env\u00edos a todo el pa\u00eds. Variedad de productos y stock disponible. SHELL MORLINA S1 B","breadcrumb":{"@id":"https:\/\/pldistribucion.com.ar\/web\/producto\/sehll-morlina-s1-b\/#breadcrumb"},"inLanguage":"es","potentialAction":[{"@type":"ReadAction","target":["https:\/\/pldistribucion.com.ar\/web\/producto\/sehll-morlina-s1-b\/"]}]},{"@type":"ImageObject","inLanguage":"es","@id":"https:\/\/pldistribucion.com.ar\/web\/producto\/sehll-morlina-s1-b\/#primaryimage","url":"https:\/\/pldistribucion.com.ar\/web\/wp-content\/uploads\/foto-nueva.jpg","contentUrl":"https:\/\/pldistribucion.com.ar\/web\/wp-content\/uploads\/foto-nueva.jpg","width":354,"height":500,"caption":"SHELL MORLINA S1 B"},{"@type":"BreadcrumbList","@id":"https:\/\/pldistribucion.com.ar\/web\/producto\/sehll-morlina-s1-b\/#breadcrumb","itemListElement":[{"@type":"ListItem","position":1,"name":"Portada","item":"https:\/\/pldistribucion.com.ar\/web\/"},{"@type":"ListItem","position":2,"name":"Productos","item":"https:\/\/pldistribucion.com.ar\/web\/productos\/"},{"@type":"ListItem","position":3,"name":"SHELL MORLINA S1 B"}]},{"@type":"WebSite","@id":"https:\/\/pldistribucion.com.ar\/web\/#website","url":"https:\/\/pldistribucion.com.ar\/web\/","name":"Perfomance Lube","description":"","publisher":{"@id":"https:\/\/pldistribucion.com.ar\/web\/#organization"},"potentialAction":[{"@type":"SearchAction","target":{"@type":"EntryPoint","urlTemplate":"https:\/\/pldistribucion.com.ar\/web\/?s={search_term_string}"},"query-input":"required name=search_term_string"}],"inLanguage":"es"},{"@type":"Organization","@id":"https:\/\/pldistribucion.com.ar\/web\/#organization","name":"PERFORMANCE LUBE","url":"https:\/\/pldistribucion.com.ar\/web\/","logo":{"@type":"ImageObject","inLanguage":"es","@id":"https:\/\/pldistribucion.com.ar\/web\/#\/schema\/logo\/image\/","url":"https:\/\/pldistribucion.com.ar\/web\/wp-content\/uploads\/pld_logo_GB-removebg-preview.png","contentUrl":"https:\/\/pldistribucion.com.ar\/web\/wp-content\/uploads\/pld_logo_GB-removebg-preview.png","width":787,"height":317,"caption":"PERFORMANCE LUBE"},"image":{"@id":"https:\/\/pldistribucion.com.ar\/web\/#\/schema\/logo\/image\/"}}]}},"_links":{"self":[{"href":"https:\/\/pldistribucion.com.ar\/web\/wp-json\/wp\/v2\/product\/535"}],"collection":[{"href":"https:\/\/pldistribucion.com.ar\/web\/wp-json\/wp\/v2\/product"}],"about":[{"href":"https:\/\/pldistribucion.com.ar\/web\/wp-json\/wp\/v2\/types\/product"}],"replies":[{"embeddable":true,"href":"https:\/\/pldistribucion.com.ar\/web\/wp-json\/wp\/v2\/comments?post=535"}],"wp:featuredmedia":[{"embeddable":true,"href":"https:\/\/pldistribucion.com.ar\/web\/wp-json\/wp\/v2\/media\/2932"}],"wp:attachment":[{"href":"https:\/\/pldistribucion.com.ar\/web\/wp-json\/wp\/v2\/media?parent=535"}],"wp:term":[{"taxonomy":"product_cat","embeddable":true,"href":"https:\/\/pldistribucion.com.ar\/web\/wp-json\/wp\/v2\/product_cat?post=535"},{"taxonomy":"product_tag","embeddable":true,"href":"https:\/\/pldistribucion.com.ar\/web\/wp-json\/wp\/v2\/product_tag?post=535"}],"curies":[{"name":"wp","href":"https:\/\/api.w.org\/{rel}","templated":true}]}}