{"id":522,"date":"2020-01-21T21:08:41","date_gmt":"2020-01-21T21:08:41","guid":{"rendered":"https:\/\/pldistribucion.com.ar\/web\/?post_type=product&#038;p=522"},"modified":"2023-01-30T12:51:10","modified_gmt":"2023-01-30T12:51:10","slug":"shell-corena-s4-r-32","status":"publish","type":"product","link":"https:\/\/pldistribucion.com.ar\/web\/producto\/shell-corena-s4-r-32\/","title":{"rendered":"SHELL CORENA S4 R"},"content":{"rendered":"<h1><strong style=\"font-size: 80%;\">CORENA S4 R\u00a0<\/strong><strong style=\"font-size: 80%;\">SHELL <\/strong><strong style=\"font-size: 80%;\">\/ Aceite sint\u00e9tico para compresores de aire rotativos.<\/strong><\/h1>\n<h2><span style=\"font-size: 75%; color: #ff0000;\"><strong>Nombre previo: Shell Corena AS.<\/strong><\/span><\/h2>\n<p><span style=\"color: #000000;\">Shell Corena S4 R &#8211; Aceite sint\u00e9tico para compresores de aire rotativos.<\/span><\/p>\n<h3><span style=\"font-size: 80%;\"><strong><span style=\"background-color: #fcf56d;\">DESCRIPCI\u00d3N DEL PRODUCTO<\/span><\/strong><\/span><\/h3>\n<p><span style=\"color: #000000;\">Shell Corena S4 R es un aceite sint\u00e9tico de avanzada para compresores de aire con un exclusivo sistema de aditivos de alta performance. Dise\u00f1ado para ofrecer la m\u00e1s alta performance de la lubricaci\u00f3n de compresores de aire de paletas deslizantes y tornillo.<\/span><\/p>\n<p><span style=\"color: #000000;\">Utiliza un avanzado sistema de aditivos que provee excelente protecci\u00f3n y performance en aquellos compresores que operan con presiones de salida descarga que exceda 25 bar y temperaturas de descarga mayores de 100\u00b0C con un intervalo de mantenimiento del aceite superior a las 12.000 hs.<\/span><\/p>\n<h3><span style=\"font-size: 80%;\"><strong><span style=\"background-color: #fcf56d;\">CARACTER\u00cdSTICAS Y BENEFICIOS<\/span><\/strong><\/span><\/h3>\n<ul>\n<li><span style=\"color: #000000;\">Shell Corena S4 R permite extender el per\u00edodo de mantenimiento por encima de las 12.000 hs. Incluso cuando la temperatura de operaci\u00f3n de descarga excede los 100\u00b0C.<\/span><\/li>\n<li><span style=\"color: #000000;\">La formulaci\u00f3n de avanzada del Shell Corena S4 R permite entregar una excepcional vida \u00fatil a trav\u00e9s:<\/span><\/li>\n<li><span style=\"color: #000000;\">Excepcional resistencia al craqueo t\u00e9rmico y qu\u00edmico.<\/span><\/li>\n<li><span style=\"color: #000000;\">Resiste la formaci\u00f3n de dep\u00f3sitos en los componentes rotativos tanto de compresor de tornillo como de paletas deslizantes para una operaci\u00f3n continua eficiente.<\/span><\/li>\n<li><span style=\"color: #000000;\">Provee un excepcional bajo nivel de formaci\u00f3n de dep\u00f3sitos ayudando a mantener la limpieza de las superficies internas en particular en el separador aceite\/aire y en el sistema coalescente.<\/span><\/li>\n<li><span style=\"color: #000000;\">El exacto intervalo de mantenimiento depender\u00e1 de la calidad del aire de entrada, la severidad del ciclo y las condiciones ambientales. Para aquellos climas con elevadas temperaturas y humedad como los encontrados de Asia y Pac\u00edfico, es recomendable reducir la frecuencia de cambio.<\/span><\/li>\n<li><span style=\"color: #000000;\">Provee una excepcional protecci\u00f3n de las superficies met\u00e1licas internas contra la corrosi\u00f3n y el desgaste.<\/span><\/li>\n<li><span style=\"color: #000000;\">Contiene un sistema antidesgaste no met\u00e1lico de avanzada que ayuda a prolongar la vida \u00fatil de partes cr\u00edticas como cojinetes y transmisiones.<\/span><\/li>\n<li><span style=\"color: #000000;\">Sistema eficiente de mantenimiento.<\/span><\/li>\n<li><span style=\"color: #000000;\">Est\u00e1 dise\u00f1ado para proveer una r\u00e1pida liberaci\u00f3n de aire ocluido sin excesiva formaci\u00f3n de espuma lo cual permite un funcionamiento adecuado tanto durante el arranque como la disponibilidad de manera continua del aire comprimido.<\/span><\/li>\n<li><span style=\"color: #000000;\">Posee una baja volatilidad y arrastre de aceite de manera de reducir los requerimiento de reposici\u00f3n de aceite en combinaci\u00f3n con un incremento de la calidad del aire.<\/span><\/li>\n<li><span style=\"color: #000000;\">Posee excelentes propiedades de separaci\u00f3n de agua <\/span><span style=\"color: #000000;\">lo que asegura una<\/span><span style=\"color: #000000;\"> eficiente operaci\u00f3n <\/span><span style=\"color: #000000;\">continua del compresor incluso en presencia de <\/span><span style=\"color: #000000;\">agua.<\/span><\/li>\n<\/ul>\n<h3><span style=\"font-size: 80%;\"><strong><span style=\"background-color: #fcf56d;\">APLICACIONES<\/span><\/strong><\/span><\/h3>\n<ul>\n<li><span style=\"color: #000000;\">Compresores de paleta deslizante y de tornillo.<\/span><\/li>\n<\/ul>\n<p><span style=\"color: #000000;\">Shell Corena S4 R es adecuado en compresores en ba\u00f1o de aceite o por inyecci\u00f3n de aceite, de una o dos etapas, que operan con presiones de salida de<\/span><br \/>\n<span style=\"color: #000000;\">descarga que exceda 25 bar y temperaturas de descarga por encima de 100\u00b0C (incluso aqu\u00e9llos que operan intermitentemente bajo estas condiciones).<\/span><\/p>\n<ul>\n<li><span style=\"color: #000000;\">Condiciones de servicio severo.<\/span><\/li>\n<\/ul>\n<p><span style=\"color: #000000;\">Puede ser utilizado en ambientes a muy altas temperaturas, donde la temperatura de operaci\u00f3n del aceite no puede ser llevado a niveles normales.<\/span><\/p>\n<ul>\n<li><span style=\"color: #000000;\">Turboalimentadores ABB.<\/span><\/li>\n<\/ul>\n<p><span style=\"color: #000000;\">El producto est\u00e1 recomendado en turboalimentadores ABB instalados en motores diesel de medias a bajas velocidades utilizados en aplicaciones marinas y de generaci\u00f3n de energ\u00eda.<\/span><\/p>\n<hr \/>\n<p><span style=\"color: #000080;\"><strong><a style=\"color: #000080;\" href=\"https:\/\/pldistribucion.com.ar\/web\/wp-content\/uploads\/FICHA-6.pdf\" target=\"_blank\" rel=\"noopener\">Ver ficha t\u00e9cnica<\/a><\/strong><\/span><\/p>\n<p><span style=\"color: #000080;\"><strong>Hoja de seguridad:\u00a0<\/strong><strong><a style=\"color: #000080;\" href=\"https:\/\/pldistribucion.com.ar\/web\/wp-content\/uploads\/CORENA-S4-R-32-1.pdf\" target=\"_blank\" rel=\"noopener\">ISO VG 32\u00a0 \/\u00a0\u00a0<\/a><\/strong><strong><a style=\"color: #000080;\" href=\"https:\/\/pldistribucion.com.ar\/web\/wp-content\/uploads\/s6.pdf\" target=\"_blank\" rel=\"noopener\">ISO VG 46\u00a0 \/\u00a0 <\/a><a style=\"color: #000080;\" href=\"https:\/\/pldistribucion.com.ar\/web\/wp-content\/uploads\/CORENA-S4-R-68-1.pdf\" target=\"_blank\" rel=\"noopener\">ISO VG 68<\/a><\/strong><\/span><\/p>\n<p><span style=\"color: #000080;\"><strong><a style=\"color: #000080;\" href=\"https:\/\/pldistribucion.com.ar\/web\/categoria-producto\/lubricantes\/?filter_marcas=shell\">Ver m\u00e1s productos Shell<\/a><\/strong><\/span><\/p>\n<p><span style=\"color: #000000;\">(Shell fabrica y comercializa lubricantes y grasas para uso en motos, veh\u00edculos de transporte, construcci\u00f3n, agricultura e industria. Constantemente reaccionamos a las necesidades cambiantes de cada sector para que usted disponga de los lubricantes de calidad que le permitan optimizar la eficiencia de sus equipos y a\u00f1adir valor a su negocio).<\/span><\/p>\n<p><span style=\"color: #000080;\"><strong><a style=\"color: #000080;\" href=\"https:\/\/www.shell.com.ar\/acerca-de-shell\/la-marca-shell.html#:~:text=La%20palabra%20Shell%20se%20utiliz%C3%B3,conchas%20marinas%20procedentes%20de%20Oriente.\" target=\"_blank\" rel=\"noopener\">Conoce m\u00e1s sobre SHELL<\/a><\/strong><\/span><\/p>\n","protected":false},"excerpt":{"rendered":"<p><img loading=\"lazy\" decoding=\"async\" class=\"alignnone wp-image-528 \" src=\"https:\/\/pldistribucion.com.ar\/web\/wp-content\/uploads\/logo-shell-2-1-e1643628907719-300x149.jpg\" alt=\"distribuidor de lubricante shell\" width=\"209\" height=\"104\" \/><\/p>\n<p><strong>ISO VG 32 \u27a2 BALDE X 19L<\/strong><\/p>\n<h2 style=\"text-align: left;\"><span style=\"font-size: 75%;\"><strong><a rel=\"noopener noreferrer\" href=\"https:\/\/performancelube.mercadoshops.com.ar\/MLA-655168442-shell-corena-s4-r-32-aceite-para-compresor-x189l-_JM#position=3&#038;search_layout=stack&#038;type=item&#038;tracking_id=a5909318-cc93-4935-9ae5-46ed61dfe222#position=1&#038;search_layout=stack&#038;type=item&#038;tracking_id=99819999-c020-4427-9566-fe9ebd907c23#position=1&#038;search_layout=stack&#038;type=item&#038;tracking_id=bbc8064c-7b0a-4bdf-bbd3-38c8c93e73bd#position=1&#038;search_layout=stack&#038;type=item&#038;tracking_id=8eec1a3c-ddb3-4e6f-bca6-9dc7130a1a7c#position=1&#038;search_layout=stack&#038;type=item&#038;tracking_id=bbc8064c-7b0a-4bdf-bbd3-38c8c93e73bd\" target=\"_blank\" class=\"button primary\"  >\n    <span>VER EN TIENDA ?<\/span>\n  <\/a>\n<span style=\"color: #69314d;\">\u00a0<\/span><\/strong><strong>\u00a0 <\/strong><\/span><\/h2>\n<p><strong>ISO VG 46<\/strong><strong>\u00a0\u27a2 BALDE X 19L<\/strong><\/p>\n<h2 style=\"text-align: left;\"><span style=\"font-size: 75%;\"><strong><a rel=\"noopener noreferrer\" href=\"https:\/\/performancelube.mercadoshops.com.ar\/MLA-655168986-shell-corena-s4-r-46-aceite-para-compresor-x189l-_JM#position=2&#038;search_layout=stack&#038;type=item&#038;tracking_id=a5909318-cc93-4935-9ae5-46ed61dfe222#position=1&#038;search_layout=stack&#038;type=item&#038;tracking_id=bbc8064c-7b0a-4bdf-bbd3-38c8c93e73bd#position=1&#038;search_layout=stack&#038;type=item&#038;tracking_id=99819999-c020-4427-9566-fe9ebd907c23#position=1&#038;search_layout=stack&#038;type=item&#038;tracking_id=bbc8064c-7b0a-4bdf-bbd3-38c8c93e73bd#position=1&#038;search_layout=stack&#038;type=item&#038;tracking_id=8eec1a3c-ddb3-4e6f-bca6-9dc7130a1a7c#position=1&#038;search_layout=stack&#038;type=item&#038;tracking_id=bbc8064c-7b0a-4bdf-bbd3-38c8c93e73bd\" target=\"_blank\" class=\"button primary\"  >\n    <span>VER EN TIENDA ?<\/span>\n  <\/a>\n<span style=\"color: #69314d;\">\u00a0<\/span><\/strong><strong>\u00a0<\/strong><\/span><\/h2>\n<p><strong>ISO VG 68\u00a0\u27a2 BALDE X 19L<\/strong><\/p>\n<h2 style=\"text-align: left;\"><span style=\"font-size: 75%;\"><strong><a rel=\"noopener noreferrer\" href=\"https:\/\/performancelube.mercadoshops.com.ar\/MLA-655166122-shell-corena-s4-r-68-aceite-para-compresor-sintetico-x189l-_JM#position=1&#038;search_layout=stack&#038;type=item&#038;tracking_id=a5909318-cc93-4935-9ae5-46ed61dfe222#position=2&#038;search_layout=stack&#038;type=item&#038;tracking_id=a5909318-cc93-4935-9ae5-46ed61dfe222#position=1&#038;search_layout=stack&#038;type=item&#038;tracking_id=bbc8064c-7b0a-4bdf-bbd3-38c8c93e73bd#position=1&#038;search_layout=stack&#038;type=item&#038;tracking_id=99819999-c020-4427-9566-fe9ebd907c23#position=1&#038;search_layout=stack&#038;type=item&#038;tracking_id=bbc8064c-7b0a-4bdf-bbd3-38c8c93e73bd#position=1&#038;search_layout=stack&#038;type=item&#038;tracking_id=8eec1a3c-ddb3-4e6f-bca6-9dc7130a1a7c#position=1&#038;search_layout=stack&#038;type=item&#038;tracking_id=bbc8064c-7b0a-4bdf-bbd3-38c8c93e73bd\" target=\"_blank\" class=\"button primary\"  >\n    <span>VER EN TIENDA ?<\/span>\n  <\/a>\n<span style=\"color: #69314d;\">\u00a0<\/span><\/strong><strong>\u00a0<\/strong><\/span><\/h2>\n<p>Shell posee una gama de productos para el autom\u00f3vil de calle, el transporte pesado, la miner\u00eda, la generaci\u00f3n de energ\u00eda y la ingenier\u00eda general. La cartera de productos de lubricantes Shell incluye Shell Helix, Shell Rimula y Shell Spirax.<\/p>\n","protected":false},"featured_media":2928,"comment_status":"open","ping_status":"closed","template":"","meta":[],"product_cat":[16,34],"product_tag":[],"yoast_head":"<!-- This site is optimized with the Yoast SEO plugin v23.0 - https:\/\/yoast.com\/wordpress\/plugins\/seo\/ -->\n<title>SHELL CORENA S4 R - Perfomance Lube - Lubricantes<\/title>\n<meta name=\"description\" content=\"Distribuidor de lubricantes SHELL, l\u00ednea CORENA de diferentes aplicaciones. Env\u00edos a todo el pa\u00eds. Variedad de productos y stock disponible.\" \/>\n<meta name=\"robots\" content=\"index, follow, max-snippet:-1, max-image-preview:large, max-video-preview:-1\" \/>\n<link rel=\"canonical\" href=\"https:\/\/pldistribucion.com.ar\/web\/producto\/shell-corena-s4-r-32\/\" \/>\n<meta property=\"og:locale\" content=\"es_ES\" \/>\n<meta property=\"og:type\" content=\"article\" \/>\n<meta property=\"og:title\" content=\"SHELL CORENA S4 R - Perfomance Lube - Lubricantes\" \/>\n<meta property=\"og:description\" content=\"Distribuidor de lubricantes SHELL, l\u00ednea CORENA de diferentes aplicaciones. Env\u00edos a todo el pa\u00eds. Variedad de productos y stock disponible.\" \/>\n<meta property=\"og:url\" content=\"https:\/\/pldistribucion.com.ar\/web\/producto\/shell-corena-s4-r-32\/\" \/>\n<meta property=\"og:site_name\" content=\"Perfomance Lube\" \/>\n<meta property=\"article:modified_time\" content=\"2023-01-30T12:51:10+00:00\" \/>\n<meta property=\"og:image\" content=\"https:\/\/pldistribucion.com.ar\/web\/wp-content\/uploads\/FOTO-7-1.jpg\" \/>\n\t<meta property=\"og:image:width\" content=\"500\" \/>\n\t<meta property=\"og:image:height\" content=\"700\" \/>\n\t<meta property=\"og:image:type\" content=\"image\/jpeg\" \/>\n<meta name=\"twitter:card\" content=\"summary_large_image\" \/>\n<meta name=\"twitter:label1\" content=\"Tiempo de lectura\" \/>\n\t<meta name=\"twitter:data1\" content=\"3 minutos\" \/>\n<script type=\"application\/ld+json\" class=\"yoast-schema-graph\">{\"@context\":\"https:\/\/schema.org\",\"@graph\":[{\"@type\":\"WebPage\",\"@id\":\"https:\/\/pldistribucion.com.ar\/web\/producto\/shell-corena-s4-r-32\/\",\"url\":\"https:\/\/pldistribucion.com.ar\/web\/producto\/shell-corena-s4-r-32\/\",\"name\":\"SHELL CORENA S4 R - Perfomance Lube - Lubricantes\",\"isPartOf\":{\"@id\":\"https:\/\/pldistribucion.com.ar\/web\/#website\"},\"primaryImageOfPage\":{\"@id\":\"https:\/\/pldistribucion.com.ar\/web\/producto\/shell-corena-s4-r-32\/#primaryimage\"},\"image\":{\"@id\":\"https:\/\/pldistribucion.com.ar\/web\/producto\/shell-corena-s4-r-32\/#primaryimage\"},\"thumbnailUrl\":\"https:\/\/pldistribucion.com.ar\/web\/wp-content\/uploads\/FOTO-7-1.jpg\",\"datePublished\":\"2020-01-21T21:08:41+00:00\",\"dateModified\":\"2023-01-30T12:51:10+00:00\",\"description\":\"Distribuidor de lubricantes SHELL, l\u00ednea CORENA de diferentes aplicaciones. Env\u00edos a todo el pa\u00eds. Variedad de productos y stock disponible.\",\"breadcrumb\":{\"@id\":\"https:\/\/pldistribucion.com.ar\/web\/producto\/shell-corena-s4-r-32\/#breadcrumb\"},\"inLanguage\":\"es\",\"potentialAction\":[{\"@type\":\"ReadAction\",\"target\":[\"https:\/\/pldistribucion.com.ar\/web\/producto\/shell-corena-s4-r-32\/\"]}]},{\"@type\":\"ImageObject\",\"inLanguage\":\"es\",\"@id\":\"https:\/\/pldistribucion.com.ar\/web\/producto\/shell-corena-s4-r-32\/#primaryimage\",\"url\":\"https:\/\/pldistribucion.com.ar\/web\/wp-content\/uploads\/FOTO-7-1.jpg\",\"contentUrl\":\"https:\/\/pldistribucion.com.ar\/web\/wp-content\/uploads\/FOTO-7-1.jpg\",\"width\":500,\"height\":700,\"caption\":\"SHELL CORENA S4 R\"},{\"@type\":\"BreadcrumbList\",\"@id\":\"https:\/\/pldistribucion.com.ar\/web\/producto\/shell-corena-s4-r-32\/#breadcrumb\",\"itemListElement\":[{\"@type\":\"ListItem\",\"position\":1,\"name\":\"Portada\",\"item\":\"https:\/\/pldistribucion.com.ar\/web\/\"},{\"@type\":\"ListItem\",\"position\":2,\"name\":\"Productos\",\"item\":\"https:\/\/pldistribucion.com.ar\/web\/productos\/\"},{\"@type\":\"ListItem\",\"position\":3,\"name\":\"SHELL CORENA S4 R\"}]},{\"@type\":\"WebSite\",\"@id\":\"https:\/\/pldistribucion.com.ar\/web\/#website\",\"url\":\"https:\/\/pldistribucion.com.ar\/web\/\",\"name\":\"Perfomance Lube\",\"description\":\"\",\"publisher\":{\"@id\":\"https:\/\/pldistribucion.com.ar\/web\/#organization\"},\"potentialAction\":[{\"@type\":\"SearchAction\",\"target\":{\"@type\":\"EntryPoint\",\"urlTemplate\":\"https:\/\/pldistribucion.com.ar\/web\/?s={search_term_string}\"},\"query-input\":\"required name=search_term_string\"}],\"inLanguage\":\"es\"},{\"@type\":\"Organization\",\"@id\":\"https:\/\/pldistribucion.com.ar\/web\/#organization\",\"name\":\"PERFORMANCE LUBE\",\"url\":\"https:\/\/pldistribucion.com.ar\/web\/\",\"logo\":{\"@type\":\"ImageObject\",\"inLanguage\":\"es\",\"@id\":\"https:\/\/pldistribucion.com.ar\/web\/#\/schema\/logo\/image\/\",\"url\":\"https:\/\/pldistribucion.com.ar\/web\/wp-content\/uploads\/pld_logo_GB-removebg-preview.png\",\"contentUrl\":\"https:\/\/pldistribucion.com.ar\/web\/wp-content\/uploads\/pld_logo_GB-removebg-preview.png\",\"width\":787,\"height\":317,\"caption\":\"PERFORMANCE LUBE\"},\"image\":{\"@id\":\"https:\/\/pldistribucion.com.ar\/web\/#\/schema\/logo\/image\/\"}}]}<\/script>\n<!-- \/ Yoast SEO plugin. -->","yoast_head_json":{"title":"SHELL CORENA S4 R - Perfomance Lube - Lubricantes","description":"Distribuidor de lubricantes SHELL, l\u00ednea CORENA de diferentes aplicaciones. Env\u00edos a todo el pa\u00eds. Variedad de productos y stock disponible.","robots":{"index":"index","follow":"follow","max-snippet":"max-snippet:-1","max-image-preview":"max-image-preview:large","max-video-preview":"max-video-preview:-1"},"canonical":"https:\/\/pldistribucion.com.ar\/web\/producto\/shell-corena-s4-r-32\/","og_locale":"es_ES","og_type":"article","og_title":"SHELL CORENA S4 R - Perfomance Lube - Lubricantes","og_description":"Distribuidor de lubricantes SHELL, l\u00ednea CORENA de diferentes aplicaciones. Env\u00edos a todo el pa\u00eds. Variedad de productos y stock disponible.","og_url":"https:\/\/pldistribucion.com.ar\/web\/producto\/shell-corena-s4-r-32\/","og_site_name":"Perfomance Lube","article_modified_time":"2023-01-30T12:51:10+00:00","og_image":[{"width":500,"height":700,"url":"https:\/\/pldistribucion.com.ar\/web\/wp-content\/uploads\/FOTO-7-1.jpg","type":"image\/jpeg"}],"twitter_card":"summary_large_image","twitter_misc":{"Tiempo de lectura":"3 minutos"},"schema":{"@context":"https:\/\/schema.org","@graph":[{"@type":"WebPage","@id":"https:\/\/pldistribucion.com.ar\/web\/producto\/shell-corena-s4-r-32\/","url":"https:\/\/pldistribucion.com.ar\/web\/producto\/shell-corena-s4-r-32\/","name":"SHELL CORENA S4 R - Perfomance Lube - Lubricantes","isPartOf":{"@id":"https:\/\/pldistribucion.com.ar\/web\/#website"},"primaryImageOfPage":{"@id":"https:\/\/pldistribucion.com.ar\/web\/producto\/shell-corena-s4-r-32\/#primaryimage"},"image":{"@id":"https:\/\/pldistribucion.com.ar\/web\/producto\/shell-corena-s4-r-32\/#primaryimage"},"thumbnailUrl":"https:\/\/pldistribucion.com.ar\/web\/wp-content\/uploads\/FOTO-7-1.jpg","datePublished":"2020-01-21T21:08:41+00:00","dateModified":"2023-01-30T12:51:10+00:00","description":"Distribuidor de lubricantes SHELL, l\u00ednea CORENA de diferentes aplicaciones. Env\u00edos a todo el pa\u00eds. Variedad de productos y stock disponible.","breadcrumb":{"@id":"https:\/\/pldistribucion.com.ar\/web\/producto\/shell-corena-s4-r-32\/#breadcrumb"},"inLanguage":"es","potentialAction":[{"@type":"ReadAction","target":["https:\/\/pldistribucion.com.ar\/web\/producto\/shell-corena-s4-r-32\/"]}]},{"@type":"ImageObject","inLanguage":"es","@id":"https:\/\/pldistribucion.com.ar\/web\/producto\/shell-corena-s4-r-32\/#primaryimage","url":"https:\/\/pldistribucion.com.ar\/web\/wp-content\/uploads\/FOTO-7-1.jpg","contentUrl":"https:\/\/pldistribucion.com.ar\/web\/wp-content\/uploads\/FOTO-7-1.jpg","width":500,"height":700,"caption":"SHELL CORENA S4 R"},{"@type":"BreadcrumbList","@id":"https:\/\/pldistribucion.com.ar\/web\/producto\/shell-corena-s4-r-32\/#breadcrumb","itemListElement":[{"@type":"ListItem","position":1,"name":"Portada","item":"https:\/\/pldistribucion.com.ar\/web\/"},{"@type":"ListItem","position":2,"name":"Productos","item":"https:\/\/pldistribucion.com.ar\/web\/productos\/"},{"@type":"ListItem","position":3,"name":"SHELL CORENA S4 R"}]},{"@type":"WebSite","@id":"https:\/\/pldistribucion.com.ar\/web\/#website","url":"https:\/\/pldistribucion.com.ar\/web\/","name":"Perfomance Lube","description":"","publisher":{"@id":"https:\/\/pldistribucion.com.ar\/web\/#organization"},"potentialAction":[{"@type":"SearchAction","target":{"@type":"EntryPoint","urlTemplate":"https:\/\/pldistribucion.com.ar\/web\/?s={search_term_string}"},"query-input":"required name=search_term_string"}],"inLanguage":"es"},{"@type":"Organization","@id":"https:\/\/pldistribucion.com.ar\/web\/#organization","name":"PERFORMANCE LUBE","url":"https:\/\/pldistribucion.com.ar\/web\/","logo":{"@type":"ImageObject","inLanguage":"es","@id":"https:\/\/pldistribucion.com.ar\/web\/#\/schema\/logo\/image\/","url":"https:\/\/pldistribucion.com.ar\/web\/wp-content\/uploads\/pld_logo_GB-removebg-preview.png","contentUrl":"https:\/\/pldistribucion.com.ar\/web\/wp-content\/uploads\/pld_logo_GB-removebg-preview.png","width":787,"height":317,"caption":"PERFORMANCE LUBE"},"image":{"@id":"https:\/\/pldistribucion.com.ar\/web\/#\/schema\/logo\/image\/"}}]}},"_links":{"self":[{"href":"https:\/\/pldistribucion.com.ar\/web\/wp-json\/wp\/v2\/product\/522"}],"collection":[{"href":"https:\/\/pldistribucion.com.ar\/web\/wp-json\/wp\/v2\/product"}],"about":[{"href":"https:\/\/pldistribucion.com.ar\/web\/wp-json\/wp\/v2\/types\/product"}],"replies":[{"embeddable":true,"href":"https:\/\/pldistribucion.com.ar\/web\/wp-json\/wp\/v2\/comments?post=522"}],"wp:featuredmedia":[{"embeddable":true,"href":"https:\/\/pldistribucion.com.ar\/web\/wp-json\/wp\/v2\/media\/2928"}],"wp:attachment":[{"href":"https:\/\/pldistribucion.com.ar\/web\/wp-json\/wp\/v2\/media?parent=522"}],"wp:term":[{"taxonomy":"product_cat","embeddable":true,"href":"https:\/\/pldistribucion.com.ar\/web\/wp-json\/wp\/v2\/product_cat?post=522"},{"taxonomy":"product_tag","embeddable":true,"href":"https:\/\/pldistribucion.com.ar\/web\/wp-json\/wp\/v2\/product_tag?post=522"}],"curies":[{"name":"wp","href":"https:\/\/api.w.org\/{rel}","templated":true}]}}