{"id":5140,"date":"2022-08-24T11:21:47","date_gmt":"2022-08-24T11:21:47","guid":{"rendered":"https:\/\/pldistribucion.com.ar\/web\/?post_type=product&#038;p=5140"},"modified":"2022-08-29T14:21:27","modified_gmt":"2022-08-29T14:21:27","slug":"cortis-ms","status":"publish","type":"product","link":"https:\/\/pldistribucion.com.ar\/web\/producto\/cortis-ms\/","title":{"rendered":"TOTAL CORTIS MS"},"content":{"rendered":"<h1><span style=\"font-size: 80%;\"><strong>TOTAL CORTIS MS<\/strong><\/span><\/h1>\n<h3><span style=\"font-size: 16.128px; background-color: #91dff2;\"><b>DESCRIPCI\u00d3N DEL PRODUCTO:<\/b><\/span><\/h3>\n<div id=\"wpcontent\">\n<div id=\"wpbody\" role=\"main\">\n<div id=\"wpbody-content\">\n<div class=\"clear\"><span style=\"color: #000000;\">TOTAL CORTIS MS\u00a0 <\/span><strong>\u27a2 <span style=\"color: #000080;\"><a style=\"color: #000080;\" href=\"https:\/\/pldistribucion.com.ar\/web\/wp-content\/uploads\/TOTAL-CORTIS-MS-Esp-2018.pdf\" target=\"_blank\" rel=\"noopener\">Ver ficha t\u00e9cnica<\/a><\/span><\/strong><\/div>\n<\/div>\n<\/div>\n<\/div>\n<div><\/div>\n<div><span style=\"color: #000000;\">Es un aceite mineral de bajo tenor de cenizas para circulaci\u00f3n.<\/span><\/div>\n<div id=\"wpcontent\">\n<div id=\"wpbody\" role=\"main\">\n<div id=\"wpbody-content\">\n<div>\n<h3><span style=\"font-size: 16.128px; background-color: #91dff2;\"><b>CARACTER\u00cdSTICAS Y BENEFICIOS<\/b><\/span><\/h3>\n<p><span style=\"color: #000000;\">TOTAL CORTIS MS tiene una excelente estabilidad t\u00e9rmica y oxidativa con intervalos de drenaje prolongados. Tambi\u00e9n tiene muy buenas propiedades antiemulsificantes a altas y bajas temperaturas, muy buenas propiedades antidesgaste. <\/span><\/p>\n<p><span style=\"color: #000000;\">Por otro lado, los lubricantes que no son EP brindan una excelente protecci\u00f3n contra el \u00f3xido y la corrosi\u00f3n a altas temperaturas. Aditivo sin cenizas con alta estabilidad hidrol\u00edtica: previene la formaci\u00f3n de dep\u00f3sitos manteniendo buenas propiedades de filtraci\u00f3n.<\/span><\/p>\n<\/div>\n<div>\n<h3><span style=\"font-size: 16.128px; background-color: #91dff2;\"><b>APLICACIONES:<\/b><\/span><\/h3>\n<p><span style=\"color: #000000;\">Es un aceite de circulaci\u00f3n multiprop\u00f3sito anti-desgaste que cumple los requerimientos t\u00e9cnicos de cojinetes hidrodin\u00e1micos de<\/span><br \/>\n<span style=\"color: #000000;\">tipo MORGOIL y DANIELI, usados en laminadores.\u00a0<\/span><\/p>\n<\/div>\n<\/div>\n<div class=\"clear\">\n<hr \/>\n<\/div>\n<\/div>\n<\/div>\n<div><span style=\"color: #000080;\"><strong><a style=\"color: #000080;\" href=\"https:\/\/pldistribucion.com.ar\/web\/productos\/?filter_marcas=total\" target=\"_blank\" rel=\"noopener\">Ver m\u00e1s productos TOTAL<\/a><\/strong><\/span><\/div>\n<div><\/div>\n<div class=\"clear\"><span style=\"color: #000000;\">Lo que hoy es TOTAL LUBRICANTES naci\u00f3 en 1924 con el nombre de Compagnie Francaise de Raffinage, CFP por sus siglas.L<span style=\"font-size: 14.4px;\">uego de fusiones con PetroFina y Elf Aquitaine la Corporaci\u00f3n Total participa en todas las \u00e1reas de conversi\u00f3n de energ\u00eda teniendo importante participaci\u00f3n en producci\u00f3n de energ\u00eda e\u00f3lica, energ\u00eda solar y energ\u00eda de petr\u00f3leo con m\u00e1s de 100.000 empleados en m\u00e1s de 130 pa\u00edses en los 5 continentes, con marcas reconocidas en todo el mundo tales como Total, Elf, Lubmarine y Banole.<\/span><\/span><\/div>\n<div><\/div>\n<div><span style=\"color: #000080;\"><strong><a style=\"color: #000080;\" href=\"https:\/\/oilsuper.com.ec\/quienes-somos\/\" target=\"_blank\" rel=\"noopener\">Conoce m\u00e1s sobre TOTAL<\/a><\/strong><\/span><\/div>\n<div id=\"wpfooter\" role=\"contentinfo\"><\/div>\n","protected":false},"excerpt":{"rendered":"<p><img loading=\"lazy\" decoding=\"async\" class=\"alignnone wp-image-5035\" src=\"https:\/\/pldistribucion.com.ar\/web\/wp-content\/uploads\/total-logo-300x94.png\" alt=\"\" width=\"246\" height=\"77\" srcset=\"https:\/\/pldistribucion.com.ar\/web\/wp-content\/uploads\/total-logo-300x94.png 300w, https:\/\/pldistribucion.com.ar\/web\/wp-content\/uploads\/total-logo-1024x322.png 1024w, https:\/\/pldistribucion.com.ar\/web\/wp-content\/uploads\/total-logo-768x241.png 768w, https:\/\/pldistribucion.com.ar\/web\/wp-content\/uploads\/total-logo-1536x483.png 1536w, https:\/\/pldistribucion.com.ar\/web\/wp-content\/uploads\/total-logo-2048x644.png 2048w, https:\/\/pldistribucion.com.ar\/web\/wp-content\/uploads\/total-logo-600x189.png 600w\" sizes=\"(max-width: 246px) 100vw, 246px\" \/><\/p>\n<p><span style=\"color: #000000;\">TOTAL tiene productos para todos los sectores. Lubricantes especiales para industrias de todos los ramos, veh\u00edculos livianos, pesados y motocicletas, equipos agr\u00edcolas y camineros, aviaci\u00f3n y barcos de todo tipo, pesqueros, de transporte o recreativos.<\/span><\/p>\n","protected":false},"featured_media":5066,"comment_status":"open","ping_status":"closed","template":"","meta":[],"product_cat":[16,34],"product_tag":[],"yoast_head":"<!-- This site is optimized with the Yoast SEO plugin v23.0 - https:\/\/yoast.com\/wordpress\/plugins\/seo\/ -->\n<title>TOTAL CORTIS MS - Perfomance Lube - Lubricantes<\/title>\n<meta name=\"description\" content=\"Distribuidor de lubricantes TOTAL de diferentes aplicaciones. Env\u00edos a todo el pa\u00eds. Variedad de productos y stock disponible.TOTAL CORTIS MS\" \/>\n<meta name=\"robots\" content=\"index, follow, max-snippet:-1, max-image-preview:large, max-video-preview:-1\" \/>\n<link rel=\"canonical\" href=\"https:\/\/pldistribucion.com.ar\/web\/producto\/cortis-ms\/\" \/>\n<meta property=\"og:locale\" content=\"es_ES\" \/>\n<meta property=\"og:type\" content=\"article\" \/>\n<meta property=\"og:title\" content=\"TOTAL CORTIS MS - Perfomance Lube - Lubricantes\" \/>\n<meta property=\"og:description\" content=\"Distribuidor de lubricantes TOTAL de diferentes aplicaciones. Env\u00edos a todo el pa\u00eds. Variedad de productos y stock disponible.TOTAL CORTIS MS\" \/>\n<meta property=\"og:url\" content=\"https:\/\/pldistribucion.com.ar\/web\/producto\/cortis-ms\/\" \/>\n<meta property=\"og:site_name\" content=\"Perfomance Lube\" \/>\n<meta property=\"article:modified_time\" content=\"2022-08-29T14:21:27+00:00\" \/>\n<meta property=\"og:image\" content=\"https:\/\/pldistribucion.com.ar\/web\/wp-content\/uploads\/TAMBOR-TOTAL.png\" \/>\n\t<meta property=\"og:image:width\" content=\"540\" \/>\n\t<meta property=\"og:image:height\" content=\"660\" \/>\n\t<meta property=\"og:image:type\" content=\"image\/png\" \/>\n<meta name=\"twitter:card\" content=\"summary_large_image\" \/>\n<meta name=\"twitter:label1\" content=\"Tiempo de lectura\" \/>\n\t<meta name=\"twitter:data1\" content=\"1 minuto\" \/>\n<script type=\"application\/ld+json\" class=\"yoast-schema-graph\">{\"@context\":\"https:\/\/schema.org\",\"@graph\":[{\"@type\":\"WebPage\",\"@id\":\"https:\/\/pldistribucion.com.ar\/web\/producto\/cortis-ms\/\",\"url\":\"https:\/\/pldistribucion.com.ar\/web\/producto\/cortis-ms\/\",\"name\":\"TOTAL CORTIS MS - Perfomance Lube - Lubricantes\",\"isPartOf\":{\"@id\":\"https:\/\/pldistribucion.com.ar\/web\/#website\"},\"primaryImageOfPage\":{\"@id\":\"https:\/\/pldistribucion.com.ar\/web\/producto\/cortis-ms\/#primaryimage\"},\"image\":{\"@id\":\"https:\/\/pldistribucion.com.ar\/web\/producto\/cortis-ms\/#primaryimage\"},\"thumbnailUrl\":\"https:\/\/pldistribucion.com.ar\/web\/wp-content\/uploads\/TAMBOR-TOTAL.png\",\"datePublished\":\"2022-08-24T11:21:47+00:00\",\"dateModified\":\"2022-08-29T14:21:27+00:00\",\"description\":\"Distribuidor de lubricantes TOTAL de diferentes aplicaciones. Env\u00edos a todo el pa\u00eds. Variedad de productos y stock disponible.TOTAL CORTIS MS\",\"breadcrumb\":{\"@id\":\"https:\/\/pldistribucion.com.ar\/web\/producto\/cortis-ms\/#breadcrumb\"},\"inLanguage\":\"es\",\"potentialAction\":[{\"@type\":\"ReadAction\",\"target\":[\"https:\/\/pldistribucion.com.ar\/web\/producto\/cortis-ms\/\"]}]},{\"@type\":\"ImageObject\",\"inLanguage\":\"es\",\"@id\":\"https:\/\/pldistribucion.com.ar\/web\/producto\/cortis-ms\/#primaryimage\",\"url\":\"https:\/\/pldistribucion.com.ar\/web\/wp-content\/uploads\/TAMBOR-TOTAL.png\",\"contentUrl\":\"https:\/\/pldistribucion.com.ar\/web\/wp-content\/uploads\/TAMBOR-TOTAL.png\",\"width\":540,\"height\":660,\"caption\":\"TOTAL DACNIS 100\"},{\"@type\":\"BreadcrumbList\",\"@id\":\"https:\/\/pldistribucion.com.ar\/web\/producto\/cortis-ms\/#breadcrumb\",\"itemListElement\":[{\"@type\":\"ListItem\",\"position\":1,\"name\":\"Portada\",\"item\":\"https:\/\/pldistribucion.com.ar\/web\/\"},{\"@type\":\"ListItem\",\"position\":2,\"name\":\"Productos\",\"item\":\"https:\/\/pldistribucion.com.ar\/web\/productos\/\"},{\"@type\":\"ListItem\",\"position\":3,\"name\":\"TOTAL CORTIS MS\"}]},{\"@type\":\"WebSite\",\"@id\":\"https:\/\/pldistribucion.com.ar\/web\/#website\",\"url\":\"https:\/\/pldistribucion.com.ar\/web\/\",\"name\":\"Perfomance Lube\",\"description\":\"\",\"publisher\":{\"@id\":\"https:\/\/pldistribucion.com.ar\/web\/#organization\"},\"potentialAction\":[{\"@type\":\"SearchAction\",\"target\":{\"@type\":\"EntryPoint\",\"urlTemplate\":\"https:\/\/pldistribucion.com.ar\/web\/?s={search_term_string}\"},\"query-input\":\"required name=search_term_string\"}],\"inLanguage\":\"es\"},{\"@type\":\"Organization\",\"@id\":\"https:\/\/pldistribucion.com.ar\/web\/#organization\",\"name\":\"PERFORMANCE LUBE\",\"url\":\"https:\/\/pldistribucion.com.ar\/web\/\",\"logo\":{\"@type\":\"ImageObject\",\"inLanguage\":\"es\",\"@id\":\"https:\/\/pldistribucion.com.ar\/web\/#\/schema\/logo\/image\/\",\"url\":\"https:\/\/pldistribucion.com.ar\/web\/wp-content\/uploads\/pld_logo_GB-removebg-preview.png\",\"contentUrl\":\"https:\/\/pldistribucion.com.ar\/web\/wp-content\/uploads\/pld_logo_GB-removebg-preview.png\",\"width\":787,\"height\":317,\"caption\":\"PERFORMANCE LUBE\"},\"image\":{\"@id\":\"https:\/\/pldistribucion.com.ar\/web\/#\/schema\/logo\/image\/\"}}]}<\/script>\n<!-- \/ Yoast SEO plugin. -->","yoast_head_json":{"title":"TOTAL CORTIS MS - Perfomance Lube - Lubricantes","description":"Distribuidor de lubricantes TOTAL de diferentes aplicaciones. Env\u00edos a todo el pa\u00eds. Variedad de productos y stock disponible.TOTAL CORTIS MS","robots":{"index":"index","follow":"follow","max-snippet":"max-snippet:-1","max-image-preview":"max-image-preview:large","max-video-preview":"max-video-preview:-1"},"canonical":"https:\/\/pldistribucion.com.ar\/web\/producto\/cortis-ms\/","og_locale":"es_ES","og_type":"article","og_title":"TOTAL CORTIS MS - Perfomance Lube - Lubricantes","og_description":"Distribuidor de lubricantes TOTAL de diferentes aplicaciones. Env\u00edos a todo el pa\u00eds. Variedad de productos y stock disponible.TOTAL CORTIS MS","og_url":"https:\/\/pldistribucion.com.ar\/web\/producto\/cortis-ms\/","og_site_name":"Perfomance Lube","article_modified_time":"2022-08-29T14:21:27+00:00","og_image":[{"width":540,"height":660,"url":"https:\/\/pldistribucion.com.ar\/web\/wp-content\/uploads\/TAMBOR-TOTAL.png","type":"image\/png"}],"twitter_card":"summary_large_image","twitter_misc":{"Tiempo de lectura":"1 minuto"},"schema":{"@context":"https:\/\/schema.org","@graph":[{"@type":"WebPage","@id":"https:\/\/pldistribucion.com.ar\/web\/producto\/cortis-ms\/","url":"https:\/\/pldistribucion.com.ar\/web\/producto\/cortis-ms\/","name":"TOTAL CORTIS MS - Perfomance Lube - Lubricantes","isPartOf":{"@id":"https:\/\/pldistribucion.com.ar\/web\/#website"},"primaryImageOfPage":{"@id":"https:\/\/pldistribucion.com.ar\/web\/producto\/cortis-ms\/#primaryimage"},"image":{"@id":"https:\/\/pldistribucion.com.ar\/web\/producto\/cortis-ms\/#primaryimage"},"thumbnailUrl":"https:\/\/pldistribucion.com.ar\/web\/wp-content\/uploads\/TAMBOR-TOTAL.png","datePublished":"2022-08-24T11:21:47+00:00","dateModified":"2022-08-29T14:21:27+00:00","description":"Distribuidor de lubricantes TOTAL de diferentes aplicaciones. Env\u00edos a todo el pa\u00eds. Variedad de productos y stock disponible.TOTAL CORTIS MS","breadcrumb":{"@id":"https:\/\/pldistribucion.com.ar\/web\/producto\/cortis-ms\/#breadcrumb"},"inLanguage":"es","potentialAction":[{"@type":"ReadAction","target":["https:\/\/pldistribucion.com.ar\/web\/producto\/cortis-ms\/"]}]},{"@type":"ImageObject","inLanguage":"es","@id":"https:\/\/pldistribucion.com.ar\/web\/producto\/cortis-ms\/#primaryimage","url":"https:\/\/pldistribucion.com.ar\/web\/wp-content\/uploads\/TAMBOR-TOTAL.png","contentUrl":"https:\/\/pldistribucion.com.ar\/web\/wp-content\/uploads\/TAMBOR-TOTAL.png","width":540,"height":660,"caption":"TOTAL DACNIS 100"},{"@type":"BreadcrumbList","@id":"https:\/\/pldistribucion.com.ar\/web\/producto\/cortis-ms\/#breadcrumb","itemListElement":[{"@type":"ListItem","position":1,"name":"Portada","item":"https:\/\/pldistribucion.com.ar\/web\/"},{"@type":"ListItem","position":2,"name":"Productos","item":"https:\/\/pldistribucion.com.ar\/web\/productos\/"},{"@type":"ListItem","position":3,"name":"TOTAL CORTIS MS"}]},{"@type":"WebSite","@id":"https:\/\/pldistribucion.com.ar\/web\/#website","url":"https:\/\/pldistribucion.com.ar\/web\/","name":"Perfomance Lube","description":"","publisher":{"@id":"https:\/\/pldistribucion.com.ar\/web\/#organization"},"potentialAction":[{"@type":"SearchAction","target":{"@type":"EntryPoint","urlTemplate":"https:\/\/pldistribucion.com.ar\/web\/?s={search_term_string}"},"query-input":"required name=search_term_string"}],"inLanguage":"es"},{"@type":"Organization","@id":"https:\/\/pldistribucion.com.ar\/web\/#organization","name":"PERFORMANCE LUBE","url":"https:\/\/pldistribucion.com.ar\/web\/","logo":{"@type":"ImageObject","inLanguage":"es","@id":"https:\/\/pldistribucion.com.ar\/web\/#\/schema\/logo\/image\/","url":"https:\/\/pldistribucion.com.ar\/web\/wp-content\/uploads\/pld_logo_GB-removebg-preview.png","contentUrl":"https:\/\/pldistribucion.com.ar\/web\/wp-content\/uploads\/pld_logo_GB-removebg-preview.png","width":787,"height":317,"caption":"PERFORMANCE LUBE"},"image":{"@id":"https:\/\/pldistribucion.com.ar\/web\/#\/schema\/logo\/image\/"}}]}},"_links":{"self":[{"href":"https:\/\/pldistribucion.com.ar\/web\/wp-json\/wp\/v2\/product\/5140"}],"collection":[{"href":"https:\/\/pldistribucion.com.ar\/web\/wp-json\/wp\/v2\/product"}],"about":[{"href":"https:\/\/pldistribucion.com.ar\/web\/wp-json\/wp\/v2\/types\/product"}],"replies":[{"embeddable":true,"href":"https:\/\/pldistribucion.com.ar\/web\/wp-json\/wp\/v2\/comments?post=5140"}],"wp:featuredmedia":[{"embeddable":true,"href":"https:\/\/pldistribucion.com.ar\/web\/wp-json\/wp\/v2\/media\/5066"}],"wp:attachment":[{"href":"https:\/\/pldistribucion.com.ar\/web\/wp-json\/wp\/v2\/media?parent=5140"}],"wp:term":[{"taxonomy":"product_cat","embeddable":true,"href":"https:\/\/pldistribucion.com.ar\/web\/wp-json\/wp\/v2\/product_cat?post=5140"},{"taxonomy":"product_tag","embeddable":true,"href":"https:\/\/pldistribucion.com.ar\/web\/wp-json\/wp\/v2\/product_tag?post=5140"}],"curies":[{"name":"wp","href":"https:\/\/api.w.org\/{rel}","templated":true}]}}