{"id":5113,"date":"2022-08-22T16:00:54","date_gmt":"2022-08-22T16:00:54","guid":{"rendered":"https:\/\/pldistribucion.com.ar\/web\/?post_type=product&#038;p=5113"},"modified":"2022-08-25T13:07:04","modified_gmt":"2022-08-25T13:07:04","slug":"lunaria-fr","status":"publish","type":"product","link":"https:\/\/pldistribucion.com.ar\/web\/producto\/lunaria-fr\/","title":{"rendered":"TOTAL LUNARIA FR"},"content":{"rendered":"<h1><span style=\"font-size: 80%;\"><strong>TOTAL LUNARIA FR<\/strong><\/span><\/h1>\n<h3><span style=\"font-size: 16.128px; background-color: #91dff2;\"><b>DESCRIPCI\u00d3N DEL PRODUCTO:<\/b><\/span><\/h3>\n<div id=\"wpcontent\">\n<div id=\"wpbody\" role=\"main\">\n<div id=\"wpbody-content\">\n<div class=\"clear\"><span style=\"color: #000000;\">TOTAL LUNARIA FR\u00a0 <\/span><strong>\u27a2<span style=\"color: #000080;\"> <a style=\"color: #000080;\" href=\"https:\/\/pldistribucion.com.ar\/web\/wp-content\/uploads\/LUBMARINE-LUNARIA-FR-Esp.pdf\" target=\"_blank\" rel=\"noopener\">Ver ficha t\u00e9cnica<\/a><\/span><\/strong><\/div>\n<\/div>\n<\/div>\n<\/div>\n<div><\/div>\n<div><span style=\"color: #000000;\">Son aceites minerales naft\u00e9nicos libres de ceras para compresores frigor\u00edficos. <\/span><\/div>\n<div id=\"wpcontent\">\n<div id=\"wpbody\" role=\"main\">\n<div id=\"wpbody-content\">\n<div>\n<h3><span style=\"font-size: 16.128px; background-color: #91dff2;\"><b>CARACTER\u00cdSTICAS Y BENEFICIOS<\/b><\/span><\/h3>\n<p><span style=\"color: #000000;\">TOTAL LUNARIA FR<\/span><\/p>\n<ul>\n<li><span style=\"color: #000000;\">Alta estabilidad qu\u00edmica con refrigerantes.<\/span><\/li>\n<li><span style=\"color: #000000;\">Ausencia de placa de cobre.<\/span><\/li>\n<li><span style=\"color: #000000;\">Muy buen comportamiento de miscibilidad con refrigerantes, permite un buen retorno del aceite al compresor (temperatura del evaporador mayor a &#8211; 15 \u00b0C).<\/span><\/li>\n<\/ul>\n<p><span style=\"color: #000000;\">CARACTER\u00cdSTICAS T\u00cdPICAS M\u00c9TODO UNIDAD<\/span><br \/>\n<span style=\"color: #000000;\">32 46 68 100<\/span><br \/>\n<span style=\"color: #000000;\">Densidad @ 15\u00b0C ISO 3675 kg\/m3<\/span><br \/>\n<span style=\"color: #000000;\">898 899 900 900<\/span><br \/>\n<span style=\"color: #000000;\">Viscosidad @ 40\u00b0C ISO 3104 mm2<\/span><br \/>\n<span style=\"color: #000000;\">\/s 32 46 68 100<\/span><br \/>\n<span style=\"color: #000000;\">Viscosidad @ 100\u00b0C ISO 3104 mm2<\/span><br \/>\n<span style=\"color: #000000;\">\/s 4.5 5.6 7.0 8.8<\/span><br \/>\n<span style=\"color: #000000;\">Punto de escurrimiento ISO 3016 \u00b0C &#8211; 42 &#8211; 39 &#8211; 33 &#8211; 30<\/span><br \/>\n<span style=\"color: #000000;\">Punto de inflamaci\u00f3n (open cup) ISO 2592 \u00b0C 185 200 205 220<\/span><\/p>\n<\/div>\n<div>\n<h3><span style=\"font-size: 16.128px; background-color: #91dff2;\"><b>APLICACIONES:<\/b><\/span><\/h3>\n<p><span style=\"color: #000000;\">Compresores frigor\u00edficos que usen CFC, HCFC \u00f3 NH3 como refrigerante.<\/span><\/p>\n<ul>\n<li><span style=\"color: #000000;\">Lubricaci\u00f3n de cilindros, rodamientos y sellos de compresores frigor\u00edficos.<\/span><\/li>\n<li><span style=\"color: #000000;\">LUNARIA FR es compatible con la mayor\u00eda de los gases refrigerantes clorofluorinados y de amonio en condiciones de servicio: temperatura del evaporador mayor a &#8211; 15 \u00b0C. De hecho, para aplicaciones refrigerantes con amonio a baja temperatura, se recomienda usar los lubricantes espec\u00edficos LUNARIA NH \u00f3 LUNARIA SH. <\/span><\/li>\n<\/ul>\n<\/div>\n<\/div>\n<div class=\"clear\">\n<hr \/>\n<\/div>\n<\/div>\n<\/div>\n<div><span style=\"color: #000080;\"><strong><a style=\"color: #000080;\" href=\"https:\/\/pldistribucion.com.ar\/web\/productos\/?filter_marcas=total\" target=\"_blank\" rel=\"noopener\">Ver m\u00e1s productos TOTAL<\/a><\/strong><\/span><\/div>\n<div><\/div>\n<div class=\"clear\"><span style=\"color: #000000;\">Lo que hoy es TOTAL LUBRICANTES naci\u00f3 en 1924 con el nombre de Compagnie Francaise de Raffinage, CFP por sus siglas.L<span style=\"font-size: 14.4px;\">uego de fusiones con PetroFina y Elf Aquitaine la Corporaci\u00f3n Total participa en todas las \u00e1reas de conversi\u00f3n de energ\u00eda teniendo importante participaci\u00f3n en producci\u00f3n de energ\u00eda e\u00f3lica, energ\u00eda solar y energ\u00eda de petr\u00f3leo con m\u00e1s de 100.000 empleados en m\u00e1s de 130 pa\u00edses en los 5 continentes, con marcas reconocidas en todo el mundo tales como Total, Elf, Lubmarine y Banole.<\/span><\/span><\/div>\n<div><\/div>\n<div><span style=\"color: #000080;\"><strong><a style=\"color: #000080;\" href=\"https:\/\/oilsuper.com.ec\/quienes-somos\/\" target=\"_blank\" rel=\"noopener\">Conoce m\u00e1s sobre TOTAL<\/a><\/strong><\/span><\/div>\n<div id=\"wpfooter\" role=\"contentinfo\"><\/div>\n","protected":false},"excerpt":{"rendered":"<p><img loading=\"lazy\" decoding=\"async\" class=\"alignnone wp-image-5035\" src=\"https:\/\/pldistribucion.com.ar\/web\/wp-content\/uploads\/total-logo-300x94.png\" alt=\"\" width=\"246\" height=\"77\" srcset=\"https:\/\/pldistribucion.com.ar\/web\/wp-content\/uploads\/total-logo-300x94.png 300w, https:\/\/pldistribucion.com.ar\/web\/wp-content\/uploads\/total-logo-1024x322.png 1024w, https:\/\/pldistribucion.com.ar\/web\/wp-content\/uploads\/total-logo-768x241.png 768w, https:\/\/pldistribucion.com.ar\/web\/wp-content\/uploads\/total-logo-1536x483.png 1536w, https:\/\/pldistribucion.com.ar\/web\/wp-content\/uploads\/total-logo-2048x644.png 2048w, https:\/\/pldistribucion.com.ar\/web\/wp-content\/uploads\/total-logo-600x189.png 600w\" sizes=\"(max-width: 246px) 100vw, 246px\" \/><\/p>\n<p><span style=\"color: #000000;\">TOTAL tiene productos para todos los sectores. Lubricantes especiales para industrias de todos los ramos, veh\u00edculos livianos, pesados y motocicletas, equipos agr\u00edcolas y camineros, aviaci\u00f3n y barcos de todo tipo, pesqueros, de transporte o recreativos.<\/span><\/p>\n","protected":false},"featured_media":5052,"comment_status":"open","ping_status":"closed","template":"","meta":[],"product_cat":[16,34],"product_tag":[],"yoast_head":"<!-- This site is optimized with the Yoast SEO plugin v23.0 - https:\/\/yoast.com\/wordpress\/plugins\/seo\/ -->\n<title>TOTAL LUNARIA FR - Perfomance Lube - Lubricantes<\/title>\n<meta name=\"description\" content=\"Distribuidor de lubricantes TOTAL de diferentes aplicaciones. Env\u00edos a todo el pa\u00eds. Variedad de productos y stock disponible.TOTAL LUNARIA FR\" \/>\n<meta name=\"robots\" content=\"index, follow, max-snippet:-1, max-image-preview:large, max-video-preview:-1\" \/>\n<link rel=\"canonical\" href=\"https:\/\/pldistribucion.com.ar\/web\/producto\/lunaria-fr\/\" \/>\n<meta property=\"og:locale\" content=\"es_ES\" \/>\n<meta property=\"og:type\" content=\"article\" \/>\n<meta property=\"og:title\" content=\"TOTAL LUNARIA FR - Perfomance Lube - Lubricantes\" \/>\n<meta property=\"og:description\" content=\"Distribuidor de lubricantes TOTAL de diferentes aplicaciones. Env\u00edos a todo el pa\u00eds. Variedad de productos y stock disponible.TOTAL LUNARIA FR\" \/>\n<meta property=\"og:url\" content=\"https:\/\/pldistribucion.com.ar\/web\/producto\/lunaria-fr\/\" \/>\n<meta property=\"og:site_name\" content=\"Perfomance Lube\" \/>\n<meta property=\"article:modified_time\" content=\"2022-08-25T13:07:04+00:00\" \/>\n<meta property=\"og:image\" content=\"https:\/\/pldistribucion.com.ar\/web\/wp-content\/uploads\/0049879_161349-multis-ep-3-multi-purpose-grease-nlgi-3-1-x-15kg_350.jpeg\" \/>\n\t<meta property=\"og:image:width\" content=\"350\" \/>\n\t<meta property=\"og:image:height\" content=\"350\" \/>\n\t<meta property=\"og:image:type\" content=\"image\/jpeg\" \/>\n<meta name=\"twitter:card\" content=\"summary_large_image\" \/>\n<meta name=\"twitter:label1\" content=\"Tiempo de lectura\" \/>\n\t<meta name=\"twitter:data1\" content=\"2 minutos\" \/>\n<script type=\"application\/ld+json\" class=\"yoast-schema-graph\">{\"@context\":\"https:\/\/schema.org\",\"@graph\":[{\"@type\":\"WebPage\",\"@id\":\"https:\/\/pldistribucion.com.ar\/web\/producto\/lunaria-fr\/\",\"url\":\"https:\/\/pldistribucion.com.ar\/web\/producto\/lunaria-fr\/\",\"name\":\"TOTAL LUNARIA FR - Perfomance Lube - Lubricantes\",\"isPartOf\":{\"@id\":\"https:\/\/pldistribucion.com.ar\/web\/#website\"},\"primaryImageOfPage\":{\"@id\":\"https:\/\/pldistribucion.com.ar\/web\/producto\/lunaria-fr\/#primaryimage\"},\"image\":{\"@id\":\"https:\/\/pldistribucion.com.ar\/web\/producto\/lunaria-fr\/#primaryimage\"},\"thumbnailUrl\":\"https:\/\/pldistribucion.com.ar\/web\/wp-content\/uploads\/0049879_161349-multis-ep-3-multi-purpose-grease-nlgi-3-1-x-15kg_350.jpeg\",\"datePublished\":\"2022-08-22T16:00:54+00:00\",\"dateModified\":\"2022-08-25T13:07:04+00:00\",\"description\":\"Distribuidor de lubricantes TOTAL de diferentes aplicaciones. Env\u00edos a todo el pa\u00eds. Variedad de productos y stock disponible.TOTAL LUNARIA FR\",\"breadcrumb\":{\"@id\":\"https:\/\/pldistribucion.com.ar\/web\/producto\/lunaria-fr\/#breadcrumb\"},\"inLanguage\":\"es\",\"potentialAction\":[{\"@type\":\"ReadAction\",\"target\":[\"https:\/\/pldistribucion.com.ar\/web\/producto\/lunaria-fr\/\"]}]},{\"@type\":\"ImageObject\",\"inLanguage\":\"es\",\"@id\":\"https:\/\/pldistribucion.com.ar\/web\/producto\/lunaria-fr\/#primaryimage\",\"url\":\"https:\/\/pldistribucion.com.ar\/web\/wp-content\/uploads\/0049879_161349-multis-ep-3-multi-purpose-grease-nlgi-3-1-x-15kg_350.jpeg\",\"contentUrl\":\"https:\/\/pldistribucion.com.ar\/web\/wp-content\/uploads\/0049879_161349-multis-ep-3-multi-purpose-grease-nlgi-3-1-x-15kg_350.jpeg\",\"width\":350,\"height\":350,\"caption\":\"TOTAL NEVASTANE HTF\"},{\"@type\":\"BreadcrumbList\",\"@id\":\"https:\/\/pldistribucion.com.ar\/web\/producto\/lunaria-fr\/#breadcrumb\",\"itemListElement\":[{\"@type\":\"ListItem\",\"position\":1,\"name\":\"Portada\",\"item\":\"https:\/\/pldistribucion.com.ar\/web\/\"},{\"@type\":\"ListItem\",\"position\":2,\"name\":\"Productos\",\"item\":\"https:\/\/pldistribucion.com.ar\/web\/productos\/\"},{\"@type\":\"ListItem\",\"position\":3,\"name\":\"TOTAL LUNARIA FR\"}]},{\"@type\":\"WebSite\",\"@id\":\"https:\/\/pldistribucion.com.ar\/web\/#website\",\"url\":\"https:\/\/pldistribucion.com.ar\/web\/\",\"name\":\"Perfomance Lube\",\"description\":\"\",\"publisher\":{\"@id\":\"https:\/\/pldistribucion.com.ar\/web\/#organization\"},\"potentialAction\":[{\"@type\":\"SearchAction\",\"target\":{\"@type\":\"EntryPoint\",\"urlTemplate\":\"https:\/\/pldistribucion.com.ar\/web\/?s={search_term_string}\"},\"query-input\":\"required name=search_term_string\"}],\"inLanguage\":\"es\"},{\"@type\":\"Organization\",\"@id\":\"https:\/\/pldistribucion.com.ar\/web\/#organization\",\"name\":\"PERFORMANCE LUBE\",\"url\":\"https:\/\/pldistribucion.com.ar\/web\/\",\"logo\":{\"@type\":\"ImageObject\",\"inLanguage\":\"es\",\"@id\":\"https:\/\/pldistribucion.com.ar\/web\/#\/schema\/logo\/image\/\",\"url\":\"https:\/\/pldistribucion.com.ar\/web\/wp-content\/uploads\/pld_logo_GB-removebg-preview.png\",\"contentUrl\":\"https:\/\/pldistribucion.com.ar\/web\/wp-content\/uploads\/pld_logo_GB-removebg-preview.png\",\"width\":787,\"height\":317,\"caption\":\"PERFORMANCE LUBE\"},\"image\":{\"@id\":\"https:\/\/pldistribucion.com.ar\/web\/#\/schema\/logo\/image\/\"}}]}<\/script>\n<!-- \/ Yoast SEO plugin. -->","yoast_head_json":{"title":"TOTAL LUNARIA FR - Perfomance Lube - Lubricantes","description":"Distribuidor de lubricantes TOTAL de diferentes aplicaciones. Env\u00edos a todo el pa\u00eds. Variedad de productos y stock disponible.TOTAL LUNARIA FR","robots":{"index":"index","follow":"follow","max-snippet":"max-snippet:-1","max-image-preview":"max-image-preview:large","max-video-preview":"max-video-preview:-1"},"canonical":"https:\/\/pldistribucion.com.ar\/web\/producto\/lunaria-fr\/","og_locale":"es_ES","og_type":"article","og_title":"TOTAL LUNARIA FR - Perfomance Lube - Lubricantes","og_description":"Distribuidor de lubricantes TOTAL de diferentes aplicaciones. Env\u00edos a todo el pa\u00eds. Variedad de productos y stock disponible.TOTAL LUNARIA FR","og_url":"https:\/\/pldistribucion.com.ar\/web\/producto\/lunaria-fr\/","og_site_name":"Perfomance Lube","article_modified_time":"2022-08-25T13:07:04+00:00","og_image":[{"width":350,"height":350,"url":"https:\/\/pldistribucion.com.ar\/web\/wp-content\/uploads\/0049879_161349-multis-ep-3-multi-purpose-grease-nlgi-3-1-x-15kg_350.jpeg","type":"image\/jpeg"}],"twitter_card":"summary_large_image","twitter_misc":{"Tiempo de lectura":"2 minutos"},"schema":{"@context":"https:\/\/schema.org","@graph":[{"@type":"WebPage","@id":"https:\/\/pldistribucion.com.ar\/web\/producto\/lunaria-fr\/","url":"https:\/\/pldistribucion.com.ar\/web\/producto\/lunaria-fr\/","name":"TOTAL LUNARIA FR - Perfomance Lube - Lubricantes","isPartOf":{"@id":"https:\/\/pldistribucion.com.ar\/web\/#website"},"primaryImageOfPage":{"@id":"https:\/\/pldistribucion.com.ar\/web\/producto\/lunaria-fr\/#primaryimage"},"image":{"@id":"https:\/\/pldistribucion.com.ar\/web\/producto\/lunaria-fr\/#primaryimage"},"thumbnailUrl":"https:\/\/pldistribucion.com.ar\/web\/wp-content\/uploads\/0049879_161349-multis-ep-3-multi-purpose-grease-nlgi-3-1-x-15kg_350.jpeg","datePublished":"2022-08-22T16:00:54+00:00","dateModified":"2022-08-25T13:07:04+00:00","description":"Distribuidor de lubricantes TOTAL de diferentes aplicaciones. Env\u00edos a todo el pa\u00eds. Variedad de productos y stock disponible.TOTAL LUNARIA FR","breadcrumb":{"@id":"https:\/\/pldistribucion.com.ar\/web\/producto\/lunaria-fr\/#breadcrumb"},"inLanguage":"es","potentialAction":[{"@type":"ReadAction","target":["https:\/\/pldistribucion.com.ar\/web\/producto\/lunaria-fr\/"]}]},{"@type":"ImageObject","inLanguage":"es","@id":"https:\/\/pldistribucion.com.ar\/web\/producto\/lunaria-fr\/#primaryimage","url":"https:\/\/pldistribucion.com.ar\/web\/wp-content\/uploads\/0049879_161349-multis-ep-3-multi-purpose-grease-nlgi-3-1-x-15kg_350.jpeg","contentUrl":"https:\/\/pldistribucion.com.ar\/web\/wp-content\/uploads\/0049879_161349-multis-ep-3-multi-purpose-grease-nlgi-3-1-x-15kg_350.jpeg","width":350,"height":350,"caption":"TOTAL NEVASTANE HTF"},{"@type":"BreadcrumbList","@id":"https:\/\/pldistribucion.com.ar\/web\/producto\/lunaria-fr\/#breadcrumb","itemListElement":[{"@type":"ListItem","position":1,"name":"Portada","item":"https:\/\/pldistribucion.com.ar\/web\/"},{"@type":"ListItem","position":2,"name":"Productos","item":"https:\/\/pldistribucion.com.ar\/web\/productos\/"},{"@type":"ListItem","position":3,"name":"TOTAL LUNARIA FR"}]},{"@type":"WebSite","@id":"https:\/\/pldistribucion.com.ar\/web\/#website","url":"https:\/\/pldistribucion.com.ar\/web\/","name":"Perfomance Lube","description":"","publisher":{"@id":"https:\/\/pldistribucion.com.ar\/web\/#organization"},"potentialAction":[{"@type":"SearchAction","target":{"@type":"EntryPoint","urlTemplate":"https:\/\/pldistribucion.com.ar\/web\/?s={search_term_string}"},"query-input":"required name=search_term_string"}],"inLanguage":"es"},{"@type":"Organization","@id":"https:\/\/pldistribucion.com.ar\/web\/#organization","name":"PERFORMANCE LUBE","url":"https:\/\/pldistribucion.com.ar\/web\/","logo":{"@type":"ImageObject","inLanguage":"es","@id":"https:\/\/pldistribucion.com.ar\/web\/#\/schema\/logo\/image\/","url":"https:\/\/pldistribucion.com.ar\/web\/wp-content\/uploads\/pld_logo_GB-removebg-preview.png","contentUrl":"https:\/\/pldistribucion.com.ar\/web\/wp-content\/uploads\/pld_logo_GB-removebg-preview.png","width":787,"height":317,"caption":"PERFORMANCE LUBE"},"image":{"@id":"https:\/\/pldistribucion.com.ar\/web\/#\/schema\/logo\/image\/"}}]}},"_links":{"self":[{"href":"https:\/\/pldistribucion.com.ar\/web\/wp-json\/wp\/v2\/product\/5113"}],"collection":[{"href":"https:\/\/pldistribucion.com.ar\/web\/wp-json\/wp\/v2\/product"}],"about":[{"href":"https:\/\/pldistribucion.com.ar\/web\/wp-json\/wp\/v2\/types\/product"}],"replies":[{"embeddable":true,"href":"https:\/\/pldistribucion.com.ar\/web\/wp-json\/wp\/v2\/comments?post=5113"}],"wp:featuredmedia":[{"embeddable":true,"href":"https:\/\/pldistribucion.com.ar\/web\/wp-json\/wp\/v2\/media\/5052"}],"wp:attachment":[{"href":"https:\/\/pldistribucion.com.ar\/web\/wp-json\/wp\/v2\/media?parent=5113"}],"wp:term":[{"taxonomy":"product_cat","embeddable":true,"href":"https:\/\/pldistribucion.com.ar\/web\/wp-json\/wp\/v2\/product_cat?post=5113"},{"taxonomy":"product_tag","embeddable":true,"href":"https:\/\/pldistribucion.com.ar\/web\/wp-json\/wp\/v2\/product_tag?post=5113"}],"curies":[{"name":"wp","href":"https:\/\/api.w.org\/{rel}","templated":true}]}}