{"id":5095,"date":"2022-08-18T14:36:32","date_gmt":"2022-08-18T14:36:32","guid":{"rendered":"https:\/\/pldistribucion.com.ar\/web\/?post_type=product&#038;p=5095"},"modified":"2022-08-18T14:36:32","modified_gmt":"2022-08-18T14:36:32","slug":"total-dacnis-100","status":"publish","type":"product","link":"https:\/\/pldistribucion.com.ar\/web\/producto\/total-dacnis-100\/","title":{"rendered":"TOTAL DACNIS 100"},"content":{"rendered":"<h1><span style=\"font-size: 80%;\"><strong>TOTAL DACNIS 100\u00a0<\/strong><\/span><\/h1>\n<h3><span style=\"font-size: 16.128px; background-color: #91dff2;\"><b>DESCRIPCI\u00d3N DEL PRODUCTO:<\/b><\/span><\/h3>\n<div id=\"wpcontent\">\n<div id=\"wpbody\" role=\"main\">\n<div id=\"wpbody-content\">\n<div class=\"clear\"><span style=\"color: #000000;\">TOTAL DACNIS 100\u00a0<\/span> <strong>\u27a2 <span style=\"color: #000080;\"><a style=\"color: #000080;\" href=\"https:\/\/pldistribucion.com.ar\/web\/wp-content\/uploads\/bbc-dacnis100-ficha.pdf\" target=\"_blank\" rel=\"noopener\">Ver ficha t\u00e9cnica<\/a><\/span><\/strong><\/div>\n<\/div>\n<\/div>\n<\/div>\n<div id=\"wpcontent\">\n<div>\n<h3><span style=\"font-size: 16.128px; background-color: #91dff2;\"><b>CARACTER\u00cdSTICAS:<\/b><\/span><\/h3>\n<p><span style=\"color: #000000;\">Est\u00e1 formulado usando un corte de aceite mineral de rango estrecho de destilaci\u00f3n y aditivos antioxidantes que aseguran la limpieza de v\u00e1lvulas, asientos de v\u00e1lvulas y evita la coquizaci\u00f3n en tuber\u00edas de condensaci\u00f3n y descarga.<\/span><br \/>\n<span style=\"color: #000000;\">\u2022 Las propiedades anticorrosivas de DACNIS P proveen protecci\u00f3n a la variedad de componentes met\u00e1licos expuestos a los efectos corrosivos del agua de condensaci\u00f3n.<\/span><br \/>\n<span style=\"color: #000000;\">\u2022 Permite una eficiencia m\u00e1xima del compresor y mantiene su performance original. <\/span><\/p>\n<\/div>\n<\/div>\n<div id=\"wpcontent\">\n<div id=\"wpbody\" role=\"main\">\n<div id=\"wpbody-content\">\n<h3><span style=\"font-size: 16.128px; background-color: #91dff2;\"><b>APLICACIONES:<\/b><\/span><\/h3>\n<p><span style=\"color: #000000;\">Lubricaci\u00f3n para todo tipo de compresores de aire reciprocantes alternativos \/ Lubricaci\u00f3n del cig\u00fce\u00f1al por carter \/ Lubricaci\u00f3n de los cilindros por circuitos separados.<\/span><\/p>\n<\/div>\n<div class=\"clear\">\n<hr \/>\n<\/div>\n<\/div>\n<\/div>\n<div><span style=\"color: #000080;\"><strong><a style=\"color: #000080;\" href=\"https:\/\/pldistribucion.com.ar\/web\/productos\/?filter_marcas=total\" target=\"_blank\" rel=\"noopener\">Ver m\u00e1s productos TOTAL<\/a><\/strong><\/span><\/div>\n<div><\/div>\n<div class=\"clear\"><span style=\"color: #000000;\">En el \u00e1rea lubricantes, Total tiene productos para todos los sectores. Lubricantes especiales para industrias de todos los ramos, veh\u00edculos livianos, pesados y motocicletas, equipos agr\u00edcolas y camineros, aviaci\u00f3n y barcos de todo tipo, pesqueros, de transporte o recreativos.<\/span><\/div>\n<div><\/div>\n<div><span style=\"color: #000080;\"><strong><a style=\"color: #000080;\" href=\"https:\/\/oilsuper.com.ec\/quienes-somos\/\" target=\"_blank\" rel=\"noopener\">Conoce m\u00e1s sobre TOTAL<\/a><\/strong><\/span><\/div>\n","protected":false},"excerpt":{"rendered":"<p>&nbsp;<\/p>\n<p><img loading=\"lazy\" decoding=\"async\" class=\"alignnone wp-image-5035\" src=\"https:\/\/pldistribucion.com.ar\/web\/wp-content\/uploads\/total-logo-300x94.png\" alt=\"\" width=\"246\" height=\"77\" srcset=\"https:\/\/pldistribucion.com.ar\/web\/wp-content\/uploads\/total-logo-300x94.png 300w, https:\/\/pldistribucion.com.ar\/web\/wp-content\/uploads\/total-logo-1024x322.png 1024w, https:\/\/pldistribucion.com.ar\/web\/wp-content\/uploads\/total-logo-768x241.png 768w, https:\/\/pldistribucion.com.ar\/web\/wp-content\/uploads\/total-logo-1536x483.png 1536w, https:\/\/pldistribucion.com.ar\/web\/wp-content\/uploads\/total-logo-2048x644.png 2048w, https:\/\/pldistribucion.com.ar\/web\/wp-content\/uploads\/total-logo-600x189.png 600w\" sizes=\"(max-width: 246px) 100vw, 246px\" \/><\/p>\n<p><span style=\"color: #000000;\">TOTAL tiene productos para todos los sectores. Lubricantes especiales para industrias de todos los ramos, veh\u00edculos livianos, pesados y motocicletas, equipos agr\u00edcolas y camineros, aviaci\u00f3n y barcos de todo tipo, pesqueros, de transporte o recreativos.<\/span><\/p>\n","protected":false},"featured_media":5066,"comment_status":"open","ping_status":"closed","template":"","meta":[],"product_cat":[16,34],"product_tag":[],"yoast_head":"<!-- This site is optimized with the Yoast SEO plugin v23.0 - https:\/\/yoast.com\/wordpress\/plugins\/seo\/ -->\n<title>TOTAL DACNIS 100 - Perfomance Lube - Lubricantes<\/title>\n<meta name=\"description\" content=\"Distribuidor de lubricantes TOTAL de diferentes aplicaciones. Env\u00edos a todo el pa\u00eds. Variedad de productos y stock disponible.\" \/>\n<meta name=\"robots\" content=\"index, follow, max-snippet:-1, max-image-preview:large, max-video-preview:-1\" \/>\n<link rel=\"canonical\" href=\"https:\/\/pldistribucion.com.ar\/web\/producto\/total-dacnis-100\/\" \/>\n<meta property=\"og:locale\" content=\"es_ES\" \/>\n<meta property=\"og:type\" content=\"article\" \/>\n<meta property=\"og:title\" content=\"TOTAL DACNIS 100 - Perfomance Lube - Lubricantes\" \/>\n<meta property=\"og:description\" content=\"Distribuidor de lubricantes TOTAL de diferentes aplicaciones. Env\u00edos a todo el pa\u00eds. Variedad de productos y stock disponible.\" \/>\n<meta property=\"og:url\" content=\"https:\/\/pldistribucion.com.ar\/web\/producto\/total-dacnis-100\/\" \/>\n<meta property=\"og:site_name\" content=\"Perfomance Lube\" \/>\n<meta property=\"og:image\" content=\"https:\/\/pldistribucion.com.ar\/web\/wp-content\/uploads\/TAMBOR-TOTAL.png\" \/>\n\t<meta property=\"og:image:width\" content=\"540\" \/>\n\t<meta property=\"og:image:height\" content=\"660\" \/>\n\t<meta property=\"og:image:type\" content=\"image\/png\" \/>\n<meta name=\"twitter:card\" content=\"summary_large_image\" \/>\n<meta name=\"twitter:label1\" content=\"Tiempo de lectura\" \/>\n\t<meta name=\"twitter:data1\" content=\"1 minuto\" \/>\n<script type=\"application\/ld+json\" class=\"yoast-schema-graph\">{\"@context\":\"https:\/\/schema.org\",\"@graph\":[{\"@type\":\"WebPage\",\"@id\":\"https:\/\/pldistribucion.com.ar\/web\/producto\/total-dacnis-100\/\",\"url\":\"https:\/\/pldistribucion.com.ar\/web\/producto\/total-dacnis-100\/\",\"name\":\"TOTAL DACNIS 100 - Perfomance Lube - Lubricantes\",\"isPartOf\":{\"@id\":\"https:\/\/pldistribucion.com.ar\/web\/#website\"},\"primaryImageOfPage\":{\"@id\":\"https:\/\/pldistribucion.com.ar\/web\/producto\/total-dacnis-100\/#primaryimage\"},\"image\":{\"@id\":\"https:\/\/pldistribucion.com.ar\/web\/producto\/total-dacnis-100\/#primaryimage\"},\"thumbnailUrl\":\"https:\/\/pldistribucion.com.ar\/web\/wp-content\/uploads\/TAMBOR-TOTAL.png\",\"datePublished\":\"2022-08-18T14:36:32+00:00\",\"dateModified\":\"2022-08-18T14:36:32+00:00\",\"description\":\"Distribuidor de lubricantes TOTAL de diferentes aplicaciones. Env\u00edos a todo el pa\u00eds. Variedad de productos y stock disponible.\",\"breadcrumb\":{\"@id\":\"https:\/\/pldistribucion.com.ar\/web\/producto\/total-dacnis-100\/#breadcrumb\"},\"inLanguage\":\"es\",\"potentialAction\":[{\"@type\":\"ReadAction\",\"target\":[\"https:\/\/pldistribucion.com.ar\/web\/producto\/total-dacnis-100\/\"]}]},{\"@type\":\"ImageObject\",\"inLanguage\":\"es\",\"@id\":\"https:\/\/pldistribucion.com.ar\/web\/producto\/total-dacnis-100\/#primaryimage\",\"url\":\"https:\/\/pldistribucion.com.ar\/web\/wp-content\/uploads\/TAMBOR-TOTAL.png\",\"contentUrl\":\"https:\/\/pldistribucion.com.ar\/web\/wp-content\/uploads\/TAMBOR-TOTAL.png\",\"width\":540,\"height\":660,\"caption\":\"TOTAL DACNIS 100\"},{\"@type\":\"BreadcrumbList\",\"@id\":\"https:\/\/pldistribucion.com.ar\/web\/producto\/total-dacnis-100\/#breadcrumb\",\"itemListElement\":[{\"@type\":\"ListItem\",\"position\":1,\"name\":\"Portada\",\"item\":\"https:\/\/pldistribucion.com.ar\/web\/\"},{\"@type\":\"ListItem\",\"position\":2,\"name\":\"Productos\",\"item\":\"https:\/\/pldistribucion.com.ar\/web\/productos\/\"},{\"@type\":\"ListItem\",\"position\":3,\"name\":\"TOTAL DACNIS 100\"}]},{\"@type\":\"WebSite\",\"@id\":\"https:\/\/pldistribucion.com.ar\/web\/#website\",\"url\":\"https:\/\/pldistribucion.com.ar\/web\/\",\"name\":\"Perfomance Lube\",\"description\":\"\",\"publisher\":{\"@id\":\"https:\/\/pldistribucion.com.ar\/web\/#organization\"},\"potentialAction\":[{\"@type\":\"SearchAction\",\"target\":{\"@type\":\"EntryPoint\",\"urlTemplate\":\"https:\/\/pldistribucion.com.ar\/web\/?s={search_term_string}\"},\"query-input\":\"required name=search_term_string\"}],\"inLanguage\":\"es\"},{\"@type\":\"Organization\",\"@id\":\"https:\/\/pldistribucion.com.ar\/web\/#organization\",\"name\":\"PERFORMANCE LUBE\",\"url\":\"https:\/\/pldistribucion.com.ar\/web\/\",\"logo\":{\"@type\":\"ImageObject\",\"inLanguage\":\"es\",\"@id\":\"https:\/\/pldistribucion.com.ar\/web\/#\/schema\/logo\/image\/\",\"url\":\"https:\/\/pldistribucion.com.ar\/web\/wp-content\/uploads\/pld_logo_GB-removebg-preview.png\",\"contentUrl\":\"https:\/\/pldistribucion.com.ar\/web\/wp-content\/uploads\/pld_logo_GB-removebg-preview.png\",\"width\":787,\"height\":317,\"caption\":\"PERFORMANCE LUBE\"},\"image\":{\"@id\":\"https:\/\/pldistribucion.com.ar\/web\/#\/schema\/logo\/image\/\"}}]}<\/script>\n<!-- \/ Yoast SEO plugin. -->","yoast_head_json":{"title":"TOTAL DACNIS 100 - Perfomance Lube - Lubricantes","description":"Distribuidor de lubricantes TOTAL de diferentes aplicaciones. Env\u00edos a todo el pa\u00eds. Variedad de productos y stock disponible.","robots":{"index":"index","follow":"follow","max-snippet":"max-snippet:-1","max-image-preview":"max-image-preview:large","max-video-preview":"max-video-preview:-1"},"canonical":"https:\/\/pldistribucion.com.ar\/web\/producto\/total-dacnis-100\/","og_locale":"es_ES","og_type":"article","og_title":"TOTAL DACNIS 100 - Perfomance Lube - Lubricantes","og_description":"Distribuidor de lubricantes TOTAL de diferentes aplicaciones. Env\u00edos a todo el pa\u00eds. Variedad de productos y stock disponible.","og_url":"https:\/\/pldistribucion.com.ar\/web\/producto\/total-dacnis-100\/","og_site_name":"Perfomance Lube","og_image":[{"width":540,"height":660,"url":"https:\/\/pldistribucion.com.ar\/web\/wp-content\/uploads\/TAMBOR-TOTAL.png","type":"image\/png"}],"twitter_card":"summary_large_image","twitter_misc":{"Tiempo de lectura":"1 minuto"},"schema":{"@context":"https:\/\/schema.org","@graph":[{"@type":"WebPage","@id":"https:\/\/pldistribucion.com.ar\/web\/producto\/total-dacnis-100\/","url":"https:\/\/pldistribucion.com.ar\/web\/producto\/total-dacnis-100\/","name":"TOTAL DACNIS 100 - Perfomance Lube - Lubricantes","isPartOf":{"@id":"https:\/\/pldistribucion.com.ar\/web\/#website"},"primaryImageOfPage":{"@id":"https:\/\/pldistribucion.com.ar\/web\/producto\/total-dacnis-100\/#primaryimage"},"image":{"@id":"https:\/\/pldistribucion.com.ar\/web\/producto\/total-dacnis-100\/#primaryimage"},"thumbnailUrl":"https:\/\/pldistribucion.com.ar\/web\/wp-content\/uploads\/TAMBOR-TOTAL.png","datePublished":"2022-08-18T14:36:32+00:00","dateModified":"2022-08-18T14:36:32+00:00","description":"Distribuidor de lubricantes TOTAL de diferentes aplicaciones. Env\u00edos a todo el pa\u00eds. Variedad de productos y stock disponible.","breadcrumb":{"@id":"https:\/\/pldistribucion.com.ar\/web\/producto\/total-dacnis-100\/#breadcrumb"},"inLanguage":"es","potentialAction":[{"@type":"ReadAction","target":["https:\/\/pldistribucion.com.ar\/web\/producto\/total-dacnis-100\/"]}]},{"@type":"ImageObject","inLanguage":"es","@id":"https:\/\/pldistribucion.com.ar\/web\/producto\/total-dacnis-100\/#primaryimage","url":"https:\/\/pldistribucion.com.ar\/web\/wp-content\/uploads\/TAMBOR-TOTAL.png","contentUrl":"https:\/\/pldistribucion.com.ar\/web\/wp-content\/uploads\/TAMBOR-TOTAL.png","width":540,"height":660,"caption":"TOTAL DACNIS 100"},{"@type":"BreadcrumbList","@id":"https:\/\/pldistribucion.com.ar\/web\/producto\/total-dacnis-100\/#breadcrumb","itemListElement":[{"@type":"ListItem","position":1,"name":"Portada","item":"https:\/\/pldistribucion.com.ar\/web\/"},{"@type":"ListItem","position":2,"name":"Productos","item":"https:\/\/pldistribucion.com.ar\/web\/productos\/"},{"@type":"ListItem","position":3,"name":"TOTAL DACNIS 100"}]},{"@type":"WebSite","@id":"https:\/\/pldistribucion.com.ar\/web\/#website","url":"https:\/\/pldistribucion.com.ar\/web\/","name":"Perfomance Lube","description":"","publisher":{"@id":"https:\/\/pldistribucion.com.ar\/web\/#organization"},"potentialAction":[{"@type":"SearchAction","target":{"@type":"EntryPoint","urlTemplate":"https:\/\/pldistribucion.com.ar\/web\/?s={search_term_string}"},"query-input":"required name=search_term_string"}],"inLanguage":"es"},{"@type":"Organization","@id":"https:\/\/pldistribucion.com.ar\/web\/#organization","name":"PERFORMANCE LUBE","url":"https:\/\/pldistribucion.com.ar\/web\/","logo":{"@type":"ImageObject","inLanguage":"es","@id":"https:\/\/pldistribucion.com.ar\/web\/#\/schema\/logo\/image\/","url":"https:\/\/pldistribucion.com.ar\/web\/wp-content\/uploads\/pld_logo_GB-removebg-preview.png","contentUrl":"https:\/\/pldistribucion.com.ar\/web\/wp-content\/uploads\/pld_logo_GB-removebg-preview.png","width":787,"height":317,"caption":"PERFORMANCE LUBE"},"image":{"@id":"https:\/\/pldistribucion.com.ar\/web\/#\/schema\/logo\/image\/"}}]}},"_links":{"self":[{"href":"https:\/\/pldistribucion.com.ar\/web\/wp-json\/wp\/v2\/product\/5095"}],"collection":[{"href":"https:\/\/pldistribucion.com.ar\/web\/wp-json\/wp\/v2\/product"}],"about":[{"href":"https:\/\/pldistribucion.com.ar\/web\/wp-json\/wp\/v2\/types\/product"}],"replies":[{"embeddable":true,"href":"https:\/\/pldistribucion.com.ar\/web\/wp-json\/wp\/v2\/comments?post=5095"}],"wp:featuredmedia":[{"embeddable":true,"href":"https:\/\/pldistribucion.com.ar\/web\/wp-json\/wp\/v2\/media\/5066"}],"wp:attachment":[{"href":"https:\/\/pldistribucion.com.ar\/web\/wp-json\/wp\/v2\/media?parent=5095"}],"wp:term":[{"taxonomy":"product_cat","embeddable":true,"href":"https:\/\/pldistribucion.com.ar\/web\/wp-json\/wp\/v2\/product_cat?post=5095"},{"taxonomy":"product_tag","embeddable":true,"href":"https:\/\/pldistribucion.com.ar\/web\/wp-json\/wp\/v2\/product_tag?post=5095"}],"curies":[{"name":"wp","href":"https:\/\/api.w.org\/{rel}","templated":true}]}}